{"id":20074,"date":"2025-10-29T17:10:47","date_gmt":"2025-10-29T15:10:47","guid":{"rendered":"https:\/\/gymfactory.eu\/galerija-2\/"},"modified":"2025-12-05T07:54:07","modified_gmt":"2025-12-05T05:54:07","slug":"galerija","status":"publish","type":"page","link":"https:\/\/gymfactory.eu\/lt\/galerija\/","title":{"rendered":"Galerija"},"content":{"rendered":"\t\t<div data-elementor-type=\"wp-page\" data-elementor-id=\"20074\" class=\"elementor elementor-20074 elementor-13801\" data-elementor-post-type=\"page\">\n\t\t\t\t<div class=\"elementor-element elementor-element-05221b9 e-flex e-con-boxed e-con e-parent\" data-id=\"05221b9\" data-element_type=\"container\">\n\t\t\t\t\t<div class=\"e-con-inner\">\n\t\t<div class=\"elementor-element elementor-element-1860d88 e-con-full e-flex e-con e-child\" data-id=\"1860d88\" data-element_type=\"container\">\n\t\t\t\t<div class=\"elementor-element elementor-element-d520bd9 elementor-widget elementor-widget-woocommerce-breadcrumb\" data-id=\"d520bd9\" data-element_type=\"widget\" data-widget_type=\"woocommerce-breadcrumb.default\">\n\t\t\t\t<div class=\"elementor-widget-container\">\n\t\t\t\t\t<nav class=\"woocommerce-breadcrumb\" aria-label=\"Breadcrumb\">Prad\u017eia<\/nav>\t\t\t\t<\/div>\n\t\t\t\t<\/div>\n\t\t\t\t<div class=\"elementor-element elementor-element-3749b3f elementor-widget elementor-widget-heading\" data-id=\"3749b3f\" data-element_type=\"widget\" data-widget_type=\"heading.default\">\n\t\t\t\t<div class=\"elementor-widget-container\">\n\t\t\t\t\t<h1 class=\"elementor-heading-title elementor-size-default\">Galerija<\/h1>\t\t\t\t<\/div>\n\t\t\t\t<\/div>\n\t\t\t\t<\/div>\n\t\t\t\t\t<\/div>\n\t\t\t\t<\/div>\n\t\t<div class=\"elementor-element elementor-element-d5b73df e-flex e-con-boxed e-con e-parent\" data-id=\"d5b73df\" data-element_type=\"container\">\n\t\t\t\t\t<div class=\"e-con-inner\">\n\t\t<a class=\"elementor-element elementor-element-9e6b8bf e-con-full e-flex e-con e-child\" data-id=\"9e6b8bf\" data-element_type=\"container\" href=\"https:\/\/gymfactory.eu\/gallery\/gallery-of-production\/\">\n\t\t\t\t<div class=\"elementor-element elementor-element-a7376b1 elementor-widget elementor-widget-heading\" data-id=\"a7376b1\" data-element_type=\"widget\" data-widget_type=\"heading.default\">\n\t\t\t\t<div class=\"elementor-widget-container\">\n\t\t\t\t\t<h2 class=\"elementor-heading-title elementor-size-default\">GAMYBA<\/h2>\t\t\t\t<\/div>\n\t\t\t\t<\/div>\n\t\t\t\t<\/a>\n\t\t<a class=\"elementor-element elementor-element-af847ab e-con-full e-flex e-con e-child\" data-id=\"af847ab\" data-element_type=\"container\" href=\"https:\/\/gymfactory.eu\/gallery\/gallery-of-gyms\/\">\n\t\t\t\t<div class=\"elementor-element elementor-element-25ec4bb elementor-widget elementor-widget-heading\" data-id=\"25ec4bb\" data-element_type=\"widget\" data-widget_type=\"heading.default\">\n\t\t\t\t<div class=\"elementor-widget-container\">\n\t\t\t\t\t<h2 class=\"elementor-heading-title elementor-size-default\">SPORTO KLUBAI<\/h2>\t\t\t\t<\/div>\n\t\t\t\t<\/div>\n\t\t\t\t<\/a>\n\t\t<a class=\"elementor-element elementor-element-8d92aff e-con-full e-flex e-con e-child\" data-id=\"8d92aff\" data-element_type=\"container\" href=\"https:\/\/gymfactory.eu\/gallery\/gallery-of-videos\/\">\n\t\t\t\t<div class=\"elementor-element elementor-element-986c708 elementor-widget elementor-widget-heading\" data-id=\"986c708\" data-element_type=\"widget\" data-widget_type=\"heading.default\">\n\t\t\t\t<div class=\"elementor-widget-container\">\n\t\t\t\t\t<h2 class=\"elementor-heading-title elementor-size-default\">VAIZDO \u012eRA\u0160AI<\/h2>\t\t\t\t<\/div>\n\t\t\t\t<\/div>\n\t\t\t\t<\/a>\n\t\t<a class=\"elementor-element elementor-element-c0ec155 e-con-full e-flex e-con e-child\" data-id=\"c0ec155\" data-element_type=\"container\" href=\"https:\/\/gymfactory.eu\/gallery-of-clients\/\">\n\t\t\t\t<div class=\"elementor-element elementor-element-29ca057 elementor-widget elementor-widget-heading\" data-id=\"29ca057\" data-element_type=\"widget\" data-widget_type=\"heading.default\">\n\t\t\t\t<div class=\"elementor-widget-container\">\n\t\t\t\t\t<h2 class=\"elementor-heading-title elementor-size-default\">KLIENTAI<\/h2>\t\t\t\t<\/div>\n\t\t\t\t<\/div>\n\t\t\t\t<\/a>\n\t\t\t\t\t<\/div>\n\t\t\t\t<\/div>\n\t\t\t\t<\/div>\n\t\t\n    <div class=\"xs_social_share_widget xs_share_url after_content \t\tmain_content  wslu-style-1 wslu-share-box-shaped wslu-fill-colored wslu-none wslu-share-horizontal wslu-theme-font-no wslu-main_content\">\n\n\t\t\n        <ul>\n\t\t\t        <\/ul>\n    <\/div> \n","protected":false},"excerpt":{"rendered":"<p>GAMYBA SPORTO KLUBAI VAIZDO \u012eRA\u0160AI KLIENTAI<\/p>\n","protected":false},"author":1,"featured_media":0,"parent":0,"menu_order":0,"comment_status":"closed","ping_status":"closed","template":"","meta":{"_acf_changed":false,"footnotes":""},"class_list":["post-20074","page","type-page","status-publish","hentry"],"acf":[],"yoast_head":"<!-- This site is optimized with the Yoast SEO plugin v25.2 - https:\/\/yoast.com\/wordpress\/plugins\/seo\/ -->\n<title>Treniruokli\u0173 galerija \u2013 pamatykite m\u016bs\u0173 \u012frang\u0105 veikime<\/title>\n<meta name=\"description\" content=\"Per\u017ei\u016br\u0117kite m\u016bs\u0173 treniruoklius, blokinius treniruoklius, stovus ir daugiau galerijoje. Pamatykite juos veikime ir raskite tai, kas geriausiai tiks j\u016bs\u0173 sporto klubui.\" \/>\n<meta name=\"robots\" content=\"index, follow, max-snippet:-1, max-image-preview:large, max-video-preview:-1\" \/>\n<link rel=\"canonical\" href=\"https:\/\/gymfactory.eu\/lt\/galerija\/\" \/>\n<meta property=\"og:locale\" content=\"lt_LT\" \/>\n<meta property=\"og:type\" content=\"article\" \/>\n<meta property=\"og:title\" content=\"Treniruokli\u0173 galerija \u2013 pamatykite m\u016bs\u0173 \u012frang\u0105 veikime\" \/>\n<meta property=\"og:description\" content=\"Per\u017ei\u016br\u0117kite m\u016bs\u0173 treniruoklius, blokinius treniruoklius, stovus ir daugiau galerijoje. Pamatykite juos veikime ir raskite tai, kas geriausiai tiks j\u016bs\u0173 sporto klubui.\" \/>\n<meta property=\"og:url\" content=\"https:\/\/gymfactory.eu\/lt\/galerija\/\" \/>\n<meta property=\"og:site_name\" content=\"Gym Factory\" \/>\n<meta property=\"article:modified_time\" content=\"2025-12-05T05:54:07+00:00\" \/>\n<meta name=\"twitter:card\" content=\"summary_large_image\" \/>\n<meta name=\"twitter:label1\" content=\"Est. reading time\" \/>\n\t<meta name=\"twitter:data1\" content=\"1 minut\u0117\" \/>\n<script type=\"application\/ld+json\" class=\"yoast-schema-graph\">{\"@context\":\"https:\/\/schema.org\",\"@graph\":[{\"@type\":\"WebPage\",\"@id\":\"https:\/\/gymfactory.eu\/lt\/galerija\/\",\"url\":\"https:\/\/gymfactory.eu\/lt\/galerija\/\",\"name\":\"Treniruokli\u0173 galerija \u2013 pamatykite m\u016bs\u0173 \u012frang\u0105 veikime\",\"isPartOf\":{\"@id\":\"https:\/\/gymfactory.eu\/lt\/#website\"},\"datePublished\":\"2025-10-29T15:10:47+00:00\",\"dateModified\":\"2025-12-05T05:54:07+00:00\",\"description\":\"Per\u017ei\u016br\u0117kite m\u016bs\u0173 treniruoklius, blokinius treniruoklius, stovus ir daugiau galerijoje. Pamatykite juos veikime ir raskite tai, kas geriausiai tiks j\u016bs\u0173 sporto klubui.\",\"breadcrumb\":{\"@id\":\"https:\/\/gymfactory.eu\/lt\/galerija\/#breadcrumb\"},\"inLanguage\":\"lt-LT\",\"potentialAction\":[{\"@type\":\"ReadAction\",\"target\":[\"https:\/\/gymfactory.eu\/lt\/galerija\/\"]}]},{\"@type\":\"BreadcrumbList\",\"@id\":\"https:\/\/gymfactory.eu\/lt\/galerija\/#breadcrumb\",\"itemListElement\":[{\"@type\":\"ListItem\",\"position\":1,\"name\":\"Pagrindinis\",\"item\":\"https:\/\/gymfactory.eu\/lt\/\"},{\"@type\":\"ListItem\",\"position\":2,\"name\":\"Galerija\"}]},{\"@type\":\"WebSite\",\"@id\":\"https:\/\/gymfactory.eu\/lt\/#website\",\"url\":\"https:\/\/gymfactory.eu\/lt\/\",\"name\":\"Gym Factory\",\"description\":\"\",\"publisher\":{\"@id\":\"https:\/\/gymfactory.eu\/lt\/#organization\"},\"potentialAction\":[{\"@type\":\"SearchAction\",\"target\":{\"@type\":\"EntryPoint\",\"urlTemplate\":\"https:\/\/gymfactory.eu\/lt\/?s={search_term_string}\"},\"query-input\":{\"@type\":\"PropertyValueSpecification\",\"valueRequired\":true,\"valueName\":\"search_term_string\"}}],\"inLanguage\":\"lt-LT\"},{\"@type\":\"Organization\",\"@id\":\"https:\/\/gymfactory.eu\/lt\/#organization\",\"name\":\"Sporto sal\u0117s gamykla\",\"url\":\"https:\/\/gymfactory.eu\/lt\/\",\"logo\":{\"@type\":\"ImageObject\",\"inLanguage\":\"lt-LT\",\"@id\":\"https:\/\/gymfactory.eu\/lt\/#\/schema\/logo\/image\/\",\"url\":\"https:\/\/gymfactory.eu\/wp-content\/uploads\/2024\/11\/Component-1.svg\",\"contentUrl\":\"https:\/\/gymfactory.eu\/wp-content\/uploads\/2024\/11\/Component-1.svg\",\"width\":54,\"height\":44,\"caption\":\"Sporto sal\u0117s gamykla\"},\"image\":{\"@id\":\"https:\/\/gymfactory.eu\/lt\/#\/schema\/logo\/image\/\"}}]}<\/script>\n<!-- \/ Yoast SEO plugin. -->","yoast_head_json":{"title":"Treniruokli\u0173 galerija \u2013 pamatykite m\u016bs\u0173 \u012frang\u0105 veikime","description":"Per\u017ei\u016br\u0117kite m\u016bs\u0173 treniruoklius, blokinius treniruoklius, stovus ir daugiau galerijoje. Pamatykite juos veikime ir raskite tai, kas geriausiai tiks j\u016bs\u0173 sporto klubui.","robots":{"index":"index","follow":"follow","max-snippet":"max-snippet:-1","max-image-preview":"max-image-preview:large","max-video-preview":"max-video-preview:-1"},"canonical":"https:\/\/gymfactory.eu\/lt\/galerija\/","og_locale":"lt_LT","og_type":"article","og_title":"Treniruokli\u0173 galerija \u2013 pamatykite m\u016bs\u0173 \u012frang\u0105 veikime","og_description":"Per\u017ei\u016br\u0117kite m\u016bs\u0173 treniruoklius, blokinius treniruoklius, stovus ir daugiau galerijoje. Pamatykite juos veikime ir raskite tai, kas geriausiai tiks j\u016bs\u0173 sporto klubui.","og_url":"https:\/\/gymfactory.eu\/lt\/galerija\/","og_site_name":"Gym Factory","article_modified_time":"2025-12-05T05:54:07+00:00","twitter_card":"summary_large_image","twitter_misc":{"Est. reading time":"1 minut\u0117"},"schema":{"@context":"https:\/\/schema.org","@graph":[{"@type":"WebPage","@id":"https:\/\/gymfactory.eu\/lt\/galerija\/","url":"https:\/\/gymfactory.eu\/lt\/galerija\/","name":"Treniruokli\u0173 galerija \u2013 pamatykite m\u016bs\u0173 \u012frang\u0105 veikime","isPartOf":{"@id":"https:\/\/gymfactory.eu\/lt\/#website"},"datePublished":"2025-10-29T15:10:47+00:00","dateModified":"2025-12-05T05:54:07+00:00","description":"Per\u017ei\u016br\u0117kite m\u016bs\u0173 treniruoklius, blokinius treniruoklius, stovus ir daugiau galerijoje. Pamatykite juos veikime ir raskite tai, kas geriausiai tiks j\u016bs\u0173 sporto klubui.","breadcrumb":{"@id":"https:\/\/gymfactory.eu\/lt\/galerija\/#breadcrumb"},"inLanguage":"lt-LT","potentialAction":[{"@type":"ReadAction","target":["https:\/\/gymfactory.eu\/lt\/galerija\/"]}]},{"@type":"BreadcrumbList","@id":"https:\/\/gymfactory.eu\/lt\/galerija\/#breadcrumb","itemListElement":[{"@type":"ListItem","position":1,"name":"Pagrindinis","item":"https:\/\/gymfactory.eu\/lt\/"},{"@type":"ListItem","position":2,"name":"Galerija"}]},{"@type":"WebSite","@id":"https:\/\/gymfactory.eu\/lt\/#website","url":"https:\/\/gymfactory.eu\/lt\/","name":"Gym Factory","description":"","publisher":{"@id":"https:\/\/gymfactory.eu\/lt\/#organization"},"potentialAction":[{"@type":"SearchAction","target":{"@type":"EntryPoint","urlTemplate":"https:\/\/gymfactory.eu\/lt\/?s={search_term_string}"},"query-input":{"@type":"PropertyValueSpecification","valueRequired":true,"valueName":"search_term_string"}}],"inLanguage":"lt-LT"},{"@type":"Organization","@id":"https:\/\/gymfactory.eu\/lt\/#organization","name":"Sporto sal\u0117s gamykla","url":"https:\/\/gymfactory.eu\/lt\/","logo":{"@type":"ImageObject","inLanguage":"lt-LT","@id":"https:\/\/gymfactory.eu\/lt\/#\/schema\/logo\/image\/","url":"https:\/\/gymfactory.eu\/wp-content\/uploads\/2024\/11\/Component-1.svg","contentUrl":"https:\/\/gymfactory.eu\/wp-content\/uploads\/2024\/11\/Component-1.svg","width":54,"height":44,"caption":"Sporto sal\u0117s gamykla"},"image":{"@id":"https:\/\/gymfactory.eu\/lt\/#\/schema\/logo\/image\/"}}]}},"_links":{"self":[{"href":"https:\/\/gymfactory.eu\/lt\/wp-json\/wp\/v2\/pages\/20074","targetHints":{"allow":["GET"]}}],"collection":[{"href":"https:\/\/gymfactory.eu\/lt\/wp-json\/wp\/v2\/pages"}],"about":[{"href":"https:\/\/gymfactory.eu\/lt\/wp-json\/wp\/v2\/types\/page"}],"author":[{"embeddable":true,"href":"https:\/\/gymfactory.eu\/lt\/wp-json\/wp\/v2\/users\/1"}],"replies":[{"embeddable":true,"href":"https:\/\/gymfactory.eu\/lt\/wp-json\/wp\/v2\/comments?post=20074"}],"version-history":[{"count":7,"href":"https:\/\/gymfactory.eu\/lt\/wp-json\/wp\/v2\/pages\/20074\/revisions"}],"predecessor-version":[{"id":23463,"href":"https:\/\/gymfactory.eu\/lt\/wp-json\/wp\/v2\/pages\/20074\/revisions\/23463"}],"wp:attachment":[{"href":"https:\/\/gymfactory.eu\/lt\/wp-json\/wp\/v2\/media?parent=20074"}],"curies":[{"name":"wp","href":"https:\/\/api.w.org\/{rel}","templated":true}]}}