{"id":20072,"date":"2025-11-07T05:02:59","date_gmt":"2025-11-07T03:02:59","guid":{"rendered":"https:\/\/gymfactory.eu\/sporto-klubu-galerija\/"},"modified":"2025-11-19T02:29:40","modified_gmt":"2025-11-19T00:29:40","slug":"sporto-klubu-galerija","status":"publish","type":"page","link":"https:\/\/gymfactory.eu\/lt\/galerija\/sporto-klubu-galerija\/","title":{"rendered":"Sporto klub\u0173 galerija"},"content":{"rendered":"\t\t<div data-elementor-type=\"wp-page\" data-elementor-id=\"20072\" class=\"elementor elementor-20072 elementor-17059\" data-elementor-post-type=\"page\">\n\t\t\t\t<div class=\"elementor-element elementor-element-05221b9 e-flex e-con-boxed e-con e-parent\" data-id=\"05221b9\" data-element_type=\"container\">\n\t\t\t\t\t<div class=\"e-con-inner\">\n\t\t<div class=\"elementor-element elementor-element-1860d88 e-con-full e-flex e-con e-child\" data-id=\"1860d88\" data-element_type=\"container\">\n\t\t\t\t<div class=\"elementor-element elementor-element-d520bd9 elementor-widget elementor-widget-woocommerce-breadcrumb\" data-id=\"d520bd9\" data-element_type=\"widget\" data-widget_type=\"woocommerce-breadcrumb.default\">\n\t\t\t\t<div class=\"elementor-widget-container\">\n\t\t\t\t\t<nav class=\"woocommerce-breadcrumb\" aria-label=\"Breadcrumb\">Prad\u017eia<\/nav>\t\t\t\t<\/div>\n\t\t\t\t<\/div>\n\t\t\t\t<div class=\"elementor-element elementor-element-3749b3f elementor-widget elementor-widget-heading\" data-id=\"3749b3f\" data-element_type=\"widget\" data-widget_type=\"heading.default\">\n\t\t\t\t<div class=\"elementor-widget-container\">\n\t\t\t\t\t<h1 class=\"elementor-heading-title elementor-size-default\">Sporto klub\u0173 galerija<\/h1>\t\t\t\t<\/div>\n\t\t\t\t<\/div>\n\t\t\t\t<\/div>\n\t\t\t\t\t<\/div>\n\t\t\t\t<\/div>\n\t\t<div class=\"elementor-element elementor-element-d5b73df e-grid gallery-gyms e-con-boxed e-con e-parent\" data-id=\"d5b73df\" data-element_type=\"container\">\n\t\t\t\t\t<div class=\"e-con-inner\">\n\t\t<a class=\"elementor-element elementor-element-323d586 e-con-full e-flex e-con e-child\" data-id=\"323d586\" data-element_type=\"container\" href=\"https:\/\/gymfactory.eu\/gallery\/gallery-of-gyms\/gyms-in-austria\/\">\n\t\t\t\t<div class=\"elementor-element elementor-element-4aae060 elementor-widget elementor-widget-heading\" data-id=\"4aae060\" data-element_type=\"widget\" data-widget_type=\"heading.default\">\n\t\t\t\t<div class=\"elementor-widget-container\">\n\t\t\t\t\t<h2 class=\"elementor-heading-title elementor-size-default\">AUSTRIJA<\/h2>\t\t\t\t<\/div>\n\t\t\t\t<\/div>\n\t\t\t\t<\/a>\n\t\t<a class=\"elementor-element elementor-element-b58fc5a e-con-full e-flex e-con e-child\" data-id=\"b58fc5a\" data-element_type=\"container\" href=\"https:\/\/gymfactory.eu\/gallery\/gallery-of-gyms\/gyms-in-denmark\/\">\n\t\t\t\t<div class=\"elementor-element elementor-element-3d6a510 elementor-widget elementor-widget-heading\" data-id=\"3d6a510\" data-element_type=\"widget\" data-widget_type=\"heading.default\">\n\t\t\t\t<div class=\"elementor-widget-container\">\n\t\t\t\t\t<h2 class=\"elementor-heading-title elementor-size-default\">DANIJA<\/h2>\t\t\t\t<\/div>\n\t\t\t\t<\/div>\n\t\t\t\t<\/a>\n\t\t<a class=\"elementor-element elementor-element-6b1cb33 e-con-full e-flex e-con e-child\" data-id=\"6b1cb33\" data-element_type=\"container\" href=\"https:\/\/gymfactory.eu\/gallery\/gallery-of-gyms\/gyms-in-england\/\">\n\t\t\t\t<div class=\"elementor-element elementor-element-9a934d8 elementor-widget elementor-widget-heading\" data-id=\"9a934d8\" data-element_type=\"widget\" data-widget_type=\"heading.default\">\n\t\t\t\t<div class=\"elementor-widget-container\">\n\t\t\t\t\t<h2 class=\"elementor-heading-title elementor-size-default\">ANGLIJA<\/h2>\t\t\t\t<\/div>\n\t\t\t\t<\/div>\n\t\t\t\t<\/a>\n\t\t<a class=\"elementor-element elementor-element-aeaa483 e-con-full e-flex e-con e-child\" data-id=\"aeaa483\" data-element_type=\"container\" href=\"https:\/\/gymfactory.eu\/gallery\/gallery-of-gyms\/gyms-in-france\/\">\n\t\t\t\t<div class=\"elementor-element elementor-element-adaed39 elementor-widget elementor-widget-heading\" data-id=\"adaed39\" data-element_type=\"widget\" data-widget_type=\"heading.default\">\n\t\t\t\t<div class=\"elementor-widget-container\">\n\t\t\t\t\t<h2 class=\"elementor-heading-title elementor-size-default\">PRANC\u016aZIJA<\/h2>\t\t\t\t<\/div>\n\t\t\t\t<\/div>\n\t\t\t\t<\/a>\n\t\t<a class=\"elementor-element elementor-element-2e7be0e e-con-full e-flex e-con e-child\" data-id=\"2e7be0e\" data-element_type=\"container\" href=\"https:\/\/gymfactory.eu\/gallery\/gallery-of-gyms\/gyms-in-germany\/\">\n\t\t\t\t<div class=\"elementor-element elementor-element-bc5f6bf elementor-widget elementor-widget-heading\" data-id=\"bc5f6bf\" data-element_type=\"widget\" data-widget_type=\"heading.default\">\n\t\t\t\t<div class=\"elementor-widget-container\">\n\t\t\t\t\t<h2 class=\"elementor-heading-title elementor-size-default\">VOKIETIJA<\/h2>\t\t\t\t<\/div>\n\t\t\t\t<\/div>\n\t\t\t\t<\/a>\n\t\t<a class=\"elementor-element elementor-element-790c7fe e-con-full e-flex e-con e-child\" data-id=\"790c7fe\" data-element_type=\"container\" href=\"https:\/\/gymfactory.eu\/gallery\/gallery-of-gyms\/gyms-in-italy\/\">\n\t\t\t\t<div class=\"elementor-element elementor-element-7fe34a9 elementor-widget elementor-widget-heading\" data-id=\"7fe34a9\" data-element_type=\"widget\" data-widget_type=\"heading.default\">\n\t\t\t\t<div class=\"elementor-widget-container\">\n\t\t\t\t\t<h2 class=\"elementor-heading-title elementor-size-default\">ITALIJA<\/h2>\t\t\t\t<\/div>\n\t\t\t\t<\/div>\n\t\t\t\t<\/a>\n\t\t<a class=\"elementor-element elementor-element-6aac5c6 e-con-full e-flex e-con e-child\" data-id=\"6aac5c6\" data-element_type=\"container\" href=\"https:\/\/gymfactory.eu\/gallery\/gallery-of-gyms\/gyms-in-latvia\/\">\n\t\t\t\t<div class=\"elementor-element elementor-element-0c4b300 elementor-widget elementor-widget-heading\" data-id=\"0c4b300\" data-element_type=\"widget\" data-widget_type=\"heading.default\">\n\t\t\t\t<div class=\"elementor-widget-container\">\n\t\t\t\t\t<h2 class=\"elementor-heading-title elementor-size-default\">LATVIJA<\/h2>\t\t\t\t<\/div>\n\t\t\t\t<\/div>\n\t\t\t\t<\/a>\n\t\t<a class=\"elementor-element elementor-element-248d55a e-con-full e-flex e-con e-child\" data-id=\"248d55a\" data-element_type=\"container\" href=\"https:\/\/gymfactory.eu\/gallery\/gallery-of-gyms\/gyms-in-lithuania\/\">\n\t\t\t\t<div class=\"elementor-element elementor-element-07dbab7 elementor-widget elementor-widget-heading\" data-id=\"07dbab7\" data-element_type=\"widget\" data-widget_type=\"heading.default\">\n\t\t\t\t<div class=\"elementor-widget-container\">\n\t\t\t\t\t<h2 class=\"elementor-heading-title elementor-size-default\">LIETUVA<\/h2>\t\t\t\t<\/div>\n\t\t\t\t<\/div>\n\t\t\t\t<\/a>\n\t\t<a class=\"elementor-element elementor-element-9d70797 e-con-full e-flex e-con e-child\" data-id=\"9d70797\" data-element_type=\"container\" href=\"https:\/\/gymfactory.eu\/gallery\/gallery-of-gyms\/gyms-in-lithuania-enegy-gym\/\">\n\t\t\t\t<div class=\"elementor-element elementor-element-349e355 elementor-widget elementor-widget-heading\" data-id=\"349e355\" data-element_type=\"widget\" data-widget_type=\"heading.default\">\n\t\t\t\t<div class=\"elementor-widget-container\">\n\t\t\t\t\t<h2 class=\"elementor-heading-title elementor-size-default\">LT ENERGY GYM<\/h2>\t\t\t\t<\/div>\n\t\t\t\t<\/div>\n\t\t\t\t<\/a>\n\t\t<a class=\"elementor-element elementor-element-fbaad2d e-con-full e-flex e-con e-child\" data-id=\"fbaad2d\" data-element_type=\"container\" href=\"https:\/\/gymfactory.eu\/gallery\/gallery-of-gyms\/gyms-in-norway\/\">\n\t\t\t\t<div class=\"elementor-element elementor-element-2f2dccd elementor-widget elementor-widget-heading\" data-id=\"2f2dccd\" data-element_type=\"widget\" data-widget_type=\"heading.default\">\n\t\t\t\t<div class=\"elementor-widget-container\">\n\t\t\t\t\t<h2 class=\"elementor-heading-title elementor-size-default\">NORVEGIJA<\/h2>\t\t\t\t<\/div>\n\t\t\t\t<\/div>\n\t\t\t\t<\/a>\n\t\t<a class=\"elementor-element elementor-element-9e6b8bf e-con-full e-flex e-con e-child\" data-id=\"9e6b8bf\" data-element_type=\"container\" href=\"https:\/\/gymfactory.eu\/gallery\/gallery-of-gyms\/gyms-in-poland\/\">\n\t\t\t\t<div class=\"elementor-element elementor-element-a7376b1 elementor-widget elementor-widget-heading\" data-id=\"a7376b1\" data-element_type=\"widget\" data-widget_type=\"heading.default\">\n\t\t\t\t<div class=\"elementor-widget-container\">\n\t\t\t\t\t<h2 class=\"elementor-heading-title elementor-size-default\">LENKIJA<\/h2>\t\t\t\t<\/div>\n\t\t\t\t<\/div>\n\t\t\t\t<\/a>\n\t\t<a class=\"elementor-element elementor-element-7e7dd4a e-con-full e-flex e-con e-child\" data-id=\"7e7dd4a\" data-element_type=\"container\" href=\"https:\/\/gymfactory.eu\/gallery\/gallery-of-gyms\/gyms-in-portugal\/\">\n\t\t\t\t<div class=\"elementor-element elementor-element-c88e155 elementor-widget elementor-widget-heading\" data-id=\"c88e155\" data-element_type=\"widget\" data-widget_type=\"heading.default\">\n\t\t\t\t<div class=\"elementor-widget-container\">\n\t\t\t\t\t<h2 class=\"elementor-heading-title elementor-size-default\">PORTUGALIJA<\/h2>\t\t\t\t<\/div>\n\t\t\t\t<\/div>\n\t\t\t\t<\/a>\n\t\t<a class=\"elementor-element elementor-element-b9f9f18 e-con-full e-flex e-con e-child\" data-id=\"b9f9f18\" data-element_type=\"container\" href=\"https:\/\/gymfactory.eu\/gallery\/gallery-of-gyms\/gyms-in-spain\/\">\n\t\t\t\t<div class=\"elementor-element elementor-element-0db293f elementor-widget elementor-widget-heading\" data-id=\"0db293f\" data-element_type=\"widget\" data-widget_type=\"heading.default\">\n\t\t\t\t<div class=\"elementor-widget-container\">\n\t\t\t\t\t<h2 class=\"elementor-heading-title elementor-size-default\">ISPANIJA<\/h2>\t\t\t\t<\/div>\n\t\t\t\t<\/div>\n\t\t\t\t<\/a>\n\t\t<a class=\"elementor-element elementor-element-312a8ce e-con-full e-flex e-con e-child\" data-id=\"312a8ce\" data-element_type=\"container\" href=\"https:\/\/gymfactory.eu\/gallery\/gallery-of-gyms\/gyms-in-switzerland\/\">\n\t\t\t\t<div class=\"elementor-element elementor-element-1bf581a elementor-widget elementor-widget-heading\" data-id=\"1bf581a\" data-element_type=\"widget\" data-widget_type=\"heading.default\">\n\t\t\t\t<div class=\"elementor-widget-container\">\n\t\t\t\t\t<h2 class=\"elementor-heading-title elementor-size-default\">\u0160VEICARIJA<\/h2>\t\t\t\t<\/div>\n\t\t\t\t<\/div>\n\t\t\t\t<\/a>\n\t\t<a class=\"elementor-element elementor-element-3793d02 e-con-full e-flex e-con e-child\" data-id=\"3793d02\" data-element_type=\"container\" href=\"https:\/\/gymfactory.eu\/gallery\/gallery-of-gyms\/gyms-in-turkey\/\">\n\t\t\t\t<div class=\"elementor-element elementor-element-6b88cc6 elementor-widget elementor-widget-heading\" data-id=\"6b88cc6\" data-element_type=\"widget\" data-widget_type=\"heading.default\">\n\t\t\t\t<div class=\"elementor-widget-container\">\n\t\t\t\t\t<h2 class=\"elementor-heading-title elementor-size-default\">TURKIJA<\/h2>\t\t\t\t<\/div>\n\t\t\t\t<\/div>\n\t\t\t\t<\/a>\n\t\t\t\t\t<\/div>\n\t\t\t\t<\/div>\n\t\t\t\t<\/div>\n\t\t\n    <div class=\"xs_social_share_widget xs_share_url after_content \t\tmain_content  wslu-style-1 wslu-share-box-shaped wslu-fill-colored wslu-none wslu-share-horizontal wslu-theme-font-no wslu-main_content\">\n\n\t\t\n        <ul>\n\t\t\t        <\/ul>\n    <\/div> \n","protected":false},"excerpt":{"rendered":"<p>AUSTRIJA DANIJA ANGLIJA PRANC\u016aZIJA VOKIETIJA ITALIJA LATVIJA LIETUVA LT ENERGY GYM NORVEGIJA LENKIJA PORTUGALIJA ISPANIJA \u0160VEICARIJA TURKIJA<\/p>\n","protected":false},"author":1,"featured_media":0,"parent":20074,"menu_order":0,"comment_status":"closed","ping_status":"closed","template":"","meta":{"_acf_changed":false,"footnotes":""},"class_list":["post-20072","page","type-page","status-publish","hentry"],"acf":[],"yoast_head":"<!-- This site is optimized with the Yoast SEO plugin v25.2 - https:\/\/yoast.com\/wordpress\/plugins\/seo\/ -->\n<title>Treniruokli\u0173 galerija \u2013 pamatykite m\u016bs\u0173 \u012frang\u0105 veikime<\/title>\n<meta name=\"description\" content=\"Per\u017ei\u016br\u0117kite m\u016bs\u0173 treniruoklius, blokinius treniruoklius, stovus ir daugiau galerijoje. Pamatykite juos veikime ir raskite tai, kas geriausiai tiks j\u016bs\u0173 sporto klubui.\" \/>\n<meta name=\"robots\" content=\"index, follow, max-snippet:-1, max-image-preview:large, max-video-preview:-1\" \/>\n<link rel=\"canonical\" href=\"https:\/\/gymfactory.eu\/lt\/galerija\/sporto-klubu-galerija\/\" \/>\n<meta property=\"og:locale\" content=\"lt_LT\" \/>\n<meta property=\"og:type\" content=\"article\" \/>\n<meta property=\"og:title\" content=\"Treniruokli\u0173 galerija \u2013 pamatykite m\u016bs\u0173 \u012frang\u0105 veikime\" \/>\n<meta property=\"og:description\" content=\"Per\u017ei\u016br\u0117kite m\u016bs\u0173 treniruoklius, blokinius treniruoklius, stovus ir daugiau galerijoje. Pamatykite juos veikime ir raskite tai, kas geriausiai tiks j\u016bs\u0173 sporto klubui.\" \/>\n<meta property=\"og:url\" content=\"https:\/\/gymfactory.eu\/lt\/galerija\/sporto-klubu-galerija\/\" \/>\n<meta property=\"og:site_name\" content=\"Gym Factory\" \/>\n<meta property=\"article:modified_time\" content=\"2025-11-19T00:29:40+00:00\" \/>\n<meta name=\"twitter:card\" content=\"summary_large_image\" \/>\n<script type=\"application\/ld+json\" class=\"yoast-schema-graph\">{\"@context\":\"https:\/\/schema.org\",\"@graph\":[{\"@type\":\"WebPage\",\"@id\":\"https:\/\/gymfactory.eu\/lt\/galerija\/sporto-klubu-galerija\/\",\"url\":\"https:\/\/gymfactory.eu\/lt\/galerija\/sporto-klubu-galerija\/\",\"name\":\"Treniruokli\u0173 galerija \u2013 pamatykite m\u016bs\u0173 \u012frang\u0105 veikime\",\"isPartOf\":{\"@id\":\"https:\/\/gymfactory.eu\/lt\/#website\"},\"datePublished\":\"2025-11-07T03:02:59+00:00\",\"dateModified\":\"2025-11-19T00:29:40+00:00\",\"description\":\"Per\u017ei\u016br\u0117kite m\u016bs\u0173 treniruoklius, blokinius treniruoklius, stovus ir daugiau galerijoje. Pamatykite juos veikime ir raskite tai, kas geriausiai tiks j\u016bs\u0173 sporto klubui.\",\"breadcrumb\":{\"@id\":\"https:\/\/gymfactory.eu\/lt\/galerija\/sporto-klubu-galerija\/#breadcrumb\"},\"inLanguage\":\"lt-LT\",\"potentialAction\":[{\"@type\":\"ReadAction\",\"target\":[\"https:\/\/gymfactory.eu\/lt\/galerija\/sporto-klubu-galerija\/\"]}]},{\"@type\":\"BreadcrumbList\",\"@id\":\"https:\/\/gymfactory.eu\/lt\/galerija\/sporto-klubu-galerija\/#breadcrumb\",\"itemListElement\":[{\"@type\":\"ListItem\",\"position\":1,\"name\":\"Pagrindinis\",\"item\":\"https:\/\/gymfactory.eu\/lt\/\"},{\"@type\":\"ListItem\",\"position\":2,\"name\":\"Galerija\",\"item\":\"https:\/\/gymfactory.eu\/lt\/galerija\/\"},{\"@type\":\"ListItem\",\"position\":3,\"name\":\"Sporto klub\u0173 galerija\"}]},{\"@type\":\"WebSite\",\"@id\":\"https:\/\/gymfactory.eu\/lt\/#website\",\"url\":\"https:\/\/gymfactory.eu\/lt\/\",\"name\":\"Gym Factory\",\"description\":\"\",\"publisher\":{\"@id\":\"https:\/\/gymfactory.eu\/lt\/#organization\"},\"potentialAction\":[{\"@type\":\"SearchAction\",\"target\":{\"@type\":\"EntryPoint\",\"urlTemplate\":\"https:\/\/gymfactory.eu\/lt\/?s={search_term_string}\"},\"query-input\":{\"@type\":\"PropertyValueSpecification\",\"valueRequired\":true,\"valueName\":\"search_term_string\"}}],\"inLanguage\":\"lt-LT\"},{\"@type\":\"Organization\",\"@id\":\"https:\/\/gymfactory.eu\/lt\/#organization\",\"name\":\"Sporto sal\u0117s gamykla\",\"url\":\"https:\/\/gymfactory.eu\/lt\/\",\"logo\":{\"@type\":\"ImageObject\",\"inLanguage\":\"lt-LT\",\"@id\":\"https:\/\/gymfactory.eu\/lt\/#\/schema\/logo\/image\/\",\"url\":\"https:\/\/gymfactory.eu\/wp-content\/uploads\/2024\/11\/Component-1.svg\",\"contentUrl\":\"https:\/\/gymfactory.eu\/wp-content\/uploads\/2024\/11\/Component-1.svg\",\"width\":54,\"height\":44,\"caption\":\"Sporto sal\u0117s gamykla\"},\"image\":{\"@id\":\"https:\/\/gymfactory.eu\/lt\/#\/schema\/logo\/image\/\"}}]}<\/script>\n<!-- \/ Yoast SEO plugin. -->","yoast_head_json":{"title":"Treniruokli\u0173 galerija \u2013 pamatykite m\u016bs\u0173 \u012frang\u0105 veikime","description":"Per\u017ei\u016br\u0117kite m\u016bs\u0173 treniruoklius, blokinius treniruoklius, stovus ir daugiau galerijoje. Pamatykite juos veikime ir raskite tai, kas geriausiai tiks j\u016bs\u0173 sporto klubui.","robots":{"index":"index","follow":"follow","max-snippet":"max-snippet:-1","max-image-preview":"max-image-preview:large","max-video-preview":"max-video-preview:-1"},"canonical":"https:\/\/gymfactory.eu\/lt\/galerija\/sporto-klubu-galerija\/","og_locale":"lt_LT","og_type":"article","og_title":"Treniruokli\u0173 galerija \u2013 pamatykite m\u016bs\u0173 \u012frang\u0105 veikime","og_description":"Per\u017ei\u016br\u0117kite m\u016bs\u0173 treniruoklius, blokinius treniruoklius, stovus ir daugiau galerijoje. Pamatykite juos veikime ir raskite tai, kas geriausiai tiks j\u016bs\u0173 sporto klubui.","og_url":"https:\/\/gymfactory.eu\/lt\/galerija\/sporto-klubu-galerija\/","og_site_name":"Gym Factory","article_modified_time":"2025-11-19T00:29:40+00:00","twitter_card":"summary_large_image","schema":{"@context":"https:\/\/schema.org","@graph":[{"@type":"WebPage","@id":"https:\/\/gymfactory.eu\/lt\/galerija\/sporto-klubu-galerija\/","url":"https:\/\/gymfactory.eu\/lt\/galerija\/sporto-klubu-galerija\/","name":"Treniruokli\u0173 galerija \u2013 pamatykite m\u016bs\u0173 \u012frang\u0105 veikime","isPartOf":{"@id":"https:\/\/gymfactory.eu\/lt\/#website"},"datePublished":"2025-11-07T03:02:59+00:00","dateModified":"2025-11-19T00:29:40+00:00","description":"Per\u017ei\u016br\u0117kite m\u016bs\u0173 treniruoklius, blokinius treniruoklius, stovus ir daugiau galerijoje. Pamatykite juos veikime ir raskite tai, kas geriausiai tiks j\u016bs\u0173 sporto klubui.","breadcrumb":{"@id":"https:\/\/gymfactory.eu\/lt\/galerija\/sporto-klubu-galerija\/#breadcrumb"},"inLanguage":"lt-LT","potentialAction":[{"@type":"ReadAction","target":["https:\/\/gymfactory.eu\/lt\/galerija\/sporto-klubu-galerija\/"]}]},{"@type":"BreadcrumbList","@id":"https:\/\/gymfactory.eu\/lt\/galerija\/sporto-klubu-galerija\/#breadcrumb","itemListElement":[{"@type":"ListItem","position":1,"name":"Pagrindinis","item":"https:\/\/gymfactory.eu\/lt\/"},{"@type":"ListItem","position":2,"name":"Galerija","item":"https:\/\/gymfactory.eu\/lt\/galerija\/"},{"@type":"ListItem","position":3,"name":"Sporto klub\u0173 galerija"}]},{"@type":"WebSite","@id":"https:\/\/gymfactory.eu\/lt\/#website","url":"https:\/\/gymfactory.eu\/lt\/","name":"Gym Factory","description":"","publisher":{"@id":"https:\/\/gymfactory.eu\/lt\/#organization"},"potentialAction":[{"@type":"SearchAction","target":{"@type":"EntryPoint","urlTemplate":"https:\/\/gymfactory.eu\/lt\/?s={search_term_string}"},"query-input":{"@type":"PropertyValueSpecification","valueRequired":true,"valueName":"search_term_string"}}],"inLanguage":"lt-LT"},{"@type":"Organization","@id":"https:\/\/gymfactory.eu\/lt\/#organization","name":"Sporto sal\u0117s gamykla","url":"https:\/\/gymfactory.eu\/lt\/","logo":{"@type":"ImageObject","inLanguage":"lt-LT","@id":"https:\/\/gymfactory.eu\/lt\/#\/schema\/logo\/image\/","url":"https:\/\/gymfactory.eu\/wp-content\/uploads\/2024\/11\/Component-1.svg","contentUrl":"https:\/\/gymfactory.eu\/wp-content\/uploads\/2024\/11\/Component-1.svg","width":54,"height":44,"caption":"Sporto sal\u0117s gamykla"},"image":{"@id":"https:\/\/gymfactory.eu\/lt\/#\/schema\/logo\/image\/"}}]}},"_links":{"self":[{"href":"https:\/\/gymfactory.eu\/lt\/wp-json\/wp\/v2\/pages\/20072","targetHints":{"allow":["GET"]}}],"collection":[{"href":"https:\/\/gymfactory.eu\/lt\/wp-json\/wp\/v2\/pages"}],"about":[{"href":"https:\/\/gymfactory.eu\/lt\/wp-json\/wp\/v2\/types\/page"}],"author":[{"embeddable":true,"href":"https:\/\/gymfactory.eu\/lt\/wp-json\/wp\/v2\/users\/1"}],"replies":[{"embeddable":true,"href":"https:\/\/gymfactory.eu\/lt\/wp-json\/wp\/v2\/comments?post=20072"}],"version-history":[{"count":3,"href":"https:\/\/gymfactory.eu\/lt\/wp-json\/wp\/v2\/pages\/20072\/revisions"}],"predecessor-version":[{"id":23308,"href":"https:\/\/gymfactory.eu\/lt\/wp-json\/wp\/v2\/pages\/20072\/revisions\/23308"}],"up":[{"embeddable":true,"href":"https:\/\/gymfactory.eu\/lt\/wp-json\/wp\/v2\/pages\/20074"}],"wp:attachment":[{"href":"https:\/\/gymfactory.eu\/lt\/wp-json\/wp\/v2\/media?parent=20072"}],"curies":[{"name":"wp","href":"https:\/\/api.w.org\/{rel}","templated":true}]}}