{"id":30361,"date":"2025-11-13T11:26:12","date_gmt":"2025-11-13T09:26:12","guid":{"rendered":"https:\/\/gymfactory.eu\/product\/poignees-de-musculation-w1x\/"},"modified":"2025-11-13T11:26:12","modified_gmt":"2025-11-13T09:26:12","slug":"poignees-de-musculation-w1x","status":"publish","type":"product","link":"https:\/\/gymfactory.eu\/fr\/produit\/poignees-de-musculation-w1x\/","title":{"rendered":"Poign\u00e9es de Musculation W1X"},"content":{"rendered":"<p>Les Poign\u00e9es de Musculation W1X (Gym Handle Grips) sont con\u00e7ues pour augmenter le diam\u00e8tre des poign\u00e9es de machines, offrant une prise plus forte et plus s\u00fbre ainsi qu&rsquo;un meilleur confort d&rsquo;entra\u00eenement. Fabriqu\u00e9es en caoutchouc TPU durable, elles pr\u00e9sentent une surface textur\u00e9e de style molet\u00e9 qui am\u00e9liore la traction et emp\u00eache le glissement pendant l&rsquo;utilisation. <\/p>\n<p>Chaque poign\u00e9e a une longueur de 140 mm avec un diam\u00e8tre ext\u00e9rieur de 50 mm, cr\u00e9ant une surface de pr\u00e9hension plus \u00e9paisse pour une meilleure activation des avant-bras et de la poigne. L&rsquo;ouverture int\u00e9rieure s&rsquo;\u00e9tend de 28 mm \u00e0 34 mm, permettant aux poign\u00e9es de s&rsquo;adapter \u00e0 la plupart des poign\u00e9es de machines et barres standards. <\/p>\n<p>Les poign\u00e9es W1X sont rapides \u00e0 installer, faciles \u00e0 retirer et con\u00e7ues pour r\u00e9sister \u00e0 un entra\u00eenement intensif. Elles constituent un moyen efficace d&rsquo;augmenter l&rsquo;\u00e9paisseur de la poign\u00e9e, de r\u00e9duire la fatigue des mains et d&rsquo;am\u00e9liorer l&rsquo;efficacit\u00e9 globale de l&rsquo;entra\u00eenement.<\/p>\n\n    <div class=\"xs_social_share_widget xs_share_url after_content \t\tmain_content  wslu-style-1 wslu-share-box-shaped wslu-fill-colored wslu-none wslu-share-horizontal wslu-theme-font-no wslu-main_content\">\n\n\t\t\n        <ul>\n\t\t\t        <\/ul>\n    <\/div> \n","protected":false},"excerpt":{"rendered":"<p>Les Poign\u00e9es de Musculation W1X (Gym Handle Grips) sont con\u00e7ues pour augmenter le diam\u00e8tre des poign\u00e9es de machines, offrant une prise plus forte et plus s\u00fbre ainsi qu&rsquo;un meilleur confort d&rsquo;entra\u00eenement. Fabriqu\u00e9es en caoutchouc TPU durable, elles pr\u00e9sentent une surface textur\u00e9e de style molet\u00e9 qui am\u00e9liore la traction et emp\u00eache le glissement pendant l&rsquo;utilisation. Chaque [&hellip;]<\/p>\n","protected":false},"featured_media":20345,"template":"","meta":{"_acf_changed":false},"product_brand":[],"product_cat":[826],"product_tag":[977],"class_list":{"0":"post-30361","1":"product","2":"type-product","3":"status-publish","4":"has-post-thumbnail","6":"product_cat-accessoires-de-musculation","7":"product_tag-couleur-sans-couleurs","9":"first","10":"instock","11":"taxable","12":"shipping-taxable","13":"purchasable","14":"product-type-variable"},"acf":[],"yoast_head":"<!-- This site is optimized with the Yoast SEO plugin v25.2 - https:\/\/yoast.com\/wordpress\/plugins\/seo\/ -->\n<title>Poign\u00e9es de Musculation W1X - Gym Factory<\/title>\n<meta name=\"description\" content=\"Poign\u00e9es en TPU durable avec un diam\u00e8tre de 50 mm, une longueur de 140 mm et une ouverture int\u00e9rieure de 28 \u00e0 34 mm pour une meilleure prise, un meilleur contr\u00f4le et plus de confort d&#039;entra\u00eenement.\" \/>\n<meta name=\"robots\" content=\"index, follow, max-snippet:-1, max-image-preview:large, max-video-preview:-1\" \/>\n<link rel=\"canonical\" href=\"https:\/\/gymfactory.eu\/fr\/produit\/poignees-de-musculation-w1x\/\" \/>\n<meta property=\"og:locale\" content=\"fr_FR\" \/>\n<meta property=\"og:type\" content=\"article\" \/>\n<meta property=\"og:title\" content=\"Poign\u00e9es de Musculation W1X - Gym Factory\" \/>\n<meta property=\"og:description\" content=\"Poign\u00e9es en TPU durable avec un diam\u00e8tre de 50 mm, une longueur de 140 mm et une ouverture int\u00e9rieure de 28 \u00e0 34 mm pour une meilleure prise, un meilleur contr\u00f4le et plus de confort d&#039;entra\u00eenement.\" \/>\n<meta property=\"og:url\" content=\"https:\/\/gymfactory.eu\/fr\/produit\/poignees-de-musculation-w1x\/\" \/>\n<meta property=\"og:site_name\" content=\"Gym Factory\" \/>\n<meta property=\"og:image\" content=\"https:\/\/gymfactory.eu\/wp-content\/uploads\/2025\/11\/High-quality-W1X-handle-grips-for-gym-and-fitness-equipment.webp\" \/>\n\t<meta property=\"og:image:width\" content=\"1500\" \/>\n\t<meta property=\"og:image:height\" content=\"1500\" \/>\n\t<meta property=\"og:image:type\" content=\"image\/webp\" \/>\n<meta name=\"twitter:card\" content=\"summary_large_image\" \/>\n<meta name=\"twitter:label1\" content=\"Dur\u00e9e de lecture estim\u00e9e\" \/>\n\t<meta name=\"twitter:data1\" content=\"1 minute\" \/>\n<script type=\"application\/ld+json\" class=\"yoast-schema-graph\">{\"@context\":\"https:\/\/schema.org\",\"@graph\":[{\"@type\":\"WebPage\",\"@id\":\"https:\/\/gymfactory.eu\/fr\/produit\/poignees-de-musculation-w1x\/\",\"url\":\"https:\/\/gymfactory.eu\/fr\/produit\/poignees-de-musculation-w1x\/\",\"name\":\"Poign\u00e9es de Musculation W1X - Gym Factory\",\"isPartOf\":{\"@id\":\"https:\/\/gymfactory.eu\/fr\/#website\"},\"primaryImageOfPage\":{\"@id\":\"https:\/\/gymfactory.eu\/fr\/produit\/poignees-de-musculation-w1x\/#primaryimage\"},\"image\":{\"@id\":\"https:\/\/gymfactory.eu\/fr\/produit\/poignees-de-musculation-w1x\/#primaryimage\"},\"thumbnailUrl\":\"https:\/\/gymfactory.eu\/wp-content\/uploads\/2025\/11\/High-quality-W1X-handle-grips-for-gym-and-fitness-equipment.webp\",\"datePublished\":\"2025-11-13T09:26:12+00:00\",\"description\":\"Poign\u00e9es en TPU durable avec un diam\u00e8tre de 50 mm, une longueur de 140 mm et une ouverture int\u00e9rieure de 28 \u00e0 34 mm pour une meilleure prise, un meilleur contr\u00f4le et plus de confort d'entra\u00eenement.\",\"breadcrumb\":{\"@id\":\"https:\/\/gymfactory.eu\/fr\/produit\/poignees-de-musculation-w1x\/#breadcrumb\"},\"inLanguage\":\"fr-FR\",\"potentialAction\":[{\"@type\":\"ReadAction\",\"target\":[\"https:\/\/gymfactory.eu\/fr\/produit\/poignees-de-musculation-w1x\/\"]}]},{\"@type\":\"ImageObject\",\"inLanguage\":\"fr-FR\",\"@id\":\"https:\/\/gymfactory.eu\/fr\/produit\/poignees-de-musculation-w1x\/#primaryimage\",\"url\":\"https:\/\/gymfactory.eu\/wp-content\/uploads\/2025\/11\/High-quality-W1X-handle-grips-for-gym-and-fitness-equipment.webp\",\"contentUrl\":\"https:\/\/gymfactory.eu\/wp-content\/uploads\/2025\/11\/High-quality-W1X-handle-grips-for-gym-and-fitness-equipment.webp\",\"width\":1500,\"height\":1500,\"caption\":\"Poign\u00e9es W1X de haute qualit\u00e9 pour appareils de musculation et de fitness\"},{\"@type\":\"BreadcrumbList\",\"@id\":\"https:\/\/gymfactory.eu\/fr\/produit\/poignees-de-musculation-w1x\/#breadcrumb\",\"itemListElement\":[{\"@type\":\"ListItem\",\"position\":1,\"name\":\"Home\",\"item\":\"https:\/\/gymfactory.eu\/fr\/page-principale\/\"},{\"@type\":\"ListItem\",\"position\":2,\"name\":\"Catalogue\",\"item\":\"https:\/\/gymfactory.eu\/fr\/catalogue-2\/\"},{\"@type\":\"ListItem\",\"position\":3,\"name\":\"Poign\u00e9es de Musculation W1X\"}]},{\"@type\":\"WebSite\",\"@id\":\"https:\/\/gymfactory.eu\/fr\/#website\",\"url\":\"https:\/\/gymfactory.eu\/fr\/\",\"name\":\"Gym Factory\",\"description\":\"\",\"publisher\":{\"@id\":\"https:\/\/gymfactory.eu\/fr\/#organization\"},\"potentialAction\":[{\"@type\":\"SearchAction\",\"target\":{\"@type\":\"EntryPoint\",\"urlTemplate\":\"https:\/\/gymfactory.eu\/fr\/?s={search_term_string}\"},\"query-input\":{\"@type\":\"PropertyValueSpecification\",\"valueRequired\":true,\"valueName\":\"search_term_string\"}}],\"inLanguage\":\"fr-FR\"},{\"@type\":\"Organization\",\"@id\":\"https:\/\/gymfactory.eu\/fr\/#organization\",\"name\":\"Gym Factory\",\"url\":\"https:\/\/gymfactory.eu\/fr\/\",\"logo\":{\"@type\":\"ImageObject\",\"inLanguage\":\"fr-FR\",\"@id\":\"https:\/\/gymfactory.eu\/fr\/#\/schema\/logo\/image\/\",\"url\":\"https:\/\/gymfactory.eu\/wp-content\/uploads\/2024\/11\/Component-1.svg\",\"contentUrl\":\"https:\/\/gymfactory.eu\/wp-content\/uploads\/2024\/11\/Component-1.svg\",\"width\":54,\"height\":44,\"caption\":\"Gym Factory\"},\"image\":{\"@id\":\"https:\/\/gymfactory.eu\/fr\/#\/schema\/logo\/image\/\"}}]}<\/script>\n<!-- \/ Yoast SEO plugin. -->","yoast_head_json":{"title":"Poign\u00e9es de Musculation W1X - Gym Factory","description":"Poign\u00e9es en TPU durable avec un diam\u00e8tre de 50 mm, une longueur de 140 mm et une ouverture int\u00e9rieure de 28 \u00e0 34 mm pour une meilleure prise, un meilleur contr\u00f4le et plus de confort d'entra\u00eenement.","robots":{"index":"index","follow":"follow","max-snippet":"max-snippet:-1","max-image-preview":"max-image-preview:large","max-video-preview":"max-video-preview:-1"},"canonical":"https:\/\/gymfactory.eu\/fr\/produit\/poignees-de-musculation-w1x\/","og_locale":"fr_FR","og_type":"article","og_title":"Poign\u00e9es de Musculation W1X - Gym Factory","og_description":"Poign\u00e9es en TPU durable avec un diam\u00e8tre de 50 mm, une longueur de 140 mm et une ouverture int\u00e9rieure de 28 \u00e0 34 mm pour une meilleure prise, un meilleur contr\u00f4le et plus de confort d'entra\u00eenement.","og_url":"https:\/\/gymfactory.eu\/fr\/produit\/poignees-de-musculation-w1x\/","og_site_name":"Gym Factory","og_image":[{"width":1500,"height":1500,"url":"https:\/\/gymfactory.eu\/wp-content\/uploads\/2025\/11\/High-quality-W1X-handle-grips-for-gym-and-fitness-equipment.webp","type":"image\/webp"}],"twitter_card":"summary_large_image","twitter_misc":{"Dur\u00e9e de lecture estim\u00e9e":"1 minute"},"schema":{"@context":"https:\/\/schema.org","@graph":[{"@type":"WebPage","@id":"https:\/\/gymfactory.eu\/fr\/produit\/poignees-de-musculation-w1x\/","url":"https:\/\/gymfactory.eu\/fr\/produit\/poignees-de-musculation-w1x\/","name":"Poign\u00e9es de Musculation W1X - Gym Factory","isPartOf":{"@id":"https:\/\/gymfactory.eu\/fr\/#website"},"primaryImageOfPage":{"@id":"https:\/\/gymfactory.eu\/fr\/produit\/poignees-de-musculation-w1x\/#primaryimage"},"image":{"@id":"https:\/\/gymfactory.eu\/fr\/produit\/poignees-de-musculation-w1x\/#primaryimage"},"thumbnailUrl":"https:\/\/gymfactory.eu\/wp-content\/uploads\/2025\/11\/High-quality-W1X-handle-grips-for-gym-and-fitness-equipment.webp","datePublished":"2025-11-13T09:26:12+00:00","description":"Poign\u00e9es en TPU durable avec un diam\u00e8tre de 50 mm, une longueur de 140 mm et une ouverture int\u00e9rieure de 28 \u00e0 34 mm pour une meilleure prise, un meilleur contr\u00f4le et plus de confort d'entra\u00eenement.","breadcrumb":{"@id":"https:\/\/gymfactory.eu\/fr\/produit\/poignees-de-musculation-w1x\/#breadcrumb"},"inLanguage":"fr-FR","potentialAction":[{"@type":"ReadAction","target":["https:\/\/gymfactory.eu\/fr\/produit\/poignees-de-musculation-w1x\/"]}]},{"@type":"ImageObject","inLanguage":"fr-FR","@id":"https:\/\/gymfactory.eu\/fr\/produit\/poignees-de-musculation-w1x\/#primaryimage","url":"https:\/\/gymfactory.eu\/wp-content\/uploads\/2025\/11\/High-quality-W1X-handle-grips-for-gym-and-fitness-equipment.webp","contentUrl":"https:\/\/gymfactory.eu\/wp-content\/uploads\/2025\/11\/High-quality-W1X-handle-grips-for-gym-and-fitness-equipment.webp","width":1500,"height":1500,"caption":"Poign\u00e9es W1X de haute qualit\u00e9 pour appareils de musculation et de fitness"},{"@type":"BreadcrumbList","@id":"https:\/\/gymfactory.eu\/fr\/produit\/poignees-de-musculation-w1x\/#breadcrumb","itemListElement":[{"@type":"ListItem","position":1,"name":"Home","item":"https:\/\/gymfactory.eu\/fr\/page-principale\/"},{"@type":"ListItem","position":2,"name":"Catalogue","item":"https:\/\/gymfactory.eu\/fr\/catalogue-2\/"},{"@type":"ListItem","position":3,"name":"Poign\u00e9es de Musculation W1X"}]},{"@type":"WebSite","@id":"https:\/\/gymfactory.eu\/fr\/#website","url":"https:\/\/gymfactory.eu\/fr\/","name":"Gym Factory","description":"","publisher":{"@id":"https:\/\/gymfactory.eu\/fr\/#organization"},"potentialAction":[{"@type":"SearchAction","target":{"@type":"EntryPoint","urlTemplate":"https:\/\/gymfactory.eu\/fr\/?s={search_term_string}"},"query-input":{"@type":"PropertyValueSpecification","valueRequired":true,"valueName":"search_term_string"}}],"inLanguage":"fr-FR"},{"@type":"Organization","@id":"https:\/\/gymfactory.eu\/fr\/#organization","name":"Gym Factory","url":"https:\/\/gymfactory.eu\/fr\/","logo":{"@type":"ImageObject","inLanguage":"fr-FR","@id":"https:\/\/gymfactory.eu\/fr\/#\/schema\/logo\/image\/","url":"https:\/\/gymfactory.eu\/wp-content\/uploads\/2024\/11\/Component-1.svg","contentUrl":"https:\/\/gymfactory.eu\/wp-content\/uploads\/2024\/11\/Component-1.svg","width":54,"height":44,"caption":"Gym Factory"},"image":{"@id":"https:\/\/gymfactory.eu\/fr\/#\/schema\/logo\/image\/"}}]}},"_links":{"self":[{"href":"https:\/\/gymfactory.eu\/fr\/wp-json\/wp\/v2\/product\/30361","targetHints":{"allow":["GET"]}}],"collection":[{"href":"https:\/\/gymfactory.eu\/fr\/wp-json\/wp\/v2\/product"}],"about":[{"href":"https:\/\/gymfactory.eu\/fr\/wp-json\/wp\/v2\/types\/product"}],"wp:featuredmedia":[{"embeddable":true,"href":"https:\/\/gymfactory.eu\/fr\/wp-json\/wp\/v2\/media\/20345"}],"wp:attachment":[{"href":"https:\/\/gymfactory.eu\/fr\/wp-json\/wp\/v2\/media?parent=30361"}],"wp:term":[{"taxonomy":"product_brand","embeddable":true,"href":"https:\/\/gymfactory.eu\/fr\/wp-json\/wp\/v2\/product_brand?post=30361"},{"taxonomy":"product_cat","embeddable":true,"href":"https:\/\/gymfactory.eu\/fr\/wp-json\/wp\/v2\/product_cat?post=30361"},{"taxonomy":"product_tag","embeddable":true,"href":"https:\/\/gymfactory.eu\/fr\/wp-json\/wp\/v2\/product_tag?post=30361"}],"curies":[{"name":"wp","href":"https:\/\/api.w.org\/{rel}","templated":true}]}}