{"id":30354,"date":"2025-10-01T13:49:38","date_gmt":"2025-10-01T10:49:38","guid":{"rendered":"https:\/\/gymfactory.eu\/product\/machine-tire-flip-xxxl-z19\/"},"modified":"2025-10-01T13:49:38","modified_gmt":"2025-10-01T10:49:38","slug":"machine-tire-flip-xxxl-z19","status":"publish","type":"product","link":"https:\/\/gymfactory.eu\/fr\/produit\/machine-tire-flip-xxxl-z19\/","title":{"rendered":"Machine Tire Flip XXXL Z19"},"content":{"rendered":"<p data-start=\"155\" data-end=\"517\">La Machine Tire Flip XXXL Z19 est un outil d&rsquo;entra\u00eenement puissant con\u00e7u pour les athl\u00e8tes souhaitant d\u00e9velopper leur force, leur puissance explosive et leur endurance. Elle simule l&rsquo;exercice traditionnel du retournement de pneu (tire flip) mais sous une forme plus compacte et professionnelle, ce qui la rend id\u00e9ale pour les salles de sport et les centres de performance. Sa construction robuste garantit stabilit\u00e9, s\u00e9curit\u00e9 et durabilit\u00e9.  <\/p>\n<p data-start=\"519\" data-end=\"757\">Avec le pneu Z19, vous pouvez effectuer des retournements, des pouss\u00e9es, des tractions et des mouvements explosifs qui sollicitent les jambes, le dos, les \u00e9paules, les bras et la sangle abdominale. Cela en fait une machine d&rsquo;entra\u00eenement complet du corps (full-body) qui d\u00e9veloppe \u00e0 la fois la force brute et la condition physique. <\/p>\n<p data-start=\"759\" data-end=\"1049\">Le poids de d\u00e9part du basculement est de 110 kg, et la conception du cadre permet aux athl\u00e8tes de s&rsquo;entra\u00eener en toute s\u00e9curit\u00e9 sans avoir besoin de l&rsquo;espace requis par un pneu de tracteur traditionnel. C&rsquo;est un excellent choix pour les installations qui souhaitent b\u00e9n\u00e9ficier des avantages de l&rsquo;entra\u00eenement de type strongman dans un environnement contr\u00f4l\u00e9. <\/p>\n<p data-start=\"1051\" data-end=\"1205\">Le Pneu de Force XXXL Z19 est con\u00e7u pour les professionnels qui exigent des performances de pointe de leur \u00e9quipement d&rsquo;entra\u00eenement.<\/p>\n\n    <div class=\"xs_social_share_widget xs_share_url after_content \t\tmain_content  wslu-style-1 wslu-share-box-shaped wslu-fill-colored wslu-none wslu-share-horizontal wslu-theme-font-no wslu-main_content\">\n\n\t\t\n        <ul>\n\t\t\t        <\/ul>\n    <\/div> \n","protected":false},"excerpt":{"rendered":"<p>La Machine Tire Flip XXXL Z19 est un outil d&rsquo;entra\u00eenement puissant con\u00e7u pour les athl\u00e8tes souhaitant d\u00e9velopper leur force, leur puissance explosive et leur endurance. Elle simule l&rsquo;exercice traditionnel du retournement de pneu (tire flip) mais sous une forme plus compacte et professionnelle, ce qui la rend id\u00e9ale pour les salles de sport et les [&hellip;]<\/p>\n","protected":false},"featured_media":13214,"template":"","meta":{"_acf_changed":false},"product_brand":[],"product_cat":[830],"product_tag":[857],"class_list":{"0":"post-30354","1":"product","2":"type-product","3":"status-publish","4":"has-post-thumbnail","6":"product_cat-autres-equipements-de-salle-de-sport","7":"product_tag-couleur-metal-uniquement","9":"first","10":"onbackorder","11":"taxable","12":"shipping-taxable","13":"purchasable","14":"product-type-variable"},"acf":[],"yoast_head":"<!-- This site is optimized with the Yoast SEO plugin v25.2 - https:\/\/yoast.com\/wordpress\/plugins\/seo\/ -->\n<title>Machine Tire Flip XXXL Z19 - Gym Factory<\/title>\n<meta name=\"description\" content=\"Machine Tire Flip Z19 \u2013 \u00c9quipement d&#039;Entra\u00eenement de Force Professionnel. D\u00e9couvrez la Machine Tire Flip Z19 \u2013 un \u00e9quipement de sport robuste pour l&#039;entra\u00eenement de la force, de la puissance et de l&#039;endurance. Parfait pour les athl\u00e8tes professionnels et les salles de sport.\" \/>\n<meta name=\"robots\" content=\"index, follow, max-snippet:-1, max-image-preview:large, max-video-preview:-1\" \/>\n<link rel=\"canonical\" href=\"https:\/\/gymfactory.eu\/fr\/produit\/machine-tire-flip-xxxl-z19\/\" \/>\n<meta property=\"og:locale\" content=\"fr_FR\" \/>\n<meta property=\"og:type\" content=\"article\" \/>\n<meta property=\"og:title\" content=\"Machine Tire Flip XXXL Z19 - Gym Factory\" \/>\n<meta property=\"og:description\" content=\"Machine Tire Flip Z19 \u2013 \u00c9quipement d&#039;Entra\u00eenement de Force Professionnel. D\u00e9couvrez la Machine Tire Flip Z19 \u2013 un \u00e9quipement de sport robuste pour l&#039;entra\u00eenement de la force, de la puissance et de l&#039;endurance. Parfait pour les athl\u00e8tes professionnels et les salles de sport.\" \/>\n<meta property=\"og:url\" content=\"https:\/\/gymfactory.eu\/fr\/produit\/machine-tire-flip-xxxl-z19\/\" \/>\n<meta property=\"og:site_name\" content=\"Gym Factory\" \/>\n<meta property=\"og:image\" content=\"https:\/\/gymfactory.eu\/wp-content\/uploads\/2025\/10\/Z19-Tire-Flip-Machine-Side-View.webp\" \/>\n\t<meta property=\"og:image:width\" content=\"1500\" \/>\n\t<meta property=\"og:image:height\" content=\"1500\" \/>\n\t<meta property=\"og:image:type\" content=\"image\/webp\" \/>\n<meta name=\"twitter:card\" content=\"summary_large_image\" \/>\n<meta name=\"twitter:label1\" content=\"Dur\u00e9e de lecture estim\u00e9e\" \/>\n\t<meta name=\"twitter:data1\" content=\"1 minute\" \/>\n<script type=\"application\/ld+json\" class=\"yoast-schema-graph\">{\"@context\":\"https:\/\/schema.org\",\"@graph\":[{\"@type\":\"WebPage\",\"@id\":\"https:\/\/gymfactory.eu\/fr\/produit\/machine-tire-flip-xxxl-z19\/\",\"url\":\"https:\/\/gymfactory.eu\/fr\/produit\/machine-tire-flip-xxxl-z19\/\",\"name\":\"Machine Tire Flip XXXL Z19 - Gym Factory\",\"isPartOf\":{\"@id\":\"https:\/\/gymfactory.eu\/fr\/#website\"},\"primaryImageOfPage\":{\"@id\":\"https:\/\/gymfactory.eu\/fr\/produit\/machine-tire-flip-xxxl-z19\/#primaryimage\"},\"image\":{\"@id\":\"https:\/\/gymfactory.eu\/fr\/produit\/machine-tire-flip-xxxl-z19\/#primaryimage\"},\"thumbnailUrl\":\"https:\/\/gymfactory.eu\/wp-content\/uploads\/2025\/10\/Z19-Tire-Flip-Machine-Side-View.webp\",\"datePublished\":\"2025-10-01T10:49:38+00:00\",\"description\":\"Machine Tire Flip Z19 \u2013 \u00c9quipement d'Entra\u00eenement de Force Professionnel. D\u00e9couvrez la Machine Tire Flip Z19 \u2013 un \u00e9quipement de sport robuste pour l'entra\u00eenement de la force, de la puissance et de l'endurance. Parfait pour les athl\u00e8tes professionnels et les salles de sport.\",\"breadcrumb\":{\"@id\":\"https:\/\/gymfactory.eu\/fr\/produit\/machine-tire-flip-xxxl-z19\/#breadcrumb\"},\"inLanguage\":\"fr-FR\",\"potentialAction\":[{\"@type\":\"ReadAction\",\"target\":[\"https:\/\/gymfactory.eu\/fr\/produit\/machine-tire-flip-xxxl-z19\/\"]}]},{\"@type\":\"ImageObject\",\"inLanguage\":\"fr-FR\",\"@id\":\"https:\/\/gymfactory.eu\/fr\/produit\/machine-tire-flip-xxxl-z19\/#primaryimage\",\"url\":\"https:\/\/gymfactory.eu\/wp-content\/uploads\/2025\/10\/Z19-Tire-Flip-Machine-Side-View.webp\",\"contentUrl\":\"https:\/\/gymfactory.eu\/wp-content\/uploads\/2025\/10\/Z19-Tire-Flip-Machine-Side-View.webp\",\"width\":1500,\"height\":1500,\"caption\":\"\u00c9quipement de retournement de pneu pour entra\u00eenement de force avec un poids de d\u00e9part de 110 kg.\"},{\"@type\":\"BreadcrumbList\",\"@id\":\"https:\/\/gymfactory.eu\/fr\/produit\/machine-tire-flip-xxxl-z19\/#breadcrumb\",\"itemListElement\":[{\"@type\":\"ListItem\",\"position\":1,\"name\":\"Home\",\"item\":\"https:\/\/gymfactory.eu\/fr\/page-principale\/\"},{\"@type\":\"ListItem\",\"position\":2,\"name\":\"Catalogue\",\"item\":\"https:\/\/gymfactory.eu\/fr\/catalogue-2\/\"},{\"@type\":\"ListItem\",\"position\":3,\"name\":\"Machine Tire Flip XXXL Z19\"}]},{\"@type\":\"WebSite\",\"@id\":\"https:\/\/gymfactory.eu\/fr\/#website\",\"url\":\"https:\/\/gymfactory.eu\/fr\/\",\"name\":\"Gym Factory\",\"description\":\"\",\"publisher\":{\"@id\":\"https:\/\/gymfactory.eu\/fr\/#organization\"},\"potentialAction\":[{\"@type\":\"SearchAction\",\"target\":{\"@type\":\"EntryPoint\",\"urlTemplate\":\"https:\/\/gymfactory.eu\/fr\/?s={search_term_string}\"},\"query-input\":{\"@type\":\"PropertyValueSpecification\",\"valueRequired\":true,\"valueName\":\"search_term_string\"}}],\"inLanguage\":\"fr-FR\"},{\"@type\":\"Organization\",\"@id\":\"https:\/\/gymfactory.eu\/fr\/#organization\",\"name\":\"Gym Factory\",\"url\":\"https:\/\/gymfactory.eu\/fr\/\",\"logo\":{\"@type\":\"ImageObject\",\"inLanguage\":\"fr-FR\",\"@id\":\"https:\/\/gymfactory.eu\/fr\/#\/schema\/logo\/image\/\",\"url\":\"https:\/\/gymfactory.eu\/wp-content\/uploads\/2024\/11\/Component-1.svg\",\"contentUrl\":\"https:\/\/gymfactory.eu\/wp-content\/uploads\/2024\/11\/Component-1.svg\",\"width\":54,\"height\":44,\"caption\":\"Gym Factory\"},\"image\":{\"@id\":\"https:\/\/gymfactory.eu\/fr\/#\/schema\/logo\/image\/\"}}]}<\/script>\n<!-- \/ Yoast SEO plugin. -->","yoast_head_json":{"title":"Machine Tire Flip XXXL Z19 - Gym Factory","description":"Machine Tire Flip Z19 \u2013 \u00c9quipement d'Entra\u00eenement de Force Professionnel. D\u00e9couvrez la Machine Tire Flip Z19 \u2013 un \u00e9quipement de sport robuste pour l'entra\u00eenement de la force, de la puissance et de l'endurance. Parfait pour les athl\u00e8tes professionnels et les salles de sport.","robots":{"index":"index","follow":"follow","max-snippet":"max-snippet:-1","max-image-preview":"max-image-preview:large","max-video-preview":"max-video-preview:-1"},"canonical":"https:\/\/gymfactory.eu\/fr\/produit\/machine-tire-flip-xxxl-z19\/","og_locale":"fr_FR","og_type":"article","og_title":"Machine Tire Flip XXXL Z19 - Gym Factory","og_description":"Machine Tire Flip Z19 \u2013 \u00c9quipement d'Entra\u00eenement de Force Professionnel. D\u00e9couvrez la Machine Tire Flip Z19 \u2013 un \u00e9quipement de sport robuste pour l'entra\u00eenement de la force, de la puissance et de l'endurance. Parfait pour les athl\u00e8tes professionnels et les salles de sport.","og_url":"https:\/\/gymfactory.eu\/fr\/produit\/machine-tire-flip-xxxl-z19\/","og_site_name":"Gym Factory","og_image":[{"width":1500,"height":1500,"url":"https:\/\/gymfactory.eu\/wp-content\/uploads\/2025\/10\/Z19-Tire-Flip-Machine-Side-View.webp","type":"image\/webp"}],"twitter_card":"summary_large_image","twitter_misc":{"Dur\u00e9e de lecture estim\u00e9e":"1 minute"},"schema":{"@context":"https:\/\/schema.org","@graph":[{"@type":"WebPage","@id":"https:\/\/gymfactory.eu\/fr\/produit\/machine-tire-flip-xxxl-z19\/","url":"https:\/\/gymfactory.eu\/fr\/produit\/machine-tire-flip-xxxl-z19\/","name":"Machine Tire Flip XXXL Z19 - Gym Factory","isPartOf":{"@id":"https:\/\/gymfactory.eu\/fr\/#website"},"primaryImageOfPage":{"@id":"https:\/\/gymfactory.eu\/fr\/produit\/machine-tire-flip-xxxl-z19\/#primaryimage"},"image":{"@id":"https:\/\/gymfactory.eu\/fr\/produit\/machine-tire-flip-xxxl-z19\/#primaryimage"},"thumbnailUrl":"https:\/\/gymfactory.eu\/wp-content\/uploads\/2025\/10\/Z19-Tire-Flip-Machine-Side-View.webp","datePublished":"2025-10-01T10:49:38+00:00","description":"Machine Tire Flip Z19 \u2013 \u00c9quipement d'Entra\u00eenement de Force Professionnel. D\u00e9couvrez la Machine Tire Flip Z19 \u2013 un \u00e9quipement de sport robuste pour l'entra\u00eenement de la force, de la puissance et de l'endurance. Parfait pour les athl\u00e8tes professionnels et les salles de sport.","breadcrumb":{"@id":"https:\/\/gymfactory.eu\/fr\/produit\/machine-tire-flip-xxxl-z19\/#breadcrumb"},"inLanguage":"fr-FR","potentialAction":[{"@type":"ReadAction","target":["https:\/\/gymfactory.eu\/fr\/produit\/machine-tire-flip-xxxl-z19\/"]}]},{"@type":"ImageObject","inLanguage":"fr-FR","@id":"https:\/\/gymfactory.eu\/fr\/produit\/machine-tire-flip-xxxl-z19\/#primaryimage","url":"https:\/\/gymfactory.eu\/wp-content\/uploads\/2025\/10\/Z19-Tire-Flip-Machine-Side-View.webp","contentUrl":"https:\/\/gymfactory.eu\/wp-content\/uploads\/2025\/10\/Z19-Tire-Flip-Machine-Side-View.webp","width":1500,"height":1500,"caption":"\u00c9quipement de retournement de pneu pour entra\u00eenement de force avec un poids de d\u00e9part de 110 kg."},{"@type":"BreadcrumbList","@id":"https:\/\/gymfactory.eu\/fr\/produit\/machine-tire-flip-xxxl-z19\/#breadcrumb","itemListElement":[{"@type":"ListItem","position":1,"name":"Home","item":"https:\/\/gymfactory.eu\/fr\/page-principale\/"},{"@type":"ListItem","position":2,"name":"Catalogue","item":"https:\/\/gymfactory.eu\/fr\/catalogue-2\/"},{"@type":"ListItem","position":3,"name":"Machine Tire Flip XXXL Z19"}]},{"@type":"WebSite","@id":"https:\/\/gymfactory.eu\/fr\/#website","url":"https:\/\/gymfactory.eu\/fr\/","name":"Gym Factory","description":"","publisher":{"@id":"https:\/\/gymfactory.eu\/fr\/#organization"},"potentialAction":[{"@type":"SearchAction","target":{"@type":"EntryPoint","urlTemplate":"https:\/\/gymfactory.eu\/fr\/?s={search_term_string}"},"query-input":{"@type":"PropertyValueSpecification","valueRequired":true,"valueName":"search_term_string"}}],"inLanguage":"fr-FR"},{"@type":"Organization","@id":"https:\/\/gymfactory.eu\/fr\/#organization","name":"Gym Factory","url":"https:\/\/gymfactory.eu\/fr\/","logo":{"@type":"ImageObject","inLanguage":"fr-FR","@id":"https:\/\/gymfactory.eu\/fr\/#\/schema\/logo\/image\/","url":"https:\/\/gymfactory.eu\/wp-content\/uploads\/2024\/11\/Component-1.svg","contentUrl":"https:\/\/gymfactory.eu\/wp-content\/uploads\/2024\/11\/Component-1.svg","width":54,"height":44,"caption":"Gym Factory"},"image":{"@id":"https:\/\/gymfactory.eu\/fr\/#\/schema\/logo\/image\/"}}]}},"_links":{"self":[{"href":"https:\/\/gymfactory.eu\/fr\/wp-json\/wp\/v2\/product\/30354","targetHints":{"allow":["GET"]}}],"collection":[{"href":"https:\/\/gymfactory.eu\/fr\/wp-json\/wp\/v2\/product"}],"about":[{"href":"https:\/\/gymfactory.eu\/fr\/wp-json\/wp\/v2\/types\/product"}],"wp:featuredmedia":[{"embeddable":true,"href":"https:\/\/gymfactory.eu\/fr\/wp-json\/wp\/v2\/media\/13214"}],"wp:attachment":[{"href":"https:\/\/gymfactory.eu\/fr\/wp-json\/wp\/v2\/media?parent=30354"}],"wp:term":[{"taxonomy":"product_brand","embeddable":true,"href":"https:\/\/gymfactory.eu\/fr\/wp-json\/wp\/v2\/product_brand?post=30354"},{"taxonomy":"product_cat","embeddable":true,"href":"https:\/\/gymfactory.eu\/fr\/wp-json\/wp\/v2\/product_cat?post=30354"},{"taxonomy":"product_tag","embeddable":true,"href":"https:\/\/gymfactory.eu\/fr\/wp-json\/wp\/v2\/product_tag?post=30354"}],"curies":[{"name":"wp","href":"https:\/\/api.w.org\/{rel}","templated":true}]}}