{"id":30349,"date":"2025-09-26T13:50:08","date_gmt":"2025-09-26T10:50:08","guid":{"rendered":"https:\/\/gymfactory.eu\/product\/accessoire-contrepoids-xx2-pour-b5x\/"},"modified":"2025-09-26T13:50:08","modified_gmt":"2025-09-26T10:50:08","slug":"accessoire-contrepoids-xx2-pour-b5x","status":"publish","type":"product","link":"https:\/\/gymfactory.eu\/fr\/produit\/accessoire-contrepoids-xx2-pour-b5x\/","title":{"rendered":"Accessoire Contrepoids XX2 pour B5x"},"content":{"rendered":"<p>Le XX2 est un accessoire de contrepoids con\u00e7u pour la Machine Smith B5x (Smith Machine). Il compense le poids de la barre, cr\u00e9ant une r\u00e9sistance de d\u00e9part nulle. Cela le rend particuli\u00e8rement utile pour les d\u00e9butants apprenant la technique appropri\u00e9e, tandis que les utilisateurs avanc\u00e9s b\u00e9n\u00e9ficient d&rsquo;un contr\u00f4le plus pr\u00e9cis de la charge.  <\/p>\n<p>Lorsqu&rsquo;il est combin\u00e9 avec la <a href=\"https:\/\/gymfactory.eu\/product\/b5x-smith-machine\/\" target=\"_blank\" rel=\"noopener\">B5x<\/a>, la machine devient le <a href=\"https:\/\/gymfactory.eu\/product\/b5xx2-smith-machine\/\" target=\"_blank\" rel=\"noopener\">mod\u00e8le B5x2<\/a> \u2013 une Machine Smith enti\u00e8rement fonctionnelle avec un syst\u00e8me de contrepoids.<\/p>\n\n    <div class=\"xs_social_share_widget xs_share_url after_content \t\tmain_content  wslu-style-1 wslu-share-box-shaped wslu-fill-colored wslu-none wslu-share-horizontal wslu-theme-font-no wslu-main_content\">\n\n\t\t\n        <ul>\n\t\t\t        <\/ul>\n    <\/div> \n","protected":false},"excerpt":{"rendered":"<p>Le XX2 est un accessoire de contrepoids con\u00e7u pour la Machine Smith B5x (Smith Machine). Il compense le poids de la barre, cr\u00e9ant une r\u00e9sistance de d\u00e9part nulle. Cela le rend particuli\u00e8rement utile pour les d\u00e9butants apprenant la technique appropri\u00e9e, tandis que les utilisateurs avanc\u00e9s b\u00e9n\u00e9ficient d&rsquo;un contr\u00f4le plus pr\u00e9cis de la charge. Lorsqu&rsquo;il est [&hellip;]<\/p>\n","protected":false},"featured_media":24790,"template":"","meta":{"_acf_changed":false},"product_brand":[],"product_cat":[826],"product_tag":[857],"class_list":{"0":"post-30349","1":"product","2":"type-product","3":"status-publish","4":"has-post-thumbnail","6":"product_cat-accessoires-de-musculation","7":"product_tag-couleur-metal-uniquement","9":"first","10":"onbackorder","11":"taxable","12":"shipping-taxable","13":"purchasable","14":"product-type-variable"},"acf":[],"yoast_head":"<!-- This site is optimized with the Yoast SEO plugin v25.2 - https:\/\/yoast.com\/wordpress\/plugins\/seo\/ -->\n<title>Accessoire Contrepoids XX2 pour B5x - Gym Factory<\/title>\n<meta name=\"robots\" content=\"index, follow, max-snippet:-1, max-image-preview:large, max-video-preview:-1\" \/>\n<link rel=\"canonical\" href=\"https:\/\/gymfactory.eu\/fr\/produit\/accessoire-contrepoids-xx2-pour-b5x\/\" \/>\n<meta property=\"og:locale\" content=\"fr_FR\" \/>\n<meta property=\"og:type\" content=\"article\" \/>\n<meta property=\"og:title\" content=\"Accessoire Contrepoids XX2 pour B5x - Gym Factory\" \/>\n<meta property=\"og:description\" content=\"Le XX2 est un accessoire de contrepoids con\u00e7u pour la Machine Smith B5x (Smith Machine). Il compense le poids de la barre, cr\u00e9ant une r\u00e9sistance de d\u00e9part nulle. Cela le rend particuli\u00e8rement utile pour les d\u00e9butants apprenant la technique appropri\u00e9e, tandis que les utilisateurs avanc\u00e9s b\u00e9n\u00e9ficient d&rsquo;un contr\u00f4le plus pr\u00e9cis de la charge. Lorsqu&rsquo;il est [&hellip;]\" \/>\n<meta property=\"og:url\" content=\"https:\/\/gymfactory.eu\/fr\/produit\/accessoire-contrepoids-xx2-pour-b5x\/\" \/>\n<meta property=\"og:site_name\" content=\"Gym Factory\" \/>\n<meta property=\"og:image\" content=\"https:\/\/gymfactory.eu\/wp-content\/uploads\/2025\/09\/side-picture-of-B5XX-gym-machine-with-part-.webp\" \/>\n\t<meta property=\"og:image:width\" content=\"1500\" \/>\n\t<meta property=\"og:image:height\" content=\"1500\" \/>\n\t<meta property=\"og:image:type\" content=\"image\/webp\" \/>\n<meta name=\"twitter:card\" content=\"summary_large_image\" \/>\n<script type=\"application\/ld+json\" class=\"yoast-schema-graph\">{\"@context\":\"https:\/\/schema.org\",\"@graph\":[{\"@type\":\"WebPage\",\"@id\":\"https:\/\/gymfactory.eu\/fr\/produit\/accessoire-contrepoids-xx2-pour-b5x\/\",\"url\":\"https:\/\/gymfactory.eu\/fr\/produit\/accessoire-contrepoids-xx2-pour-b5x\/\",\"name\":\"Accessoire Contrepoids XX2 pour B5x - Gym Factory\",\"isPartOf\":{\"@id\":\"https:\/\/gymfactory.eu\/fr\/#website\"},\"primaryImageOfPage\":{\"@id\":\"https:\/\/gymfactory.eu\/fr\/produit\/accessoire-contrepoids-xx2-pour-b5x\/#primaryimage\"},\"image\":{\"@id\":\"https:\/\/gymfactory.eu\/fr\/produit\/accessoire-contrepoids-xx2-pour-b5x\/#primaryimage\"},\"thumbnailUrl\":\"https:\/\/gymfactory.eu\/wp-content\/uploads\/2025\/09\/side-picture-of-B5XX-gym-machine-with-part-.webp\",\"datePublished\":\"2025-09-26T10:50:08+00:00\",\"breadcrumb\":{\"@id\":\"https:\/\/gymfactory.eu\/fr\/produit\/accessoire-contrepoids-xx2-pour-b5x\/#breadcrumb\"},\"inLanguage\":\"fr-FR\",\"potentialAction\":[{\"@type\":\"ReadAction\",\"target\":[\"https:\/\/gymfactory.eu\/fr\/produit\/accessoire-contrepoids-xx2-pour-b5x\/\"]}]},{\"@type\":\"ImageObject\",\"inLanguage\":\"fr-FR\",\"@id\":\"https:\/\/gymfactory.eu\/fr\/produit\/accessoire-contrepoids-xx2-pour-b5x\/#primaryimage\",\"url\":\"https:\/\/gymfactory.eu\/wp-content\/uploads\/2025\/09\/side-picture-of-B5XX-gym-machine-with-part-.webp\",\"contentUrl\":\"https:\/\/gymfactory.eu\/wp-content\/uploads\/2025\/09\/side-picture-of-B5XX-gym-machine-with-part-.webp\",\"width\":1500,\"height\":1500},{\"@type\":\"BreadcrumbList\",\"@id\":\"https:\/\/gymfactory.eu\/fr\/produit\/accessoire-contrepoids-xx2-pour-b5x\/#breadcrumb\",\"itemListElement\":[{\"@type\":\"ListItem\",\"position\":1,\"name\":\"Home\",\"item\":\"https:\/\/gymfactory.eu\/fr\/page-principale\/\"},{\"@type\":\"ListItem\",\"position\":2,\"name\":\"Catalogue\",\"item\":\"https:\/\/gymfactory.eu\/fr\/catalogue-2\/\"},{\"@type\":\"ListItem\",\"position\":3,\"name\":\"Accessoire Contrepoids XX2 pour B5x\"}]},{\"@type\":\"WebSite\",\"@id\":\"https:\/\/gymfactory.eu\/fr\/#website\",\"url\":\"https:\/\/gymfactory.eu\/fr\/\",\"name\":\"Gym Factory\",\"description\":\"\",\"publisher\":{\"@id\":\"https:\/\/gymfactory.eu\/fr\/#organization\"},\"potentialAction\":[{\"@type\":\"SearchAction\",\"target\":{\"@type\":\"EntryPoint\",\"urlTemplate\":\"https:\/\/gymfactory.eu\/fr\/?s={search_term_string}\"},\"query-input\":{\"@type\":\"PropertyValueSpecification\",\"valueRequired\":true,\"valueName\":\"search_term_string\"}}],\"inLanguage\":\"fr-FR\"},{\"@type\":\"Organization\",\"@id\":\"https:\/\/gymfactory.eu\/fr\/#organization\",\"name\":\"Gym Factory\",\"url\":\"https:\/\/gymfactory.eu\/fr\/\",\"logo\":{\"@type\":\"ImageObject\",\"inLanguage\":\"fr-FR\",\"@id\":\"https:\/\/gymfactory.eu\/fr\/#\/schema\/logo\/image\/\",\"url\":\"https:\/\/gymfactory.eu\/wp-content\/uploads\/2024\/11\/Component-1.svg\",\"contentUrl\":\"https:\/\/gymfactory.eu\/wp-content\/uploads\/2024\/11\/Component-1.svg\",\"width\":54,\"height\":44,\"caption\":\"Gym Factory\"},\"image\":{\"@id\":\"https:\/\/gymfactory.eu\/fr\/#\/schema\/logo\/image\/\"}}]}<\/script>\n<!-- \/ Yoast SEO plugin. -->","yoast_head_json":{"title":"Accessoire Contrepoids XX2 pour B5x - Gym Factory","robots":{"index":"index","follow":"follow","max-snippet":"max-snippet:-1","max-image-preview":"max-image-preview:large","max-video-preview":"max-video-preview:-1"},"canonical":"https:\/\/gymfactory.eu\/fr\/produit\/accessoire-contrepoids-xx2-pour-b5x\/","og_locale":"fr_FR","og_type":"article","og_title":"Accessoire Contrepoids XX2 pour B5x - Gym Factory","og_description":"Le XX2 est un accessoire de contrepoids con\u00e7u pour la Machine Smith B5x (Smith Machine). Il compense le poids de la barre, cr\u00e9ant une r\u00e9sistance de d\u00e9part nulle. Cela le rend particuli\u00e8rement utile pour les d\u00e9butants apprenant la technique appropri\u00e9e, tandis que les utilisateurs avanc\u00e9s b\u00e9n\u00e9ficient d&rsquo;un contr\u00f4le plus pr\u00e9cis de la charge. Lorsqu&rsquo;il est [&hellip;]","og_url":"https:\/\/gymfactory.eu\/fr\/produit\/accessoire-contrepoids-xx2-pour-b5x\/","og_site_name":"Gym Factory","og_image":[{"width":1500,"height":1500,"url":"https:\/\/gymfactory.eu\/wp-content\/uploads\/2025\/09\/side-picture-of-B5XX-gym-machine-with-part-.webp","type":"image\/webp"}],"twitter_card":"summary_large_image","schema":{"@context":"https:\/\/schema.org","@graph":[{"@type":"WebPage","@id":"https:\/\/gymfactory.eu\/fr\/produit\/accessoire-contrepoids-xx2-pour-b5x\/","url":"https:\/\/gymfactory.eu\/fr\/produit\/accessoire-contrepoids-xx2-pour-b5x\/","name":"Accessoire Contrepoids XX2 pour B5x - Gym Factory","isPartOf":{"@id":"https:\/\/gymfactory.eu\/fr\/#website"},"primaryImageOfPage":{"@id":"https:\/\/gymfactory.eu\/fr\/produit\/accessoire-contrepoids-xx2-pour-b5x\/#primaryimage"},"image":{"@id":"https:\/\/gymfactory.eu\/fr\/produit\/accessoire-contrepoids-xx2-pour-b5x\/#primaryimage"},"thumbnailUrl":"https:\/\/gymfactory.eu\/wp-content\/uploads\/2025\/09\/side-picture-of-B5XX-gym-machine-with-part-.webp","datePublished":"2025-09-26T10:50:08+00:00","breadcrumb":{"@id":"https:\/\/gymfactory.eu\/fr\/produit\/accessoire-contrepoids-xx2-pour-b5x\/#breadcrumb"},"inLanguage":"fr-FR","potentialAction":[{"@type":"ReadAction","target":["https:\/\/gymfactory.eu\/fr\/produit\/accessoire-contrepoids-xx2-pour-b5x\/"]}]},{"@type":"ImageObject","inLanguage":"fr-FR","@id":"https:\/\/gymfactory.eu\/fr\/produit\/accessoire-contrepoids-xx2-pour-b5x\/#primaryimage","url":"https:\/\/gymfactory.eu\/wp-content\/uploads\/2025\/09\/side-picture-of-B5XX-gym-machine-with-part-.webp","contentUrl":"https:\/\/gymfactory.eu\/wp-content\/uploads\/2025\/09\/side-picture-of-B5XX-gym-machine-with-part-.webp","width":1500,"height":1500},{"@type":"BreadcrumbList","@id":"https:\/\/gymfactory.eu\/fr\/produit\/accessoire-contrepoids-xx2-pour-b5x\/#breadcrumb","itemListElement":[{"@type":"ListItem","position":1,"name":"Home","item":"https:\/\/gymfactory.eu\/fr\/page-principale\/"},{"@type":"ListItem","position":2,"name":"Catalogue","item":"https:\/\/gymfactory.eu\/fr\/catalogue-2\/"},{"@type":"ListItem","position":3,"name":"Accessoire Contrepoids XX2 pour B5x"}]},{"@type":"WebSite","@id":"https:\/\/gymfactory.eu\/fr\/#website","url":"https:\/\/gymfactory.eu\/fr\/","name":"Gym Factory","description":"","publisher":{"@id":"https:\/\/gymfactory.eu\/fr\/#organization"},"potentialAction":[{"@type":"SearchAction","target":{"@type":"EntryPoint","urlTemplate":"https:\/\/gymfactory.eu\/fr\/?s={search_term_string}"},"query-input":{"@type":"PropertyValueSpecification","valueRequired":true,"valueName":"search_term_string"}}],"inLanguage":"fr-FR"},{"@type":"Organization","@id":"https:\/\/gymfactory.eu\/fr\/#organization","name":"Gym Factory","url":"https:\/\/gymfactory.eu\/fr\/","logo":{"@type":"ImageObject","inLanguage":"fr-FR","@id":"https:\/\/gymfactory.eu\/fr\/#\/schema\/logo\/image\/","url":"https:\/\/gymfactory.eu\/wp-content\/uploads\/2024\/11\/Component-1.svg","contentUrl":"https:\/\/gymfactory.eu\/wp-content\/uploads\/2024\/11\/Component-1.svg","width":54,"height":44,"caption":"Gym Factory"},"image":{"@id":"https:\/\/gymfactory.eu\/fr\/#\/schema\/logo\/image\/"}}]}},"_links":{"self":[{"href":"https:\/\/gymfactory.eu\/fr\/wp-json\/wp\/v2\/product\/30349","targetHints":{"allow":["GET"]}}],"collection":[{"href":"https:\/\/gymfactory.eu\/fr\/wp-json\/wp\/v2\/product"}],"about":[{"href":"https:\/\/gymfactory.eu\/fr\/wp-json\/wp\/v2\/types\/product"}],"wp:featuredmedia":[{"embeddable":true,"href":"https:\/\/gymfactory.eu\/fr\/wp-json\/wp\/v2\/media\/24790"}],"wp:attachment":[{"href":"https:\/\/gymfactory.eu\/fr\/wp-json\/wp\/v2\/media?parent=30349"}],"wp:term":[{"taxonomy":"product_brand","embeddable":true,"href":"https:\/\/gymfactory.eu\/fr\/wp-json\/wp\/v2\/product_brand?post=30349"},{"taxonomy":"product_cat","embeddable":true,"href":"https:\/\/gymfactory.eu\/fr\/wp-json\/wp\/v2\/product_cat?post=30349"},{"taxonomy":"product_tag","embeddable":true,"href":"https:\/\/gymfactory.eu\/fr\/wp-json\/wp\/v2\/product_tag?post=30349"}],"curies":[{"name":"wp","href":"https:\/\/api.w.org\/{rel}","templated":true}]}}