{"id":30333,"date":"2025-09-10T11:19:52","date_gmt":"2025-09-10T08:19:52","guid":{"rendered":"https:\/\/gymfactory.eu\/product\/miniature-banc-reglable-mj2\/"},"modified":"2025-09-10T11:19:52","modified_gmt":"2025-09-10T08:19:52","slug":"miniature-banc-reglable-mj2","status":"publish","type":"product","link":"https:\/\/gymfactory.eu\/fr\/produit\/miniature-banc-reglable-mj2\/","title":{"rendered":"Miniature Banc R\u00e9glable mJ2"},"content":{"rendered":"<p>Le Miniature Banc R\u00e9glable mJ2 (Adjustable Bench) est un mod\u00e8le r\u00e9duit d&rsquo;accessoire de musculation destin\u00e9 aux collectionneurs, aux passionn\u00e9s de fitness et aux amateurs de miniatures. Il pr\u00e9sente un cadre rouge, un banc noir et un m\u00e9canisme de mouvement r\u00e9aliste. <\/p>\n<p>Cet accessoire de sport s&rsquo;int\u00e8gre parfaitement dans toute configuration de mini salle de sport ou vitrine d&rsquo;exposition. Il convient \u00e9galement comme petit cadeau th\u00e9matique pour les personnes int\u00e9ress\u00e9es par le fitness ou la conception de salles de sport.<\/p>\n\n    <div class=\"xs_social_share_widget xs_share_url after_content \t\tmain_content  wslu-style-1 wslu-share-box-shaped wslu-fill-colored wslu-none wslu-share-horizontal wslu-theme-font-no wslu-main_content\">\n\n\t\t\n        <ul>\n\t\t\t        <\/ul>\n    <\/div> \n","protected":false},"excerpt":{"rendered":"<p>Le Miniature Banc R\u00e9glable mJ2 (Adjustable Bench) est un mod\u00e8le r\u00e9duit d&rsquo;accessoire de musculation destin\u00e9 aux collectionneurs, aux passionn\u00e9s de fitness et aux amateurs de miniatures. Il pr\u00e9sente un cadre rouge, un banc noir et un m\u00e9canisme de mouvement r\u00e9aliste. Cet accessoire de sport s&rsquo;int\u00e8gre parfaitement dans toute configuration de mini salle de sport ou [&hellip;]<\/p>\n","protected":false},"featured_media":12552,"template":"","meta":{"_acf_changed":false},"product_brand":[],"product_cat":[829],"product_tag":[977],"class_list":{"0":"post-30333","1":"product","2":"type-product","3":"status-publish","4":"has-post-thumbnail","6":"product_cat-serie-mini-gym-pro","7":"product_tag-couleur-sans-couleurs","9":"first","10":"instock","11":"taxable","12":"shipping-taxable","13":"purchasable","14":"product-type-simple"},"acf":[],"yoast_head":"<!-- This site is optimized with the Yoast SEO plugin v25.2 - https:\/\/yoast.com\/wordpress\/plugins\/seo\/ -->\n<title>Miniature Banc R\u00e9glable mJ2 - Gym Factory<\/title>\n<meta name=\"robots\" content=\"index, follow, max-snippet:-1, max-image-preview:large, max-video-preview:-1\" \/>\n<link rel=\"canonical\" href=\"https:\/\/gymfactory.eu\/fr\/produit\/miniature-banc-reglable-mj2\/\" \/>\n<meta property=\"og:locale\" content=\"fr_FR\" \/>\n<meta property=\"og:type\" content=\"article\" \/>\n<meta property=\"og:title\" content=\"Miniature Banc R\u00e9glable mJ2 - Gym Factory\" \/>\n<meta property=\"og:description\" content=\"Le Miniature Banc R\u00e9glable mJ2 (Adjustable Bench) est un mod\u00e8le r\u00e9duit d&rsquo;accessoire de musculation destin\u00e9 aux collectionneurs, aux passionn\u00e9s de fitness et aux amateurs de miniatures. Il pr\u00e9sente un cadre rouge, un banc noir et un m\u00e9canisme de mouvement r\u00e9aliste. Cet accessoire de sport s&rsquo;int\u00e8gre parfaitement dans toute configuration de mini salle de sport ou [&hellip;]\" \/>\n<meta property=\"og:url\" content=\"https:\/\/gymfactory.eu\/fr\/produit\/miniature-banc-reglable-mj2\/\" \/>\n<meta property=\"og:site_name\" content=\"Gym Factory\" \/>\n<meta property=\"og:image\" content=\"https:\/\/gymfactory.eu\/wp-content\/uploads\/2025\/09\/Mini-Gym-J2-Adjustable-Bench.webp\" \/>\n\t<meta property=\"og:image:width\" content=\"1500\" \/>\n\t<meta property=\"og:image:height\" content=\"1500\" \/>\n\t<meta property=\"og:image:type\" content=\"image\/webp\" \/>\n<meta name=\"twitter:card\" content=\"summary_large_image\" \/>\n<script type=\"application\/ld+json\" class=\"yoast-schema-graph\">{\"@context\":\"https:\/\/schema.org\",\"@graph\":[{\"@type\":\"WebPage\",\"@id\":\"https:\/\/gymfactory.eu\/fr\/produit\/miniature-banc-reglable-mj2\/\",\"url\":\"https:\/\/gymfactory.eu\/fr\/produit\/miniature-banc-reglable-mj2\/\",\"name\":\"Miniature Banc R\u00e9glable mJ2 - Gym Factory\",\"isPartOf\":{\"@id\":\"https:\/\/gymfactory.eu\/fr\/#website\"},\"primaryImageOfPage\":{\"@id\":\"https:\/\/gymfactory.eu\/fr\/produit\/miniature-banc-reglable-mj2\/#primaryimage\"},\"image\":{\"@id\":\"https:\/\/gymfactory.eu\/fr\/produit\/miniature-banc-reglable-mj2\/#primaryimage\"},\"thumbnailUrl\":\"https:\/\/gymfactory.eu\/wp-content\/uploads\/2025\/09\/Mini-Gym-J2-Adjustable-Bench.webp\",\"datePublished\":\"2025-09-10T08:19:52+00:00\",\"breadcrumb\":{\"@id\":\"https:\/\/gymfactory.eu\/fr\/produit\/miniature-banc-reglable-mj2\/#breadcrumb\"},\"inLanguage\":\"fr-FR\",\"potentialAction\":[{\"@type\":\"ReadAction\",\"target\":[\"https:\/\/gymfactory.eu\/fr\/produit\/miniature-banc-reglable-mj2\/\"]}]},{\"@type\":\"ImageObject\",\"inLanguage\":\"fr-FR\",\"@id\":\"https:\/\/gymfactory.eu\/fr\/produit\/miniature-banc-reglable-mj2\/#primaryimage\",\"url\":\"https:\/\/gymfactory.eu\/wp-content\/uploads\/2025\/09\/Mini-Gym-J2-Adjustable-Bench.webp\",\"contentUrl\":\"https:\/\/gymfactory.eu\/wp-content\/uploads\/2025\/09\/Mini-Gym-J2-Adjustable-Bench.webp\",\"width\":1500,\"height\":1500},{\"@type\":\"BreadcrumbList\",\"@id\":\"https:\/\/gymfactory.eu\/fr\/produit\/miniature-banc-reglable-mj2\/#breadcrumb\",\"itemListElement\":[{\"@type\":\"ListItem\",\"position\":1,\"name\":\"Home\",\"item\":\"https:\/\/gymfactory.eu\/fr\/page-principale\/\"},{\"@type\":\"ListItem\",\"position\":2,\"name\":\"Catalogue\",\"item\":\"https:\/\/gymfactory.eu\/fr\/catalogue-2\/\"},{\"@type\":\"ListItem\",\"position\":3,\"name\":\"Miniature Banc R\u00e9glable mJ2\"}]},{\"@type\":\"WebSite\",\"@id\":\"https:\/\/gymfactory.eu\/fr\/#website\",\"url\":\"https:\/\/gymfactory.eu\/fr\/\",\"name\":\"Gym Factory\",\"description\":\"\",\"publisher\":{\"@id\":\"https:\/\/gymfactory.eu\/fr\/#organization\"},\"potentialAction\":[{\"@type\":\"SearchAction\",\"target\":{\"@type\":\"EntryPoint\",\"urlTemplate\":\"https:\/\/gymfactory.eu\/fr\/?s={search_term_string}\"},\"query-input\":{\"@type\":\"PropertyValueSpecification\",\"valueRequired\":true,\"valueName\":\"search_term_string\"}}],\"inLanguage\":\"fr-FR\"},{\"@type\":\"Organization\",\"@id\":\"https:\/\/gymfactory.eu\/fr\/#organization\",\"name\":\"Gym Factory\",\"url\":\"https:\/\/gymfactory.eu\/fr\/\",\"logo\":{\"@type\":\"ImageObject\",\"inLanguage\":\"fr-FR\",\"@id\":\"https:\/\/gymfactory.eu\/fr\/#\/schema\/logo\/image\/\",\"url\":\"https:\/\/gymfactory.eu\/wp-content\/uploads\/2024\/11\/Component-1.svg\",\"contentUrl\":\"https:\/\/gymfactory.eu\/wp-content\/uploads\/2024\/11\/Component-1.svg\",\"width\":54,\"height\":44,\"caption\":\"Gym Factory\"},\"image\":{\"@id\":\"https:\/\/gymfactory.eu\/fr\/#\/schema\/logo\/image\/\"}}]}<\/script>\n<!-- \/ Yoast SEO plugin. -->","yoast_head_json":{"title":"Miniature Banc R\u00e9glable mJ2 - Gym Factory","robots":{"index":"index","follow":"follow","max-snippet":"max-snippet:-1","max-image-preview":"max-image-preview:large","max-video-preview":"max-video-preview:-1"},"canonical":"https:\/\/gymfactory.eu\/fr\/produit\/miniature-banc-reglable-mj2\/","og_locale":"fr_FR","og_type":"article","og_title":"Miniature Banc R\u00e9glable mJ2 - Gym Factory","og_description":"Le Miniature Banc R\u00e9glable mJ2 (Adjustable Bench) est un mod\u00e8le r\u00e9duit d&rsquo;accessoire de musculation destin\u00e9 aux collectionneurs, aux passionn\u00e9s de fitness et aux amateurs de miniatures. Il pr\u00e9sente un cadre rouge, un banc noir et un m\u00e9canisme de mouvement r\u00e9aliste. Cet accessoire de sport s&rsquo;int\u00e8gre parfaitement dans toute configuration de mini salle de sport ou [&hellip;]","og_url":"https:\/\/gymfactory.eu\/fr\/produit\/miniature-banc-reglable-mj2\/","og_site_name":"Gym Factory","og_image":[{"width":1500,"height":1500,"url":"https:\/\/gymfactory.eu\/wp-content\/uploads\/2025\/09\/Mini-Gym-J2-Adjustable-Bench.webp","type":"image\/webp"}],"twitter_card":"summary_large_image","schema":{"@context":"https:\/\/schema.org","@graph":[{"@type":"WebPage","@id":"https:\/\/gymfactory.eu\/fr\/produit\/miniature-banc-reglable-mj2\/","url":"https:\/\/gymfactory.eu\/fr\/produit\/miniature-banc-reglable-mj2\/","name":"Miniature Banc R\u00e9glable mJ2 - Gym Factory","isPartOf":{"@id":"https:\/\/gymfactory.eu\/fr\/#website"},"primaryImageOfPage":{"@id":"https:\/\/gymfactory.eu\/fr\/produit\/miniature-banc-reglable-mj2\/#primaryimage"},"image":{"@id":"https:\/\/gymfactory.eu\/fr\/produit\/miniature-banc-reglable-mj2\/#primaryimage"},"thumbnailUrl":"https:\/\/gymfactory.eu\/wp-content\/uploads\/2025\/09\/Mini-Gym-J2-Adjustable-Bench.webp","datePublished":"2025-09-10T08:19:52+00:00","breadcrumb":{"@id":"https:\/\/gymfactory.eu\/fr\/produit\/miniature-banc-reglable-mj2\/#breadcrumb"},"inLanguage":"fr-FR","potentialAction":[{"@type":"ReadAction","target":["https:\/\/gymfactory.eu\/fr\/produit\/miniature-banc-reglable-mj2\/"]}]},{"@type":"ImageObject","inLanguage":"fr-FR","@id":"https:\/\/gymfactory.eu\/fr\/produit\/miniature-banc-reglable-mj2\/#primaryimage","url":"https:\/\/gymfactory.eu\/wp-content\/uploads\/2025\/09\/Mini-Gym-J2-Adjustable-Bench.webp","contentUrl":"https:\/\/gymfactory.eu\/wp-content\/uploads\/2025\/09\/Mini-Gym-J2-Adjustable-Bench.webp","width":1500,"height":1500},{"@type":"BreadcrumbList","@id":"https:\/\/gymfactory.eu\/fr\/produit\/miniature-banc-reglable-mj2\/#breadcrumb","itemListElement":[{"@type":"ListItem","position":1,"name":"Home","item":"https:\/\/gymfactory.eu\/fr\/page-principale\/"},{"@type":"ListItem","position":2,"name":"Catalogue","item":"https:\/\/gymfactory.eu\/fr\/catalogue-2\/"},{"@type":"ListItem","position":3,"name":"Miniature Banc R\u00e9glable mJ2"}]},{"@type":"WebSite","@id":"https:\/\/gymfactory.eu\/fr\/#website","url":"https:\/\/gymfactory.eu\/fr\/","name":"Gym Factory","description":"","publisher":{"@id":"https:\/\/gymfactory.eu\/fr\/#organization"},"potentialAction":[{"@type":"SearchAction","target":{"@type":"EntryPoint","urlTemplate":"https:\/\/gymfactory.eu\/fr\/?s={search_term_string}"},"query-input":{"@type":"PropertyValueSpecification","valueRequired":true,"valueName":"search_term_string"}}],"inLanguage":"fr-FR"},{"@type":"Organization","@id":"https:\/\/gymfactory.eu\/fr\/#organization","name":"Gym Factory","url":"https:\/\/gymfactory.eu\/fr\/","logo":{"@type":"ImageObject","inLanguage":"fr-FR","@id":"https:\/\/gymfactory.eu\/fr\/#\/schema\/logo\/image\/","url":"https:\/\/gymfactory.eu\/wp-content\/uploads\/2024\/11\/Component-1.svg","contentUrl":"https:\/\/gymfactory.eu\/wp-content\/uploads\/2024\/11\/Component-1.svg","width":54,"height":44,"caption":"Gym Factory"},"image":{"@id":"https:\/\/gymfactory.eu\/fr\/#\/schema\/logo\/image\/"}}]}},"_links":{"self":[{"href":"https:\/\/gymfactory.eu\/fr\/wp-json\/wp\/v2\/product\/30333","targetHints":{"allow":["GET"]}}],"collection":[{"href":"https:\/\/gymfactory.eu\/fr\/wp-json\/wp\/v2\/product"}],"about":[{"href":"https:\/\/gymfactory.eu\/fr\/wp-json\/wp\/v2\/types\/product"}],"wp:featuredmedia":[{"embeddable":true,"href":"https:\/\/gymfactory.eu\/fr\/wp-json\/wp\/v2\/media\/12552"}],"wp:attachment":[{"href":"https:\/\/gymfactory.eu\/fr\/wp-json\/wp\/v2\/media?parent=30333"}],"wp:term":[{"taxonomy":"product_brand","embeddable":true,"href":"https:\/\/gymfactory.eu\/fr\/wp-json\/wp\/v2\/product_brand?post=30333"},{"taxonomy":"product_cat","embeddable":true,"href":"https:\/\/gymfactory.eu\/fr\/wp-json\/wp\/v2\/product_cat?post=30333"},{"taxonomy":"product_tag","embeddable":true,"href":"https:\/\/gymfactory.eu\/fr\/wp-json\/wp\/v2\/product_tag?post=30333"}],"curies":[{"name":"wp","href":"https:\/\/api.w.org\/{rel}","templated":true}]}}