{"id":30322,"date":"2025-05-26T13:19:50","date_gmt":"2025-05-26T10:19:50","guid":{"rendered":"https:\/\/gymfactory.eu\/product\/banc-pour-ischio-jambiers-s3y\/"},"modified":"2025-05-26T13:19:50","modified_gmt":"2025-05-26T10:19:50","slug":"banc-pour-ischio-jambiers-s3y","status":"publish","type":"product","link":"https:\/\/gymfactory.eu\/fr\/produit\/banc-pour-ischio-jambiers-s3y\/","title":{"rendered":"Banc pour Ischio-jambiers S3Y"},"content":{"rendered":"<p>Le Banc pour Ischio-jambiers S3Y (Hamstrings Bench) est un appareil d&rsquo;entra\u00eenement au poids du corps con\u00e7u pour d\u00e9velopper la force et le contr\u00f4le des ischio-jambiers. L&rsquo;utilisateur s&rsquo;agenouille sur une plateforme de support fixe, les chevilles s\u00e9curis\u00e9es par des rouleaux rembourr\u00e9s. \u00c0 partir de cette position, le haut du corps est abaiss\u00e9 vers l&rsquo;avant de mani\u00e8re contr\u00f4l\u00e9e, sollicitant les ischio-jambiers par contraction excentrique.  <\/p>\n<p>Le banc comprend un syst\u00e8me de rouleaux r\u00e9glables pour un positionnement correct adapt\u00e9 \u00e0 chaque utilisateur.<\/p>\n<p>Cette version dispose d&rsquo;un levier d&rsquo;assistance suppl\u00e9mentaire avec une poign\u00e9e en acier inoxydable molet\u00e9e pour le soutien. Le levier aide \u00e0 r\u00e9duire la charge pendant le mouvement et inclut un manchon pour disques de poids standards, permettant un ajustement de l&rsquo;assistance selon les besoins. <\/p>\n<p>Convient \u00e0 une utilisation en salle de sport \u00e0 domicile (home gym) ou commerciale.<\/p>\n\n    <div class=\"xs_social_share_widget xs_share_url after_content \t\tmain_content  wslu-style-1 wslu-share-box-shaped wslu-fill-colored wslu-none wslu-share-horizontal wslu-theme-font-no wslu-main_content\">\n\n\t\t\n        <ul>\n\t\t\t        <\/ul>\n    <\/div> \n","protected":false},"excerpt":{"rendered":"<p>Le Banc pour Ischio-jambiers S3Y (Hamstrings Bench) est un appareil d&rsquo;entra\u00eenement au poids du corps con\u00e7u pour d\u00e9velopper la force et le contr\u00f4le des ischio-jambiers. L&rsquo;utilisateur s&rsquo;agenouille sur une plateforme de support fixe, les chevilles s\u00e9curis\u00e9es par des rouleaux rembourr\u00e9s. \u00c0 partir de cette position, le haut du corps est abaiss\u00e9 vers l&rsquo;avant de mani\u00e8re [&hellip;]<\/p>\n","protected":false},"featured_media":30323,"template":"","meta":{"_acf_changed":false},"product_brand":[56],"product_cat":[832,836],"product_tag":[],"class_list":{"0":"post-30322","1":"product","2":"type-product","3":"status-publish","4":"has-post-thumbnail","6":"product_brand-gym-factory","7":"product_cat-machines-a-charge-par-plaques","8":"product_cat-bancs-de-musculation","10":"first","11":"onbackorder","12":"taxable","13":"shipping-taxable","14":"purchasable","15":"product-type-variable","16":"has-default-attributes"},"acf":[],"yoast_head":"<!-- This site is optimized with the Yoast SEO plugin v25.2 - https:\/\/yoast.com\/wordpress\/plugins\/seo\/ -->\n<title>Banc pour Ischio-jambiers S3Y - Gym Factory<\/title>\n<meta name=\"description\" content=\"Banc pour Ischio-jambiers S3Y avec Levier d&#039;Assistance et Chargement de Poids\" \/>\n<meta name=\"robots\" content=\"index, follow, max-snippet:-1, max-image-preview:large, max-video-preview:-1\" \/>\n<link rel=\"canonical\" href=\"https:\/\/gymfactory.eu\/fr\/produit\/banc-pour-ischio-jambiers-s3y\/\" \/>\n<meta property=\"og:locale\" content=\"fr_FR\" \/>\n<meta property=\"og:type\" content=\"article\" \/>\n<meta property=\"og:title\" content=\"Banc pour Ischio-jambiers S3Y - Gym Factory\" \/>\n<meta property=\"og:description\" content=\"Banc pour Ischio-jambiers S3Y avec Levier d&#039;Assistance et Chargement de Poids\" \/>\n<meta property=\"og:url\" content=\"https:\/\/gymfactory.eu\/fr\/produit\/banc-pour-ischio-jambiers-s3y\/\" \/>\n<meta property=\"og:site_name\" content=\"Gym Factory\" \/>\n<meta property=\"og:image\" content=\"https:\/\/gymfactory.eu\/wp-content\/uploads\/2025\/05\/S3Y-Hamstring-Bench-\u2013-with-support-lever-and-loading-option-1.jpg\" \/>\n\t<meta property=\"og:image:width\" content=\"1500\" \/>\n\t<meta property=\"og:image:height\" content=\"1500\" \/>\n\t<meta property=\"og:image:type\" content=\"image\/jpeg\" \/>\n<meta name=\"twitter:card\" content=\"summary_large_image\" \/>\n<meta name=\"twitter:label1\" content=\"Dur\u00e9e de lecture estim\u00e9e\" \/>\n\t<meta name=\"twitter:data1\" content=\"1 minute\" \/>\n<script type=\"application\/ld+json\" class=\"yoast-schema-graph\">{\"@context\":\"https:\/\/schema.org\",\"@graph\":[{\"@type\":\"WebPage\",\"@id\":\"https:\/\/gymfactory.eu\/fr\/produit\/banc-pour-ischio-jambiers-s3y\/\",\"url\":\"https:\/\/gymfactory.eu\/fr\/produit\/banc-pour-ischio-jambiers-s3y\/\",\"name\":\"Banc pour Ischio-jambiers S3Y - Gym Factory\",\"isPartOf\":{\"@id\":\"https:\/\/gymfactory.eu\/fr\/#website\"},\"primaryImageOfPage\":{\"@id\":\"https:\/\/gymfactory.eu\/fr\/produit\/banc-pour-ischio-jambiers-s3y\/#primaryimage\"},\"image\":{\"@id\":\"https:\/\/gymfactory.eu\/fr\/produit\/banc-pour-ischio-jambiers-s3y\/#primaryimage\"},\"thumbnailUrl\":\"https:\/\/gymfactory.eu\/wp-content\/uploads\/2025\/05\/S3Y-Hamstring-Bench-\u2013-with-support-lever-and-loading-option-1.jpg\",\"datePublished\":\"2025-05-26T10:19:50+00:00\",\"description\":\"Banc pour Ischio-jambiers S3Y avec Levier d'Assistance et Chargement de Poids\",\"breadcrumb\":{\"@id\":\"https:\/\/gymfactory.eu\/fr\/produit\/banc-pour-ischio-jambiers-s3y\/#breadcrumb\"},\"inLanguage\":\"fr-FR\",\"potentialAction\":[{\"@type\":\"ReadAction\",\"target\":[\"https:\/\/gymfactory.eu\/fr\/produit\/banc-pour-ischio-jambiers-s3y\/\"]}]},{\"@type\":\"ImageObject\",\"inLanguage\":\"fr-FR\",\"@id\":\"https:\/\/gymfactory.eu\/fr\/produit\/banc-pour-ischio-jambiers-s3y\/#primaryimage\",\"url\":\"https:\/\/gymfactory.eu\/wp-content\/uploads\/2025\/05\/S3Y-Hamstring-Bench-\u2013-with-support-lever-and-loading-option-1.jpg\",\"contentUrl\":\"https:\/\/gymfactory.eu\/wp-content\/uploads\/2025\/05\/S3Y-Hamstring-Bench-\u2013-with-support-lever-and-loading-option-1.jpg\",\"width\":1500,\"height\":1500,\"caption\":\"S3Y hamstring training bench with padded support, adjustable rollers, assist lever with knurled handle, and weight plate loading sleeve\"},{\"@type\":\"BreadcrumbList\",\"@id\":\"https:\/\/gymfactory.eu\/fr\/produit\/banc-pour-ischio-jambiers-s3y\/#breadcrumb\",\"itemListElement\":[{\"@type\":\"ListItem\",\"position\":1,\"name\":\"Home\",\"item\":\"https:\/\/gymfactory.eu\/fr\/page-principale\/\"},{\"@type\":\"ListItem\",\"position\":2,\"name\":\"Catalogue\",\"item\":\"https:\/\/gymfactory.eu\/fr\/catalogue-2\/\"},{\"@type\":\"ListItem\",\"position\":3,\"name\":\"Banc pour Ischio-jambiers S3Y\"}]},{\"@type\":\"WebSite\",\"@id\":\"https:\/\/gymfactory.eu\/fr\/#website\",\"url\":\"https:\/\/gymfactory.eu\/fr\/\",\"name\":\"Gym Factory\",\"description\":\"\",\"publisher\":{\"@id\":\"https:\/\/gymfactory.eu\/fr\/#organization\"},\"potentialAction\":[{\"@type\":\"SearchAction\",\"target\":{\"@type\":\"EntryPoint\",\"urlTemplate\":\"https:\/\/gymfactory.eu\/fr\/?s={search_term_string}\"},\"query-input\":{\"@type\":\"PropertyValueSpecification\",\"valueRequired\":true,\"valueName\":\"search_term_string\"}}],\"inLanguage\":\"fr-FR\"},{\"@type\":\"Organization\",\"@id\":\"https:\/\/gymfactory.eu\/fr\/#organization\",\"name\":\"Gym Factory\",\"url\":\"https:\/\/gymfactory.eu\/fr\/\",\"logo\":{\"@type\":\"ImageObject\",\"inLanguage\":\"fr-FR\",\"@id\":\"https:\/\/gymfactory.eu\/fr\/#\/schema\/logo\/image\/\",\"url\":\"https:\/\/gymfactory.eu\/wp-content\/uploads\/2024\/11\/Component-1.svg\",\"contentUrl\":\"https:\/\/gymfactory.eu\/wp-content\/uploads\/2024\/11\/Component-1.svg\",\"width\":54,\"height\":44,\"caption\":\"Gym Factory\"},\"image\":{\"@id\":\"https:\/\/gymfactory.eu\/fr\/#\/schema\/logo\/image\/\"}}]}<\/script>\n<!-- \/ Yoast SEO plugin. -->","yoast_head_json":{"title":"Banc pour Ischio-jambiers S3Y - Gym Factory","description":"Banc pour Ischio-jambiers S3Y avec Levier d'Assistance et Chargement de Poids","robots":{"index":"index","follow":"follow","max-snippet":"max-snippet:-1","max-image-preview":"max-image-preview:large","max-video-preview":"max-video-preview:-1"},"canonical":"https:\/\/gymfactory.eu\/fr\/produit\/banc-pour-ischio-jambiers-s3y\/","og_locale":"fr_FR","og_type":"article","og_title":"Banc pour Ischio-jambiers S3Y - Gym Factory","og_description":"Banc pour Ischio-jambiers S3Y avec Levier d'Assistance et Chargement de Poids","og_url":"https:\/\/gymfactory.eu\/fr\/produit\/banc-pour-ischio-jambiers-s3y\/","og_site_name":"Gym Factory","og_image":[{"width":1500,"height":1500,"url":"https:\/\/gymfactory.eu\/wp-content\/uploads\/2025\/05\/S3Y-Hamstring-Bench-\u2013-with-support-lever-and-loading-option-1.jpg","type":"image\/jpeg"}],"twitter_card":"summary_large_image","twitter_misc":{"Dur\u00e9e de lecture estim\u00e9e":"1 minute"},"schema":{"@context":"https:\/\/schema.org","@graph":[{"@type":"WebPage","@id":"https:\/\/gymfactory.eu\/fr\/produit\/banc-pour-ischio-jambiers-s3y\/","url":"https:\/\/gymfactory.eu\/fr\/produit\/banc-pour-ischio-jambiers-s3y\/","name":"Banc pour Ischio-jambiers S3Y - Gym Factory","isPartOf":{"@id":"https:\/\/gymfactory.eu\/fr\/#website"},"primaryImageOfPage":{"@id":"https:\/\/gymfactory.eu\/fr\/produit\/banc-pour-ischio-jambiers-s3y\/#primaryimage"},"image":{"@id":"https:\/\/gymfactory.eu\/fr\/produit\/banc-pour-ischio-jambiers-s3y\/#primaryimage"},"thumbnailUrl":"https:\/\/gymfactory.eu\/wp-content\/uploads\/2025\/05\/S3Y-Hamstring-Bench-\u2013-with-support-lever-and-loading-option-1.jpg","datePublished":"2025-05-26T10:19:50+00:00","description":"Banc pour Ischio-jambiers S3Y avec Levier d'Assistance et Chargement de Poids","breadcrumb":{"@id":"https:\/\/gymfactory.eu\/fr\/produit\/banc-pour-ischio-jambiers-s3y\/#breadcrumb"},"inLanguage":"fr-FR","potentialAction":[{"@type":"ReadAction","target":["https:\/\/gymfactory.eu\/fr\/produit\/banc-pour-ischio-jambiers-s3y\/"]}]},{"@type":"ImageObject","inLanguage":"fr-FR","@id":"https:\/\/gymfactory.eu\/fr\/produit\/banc-pour-ischio-jambiers-s3y\/#primaryimage","url":"https:\/\/gymfactory.eu\/wp-content\/uploads\/2025\/05\/S3Y-Hamstring-Bench-\u2013-with-support-lever-and-loading-option-1.jpg","contentUrl":"https:\/\/gymfactory.eu\/wp-content\/uploads\/2025\/05\/S3Y-Hamstring-Bench-\u2013-with-support-lever-and-loading-option-1.jpg","width":1500,"height":1500,"caption":"S3Y hamstring training bench with padded support, adjustable rollers, assist lever with knurled handle, and weight plate loading sleeve"},{"@type":"BreadcrumbList","@id":"https:\/\/gymfactory.eu\/fr\/produit\/banc-pour-ischio-jambiers-s3y\/#breadcrumb","itemListElement":[{"@type":"ListItem","position":1,"name":"Home","item":"https:\/\/gymfactory.eu\/fr\/page-principale\/"},{"@type":"ListItem","position":2,"name":"Catalogue","item":"https:\/\/gymfactory.eu\/fr\/catalogue-2\/"},{"@type":"ListItem","position":3,"name":"Banc pour Ischio-jambiers S3Y"}]},{"@type":"WebSite","@id":"https:\/\/gymfactory.eu\/fr\/#website","url":"https:\/\/gymfactory.eu\/fr\/","name":"Gym Factory","description":"","publisher":{"@id":"https:\/\/gymfactory.eu\/fr\/#organization"},"potentialAction":[{"@type":"SearchAction","target":{"@type":"EntryPoint","urlTemplate":"https:\/\/gymfactory.eu\/fr\/?s={search_term_string}"},"query-input":{"@type":"PropertyValueSpecification","valueRequired":true,"valueName":"search_term_string"}}],"inLanguage":"fr-FR"},{"@type":"Organization","@id":"https:\/\/gymfactory.eu\/fr\/#organization","name":"Gym Factory","url":"https:\/\/gymfactory.eu\/fr\/","logo":{"@type":"ImageObject","inLanguage":"fr-FR","@id":"https:\/\/gymfactory.eu\/fr\/#\/schema\/logo\/image\/","url":"https:\/\/gymfactory.eu\/wp-content\/uploads\/2024\/11\/Component-1.svg","contentUrl":"https:\/\/gymfactory.eu\/wp-content\/uploads\/2024\/11\/Component-1.svg","width":54,"height":44,"caption":"Gym Factory"},"image":{"@id":"https:\/\/gymfactory.eu\/fr\/#\/schema\/logo\/image\/"}}]}},"_links":{"self":[{"href":"https:\/\/gymfactory.eu\/fr\/wp-json\/wp\/v2\/product\/30322","targetHints":{"allow":["GET"]}}],"collection":[{"href":"https:\/\/gymfactory.eu\/fr\/wp-json\/wp\/v2\/product"}],"about":[{"href":"https:\/\/gymfactory.eu\/fr\/wp-json\/wp\/v2\/types\/product"}],"wp:featuredmedia":[{"embeddable":true,"href":"https:\/\/gymfactory.eu\/fr\/wp-json\/wp\/v2\/media\/30323"}],"wp:attachment":[{"href":"https:\/\/gymfactory.eu\/fr\/wp-json\/wp\/v2\/media?parent=30322"}],"wp:term":[{"taxonomy":"product_brand","embeddable":true,"href":"https:\/\/gymfactory.eu\/fr\/wp-json\/wp\/v2\/product_brand?post=30322"},{"taxonomy":"product_cat","embeddable":true,"href":"https:\/\/gymfactory.eu\/fr\/wp-json\/wp\/v2\/product_cat?post=30322"},{"taxonomy":"product_tag","embeddable":true,"href":"https:\/\/gymfactory.eu\/fr\/wp-json\/wp\/v2\/product_tag?post=30322"}],"curies":[{"name":"wp","href":"https:\/\/api.w.org\/{rel}","templated":true}]}}