{"id":30320,"date":"2025-05-26T13:00:08","date_gmt":"2025-05-26T10:00:08","guid":{"rendered":"https:\/\/gymfactory.eu\/product\/goupille-de-connexion-wp-3x\/"},"modified":"2025-05-26T13:00:08","modified_gmt":"2025-05-26T10:00:08","slug":"goupille-de-connexion-wp-3x","status":"publish","type":"product","link":"https:\/\/gymfactory.eu\/fr\/produit\/goupille-de-connexion-wp-3x\/","title":{"rendered":"Goupille de Connexion WP-3X"},"content":{"rendered":"<p>La WP-3X est la goupille de connexion utilis\u00e9e pour fixer <a href=\"https:\/\/gymfactory.eu\/product\/wp-3-central-weight-stack-rod-for-wp-0-system\/\" target=\"_blank\" rel=\"noopener\">la tige centrale WP-3<\/a> \u00e0 <a href=\"https:\/\/gymfactory.eu\/product\/top-weight-stack-plate-wp2x\/\" target=\"_blank\" rel=\"noopener\">la plaque sup\u00e9rieure WP-2X<\/a>. La goupille est ins\u00e9r\u00e9e horizontalement \u00e0 travers les deux composants pour maintenir la tige de guidage en place.<\/p>\n\n    <div class=\"xs_social_share_widget xs_share_url after_content \t\tmain_content  wslu-style-1 wslu-share-box-shaped wslu-fill-colored wslu-none wslu-share-horizontal wslu-theme-font-no wslu-main_content\">\n\n\t\t\n        <ul>\n\t\t\t        <\/ul>\n    <\/div> \n","protected":false},"excerpt":{"rendered":"<p>La WP-3X est la goupille de connexion utilis\u00e9e pour fixer la tige centrale WP-3 \u00e0 la plaque sup\u00e9rieure WP-2X. La goupille est ins\u00e9r\u00e9e horizontalement \u00e0 travers les deux composants pour maintenir la tige de guidage en place.<\/p>\n","protected":false},"featured_media":30321,"template":"","meta":{"_acf_changed":false},"product_brand":[56],"product_cat":[827],"product_tag":[977],"class_list":{"0":"post-30320","1":"product","2":"type-product","3":"status-publish","4":"has-post-thumbnail","6":"product_brand-gym-factory","7":"product_cat-pieces-detachees-pour-equipements-de-musculation","8":"product_tag-couleur-sans-couleurs","10":"first","11":"onbackorder","12":"taxable","13":"shipping-taxable","14":"purchasable","15":"product-type-simple"},"acf":[],"yoast_head":"<!-- This site is optimized with the Yoast SEO plugin v25.2 - https:\/\/yoast.com\/wordpress\/plugins\/seo\/ -->\n<title>Goupille de Connexion WP-3X - Gym Factory<\/title>\n<meta name=\"description\" content=\"Goupille de connexion (WP-3X) pour fixer la tige WP-3 \u00e0 la plaque WP-2X dans le syst\u00e8me de colonne de poids.\" \/>\n<meta name=\"robots\" content=\"index, follow, max-snippet:-1, max-image-preview:large, max-video-preview:-1\" \/>\n<link rel=\"canonical\" href=\"https:\/\/gymfactory.eu\/fr\/produit\/goupille-de-connexion-wp-3x\/\" \/>\n<meta property=\"og:locale\" content=\"fr_FR\" \/>\n<meta property=\"og:type\" content=\"article\" \/>\n<meta property=\"og:title\" content=\"Goupille de Connexion WP-3X - Gym Factory\" \/>\n<meta property=\"og:description\" content=\"Goupille de connexion (WP-3X) pour fixer la tige WP-3 \u00e0 la plaque WP-2X dans le syst\u00e8me de colonne de poids.\" \/>\n<meta property=\"og:url\" content=\"https:\/\/gymfactory.eu\/fr\/produit\/goupille-de-connexion-wp-3x\/\" \/>\n<meta property=\"og:site_name\" content=\"Gym Factory\" \/>\n<meta property=\"og:image\" content=\"https:\/\/gymfactory.eu\/wp-content\/uploads\/2025\/05\/WP-3X-\u2013-Pin-for-securing-central-rod-to-top-plate-in-WP-0-system.jpg\" \/>\n\t<meta property=\"og:image:width\" content=\"1500\" \/>\n\t<meta property=\"og:image:height\" content=\"1500\" \/>\n\t<meta property=\"og:image:type\" content=\"image\/jpeg\" \/>\n<meta name=\"twitter:card\" content=\"summary_large_image\" \/>\n<script type=\"application\/ld+json\" class=\"yoast-schema-graph\">{\"@context\":\"https:\/\/schema.org\",\"@graph\":[{\"@type\":\"WebPage\",\"@id\":\"https:\/\/gymfactory.eu\/fr\/produit\/goupille-de-connexion-wp-3x\/\",\"url\":\"https:\/\/gymfactory.eu\/fr\/produit\/goupille-de-connexion-wp-3x\/\",\"name\":\"Goupille de Connexion WP-3X - Gym Factory\",\"isPartOf\":{\"@id\":\"https:\/\/gymfactory.eu\/fr\/#website\"},\"primaryImageOfPage\":{\"@id\":\"https:\/\/gymfactory.eu\/fr\/produit\/goupille-de-connexion-wp-3x\/#primaryimage\"},\"image\":{\"@id\":\"https:\/\/gymfactory.eu\/fr\/produit\/goupille-de-connexion-wp-3x\/#primaryimage\"},\"thumbnailUrl\":\"https:\/\/gymfactory.eu\/wp-content\/uploads\/2025\/05\/WP-3X-\u2013-Pin-for-securing-central-rod-to-top-plate-in-WP-0-system.jpg\",\"datePublished\":\"2025-05-26T10:00:08+00:00\",\"description\":\"Goupille de connexion (WP-3X) pour fixer la tige WP-3 \u00e0 la plaque WP-2X dans le syst\u00e8me de colonne de poids.\",\"breadcrumb\":{\"@id\":\"https:\/\/gymfactory.eu\/fr\/produit\/goupille-de-connexion-wp-3x\/#breadcrumb\"},\"inLanguage\":\"fr-FR\",\"potentialAction\":[{\"@type\":\"ReadAction\",\"target\":[\"https:\/\/gymfactory.eu\/fr\/produit\/goupille-de-connexion-wp-3x\/\"]}]},{\"@type\":\"ImageObject\",\"inLanguage\":\"fr-FR\",\"@id\":\"https:\/\/gymfactory.eu\/fr\/produit\/goupille-de-connexion-wp-3x\/#primaryimage\",\"url\":\"https:\/\/gymfactory.eu\/wp-content\/uploads\/2025\/05\/WP-3X-\u2013-Pin-for-securing-central-rod-to-top-plate-in-WP-0-system.jpg\",\"contentUrl\":\"https:\/\/gymfactory.eu\/wp-content\/uploads\/2025\/05\/WP-3X-\u2013-Pin-for-securing-central-rod-to-top-plate-in-WP-0-system.jpg\",\"width\":1500,\"height\":1500,\"caption\":\"WP-3X spring pin used to connect WP-3 rod with WP-2X top plate\"},{\"@type\":\"BreadcrumbList\",\"@id\":\"https:\/\/gymfactory.eu\/fr\/produit\/goupille-de-connexion-wp-3x\/#breadcrumb\",\"itemListElement\":[{\"@type\":\"ListItem\",\"position\":1,\"name\":\"Home\",\"item\":\"https:\/\/gymfactory.eu\/fr\/page-principale\/\"},{\"@type\":\"ListItem\",\"position\":2,\"name\":\"Catalogue\",\"item\":\"https:\/\/gymfactory.eu\/fr\/catalogue-2\/\"},{\"@type\":\"ListItem\",\"position\":3,\"name\":\"Goupille de Connexion WP-3X\"}]},{\"@type\":\"WebSite\",\"@id\":\"https:\/\/gymfactory.eu\/fr\/#website\",\"url\":\"https:\/\/gymfactory.eu\/fr\/\",\"name\":\"Gym Factory\",\"description\":\"\",\"publisher\":{\"@id\":\"https:\/\/gymfactory.eu\/fr\/#organization\"},\"potentialAction\":[{\"@type\":\"SearchAction\",\"target\":{\"@type\":\"EntryPoint\",\"urlTemplate\":\"https:\/\/gymfactory.eu\/fr\/?s={search_term_string}\"},\"query-input\":{\"@type\":\"PropertyValueSpecification\",\"valueRequired\":true,\"valueName\":\"search_term_string\"}}],\"inLanguage\":\"fr-FR\"},{\"@type\":\"Organization\",\"@id\":\"https:\/\/gymfactory.eu\/fr\/#organization\",\"name\":\"Gym Factory\",\"url\":\"https:\/\/gymfactory.eu\/fr\/\",\"logo\":{\"@type\":\"ImageObject\",\"inLanguage\":\"fr-FR\",\"@id\":\"https:\/\/gymfactory.eu\/fr\/#\/schema\/logo\/image\/\",\"url\":\"https:\/\/gymfactory.eu\/wp-content\/uploads\/2024\/11\/Component-1.svg\",\"contentUrl\":\"https:\/\/gymfactory.eu\/wp-content\/uploads\/2024\/11\/Component-1.svg\",\"width\":54,\"height\":44,\"caption\":\"Gym Factory\"},\"image\":{\"@id\":\"https:\/\/gymfactory.eu\/fr\/#\/schema\/logo\/image\/\"}}]}<\/script>\n<!-- \/ Yoast SEO plugin. -->","yoast_head_json":{"title":"Goupille de Connexion WP-3X - Gym Factory","description":"Goupille de connexion (WP-3X) pour fixer la tige WP-3 \u00e0 la plaque WP-2X dans le syst\u00e8me de colonne de poids.","robots":{"index":"index","follow":"follow","max-snippet":"max-snippet:-1","max-image-preview":"max-image-preview:large","max-video-preview":"max-video-preview:-1"},"canonical":"https:\/\/gymfactory.eu\/fr\/produit\/goupille-de-connexion-wp-3x\/","og_locale":"fr_FR","og_type":"article","og_title":"Goupille de Connexion WP-3X - Gym Factory","og_description":"Goupille de connexion (WP-3X) pour fixer la tige WP-3 \u00e0 la plaque WP-2X dans le syst\u00e8me de colonne de poids.","og_url":"https:\/\/gymfactory.eu\/fr\/produit\/goupille-de-connexion-wp-3x\/","og_site_name":"Gym Factory","og_image":[{"width":1500,"height":1500,"url":"https:\/\/gymfactory.eu\/wp-content\/uploads\/2025\/05\/WP-3X-\u2013-Pin-for-securing-central-rod-to-top-plate-in-WP-0-system.jpg","type":"image\/jpeg"}],"twitter_card":"summary_large_image","schema":{"@context":"https:\/\/schema.org","@graph":[{"@type":"WebPage","@id":"https:\/\/gymfactory.eu\/fr\/produit\/goupille-de-connexion-wp-3x\/","url":"https:\/\/gymfactory.eu\/fr\/produit\/goupille-de-connexion-wp-3x\/","name":"Goupille de Connexion WP-3X - Gym Factory","isPartOf":{"@id":"https:\/\/gymfactory.eu\/fr\/#website"},"primaryImageOfPage":{"@id":"https:\/\/gymfactory.eu\/fr\/produit\/goupille-de-connexion-wp-3x\/#primaryimage"},"image":{"@id":"https:\/\/gymfactory.eu\/fr\/produit\/goupille-de-connexion-wp-3x\/#primaryimage"},"thumbnailUrl":"https:\/\/gymfactory.eu\/wp-content\/uploads\/2025\/05\/WP-3X-\u2013-Pin-for-securing-central-rod-to-top-plate-in-WP-0-system.jpg","datePublished":"2025-05-26T10:00:08+00:00","description":"Goupille de connexion (WP-3X) pour fixer la tige WP-3 \u00e0 la plaque WP-2X dans le syst\u00e8me de colonne de poids.","breadcrumb":{"@id":"https:\/\/gymfactory.eu\/fr\/produit\/goupille-de-connexion-wp-3x\/#breadcrumb"},"inLanguage":"fr-FR","potentialAction":[{"@type":"ReadAction","target":["https:\/\/gymfactory.eu\/fr\/produit\/goupille-de-connexion-wp-3x\/"]}]},{"@type":"ImageObject","inLanguage":"fr-FR","@id":"https:\/\/gymfactory.eu\/fr\/produit\/goupille-de-connexion-wp-3x\/#primaryimage","url":"https:\/\/gymfactory.eu\/wp-content\/uploads\/2025\/05\/WP-3X-\u2013-Pin-for-securing-central-rod-to-top-plate-in-WP-0-system.jpg","contentUrl":"https:\/\/gymfactory.eu\/wp-content\/uploads\/2025\/05\/WP-3X-\u2013-Pin-for-securing-central-rod-to-top-plate-in-WP-0-system.jpg","width":1500,"height":1500,"caption":"WP-3X spring pin used to connect WP-3 rod with WP-2X top plate"},{"@type":"BreadcrumbList","@id":"https:\/\/gymfactory.eu\/fr\/produit\/goupille-de-connexion-wp-3x\/#breadcrumb","itemListElement":[{"@type":"ListItem","position":1,"name":"Home","item":"https:\/\/gymfactory.eu\/fr\/page-principale\/"},{"@type":"ListItem","position":2,"name":"Catalogue","item":"https:\/\/gymfactory.eu\/fr\/catalogue-2\/"},{"@type":"ListItem","position":3,"name":"Goupille de Connexion WP-3X"}]},{"@type":"WebSite","@id":"https:\/\/gymfactory.eu\/fr\/#website","url":"https:\/\/gymfactory.eu\/fr\/","name":"Gym Factory","description":"","publisher":{"@id":"https:\/\/gymfactory.eu\/fr\/#organization"},"potentialAction":[{"@type":"SearchAction","target":{"@type":"EntryPoint","urlTemplate":"https:\/\/gymfactory.eu\/fr\/?s={search_term_string}"},"query-input":{"@type":"PropertyValueSpecification","valueRequired":true,"valueName":"search_term_string"}}],"inLanguage":"fr-FR"},{"@type":"Organization","@id":"https:\/\/gymfactory.eu\/fr\/#organization","name":"Gym Factory","url":"https:\/\/gymfactory.eu\/fr\/","logo":{"@type":"ImageObject","inLanguage":"fr-FR","@id":"https:\/\/gymfactory.eu\/fr\/#\/schema\/logo\/image\/","url":"https:\/\/gymfactory.eu\/wp-content\/uploads\/2024\/11\/Component-1.svg","contentUrl":"https:\/\/gymfactory.eu\/wp-content\/uploads\/2024\/11\/Component-1.svg","width":54,"height":44,"caption":"Gym Factory"},"image":{"@id":"https:\/\/gymfactory.eu\/fr\/#\/schema\/logo\/image\/"}}]}},"_links":{"self":[{"href":"https:\/\/gymfactory.eu\/fr\/wp-json\/wp\/v2\/product\/30320","targetHints":{"allow":["GET"]}}],"collection":[{"href":"https:\/\/gymfactory.eu\/fr\/wp-json\/wp\/v2\/product"}],"about":[{"href":"https:\/\/gymfactory.eu\/fr\/wp-json\/wp\/v2\/types\/product"}],"wp:featuredmedia":[{"embeddable":true,"href":"https:\/\/gymfactory.eu\/fr\/wp-json\/wp\/v2\/media\/30321"}],"wp:attachment":[{"href":"https:\/\/gymfactory.eu\/fr\/wp-json\/wp\/v2\/media?parent=30320"}],"wp:term":[{"taxonomy":"product_brand","embeddable":true,"href":"https:\/\/gymfactory.eu\/fr\/wp-json\/wp\/v2\/product_brand?post=30320"},{"taxonomy":"product_cat","embeddable":true,"href":"https:\/\/gymfactory.eu\/fr\/wp-json\/wp\/v2\/product_cat?post=30320"},{"taxonomy":"product_tag","embeddable":true,"href":"https:\/\/gymfactory.eu\/fr\/wp-json\/wp\/v2\/product_tag?post=30320"}],"curies":[{"name":"wp","href":"https:\/\/api.w.org\/{rel}","templated":true}]}}