{"id":30313,"date":"2025-05-26T12:51:26","date_gmt":"2025-05-26T09:51:26","guid":{"rendered":"https:\/\/gymfactory.eu\/product\/tige-de-guidage-centrale-wp-3\/"},"modified":"2025-05-26T12:51:26","modified_gmt":"2025-05-26T09:51:26","slug":"tige-de-guidage-centrale-wp-3","status":"publish","type":"product","link":"https:\/\/gymfactory.eu\/fr\/produit\/tige-de-guidage-centrale-wp-3\/","title":{"rendered":"Tige de Guidage Centrale WP-3"},"content":{"rendered":"<p>La WP-3 est la tige de guidage centrale utilis\u00e9e dans le syst\u00e8me de colonne de poids <a href=\"https:\/\/gymfactory.eu\/product\/cable-machine-weight-stack-wp0\/\" target=\"_blank\" rel=\"noopener\">WP-0 (weight stack)<\/a>. Elle traverse toutes les plaques et se connecte \u00e0 <a href=\"https:\/\/gymfactory.eu\/product\/top-weight-stack-plate-wp2x\/\" target=\"_blank\" rel=\"noopener\">la plaque sup\u00e9rieure WP-2X<\/a>. \u00c0 l&rsquo;extr\u00e9mit\u00e9 sup\u00e9rieure, la tige est fix\u00e9e \u00e0 la plaque \u00e0 l&rsquo;aide de <a href=\"https:\/\/gymfactory.eu\/product\/weight-stack-connection-pin-wp3x\/\" target=\"_blank\" rel=\"noopener\">la goupille de connexion WP-3X<\/a>.<\/p>\n\n    <div class=\"xs_social_share_widget xs_share_url after_content \t\tmain_content  wslu-style-1 wslu-share-box-shaped wslu-fill-colored wslu-none wslu-share-horizontal wslu-theme-font-no wslu-main_content\">\n\n\t\t\n        <ul>\n\t\t\t        <\/ul>\n    <\/div> \n","protected":false},"excerpt":{"rendered":"<p>La WP-3 est la tige de guidage centrale utilis\u00e9e dans le syst\u00e8me de colonne de poids WP-0 (weight stack). Elle traverse toutes les plaques et se connecte \u00e0 la plaque sup\u00e9rieure WP-2X. \u00c0 l&rsquo;extr\u00e9mit\u00e9 sup\u00e9rieure, la tige est fix\u00e9e \u00e0 la plaque \u00e0 l&rsquo;aide de la goupille de connexion WP-3X.<\/p>\n","protected":false},"featured_media":30319,"template":"","meta":{"_acf_changed":false},"product_brand":[56],"product_cat":[827],"product_tag":[977],"class_list":{"0":"post-30313","1":"product","2":"type-product","3":"status-publish","4":"has-post-thumbnail","6":"product_brand-gym-factory","7":"product_cat-pieces-detachees-pour-equipements-de-musculation","8":"product_tag-couleur-sans-couleurs","10":"first","11":"onbackorder","12":"taxable","13":"shipping-taxable","14":"purchasable","15":"product-type-variable","16":"has-default-attributes"},"acf":[],"yoast_head":"<!-- This site is optimized with the Yoast SEO plugin v25.2 - https:\/\/yoast.com\/wordpress\/plugins\/seo\/ -->\n<title>Tige de Guidage Centrale WP-3 - Gym Factory<\/title>\n<meta name=\"description\" content=\"Tige de guidage centrale (WP-3) pour syst\u00e8me de colonne de poids WP-0. Traverse toutes les plaques et se connecte \u00e0 la plaque sup\u00e9rieure via la goupille WP-3X.\" \/>\n<meta name=\"robots\" content=\"index, follow, max-snippet:-1, max-image-preview:large, max-video-preview:-1\" \/>\n<link rel=\"canonical\" href=\"https:\/\/gymfactory.eu\/fr\/produit\/tige-de-guidage-centrale-wp-3\/\" \/>\n<meta property=\"og:locale\" content=\"fr_FR\" \/>\n<meta property=\"og:type\" content=\"article\" \/>\n<meta property=\"og:title\" content=\"Tige de Guidage Centrale WP-3 - Gym Factory\" \/>\n<meta property=\"og:description\" content=\"Tige de guidage centrale (WP-3) pour syst\u00e8me de colonne de poids WP-0. Traverse toutes les plaques et se connecte \u00e0 la plaque sup\u00e9rieure via la goupille WP-3X.\" \/>\n<meta property=\"og:url\" content=\"https:\/\/gymfactory.eu\/fr\/produit\/tige-de-guidage-centrale-wp-3\/\" \/>\n<meta property=\"og:site_name\" content=\"Gym Factory\" \/>\n<meta property=\"og:image\" content=\"https:\/\/gymfactory.eu\/wp-content\/uploads\/2025\/05\/WP-3-central-guide-rod-with-selector-pin-holes-for-WP-0-weight-stack.jpg\" \/>\n\t<meta property=\"og:image:width\" content=\"1500\" \/>\n\t<meta property=\"og:image:height\" content=\"1500\" \/>\n\t<meta property=\"og:image:type\" content=\"image\/jpeg\" \/>\n<meta name=\"twitter:card\" content=\"summary_large_image\" \/>\n<script type=\"application\/ld+json\" class=\"yoast-schema-graph\">{\"@context\":\"https:\/\/schema.org\",\"@graph\":[{\"@type\":\"WebPage\",\"@id\":\"https:\/\/gymfactory.eu\/fr\/produit\/tige-de-guidage-centrale-wp-3\/\",\"url\":\"https:\/\/gymfactory.eu\/fr\/produit\/tige-de-guidage-centrale-wp-3\/\",\"name\":\"Tige de Guidage Centrale WP-3 - Gym Factory\",\"isPartOf\":{\"@id\":\"https:\/\/gymfactory.eu\/fr\/#website\"},\"primaryImageOfPage\":{\"@id\":\"https:\/\/gymfactory.eu\/fr\/produit\/tige-de-guidage-centrale-wp-3\/#primaryimage\"},\"image\":{\"@id\":\"https:\/\/gymfactory.eu\/fr\/produit\/tige-de-guidage-centrale-wp-3\/#primaryimage\"},\"thumbnailUrl\":\"https:\/\/gymfactory.eu\/wp-content\/uploads\/2025\/05\/WP-3-central-guide-rod-with-selector-pin-holes-for-WP-0-weight-stack.jpg\",\"datePublished\":\"2025-05-26T09:51:26+00:00\",\"description\":\"Tige de guidage centrale (WP-3) pour syst\u00e8me de colonne de poids WP-0. Traverse toutes les plaques et se connecte \u00e0 la plaque sup\u00e9rieure via la goupille WP-3X.\",\"breadcrumb\":{\"@id\":\"https:\/\/gymfactory.eu\/fr\/produit\/tige-de-guidage-centrale-wp-3\/#breadcrumb\"},\"inLanguage\":\"fr-FR\",\"potentialAction\":[{\"@type\":\"ReadAction\",\"target\":[\"https:\/\/gymfactory.eu\/fr\/produit\/tige-de-guidage-centrale-wp-3\/\"]}]},{\"@type\":\"ImageObject\",\"inLanguage\":\"fr-FR\",\"@id\":\"https:\/\/gymfactory.eu\/fr\/produit\/tige-de-guidage-centrale-wp-3\/#primaryimage\",\"url\":\"https:\/\/gymfactory.eu\/wp-content\/uploads\/2025\/05\/WP-3-central-guide-rod-with-selector-pin-holes-for-WP-0-weight-stack.jpg\",\"contentUrl\":\"https:\/\/gymfactory.eu\/wp-content\/uploads\/2025\/05\/WP-3-central-guide-rod-with-selector-pin-holes-for-WP-0-weight-stack.jpg\",\"width\":1500,\"height\":1500,\"caption\":\"WP-3 central rod used in WP-0 weight stacks, shown with weight selection holes\"},{\"@type\":\"BreadcrumbList\",\"@id\":\"https:\/\/gymfactory.eu\/fr\/produit\/tige-de-guidage-centrale-wp-3\/#breadcrumb\",\"itemListElement\":[{\"@type\":\"ListItem\",\"position\":1,\"name\":\"Home\",\"item\":\"https:\/\/gymfactory.eu\/fr\/page-principale\/\"},{\"@type\":\"ListItem\",\"position\":2,\"name\":\"Catalogue\",\"item\":\"https:\/\/gymfactory.eu\/fr\/catalogue-2\/\"},{\"@type\":\"ListItem\",\"position\":3,\"name\":\"Tige de Guidage Centrale WP-3\"}]},{\"@type\":\"WebSite\",\"@id\":\"https:\/\/gymfactory.eu\/fr\/#website\",\"url\":\"https:\/\/gymfactory.eu\/fr\/\",\"name\":\"Gym Factory\",\"description\":\"\",\"publisher\":{\"@id\":\"https:\/\/gymfactory.eu\/fr\/#organization\"},\"potentialAction\":[{\"@type\":\"SearchAction\",\"target\":{\"@type\":\"EntryPoint\",\"urlTemplate\":\"https:\/\/gymfactory.eu\/fr\/?s={search_term_string}\"},\"query-input\":{\"@type\":\"PropertyValueSpecification\",\"valueRequired\":true,\"valueName\":\"search_term_string\"}}],\"inLanguage\":\"fr-FR\"},{\"@type\":\"Organization\",\"@id\":\"https:\/\/gymfactory.eu\/fr\/#organization\",\"name\":\"Gym Factory\",\"url\":\"https:\/\/gymfactory.eu\/fr\/\",\"logo\":{\"@type\":\"ImageObject\",\"inLanguage\":\"fr-FR\",\"@id\":\"https:\/\/gymfactory.eu\/fr\/#\/schema\/logo\/image\/\",\"url\":\"https:\/\/gymfactory.eu\/wp-content\/uploads\/2024\/11\/Component-1.svg\",\"contentUrl\":\"https:\/\/gymfactory.eu\/wp-content\/uploads\/2024\/11\/Component-1.svg\",\"width\":54,\"height\":44,\"caption\":\"Gym Factory\"},\"image\":{\"@id\":\"https:\/\/gymfactory.eu\/fr\/#\/schema\/logo\/image\/\"}}]}<\/script>\n<!-- \/ Yoast SEO plugin. -->","yoast_head_json":{"title":"Tige de Guidage Centrale WP-3 - Gym Factory","description":"Tige de guidage centrale (WP-3) pour syst\u00e8me de colonne de poids WP-0. Traverse toutes les plaques et se connecte \u00e0 la plaque sup\u00e9rieure via la goupille WP-3X.","robots":{"index":"index","follow":"follow","max-snippet":"max-snippet:-1","max-image-preview":"max-image-preview:large","max-video-preview":"max-video-preview:-1"},"canonical":"https:\/\/gymfactory.eu\/fr\/produit\/tige-de-guidage-centrale-wp-3\/","og_locale":"fr_FR","og_type":"article","og_title":"Tige de Guidage Centrale WP-3 - Gym Factory","og_description":"Tige de guidage centrale (WP-3) pour syst\u00e8me de colonne de poids WP-0. Traverse toutes les plaques et se connecte \u00e0 la plaque sup\u00e9rieure via la goupille WP-3X.","og_url":"https:\/\/gymfactory.eu\/fr\/produit\/tige-de-guidage-centrale-wp-3\/","og_site_name":"Gym Factory","og_image":[{"width":1500,"height":1500,"url":"https:\/\/gymfactory.eu\/wp-content\/uploads\/2025\/05\/WP-3-central-guide-rod-with-selector-pin-holes-for-WP-0-weight-stack.jpg","type":"image\/jpeg"}],"twitter_card":"summary_large_image","schema":{"@context":"https:\/\/schema.org","@graph":[{"@type":"WebPage","@id":"https:\/\/gymfactory.eu\/fr\/produit\/tige-de-guidage-centrale-wp-3\/","url":"https:\/\/gymfactory.eu\/fr\/produit\/tige-de-guidage-centrale-wp-3\/","name":"Tige de Guidage Centrale WP-3 - Gym Factory","isPartOf":{"@id":"https:\/\/gymfactory.eu\/fr\/#website"},"primaryImageOfPage":{"@id":"https:\/\/gymfactory.eu\/fr\/produit\/tige-de-guidage-centrale-wp-3\/#primaryimage"},"image":{"@id":"https:\/\/gymfactory.eu\/fr\/produit\/tige-de-guidage-centrale-wp-3\/#primaryimage"},"thumbnailUrl":"https:\/\/gymfactory.eu\/wp-content\/uploads\/2025\/05\/WP-3-central-guide-rod-with-selector-pin-holes-for-WP-0-weight-stack.jpg","datePublished":"2025-05-26T09:51:26+00:00","description":"Tige de guidage centrale (WP-3) pour syst\u00e8me de colonne de poids WP-0. Traverse toutes les plaques et se connecte \u00e0 la plaque sup\u00e9rieure via la goupille WP-3X.","breadcrumb":{"@id":"https:\/\/gymfactory.eu\/fr\/produit\/tige-de-guidage-centrale-wp-3\/#breadcrumb"},"inLanguage":"fr-FR","potentialAction":[{"@type":"ReadAction","target":["https:\/\/gymfactory.eu\/fr\/produit\/tige-de-guidage-centrale-wp-3\/"]}]},{"@type":"ImageObject","inLanguage":"fr-FR","@id":"https:\/\/gymfactory.eu\/fr\/produit\/tige-de-guidage-centrale-wp-3\/#primaryimage","url":"https:\/\/gymfactory.eu\/wp-content\/uploads\/2025\/05\/WP-3-central-guide-rod-with-selector-pin-holes-for-WP-0-weight-stack.jpg","contentUrl":"https:\/\/gymfactory.eu\/wp-content\/uploads\/2025\/05\/WP-3-central-guide-rod-with-selector-pin-holes-for-WP-0-weight-stack.jpg","width":1500,"height":1500,"caption":"WP-3 central rod used in WP-0 weight stacks, shown with weight selection holes"},{"@type":"BreadcrumbList","@id":"https:\/\/gymfactory.eu\/fr\/produit\/tige-de-guidage-centrale-wp-3\/#breadcrumb","itemListElement":[{"@type":"ListItem","position":1,"name":"Home","item":"https:\/\/gymfactory.eu\/fr\/page-principale\/"},{"@type":"ListItem","position":2,"name":"Catalogue","item":"https:\/\/gymfactory.eu\/fr\/catalogue-2\/"},{"@type":"ListItem","position":3,"name":"Tige de Guidage Centrale WP-3"}]},{"@type":"WebSite","@id":"https:\/\/gymfactory.eu\/fr\/#website","url":"https:\/\/gymfactory.eu\/fr\/","name":"Gym Factory","description":"","publisher":{"@id":"https:\/\/gymfactory.eu\/fr\/#organization"},"potentialAction":[{"@type":"SearchAction","target":{"@type":"EntryPoint","urlTemplate":"https:\/\/gymfactory.eu\/fr\/?s={search_term_string}"},"query-input":{"@type":"PropertyValueSpecification","valueRequired":true,"valueName":"search_term_string"}}],"inLanguage":"fr-FR"},{"@type":"Organization","@id":"https:\/\/gymfactory.eu\/fr\/#organization","name":"Gym Factory","url":"https:\/\/gymfactory.eu\/fr\/","logo":{"@type":"ImageObject","inLanguage":"fr-FR","@id":"https:\/\/gymfactory.eu\/fr\/#\/schema\/logo\/image\/","url":"https:\/\/gymfactory.eu\/wp-content\/uploads\/2024\/11\/Component-1.svg","contentUrl":"https:\/\/gymfactory.eu\/wp-content\/uploads\/2024\/11\/Component-1.svg","width":54,"height":44,"caption":"Gym Factory"},"image":{"@id":"https:\/\/gymfactory.eu\/fr\/#\/schema\/logo\/image\/"}}]}},"_links":{"self":[{"href":"https:\/\/gymfactory.eu\/fr\/wp-json\/wp\/v2\/product\/30313","targetHints":{"allow":["GET"]}}],"collection":[{"href":"https:\/\/gymfactory.eu\/fr\/wp-json\/wp\/v2\/product"}],"about":[{"href":"https:\/\/gymfactory.eu\/fr\/wp-json\/wp\/v2\/types\/product"}],"wp:featuredmedia":[{"embeddable":true,"href":"https:\/\/gymfactory.eu\/fr\/wp-json\/wp\/v2\/media\/30319"}],"wp:attachment":[{"href":"https:\/\/gymfactory.eu\/fr\/wp-json\/wp\/v2\/media?parent=30313"}],"wp:term":[{"taxonomy":"product_brand","embeddable":true,"href":"https:\/\/gymfactory.eu\/fr\/wp-json\/wp\/v2\/product_brand?post=30313"},{"taxonomy":"product_cat","embeddable":true,"href":"https:\/\/gymfactory.eu\/fr\/wp-json\/wp\/v2\/product_cat?post=30313"},{"taxonomy":"product_tag","embeddable":true,"href":"https:\/\/gymfactory.eu\/fr\/wp-json\/wp\/v2\/product_tag?post=30313"}],"curies":[{"name":"wp","href":"https:\/\/api.w.org\/{rel}","templated":true}]}}