{"id":30309,"date":"2025-05-26T12:21:53","date_gmt":"2025-05-26T09:21:53","guid":{"rendered":"https:\/\/gymfactory.eu\/product\/plaque-de-poids-pour-colonne-wp-2-5-kg\/"},"modified":"2025-05-26T12:21:53","modified_gmt":"2025-05-26T09:21:53","slug":"plaque-de-poids-pour-colonne-wp-2-5-kg","status":"publish","type":"product","link":"https:\/\/gymfactory.eu\/fr\/produit\/plaque-de-poids-pour-colonne-wp-2-5-kg\/","title":{"rendered":"Plaque de Poids pour Colonne WP-2 (5 kg)"},"content":{"rendered":"<p>La plaque WP-2 est une plaque de poids de 5 kg (weight stack plate) utilis\u00e9e dans la colonne de poids de machine \u00e0 poulie WP-0. Elle est con\u00e7ue pour les syst\u00e8mes \u00e9quip\u00e9s de tiges de guidage de 20 mm et d&rsquo;une tige de s\u00e9lection centrale. La plaque comprend des trous pour goupille permettant la s\u00e9lection du poids et l&rsquo;alignement sur les tiges de guidage.  <\/p>\n<p>Destin\u00e9e \u00e0 \u00eatre utilis\u00e9e comme plaque de remplacement ou plaque suppl\u00e9mentaire au sein du syst\u00e8me <a href=\"https:\/\/gymfactory.eu\/product\/cable-machine-weight-stack-wp0\/\" target=\"_blank\" rel=\"noopener\">WP-0<\/a>.<\/p>\n\n    <div class=\"xs_social_share_widget xs_share_url after_content \t\tmain_content  wslu-style-1 wslu-share-box-shaped wslu-fill-colored wslu-none wslu-share-horizontal wslu-theme-font-no wslu-main_content\">\n\n\t\t\n        <ul>\n\t\t\t        <\/ul>\n    <\/div> \n","protected":false},"excerpt":{"rendered":"<p>La plaque WP-2 est une plaque de poids de 5 kg (weight stack plate) utilis\u00e9e dans la colonne de poids de machine \u00e0 poulie WP-0. Elle est con\u00e7ue pour les syst\u00e8mes \u00e9quip\u00e9s de tiges de guidage de 20 mm et d&rsquo;une tige de s\u00e9lection centrale. La plaque comprend des trous pour goupille permettant la s\u00e9lection [&hellip;]<\/p>\n","protected":false},"featured_media":30310,"template":"","meta":{"_acf_changed":false},"product_brand":[56],"product_cat":[827],"product_tag":[977],"class_list":{"0":"post-30309","1":"product","2":"type-product","3":"status-publish","4":"has-post-thumbnail","6":"product_brand-gym-factory","7":"product_cat-pieces-detachees-pour-equipements-de-musculation","8":"product_tag-couleur-sans-couleurs","10":"first","11":"onbackorder","12":"taxable","13":"shipping-taxable","14":"purchasable","15":"product-type-simple"},"acf":[],"yoast_head":"<!-- This site is optimized with the Yoast SEO plugin v25.2 - https:\/\/yoast.com\/wordpress\/plugins\/seo\/ -->\n<title>Plaque de Poids pour Colonne WP-2 (5 kg) - Gym Factory<\/title>\n<meta name=\"description\" content=\"Plaque de poids de 5 kg (weight stack plate) pour le syst\u00e8me de machine \u00e0 poulie WP-0. Compatible avec les tiges de guidage de 20 mm et les tiges de s\u00e9lection centrales. Pour l&#039;assemblage ou l&#039;extension du syst\u00e8me.\" \/>\n<meta name=\"robots\" content=\"index, follow, max-snippet:-1, max-image-preview:large, max-video-preview:-1\" \/>\n<link rel=\"canonical\" href=\"https:\/\/gymfactory.eu\/fr\/produit\/plaque-de-poids-pour-colonne-wp-2-5-kg\/\" \/>\n<meta property=\"og:locale\" content=\"fr_FR\" \/>\n<meta property=\"og:type\" content=\"article\" \/>\n<meta property=\"og:title\" content=\"Plaque de Poids pour Colonne WP-2 (5 kg) - Gym Factory\" \/>\n<meta property=\"og:description\" content=\"Plaque de poids de 5 kg (weight stack plate) pour le syst\u00e8me de machine \u00e0 poulie WP-0. Compatible avec les tiges de guidage de 20 mm et les tiges de s\u00e9lection centrales. Pour l&#039;assemblage ou l&#039;extension du syst\u00e8me.\" \/>\n<meta property=\"og:url\" content=\"https:\/\/gymfactory.eu\/fr\/produit\/plaque-de-poids-pour-colonne-wp-2-5-kg\/\" \/>\n<meta property=\"og:site_name\" content=\"Gym Factory\" \/>\n<meta property=\"og:image\" content=\"https:\/\/gymfactory.eu\/wp-content\/uploads\/2025\/05\/WP-2-\u2013-5-kg-weight-plate-for-cable-machine-stack-system.jpg\" \/>\n\t<meta property=\"og:image:width\" content=\"1500\" \/>\n\t<meta property=\"og:image:height\" content=\"1500\" \/>\n\t<meta property=\"og:image:type\" content=\"image\/jpeg\" \/>\n<meta name=\"twitter:card\" content=\"summary_large_image\" \/>\n<script type=\"application\/ld+json\" class=\"yoast-schema-graph\">{\"@context\":\"https:\/\/schema.org\",\"@graph\":[{\"@type\":\"WebPage\",\"@id\":\"https:\/\/gymfactory.eu\/fr\/produit\/plaque-de-poids-pour-colonne-wp-2-5-kg\/\",\"url\":\"https:\/\/gymfactory.eu\/fr\/produit\/plaque-de-poids-pour-colonne-wp-2-5-kg\/\",\"name\":\"Plaque de Poids pour Colonne WP-2 (5 kg) - Gym Factory\",\"isPartOf\":{\"@id\":\"https:\/\/gymfactory.eu\/fr\/#website\"},\"primaryImageOfPage\":{\"@id\":\"https:\/\/gymfactory.eu\/fr\/produit\/plaque-de-poids-pour-colonne-wp-2-5-kg\/#primaryimage\"},\"image\":{\"@id\":\"https:\/\/gymfactory.eu\/fr\/produit\/plaque-de-poids-pour-colonne-wp-2-5-kg\/#primaryimage\"},\"thumbnailUrl\":\"https:\/\/gymfactory.eu\/wp-content\/uploads\/2025\/05\/WP-2-\u2013-5-kg-weight-plate-for-cable-machine-stack-system.jpg\",\"datePublished\":\"2025-05-26T09:21:53+00:00\",\"description\":\"Plaque de poids de 5 kg (weight stack plate) pour le syst\u00e8me de machine \u00e0 poulie WP-0. Compatible avec les tiges de guidage de 20 mm et les tiges de s\u00e9lection centrales. Pour l'assemblage ou l'extension du syst\u00e8me.\",\"breadcrumb\":{\"@id\":\"https:\/\/gymfactory.eu\/fr\/produit\/plaque-de-poids-pour-colonne-wp-2-5-kg\/#breadcrumb\"},\"inLanguage\":\"fr-FR\",\"potentialAction\":[{\"@type\":\"ReadAction\",\"target\":[\"https:\/\/gymfactory.eu\/fr\/produit\/plaque-de-poids-pour-colonne-wp-2-5-kg\/\"]}]},{\"@type\":\"ImageObject\",\"inLanguage\":\"fr-FR\",\"@id\":\"https:\/\/gymfactory.eu\/fr\/produit\/plaque-de-poids-pour-colonne-wp-2-5-kg\/#primaryimage\",\"url\":\"https:\/\/gymfactory.eu\/wp-content\/uploads\/2025\/05\/WP-2-\u2013-5-kg-weight-plate-for-cable-machine-stack-system.jpg\",\"contentUrl\":\"https:\/\/gymfactory.eu\/wp-content\/uploads\/2025\/05\/WP-2-\u2013-5-kg-weight-plate-for-cable-machine-stack-system.jpg\",\"width\":1500,\"height\":1500,\"caption\":\"WP-2 weight plate (5 kg) with central and side holes for guide and selector rods\"},{\"@type\":\"BreadcrumbList\",\"@id\":\"https:\/\/gymfactory.eu\/fr\/produit\/plaque-de-poids-pour-colonne-wp-2-5-kg\/#breadcrumb\",\"itemListElement\":[{\"@type\":\"ListItem\",\"position\":1,\"name\":\"Home\",\"item\":\"https:\/\/gymfactory.eu\/fr\/page-principale\/\"},{\"@type\":\"ListItem\",\"position\":2,\"name\":\"Catalogue\",\"item\":\"https:\/\/gymfactory.eu\/fr\/catalogue-2\/\"},{\"@type\":\"ListItem\",\"position\":3,\"name\":\"Plaque de Poids pour Colonne WP-2 (5 kg)\"}]},{\"@type\":\"WebSite\",\"@id\":\"https:\/\/gymfactory.eu\/fr\/#website\",\"url\":\"https:\/\/gymfactory.eu\/fr\/\",\"name\":\"Gym Factory\",\"description\":\"\",\"publisher\":{\"@id\":\"https:\/\/gymfactory.eu\/fr\/#organization\"},\"potentialAction\":[{\"@type\":\"SearchAction\",\"target\":{\"@type\":\"EntryPoint\",\"urlTemplate\":\"https:\/\/gymfactory.eu\/fr\/?s={search_term_string}\"},\"query-input\":{\"@type\":\"PropertyValueSpecification\",\"valueRequired\":true,\"valueName\":\"search_term_string\"}}],\"inLanguage\":\"fr-FR\"},{\"@type\":\"Organization\",\"@id\":\"https:\/\/gymfactory.eu\/fr\/#organization\",\"name\":\"Gym Factory\",\"url\":\"https:\/\/gymfactory.eu\/fr\/\",\"logo\":{\"@type\":\"ImageObject\",\"inLanguage\":\"fr-FR\",\"@id\":\"https:\/\/gymfactory.eu\/fr\/#\/schema\/logo\/image\/\",\"url\":\"https:\/\/gymfactory.eu\/wp-content\/uploads\/2024\/11\/Component-1.svg\",\"contentUrl\":\"https:\/\/gymfactory.eu\/wp-content\/uploads\/2024\/11\/Component-1.svg\",\"width\":54,\"height\":44,\"caption\":\"Gym Factory\"},\"image\":{\"@id\":\"https:\/\/gymfactory.eu\/fr\/#\/schema\/logo\/image\/\"}}]}<\/script>\n<!-- \/ Yoast SEO plugin. -->","yoast_head_json":{"title":"Plaque de Poids pour Colonne WP-2 (5 kg) - Gym Factory","description":"Plaque de poids de 5 kg (weight stack plate) pour le syst\u00e8me de machine \u00e0 poulie WP-0. Compatible avec les tiges de guidage de 20 mm et les tiges de s\u00e9lection centrales. Pour l'assemblage ou l'extension du syst\u00e8me.","robots":{"index":"index","follow":"follow","max-snippet":"max-snippet:-1","max-image-preview":"max-image-preview:large","max-video-preview":"max-video-preview:-1"},"canonical":"https:\/\/gymfactory.eu\/fr\/produit\/plaque-de-poids-pour-colonne-wp-2-5-kg\/","og_locale":"fr_FR","og_type":"article","og_title":"Plaque de Poids pour Colonne WP-2 (5 kg) - Gym Factory","og_description":"Plaque de poids de 5 kg (weight stack plate) pour le syst\u00e8me de machine \u00e0 poulie WP-0. Compatible avec les tiges de guidage de 20 mm et les tiges de s\u00e9lection centrales. Pour l'assemblage ou l'extension du syst\u00e8me.","og_url":"https:\/\/gymfactory.eu\/fr\/produit\/plaque-de-poids-pour-colonne-wp-2-5-kg\/","og_site_name":"Gym Factory","og_image":[{"width":1500,"height":1500,"url":"https:\/\/gymfactory.eu\/wp-content\/uploads\/2025\/05\/WP-2-\u2013-5-kg-weight-plate-for-cable-machine-stack-system.jpg","type":"image\/jpeg"}],"twitter_card":"summary_large_image","schema":{"@context":"https:\/\/schema.org","@graph":[{"@type":"WebPage","@id":"https:\/\/gymfactory.eu\/fr\/produit\/plaque-de-poids-pour-colonne-wp-2-5-kg\/","url":"https:\/\/gymfactory.eu\/fr\/produit\/plaque-de-poids-pour-colonne-wp-2-5-kg\/","name":"Plaque de Poids pour Colonne WP-2 (5 kg) - Gym Factory","isPartOf":{"@id":"https:\/\/gymfactory.eu\/fr\/#website"},"primaryImageOfPage":{"@id":"https:\/\/gymfactory.eu\/fr\/produit\/plaque-de-poids-pour-colonne-wp-2-5-kg\/#primaryimage"},"image":{"@id":"https:\/\/gymfactory.eu\/fr\/produit\/plaque-de-poids-pour-colonne-wp-2-5-kg\/#primaryimage"},"thumbnailUrl":"https:\/\/gymfactory.eu\/wp-content\/uploads\/2025\/05\/WP-2-\u2013-5-kg-weight-plate-for-cable-machine-stack-system.jpg","datePublished":"2025-05-26T09:21:53+00:00","description":"Plaque de poids de 5 kg (weight stack plate) pour le syst\u00e8me de machine \u00e0 poulie WP-0. Compatible avec les tiges de guidage de 20 mm et les tiges de s\u00e9lection centrales. Pour l'assemblage ou l'extension du syst\u00e8me.","breadcrumb":{"@id":"https:\/\/gymfactory.eu\/fr\/produit\/plaque-de-poids-pour-colonne-wp-2-5-kg\/#breadcrumb"},"inLanguage":"fr-FR","potentialAction":[{"@type":"ReadAction","target":["https:\/\/gymfactory.eu\/fr\/produit\/plaque-de-poids-pour-colonne-wp-2-5-kg\/"]}]},{"@type":"ImageObject","inLanguage":"fr-FR","@id":"https:\/\/gymfactory.eu\/fr\/produit\/plaque-de-poids-pour-colonne-wp-2-5-kg\/#primaryimage","url":"https:\/\/gymfactory.eu\/wp-content\/uploads\/2025\/05\/WP-2-\u2013-5-kg-weight-plate-for-cable-machine-stack-system.jpg","contentUrl":"https:\/\/gymfactory.eu\/wp-content\/uploads\/2025\/05\/WP-2-\u2013-5-kg-weight-plate-for-cable-machine-stack-system.jpg","width":1500,"height":1500,"caption":"WP-2 weight plate (5 kg) with central and side holes for guide and selector rods"},{"@type":"BreadcrumbList","@id":"https:\/\/gymfactory.eu\/fr\/produit\/plaque-de-poids-pour-colonne-wp-2-5-kg\/#breadcrumb","itemListElement":[{"@type":"ListItem","position":1,"name":"Home","item":"https:\/\/gymfactory.eu\/fr\/page-principale\/"},{"@type":"ListItem","position":2,"name":"Catalogue","item":"https:\/\/gymfactory.eu\/fr\/catalogue-2\/"},{"@type":"ListItem","position":3,"name":"Plaque de Poids pour Colonne WP-2 (5 kg)"}]},{"@type":"WebSite","@id":"https:\/\/gymfactory.eu\/fr\/#website","url":"https:\/\/gymfactory.eu\/fr\/","name":"Gym Factory","description":"","publisher":{"@id":"https:\/\/gymfactory.eu\/fr\/#organization"},"potentialAction":[{"@type":"SearchAction","target":{"@type":"EntryPoint","urlTemplate":"https:\/\/gymfactory.eu\/fr\/?s={search_term_string}"},"query-input":{"@type":"PropertyValueSpecification","valueRequired":true,"valueName":"search_term_string"}}],"inLanguage":"fr-FR"},{"@type":"Organization","@id":"https:\/\/gymfactory.eu\/fr\/#organization","name":"Gym Factory","url":"https:\/\/gymfactory.eu\/fr\/","logo":{"@type":"ImageObject","inLanguage":"fr-FR","@id":"https:\/\/gymfactory.eu\/fr\/#\/schema\/logo\/image\/","url":"https:\/\/gymfactory.eu\/wp-content\/uploads\/2024\/11\/Component-1.svg","contentUrl":"https:\/\/gymfactory.eu\/wp-content\/uploads\/2024\/11\/Component-1.svg","width":54,"height":44,"caption":"Gym Factory"},"image":{"@id":"https:\/\/gymfactory.eu\/fr\/#\/schema\/logo\/image\/"}}]}},"_links":{"self":[{"href":"https:\/\/gymfactory.eu\/fr\/wp-json\/wp\/v2\/product\/30309","targetHints":{"allow":["GET"]}}],"collection":[{"href":"https:\/\/gymfactory.eu\/fr\/wp-json\/wp\/v2\/product"}],"about":[{"href":"https:\/\/gymfactory.eu\/fr\/wp-json\/wp\/v2\/types\/product"}],"wp:featuredmedia":[{"embeddable":true,"href":"https:\/\/gymfactory.eu\/fr\/wp-json\/wp\/v2\/media\/30310"}],"wp:attachment":[{"href":"https:\/\/gymfactory.eu\/fr\/wp-json\/wp\/v2\/media?parent=30309"}],"wp:term":[{"taxonomy":"product_brand","embeddable":true,"href":"https:\/\/gymfactory.eu\/fr\/wp-json\/wp\/v2\/product_brand?post=30309"},{"taxonomy":"product_cat","embeddable":true,"href":"https:\/\/gymfactory.eu\/fr\/wp-json\/wp\/v2\/product_cat?post=30309"},{"taxonomy":"product_tag","embeddable":true,"href":"https:\/\/gymfactory.eu\/fr\/wp-json\/wp\/v2\/product_tag?post=30309"}],"curies":[{"name":"wp","href":"https:\/\/api.w.org\/{rel}","templated":true}]}}