{"id":30302,"date":"2025-05-26T12:09:15","date_gmt":"2025-05-26T09:09:15","guid":{"rendered":"https:\/\/gymfactory.eu\/product\/bloc-de-colonne-de-poids-wp-0\/"},"modified":"2025-05-26T12:09:15","modified_gmt":"2025-05-26T09:09:15","slug":"bloc-de-colonne-de-poids-wp-0","status":"publish","type":"product","link":"https:\/\/gymfactory.eu\/fr\/produit\/bloc-de-colonne-de-poids-wp-0\/","title":{"rendered":"Bloc de Colonne de Poids WP-0"},"content":{"rendered":"<p>Le bloc de colonne de poids WP-0 (weight stack block) est con\u00e7u pour \u00eatre utilis\u00e9 dans les machines de musculation \u00e0 poulies \u00e9quip\u00e9es de tiges de guidage verticales. Il se compose d&rsquo;une s\u00e9rie de plaques de 5 kg, incluant la plaque sup\u00e9rieure, et est disponible dans des poids totaux de 80 kg, 100 kg, 120 kg, 150 kg ou 180 kg. Les plaques sont compatibles avec des tiges ou tubes de guidage de 20 mm de diam\u00e8tre.  <\/p>\n<p>La plaque sup\u00e9rieure est incluse dans le poids total et est adapt\u00e9e pour la fixation de la tige centrale. La tige de guidage centrale est dot\u00e9e d&rsquo;un filetage M16 sur sa partie sup\u00e9rieure pour la fixation. Une goupille fixe relie la tige \u00e0 la premi\u00e8re plaque de poids. Une broche de s\u00e9lection s\u00e9par\u00e9e avec un cordon fixe est utilis\u00e9e pour s\u00e9lectionner la charge souhait\u00e9e pendant l&rsquo;exercice. Des autocollants de marquage de poids sont \u00e9galement inclus.    <\/p>\n<p><strong>Composants inclus :<\/strong><\/p>\n<ul>\n<li>Plaques de poids (5 kg chacune) <a href=\"https:\/\/gymfactory.eu\/product\/weight-stack-plate-wp2\/\" target=\"_blank\" rel=\"noopener\">[WP-2]<\/a><\/li>\n<li>Plaque sup\u00e9rieure <a href=\"https:\/\/gymfactory.eu\/product\/top-weight-stack-plate-wp2x\/\" target=\"_blank\" rel=\"noopener\">[WP-2X]<\/a><\/li>\n<li>Tige de guidage centrale avec filetage M16 <a href=\"https:\/\/gymfactory.eu\/product\/wp-3-central-weight-stack-rod-for-wp-0-system\/\" target=\"_blank\" rel=\"noopener\">[WP-3]<\/a><\/li>\n<li>Goupille de connexion fixe (pour la premi\u00e8re plaque) <a href=\"https:\/\/gymfactory.eu\/product\/weight-stack-connection-pin-wp3x\/\" target=\"_blank\" rel=\"noopener\">[WP-3X]<\/a><\/li>\n<li>Broche de s\u00e9lection avec cordon de r\u00e9tention <a href=\"https:\/\/gymfactory.eu\/product\/hff03x-weight-block-pin\/\" target=\"_blank\" rel=\"noopener\">[HFF03X]<\/a><\/li>\n<li>Jeu d&rsquo;autocollants pour le marquage des poids <a href=\"https:\/\/gymfactory.eu\/product\/wp-1-weight-stack-labels\/\" target=\"_blank\" rel=\"noopener\">[WP-1]<\/a><\/li>\n<\/ul>\n<p>&nbsp;<\/p>\n<p>Le mod\u00e8le WP-0 est destin\u00e9 aux machines utilisant des colonnes de poids \u00e0 guidage central (centrally guided weight stacks) et ne doit \u00eatre install\u00e9 que dans des syst\u00e8mes compatibles avec ce type de construction.<\/p>\n\n    <div class=\"xs_social_share_widget xs_share_url after_content \t\tmain_content  wslu-style-1 wslu-share-box-shaped wslu-fill-colored wslu-none wslu-share-horizontal wslu-theme-font-no wslu-main_content\">\n\n\t\t\n        <ul>\n\t\t\t        <\/ul>\n    <\/div> \n","protected":false},"excerpt":{"rendered":"<p>Le bloc de colonne de poids WP-0 (weight stack block) est con\u00e7u pour \u00eatre utilis\u00e9 dans les machines de musculation \u00e0 poulies \u00e9quip\u00e9es de tiges de guidage verticales. Il se compose d&rsquo;une s\u00e9rie de plaques de 5 kg, incluant la plaque sup\u00e9rieure, et est disponible dans des poids totaux de 80 kg, 100 kg, 120 [&hellip;]<\/p>\n","protected":false},"featured_media":30308,"template":"","meta":{"_acf_changed":false},"product_brand":[56],"product_cat":[827],"product_tag":[977],"class_list":{"0":"post-30302","1":"product","2":"type-product","3":"status-publish","4":"has-post-thumbnail","6":"product_brand-gym-factory","7":"product_cat-pieces-detachees-pour-equipements-de-musculation","8":"product_tag-couleur-sans-couleurs","10":"first","11":"onbackorder","12":"taxable","13":"shipping-taxable","14":"purchasable","15":"product-type-variable","16":"has-default-attributes"},"acf":[],"yoast_head":"<!-- This site is optimized with the Yoast SEO plugin v25.2 - https:\/\/yoast.com\/wordpress\/plugins\/seo\/ -->\n<title>Bloc de Colonne de Poids WP-0 - Gym Factory<\/title>\n<meta name=\"description\" content=\"Colonne de poids pour machine \u00e0 poulie (cable machine weight stack) WP-0 avec plaques de 5 kg, plaque sup\u00e9rieure, tige M16 et broche de s\u00e9lection. Convient aux guides de 20 mm. Disponible en kits de 80 kg \u00e0 180 kg.\" \/>\n<meta name=\"robots\" content=\"index, follow, max-snippet:-1, max-image-preview:large, max-video-preview:-1\" \/>\n<link rel=\"canonical\" href=\"https:\/\/gymfactory.eu\/fr\/produit\/bloc-de-colonne-de-poids-wp-0\/\" \/>\n<meta property=\"og:locale\" content=\"fr_FR\" \/>\n<meta property=\"og:type\" content=\"article\" \/>\n<meta property=\"og:title\" content=\"Bloc de Colonne de Poids WP-0 - Gym Factory\" \/>\n<meta property=\"og:description\" content=\"Colonne de poids pour machine \u00e0 poulie (cable machine weight stack) WP-0 avec plaques de 5 kg, plaque sup\u00e9rieure, tige M16 et broche de s\u00e9lection. Convient aux guides de 20 mm. Disponible en kits de 80 kg \u00e0 180 kg.\" \/>\n<meta property=\"og:url\" content=\"https:\/\/gymfactory.eu\/fr\/produit\/bloc-de-colonne-de-poids-wp-0\/\" \/>\n<meta property=\"og:site_name\" content=\"Gym Factory\" \/>\n<meta property=\"og:image\" content=\"https:\/\/gymfactory.eu\/wp-content\/uploads\/2025\/05\/WP-0-weight-stack-block-80-kg-with-selector-pin-and-top-plate.jpg\" \/>\n\t<meta property=\"og:image:width\" content=\"1500\" \/>\n\t<meta property=\"og:image:height\" content=\"1500\" \/>\n\t<meta property=\"og:image:type\" content=\"image\/jpeg\" \/>\n<meta name=\"twitter:card\" content=\"summary_large_image\" \/>\n<meta name=\"twitter:label1\" content=\"Dur\u00e9e de lecture estim\u00e9e\" \/>\n\t<meta name=\"twitter:data1\" content=\"1 minute\" \/>\n<script type=\"application\/ld+json\" class=\"yoast-schema-graph\">{\"@context\":\"https:\/\/schema.org\",\"@graph\":[{\"@type\":\"WebPage\",\"@id\":\"https:\/\/gymfactory.eu\/fr\/produit\/bloc-de-colonne-de-poids-wp-0\/\",\"url\":\"https:\/\/gymfactory.eu\/fr\/produit\/bloc-de-colonne-de-poids-wp-0\/\",\"name\":\"Bloc de Colonne de Poids WP-0 - Gym Factory\",\"isPartOf\":{\"@id\":\"https:\/\/gymfactory.eu\/fr\/#website\"},\"primaryImageOfPage\":{\"@id\":\"https:\/\/gymfactory.eu\/fr\/produit\/bloc-de-colonne-de-poids-wp-0\/#primaryimage\"},\"image\":{\"@id\":\"https:\/\/gymfactory.eu\/fr\/produit\/bloc-de-colonne-de-poids-wp-0\/#primaryimage\"},\"thumbnailUrl\":\"https:\/\/gymfactory.eu\/wp-content\/uploads\/2025\/05\/WP-0-weight-stack-block-80-kg-with-selector-pin-and-top-plate.jpg\",\"datePublished\":\"2025-05-26T09:09:15+00:00\",\"description\":\"Colonne de poids pour machine \u00e0 poulie (cable machine weight stack) WP-0 avec plaques de 5 kg, plaque sup\u00e9rieure, tige M16 et broche de s\u00e9lection. Convient aux guides de 20 mm. Disponible en kits de 80 kg \u00e0 180 kg.\",\"breadcrumb\":{\"@id\":\"https:\/\/gymfactory.eu\/fr\/produit\/bloc-de-colonne-de-poids-wp-0\/#breadcrumb\"},\"inLanguage\":\"fr-FR\",\"potentialAction\":[{\"@type\":\"ReadAction\",\"target\":[\"https:\/\/gymfactory.eu\/fr\/produit\/bloc-de-colonne-de-poids-wp-0\/\"]}]},{\"@type\":\"ImageObject\",\"inLanguage\":\"fr-FR\",\"@id\":\"https:\/\/gymfactory.eu\/fr\/produit\/bloc-de-colonne-de-poids-wp-0\/#primaryimage\",\"url\":\"https:\/\/gymfactory.eu\/wp-content\/uploads\/2025\/05\/WP-0-weight-stack-block-80-kg-with-selector-pin-and-top-plate.jpg\",\"contentUrl\":\"https:\/\/gymfactory.eu\/wp-content\/uploads\/2025\/05\/WP-0-weight-stack-block-80-kg-with-selector-pin-and-top-plate.jpg\",\"width\":1500,\"height\":1500,\"caption\":\"WP-0 cable machine weight stack \u2013 80kg version shown with selector pin and sticker markings\"},{\"@type\":\"BreadcrumbList\",\"@id\":\"https:\/\/gymfactory.eu\/fr\/produit\/bloc-de-colonne-de-poids-wp-0\/#breadcrumb\",\"itemListElement\":[{\"@type\":\"ListItem\",\"position\":1,\"name\":\"Home\",\"item\":\"https:\/\/gymfactory.eu\/fr\/page-principale\/\"},{\"@type\":\"ListItem\",\"position\":2,\"name\":\"Catalogue\",\"item\":\"https:\/\/gymfactory.eu\/fr\/catalogue-2\/\"},{\"@type\":\"ListItem\",\"position\":3,\"name\":\"Bloc de Colonne de Poids WP-0\"}]},{\"@type\":\"WebSite\",\"@id\":\"https:\/\/gymfactory.eu\/fr\/#website\",\"url\":\"https:\/\/gymfactory.eu\/fr\/\",\"name\":\"Gym Factory\",\"description\":\"\",\"publisher\":{\"@id\":\"https:\/\/gymfactory.eu\/fr\/#organization\"},\"potentialAction\":[{\"@type\":\"SearchAction\",\"target\":{\"@type\":\"EntryPoint\",\"urlTemplate\":\"https:\/\/gymfactory.eu\/fr\/?s={search_term_string}\"},\"query-input\":{\"@type\":\"PropertyValueSpecification\",\"valueRequired\":true,\"valueName\":\"search_term_string\"}}],\"inLanguage\":\"fr-FR\"},{\"@type\":\"Organization\",\"@id\":\"https:\/\/gymfactory.eu\/fr\/#organization\",\"name\":\"Gym Factory\",\"url\":\"https:\/\/gymfactory.eu\/fr\/\",\"logo\":{\"@type\":\"ImageObject\",\"inLanguage\":\"fr-FR\",\"@id\":\"https:\/\/gymfactory.eu\/fr\/#\/schema\/logo\/image\/\",\"url\":\"https:\/\/gymfactory.eu\/wp-content\/uploads\/2024\/11\/Component-1.svg\",\"contentUrl\":\"https:\/\/gymfactory.eu\/wp-content\/uploads\/2024\/11\/Component-1.svg\",\"width\":54,\"height\":44,\"caption\":\"Gym Factory\"},\"image\":{\"@id\":\"https:\/\/gymfactory.eu\/fr\/#\/schema\/logo\/image\/\"}}]}<\/script>\n<!-- \/ Yoast SEO plugin. -->","yoast_head_json":{"title":"Bloc de Colonne de Poids WP-0 - Gym Factory","description":"Colonne de poids pour machine \u00e0 poulie (cable machine weight stack) WP-0 avec plaques de 5 kg, plaque sup\u00e9rieure, tige M16 et broche de s\u00e9lection. Convient aux guides de 20 mm. Disponible en kits de 80 kg \u00e0 180 kg.","robots":{"index":"index","follow":"follow","max-snippet":"max-snippet:-1","max-image-preview":"max-image-preview:large","max-video-preview":"max-video-preview:-1"},"canonical":"https:\/\/gymfactory.eu\/fr\/produit\/bloc-de-colonne-de-poids-wp-0\/","og_locale":"fr_FR","og_type":"article","og_title":"Bloc de Colonne de Poids WP-0 - Gym Factory","og_description":"Colonne de poids pour machine \u00e0 poulie (cable machine weight stack) WP-0 avec plaques de 5 kg, plaque sup\u00e9rieure, tige M16 et broche de s\u00e9lection. Convient aux guides de 20 mm. Disponible en kits de 80 kg \u00e0 180 kg.","og_url":"https:\/\/gymfactory.eu\/fr\/produit\/bloc-de-colonne-de-poids-wp-0\/","og_site_name":"Gym Factory","og_image":[{"width":1500,"height":1500,"url":"https:\/\/gymfactory.eu\/wp-content\/uploads\/2025\/05\/WP-0-weight-stack-block-80-kg-with-selector-pin-and-top-plate.jpg","type":"image\/jpeg"}],"twitter_card":"summary_large_image","twitter_misc":{"Dur\u00e9e de lecture estim\u00e9e":"1 minute"},"schema":{"@context":"https:\/\/schema.org","@graph":[{"@type":"WebPage","@id":"https:\/\/gymfactory.eu\/fr\/produit\/bloc-de-colonne-de-poids-wp-0\/","url":"https:\/\/gymfactory.eu\/fr\/produit\/bloc-de-colonne-de-poids-wp-0\/","name":"Bloc de Colonne de Poids WP-0 - Gym Factory","isPartOf":{"@id":"https:\/\/gymfactory.eu\/fr\/#website"},"primaryImageOfPage":{"@id":"https:\/\/gymfactory.eu\/fr\/produit\/bloc-de-colonne-de-poids-wp-0\/#primaryimage"},"image":{"@id":"https:\/\/gymfactory.eu\/fr\/produit\/bloc-de-colonne-de-poids-wp-0\/#primaryimage"},"thumbnailUrl":"https:\/\/gymfactory.eu\/wp-content\/uploads\/2025\/05\/WP-0-weight-stack-block-80-kg-with-selector-pin-and-top-plate.jpg","datePublished":"2025-05-26T09:09:15+00:00","description":"Colonne de poids pour machine \u00e0 poulie (cable machine weight stack) WP-0 avec plaques de 5 kg, plaque sup\u00e9rieure, tige M16 et broche de s\u00e9lection. Convient aux guides de 20 mm. Disponible en kits de 80 kg \u00e0 180 kg.","breadcrumb":{"@id":"https:\/\/gymfactory.eu\/fr\/produit\/bloc-de-colonne-de-poids-wp-0\/#breadcrumb"},"inLanguage":"fr-FR","potentialAction":[{"@type":"ReadAction","target":["https:\/\/gymfactory.eu\/fr\/produit\/bloc-de-colonne-de-poids-wp-0\/"]}]},{"@type":"ImageObject","inLanguage":"fr-FR","@id":"https:\/\/gymfactory.eu\/fr\/produit\/bloc-de-colonne-de-poids-wp-0\/#primaryimage","url":"https:\/\/gymfactory.eu\/wp-content\/uploads\/2025\/05\/WP-0-weight-stack-block-80-kg-with-selector-pin-and-top-plate.jpg","contentUrl":"https:\/\/gymfactory.eu\/wp-content\/uploads\/2025\/05\/WP-0-weight-stack-block-80-kg-with-selector-pin-and-top-plate.jpg","width":1500,"height":1500,"caption":"WP-0 cable machine weight stack \u2013 80kg version shown with selector pin and sticker markings"},{"@type":"BreadcrumbList","@id":"https:\/\/gymfactory.eu\/fr\/produit\/bloc-de-colonne-de-poids-wp-0\/#breadcrumb","itemListElement":[{"@type":"ListItem","position":1,"name":"Home","item":"https:\/\/gymfactory.eu\/fr\/page-principale\/"},{"@type":"ListItem","position":2,"name":"Catalogue","item":"https:\/\/gymfactory.eu\/fr\/catalogue-2\/"},{"@type":"ListItem","position":3,"name":"Bloc de Colonne de Poids WP-0"}]},{"@type":"WebSite","@id":"https:\/\/gymfactory.eu\/fr\/#website","url":"https:\/\/gymfactory.eu\/fr\/","name":"Gym Factory","description":"","publisher":{"@id":"https:\/\/gymfactory.eu\/fr\/#organization"},"potentialAction":[{"@type":"SearchAction","target":{"@type":"EntryPoint","urlTemplate":"https:\/\/gymfactory.eu\/fr\/?s={search_term_string}"},"query-input":{"@type":"PropertyValueSpecification","valueRequired":true,"valueName":"search_term_string"}}],"inLanguage":"fr-FR"},{"@type":"Organization","@id":"https:\/\/gymfactory.eu\/fr\/#organization","name":"Gym Factory","url":"https:\/\/gymfactory.eu\/fr\/","logo":{"@type":"ImageObject","inLanguage":"fr-FR","@id":"https:\/\/gymfactory.eu\/fr\/#\/schema\/logo\/image\/","url":"https:\/\/gymfactory.eu\/wp-content\/uploads\/2024\/11\/Component-1.svg","contentUrl":"https:\/\/gymfactory.eu\/wp-content\/uploads\/2024\/11\/Component-1.svg","width":54,"height":44,"caption":"Gym Factory"},"image":{"@id":"https:\/\/gymfactory.eu\/fr\/#\/schema\/logo\/image\/"}}]}},"_links":{"self":[{"href":"https:\/\/gymfactory.eu\/fr\/wp-json\/wp\/v2\/product\/30302","targetHints":{"allow":["GET"]}}],"collection":[{"href":"https:\/\/gymfactory.eu\/fr\/wp-json\/wp\/v2\/product"}],"about":[{"href":"https:\/\/gymfactory.eu\/fr\/wp-json\/wp\/v2\/types\/product"}],"wp:featuredmedia":[{"embeddable":true,"href":"https:\/\/gymfactory.eu\/fr\/wp-json\/wp\/v2\/media\/30308"}],"wp:attachment":[{"href":"https:\/\/gymfactory.eu\/fr\/wp-json\/wp\/v2\/media?parent=30302"}],"wp:term":[{"taxonomy":"product_brand","embeddable":true,"href":"https:\/\/gymfactory.eu\/fr\/wp-json\/wp\/v2\/product_brand?post=30302"},{"taxonomy":"product_cat","embeddable":true,"href":"https:\/\/gymfactory.eu\/fr\/wp-json\/wp\/v2\/product_cat?post=30302"},{"taxonomy":"product_tag","embeddable":true,"href":"https:\/\/gymfactory.eu\/fr\/wp-json\/wp\/v2\/product_tag?post=30302"}],"curies":[{"name":"wp","href":"https:\/\/api.w.org\/{rel}","templated":true}]}}