{"id":30298,"date":"2025-05-02T17:01:49","date_gmt":"2025-05-02T14:01:49","guid":{"rendered":"https:\/\/gymfactory.eu\/product\/accessoire-t-bar-row-z18\/"},"modified":"2025-05-02T17:01:49","modified_gmt":"2025-05-02T14:01:49","slug":"accessoire-t-bar-row-z18","status":"publish","type":"product","link":"https:\/\/gymfactory.eu\/fr\/produit\/accessoire-t-bar-row-z18\/","title":{"rendered":"Accessoire T-Bar Row Z18"},"content":{"rendered":"<p>L&rsquo;Accessoire T-Bar Row Z18 (T-Bar Row Attachment) est con\u00e7u pour glisser sur l&rsquo;extr\u00e9mit\u00e9 libre d&rsquo;une barre ancr\u00e9e dans un accessoire T-Bar (landmine). Il ajoute des poign\u00e9es rotatives \u00e0 360 degr\u00e9s pour les exercices de tirage (rowing), ainsi que des \u00e9paulettes et des poign\u00e9es de maintien pour effectuer des squats landmine et d&rsquo;autres mouvements du bas du corps. <\/p>\n<p>Cet accessoire cible le dos, les \u00e9paules et les jambes, offrant un confort et un contr\u00f4le accrus pendant l&rsquo;entra\u00eenement. Sa conception compacte et adaptable le rend particuli\u00e8rement adapt\u00e9 aux salles de sport \u00e0 domicile (home gyms), o\u00f9 l&rsquo;espace et la polyvalence sont essentiels. <\/p>\n<p>Compatible avec <a href=\"https:\/\/gymfactory.eu\/product\/z17t-landmine\/\" target=\"_blank\" rel=\"noopener\">l&rsquo;Accessoire Landmine Z17T<\/a> et <a href=\"https:\/\/gymfactory.eu\/product\/z03g-olympic-barbell\/\" target=\"_blank\" rel=\"noopener\">la Barre Olympique Z03G<\/a>.<\/p>\n\n    <div class=\"xs_social_share_widget xs_share_url after_content \t\tmain_content  wslu-style-1 wslu-share-box-shaped wslu-fill-colored wslu-none wslu-share-horizontal wslu-theme-font-no wslu-main_content\">\n\n\t\t\n        <ul>\n\t\t\t        <\/ul>\n    <\/div> \n","protected":false},"excerpt":{"rendered":"<p>L&rsquo;Accessoire T-Bar Row Z18 (T-Bar Row Attachment) est con\u00e7u pour glisser sur l&rsquo;extr\u00e9mit\u00e9 libre d&rsquo;une barre ancr\u00e9e dans un accessoire T-Bar (landmine). Il ajoute des poign\u00e9es rotatives \u00e0 360 degr\u00e9s pour les exercices de tirage (rowing), ainsi que des \u00e9paulettes et des poign\u00e9es de maintien pour effectuer des squats landmine et d&rsquo;autres mouvements du bas [&hellip;]<\/p>\n","protected":false},"featured_media":30299,"template":"","meta":{"_acf_changed":false},"product_brand":[56],"product_cat":[830],"product_tag":[],"class_list":{"0":"post-30298","1":"product","2":"type-product","3":"status-publish","4":"has-post-thumbnail","6":"product_brand-gym-factory","7":"product_cat-autres-equipements-de-salle-de-sport","9":"first","10":"onbackorder","11":"taxable","12":"shipping-taxable","13":"purchasable","14":"product-type-variable","15":"has-default-attributes"},"acf":[],"yoast_head":"<!-- This site is optimized with the Yoast SEO plugin v25.2 - https:\/\/yoast.com\/wordpress\/plugins\/seo\/ -->\n<title>Accessoire T-Bar Row Z18 pour le Renforcement Musculaire | Gym Factory<\/title>\n<meta name=\"description\" content=\"Vous cherchez \u00e0 d\u00e9velopper votre puissance de tirage ? L&#039;Accessoire T-Bar Row Z18 (T-Bar Row Attachment) est un \u00e9quipement pour le renforcement musculaire (gym equipment for strength training) ciblant le dos, les \u00e9paules et les jambes.\" \/>\n<meta name=\"robots\" content=\"index, follow, max-snippet:-1, max-image-preview:large, max-video-preview:-1\" \/>\n<link rel=\"canonical\" href=\"https:\/\/gymfactory.eu\/fr\/produit\/accessoire-t-bar-row-z18\/\" \/>\n<meta property=\"og:locale\" content=\"fr_FR\" \/>\n<meta property=\"og:type\" content=\"article\" \/>\n<meta property=\"og:title\" content=\"Accessoire T-Bar Row Z18 pour le Renforcement Musculaire | Gym Factory\" \/>\n<meta property=\"og:description\" content=\"Vous cherchez \u00e0 d\u00e9velopper votre puissance de tirage ? L&#039;Accessoire T-Bar Row Z18 (T-Bar Row Attachment) est un \u00e9quipement pour le renforcement musculaire (gym equipment for strength training) ciblant le dos, les \u00e9paules et les jambes.\" \/>\n<meta property=\"og:url\" content=\"https:\/\/gymfactory.eu\/fr\/produit\/accessoire-t-bar-row-z18\/\" \/>\n<meta property=\"og:site_name\" content=\"Gym Factory\" \/>\n<meta property=\"og:image\" content=\"https:\/\/gymfactory.eu\/wp-content\/uploads\/2025\/05\/Z18-T-Bar-Row-Attachment-Side-View-1.webp\" \/>\n\t<meta property=\"og:image:width\" content=\"1500\" \/>\n\t<meta property=\"og:image:height\" content=\"1500\" \/>\n\t<meta property=\"og:image:type\" content=\"image\/webp\" \/>\n<meta name=\"twitter:card\" content=\"summary_large_image\" \/>\n<meta name=\"twitter:label1\" content=\"Dur\u00e9e de lecture estim\u00e9e\" \/>\n\t<meta name=\"twitter:data1\" content=\"1 minute\" \/>\n<script type=\"application\/ld+json\" class=\"yoast-schema-graph\">{\"@context\":\"https:\/\/schema.org\",\"@graph\":[{\"@type\":\"WebPage\",\"@id\":\"https:\/\/gymfactory.eu\/fr\/produit\/accessoire-t-bar-row-z18\/\",\"url\":\"https:\/\/gymfactory.eu\/fr\/produit\/accessoire-t-bar-row-z18\/\",\"name\":\"Accessoire T-Bar Row Z18 pour le Renforcement Musculaire | Gym Factory\",\"isPartOf\":{\"@id\":\"https:\/\/gymfactory.eu\/fr\/#website\"},\"primaryImageOfPage\":{\"@id\":\"https:\/\/gymfactory.eu\/fr\/produit\/accessoire-t-bar-row-z18\/#primaryimage\"},\"image\":{\"@id\":\"https:\/\/gymfactory.eu\/fr\/produit\/accessoire-t-bar-row-z18\/#primaryimage\"},\"thumbnailUrl\":\"https:\/\/gymfactory.eu\/wp-content\/uploads\/2025\/05\/Z18-T-Bar-Row-Attachment-Side-View-1.webp\",\"datePublished\":\"2025-05-02T14:01:49+00:00\",\"description\":\"Vous cherchez \u00e0 d\u00e9velopper votre puissance de tirage ? L'Accessoire T-Bar Row Z18 (T-Bar Row Attachment) est un \u00e9quipement pour le renforcement musculaire (gym equipment for strength training) ciblant le dos, les \u00e9paules et les jambes.\",\"breadcrumb\":{\"@id\":\"https:\/\/gymfactory.eu\/fr\/produit\/accessoire-t-bar-row-z18\/#breadcrumb\"},\"inLanguage\":\"fr-FR\",\"potentialAction\":[{\"@type\":\"ReadAction\",\"target\":[\"https:\/\/gymfactory.eu\/fr\/produit\/accessoire-t-bar-row-z18\/\"]}]},{\"@type\":\"ImageObject\",\"inLanguage\":\"fr-FR\",\"@id\":\"https:\/\/gymfactory.eu\/fr\/produit\/accessoire-t-bar-row-z18\/#primaryimage\",\"url\":\"https:\/\/gymfactory.eu\/wp-content\/uploads\/2025\/05\/Z18-T-Bar-Row-Attachment-Side-View-1.webp\",\"contentUrl\":\"https:\/\/gymfactory.eu\/wp-content\/uploads\/2025\/05\/Z18-T-Bar-Row-Attachment-Side-View-1.webp\",\"width\":1500,\"height\":1500,\"caption\":\"Side view of the Z18 T-Bar Row Attachment featuring steel frame, foam-padded supports, and angled bar handles for back and shoulder muscle training.\"},{\"@type\":\"BreadcrumbList\",\"@id\":\"https:\/\/gymfactory.eu\/fr\/produit\/accessoire-t-bar-row-z18\/#breadcrumb\",\"itemListElement\":[{\"@type\":\"ListItem\",\"position\":1,\"name\":\"Home\",\"item\":\"https:\/\/gymfactory.eu\/fr\/\"},{\"@type\":\"ListItem\",\"position\":2,\"name\":\"Catalogue\",\"item\":\"https:\/\/gymfactory.eu\/catalogue\/\"},{\"@type\":\"ListItem\",\"position\":3,\"name\":\"Accessoire T-Bar Row Z18\"}]},{\"@type\":\"WebSite\",\"@id\":\"https:\/\/gymfactory.eu\/fr\/#website\",\"url\":\"https:\/\/gymfactory.eu\/fr\/\",\"name\":\"Gym Factory\",\"description\":\"\",\"publisher\":{\"@id\":\"https:\/\/gymfactory.eu\/fr\/#organization\"},\"potentialAction\":[{\"@type\":\"SearchAction\",\"target\":{\"@type\":\"EntryPoint\",\"urlTemplate\":\"https:\/\/gymfactory.eu\/fr\/?s={search_term_string}\"},\"query-input\":{\"@type\":\"PropertyValueSpecification\",\"valueRequired\":true,\"valueName\":\"search_term_string\"}}],\"inLanguage\":\"fr-FR\"},{\"@type\":\"Organization\",\"@id\":\"https:\/\/gymfactory.eu\/fr\/#organization\",\"name\":\"Gym Factory\",\"url\":\"https:\/\/gymfactory.eu\/fr\/\",\"logo\":{\"@type\":\"ImageObject\",\"inLanguage\":\"fr-FR\",\"@id\":\"https:\/\/gymfactory.eu\/fr\/#\/schema\/logo\/image\/\",\"url\":\"https:\/\/gymfactory.eu\/wp-content\/uploads\/2024\/11\/Component-1.svg\",\"contentUrl\":\"https:\/\/gymfactory.eu\/wp-content\/uploads\/2024\/11\/Component-1.svg\",\"width\":54,\"height\":44,\"caption\":\"Gym Factory\"},\"image\":{\"@id\":\"https:\/\/gymfactory.eu\/fr\/#\/schema\/logo\/image\/\"}}]}<\/script>\n<!-- \/ Yoast SEO plugin. -->","yoast_head_json":{"title":"Accessoire T-Bar Row Z18 pour le Renforcement Musculaire | Gym Factory","description":"Vous cherchez \u00e0 d\u00e9velopper votre puissance de tirage ? L'Accessoire T-Bar Row Z18 (T-Bar Row Attachment) est un \u00e9quipement pour le renforcement musculaire (gym equipment for strength training) ciblant le dos, les \u00e9paules et les jambes.","robots":{"index":"index","follow":"follow","max-snippet":"max-snippet:-1","max-image-preview":"max-image-preview:large","max-video-preview":"max-video-preview:-1"},"canonical":"https:\/\/gymfactory.eu\/fr\/produit\/accessoire-t-bar-row-z18\/","og_locale":"fr_FR","og_type":"article","og_title":"Accessoire T-Bar Row Z18 pour le Renforcement Musculaire | Gym Factory","og_description":"Vous cherchez \u00e0 d\u00e9velopper votre puissance de tirage ? L'Accessoire T-Bar Row Z18 (T-Bar Row Attachment) est un \u00e9quipement pour le renforcement musculaire (gym equipment for strength training) ciblant le dos, les \u00e9paules et les jambes.","og_url":"https:\/\/gymfactory.eu\/fr\/produit\/accessoire-t-bar-row-z18\/","og_site_name":"Gym Factory","og_image":[{"width":1500,"height":1500,"url":"https:\/\/gymfactory.eu\/wp-content\/uploads\/2025\/05\/Z18-T-Bar-Row-Attachment-Side-View-1.webp","type":"image\/webp"}],"twitter_card":"summary_large_image","twitter_misc":{"Dur\u00e9e de lecture estim\u00e9e":"1 minute"},"schema":{"@context":"https:\/\/schema.org","@graph":[{"@type":"WebPage","@id":"https:\/\/gymfactory.eu\/fr\/produit\/accessoire-t-bar-row-z18\/","url":"https:\/\/gymfactory.eu\/fr\/produit\/accessoire-t-bar-row-z18\/","name":"Accessoire T-Bar Row Z18 pour le Renforcement Musculaire | Gym Factory","isPartOf":{"@id":"https:\/\/gymfactory.eu\/fr\/#website"},"primaryImageOfPage":{"@id":"https:\/\/gymfactory.eu\/fr\/produit\/accessoire-t-bar-row-z18\/#primaryimage"},"image":{"@id":"https:\/\/gymfactory.eu\/fr\/produit\/accessoire-t-bar-row-z18\/#primaryimage"},"thumbnailUrl":"https:\/\/gymfactory.eu\/wp-content\/uploads\/2025\/05\/Z18-T-Bar-Row-Attachment-Side-View-1.webp","datePublished":"2025-05-02T14:01:49+00:00","description":"Vous cherchez \u00e0 d\u00e9velopper votre puissance de tirage ? L'Accessoire T-Bar Row Z18 (T-Bar Row Attachment) est un \u00e9quipement pour le renforcement musculaire (gym equipment for strength training) ciblant le dos, les \u00e9paules et les jambes.","breadcrumb":{"@id":"https:\/\/gymfactory.eu\/fr\/produit\/accessoire-t-bar-row-z18\/#breadcrumb"},"inLanguage":"fr-FR","potentialAction":[{"@type":"ReadAction","target":["https:\/\/gymfactory.eu\/fr\/produit\/accessoire-t-bar-row-z18\/"]}]},{"@type":"ImageObject","inLanguage":"fr-FR","@id":"https:\/\/gymfactory.eu\/fr\/produit\/accessoire-t-bar-row-z18\/#primaryimage","url":"https:\/\/gymfactory.eu\/wp-content\/uploads\/2025\/05\/Z18-T-Bar-Row-Attachment-Side-View-1.webp","contentUrl":"https:\/\/gymfactory.eu\/wp-content\/uploads\/2025\/05\/Z18-T-Bar-Row-Attachment-Side-View-1.webp","width":1500,"height":1500,"caption":"Side view of the Z18 T-Bar Row Attachment featuring steel frame, foam-padded supports, and angled bar handles for back and shoulder muscle training."},{"@type":"BreadcrumbList","@id":"https:\/\/gymfactory.eu\/fr\/produit\/accessoire-t-bar-row-z18\/#breadcrumb","itemListElement":[{"@type":"ListItem","position":1,"name":"Home","item":"https:\/\/gymfactory.eu\/fr\/"},{"@type":"ListItem","position":2,"name":"Catalogue","item":"https:\/\/gymfactory.eu\/catalogue\/"},{"@type":"ListItem","position":3,"name":"Accessoire T-Bar Row Z18"}]},{"@type":"WebSite","@id":"https:\/\/gymfactory.eu\/fr\/#website","url":"https:\/\/gymfactory.eu\/fr\/","name":"Gym Factory","description":"","publisher":{"@id":"https:\/\/gymfactory.eu\/fr\/#organization"},"potentialAction":[{"@type":"SearchAction","target":{"@type":"EntryPoint","urlTemplate":"https:\/\/gymfactory.eu\/fr\/?s={search_term_string}"},"query-input":{"@type":"PropertyValueSpecification","valueRequired":true,"valueName":"search_term_string"}}],"inLanguage":"fr-FR"},{"@type":"Organization","@id":"https:\/\/gymfactory.eu\/fr\/#organization","name":"Gym Factory","url":"https:\/\/gymfactory.eu\/fr\/","logo":{"@type":"ImageObject","inLanguage":"fr-FR","@id":"https:\/\/gymfactory.eu\/fr\/#\/schema\/logo\/image\/","url":"https:\/\/gymfactory.eu\/wp-content\/uploads\/2024\/11\/Component-1.svg","contentUrl":"https:\/\/gymfactory.eu\/wp-content\/uploads\/2024\/11\/Component-1.svg","width":54,"height":44,"caption":"Gym Factory"},"image":{"@id":"https:\/\/gymfactory.eu\/fr\/#\/schema\/logo\/image\/"}}]}},"_links":{"self":[{"href":"https:\/\/gymfactory.eu\/fr\/wp-json\/wp\/v2\/product\/30298","targetHints":{"allow":["GET"]}}],"collection":[{"href":"https:\/\/gymfactory.eu\/fr\/wp-json\/wp\/v2\/product"}],"about":[{"href":"https:\/\/gymfactory.eu\/fr\/wp-json\/wp\/v2\/types\/product"}],"wp:featuredmedia":[{"embeddable":true,"href":"https:\/\/gymfactory.eu\/fr\/wp-json\/wp\/v2\/media\/30299"}],"wp:attachment":[{"href":"https:\/\/gymfactory.eu\/fr\/wp-json\/wp\/v2\/media?parent=30298"}],"wp:term":[{"taxonomy":"product_brand","embeddable":true,"href":"https:\/\/gymfactory.eu\/fr\/wp-json\/wp\/v2\/product_brand?post=30298"},{"taxonomy":"product_cat","embeddable":true,"href":"https:\/\/gymfactory.eu\/fr\/wp-json\/wp\/v2\/product_cat?post=30298"},{"taxonomy":"product_tag","embeddable":true,"href":"https:\/\/gymfactory.eu\/fr\/wp-json\/wp\/v2\/product_tag?post=30298"}],"curies":[{"name":"wp","href":"https:\/\/api.w.org\/{rel}","templated":true}]}}