{"id":30296,"date":"2025-05-02T16:26:42","date_gmt":"2025-05-02T13:26:42","guid":{"rendered":"https:\/\/gymfactory.eu\/product\/machine-de-boxe-y1xx\/"},"modified":"2025-05-02T16:26:42","modified_gmt":"2025-05-02T13:26:42","slug":"machine-de-boxe-y1xx","status":"publish","type":"product","link":"https:\/\/gymfactory.eu\/fr\/produit\/machine-de-boxe-y1xx\/","title":{"rendered":"Machine de Boxe Y1XX"},"content":{"rendered":"<p>La Machine de Boxe Y1XX (Boxing Punching Machine) est un appareil d&rsquo;entra\u00eenement con\u00e7u pour am\u00e9liorer la pr\u00e9cision des frappes, la coordination et le timing. Elle est dot\u00e9e d&rsquo;un cadre en acier avec de multiples cibles rembourr\u00e9es positionn\u00e9es \u00e0 diff\u00e9rents angles pour permettre des exercices de frappe vari\u00e9s. <\/p>\n<p>La machine permet de pratiquer des combinaisons de frappes, le travail des r\u00e9flexes et le jeu de jambes dans une installation stable. Elle est adapt\u00e9e aux environnements d&rsquo;entra\u00eenement de boxe et de sports de combat.<\/p>\n\n    <div class=\"xs_social_share_widget xs_share_url after_content \t\tmain_content  wslu-style-1 wslu-share-box-shaped wslu-fill-colored wslu-none wslu-share-horizontal wslu-theme-font-no wslu-main_content\">\n\n\t\t\n        <ul>\n\t\t\t        <\/ul>\n    <\/div> \n","protected":false},"excerpt":{"rendered":"<p>La Machine de Boxe Y1XX (Boxing Punching Machine) est un appareil d&rsquo;entra\u00eenement con\u00e7u pour am\u00e9liorer la pr\u00e9cision des frappes, la coordination et le timing. Elle est dot\u00e9e d&rsquo;un cadre en acier avec de multiples cibles rembourr\u00e9es positionn\u00e9es \u00e0 diff\u00e9rents angles pour permettre des exercices de frappe vari\u00e9s. La machine permet de pratiquer des combinaisons de [&hellip;]<\/p>\n","protected":false},"featured_media":30297,"template":"","meta":{"_acf_changed":false},"product_brand":[56],"product_cat":[830],"product_tag":[857],"class_list":{"0":"post-30296","1":"product","2":"type-product","3":"status-publish","4":"has-post-thumbnail","6":"product_brand-gym-factory","7":"product_cat-autres-equipements-de-salle-de-sport","8":"product_tag-couleur-metal-uniquement","10":"first","11":"onbackorder","12":"taxable","13":"shipping-taxable","14":"purchasable","15":"product-type-simple"},"acf":[],"yoast_head":"<!-- This site is optimized with the Yoast SEO plugin v25.2 - https:\/\/yoast.com\/wordpress\/plugins\/seo\/ -->\n<title>Machine de Boxe Y1XX \u2013 \u00c9quipement de Musculation par Gym Factory<\/title>\n<meta name=\"description\" content=\"Vous cherchez \u00e0 am\u00e9liorer la pr\u00e9cision et la vitesse de vos frappes ? La Machine de Boxe Y1XX (Boxing Punching Machine) est un \u00e9quipement de musculation puissant (gym equipment) con\u00e7u pour la coordination et la pr\u00e9cision.\" \/>\n<meta name=\"robots\" content=\"index, follow, max-snippet:-1, max-image-preview:large, max-video-preview:-1\" \/>\n<link rel=\"canonical\" href=\"https:\/\/gymfactory.eu\/fr\/produit\/machine-de-boxe-y1xx\/\" \/>\n<meta property=\"og:locale\" content=\"fr_FR\" \/>\n<meta property=\"og:type\" content=\"article\" \/>\n<meta property=\"og:title\" content=\"Machine de Boxe Y1XX \u2013 \u00c9quipement de Musculation par Gym Factory\" \/>\n<meta property=\"og:description\" content=\"Vous cherchez \u00e0 am\u00e9liorer la pr\u00e9cision et la vitesse de vos frappes ? La Machine de Boxe Y1XX (Boxing Punching Machine) est un \u00e9quipement de musculation puissant (gym equipment) con\u00e7u pour la coordination et la pr\u00e9cision.\" \/>\n<meta property=\"og:url\" content=\"https:\/\/gymfactory.eu\/fr\/produit\/machine-de-boxe-y1xx\/\" \/>\n<meta property=\"og:site_name\" content=\"Gym Factory\" \/>\n<meta property=\"og:image\" content=\"https:\/\/gymfactory.eu\/wp-content\/uploads\/2025\/05\/Y1XX-Boxing-Punching-Machine.webp\" \/>\n\t<meta property=\"og:image:width\" content=\"1500\" \/>\n\t<meta property=\"og:image:height\" content=\"1500\" \/>\n\t<meta property=\"og:image:type\" content=\"image\/webp\" \/>\n<meta name=\"twitter:card\" content=\"summary_large_image\" \/>\n<script type=\"application\/ld+json\" class=\"yoast-schema-graph\">{\"@context\":\"https:\/\/schema.org\",\"@graph\":[{\"@type\":\"WebPage\",\"@id\":\"https:\/\/gymfactory.eu\/fr\/produit\/machine-de-boxe-y1xx\/\",\"url\":\"https:\/\/gymfactory.eu\/fr\/produit\/machine-de-boxe-y1xx\/\",\"name\":\"Machine de Boxe Y1XX \u2013 \u00c9quipement de Musculation par Gym Factory\",\"isPartOf\":{\"@id\":\"https:\/\/gymfactory.eu\/fr\/#website\"},\"primaryImageOfPage\":{\"@id\":\"https:\/\/gymfactory.eu\/fr\/produit\/machine-de-boxe-y1xx\/#primaryimage\"},\"image\":{\"@id\":\"https:\/\/gymfactory.eu\/fr\/produit\/machine-de-boxe-y1xx\/#primaryimage\"},\"thumbnailUrl\":\"https:\/\/gymfactory.eu\/wp-content\/uploads\/2025\/05\/Y1XX-Boxing-Punching-Machine.webp\",\"datePublished\":\"2025-05-02T13:26:42+00:00\",\"description\":\"Vous cherchez \u00e0 am\u00e9liorer la pr\u00e9cision et la vitesse de vos frappes ? La Machine de Boxe Y1XX (Boxing Punching Machine) est un \u00e9quipement de musculation puissant (gym equipment) con\u00e7u pour la coordination et la pr\u00e9cision.\",\"breadcrumb\":{\"@id\":\"https:\/\/gymfactory.eu\/fr\/produit\/machine-de-boxe-y1xx\/#breadcrumb\"},\"inLanguage\":\"fr-FR\",\"potentialAction\":[{\"@type\":\"ReadAction\",\"target\":[\"https:\/\/gymfactory.eu\/fr\/produit\/machine-de-boxe-y1xx\/\"]}]},{\"@type\":\"ImageObject\",\"inLanguage\":\"fr-FR\",\"@id\":\"https:\/\/gymfactory.eu\/fr\/produit\/machine-de-boxe-y1xx\/#primaryimage\",\"url\":\"https:\/\/gymfactory.eu\/wp-content\/uploads\/2025\/05\/Y1XX-Boxing-Punching-Machine.webp\",\"contentUrl\":\"https:\/\/gymfactory.eu\/wp-content\/uploads\/2025\/05\/Y1XX-Boxing-Punching-Machine.webp\",\"width\":1500,\"height\":1500,\"caption\":\"Y1XX Boxing Punching Machine with multiple padded strike targets, steel frame, and powder-coated finish, designed for precision boxing and gym equipment training.\"},{\"@type\":\"BreadcrumbList\",\"@id\":\"https:\/\/gymfactory.eu\/fr\/produit\/machine-de-boxe-y1xx\/#breadcrumb\",\"itemListElement\":[{\"@type\":\"ListItem\",\"position\":1,\"name\":\"Home\",\"item\":\"https:\/\/gymfactory.eu\/fr\/\"},{\"@type\":\"ListItem\",\"position\":2,\"name\":\"Catalogue\",\"item\":\"https:\/\/gymfactory.eu\/catalogue\/\"},{\"@type\":\"ListItem\",\"position\":3,\"name\":\"Machine de Boxe Y1XX\"}]},{\"@type\":\"WebSite\",\"@id\":\"https:\/\/gymfactory.eu\/fr\/#website\",\"url\":\"https:\/\/gymfactory.eu\/fr\/\",\"name\":\"Gym Factory\",\"description\":\"\",\"publisher\":{\"@id\":\"https:\/\/gymfactory.eu\/fr\/#organization\"},\"potentialAction\":[{\"@type\":\"SearchAction\",\"target\":{\"@type\":\"EntryPoint\",\"urlTemplate\":\"https:\/\/gymfactory.eu\/fr\/?s={search_term_string}\"},\"query-input\":{\"@type\":\"PropertyValueSpecification\",\"valueRequired\":true,\"valueName\":\"search_term_string\"}}],\"inLanguage\":\"fr-FR\"},{\"@type\":\"Organization\",\"@id\":\"https:\/\/gymfactory.eu\/fr\/#organization\",\"name\":\"Gym Factory\",\"url\":\"https:\/\/gymfactory.eu\/fr\/\",\"logo\":{\"@type\":\"ImageObject\",\"inLanguage\":\"fr-FR\",\"@id\":\"https:\/\/gymfactory.eu\/fr\/#\/schema\/logo\/image\/\",\"url\":\"https:\/\/gymfactory.eu\/wp-content\/uploads\/2024\/11\/Component-1.svg\",\"contentUrl\":\"https:\/\/gymfactory.eu\/wp-content\/uploads\/2024\/11\/Component-1.svg\",\"width\":54,\"height\":44,\"caption\":\"Gym Factory\"},\"image\":{\"@id\":\"https:\/\/gymfactory.eu\/fr\/#\/schema\/logo\/image\/\"}}]}<\/script>\n<!-- \/ Yoast SEO plugin. -->","yoast_head_json":{"title":"Machine de Boxe Y1XX \u2013 \u00c9quipement de Musculation par Gym Factory","description":"Vous cherchez \u00e0 am\u00e9liorer la pr\u00e9cision et la vitesse de vos frappes ? La Machine de Boxe Y1XX (Boxing Punching Machine) est un \u00e9quipement de musculation puissant (gym equipment) con\u00e7u pour la coordination et la pr\u00e9cision.","robots":{"index":"index","follow":"follow","max-snippet":"max-snippet:-1","max-image-preview":"max-image-preview:large","max-video-preview":"max-video-preview:-1"},"canonical":"https:\/\/gymfactory.eu\/fr\/produit\/machine-de-boxe-y1xx\/","og_locale":"fr_FR","og_type":"article","og_title":"Machine de Boxe Y1XX \u2013 \u00c9quipement de Musculation par Gym Factory","og_description":"Vous cherchez \u00e0 am\u00e9liorer la pr\u00e9cision et la vitesse de vos frappes ? La Machine de Boxe Y1XX (Boxing Punching Machine) est un \u00e9quipement de musculation puissant (gym equipment) con\u00e7u pour la coordination et la pr\u00e9cision.","og_url":"https:\/\/gymfactory.eu\/fr\/produit\/machine-de-boxe-y1xx\/","og_site_name":"Gym Factory","og_image":[{"width":1500,"height":1500,"url":"https:\/\/gymfactory.eu\/wp-content\/uploads\/2025\/05\/Y1XX-Boxing-Punching-Machine.webp","type":"image\/webp"}],"twitter_card":"summary_large_image","schema":{"@context":"https:\/\/schema.org","@graph":[{"@type":"WebPage","@id":"https:\/\/gymfactory.eu\/fr\/produit\/machine-de-boxe-y1xx\/","url":"https:\/\/gymfactory.eu\/fr\/produit\/machine-de-boxe-y1xx\/","name":"Machine de Boxe Y1XX \u2013 \u00c9quipement de Musculation par Gym Factory","isPartOf":{"@id":"https:\/\/gymfactory.eu\/fr\/#website"},"primaryImageOfPage":{"@id":"https:\/\/gymfactory.eu\/fr\/produit\/machine-de-boxe-y1xx\/#primaryimage"},"image":{"@id":"https:\/\/gymfactory.eu\/fr\/produit\/machine-de-boxe-y1xx\/#primaryimage"},"thumbnailUrl":"https:\/\/gymfactory.eu\/wp-content\/uploads\/2025\/05\/Y1XX-Boxing-Punching-Machine.webp","datePublished":"2025-05-02T13:26:42+00:00","description":"Vous cherchez \u00e0 am\u00e9liorer la pr\u00e9cision et la vitesse de vos frappes ? La Machine de Boxe Y1XX (Boxing Punching Machine) est un \u00e9quipement de musculation puissant (gym equipment) con\u00e7u pour la coordination et la pr\u00e9cision.","breadcrumb":{"@id":"https:\/\/gymfactory.eu\/fr\/produit\/machine-de-boxe-y1xx\/#breadcrumb"},"inLanguage":"fr-FR","potentialAction":[{"@type":"ReadAction","target":["https:\/\/gymfactory.eu\/fr\/produit\/machine-de-boxe-y1xx\/"]}]},{"@type":"ImageObject","inLanguage":"fr-FR","@id":"https:\/\/gymfactory.eu\/fr\/produit\/machine-de-boxe-y1xx\/#primaryimage","url":"https:\/\/gymfactory.eu\/wp-content\/uploads\/2025\/05\/Y1XX-Boxing-Punching-Machine.webp","contentUrl":"https:\/\/gymfactory.eu\/wp-content\/uploads\/2025\/05\/Y1XX-Boxing-Punching-Machine.webp","width":1500,"height":1500,"caption":"Y1XX Boxing Punching Machine with multiple padded strike targets, steel frame, and powder-coated finish, designed for precision boxing and gym equipment training."},{"@type":"BreadcrumbList","@id":"https:\/\/gymfactory.eu\/fr\/produit\/machine-de-boxe-y1xx\/#breadcrumb","itemListElement":[{"@type":"ListItem","position":1,"name":"Home","item":"https:\/\/gymfactory.eu\/fr\/"},{"@type":"ListItem","position":2,"name":"Catalogue","item":"https:\/\/gymfactory.eu\/catalogue\/"},{"@type":"ListItem","position":3,"name":"Machine de Boxe Y1XX"}]},{"@type":"WebSite","@id":"https:\/\/gymfactory.eu\/fr\/#website","url":"https:\/\/gymfactory.eu\/fr\/","name":"Gym Factory","description":"","publisher":{"@id":"https:\/\/gymfactory.eu\/fr\/#organization"},"potentialAction":[{"@type":"SearchAction","target":{"@type":"EntryPoint","urlTemplate":"https:\/\/gymfactory.eu\/fr\/?s={search_term_string}"},"query-input":{"@type":"PropertyValueSpecification","valueRequired":true,"valueName":"search_term_string"}}],"inLanguage":"fr-FR"},{"@type":"Organization","@id":"https:\/\/gymfactory.eu\/fr\/#organization","name":"Gym Factory","url":"https:\/\/gymfactory.eu\/fr\/","logo":{"@type":"ImageObject","inLanguage":"fr-FR","@id":"https:\/\/gymfactory.eu\/fr\/#\/schema\/logo\/image\/","url":"https:\/\/gymfactory.eu\/wp-content\/uploads\/2024\/11\/Component-1.svg","contentUrl":"https:\/\/gymfactory.eu\/wp-content\/uploads\/2024\/11\/Component-1.svg","width":54,"height":44,"caption":"Gym Factory"},"image":{"@id":"https:\/\/gymfactory.eu\/fr\/#\/schema\/logo\/image\/"}}]}},"_links":{"self":[{"href":"https:\/\/gymfactory.eu\/fr\/wp-json\/wp\/v2\/product\/30296","targetHints":{"allow":["GET"]}}],"collection":[{"href":"https:\/\/gymfactory.eu\/fr\/wp-json\/wp\/v2\/product"}],"about":[{"href":"https:\/\/gymfactory.eu\/fr\/wp-json\/wp\/v2\/types\/product"}],"wp:featuredmedia":[{"embeddable":true,"href":"https:\/\/gymfactory.eu\/fr\/wp-json\/wp\/v2\/media\/30297"}],"wp:attachment":[{"href":"https:\/\/gymfactory.eu\/fr\/wp-json\/wp\/v2\/media?parent=30296"}],"wp:term":[{"taxonomy":"product_brand","embeddable":true,"href":"https:\/\/gymfactory.eu\/fr\/wp-json\/wp\/v2\/product_brand?post=30296"},{"taxonomy":"product_cat","embeddable":true,"href":"https:\/\/gymfactory.eu\/fr\/wp-json\/wp\/v2\/product_cat?post=30296"},{"taxonomy":"product_tag","embeddable":true,"href":"https:\/\/gymfactory.eu\/fr\/wp-json\/wp\/v2\/product_tag?post=30296"}],"curies":[{"name":"wp","href":"https:\/\/api.w.org\/{rel}","templated":true}]}}