{"id":30287,"date":"2025-05-02T12:21:29","date_gmt":"2025-05-02T09:21:29","guid":{"rendered":"https:\/\/gymfactory.eu\/product\/disques-de-poids-olympiques-x1\/"},"modified":"2025-05-02T12:21:29","modified_gmt":"2025-05-02T09:21:29","slug":"disques-de-poids-olympiques-x1","status":"publish","type":"product","link":"https:\/\/gymfactory.eu\/fr\/produit\/disques-de-poids-olympiques-x1\/","title":{"rendered":"Disques de Poids Olympiques X1"},"content":{"rendered":"<p>Les Disques de Poids Olympiques X1 (Olympic Weight Plates) sont des disques en m\u00e9tal con\u00e7us pour \u00eatre utilis\u00e9s avec des barres et des racks de 50 mm. Chaque disque dispose de trois poign\u00e9es int\u00e9gr\u00e9es pour faciliter la manipulation, le chargement et le repositionnement pendant l&rsquo;entra\u00eenement. <\/p>\n<p>Disponibles en tailles de 1,25 kg, 2,5 kg, 5 kg, 10 kg, 15 kg, 20 kg et 25 kg, ils offrent un large \u00e9ventail d&rsquo;utilisations pour les exercices de renforcement musculaire tels que les squats, les d\u00e9velopp\u00e9s et les soulev\u00e9s de terre (deadlifts), aussi bien dans les installations \u00e0 domicile que dans les salles de sport professionnelles.<\/p>\n\n    <div class=\"xs_social_share_widget xs_share_url after_content \t\tmain_content  wslu-style-1 wslu-share-box-shaped wslu-fill-colored wslu-none wslu-share-horizontal wslu-theme-font-no wslu-main_content\">\n\n\t\t\n        <ul>\n\t\t\t        <\/ul>\n    <\/div> \n","protected":false},"excerpt":{"rendered":"<p>Les Disques de Poids Olympiques X1 (Olympic Weight Plates) sont des disques en m\u00e9tal con\u00e7us pour \u00eatre utilis\u00e9s avec des barres et des racks de 50 mm. Chaque disque dispose de trois poign\u00e9es int\u00e9gr\u00e9es pour faciliter la manipulation, le chargement et le repositionnement pendant l&rsquo;entra\u00eenement. Disponibles en tailles de 1,25 kg, 2,5 kg, 5 kg, [&hellip;]<\/p>\n","protected":false},"featured_media":28098,"template":"","meta":{"_acf_changed":false},"product_brand":[56],"product_cat":[824],"product_tag":[977],"class_list":{"0":"post-30287","1":"product","2":"type-product","3":"status-publish","4":"has-post-thumbnail","6":"product_brand-gym-factory","7":"product_cat-barres-et-disques","8":"product_tag-couleur-sans-couleurs","10":"first","11":"onbackorder","12":"taxable","13":"shipping-taxable","14":"purchasable","15":"product-type-variable","16":"has-default-attributes"},"acf":[],"yoast_head":"<!-- This site is optimized with the Yoast SEO plugin v25.2 - https:\/\/yoast.com\/wordpress\/plugins\/seo\/ -->\n<title>Disques de Poids Olympiques X1 pour le Renforcement Musculaire \u2013 Gym Factory<\/title>\n<meta name=\"description\" content=\"Vous cherchez un \u00e9quipement de musculation durable (equipment for strength training) ? Les Disques de Poids Olympiques X1 (Olympic Weight Plates) offrent qualit\u00e9, prise en main et pr\u00e9cision pour les entra\u00eenements \u00e0 domicile ou en salle.\" \/>\n<meta name=\"robots\" content=\"index, follow, max-snippet:-1, max-image-preview:large, max-video-preview:-1\" \/>\n<link rel=\"canonical\" href=\"https:\/\/gymfactory.eu\/fr\/produit\/disques-de-poids-olympiques-x1\/\" \/>\n<meta property=\"og:locale\" content=\"fr_FR\" \/>\n<meta property=\"og:type\" content=\"article\" \/>\n<meta property=\"og:title\" content=\"Disques de Poids Olympiques X1 pour le Renforcement Musculaire \u2013 Gym Factory\" \/>\n<meta property=\"og:description\" content=\"Vous cherchez un \u00e9quipement de musculation durable (equipment for strength training) ? Les Disques de Poids Olympiques X1 (Olympic Weight Plates) offrent qualit\u00e9, prise en main et pr\u00e9cision pour les entra\u00eenements \u00e0 domicile ou en salle.\" \/>\n<meta property=\"og:url\" content=\"https:\/\/gymfactory.eu\/fr\/produit\/disques-de-poids-olympiques-x1\/\" \/>\n<meta property=\"og:site_name\" content=\"Gym Factory\" \/>\n<meta property=\"og:image\" content=\"https:\/\/gymfactory.eu\/wp-content\/uploads\/2025\/05\/X1-Olympic-Weight-Plates.webp\" \/>\n\t<meta property=\"og:image:width\" content=\"1500\" \/>\n\t<meta property=\"og:image:height\" content=\"1500\" \/>\n\t<meta property=\"og:image:type\" content=\"image\/webp\" \/>\n<meta name=\"twitter:card\" content=\"summary_large_image\" \/>\n<meta name=\"twitter:label1\" content=\"Dur\u00e9e de lecture estim\u00e9e\" \/>\n\t<meta name=\"twitter:data1\" content=\"1 minute\" \/>\n<script type=\"application\/ld+json\" class=\"yoast-schema-graph\">{\"@context\":\"https:\/\/schema.org\",\"@graph\":[{\"@type\":\"WebPage\",\"@id\":\"https:\/\/gymfactory.eu\/fr\/produit\/disques-de-poids-olympiques-x1\/\",\"url\":\"https:\/\/gymfactory.eu\/fr\/produit\/disques-de-poids-olympiques-x1\/\",\"name\":\"Disques de Poids Olympiques X1 pour le Renforcement Musculaire \u2013 Gym Factory\",\"isPartOf\":{\"@id\":\"https:\/\/gymfactory.eu\/fr\/#website\"},\"primaryImageOfPage\":{\"@id\":\"https:\/\/gymfactory.eu\/fr\/produit\/disques-de-poids-olympiques-x1\/#primaryimage\"},\"image\":{\"@id\":\"https:\/\/gymfactory.eu\/fr\/produit\/disques-de-poids-olympiques-x1\/#primaryimage\"},\"thumbnailUrl\":\"https:\/\/gymfactory.eu\/wp-content\/uploads\/2025\/05\/X1-Olympic-Weight-Plates.webp\",\"datePublished\":\"2025-05-02T09:21:29+00:00\",\"description\":\"Vous cherchez un \u00e9quipement de musculation durable (equipment for strength training) ? Les Disques de Poids Olympiques X1 (Olympic Weight Plates) offrent qualit\u00e9, prise en main et pr\u00e9cision pour les entra\u00eenements \u00e0 domicile ou en salle.\",\"breadcrumb\":{\"@id\":\"https:\/\/gymfactory.eu\/fr\/produit\/disques-de-poids-olympiques-x1\/#breadcrumb\"},\"inLanguage\":\"fr-FR\",\"potentialAction\":[{\"@type\":\"ReadAction\",\"target\":[\"https:\/\/gymfactory.eu\/fr\/produit\/disques-de-poids-olympiques-x1\/\"]}]},{\"@type\":\"ImageObject\",\"inLanguage\":\"fr-FR\",\"@id\":\"https:\/\/gymfactory.eu\/fr\/produit\/disques-de-poids-olympiques-x1\/#primaryimage\",\"url\":\"https:\/\/gymfactory.eu\/wp-content\/uploads\/2025\/05\/X1-Olympic-Weight-Plates.webp\",\"contentUrl\":\"https:\/\/gymfactory.eu\/wp-content\/uploads\/2025\/05\/X1-Olympic-Weight-Plates.webp\",\"width\":1500,\"height\":1500,\"caption\":\"Close-up of a round metal plates with three grip handles and a 50mm center hole from the X1 Olympic Weight Plates set, designed as equipment for strength training.\"},{\"@type\":\"BreadcrumbList\",\"@id\":\"https:\/\/gymfactory.eu\/fr\/produit\/disques-de-poids-olympiques-x1\/#breadcrumb\",\"itemListElement\":[{\"@type\":\"ListItem\",\"position\":1,\"name\":\"Home\",\"item\":\"https:\/\/gymfactory.eu\/fr\/page-principale\/\"},{\"@type\":\"ListItem\",\"position\":2,\"name\":\"Catalogue\",\"item\":\"https:\/\/gymfactory.eu\/fr\/catalogue-2\/\"},{\"@type\":\"ListItem\",\"position\":3,\"name\":\"Disques de Poids Olympiques X1\"}]},{\"@type\":\"WebSite\",\"@id\":\"https:\/\/gymfactory.eu\/fr\/#website\",\"url\":\"https:\/\/gymfactory.eu\/fr\/\",\"name\":\"Gym Factory\",\"description\":\"\",\"publisher\":{\"@id\":\"https:\/\/gymfactory.eu\/fr\/#organization\"},\"potentialAction\":[{\"@type\":\"SearchAction\",\"target\":{\"@type\":\"EntryPoint\",\"urlTemplate\":\"https:\/\/gymfactory.eu\/fr\/?s={search_term_string}\"},\"query-input\":{\"@type\":\"PropertyValueSpecification\",\"valueRequired\":true,\"valueName\":\"search_term_string\"}}],\"inLanguage\":\"fr-FR\"},{\"@type\":\"Organization\",\"@id\":\"https:\/\/gymfactory.eu\/fr\/#organization\",\"name\":\"Gym Factory\",\"url\":\"https:\/\/gymfactory.eu\/fr\/\",\"logo\":{\"@type\":\"ImageObject\",\"inLanguage\":\"fr-FR\",\"@id\":\"https:\/\/gymfactory.eu\/fr\/#\/schema\/logo\/image\/\",\"url\":\"https:\/\/gymfactory.eu\/wp-content\/uploads\/2024\/11\/Component-1.svg\",\"contentUrl\":\"https:\/\/gymfactory.eu\/wp-content\/uploads\/2024\/11\/Component-1.svg\",\"width\":54,\"height\":44,\"caption\":\"Gym Factory\"},\"image\":{\"@id\":\"https:\/\/gymfactory.eu\/fr\/#\/schema\/logo\/image\/\"}}]}<\/script>\n<!-- \/ Yoast SEO plugin. -->","yoast_head_json":{"title":"Disques de Poids Olympiques X1 pour le Renforcement Musculaire \u2013 Gym Factory","description":"Vous cherchez un \u00e9quipement de musculation durable (equipment for strength training) ? Les Disques de Poids Olympiques X1 (Olympic Weight Plates) offrent qualit\u00e9, prise en main et pr\u00e9cision pour les entra\u00eenements \u00e0 domicile ou en salle.","robots":{"index":"index","follow":"follow","max-snippet":"max-snippet:-1","max-image-preview":"max-image-preview:large","max-video-preview":"max-video-preview:-1"},"canonical":"https:\/\/gymfactory.eu\/fr\/produit\/disques-de-poids-olympiques-x1\/","og_locale":"fr_FR","og_type":"article","og_title":"Disques de Poids Olympiques X1 pour le Renforcement Musculaire \u2013 Gym Factory","og_description":"Vous cherchez un \u00e9quipement de musculation durable (equipment for strength training) ? Les Disques de Poids Olympiques X1 (Olympic Weight Plates) offrent qualit\u00e9, prise en main et pr\u00e9cision pour les entra\u00eenements \u00e0 domicile ou en salle.","og_url":"https:\/\/gymfactory.eu\/fr\/produit\/disques-de-poids-olympiques-x1\/","og_site_name":"Gym Factory","og_image":[{"width":1500,"height":1500,"url":"https:\/\/gymfactory.eu\/wp-content\/uploads\/2025\/05\/X1-Olympic-Weight-Plates.webp","type":"image\/webp"}],"twitter_card":"summary_large_image","twitter_misc":{"Dur\u00e9e de lecture estim\u00e9e":"1 minute"},"schema":{"@context":"https:\/\/schema.org","@graph":[{"@type":"WebPage","@id":"https:\/\/gymfactory.eu\/fr\/produit\/disques-de-poids-olympiques-x1\/","url":"https:\/\/gymfactory.eu\/fr\/produit\/disques-de-poids-olympiques-x1\/","name":"Disques de Poids Olympiques X1 pour le Renforcement Musculaire \u2013 Gym Factory","isPartOf":{"@id":"https:\/\/gymfactory.eu\/fr\/#website"},"primaryImageOfPage":{"@id":"https:\/\/gymfactory.eu\/fr\/produit\/disques-de-poids-olympiques-x1\/#primaryimage"},"image":{"@id":"https:\/\/gymfactory.eu\/fr\/produit\/disques-de-poids-olympiques-x1\/#primaryimage"},"thumbnailUrl":"https:\/\/gymfactory.eu\/wp-content\/uploads\/2025\/05\/X1-Olympic-Weight-Plates.webp","datePublished":"2025-05-02T09:21:29+00:00","description":"Vous cherchez un \u00e9quipement de musculation durable (equipment for strength training) ? Les Disques de Poids Olympiques X1 (Olympic Weight Plates) offrent qualit\u00e9, prise en main et pr\u00e9cision pour les entra\u00eenements \u00e0 domicile ou en salle.","breadcrumb":{"@id":"https:\/\/gymfactory.eu\/fr\/produit\/disques-de-poids-olympiques-x1\/#breadcrumb"},"inLanguage":"fr-FR","potentialAction":[{"@type":"ReadAction","target":["https:\/\/gymfactory.eu\/fr\/produit\/disques-de-poids-olympiques-x1\/"]}]},{"@type":"ImageObject","inLanguage":"fr-FR","@id":"https:\/\/gymfactory.eu\/fr\/produit\/disques-de-poids-olympiques-x1\/#primaryimage","url":"https:\/\/gymfactory.eu\/wp-content\/uploads\/2025\/05\/X1-Olympic-Weight-Plates.webp","contentUrl":"https:\/\/gymfactory.eu\/wp-content\/uploads\/2025\/05\/X1-Olympic-Weight-Plates.webp","width":1500,"height":1500,"caption":"Close-up of a round metal plates with three grip handles and a 50mm center hole from the X1 Olympic Weight Plates set, designed as equipment for strength training."},{"@type":"BreadcrumbList","@id":"https:\/\/gymfactory.eu\/fr\/produit\/disques-de-poids-olympiques-x1\/#breadcrumb","itemListElement":[{"@type":"ListItem","position":1,"name":"Home","item":"https:\/\/gymfactory.eu\/fr\/page-principale\/"},{"@type":"ListItem","position":2,"name":"Catalogue","item":"https:\/\/gymfactory.eu\/fr\/catalogue-2\/"},{"@type":"ListItem","position":3,"name":"Disques de Poids Olympiques X1"}]},{"@type":"WebSite","@id":"https:\/\/gymfactory.eu\/fr\/#website","url":"https:\/\/gymfactory.eu\/fr\/","name":"Gym Factory","description":"","publisher":{"@id":"https:\/\/gymfactory.eu\/fr\/#organization"},"potentialAction":[{"@type":"SearchAction","target":{"@type":"EntryPoint","urlTemplate":"https:\/\/gymfactory.eu\/fr\/?s={search_term_string}"},"query-input":{"@type":"PropertyValueSpecification","valueRequired":true,"valueName":"search_term_string"}}],"inLanguage":"fr-FR"},{"@type":"Organization","@id":"https:\/\/gymfactory.eu\/fr\/#organization","name":"Gym Factory","url":"https:\/\/gymfactory.eu\/fr\/","logo":{"@type":"ImageObject","inLanguage":"fr-FR","@id":"https:\/\/gymfactory.eu\/fr\/#\/schema\/logo\/image\/","url":"https:\/\/gymfactory.eu\/wp-content\/uploads\/2024\/11\/Component-1.svg","contentUrl":"https:\/\/gymfactory.eu\/wp-content\/uploads\/2024\/11\/Component-1.svg","width":54,"height":44,"caption":"Gym Factory"},"image":{"@id":"https:\/\/gymfactory.eu\/fr\/#\/schema\/logo\/image\/"}}]}},"_links":{"self":[{"href":"https:\/\/gymfactory.eu\/fr\/wp-json\/wp\/v2\/product\/30287","targetHints":{"allow":["GET"]}}],"collection":[{"href":"https:\/\/gymfactory.eu\/fr\/wp-json\/wp\/v2\/product"}],"about":[{"href":"https:\/\/gymfactory.eu\/fr\/wp-json\/wp\/v2\/types\/product"}],"wp:featuredmedia":[{"embeddable":true,"href":"https:\/\/gymfactory.eu\/fr\/wp-json\/wp\/v2\/media\/28098"}],"wp:attachment":[{"href":"https:\/\/gymfactory.eu\/fr\/wp-json\/wp\/v2\/media?parent=30287"}],"wp:term":[{"taxonomy":"product_brand","embeddable":true,"href":"https:\/\/gymfactory.eu\/fr\/wp-json\/wp\/v2\/product_brand?post=30287"},{"taxonomy":"product_cat","embeddable":true,"href":"https:\/\/gymfactory.eu\/fr\/wp-json\/wp\/v2\/product_cat?post=30287"},{"taxonomy":"product_tag","embeddable":true,"href":"https:\/\/gymfactory.eu\/fr\/wp-json\/wp\/v2\/product_tag?post=30287"}],"curies":[{"name":"wp","href":"https:\/\/api.w.org\/{rel}","templated":true}]}}