{"id":30274,"date":"2025-04-30T14:44:50","date_gmt":"2025-04-30T11:44:50","guid":{"rendered":"https:\/\/gymfactory.eu\/product\/etiquettes-pour-colonne-de-poids-wp-1\/"},"modified":"2025-04-30T14:44:50","modified_gmt":"2025-04-30T11:44:50","slug":"etiquettes-pour-colonne-de-poids-wp-1","status":"publish","type":"product","link":"https:\/\/gymfactory.eu\/fr\/produit\/etiquettes-pour-colonne-de-poids-wp-1\/","title":{"rendered":"\u00c9tiquettes pour Colonne de Poids WP-1"},"content":{"rendered":"<p>Les \u00c9tiquettes pour Colonne de Poids WP-1 (Weight Stack Labels) sont des marqueurs adh\u00e9sifs utilis\u00e9s pour \u00e9tiqueter les colonnes de poids sur les \u00e9quipements de musculation (gym equipment). Le kit comprend des autocollants pr\u00e9-imprim\u00e9s avec des indicateurs de poids allant de 5 kg \u00e0 180 kg. Adapt\u00e9 aux machines avec des configurations telles que 5\u201380 kg, 5\u2013100 kg, 5\u2013120 kg, 5\u2013150 kg et 5\u2013180 kg. Les \u00e9tiquettes sont faciles \u00e0 appliquer et con\u00e7ues pour une utilisation \u00e0 long terme.<\/p>\n\n    <div class=\"xs_social_share_widget xs_share_url after_content \t\tmain_content  wslu-style-1 wslu-share-box-shaped wslu-fill-colored wslu-none wslu-share-horizontal wslu-theme-font-no wslu-main_content\">\n\n\t\t\n        <ul>\n\t\t\t        <\/ul>\n    <\/div> \n","protected":false},"excerpt":{"rendered":"<p>Les \u00c9tiquettes pour Colonne de Poids WP-1 (Weight Stack Labels) sont des marqueurs adh\u00e9sifs utilis\u00e9s pour \u00e9tiqueter les colonnes de poids sur les \u00e9quipements de musculation (gym equipment). Le kit comprend des autocollants pr\u00e9-imprim\u00e9s avec des indicateurs de poids allant de 5 kg \u00e0 180 kg. Adapt\u00e9 aux machines avec des configurations telles que 5\u201380 [&hellip;]<\/p>\n","protected":false},"featured_media":30280,"template":"","meta":{"_acf_changed":false},"product_brand":[56],"product_cat":[827],"product_tag":[977],"class_list":{"0":"post-30274","1":"product","2":"type-product","3":"status-publish","4":"has-post-thumbnail","6":"product_brand-gym-factory","7":"product_cat-pieces-detachees-pour-equipements-de-musculation","8":"product_tag-couleur-sans-couleurs","10":"first","11":"instock","12":"taxable","13":"shipping-taxable","14":"purchasable","15":"product-type-variable","16":"has-default-attributes"},"acf":[],"yoast_head":"<!-- This site is optimized with the Yoast SEO plugin v25.2 - https:\/\/yoast.com\/wordpress\/plugins\/seo\/ -->\n<title>\u00c9tiquettes pour Colonne de Poids WP-1 pour \u00c9quipements de Musculation<\/title>\n<meta name=\"description\" content=\"\u00c9tiquetez vos machines avec les \u00c9tiquettes pour Colonne de Poids WP-1 (Weight Stack Labels). Des autocollants durables de 5 \u00e0 180 kg am\u00e9liorent la clart\u00e9 des \u00e9quipements de musculation (gym equipment) et la pr\u00e9cision de l&#039;entra\u00eenement.\" \/>\n<meta name=\"robots\" content=\"index, follow, max-snippet:-1, max-image-preview:large, max-video-preview:-1\" \/>\n<link rel=\"canonical\" href=\"https:\/\/gymfactory.eu\/fr\/produit\/etiquettes-pour-colonne-de-poids-wp-1\/\" \/>\n<meta property=\"og:locale\" content=\"fr_FR\" \/>\n<meta property=\"og:type\" content=\"article\" \/>\n<meta property=\"og:title\" content=\"\u00c9tiquettes pour Colonne de Poids WP-1 pour \u00c9quipements de Musculation\" \/>\n<meta property=\"og:description\" content=\"\u00c9tiquetez vos machines avec les \u00c9tiquettes pour Colonne de Poids WP-1 (Weight Stack Labels). Des autocollants durables de 5 \u00e0 180 kg am\u00e9liorent la clart\u00e9 des \u00e9quipements de musculation (gym equipment) et la pr\u00e9cision de l&#039;entra\u00eenement.\" \/>\n<meta property=\"og:url\" content=\"https:\/\/gymfactory.eu\/fr\/produit\/etiquettes-pour-colonne-de-poids-wp-1\/\" \/>\n<meta property=\"og:site_name\" content=\"Gym Factory\" \/>\n<meta property=\"og:image\" content=\"https:\/\/gymfactory.eu\/wp-content\/uploads\/2025\/04\/WP-1-Weight-Stack-Labels-gym-equipment.webp\" \/>\n\t<meta property=\"og:image:width\" content=\"600\" \/>\n\t<meta property=\"og:image:height\" content=\"600\" \/>\n\t<meta property=\"og:image:type\" content=\"image\/webp\" \/>\n<meta name=\"twitter:card\" content=\"summary_large_image\" \/>\n<script type=\"application\/ld+json\" class=\"yoast-schema-graph\">{\"@context\":\"https:\/\/schema.org\",\"@graph\":[{\"@type\":\"WebPage\",\"@id\":\"https:\/\/gymfactory.eu\/fr\/produit\/etiquettes-pour-colonne-de-poids-wp-1\/\",\"url\":\"https:\/\/gymfactory.eu\/fr\/produit\/etiquettes-pour-colonne-de-poids-wp-1\/\",\"name\":\"\u00c9tiquettes pour Colonne de Poids WP-1 pour \u00c9quipements de Musculation\",\"isPartOf\":{\"@id\":\"https:\/\/gymfactory.eu\/fr\/#website\"},\"primaryImageOfPage\":{\"@id\":\"https:\/\/gymfactory.eu\/fr\/produit\/etiquettes-pour-colonne-de-poids-wp-1\/#primaryimage\"},\"image\":{\"@id\":\"https:\/\/gymfactory.eu\/fr\/produit\/etiquettes-pour-colonne-de-poids-wp-1\/#primaryimage\"},\"thumbnailUrl\":\"https:\/\/gymfactory.eu\/wp-content\/uploads\/2025\/04\/WP-1-Weight-Stack-Labels-gym-equipment.webp\",\"datePublished\":\"2025-04-30T11:44:50+00:00\",\"description\":\"\u00c9tiquetez vos machines avec les \u00c9tiquettes pour Colonne de Poids WP-1 (Weight Stack Labels). Des autocollants durables de 5 \u00e0 180 kg am\u00e9liorent la clart\u00e9 des \u00e9quipements de musculation (gym equipment) et la pr\u00e9cision de l'entra\u00eenement.\",\"breadcrumb\":{\"@id\":\"https:\/\/gymfactory.eu\/fr\/produit\/etiquettes-pour-colonne-de-poids-wp-1\/#breadcrumb\"},\"inLanguage\":\"fr-FR\",\"potentialAction\":[{\"@type\":\"ReadAction\",\"target\":[\"https:\/\/gymfactory.eu\/fr\/produit\/etiquettes-pour-colonne-de-poids-wp-1\/\"]}]},{\"@type\":\"ImageObject\",\"inLanguage\":\"fr-FR\",\"@id\":\"https:\/\/gymfactory.eu\/fr\/produit\/etiquettes-pour-colonne-de-poids-wp-1\/#primaryimage\",\"url\":\"https:\/\/gymfactory.eu\/wp-content\/uploads\/2025\/04\/WP-1-Weight-Stack-Labels-gym-equipment.webp\",\"contentUrl\":\"https:\/\/gymfactory.eu\/wp-content\/uploads\/2025\/04\/WP-1-Weight-Stack-Labels-gym-equipment.webp\",\"width\":600,\"height\":600,\"caption\":\"WP-1 Weight Stack Labels for gym equipment showing a full set of black and yellow numeric stickers ranging from 5 to 180 kg, used to mark resistance levels on machines.\"},{\"@type\":\"BreadcrumbList\",\"@id\":\"https:\/\/gymfactory.eu\/fr\/produit\/etiquettes-pour-colonne-de-poids-wp-1\/#breadcrumb\",\"itemListElement\":[{\"@type\":\"ListItem\",\"position\":1,\"name\":\"Home\",\"item\":\"https:\/\/gymfactory.eu\/fr\/page-principale\/\"},{\"@type\":\"ListItem\",\"position\":2,\"name\":\"Catalogue\",\"item\":\"https:\/\/gymfactory.eu\/fr\/catalogue-2\/\"},{\"@type\":\"ListItem\",\"position\":3,\"name\":\"\u00c9tiquettes pour Colonne de Poids WP-1\"}]},{\"@type\":\"WebSite\",\"@id\":\"https:\/\/gymfactory.eu\/fr\/#website\",\"url\":\"https:\/\/gymfactory.eu\/fr\/\",\"name\":\"Gym Factory\",\"description\":\"\",\"publisher\":{\"@id\":\"https:\/\/gymfactory.eu\/fr\/#organization\"},\"potentialAction\":[{\"@type\":\"SearchAction\",\"target\":{\"@type\":\"EntryPoint\",\"urlTemplate\":\"https:\/\/gymfactory.eu\/fr\/?s={search_term_string}\"},\"query-input\":{\"@type\":\"PropertyValueSpecification\",\"valueRequired\":true,\"valueName\":\"search_term_string\"}}],\"inLanguage\":\"fr-FR\"},{\"@type\":\"Organization\",\"@id\":\"https:\/\/gymfactory.eu\/fr\/#organization\",\"name\":\"Gym Factory\",\"url\":\"https:\/\/gymfactory.eu\/fr\/\",\"logo\":{\"@type\":\"ImageObject\",\"inLanguage\":\"fr-FR\",\"@id\":\"https:\/\/gymfactory.eu\/fr\/#\/schema\/logo\/image\/\",\"url\":\"https:\/\/gymfactory.eu\/wp-content\/uploads\/2024\/11\/Component-1.svg\",\"contentUrl\":\"https:\/\/gymfactory.eu\/wp-content\/uploads\/2024\/11\/Component-1.svg\",\"width\":54,\"height\":44,\"caption\":\"Gym Factory\"},\"image\":{\"@id\":\"https:\/\/gymfactory.eu\/fr\/#\/schema\/logo\/image\/\"}}]}<\/script>\n<!-- \/ Yoast SEO plugin. -->","yoast_head_json":{"title":"\u00c9tiquettes pour Colonne de Poids WP-1 pour \u00c9quipements de Musculation","description":"\u00c9tiquetez vos machines avec les \u00c9tiquettes pour Colonne de Poids WP-1 (Weight Stack Labels). Des autocollants durables de 5 \u00e0 180 kg am\u00e9liorent la clart\u00e9 des \u00e9quipements de musculation (gym equipment) et la pr\u00e9cision de l'entra\u00eenement.","robots":{"index":"index","follow":"follow","max-snippet":"max-snippet:-1","max-image-preview":"max-image-preview:large","max-video-preview":"max-video-preview:-1"},"canonical":"https:\/\/gymfactory.eu\/fr\/produit\/etiquettes-pour-colonne-de-poids-wp-1\/","og_locale":"fr_FR","og_type":"article","og_title":"\u00c9tiquettes pour Colonne de Poids WP-1 pour \u00c9quipements de Musculation","og_description":"\u00c9tiquetez vos machines avec les \u00c9tiquettes pour Colonne de Poids WP-1 (Weight Stack Labels). Des autocollants durables de 5 \u00e0 180 kg am\u00e9liorent la clart\u00e9 des \u00e9quipements de musculation (gym equipment) et la pr\u00e9cision de l'entra\u00eenement.","og_url":"https:\/\/gymfactory.eu\/fr\/produit\/etiquettes-pour-colonne-de-poids-wp-1\/","og_site_name":"Gym Factory","og_image":[{"width":600,"height":600,"url":"https:\/\/gymfactory.eu\/wp-content\/uploads\/2025\/04\/WP-1-Weight-Stack-Labels-gym-equipment.webp","type":"image\/webp"}],"twitter_card":"summary_large_image","schema":{"@context":"https:\/\/schema.org","@graph":[{"@type":"WebPage","@id":"https:\/\/gymfactory.eu\/fr\/produit\/etiquettes-pour-colonne-de-poids-wp-1\/","url":"https:\/\/gymfactory.eu\/fr\/produit\/etiquettes-pour-colonne-de-poids-wp-1\/","name":"\u00c9tiquettes pour Colonne de Poids WP-1 pour \u00c9quipements de Musculation","isPartOf":{"@id":"https:\/\/gymfactory.eu\/fr\/#website"},"primaryImageOfPage":{"@id":"https:\/\/gymfactory.eu\/fr\/produit\/etiquettes-pour-colonne-de-poids-wp-1\/#primaryimage"},"image":{"@id":"https:\/\/gymfactory.eu\/fr\/produit\/etiquettes-pour-colonne-de-poids-wp-1\/#primaryimage"},"thumbnailUrl":"https:\/\/gymfactory.eu\/wp-content\/uploads\/2025\/04\/WP-1-Weight-Stack-Labels-gym-equipment.webp","datePublished":"2025-04-30T11:44:50+00:00","description":"\u00c9tiquetez vos machines avec les \u00c9tiquettes pour Colonne de Poids WP-1 (Weight Stack Labels). Des autocollants durables de 5 \u00e0 180 kg am\u00e9liorent la clart\u00e9 des \u00e9quipements de musculation (gym equipment) et la pr\u00e9cision de l'entra\u00eenement.","breadcrumb":{"@id":"https:\/\/gymfactory.eu\/fr\/produit\/etiquettes-pour-colonne-de-poids-wp-1\/#breadcrumb"},"inLanguage":"fr-FR","potentialAction":[{"@type":"ReadAction","target":["https:\/\/gymfactory.eu\/fr\/produit\/etiquettes-pour-colonne-de-poids-wp-1\/"]}]},{"@type":"ImageObject","inLanguage":"fr-FR","@id":"https:\/\/gymfactory.eu\/fr\/produit\/etiquettes-pour-colonne-de-poids-wp-1\/#primaryimage","url":"https:\/\/gymfactory.eu\/wp-content\/uploads\/2025\/04\/WP-1-Weight-Stack-Labels-gym-equipment.webp","contentUrl":"https:\/\/gymfactory.eu\/wp-content\/uploads\/2025\/04\/WP-1-Weight-Stack-Labels-gym-equipment.webp","width":600,"height":600,"caption":"WP-1 Weight Stack Labels for gym equipment showing a full set of black and yellow numeric stickers ranging from 5 to 180 kg, used to mark resistance levels on machines."},{"@type":"BreadcrumbList","@id":"https:\/\/gymfactory.eu\/fr\/produit\/etiquettes-pour-colonne-de-poids-wp-1\/#breadcrumb","itemListElement":[{"@type":"ListItem","position":1,"name":"Home","item":"https:\/\/gymfactory.eu\/fr\/page-principale\/"},{"@type":"ListItem","position":2,"name":"Catalogue","item":"https:\/\/gymfactory.eu\/fr\/catalogue-2\/"},{"@type":"ListItem","position":3,"name":"\u00c9tiquettes pour Colonne de Poids WP-1"}]},{"@type":"WebSite","@id":"https:\/\/gymfactory.eu\/fr\/#website","url":"https:\/\/gymfactory.eu\/fr\/","name":"Gym Factory","description":"","publisher":{"@id":"https:\/\/gymfactory.eu\/fr\/#organization"},"potentialAction":[{"@type":"SearchAction","target":{"@type":"EntryPoint","urlTemplate":"https:\/\/gymfactory.eu\/fr\/?s={search_term_string}"},"query-input":{"@type":"PropertyValueSpecification","valueRequired":true,"valueName":"search_term_string"}}],"inLanguage":"fr-FR"},{"@type":"Organization","@id":"https:\/\/gymfactory.eu\/fr\/#organization","name":"Gym Factory","url":"https:\/\/gymfactory.eu\/fr\/","logo":{"@type":"ImageObject","inLanguage":"fr-FR","@id":"https:\/\/gymfactory.eu\/fr\/#\/schema\/logo\/image\/","url":"https:\/\/gymfactory.eu\/wp-content\/uploads\/2024\/11\/Component-1.svg","contentUrl":"https:\/\/gymfactory.eu\/wp-content\/uploads\/2024\/11\/Component-1.svg","width":54,"height":44,"caption":"Gym Factory"},"image":{"@id":"https:\/\/gymfactory.eu\/fr\/#\/schema\/logo\/image\/"}}]}},"_links":{"self":[{"href":"https:\/\/gymfactory.eu\/fr\/wp-json\/wp\/v2\/product\/30274","targetHints":{"allow":["GET"]}}],"collection":[{"href":"https:\/\/gymfactory.eu\/fr\/wp-json\/wp\/v2\/product"}],"about":[{"href":"https:\/\/gymfactory.eu\/fr\/wp-json\/wp\/v2\/types\/product"}],"wp:featuredmedia":[{"embeddable":true,"href":"https:\/\/gymfactory.eu\/fr\/wp-json\/wp\/v2\/media\/30280"}],"wp:attachment":[{"href":"https:\/\/gymfactory.eu\/fr\/wp-json\/wp\/v2\/media?parent=30274"}],"wp:term":[{"taxonomy":"product_brand","embeddable":true,"href":"https:\/\/gymfactory.eu\/fr\/wp-json\/wp\/v2\/product_brand?post=30274"},{"taxonomy":"product_cat","embeddable":true,"href":"https:\/\/gymfactory.eu\/fr\/wp-json\/wp\/v2\/product_cat?post=30274"},{"taxonomy":"product_tag","embeddable":true,"href":"https:\/\/gymfactory.eu\/fr\/wp-json\/wp\/v2\/product_tag?post=30274"}],"curies":[{"name":"wp","href":"https:\/\/api.w.org\/{rel}","templated":true}]}}