{"id":30271,"date":"2025-04-30T14:35:53","date_gmt":"2025-04-30T11:35:53","guid":{"rendered":"https:\/\/gymfactory.eu\/product\/embout-de-poignee-wn-2\/"},"modified":"2025-04-30T14:35:53","modified_gmt":"2025-04-30T11:35:53","slug":"embout-de-poignee-wn-2","status":"publish","type":"product","link":"https:\/\/gymfactory.eu\/fr\/produit\/embout-de-poignee-wn-2\/","title":{"rendered":"Embout de Poign\u00e9e WN-2"},"content":{"rendered":"<p>L&rsquo;Embout de Poign\u00e9e WN-2 (Handle End Cap) est con\u00e7u pour \u00eatre mont\u00e9 sur nos poign\u00e9es en acier inoxydable. Il est dot\u00e9 d&rsquo;une extr\u00e9mit\u00e9 arrondie en plastique et d&rsquo;un insert m\u00e9tallique filet\u00e9 pour une fixation s\u00e9curis\u00e9e. L&#8217;embout emp\u00eache la main de l&rsquo;utilisateur de glisser de la poign\u00e9e et ajoute une finition protectrice \u00e0 l&rsquo;extr\u00e9mit\u00e9 ouverte, am\u00e9liorant ainsi \u00e0 la fois la s\u00e9curit\u00e9 et l&rsquo;ergonomie.<\/p>\n\n    <div class=\"xs_social_share_widget xs_share_url after_content \t\tmain_content  wslu-style-1 wslu-share-box-shaped wslu-fill-colored wslu-none wslu-share-horizontal wslu-theme-font-no wslu-main_content\">\n\n\t\t\n        <ul>\n\t\t\t        <\/ul>\n    <\/div> \n","protected":false},"excerpt":{"rendered":"<p>L&rsquo;Embout de Poign\u00e9e WN-2 (Handle End Cap) est con\u00e7u pour \u00eatre mont\u00e9 sur nos poign\u00e9es en acier inoxydable. Il est dot\u00e9 d&rsquo;une extr\u00e9mit\u00e9 arrondie en plastique et d&rsquo;un insert m\u00e9tallique filet\u00e9 pour une fixation s\u00e9curis\u00e9e. L&#8217;embout emp\u00eache la main de l&rsquo;utilisateur de glisser de la poign\u00e9e et ajoute une finition protectrice \u00e0 l&rsquo;extr\u00e9mit\u00e9 ouverte, am\u00e9liorant [&hellip;]<\/p>\n","protected":false},"featured_media":30272,"template":"","meta":{"_acf_changed":false},"product_brand":[56],"product_cat":[827],"product_tag":[977],"class_list":{"0":"post-30271","1":"product","2":"type-product","3":"status-publish","4":"has-post-thumbnail","6":"product_brand-gym-factory","7":"product_cat-pieces-detachees-pour-equipements-de-musculation","8":"product_tag-couleur-sans-couleurs","10":"first","11":"instock","12":"taxable","13":"shipping-taxable","14":"purchasable","15":"product-type-simple"},"acf":[],"yoast_head":"<!-- This site is optimized with the Yoast SEO plugin v25.2 - https:\/\/yoast.com\/wordpress\/plugins\/seo\/ -->\n<title>Embout de Poign\u00e9e WN-2 pour Poign\u00e9es d&#039;\u00c9quipements de Musculation<\/title>\n<meta name=\"description\" content=\"Embout de Poign\u00e9e WN-2 (Handle End Cap) s\u00fbr et ergonomique pour \u00e9quipement de musculation (gym equipment). Am\u00e9liore la s\u00e9curit\u00e9 et le confort avec une conception durable et une fixation m\u00e9tallique filet\u00e9e.\" \/>\n<meta name=\"robots\" content=\"index, follow, max-snippet:-1, max-image-preview:large, max-video-preview:-1\" \/>\n<link rel=\"canonical\" href=\"https:\/\/gymfactory.eu\/fr\/produit\/embout-de-poignee-wn-2\/\" \/>\n<meta property=\"og:locale\" content=\"fr_FR\" \/>\n<meta property=\"og:type\" content=\"article\" \/>\n<meta property=\"og:title\" content=\"Embout de Poign\u00e9e WN-2 pour Poign\u00e9es d&#039;\u00c9quipements de Musculation\" \/>\n<meta property=\"og:description\" content=\"Embout de Poign\u00e9e WN-2 (Handle End Cap) s\u00fbr et ergonomique pour \u00e9quipement de musculation (gym equipment). Am\u00e9liore la s\u00e9curit\u00e9 et le confort avec une conception durable et une fixation m\u00e9tallique filet\u00e9e.\" \/>\n<meta property=\"og:url\" content=\"https:\/\/gymfactory.eu\/fr\/produit\/embout-de-poignee-wn-2\/\" \/>\n<meta property=\"og:site_name\" content=\"Gym Factory\" \/>\n<meta property=\"og:image\" content=\"https:\/\/gymfactory.eu\/wp-content\/uploads\/2025\/04\/WN-2-Handle-End-Cap-gym-equipment-side-view.webp\" \/>\n\t<meta property=\"og:image:width\" content=\"600\" \/>\n\t<meta property=\"og:image:height\" content=\"600\" \/>\n\t<meta property=\"og:image:type\" content=\"image\/webp\" \/>\n<meta name=\"twitter:card\" content=\"summary_large_image\" \/>\n<script type=\"application\/ld+json\" class=\"yoast-schema-graph\">{\"@context\":\"https:\/\/schema.org\",\"@graph\":[{\"@type\":\"WebPage\",\"@id\":\"https:\/\/gymfactory.eu\/fr\/produit\/embout-de-poignee-wn-2\/\",\"url\":\"https:\/\/gymfactory.eu\/fr\/produit\/embout-de-poignee-wn-2\/\",\"name\":\"Embout de Poign\u00e9e WN-2 pour Poign\u00e9es d'\u00c9quipements de Musculation\",\"isPartOf\":{\"@id\":\"https:\/\/gymfactory.eu\/fr\/#website\"},\"primaryImageOfPage\":{\"@id\":\"https:\/\/gymfactory.eu\/fr\/produit\/embout-de-poignee-wn-2\/#primaryimage\"},\"image\":{\"@id\":\"https:\/\/gymfactory.eu\/fr\/produit\/embout-de-poignee-wn-2\/#primaryimage\"},\"thumbnailUrl\":\"https:\/\/gymfactory.eu\/wp-content\/uploads\/2025\/04\/WN-2-Handle-End-Cap-gym-equipment-side-view.webp\",\"datePublished\":\"2025-04-30T11:35:53+00:00\",\"description\":\"Embout de Poign\u00e9e WN-2 (Handle End Cap) s\u00fbr et ergonomique pour \u00e9quipement de musculation (gym equipment). Am\u00e9liore la s\u00e9curit\u00e9 et le confort avec une conception durable et une fixation m\u00e9tallique filet\u00e9e.\",\"breadcrumb\":{\"@id\":\"https:\/\/gymfactory.eu\/fr\/produit\/embout-de-poignee-wn-2\/#breadcrumb\"},\"inLanguage\":\"fr-FR\",\"potentialAction\":[{\"@type\":\"ReadAction\",\"target\":[\"https:\/\/gymfactory.eu\/fr\/produit\/embout-de-poignee-wn-2\/\"]}]},{\"@type\":\"ImageObject\",\"inLanguage\":\"fr-FR\",\"@id\":\"https:\/\/gymfactory.eu\/fr\/produit\/embout-de-poignee-wn-2\/#primaryimage\",\"url\":\"https:\/\/gymfactory.eu\/wp-content\/uploads\/2025\/04\/WN-2-Handle-End-Cap-gym-equipment-side-view.webp\",\"contentUrl\":\"https:\/\/gymfactory.eu\/wp-content\/uploads\/2025\/04\/WN-2-Handle-End-Cap-gym-equipment-side-view.webp\",\"width\":600,\"height\":600,\"caption\":\"Side view of the WN-2 Handle End Cap showing its ergonomic black plastic form and threaded screw, ideal for gym equipment safety and comfort.\"},{\"@type\":\"BreadcrumbList\",\"@id\":\"https:\/\/gymfactory.eu\/fr\/produit\/embout-de-poignee-wn-2\/#breadcrumb\",\"itemListElement\":[{\"@type\":\"ListItem\",\"position\":1,\"name\":\"Home\",\"item\":\"https:\/\/gymfactory.eu\/fr\/page-principale\/\"},{\"@type\":\"ListItem\",\"position\":2,\"name\":\"Catalogue\",\"item\":\"https:\/\/gymfactory.eu\/fr\/catalogue-2\/\"},{\"@type\":\"ListItem\",\"position\":3,\"name\":\"Embout de Poign\u00e9e WN-2\"}]},{\"@type\":\"WebSite\",\"@id\":\"https:\/\/gymfactory.eu\/fr\/#website\",\"url\":\"https:\/\/gymfactory.eu\/fr\/\",\"name\":\"Gym Factory\",\"description\":\"\",\"publisher\":{\"@id\":\"https:\/\/gymfactory.eu\/fr\/#organization\"},\"potentialAction\":[{\"@type\":\"SearchAction\",\"target\":{\"@type\":\"EntryPoint\",\"urlTemplate\":\"https:\/\/gymfactory.eu\/fr\/?s={search_term_string}\"},\"query-input\":{\"@type\":\"PropertyValueSpecification\",\"valueRequired\":true,\"valueName\":\"search_term_string\"}}],\"inLanguage\":\"fr-FR\"},{\"@type\":\"Organization\",\"@id\":\"https:\/\/gymfactory.eu\/fr\/#organization\",\"name\":\"Gym Factory\",\"url\":\"https:\/\/gymfactory.eu\/fr\/\",\"logo\":{\"@type\":\"ImageObject\",\"inLanguage\":\"fr-FR\",\"@id\":\"https:\/\/gymfactory.eu\/fr\/#\/schema\/logo\/image\/\",\"url\":\"https:\/\/gymfactory.eu\/wp-content\/uploads\/2024\/11\/Component-1.svg\",\"contentUrl\":\"https:\/\/gymfactory.eu\/wp-content\/uploads\/2024\/11\/Component-1.svg\",\"width\":54,\"height\":44,\"caption\":\"Gym Factory\"},\"image\":{\"@id\":\"https:\/\/gymfactory.eu\/fr\/#\/schema\/logo\/image\/\"}}]}<\/script>\n<!-- \/ Yoast SEO plugin. -->","yoast_head_json":{"title":"Embout de Poign\u00e9e WN-2 pour Poign\u00e9es d'\u00c9quipements de Musculation","description":"Embout de Poign\u00e9e WN-2 (Handle End Cap) s\u00fbr et ergonomique pour \u00e9quipement de musculation (gym equipment). Am\u00e9liore la s\u00e9curit\u00e9 et le confort avec une conception durable et une fixation m\u00e9tallique filet\u00e9e.","robots":{"index":"index","follow":"follow","max-snippet":"max-snippet:-1","max-image-preview":"max-image-preview:large","max-video-preview":"max-video-preview:-1"},"canonical":"https:\/\/gymfactory.eu\/fr\/produit\/embout-de-poignee-wn-2\/","og_locale":"fr_FR","og_type":"article","og_title":"Embout de Poign\u00e9e WN-2 pour Poign\u00e9es d'\u00c9quipements de Musculation","og_description":"Embout de Poign\u00e9e WN-2 (Handle End Cap) s\u00fbr et ergonomique pour \u00e9quipement de musculation (gym equipment). Am\u00e9liore la s\u00e9curit\u00e9 et le confort avec une conception durable et une fixation m\u00e9tallique filet\u00e9e.","og_url":"https:\/\/gymfactory.eu\/fr\/produit\/embout-de-poignee-wn-2\/","og_site_name":"Gym Factory","og_image":[{"width":600,"height":600,"url":"https:\/\/gymfactory.eu\/wp-content\/uploads\/2025\/04\/WN-2-Handle-End-Cap-gym-equipment-side-view.webp","type":"image\/webp"}],"twitter_card":"summary_large_image","schema":{"@context":"https:\/\/schema.org","@graph":[{"@type":"WebPage","@id":"https:\/\/gymfactory.eu\/fr\/produit\/embout-de-poignee-wn-2\/","url":"https:\/\/gymfactory.eu\/fr\/produit\/embout-de-poignee-wn-2\/","name":"Embout de Poign\u00e9e WN-2 pour Poign\u00e9es d'\u00c9quipements de Musculation","isPartOf":{"@id":"https:\/\/gymfactory.eu\/fr\/#website"},"primaryImageOfPage":{"@id":"https:\/\/gymfactory.eu\/fr\/produit\/embout-de-poignee-wn-2\/#primaryimage"},"image":{"@id":"https:\/\/gymfactory.eu\/fr\/produit\/embout-de-poignee-wn-2\/#primaryimage"},"thumbnailUrl":"https:\/\/gymfactory.eu\/wp-content\/uploads\/2025\/04\/WN-2-Handle-End-Cap-gym-equipment-side-view.webp","datePublished":"2025-04-30T11:35:53+00:00","description":"Embout de Poign\u00e9e WN-2 (Handle End Cap) s\u00fbr et ergonomique pour \u00e9quipement de musculation (gym equipment). Am\u00e9liore la s\u00e9curit\u00e9 et le confort avec une conception durable et une fixation m\u00e9tallique filet\u00e9e.","breadcrumb":{"@id":"https:\/\/gymfactory.eu\/fr\/produit\/embout-de-poignee-wn-2\/#breadcrumb"},"inLanguage":"fr-FR","potentialAction":[{"@type":"ReadAction","target":["https:\/\/gymfactory.eu\/fr\/produit\/embout-de-poignee-wn-2\/"]}]},{"@type":"ImageObject","inLanguage":"fr-FR","@id":"https:\/\/gymfactory.eu\/fr\/produit\/embout-de-poignee-wn-2\/#primaryimage","url":"https:\/\/gymfactory.eu\/wp-content\/uploads\/2025\/04\/WN-2-Handle-End-Cap-gym-equipment-side-view.webp","contentUrl":"https:\/\/gymfactory.eu\/wp-content\/uploads\/2025\/04\/WN-2-Handle-End-Cap-gym-equipment-side-view.webp","width":600,"height":600,"caption":"Side view of the WN-2 Handle End Cap showing its ergonomic black plastic form and threaded screw, ideal for gym equipment safety and comfort."},{"@type":"BreadcrumbList","@id":"https:\/\/gymfactory.eu\/fr\/produit\/embout-de-poignee-wn-2\/#breadcrumb","itemListElement":[{"@type":"ListItem","position":1,"name":"Home","item":"https:\/\/gymfactory.eu\/fr\/page-principale\/"},{"@type":"ListItem","position":2,"name":"Catalogue","item":"https:\/\/gymfactory.eu\/fr\/catalogue-2\/"},{"@type":"ListItem","position":3,"name":"Embout de Poign\u00e9e WN-2"}]},{"@type":"WebSite","@id":"https:\/\/gymfactory.eu\/fr\/#website","url":"https:\/\/gymfactory.eu\/fr\/","name":"Gym Factory","description":"","publisher":{"@id":"https:\/\/gymfactory.eu\/fr\/#organization"},"potentialAction":[{"@type":"SearchAction","target":{"@type":"EntryPoint","urlTemplate":"https:\/\/gymfactory.eu\/fr\/?s={search_term_string}"},"query-input":{"@type":"PropertyValueSpecification","valueRequired":true,"valueName":"search_term_string"}}],"inLanguage":"fr-FR"},{"@type":"Organization","@id":"https:\/\/gymfactory.eu\/fr\/#organization","name":"Gym Factory","url":"https:\/\/gymfactory.eu\/fr\/","logo":{"@type":"ImageObject","inLanguage":"fr-FR","@id":"https:\/\/gymfactory.eu\/fr\/#\/schema\/logo\/image\/","url":"https:\/\/gymfactory.eu\/wp-content\/uploads\/2024\/11\/Component-1.svg","contentUrl":"https:\/\/gymfactory.eu\/wp-content\/uploads\/2024\/11\/Component-1.svg","width":54,"height":44,"caption":"Gym Factory"},"image":{"@id":"https:\/\/gymfactory.eu\/fr\/#\/schema\/logo\/image\/"}}]}},"_links":{"self":[{"href":"https:\/\/gymfactory.eu\/fr\/wp-json\/wp\/v2\/product\/30271","targetHints":{"allow":["GET"]}}],"collection":[{"href":"https:\/\/gymfactory.eu\/fr\/wp-json\/wp\/v2\/product"}],"about":[{"href":"https:\/\/gymfactory.eu\/fr\/wp-json\/wp\/v2\/types\/product"}],"wp:featuredmedia":[{"embeddable":true,"href":"https:\/\/gymfactory.eu\/fr\/wp-json\/wp\/v2\/media\/30272"}],"wp:attachment":[{"href":"https:\/\/gymfactory.eu\/fr\/wp-json\/wp\/v2\/media?parent=30271"}],"wp:term":[{"taxonomy":"product_brand","embeddable":true,"href":"https:\/\/gymfactory.eu\/fr\/wp-json\/wp\/v2\/product_brand?post=30271"},{"taxonomy":"product_cat","embeddable":true,"href":"https:\/\/gymfactory.eu\/fr\/wp-json\/wp\/v2\/product_cat?post=30271"},{"taxonomy":"product_tag","embeddable":true,"href":"https:\/\/gymfactory.eu\/fr\/wp-json\/wp\/v2\/product_tag?post=30271"}],"curies":[{"name":"wp","href":"https:\/\/api.w.org\/{rel}","templated":true}]}}