{"id":30265,"date":"2025-04-30T14:24:53","date_gmt":"2025-04-30T11:24:53","guid":{"rendered":"https:\/\/gymfactory.eu\/product\/poignees-en-acier-inoxydable-wn-1\/"},"modified":"2025-04-30T14:24:53","modified_gmt":"2025-04-30T11:24:53","slug":"poignees-en-acier-inoxydable-wn-1","status":"publish","type":"product","link":"https:\/\/gymfactory.eu\/fr\/produit\/poignees-en-acier-inoxydable-wn-1\/","title":{"rendered":"Poign\u00e9es en Acier Inoxydable WN-1"},"content":{"rendered":"<p>Les Poign\u00e9es en Acier Inoxydable WN-1 (Stainless Steel Handles) sont nos poign\u00e9es molet\u00e9es standards con\u00e7ues pour \u00eatre mont\u00e9es sur des tubes de 26,9 mm de diam\u00e8tre dans les machines de musculation (strength training machines). Fabriqu\u00e9es en acier inoxydable de haute qualit\u00e9, elles pr\u00e9sentent une surface molet\u00e9e qui am\u00e9liore la s\u00e9curit\u00e9 de la prise, r\u00e9duit les glissements et augmente le contr\u00f4le de l&rsquo;utilisateur pendant l&rsquo;exercice \u2014 en particulier sous des charges lourdes ou avec des mains moites. <\/p>\n<p>Chaque poign\u00e9e a un diam\u00e8tre de 30 mm avec une \u00e9paisseur de paroi de 1,5 mm et est fournie sous forme de kit complet, comprenant \u00e0 la fois la poign\u00e9e et l&#8217;embout. Disponibles en plusieurs longueurs : 100 mm, 130 mm, 150 mm et 200 mm \u2014 pour s&rsquo;adapter \u00e0 diverses configurations de machines et aux besoins des utilisateurs. <\/p>\n<p>Ces poign\u00e9es sont id\u00e9ales pour les \u00e9quipements de musculation sur mesure (custom gym equipment) n\u00e9cessitant une combinaison de durabilit\u00e9, de r\u00e9sistance \u00e0 la corrosion et de performances constantes.<\/p>\n<p>&nbsp;<\/p>\n\n    <div class=\"xs_social_share_widget xs_share_url after_content \t\tmain_content  wslu-style-1 wslu-share-box-shaped wslu-fill-colored wslu-none wslu-share-horizontal wslu-theme-font-no wslu-main_content\">\n\n\t\t\n        <ul>\n\t\t\t        <\/ul>\n    <\/div> \n","protected":false},"excerpt":{"rendered":"<p>Les Poign\u00e9es en Acier Inoxydable WN-1 (Stainless Steel Handles) sont nos poign\u00e9es molet\u00e9es standards con\u00e7ues pour \u00eatre mont\u00e9es sur des tubes de 26,9 mm de diam\u00e8tre dans les machines de musculation (strength training machines). Fabriqu\u00e9es en acier inoxydable de haute qualit\u00e9, elles pr\u00e9sentent une surface molet\u00e9e qui am\u00e9liore la s\u00e9curit\u00e9 de la prise, r\u00e9duit les [&hellip;]<\/p>\n","protected":false},"featured_media":30266,"template":"","meta":{"_acf_changed":false},"product_brand":[56],"product_cat":[827],"product_tag":[977],"class_list":{"0":"post-30265","1":"product","2":"type-product","3":"status-publish","4":"has-post-thumbnail","6":"product_brand-gym-factory","7":"product_cat-pieces-detachees-pour-equipements-de-musculation","8":"product_tag-couleur-sans-couleurs","10":"first","11":"instock","12":"taxable","13":"shipping-taxable","14":"purchasable","15":"product-type-variable","16":"has-default-attributes"},"acf":[],"yoast_head":"<!-- This site is optimized with the Yoast SEO plugin v25.2 - https:\/\/yoast.com\/wordpress\/plugins\/seo\/ -->\n<title>Poign\u00e9es en Acier Inoxydable WN-1 pour \u00c9quipements de Musculation<\/title>\n<meta name=\"description\" content=\"Poign\u00e9es en Acier Inoxydable WN-1 durables avec prise molet\u00e9e. Con\u00e7ues pour les \u00e9quipements de musculation sur mesure (custom gym equipment) avec un diam\u00e8tre de 30 mm pour des entra\u00eenements intenses et s\u00e9curis\u00e9s.\" \/>\n<meta name=\"robots\" content=\"index, follow, max-snippet:-1, max-image-preview:large, max-video-preview:-1\" \/>\n<link rel=\"canonical\" href=\"https:\/\/gymfactory.eu\/fr\/produit\/poignees-en-acier-inoxydable-wn-1\/\" \/>\n<meta property=\"og:locale\" content=\"fr_FR\" \/>\n<meta property=\"og:type\" content=\"article\" \/>\n<meta property=\"og:title\" content=\"Poign\u00e9es en Acier Inoxydable WN-1 pour \u00c9quipements de Musculation\" \/>\n<meta property=\"og:description\" content=\"Poign\u00e9es en Acier Inoxydable WN-1 durables avec prise molet\u00e9e. Con\u00e7ues pour les \u00e9quipements de musculation sur mesure (custom gym equipment) avec un diam\u00e8tre de 30 mm pour des entra\u00eenements intenses et s\u00e9curis\u00e9s.\" \/>\n<meta property=\"og:url\" content=\"https:\/\/gymfactory.eu\/fr\/produit\/poignees-en-acier-inoxydable-wn-1\/\" \/>\n<meta property=\"og:site_name\" content=\"Gym Factory\" \/>\n<meta property=\"og:image\" content=\"https:\/\/gymfactory.eu\/wp-content\/uploads\/2025\/04\/WN-1-Stainless-Steel-Handles.webp\" \/>\n\t<meta property=\"og:image:width\" content=\"600\" \/>\n\t<meta property=\"og:image:height\" content=\"600\" \/>\n\t<meta property=\"og:image:type\" content=\"image\/webp\" \/>\n<meta name=\"twitter:card\" content=\"summary_large_image\" \/>\n<meta name=\"twitter:label1\" content=\"Dur\u00e9e de lecture estim\u00e9e\" \/>\n\t<meta name=\"twitter:data1\" content=\"1 minute\" \/>\n<script type=\"application\/ld+json\" class=\"yoast-schema-graph\">{\"@context\":\"https:\/\/schema.org\",\"@graph\":[{\"@type\":\"WebPage\",\"@id\":\"https:\/\/gymfactory.eu\/fr\/produit\/poignees-en-acier-inoxydable-wn-1\/\",\"url\":\"https:\/\/gymfactory.eu\/fr\/produit\/poignees-en-acier-inoxydable-wn-1\/\",\"name\":\"Poign\u00e9es en Acier Inoxydable WN-1 pour \u00c9quipements de Musculation\",\"isPartOf\":{\"@id\":\"https:\/\/gymfactory.eu\/fr\/#website\"},\"primaryImageOfPage\":{\"@id\":\"https:\/\/gymfactory.eu\/fr\/produit\/poignees-en-acier-inoxydable-wn-1\/#primaryimage\"},\"image\":{\"@id\":\"https:\/\/gymfactory.eu\/fr\/produit\/poignees-en-acier-inoxydable-wn-1\/#primaryimage\"},\"thumbnailUrl\":\"https:\/\/gymfactory.eu\/wp-content\/uploads\/2025\/04\/WN-1-Stainless-Steel-Handles.webp\",\"datePublished\":\"2025-04-30T11:24:53+00:00\",\"description\":\"Poign\u00e9es en Acier Inoxydable WN-1 durables avec prise molet\u00e9e. Con\u00e7ues pour les \u00e9quipements de musculation sur mesure (custom gym equipment) avec un diam\u00e8tre de 30 mm pour des entra\u00eenements intenses et s\u00e9curis\u00e9s.\",\"breadcrumb\":{\"@id\":\"https:\/\/gymfactory.eu\/fr\/produit\/poignees-en-acier-inoxydable-wn-1\/#breadcrumb\"},\"inLanguage\":\"fr-FR\",\"potentialAction\":[{\"@type\":\"ReadAction\",\"target\":[\"https:\/\/gymfactory.eu\/fr\/produit\/poignees-en-acier-inoxydable-wn-1\/\"]}]},{\"@type\":\"ImageObject\",\"inLanguage\":\"fr-FR\",\"@id\":\"https:\/\/gymfactory.eu\/fr\/produit\/poignees-en-acier-inoxydable-wn-1\/#primaryimage\",\"url\":\"https:\/\/gymfactory.eu\/wp-content\/uploads\/2025\/04\/WN-1-Stainless-Steel-Handles.webp\",\"contentUrl\":\"https:\/\/gymfactory.eu\/wp-content\/uploads\/2025\/04\/WN-1-Stainless-Steel-Handles.webp\",\"width\":600,\"height\":600,\"caption\":\"A pair of WN-1 Stainless Steel Handles with knurled surface texture and 30 mm diameter, designed for custom gym equipment and strength machines.\"},{\"@type\":\"BreadcrumbList\",\"@id\":\"https:\/\/gymfactory.eu\/fr\/produit\/poignees-en-acier-inoxydable-wn-1\/#breadcrumb\",\"itemListElement\":[{\"@type\":\"ListItem\",\"position\":1,\"name\":\"Home\",\"item\":\"https:\/\/gymfactory.eu\/fr\/page-principale\/\"},{\"@type\":\"ListItem\",\"position\":2,\"name\":\"Catalogue\",\"item\":\"https:\/\/gymfactory.eu\/fr\/catalogue-2\/\"},{\"@type\":\"ListItem\",\"position\":3,\"name\":\"Poign\u00e9es en Acier Inoxydable WN-1\"}]},{\"@type\":\"WebSite\",\"@id\":\"https:\/\/gymfactory.eu\/fr\/#website\",\"url\":\"https:\/\/gymfactory.eu\/fr\/\",\"name\":\"Gym Factory\",\"description\":\"\",\"publisher\":{\"@id\":\"https:\/\/gymfactory.eu\/fr\/#organization\"},\"potentialAction\":[{\"@type\":\"SearchAction\",\"target\":{\"@type\":\"EntryPoint\",\"urlTemplate\":\"https:\/\/gymfactory.eu\/fr\/?s={search_term_string}\"},\"query-input\":{\"@type\":\"PropertyValueSpecification\",\"valueRequired\":true,\"valueName\":\"search_term_string\"}}],\"inLanguage\":\"fr-FR\"},{\"@type\":\"Organization\",\"@id\":\"https:\/\/gymfactory.eu\/fr\/#organization\",\"name\":\"Gym Factory\",\"url\":\"https:\/\/gymfactory.eu\/fr\/\",\"logo\":{\"@type\":\"ImageObject\",\"inLanguage\":\"fr-FR\",\"@id\":\"https:\/\/gymfactory.eu\/fr\/#\/schema\/logo\/image\/\",\"url\":\"https:\/\/gymfactory.eu\/wp-content\/uploads\/2024\/11\/Component-1.svg\",\"contentUrl\":\"https:\/\/gymfactory.eu\/wp-content\/uploads\/2024\/11\/Component-1.svg\",\"width\":54,\"height\":44,\"caption\":\"Gym Factory\"},\"image\":{\"@id\":\"https:\/\/gymfactory.eu\/fr\/#\/schema\/logo\/image\/\"}}]}<\/script>\n<!-- \/ Yoast SEO plugin. -->","yoast_head_json":{"title":"Poign\u00e9es en Acier Inoxydable WN-1 pour \u00c9quipements de Musculation","description":"Poign\u00e9es en Acier Inoxydable WN-1 durables avec prise molet\u00e9e. Con\u00e7ues pour les \u00e9quipements de musculation sur mesure (custom gym equipment) avec un diam\u00e8tre de 30 mm pour des entra\u00eenements intenses et s\u00e9curis\u00e9s.","robots":{"index":"index","follow":"follow","max-snippet":"max-snippet:-1","max-image-preview":"max-image-preview:large","max-video-preview":"max-video-preview:-1"},"canonical":"https:\/\/gymfactory.eu\/fr\/produit\/poignees-en-acier-inoxydable-wn-1\/","og_locale":"fr_FR","og_type":"article","og_title":"Poign\u00e9es en Acier Inoxydable WN-1 pour \u00c9quipements de Musculation","og_description":"Poign\u00e9es en Acier Inoxydable WN-1 durables avec prise molet\u00e9e. Con\u00e7ues pour les \u00e9quipements de musculation sur mesure (custom gym equipment) avec un diam\u00e8tre de 30 mm pour des entra\u00eenements intenses et s\u00e9curis\u00e9s.","og_url":"https:\/\/gymfactory.eu\/fr\/produit\/poignees-en-acier-inoxydable-wn-1\/","og_site_name":"Gym Factory","og_image":[{"width":600,"height":600,"url":"https:\/\/gymfactory.eu\/wp-content\/uploads\/2025\/04\/WN-1-Stainless-Steel-Handles.webp","type":"image\/webp"}],"twitter_card":"summary_large_image","twitter_misc":{"Dur\u00e9e de lecture estim\u00e9e":"1 minute"},"schema":{"@context":"https:\/\/schema.org","@graph":[{"@type":"WebPage","@id":"https:\/\/gymfactory.eu\/fr\/produit\/poignees-en-acier-inoxydable-wn-1\/","url":"https:\/\/gymfactory.eu\/fr\/produit\/poignees-en-acier-inoxydable-wn-1\/","name":"Poign\u00e9es en Acier Inoxydable WN-1 pour \u00c9quipements de Musculation","isPartOf":{"@id":"https:\/\/gymfactory.eu\/fr\/#website"},"primaryImageOfPage":{"@id":"https:\/\/gymfactory.eu\/fr\/produit\/poignees-en-acier-inoxydable-wn-1\/#primaryimage"},"image":{"@id":"https:\/\/gymfactory.eu\/fr\/produit\/poignees-en-acier-inoxydable-wn-1\/#primaryimage"},"thumbnailUrl":"https:\/\/gymfactory.eu\/wp-content\/uploads\/2025\/04\/WN-1-Stainless-Steel-Handles.webp","datePublished":"2025-04-30T11:24:53+00:00","description":"Poign\u00e9es en Acier Inoxydable WN-1 durables avec prise molet\u00e9e. Con\u00e7ues pour les \u00e9quipements de musculation sur mesure (custom gym equipment) avec un diam\u00e8tre de 30 mm pour des entra\u00eenements intenses et s\u00e9curis\u00e9s.","breadcrumb":{"@id":"https:\/\/gymfactory.eu\/fr\/produit\/poignees-en-acier-inoxydable-wn-1\/#breadcrumb"},"inLanguage":"fr-FR","potentialAction":[{"@type":"ReadAction","target":["https:\/\/gymfactory.eu\/fr\/produit\/poignees-en-acier-inoxydable-wn-1\/"]}]},{"@type":"ImageObject","inLanguage":"fr-FR","@id":"https:\/\/gymfactory.eu\/fr\/produit\/poignees-en-acier-inoxydable-wn-1\/#primaryimage","url":"https:\/\/gymfactory.eu\/wp-content\/uploads\/2025\/04\/WN-1-Stainless-Steel-Handles.webp","contentUrl":"https:\/\/gymfactory.eu\/wp-content\/uploads\/2025\/04\/WN-1-Stainless-Steel-Handles.webp","width":600,"height":600,"caption":"A pair of WN-1 Stainless Steel Handles with knurled surface texture and 30 mm diameter, designed for custom gym equipment and strength machines."},{"@type":"BreadcrumbList","@id":"https:\/\/gymfactory.eu\/fr\/produit\/poignees-en-acier-inoxydable-wn-1\/#breadcrumb","itemListElement":[{"@type":"ListItem","position":1,"name":"Home","item":"https:\/\/gymfactory.eu\/fr\/page-principale\/"},{"@type":"ListItem","position":2,"name":"Catalogue","item":"https:\/\/gymfactory.eu\/fr\/catalogue-2\/"},{"@type":"ListItem","position":3,"name":"Poign\u00e9es en Acier Inoxydable WN-1"}]},{"@type":"WebSite","@id":"https:\/\/gymfactory.eu\/fr\/#website","url":"https:\/\/gymfactory.eu\/fr\/","name":"Gym Factory","description":"","publisher":{"@id":"https:\/\/gymfactory.eu\/fr\/#organization"},"potentialAction":[{"@type":"SearchAction","target":{"@type":"EntryPoint","urlTemplate":"https:\/\/gymfactory.eu\/fr\/?s={search_term_string}"},"query-input":{"@type":"PropertyValueSpecification","valueRequired":true,"valueName":"search_term_string"}}],"inLanguage":"fr-FR"},{"@type":"Organization","@id":"https:\/\/gymfactory.eu\/fr\/#organization","name":"Gym Factory","url":"https:\/\/gymfactory.eu\/fr\/","logo":{"@type":"ImageObject","inLanguage":"fr-FR","@id":"https:\/\/gymfactory.eu\/fr\/#\/schema\/logo\/image\/","url":"https:\/\/gymfactory.eu\/wp-content\/uploads\/2024\/11\/Component-1.svg","contentUrl":"https:\/\/gymfactory.eu\/wp-content\/uploads\/2024\/11\/Component-1.svg","width":54,"height":44,"caption":"Gym Factory"},"image":{"@id":"https:\/\/gymfactory.eu\/fr\/#\/schema\/logo\/image\/"}}]}},"_links":{"self":[{"href":"https:\/\/gymfactory.eu\/fr\/wp-json\/wp\/v2\/product\/30265","targetHints":{"allow":["GET"]}}],"collection":[{"href":"https:\/\/gymfactory.eu\/fr\/wp-json\/wp\/v2\/product"}],"about":[{"href":"https:\/\/gymfactory.eu\/fr\/wp-json\/wp\/v2\/types\/product"}],"wp:featuredmedia":[{"embeddable":true,"href":"https:\/\/gymfactory.eu\/fr\/wp-json\/wp\/v2\/media\/30266"}],"wp:attachment":[{"href":"https:\/\/gymfactory.eu\/fr\/wp-json\/wp\/v2\/media?parent=30265"}],"wp:term":[{"taxonomy":"product_brand","embeddable":true,"href":"https:\/\/gymfactory.eu\/fr\/wp-json\/wp\/v2\/product_brand?post=30265"},{"taxonomy":"product_cat","embeddable":true,"href":"https:\/\/gymfactory.eu\/fr\/wp-json\/wp\/v2\/product_cat?post=30265"},{"taxonomy":"product_tag","embeddable":true,"href":"https:\/\/gymfactory.eu\/fr\/wp-json\/wp\/v2\/product_tag?post=30265"}],"curies":[{"name":"wp","href":"https:\/\/api.w.org\/{rel}","templated":true}]}}