{"id":30262,"date":"2025-04-30T13:23:36","date_gmt":"2025-04-30T10:23:36","guid":{"rendered":"https:\/\/gymfactory.eu\/product\/poignees-de-tirage-w8\/"},"modified":"2025-04-30T13:23:36","modified_gmt":"2025-04-30T10:23:36","slug":"poignees-de-tirage-w8","status":"publish","type":"product","link":"https:\/\/gymfactory.eu\/fr\/produit\/poignees-de-tirage-w8\/","title":{"rendered":"Poign\u00e9es de Tirage W8"},"content":{"rendered":"<p>La Poign\u00e9e de Tirage W8 (Cable Handle) est un accessoire ergonomique et polyvalent pour divers exercices sur machine \u00e0 poulies (cable machine). Fabriqu\u00e9e avec un anneau en D en m\u00e9tal robuste, une sangle durable et une poign\u00e9e en mousse souple, elle garantit une utilisation s\u00fbre et confortable lors d&rsquo;entra\u00eenements \u00e0 grand nombre de r\u00e9p\u00e9titions ou \u00e0 charges lourdes. Compatible avec la plupart des \u00e9quipements de musculation (gym equipment), elle est id\u00e9ale pour des exercices tels que les extensions triceps, les flexions de biceps (bicep curls), les \u00e9l\u00e9vations lat\u00e9rales, les tirages (rows) et les routines d&rsquo;entra\u00eenement fonctionnel. La Poign\u00e9e de Tirage W8 am\u00e9liore la vari\u00e9t\u00e9 et le confort des entra\u00eenements, ce qui en fait un outil essentiel pour les installations de fitness \u00e0 domicile (home gym) et commerciales.<\/p>\n\n    <div class=\"xs_social_share_widget xs_share_url after_content \t\tmain_content  wslu-style-1 wslu-share-box-shaped wslu-fill-colored wslu-none wslu-share-horizontal wslu-theme-font-no wslu-main_content\">\n\n\t\t\n        <ul>\n\t\t\t        <\/ul>\n    <\/div> \n","protected":false},"excerpt":{"rendered":"<p>La Poign\u00e9e de Tirage W8 (Cable Handle) est un accessoire ergonomique et polyvalent pour divers exercices sur machine \u00e0 poulies (cable machine). Fabriqu\u00e9e avec un anneau en D en m\u00e9tal robuste, une sangle durable et une poign\u00e9e en mousse souple, elle garantit une utilisation s\u00fbre et confortable lors d&rsquo;entra\u00eenements \u00e0 grand nombre de r\u00e9p\u00e9titions ou [&hellip;]<\/p>\n","protected":false},"featured_media":13229,"template":"","meta":{"_acf_changed":false},"product_brand":[56],"product_cat":[826],"product_tag":[977],"class_list":{"0":"post-30262","1":"product","2":"type-product","3":"status-publish","4":"has-post-thumbnail","6":"product_brand-gym-factory","7":"product_cat-accessoires-de-musculation","8":"product_tag-couleur-sans-couleurs","10":"first","11":"onbackorder","12":"taxable","13":"shipping-taxable","14":"purchasable","15":"product-type-variable","16":"has-default-attributes"},"acf":[],"yoast_head":"<!-- This site is optimized with the Yoast SEO plugin v25.2 - https:\/\/yoast.com\/wordpress\/plugins\/seo\/ -->\n<title>Poign\u00e9e de Tirage W8 (Cable Handle) pour \u00c9quipements de Musculation<\/title>\n<meta name=\"description\" content=\"La Poign\u00e9e de Tirage W8 (Cable Handle) offre confort, durabilit\u00e9 et fixation facile \u2014 id\u00e9ale pour divers exercices sur machine \u00e0 poulies sur tous types d&#039;\u00e9quipements de musculation (gym equipment).\" \/>\n<meta name=\"robots\" content=\"index, follow, max-snippet:-1, max-image-preview:large, max-video-preview:-1\" \/>\n<link rel=\"canonical\" href=\"https:\/\/gymfactory.eu\/fr\/produit\/poignees-de-tirage-w8\/\" \/>\n<meta property=\"og:locale\" content=\"fr_FR\" \/>\n<meta property=\"og:type\" content=\"article\" \/>\n<meta property=\"og:title\" content=\"Poign\u00e9e de Tirage W8 (Cable Handle) pour \u00c9quipements de Musculation\" \/>\n<meta property=\"og:description\" content=\"La Poign\u00e9e de Tirage W8 (Cable Handle) offre confort, durabilit\u00e9 et fixation facile \u2014 id\u00e9ale pour divers exercices sur machine \u00e0 poulies sur tous types d&#039;\u00e9quipements de musculation (gym equipment).\" \/>\n<meta property=\"og:url\" content=\"https:\/\/gymfactory.eu\/fr\/produit\/poignees-de-tirage-w8\/\" \/>\n<meta property=\"og:site_name\" content=\"Gym Factory\" \/>\n<meta property=\"og:image\" content=\"https:\/\/gymfactory.eu\/wp-content\/uploads\/2025\/04\/W8-Handle-Attachment-Full-View-2.webp\" \/>\n\t<meta property=\"og:image:width\" content=\"1500\" \/>\n\t<meta property=\"og:image:height\" content=\"1500\" \/>\n\t<meta property=\"og:image:type\" content=\"image\/webp\" \/>\n<meta name=\"twitter:card\" content=\"summary_large_image\" \/>\n<meta name=\"twitter:label1\" content=\"Dur\u00e9e de lecture estim\u00e9e\" \/>\n\t<meta name=\"twitter:data1\" content=\"1 minute\" \/>\n<script type=\"application\/ld+json\" class=\"yoast-schema-graph\">{\"@context\":\"https:\/\/schema.org\",\"@graph\":[{\"@type\":\"WebPage\",\"@id\":\"https:\/\/gymfactory.eu\/fr\/produit\/poignees-de-tirage-w8\/\",\"url\":\"https:\/\/gymfactory.eu\/fr\/produit\/poignees-de-tirage-w8\/\",\"name\":\"Poign\u00e9e de Tirage W8 (Cable Handle) pour \u00c9quipements de Musculation\",\"isPartOf\":{\"@id\":\"https:\/\/gymfactory.eu\/fr\/#website\"},\"primaryImageOfPage\":{\"@id\":\"https:\/\/gymfactory.eu\/fr\/produit\/poignees-de-tirage-w8\/#primaryimage\"},\"image\":{\"@id\":\"https:\/\/gymfactory.eu\/fr\/produit\/poignees-de-tirage-w8\/#primaryimage\"},\"thumbnailUrl\":\"https:\/\/gymfactory.eu\/wp-content\/uploads\/2025\/04\/W8-Handle-Attachment-Full-View-2.webp\",\"datePublished\":\"2025-04-30T10:23:36+00:00\",\"description\":\"La Poign\u00e9e de Tirage W8 (Cable Handle) offre confort, durabilit\u00e9 et fixation facile \u2014 id\u00e9ale pour divers exercices sur machine \u00e0 poulies sur tous types d'\u00e9quipements de musculation (gym equipment).\",\"breadcrumb\":{\"@id\":\"https:\/\/gymfactory.eu\/fr\/produit\/poignees-de-tirage-w8\/#breadcrumb\"},\"inLanguage\":\"fr-FR\",\"potentialAction\":[{\"@type\":\"ReadAction\",\"target\":[\"https:\/\/gymfactory.eu\/fr\/produit\/poignees-de-tirage-w8\/\"]}]},{\"@type\":\"ImageObject\",\"inLanguage\":\"fr-FR\",\"@id\":\"https:\/\/gymfactory.eu\/fr\/produit\/poignees-de-tirage-w8\/#primaryimage\",\"url\":\"https:\/\/gymfactory.eu\/wp-content\/uploads\/2025\/04\/W8-Handle-Attachment-Full-View-2.webp\",\"contentUrl\":\"https:\/\/gymfactory.eu\/wp-content\/uploads\/2025\/04\/W8-Handle-Attachment-Full-View-2.webp\",\"width\":1500,\"height\":1500,\"caption\":\"Accessoire Poign\u00e9e W8 (Handle Attachment) noire avec poign\u00e9e en mousse et sangle durable, dot\u00e9e d'un anneau en D en m\u00e9tal pour la connexion aux \u00e9quipements de musculation (gym equipment) et aux machines \u00e0 poulies (cable machines).\"},{\"@type\":\"BreadcrumbList\",\"@id\":\"https:\/\/gymfactory.eu\/fr\/produit\/poignees-de-tirage-w8\/#breadcrumb\",\"itemListElement\":[{\"@type\":\"ListItem\",\"position\":1,\"name\":\"Home\",\"item\":\"https:\/\/gymfactory.eu\/fr\/page-principale\/\"},{\"@type\":\"ListItem\",\"position\":2,\"name\":\"Catalogue\",\"item\":\"https:\/\/gymfactory.eu\/fr\/catalogue-2\/\"},{\"@type\":\"ListItem\",\"position\":3,\"name\":\"Poign\u00e9es de Tirage W8\"}]},{\"@type\":\"WebSite\",\"@id\":\"https:\/\/gymfactory.eu\/fr\/#website\",\"url\":\"https:\/\/gymfactory.eu\/fr\/\",\"name\":\"Gym Factory\",\"description\":\"\",\"publisher\":{\"@id\":\"https:\/\/gymfactory.eu\/fr\/#organization\"},\"potentialAction\":[{\"@type\":\"SearchAction\",\"target\":{\"@type\":\"EntryPoint\",\"urlTemplate\":\"https:\/\/gymfactory.eu\/fr\/?s={search_term_string}\"},\"query-input\":{\"@type\":\"PropertyValueSpecification\",\"valueRequired\":true,\"valueName\":\"search_term_string\"}}],\"inLanguage\":\"fr-FR\"},{\"@type\":\"Organization\",\"@id\":\"https:\/\/gymfactory.eu\/fr\/#organization\",\"name\":\"Gym Factory\",\"url\":\"https:\/\/gymfactory.eu\/fr\/\",\"logo\":{\"@type\":\"ImageObject\",\"inLanguage\":\"fr-FR\",\"@id\":\"https:\/\/gymfactory.eu\/fr\/#\/schema\/logo\/image\/\",\"url\":\"https:\/\/gymfactory.eu\/wp-content\/uploads\/2024\/11\/Component-1.svg\",\"contentUrl\":\"https:\/\/gymfactory.eu\/wp-content\/uploads\/2024\/11\/Component-1.svg\",\"width\":54,\"height\":44,\"caption\":\"Gym Factory\"},\"image\":{\"@id\":\"https:\/\/gymfactory.eu\/fr\/#\/schema\/logo\/image\/\"}}]}<\/script>\n<!-- \/ Yoast SEO plugin. -->","yoast_head_json":{"title":"Poign\u00e9e de Tirage W8 (Cable Handle) pour \u00c9quipements de Musculation","description":"La Poign\u00e9e de Tirage W8 (Cable Handle) offre confort, durabilit\u00e9 et fixation facile \u2014 id\u00e9ale pour divers exercices sur machine \u00e0 poulies sur tous types d'\u00e9quipements de musculation (gym equipment).","robots":{"index":"index","follow":"follow","max-snippet":"max-snippet:-1","max-image-preview":"max-image-preview:large","max-video-preview":"max-video-preview:-1"},"canonical":"https:\/\/gymfactory.eu\/fr\/produit\/poignees-de-tirage-w8\/","og_locale":"fr_FR","og_type":"article","og_title":"Poign\u00e9e de Tirage W8 (Cable Handle) pour \u00c9quipements de Musculation","og_description":"La Poign\u00e9e de Tirage W8 (Cable Handle) offre confort, durabilit\u00e9 et fixation facile \u2014 id\u00e9ale pour divers exercices sur machine \u00e0 poulies sur tous types d'\u00e9quipements de musculation (gym equipment).","og_url":"https:\/\/gymfactory.eu\/fr\/produit\/poignees-de-tirage-w8\/","og_site_name":"Gym Factory","og_image":[{"width":1500,"height":1500,"url":"https:\/\/gymfactory.eu\/wp-content\/uploads\/2025\/04\/W8-Handle-Attachment-Full-View-2.webp","type":"image\/webp"}],"twitter_card":"summary_large_image","twitter_misc":{"Dur\u00e9e de lecture estim\u00e9e":"1 minute"},"schema":{"@context":"https:\/\/schema.org","@graph":[{"@type":"WebPage","@id":"https:\/\/gymfactory.eu\/fr\/produit\/poignees-de-tirage-w8\/","url":"https:\/\/gymfactory.eu\/fr\/produit\/poignees-de-tirage-w8\/","name":"Poign\u00e9e de Tirage W8 (Cable Handle) pour \u00c9quipements de Musculation","isPartOf":{"@id":"https:\/\/gymfactory.eu\/fr\/#website"},"primaryImageOfPage":{"@id":"https:\/\/gymfactory.eu\/fr\/produit\/poignees-de-tirage-w8\/#primaryimage"},"image":{"@id":"https:\/\/gymfactory.eu\/fr\/produit\/poignees-de-tirage-w8\/#primaryimage"},"thumbnailUrl":"https:\/\/gymfactory.eu\/wp-content\/uploads\/2025\/04\/W8-Handle-Attachment-Full-View-2.webp","datePublished":"2025-04-30T10:23:36+00:00","description":"La Poign\u00e9e de Tirage W8 (Cable Handle) offre confort, durabilit\u00e9 et fixation facile \u2014 id\u00e9ale pour divers exercices sur machine \u00e0 poulies sur tous types d'\u00e9quipements de musculation (gym equipment).","breadcrumb":{"@id":"https:\/\/gymfactory.eu\/fr\/produit\/poignees-de-tirage-w8\/#breadcrumb"},"inLanguage":"fr-FR","potentialAction":[{"@type":"ReadAction","target":["https:\/\/gymfactory.eu\/fr\/produit\/poignees-de-tirage-w8\/"]}]},{"@type":"ImageObject","inLanguage":"fr-FR","@id":"https:\/\/gymfactory.eu\/fr\/produit\/poignees-de-tirage-w8\/#primaryimage","url":"https:\/\/gymfactory.eu\/wp-content\/uploads\/2025\/04\/W8-Handle-Attachment-Full-View-2.webp","contentUrl":"https:\/\/gymfactory.eu\/wp-content\/uploads\/2025\/04\/W8-Handle-Attachment-Full-View-2.webp","width":1500,"height":1500,"caption":"Accessoire Poign\u00e9e W8 (Handle Attachment) noire avec poign\u00e9e en mousse et sangle durable, dot\u00e9e d'un anneau en D en m\u00e9tal pour la connexion aux \u00e9quipements de musculation (gym equipment) et aux machines \u00e0 poulies (cable machines)."},{"@type":"BreadcrumbList","@id":"https:\/\/gymfactory.eu\/fr\/produit\/poignees-de-tirage-w8\/#breadcrumb","itemListElement":[{"@type":"ListItem","position":1,"name":"Home","item":"https:\/\/gymfactory.eu\/fr\/page-principale\/"},{"@type":"ListItem","position":2,"name":"Catalogue","item":"https:\/\/gymfactory.eu\/fr\/catalogue-2\/"},{"@type":"ListItem","position":3,"name":"Poign\u00e9es de Tirage W8"}]},{"@type":"WebSite","@id":"https:\/\/gymfactory.eu\/fr\/#website","url":"https:\/\/gymfactory.eu\/fr\/","name":"Gym Factory","description":"","publisher":{"@id":"https:\/\/gymfactory.eu\/fr\/#organization"},"potentialAction":[{"@type":"SearchAction","target":{"@type":"EntryPoint","urlTemplate":"https:\/\/gymfactory.eu\/fr\/?s={search_term_string}"},"query-input":{"@type":"PropertyValueSpecification","valueRequired":true,"valueName":"search_term_string"}}],"inLanguage":"fr-FR"},{"@type":"Organization","@id":"https:\/\/gymfactory.eu\/fr\/#organization","name":"Gym Factory","url":"https:\/\/gymfactory.eu\/fr\/","logo":{"@type":"ImageObject","inLanguage":"fr-FR","@id":"https:\/\/gymfactory.eu\/fr\/#\/schema\/logo\/image\/","url":"https:\/\/gymfactory.eu\/wp-content\/uploads\/2024\/11\/Component-1.svg","contentUrl":"https:\/\/gymfactory.eu\/wp-content\/uploads\/2024\/11\/Component-1.svg","width":54,"height":44,"caption":"Gym Factory"},"image":{"@id":"https:\/\/gymfactory.eu\/fr\/#\/schema\/logo\/image\/"}}]}},"_links":{"self":[{"href":"https:\/\/gymfactory.eu\/fr\/wp-json\/wp\/v2\/product\/30262","targetHints":{"allow":["GET"]}}],"collection":[{"href":"https:\/\/gymfactory.eu\/fr\/wp-json\/wp\/v2\/product"}],"about":[{"href":"https:\/\/gymfactory.eu\/fr\/wp-json\/wp\/v2\/types\/product"}],"wp:featuredmedia":[{"embeddable":true,"href":"https:\/\/gymfactory.eu\/fr\/wp-json\/wp\/v2\/media\/13229"}],"wp:attachment":[{"href":"https:\/\/gymfactory.eu\/fr\/wp-json\/wp\/v2\/media?parent=30262"}],"wp:term":[{"taxonomy":"product_brand","embeddable":true,"href":"https:\/\/gymfactory.eu\/fr\/wp-json\/wp\/v2\/product_brand?post=30262"},{"taxonomy":"product_cat","embeddable":true,"href":"https:\/\/gymfactory.eu\/fr\/wp-json\/wp\/v2\/product_cat?post=30262"},{"taxonomy":"product_tag","embeddable":true,"href":"https:\/\/gymfactory.eu\/fr\/wp-json\/wp\/v2\/product_tag?post=30262"}],"curies":[{"name":"wp","href":"https:\/\/api.w.org\/{rel}","templated":true}]}}