{"id":30254,"date":"2025-04-30T12:42:56","date_gmt":"2025-04-30T09:42:56","guid":{"rendered":"https:\/\/gymfactory.eu\/product\/broche-hff04x\/"},"modified":"2025-04-30T12:42:56","modified_gmt":"2025-04-30T09:42:56","slug":"broche-hff04x","status":"publish","type":"product","link":"https:\/\/gymfactory.eu\/fr\/produit\/broche-hff04x\/","title":{"rendered":"Broche HFF04X"},"content":{"rendered":"<p>La Broche HFF04X (Pin) est une goupille de verrouillage en m\u00e9tal utilis\u00e9e dans les \u00e9quipements de musculation (gym equipment) pour s\u00e9curiser les pi\u00e8ces r\u00e9glables ou mobiles. Elle a un diam\u00e8tre de 16 mm et est disponible en deux longueurs : 80 mm et 95 mm. La broche est dot\u00e9e d&rsquo;une poign\u00e9e pratique qui permet une insertion et un retrait faciles lors des r\u00e9glages de l&rsquo;\u00e9quipement.<\/p>\n\n    <div class=\"xs_social_share_widget xs_share_url after_content \t\tmain_content  wslu-style-1 wslu-share-box-shaped wslu-fill-colored wslu-none wslu-share-horizontal wslu-theme-font-no wslu-main_content\">\n\n\t\t\n        <ul>\n\t\t\t        <\/ul>\n    <\/div> \n","protected":false},"excerpt":{"rendered":"<p>La Broche HFF04X (Pin) est une goupille de verrouillage en m\u00e9tal utilis\u00e9e dans les \u00e9quipements de musculation (gym equipment) pour s\u00e9curiser les pi\u00e8ces r\u00e9glables ou mobiles. Elle a un diam\u00e8tre de 16 mm et est disponible en deux longueurs : 80 mm et 95 mm. La broche est dot\u00e9e d&rsquo;une poign\u00e9e pratique qui permet une [&hellip;]<\/p>\n","protected":false},"featured_media":30257,"template":"","meta":{"_acf_changed":false},"product_brand":[56],"product_cat":[827],"product_tag":[977],"class_list":{"0":"post-30254","1":"product","2":"type-product","3":"status-publish","4":"has-post-thumbnail","6":"product_brand-gym-factory","7":"product_cat-pieces-detachees-pour-equipements-de-musculation","8":"product_tag-couleur-sans-couleurs","10":"first","11":"instock","12":"taxable","13":"shipping-taxable","14":"purchasable","15":"product-type-variable","16":"has-default-attributes"},"acf":[],"yoast_head":"<!-- This site is optimized with the Yoast SEO plugin v25.2 - https:\/\/yoast.com\/wordpress\/plugins\/seo\/ -->\n<title>Broche HFF04X pour un Verrouillage S\u00e9curis\u00e9 des \u00c9quipements de Musculation<\/title>\n<meta name=\"description\" content=\"Broche HFF04X (Pin) solide et ergonomique pour \u00e9quipement de musculation (gym equipment). Assure s\u00e9curit\u00e9 et stabilit\u00e9 sur les machines r\u00e9glables avec une durabilit\u00e9 m\u00e9tallique.\" \/>\n<meta name=\"robots\" content=\"index, follow, max-snippet:-1, max-image-preview:large, max-video-preview:-1\" \/>\n<link rel=\"canonical\" href=\"https:\/\/gymfactory.eu\/fr\/produit\/broche-hff04x\/\" \/>\n<meta property=\"og:locale\" content=\"fr_FR\" \/>\n<meta property=\"og:type\" content=\"article\" \/>\n<meta property=\"og:title\" content=\"Broche HFF04X pour un Verrouillage S\u00e9curis\u00e9 des \u00c9quipements de Musculation\" \/>\n<meta property=\"og:description\" content=\"Broche HFF04X (Pin) solide et ergonomique pour \u00e9quipement de musculation (gym equipment). Assure s\u00e9curit\u00e9 et stabilit\u00e9 sur les machines r\u00e9glables avec une durabilit\u00e9 m\u00e9tallique.\" \/>\n<meta property=\"og:url\" content=\"https:\/\/gymfactory.eu\/fr\/produit\/broche-hff04x\/\" \/>\n<meta property=\"og:site_name\" content=\"Gym Factory\" \/>\n<meta property=\"og:image\" content=\"https:\/\/gymfactory.eu\/wp-content\/uploads\/2025\/04\/HFF04X-Pin-for-Weights.webp\" \/>\n\t<meta property=\"og:image:width\" content=\"600\" \/>\n\t<meta property=\"og:image:height\" content=\"600\" \/>\n\t<meta property=\"og:image:type\" content=\"image\/webp\" \/>\n<meta name=\"twitter:card\" content=\"summary_large_image\" \/>\n<script type=\"application\/ld+json\" class=\"yoast-schema-graph\">{\"@context\":\"https:\/\/schema.org\",\"@graph\":[{\"@type\":\"WebPage\",\"@id\":\"https:\/\/gymfactory.eu\/fr\/produit\/broche-hff04x\/\",\"url\":\"https:\/\/gymfactory.eu\/fr\/produit\/broche-hff04x\/\",\"name\":\"Broche HFF04X pour un Verrouillage S\u00e9curis\u00e9 des \u00c9quipements de Musculation\",\"isPartOf\":{\"@id\":\"https:\/\/gymfactory.eu\/fr\/#website\"},\"primaryImageOfPage\":{\"@id\":\"https:\/\/gymfactory.eu\/fr\/produit\/broche-hff04x\/#primaryimage\"},\"image\":{\"@id\":\"https:\/\/gymfactory.eu\/fr\/produit\/broche-hff04x\/#primaryimage\"},\"thumbnailUrl\":\"https:\/\/gymfactory.eu\/wp-content\/uploads\/2025\/04\/HFF04X-Pin-for-Weights.webp\",\"datePublished\":\"2025-04-30T09:42:56+00:00\",\"description\":\"Broche HFF04X (Pin) solide et ergonomique pour \u00e9quipement de musculation (gym equipment). Assure s\u00e9curit\u00e9 et stabilit\u00e9 sur les machines r\u00e9glables avec une durabilit\u00e9 m\u00e9tallique.\",\"breadcrumb\":{\"@id\":\"https:\/\/gymfactory.eu\/fr\/produit\/broche-hff04x\/#breadcrumb\"},\"inLanguage\":\"fr-FR\",\"potentialAction\":[{\"@type\":\"ReadAction\",\"target\":[\"https:\/\/gymfactory.eu\/fr\/produit\/broche-hff04x\/\"]}]},{\"@type\":\"ImageObject\",\"inLanguage\":\"fr-FR\",\"@id\":\"https:\/\/gymfactory.eu\/fr\/produit\/broche-hff04x\/#primaryimage\",\"url\":\"https:\/\/gymfactory.eu\/wp-content\/uploads\/2025\/04\/HFF04X-Pin-for-Weights.webp\",\"contentUrl\":\"https:\/\/gymfactory.eu\/wp-content\/uploads\/2025\/04\/HFF04X-Pin-for-Weights.webp\",\"width\":600,\"height\":600,\"caption\":\"Sturdy metal HFF04X Pin with rectangular handle, 9.5 cm in length, used for securing moving components in gym equipment.\"},{\"@type\":\"BreadcrumbList\",\"@id\":\"https:\/\/gymfactory.eu\/fr\/produit\/broche-hff04x\/#breadcrumb\",\"itemListElement\":[{\"@type\":\"ListItem\",\"position\":1,\"name\":\"Home\",\"item\":\"https:\/\/gymfactory.eu\/fr\/page-principale\/\"},{\"@type\":\"ListItem\",\"position\":2,\"name\":\"Catalogue\",\"item\":\"https:\/\/gymfactory.eu\/fr\/catalogue-2\/\"},{\"@type\":\"ListItem\",\"position\":3,\"name\":\"Broche HFF04X\"}]},{\"@type\":\"WebSite\",\"@id\":\"https:\/\/gymfactory.eu\/fr\/#website\",\"url\":\"https:\/\/gymfactory.eu\/fr\/\",\"name\":\"Gym Factory\",\"description\":\"\",\"publisher\":{\"@id\":\"https:\/\/gymfactory.eu\/fr\/#organization\"},\"potentialAction\":[{\"@type\":\"SearchAction\",\"target\":{\"@type\":\"EntryPoint\",\"urlTemplate\":\"https:\/\/gymfactory.eu\/fr\/?s={search_term_string}\"},\"query-input\":{\"@type\":\"PropertyValueSpecification\",\"valueRequired\":true,\"valueName\":\"search_term_string\"}}],\"inLanguage\":\"fr-FR\"},{\"@type\":\"Organization\",\"@id\":\"https:\/\/gymfactory.eu\/fr\/#organization\",\"name\":\"Gym Factory\",\"url\":\"https:\/\/gymfactory.eu\/fr\/\",\"logo\":{\"@type\":\"ImageObject\",\"inLanguage\":\"fr-FR\",\"@id\":\"https:\/\/gymfactory.eu\/fr\/#\/schema\/logo\/image\/\",\"url\":\"https:\/\/gymfactory.eu\/wp-content\/uploads\/2024\/11\/Component-1.svg\",\"contentUrl\":\"https:\/\/gymfactory.eu\/wp-content\/uploads\/2024\/11\/Component-1.svg\",\"width\":54,\"height\":44,\"caption\":\"Gym Factory\"},\"image\":{\"@id\":\"https:\/\/gymfactory.eu\/fr\/#\/schema\/logo\/image\/\"}}]}<\/script>\n<!-- \/ Yoast SEO plugin. -->","yoast_head_json":{"title":"Broche HFF04X pour un Verrouillage S\u00e9curis\u00e9 des \u00c9quipements de Musculation","description":"Broche HFF04X (Pin) solide et ergonomique pour \u00e9quipement de musculation (gym equipment). Assure s\u00e9curit\u00e9 et stabilit\u00e9 sur les machines r\u00e9glables avec une durabilit\u00e9 m\u00e9tallique.","robots":{"index":"index","follow":"follow","max-snippet":"max-snippet:-1","max-image-preview":"max-image-preview:large","max-video-preview":"max-video-preview:-1"},"canonical":"https:\/\/gymfactory.eu\/fr\/produit\/broche-hff04x\/","og_locale":"fr_FR","og_type":"article","og_title":"Broche HFF04X pour un Verrouillage S\u00e9curis\u00e9 des \u00c9quipements de Musculation","og_description":"Broche HFF04X (Pin) solide et ergonomique pour \u00e9quipement de musculation (gym equipment). Assure s\u00e9curit\u00e9 et stabilit\u00e9 sur les machines r\u00e9glables avec une durabilit\u00e9 m\u00e9tallique.","og_url":"https:\/\/gymfactory.eu\/fr\/produit\/broche-hff04x\/","og_site_name":"Gym Factory","og_image":[{"width":600,"height":600,"url":"https:\/\/gymfactory.eu\/wp-content\/uploads\/2025\/04\/HFF04X-Pin-for-Weights.webp","type":"image\/webp"}],"twitter_card":"summary_large_image","schema":{"@context":"https:\/\/schema.org","@graph":[{"@type":"WebPage","@id":"https:\/\/gymfactory.eu\/fr\/produit\/broche-hff04x\/","url":"https:\/\/gymfactory.eu\/fr\/produit\/broche-hff04x\/","name":"Broche HFF04X pour un Verrouillage S\u00e9curis\u00e9 des \u00c9quipements de Musculation","isPartOf":{"@id":"https:\/\/gymfactory.eu\/fr\/#website"},"primaryImageOfPage":{"@id":"https:\/\/gymfactory.eu\/fr\/produit\/broche-hff04x\/#primaryimage"},"image":{"@id":"https:\/\/gymfactory.eu\/fr\/produit\/broche-hff04x\/#primaryimage"},"thumbnailUrl":"https:\/\/gymfactory.eu\/wp-content\/uploads\/2025\/04\/HFF04X-Pin-for-Weights.webp","datePublished":"2025-04-30T09:42:56+00:00","description":"Broche HFF04X (Pin) solide et ergonomique pour \u00e9quipement de musculation (gym equipment). Assure s\u00e9curit\u00e9 et stabilit\u00e9 sur les machines r\u00e9glables avec une durabilit\u00e9 m\u00e9tallique.","breadcrumb":{"@id":"https:\/\/gymfactory.eu\/fr\/produit\/broche-hff04x\/#breadcrumb"},"inLanguage":"fr-FR","potentialAction":[{"@type":"ReadAction","target":["https:\/\/gymfactory.eu\/fr\/produit\/broche-hff04x\/"]}]},{"@type":"ImageObject","inLanguage":"fr-FR","@id":"https:\/\/gymfactory.eu\/fr\/produit\/broche-hff04x\/#primaryimage","url":"https:\/\/gymfactory.eu\/wp-content\/uploads\/2025\/04\/HFF04X-Pin-for-Weights.webp","contentUrl":"https:\/\/gymfactory.eu\/wp-content\/uploads\/2025\/04\/HFF04X-Pin-for-Weights.webp","width":600,"height":600,"caption":"Sturdy metal HFF04X Pin with rectangular handle, 9.5 cm in length, used for securing moving components in gym equipment."},{"@type":"BreadcrumbList","@id":"https:\/\/gymfactory.eu\/fr\/produit\/broche-hff04x\/#breadcrumb","itemListElement":[{"@type":"ListItem","position":1,"name":"Home","item":"https:\/\/gymfactory.eu\/fr\/page-principale\/"},{"@type":"ListItem","position":2,"name":"Catalogue","item":"https:\/\/gymfactory.eu\/fr\/catalogue-2\/"},{"@type":"ListItem","position":3,"name":"Broche HFF04X"}]},{"@type":"WebSite","@id":"https:\/\/gymfactory.eu\/fr\/#website","url":"https:\/\/gymfactory.eu\/fr\/","name":"Gym Factory","description":"","publisher":{"@id":"https:\/\/gymfactory.eu\/fr\/#organization"},"potentialAction":[{"@type":"SearchAction","target":{"@type":"EntryPoint","urlTemplate":"https:\/\/gymfactory.eu\/fr\/?s={search_term_string}"},"query-input":{"@type":"PropertyValueSpecification","valueRequired":true,"valueName":"search_term_string"}}],"inLanguage":"fr-FR"},{"@type":"Organization","@id":"https:\/\/gymfactory.eu\/fr\/#organization","name":"Gym Factory","url":"https:\/\/gymfactory.eu\/fr\/","logo":{"@type":"ImageObject","inLanguage":"fr-FR","@id":"https:\/\/gymfactory.eu\/fr\/#\/schema\/logo\/image\/","url":"https:\/\/gymfactory.eu\/wp-content\/uploads\/2024\/11\/Component-1.svg","contentUrl":"https:\/\/gymfactory.eu\/wp-content\/uploads\/2024\/11\/Component-1.svg","width":54,"height":44,"caption":"Gym Factory"},"image":{"@id":"https:\/\/gymfactory.eu\/fr\/#\/schema\/logo\/image\/"}}]}},"_links":{"self":[{"href":"https:\/\/gymfactory.eu\/fr\/wp-json\/wp\/v2\/product\/30254","targetHints":{"allow":["GET"]}}],"collection":[{"href":"https:\/\/gymfactory.eu\/fr\/wp-json\/wp\/v2\/product"}],"about":[{"href":"https:\/\/gymfactory.eu\/fr\/wp-json\/wp\/v2\/types\/product"}],"wp:featuredmedia":[{"embeddable":true,"href":"https:\/\/gymfactory.eu\/fr\/wp-json\/wp\/v2\/media\/30257"}],"wp:attachment":[{"href":"https:\/\/gymfactory.eu\/fr\/wp-json\/wp\/v2\/media?parent=30254"}],"wp:term":[{"taxonomy":"product_brand","embeddable":true,"href":"https:\/\/gymfactory.eu\/fr\/wp-json\/wp\/v2\/product_brand?post=30254"},{"taxonomy":"product_cat","embeddable":true,"href":"https:\/\/gymfactory.eu\/fr\/wp-json\/wp\/v2\/product_cat?post=30254"},{"taxonomy":"product_tag","embeddable":true,"href":"https:\/\/gymfactory.eu\/fr\/wp-json\/wp\/v2\/product_tag?post=30254"}],"curies":[{"name":"wp","href":"https:\/\/api.w.org\/{rel}","templated":true}]}}