{"id":30249,"date":"2025-04-30T12:29:18","date_gmt":"2025-04-30T09:29:18","guid":{"rendered":"https:\/\/gymfactory.eu\/product\/bande-de-montage-en-plastique-hdp1\/"},"modified":"2025-04-30T12:29:18","modified_gmt":"2025-04-30T09:29:18","slug":"bande-de-montage-en-plastique-hdp1","status":"publish","type":"product","link":"https:\/\/gymfactory.eu\/fr\/produit\/bande-de-montage-en-plastique-hdp1\/","title":{"rendered":"Bande de Montage en Plastique HDP1"},"content":{"rendered":"<p>La Bande de Montage en Plastique HDP1 (Plastic Mounting Strip) est un composant en plastique de 10 mm d&rsquo;\u00e9paisseur utilis\u00e9 dans diverses parties des \u00e9quipements de musculation (gym equipment) \u00e0 des fins de montage ou de renforcement.Disponible en deux largeurs : 40 mm et 70 mm. Elle est fabriqu\u00e9e en plastique durable et non corrosif, et dispose de trous pr\u00e9-perc\u00e9s pour une installation facile. Cette bande est le plus souvent utilis\u00e9e sur les Bras de S\u00e9curit\u00e9 Z17S (Safety Spotter Arms) comme surface sup\u00e9rieure o\u00f9 repose la barre, mais elle convient \u00e9galement \u00e0 d&rsquo;autres zones d&rsquo;\u00e9quipement n\u00e9cessitant un \u00e9l\u00e9ment structurel ou de protection.<\/p>\n\n    <div class=\"xs_social_share_widget xs_share_url after_content \t\tmain_content  wslu-style-1 wslu-share-box-shaped wslu-fill-colored wslu-none wslu-share-horizontal wslu-theme-font-no wslu-main_content\">\n\n\t\t\n        <ul>\n\t\t\t        <\/ul>\n    <\/div> \n","protected":false},"excerpt":{"rendered":"<p>La Bande de Montage en Plastique HDP1 (Plastic Mounting Strip) est un composant en plastique de 10 mm d&rsquo;\u00e9paisseur utilis\u00e9 dans diverses parties des \u00e9quipements de musculation (gym equipment) \u00e0 des fins de montage ou de renforcement.Disponible en deux largeurs : 40 mm et 70 mm. Elle est fabriqu\u00e9e en plastique durable et non corrosif, [&hellip;]<\/p>\n","protected":false},"featured_media":30253,"template":"","meta":{"_acf_changed":false},"product_brand":[56],"product_cat":[827],"product_tag":[977],"class_list":{"0":"post-30249","1":"product","2":"type-product","3":"status-publish","4":"has-post-thumbnail","6":"product_brand-gym-factory","7":"product_cat-pieces-detachees-pour-equipements-de-musculation","8":"product_tag-couleur-sans-couleurs","10":"first","11":"instock","12":"taxable","13":"shipping-taxable","14":"purchasable","15":"product-type-variable","16":"has-default-attributes"},"acf":[],"yoast_head":"<!-- This site is optimized with the Yoast SEO plugin v25.2 - https:\/\/yoast.com\/wordpress\/plugins\/seo\/ -->\n<title>Bande de Montage en Plastique HDP1 pour \u00c9quipement de Musculation<\/title>\n<meta name=\"description\" content=\"Bande de Montage en Plastique HDP1 durable et facile \u00e0 installer pour les \u00e9quipements de musculation (gym equipment) ou le renforcement structurel. Compacte, l\u00e9g\u00e8re et r\u00e9sistante \u00e0 la corrosion.\" \/>\n<meta name=\"robots\" content=\"index, follow, max-snippet:-1, max-image-preview:large, max-video-preview:-1\" \/>\n<link rel=\"canonical\" href=\"https:\/\/gymfactory.eu\/fr\/produit\/bande-de-montage-en-plastique-hdp1\/\" \/>\n<meta property=\"og:locale\" content=\"fr_FR\" \/>\n<meta property=\"og:type\" content=\"article\" \/>\n<meta property=\"og:title\" content=\"Bande de Montage en Plastique HDP1 pour \u00c9quipement de Musculation\" \/>\n<meta property=\"og:description\" content=\"Bande de Montage en Plastique HDP1 durable et facile \u00e0 installer pour les \u00e9quipements de musculation (gym equipment) ou le renforcement structurel. Compacte, l\u00e9g\u00e8re et r\u00e9sistante \u00e0 la corrosion.\" \/>\n<meta property=\"og:url\" content=\"https:\/\/gymfactory.eu\/fr\/produit\/bande-de-montage-en-plastique-hdp1\/\" \/>\n<meta property=\"og:site_name\" content=\"Gym Factory\" \/>\n<meta property=\"og:image\" content=\"https:\/\/gymfactory.eu\/wp-content\/uploads\/2025\/04\/HDP1-Plastic-Mounting-Strip.webp\" \/>\n\t<meta property=\"og:image:width\" content=\"600\" \/>\n\t<meta property=\"og:image:height\" content=\"600\" \/>\n\t<meta property=\"og:image:type\" content=\"image\/webp\" \/>\n<meta name=\"twitter:card\" content=\"summary_large_image\" \/>\n<meta name=\"twitter:label1\" content=\"Dur\u00e9e de lecture estim\u00e9e\" \/>\n\t<meta name=\"twitter:data1\" content=\"1 minute\" \/>\n<script type=\"application\/ld+json\" class=\"yoast-schema-graph\">{\"@context\":\"https:\/\/schema.org\",\"@graph\":[{\"@type\":\"WebPage\",\"@id\":\"https:\/\/gymfactory.eu\/fr\/produit\/bande-de-montage-en-plastique-hdp1\/\",\"url\":\"https:\/\/gymfactory.eu\/fr\/produit\/bande-de-montage-en-plastique-hdp1\/\",\"name\":\"Bande de Montage en Plastique HDP1 pour \u00c9quipement de Musculation\",\"isPartOf\":{\"@id\":\"https:\/\/gymfactory.eu\/fr\/#website\"},\"primaryImageOfPage\":{\"@id\":\"https:\/\/gymfactory.eu\/fr\/produit\/bande-de-montage-en-plastique-hdp1\/#primaryimage\"},\"image\":{\"@id\":\"https:\/\/gymfactory.eu\/fr\/produit\/bande-de-montage-en-plastique-hdp1\/#primaryimage\"},\"thumbnailUrl\":\"https:\/\/gymfactory.eu\/wp-content\/uploads\/2025\/04\/HDP1-Plastic-Mounting-Strip.webp\",\"datePublished\":\"2025-04-30T09:29:18+00:00\",\"description\":\"Bande de Montage en Plastique HDP1 durable et facile \u00e0 installer pour les \u00e9quipements de musculation (gym equipment) ou le renforcement structurel. Compacte, l\u00e9g\u00e8re et r\u00e9sistante \u00e0 la corrosion.\",\"breadcrumb\":{\"@id\":\"https:\/\/gymfactory.eu\/fr\/produit\/bande-de-montage-en-plastique-hdp1\/#breadcrumb\"},\"inLanguage\":\"fr-FR\",\"potentialAction\":[{\"@type\":\"ReadAction\",\"target\":[\"https:\/\/gymfactory.eu\/fr\/produit\/bande-de-montage-en-plastique-hdp1\/\"]}]},{\"@type\":\"ImageObject\",\"inLanguage\":\"fr-FR\",\"@id\":\"https:\/\/gymfactory.eu\/fr\/produit\/bande-de-montage-en-plastique-hdp1\/#primaryimage\",\"url\":\"https:\/\/gymfactory.eu\/wp-content\/uploads\/2025\/04\/HDP1-Plastic-Mounting-Strip.webp\",\"contentUrl\":\"https:\/\/gymfactory.eu\/wp-content\/uploads\/2025\/04\/HDP1-Plastic-Mounting-Strip.webp\",\"width\":600,\"height\":600,\"caption\":\"Black HDP1 Plastic Mounting Strip with three mounting holes, measuring 58 cm by 4 cm, used for gym equipment or structural support.\"},{\"@type\":\"BreadcrumbList\",\"@id\":\"https:\/\/gymfactory.eu\/fr\/produit\/bande-de-montage-en-plastique-hdp1\/#breadcrumb\",\"itemListElement\":[{\"@type\":\"ListItem\",\"position\":1,\"name\":\"Home\",\"item\":\"https:\/\/gymfactory.eu\/fr\/page-principale\/\"},{\"@type\":\"ListItem\",\"position\":2,\"name\":\"Catalogue\",\"item\":\"https:\/\/gymfactory.eu\/fr\/catalogue-2\/\"},{\"@type\":\"ListItem\",\"position\":3,\"name\":\"Bande de Montage en Plastique HDP1\"}]},{\"@type\":\"WebSite\",\"@id\":\"https:\/\/gymfactory.eu\/fr\/#website\",\"url\":\"https:\/\/gymfactory.eu\/fr\/\",\"name\":\"Gym Factory\",\"description\":\"\",\"publisher\":{\"@id\":\"https:\/\/gymfactory.eu\/fr\/#organization\"},\"potentialAction\":[{\"@type\":\"SearchAction\",\"target\":{\"@type\":\"EntryPoint\",\"urlTemplate\":\"https:\/\/gymfactory.eu\/fr\/?s={search_term_string}\"},\"query-input\":{\"@type\":\"PropertyValueSpecification\",\"valueRequired\":true,\"valueName\":\"search_term_string\"}}],\"inLanguage\":\"fr-FR\"},{\"@type\":\"Organization\",\"@id\":\"https:\/\/gymfactory.eu\/fr\/#organization\",\"name\":\"Gym Factory\",\"url\":\"https:\/\/gymfactory.eu\/fr\/\",\"logo\":{\"@type\":\"ImageObject\",\"inLanguage\":\"fr-FR\",\"@id\":\"https:\/\/gymfactory.eu\/fr\/#\/schema\/logo\/image\/\",\"url\":\"https:\/\/gymfactory.eu\/wp-content\/uploads\/2024\/11\/Component-1.svg\",\"contentUrl\":\"https:\/\/gymfactory.eu\/wp-content\/uploads\/2024\/11\/Component-1.svg\",\"width\":54,\"height\":44,\"caption\":\"Gym Factory\"},\"image\":{\"@id\":\"https:\/\/gymfactory.eu\/fr\/#\/schema\/logo\/image\/\"}}]}<\/script>\n<!-- \/ Yoast SEO plugin. -->","yoast_head_json":{"title":"Bande de Montage en Plastique HDP1 pour \u00c9quipement de Musculation","description":"Bande de Montage en Plastique HDP1 durable et facile \u00e0 installer pour les \u00e9quipements de musculation (gym equipment) ou le renforcement structurel. Compacte, l\u00e9g\u00e8re et r\u00e9sistante \u00e0 la corrosion.","robots":{"index":"index","follow":"follow","max-snippet":"max-snippet:-1","max-image-preview":"max-image-preview:large","max-video-preview":"max-video-preview:-1"},"canonical":"https:\/\/gymfactory.eu\/fr\/produit\/bande-de-montage-en-plastique-hdp1\/","og_locale":"fr_FR","og_type":"article","og_title":"Bande de Montage en Plastique HDP1 pour \u00c9quipement de Musculation","og_description":"Bande de Montage en Plastique HDP1 durable et facile \u00e0 installer pour les \u00e9quipements de musculation (gym equipment) ou le renforcement structurel. Compacte, l\u00e9g\u00e8re et r\u00e9sistante \u00e0 la corrosion.","og_url":"https:\/\/gymfactory.eu\/fr\/produit\/bande-de-montage-en-plastique-hdp1\/","og_site_name":"Gym Factory","og_image":[{"width":600,"height":600,"url":"https:\/\/gymfactory.eu\/wp-content\/uploads\/2025\/04\/HDP1-Plastic-Mounting-Strip.webp","type":"image\/webp"}],"twitter_card":"summary_large_image","twitter_misc":{"Dur\u00e9e de lecture estim\u00e9e":"1 minute"},"schema":{"@context":"https:\/\/schema.org","@graph":[{"@type":"WebPage","@id":"https:\/\/gymfactory.eu\/fr\/produit\/bande-de-montage-en-plastique-hdp1\/","url":"https:\/\/gymfactory.eu\/fr\/produit\/bande-de-montage-en-plastique-hdp1\/","name":"Bande de Montage en Plastique HDP1 pour \u00c9quipement de Musculation","isPartOf":{"@id":"https:\/\/gymfactory.eu\/fr\/#website"},"primaryImageOfPage":{"@id":"https:\/\/gymfactory.eu\/fr\/produit\/bande-de-montage-en-plastique-hdp1\/#primaryimage"},"image":{"@id":"https:\/\/gymfactory.eu\/fr\/produit\/bande-de-montage-en-plastique-hdp1\/#primaryimage"},"thumbnailUrl":"https:\/\/gymfactory.eu\/wp-content\/uploads\/2025\/04\/HDP1-Plastic-Mounting-Strip.webp","datePublished":"2025-04-30T09:29:18+00:00","description":"Bande de Montage en Plastique HDP1 durable et facile \u00e0 installer pour les \u00e9quipements de musculation (gym equipment) ou le renforcement structurel. Compacte, l\u00e9g\u00e8re et r\u00e9sistante \u00e0 la corrosion.","breadcrumb":{"@id":"https:\/\/gymfactory.eu\/fr\/produit\/bande-de-montage-en-plastique-hdp1\/#breadcrumb"},"inLanguage":"fr-FR","potentialAction":[{"@type":"ReadAction","target":["https:\/\/gymfactory.eu\/fr\/produit\/bande-de-montage-en-plastique-hdp1\/"]}]},{"@type":"ImageObject","inLanguage":"fr-FR","@id":"https:\/\/gymfactory.eu\/fr\/produit\/bande-de-montage-en-plastique-hdp1\/#primaryimage","url":"https:\/\/gymfactory.eu\/wp-content\/uploads\/2025\/04\/HDP1-Plastic-Mounting-Strip.webp","contentUrl":"https:\/\/gymfactory.eu\/wp-content\/uploads\/2025\/04\/HDP1-Plastic-Mounting-Strip.webp","width":600,"height":600,"caption":"Black HDP1 Plastic Mounting Strip with three mounting holes, measuring 58 cm by 4 cm, used for gym equipment or structural support."},{"@type":"BreadcrumbList","@id":"https:\/\/gymfactory.eu\/fr\/produit\/bande-de-montage-en-plastique-hdp1\/#breadcrumb","itemListElement":[{"@type":"ListItem","position":1,"name":"Home","item":"https:\/\/gymfactory.eu\/fr\/page-principale\/"},{"@type":"ListItem","position":2,"name":"Catalogue","item":"https:\/\/gymfactory.eu\/fr\/catalogue-2\/"},{"@type":"ListItem","position":3,"name":"Bande de Montage en Plastique HDP1"}]},{"@type":"WebSite","@id":"https:\/\/gymfactory.eu\/fr\/#website","url":"https:\/\/gymfactory.eu\/fr\/","name":"Gym Factory","description":"","publisher":{"@id":"https:\/\/gymfactory.eu\/fr\/#organization"},"potentialAction":[{"@type":"SearchAction","target":{"@type":"EntryPoint","urlTemplate":"https:\/\/gymfactory.eu\/fr\/?s={search_term_string}"},"query-input":{"@type":"PropertyValueSpecification","valueRequired":true,"valueName":"search_term_string"}}],"inLanguage":"fr-FR"},{"@type":"Organization","@id":"https:\/\/gymfactory.eu\/fr\/#organization","name":"Gym Factory","url":"https:\/\/gymfactory.eu\/fr\/","logo":{"@type":"ImageObject","inLanguage":"fr-FR","@id":"https:\/\/gymfactory.eu\/fr\/#\/schema\/logo\/image\/","url":"https:\/\/gymfactory.eu\/wp-content\/uploads\/2024\/11\/Component-1.svg","contentUrl":"https:\/\/gymfactory.eu\/wp-content\/uploads\/2024\/11\/Component-1.svg","width":54,"height":44,"caption":"Gym Factory"},"image":{"@id":"https:\/\/gymfactory.eu\/fr\/#\/schema\/logo\/image\/"}}]}},"_links":{"self":[{"href":"https:\/\/gymfactory.eu\/fr\/wp-json\/wp\/v2\/product\/30249","targetHints":{"allow":["GET"]}}],"collection":[{"href":"https:\/\/gymfactory.eu\/fr\/wp-json\/wp\/v2\/product"}],"about":[{"href":"https:\/\/gymfactory.eu\/fr\/wp-json\/wp\/v2\/types\/product"}],"wp:featuredmedia":[{"embeddable":true,"href":"https:\/\/gymfactory.eu\/fr\/wp-json\/wp\/v2\/media\/30253"}],"wp:attachment":[{"href":"https:\/\/gymfactory.eu\/fr\/wp-json\/wp\/v2\/media?parent=30249"}],"wp:term":[{"taxonomy":"product_brand","embeddable":true,"href":"https:\/\/gymfactory.eu\/fr\/wp-json\/wp\/v2\/product_brand?post=30249"},{"taxonomy":"product_cat","embeddable":true,"href":"https:\/\/gymfactory.eu\/fr\/wp-json\/wp\/v2\/product_cat?post=30249"},{"taxonomy":"product_tag","embeddable":true,"href":"https:\/\/gymfactory.eu\/fr\/wp-json\/wp\/v2\/product_tag?post=30249"}],"curies":[{"name":"wp","href":"https:\/\/api.w.org\/{rel}","templated":true}]}}