{"id":30242,"date":"2025-04-30T11:58:15","date_gmt":"2025-04-30T08:58:15","guid":{"rendered":"https:\/\/gymfactory.eu\/product\/structure-trx-s-frame-t1\/"},"modified":"2025-04-30T11:58:15","modified_gmt":"2025-04-30T08:58:15","slug":"structure-trx-s-frame-t1","status":"publish","type":"product","link":"https:\/\/gymfactory.eu\/fr\/produit\/structure-trx-s-frame-t1\/","title":{"rendered":"Structure TRX S-Frame T1"},"content":{"rendered":"<p>La Structure TRX S-Frame T1 est une structure en acier stable con\u00e7ue pour l&rsquo;entra\u00eenement fonctionnel avec des sangles TRX, des bandes de r\u00e9sistance et des cordes ondulatoires (battle ropes). Elle offre des points d&rsquo;ancrage s\u00e9curis\u00e9s \u00e0 plusieurs hauteurs et peut \u00eatre utilis\u00e9e dans des espaces d&rsquo;entra\u00eenement int\u00e9rieurs et ext\u00e9rieurs. <\/p>\n<p>La structure permet une large gamme d&rsquo;exercices bas\u00e9s sur le TRX, y compris les tirages (rows), les fentes, les squats, les planches et les piques, aidant \u00e0 cibler la sangle abdominale (core), les jambes et le haut du corps en utilisant la r\u00e9sistance au poids du corps. Elle permet \u00e9galement le travail \u00e0 la corde ondulatoire (battle rope), offrant des options de mouvements dynamiques qui combinent force et conditionnement physique. <\/p>\n<p>La Structure TRX S-Frame est parfaitement adapt\u00e9e aux entra\u00eenements personnels, aux sessions en petit groupe ou aux grandes zones d&rsquo;entra\u00eenement o\u00f9 plusieurs utilisateurs peuvent s&rsquo;entra\u00eener simultan\u00e9ment \u00e0 l&rsquo;aide d&rsquo;\u00e9quipements suspendus ou ancr\u00e9s.<\/p>\n\n    <div class=\"xs_social_share_widget xs_share_url after_content \t\tmain_content  wslu-style-1 wslu-share-box-shaped wslu-fill-colored wslu-none wslu-share-horizontal wslu-theme-font-no wslu-main_content\">\n\n\t\t\n        <ul>\n\t\t\t        <\/ul>\n    <\/div> \n","protected":false},"excerpt":{"rendered":"<p>La Structure TRX S-Frame T1 est une structure en acier stable con\u00e7ue pour l&rsquo;entra\u00eenement fonctionnel avec des sangles TRX, des bandes de r\u00e9sistance et des cordes ondulatoires (battle ropes). Elle offre des points d&rsquo;ancrage s\u00e9curis\u00e9s \u00e0 plusieurs hauteurs et peut \u00eatre utilis\u00e9e dans des espaces d&rsquo;entra\u00eenement int\u00e9rieurs et ext\u00e9rieurs. La structure permet une large gamme [&hellip;]<\/p>\n","protected":false},"featured_media":30243,"template":"","meta":{"_acf_changed":false},"product_brand":[56],"product_cat":[833],"product_tag":[857],"class_list":{"0":"post-30242","1":"product","2":"type-product","3":"status-publish","4":"has-post-thumbnail","6":"product_brand-gym-factory","7":"product_cat-racks-de-musculation","8":"product_tag-couleur-metal-uniquement","10":"first","11":"onbackorder","12":"taxable","13":"shipping-taxable","14":"purchasable","15":"product-type-variable","16":"has-default-attributes"},"acf":[],"yoast_head":"<!-- This site is optimized with the Yoast SEO plugin v25.2 - https:\/\/yoast.com\/wordpress\/plugins\/seo\/ -->\n<title>Structure de Suspension TRX S-Frame T1 pour Entra\u00eenement Full Body<\/title>\n<meta name=\"description\" content=\"Structure TRX S-Frame robuste avec une structure en acier de haute qualit\u00e9, parfaite pour l&#039;ext\u00e9rieur ou l&#039;int\u00e9rieur. Permet des entra\u00eenements full body performants.\" \/>\n<meta name=\"robots\" content=\"index, follow, max-snippet:-1, max-image-preview:large, max-video-preview:-1\" \/>\n<link rel=\"canonical\" href=\"https:\/\/gymfactory.eu\/fr\/produit\/structure-trx-s-frame-t1\/\" \/>\n<meta property=\"og:locale\" content=\"fr_FR\" \/>\n<meta property=\"og:type\" content=\"article\" \/>\n<meta property=\"og:title\" content=\"Structure de Suspension TRX S-Frame T1 pour Entra\u00eenement Full Body\" \/>\n<meta property=\"og:description\" content=\"Structure TRX S-Frame robuste avec une structure en acier de haute qualit\u00e9, parfaite pour l&#039;ext\u00e9rieur ou l&#039;int\u00e9rieur. Permet des entra\u00eenements full body performants.\" \/>\n<meta property=\"og:url\" content=\"https:\/\/gymfactory.eu\/fr\/produit\/structure-trx-s-frame-t1\/\" \/>\n<meta property=\"og:site_name\" content=\"Gym Factory\" \/>\n<meta property=\"og:image\" content=\"https:\/\/gymfactory.eu\/wp-content\/uploads\/2025\/04\/T1-TRX-SFrame-Black-1.webp\" \/>\n\t<meta property=\"og:image:width\" content=\"600\" \/>\n\t<meta property=\"og:image:height\" content=\"600\" \/>\n\t<meta property=\"og:image:type\" content=\"image\/webp\" \/>\n<meta name=\"twitter:card\" content=\"summary_large_image\" \/>\n<meta name=\"twitter:label1\" content=\"Dur\u00e9e de lecture estim\u00e9e\" \/>\n\t<meta name=\"twitter:data1\" content=\"1 minute\" \/>\n<script type=\"application\/ld+json\" class=\"yoast-schema-graph\">{\"@context\":\"https:\/\/schema.org\",\"@graph\":[{\"@type\":\"WebPage\",\"@id\":\"https:\/\/gymfactory.eu\/fr\/produit\/structure-trx-s-frame-t1\/\",\"url\":\"https:\/\/gymfactory.eu\/fr\/produit\/structure-trx-s-frame-t1\/\",\"name\":\"Structure de Suspension TRX S-Frame T1 pour Entra\u00eenement Full Body\",\"isPartOf\":{\"@id\":\"https:\/\/gymfactory.eu\/fr\/#website\"},\"primaryImageOfPage\":{\"@id\":\"https:\/\/gymfactory.eu\/fr\/produit\/structure-trx-s-frame-t1\/#primaryimage\"},\"image\":{\"@id\":\"https:\/\/gymfactory.eu\/fr\/produit\/structure-trx-s-frame-t1\/#primaryimage\"},\"thumbnailUrl\":\"https:\/\/gymfactory.eu\/wp-content\/uploads\/2025\/04\/T1-TRX-SFrame-Black-1.webp\",\"datePublished\":\"2025-04-30T08:58:15+00:00\",\"description\":\"Structure TRX S-Frame robuste avec une structure en acier de haute qualit\u00e9, parfaite pour l'ext\u00e9rieur ou l'int\u00e9rieur. Permet des entra\u00eenements full body performants.\",\"breadcrumb\":{\"@id\":\"https:\/\/gymfactory.eu\/fr\/produit\/structure-trx-s-frame-t1\/#breadcrumb\"},\"inLanguage\":\"fr-FR\",\"potentialAction\":[{\"@type\":\"ReadAction\",\"target\":[\"https:\/\/gymfactory.eu\/fr\/produit\/structure-trx-s-frame-t1\/\"]}]},{\"@type\":\"ImageObject\",\"inLanguage\":\"fr-FR\",\"@id\":\"https:\/\/gymfactory.eu\/fr\/produit\/structure-trx-s-frame-t1\/#primaryimage\",\"url\":\"https:\/\/gymfactory.eu\/wp-content\/uploads\/2025\/04\/T1-TRX-SFrame-Black-1.webp\",\"contentUrl\":\"https:\/\/gymfactory.eu\/wp-content\/uploads\/2025\/04\/T1-TRX-SFrame-Black-1.webp\",\"width\":600,\"height\":600,\"caption\":\"Black T1 TRX S-Frame structure designed for suspension training and functional fitness, ideal for performing various exercises during a workout for full body.\"},{\"@type\":\"BreadcrumbList\",\"@id\":\"https:\/\/gymfactory.eu\/fr\/produit\/structure-trx-s-frame-t1\/#breadcrumb\",\"itemListElement\":[{\"@type\":\"ListItem\",\"position\":1,\"name\":\"Home\",\"item\":\"https:\/\/gymfactory.eu\/fr\/page-principale\/\"},{\"@type\":\"ListItem\",\"position\":2,\"name\":\"Catalogue\",\"item\":\"https:\/\/gymfactory.eu\/fr\/catalogue-2\/\"},{\"@type\":\"ListItem\",\"position\":3,\"name\":\"Structure TRX S-Frame T1\"}]},{\"@type\":\"WebSite\",\"@id\":\"https:\/\/gymfactory.eu\/fr\/#website\",\"url\":\"https:\/\/gymfactory.eu\/fr\/\",\"name\":\"Gym Factory\",\"description\":\"\",\"publisher\":{\"@id\":\"https:\/\/gymfactory.eu\/fr\/#organization\"},\"potentialAction\":[{\"@type\":\"SearchAction\",\"target\":{\"@type\":\"EntryPoint\",\"urlTemplate\":\"https:\/\/gymfactory.eu\/fr\/?s={search_term_string}\"},\"query-input\":{\"@type\":\"PropertyValueSpecification\",\"valueRequired\":true,\"valueName\":\"search_term_string\"}}],\"inLanguage\":\"fr-FR\"},{\"@type\":\"Organization\",\"@id\":\"https:\/\/gymfactory.eu\/fr\/#organization\",\"name\":\"Gym Factory\",\"url\":\"https:\/\/gymfactory.eu\/fr\/\",\"logo\":{\"@type\":\"ImageObject\",\"inLanguage\":\"fr-FR\",\"@id\":\"https:\/\/gymfactory.eu\/fr\/#\/schema\/logo\/image\/\",\"url\":\"https:\/\/gymfactory.eu\/wp-content\/uploads\/2024\/11\/Component-1.svg\",\"contentUrl\":\"https:\/\/gymfactory.eu\/wp-content\/uploads\/2024\/11\/Component-1.svg\",\"width\":54,\"height\":44,\"caption\":\"Gym Factory\"},\"image\":{\"@id\":\"https:\/\/gymfactory.eu\/fr\/#\/schema\/logo\/image\/\"}}]}<\/script>\n<!-- \/ Yoast SEO plugin. -->","yoast_head_json":{"title":"Structure de Suspension TRX S-Frame T1 pour Entra\u00eenement Full Body","description":"Structure TRX S-Frame robuste avec une structure en acier de haute qualit\u00e9, parfaite pour l'ext\u00e9rieur ou l'int\u00e9rieur. Permet des entra\u00eenements full body performants.","robots":{"index":"index","follow":"follow","max-snippet":"max-snippet:-1","max-image-preview":"max-image-preview:large","max-video-preview":"max-video-preview:-1"},"canonical":"https:\/\/gymfactory.eu\/fr\/produit\/structure-trx-s-frame-t1\/","og_locale":"fr_FR","og_type":"article","og_title":"Structure de Suspension TRX S-Frame T1 pour Entra\u00eenement Full Body","og_description":"Structure TRX S-Frame robuste avec une structure en acier de haute qualit\u00e9, parfaite pour l'ext\u00e9rieur ou l'int\u00e9rieur. Permet des entra\u00eenements full body performants.","og_url":"https:\/\/gymfactory.eu\/fr\/produit\/structure-trx-s-frame-t1\/","og_site_name":"Gym Factory","og_image":[{"width":600,"height":600,"url":"https:\/\/gymfactory.eu\/wp-content\/uploads\/2025\/04\/T1-TRX-SFrame-Black-1.webp","type":"image\/webp"}],"twitter_card":"summary_large_image","twitter_misc":{"Dur\u00e9e de lecture estim\u00e9e":"1 minute"},"schema":{"@context":"https:\/\/schema.org","@graph":[{"@type":"WebPage","@id":"https:\/\/gymfactory.eu\/fr\/produit\/structure-trx-s-frame-t1\/","url":"https:\/\/gymfactory.eu\/fr\/produit\/structure-trx-s-frame-t1\/","name":"Structure de Suspension TRX S-Frame T1 pour Entra\u00eenement Full Body","isPartOf":{"@id":"https:\/\/gymfactory.eu\/fr\/#website"},"primaryImageOfPage":{"@id":"https:\/\/gymfactory.eu\/fr\/produit\/structure-trx-s-frame-t1\/#primaryimage"},"image":{"@id":"https:\/\/gymfactory.eu\/fr\/produit\/structure-trx-s-frame-t1\/#primaryimage"},"thumbnailUrl":"https:\/\/gymfactory.eu\/wp-content\/uploads\/2025\/04\/T1-TRX-SFrame-Black-1.webp","datePublished":"2025-04-30T08:58:15+00:00","description":"Structure TRX S-Frame robuste avec une structure en acier de haute qualit\u00e9, parfaite pour l'ext\u00e9rieur ou l'int\u00e9rieur. Permet des entra\u00eenements full body performants.","breadcrumb":{"@id":"https:\/\/gymfactory.eu\/fr\/produit\/structure-trx-s-frame-t1\/#breadcrumb"},"inLanguage":"fr-FR","potentialAction":[{"@type":"ReadAction","target":["https:\/\/gymfactory.eu\/fr\/produit\/structure-trx-s-frame-t1\/"]}]},{"@type":"ImageObject","inLanguage":"fr-FR","@id":"https:\/\/gymfactory.eu\/fr\/produit\/structure-trx-s-frame-t1\/#primaryimage","url":"https:\/\/gymfactory.eu\/wp-content\/uploads\/2025\/04\/T1-TRX-SFrame-Black-1.webp","contentUrl":"https:\/\/gymfactory.eu\/wp-content\/uploads\/2025\/04\/T1-TRX-SFrame-Black-1.webp","width":600,"height":600,"caption":"Black T1 TRX S-Frame structure designed for suspension training and functional fitness, ideal for performing various exercises during a workout for full body."},{"@type":"BreadcrumbList","@id":"https:\/\/gymfactory.eu\/fr\/produit\/structure-trx-s-frame-t1\/#breadcrumb","itemListElement":[{"@type":"ListItem","position":1,"name":"Home","item":"https:\/\/gymfactory.eu\/fr\/page-principale\/"},{"@type":"ListItem","position":2,"name":"Catalogue","item":"https:\/\/gymfactory.eu\/fr\/catalogue-2\/"},{"@type":"ListItem","position":3,"name":"Structure TRX S-Frame T1"}]},{"@type":"WebSite","@id":"https:\/\/gymfactory.eu\/fr\/#website","url":"https:\/\/gymfactory.eu\/fr\/","name":"Gym Factory","description":"","publisher":{"@id":"https:\/\/gymfactory.eu\/fr\/#organization"},"potentialAction":[{"@type":"SearchAction","target":{"@type":"EntryPoint","urlTemplate":"https:\/\/gymfactory.eu\/fr\/?s={search_term_string}"},"query-input":{"@type":"PropertyValueSpecification","valueRequired":true,"valueName":"search_term_string"}}],"inLanguage":"fr-FR"},{"@type":"Organization","@id":"https:\/\/gymfactory.eu\/fr\/#organization","name":"Gym Factory","url":"https:\/\/gymfactory.eu\/fr\/","logo":{"@type":"ImageObject","inLanguage":"fr-FR","@id":"https:\/\/gymfactory.eu\/fr\/#\/schema\/logo\/image\/","url":"https:\/\/gymfactory.eu\/wp-content\/uploads\/2024\/11\/Component-1.svg","contentUrl":"https:\/\/gymfactory.eu\/wp-content\/uploads\/2024\/11\/Component-1.svg","width":54,"height":44,"caption":"Gym Factory"},"image":{"@id":"https:\/\/gymfactory.eu\/fr\/#\/schema\/logo\/image\/"}}]}},"_links":{"self":[{"href":"https:\/\/gymfactory.eu\/fr\/wp-json\/wp\/v2\/product\/30242","targetHints":{"allow":["GET"]}}],"collection":[{"href":"https:\/\/gymfactory.eu\/fr\/wp-json\/wp\/v2\/product"}],"about":[{"href":"https:\/\/gymfactory.eu\/fr\/wp-json\/wp\/v2\/types\/product"}],"wp:featuredmedia":[{"embeddable":true,"href":"https:\/\/gymfactory.eu\/fr\/wp-json\/wp\/v2\/media\/30243"}],"wp:attachment":[{"href":"https:\/\/gymfactory.eu\/fr\/wp-json\/wp\/v2\/media?parent=30242"}],"wp:term":[{"taxonomy":"product_brand","embeddable":true,"href":"https:\/\/gymfactory.eu\/fr\/wp-json\/wp\/v2\/product_brand?post=30242"},{"taxonomy":"product_cat","embeddable":true,"href":"https:\/\/gymfactory.eu\/fr\/wp-json\/wp\/v2\/product_cat?post=30242"},{"taxonomy":"product_tag","embeddable":true,"href":"https:\/\/gymfactory.eu\/fr\/wp-json\/wp\/v2\/product_tag?post=30242"}],"curies":[{"name":"wp","href":"https:\/\/api.w.org\/{rel}","templated":true}]}}