{"id":30238,"date":"2025-04-29T15:38:53","date_gmt":"2025-04-29T12:38:53","guid":{"rendered":"https:\/\/gymfactory.eu\/product\/ventilateur-v5\/"},"modified":"2025-04-29T15:38:53","modified_gmt":"2025-04-29T12:38:53","slug":"ventilateur-v5","status":"publish","type":"product","link":"https:\/\/gymfactory.eu\/fr\/produit\/ventilateur-v5\/","title":{"rendered":"Ventilateur V5"},"content":{"rendered":"<p>Le Ventilateur V5 est con\u00e7u pour fournir un flux d&rsquo;air puissant et r\u00e9glable pour les grands espaces int\u00e9rieurs tels que les salles de sport commerciales (commercial gyms). Il est \u00e9quip\u00e9 d&rsquo;un moteur de 3000W fonctionnant \u00e0 1000 tr\/min, assurant une circulation d&rsquo;air constante pendant les s\u00e9ances d&rsquo;entra\u00eenement intenses ou dans les zones \u00e0 fort trafic. <\/p>\n<p>Le ventilateur dispose de pales en aluminium durables, d&rsquo;un cadre en acier et de roues verrouillables, ce qui le rend facile \u00e0 d\u00e9placer et \u00e0 positionner en toute s\u00e9curit\u00e9 selon les besoins. Le panneau de commande permet de r\u00e9gler la vitesse par paliers de pourcentage, offre des param\u00e8tres programmables et comprend un bouton d&rsquo;arr\u00eat d&rsquo;urgence pour plus de s\u00e9curit\u00e9. <\/p>\n<p>Con\u00e7u pour les environnements exigeants, le Ventilateur V5 int\u00e8gre une protection contre les surcharges et un panneau de commande verrouillable, garantissant un fonctionnement s\u00fbr et fiable dans le temps.<\/p>\n\n    <div class=\"xs_social_share_widget xs_share_url after_content \t\tmain_content  wslu-style-1 wslu-share-box-shaped wslu-fill-colored wslu-none wslu-share-horizontal wslu-theme-font-no wslu-main_content\">\n\n\t\t\n        <ul>\n\t\t\t        <\/ul>\n    <\/div> \n","protected":false},"excerpt":{"rendered":"<p>Le Ventilateur V5 est con\u00e7u pour fournir un flux d&rsquo;air puissant et r\u00e9glable pour les grands espaces int\u00e9rieurs tels que les salles de sport commerciales (commercial gyms). Il est \u00e9quip\u00e9 d&rsquo;un moteur de 3000W fonctionnant \u00e0 1000 tr\/min, assurant une circulation d&rsquo;air constante pendant les s\u00e9ances d&rsquo;entra\u00eenement intenses ou dans les zones \u00e0 fort trafic. [&hellip;]<\/p>\n","protected":false},"featured_media":30239,"template":"","meta":{"_acf_changed":false},"product_brand":[56],"product_cat":[830],"product_tag":[857],"class_list":{"0":"post-30238","1":"product","2":"type-product","3":"status-publish","4":"has-post-thumbnail","6":"product_brand-gym-factory","7":"product_cat-autres-equipements-de-salle-de-sport","8":"product_tag-couleur-metal-uniquement","10":"first","11":"onbackorder","12":"taxable","13":"shipping-taxable","14":"purchasable","15":"product-type-variable","16":"has-default-attributes"},"acf":[],"yoast_head":"<!-- This site is optimized with the Yoast SEO plugin v25.2 - https:\/\/yoast.com\/wordpress\/plugins\/seo\/ -->\n<title>Ventilateur V5 | \u00c9quipement de Salle de Sport Commerciale Haute Performance<\/title>\n<meta name=\"description\" content=\"Le Ventilateur V5 est un \u00e9quipement de sport professionnel (commercial gym equipment) haute performance offrant un flux d&#039;air puissant, une vitesse r\u00e9glable et des fonctions de s\u00e9curit\u00e9 pour rafra\u00eechir les grands espaces d&#039;entra\u00eenement.\" \/>\n<meta name=\"robots\" content=\"index, follow, max-snippet:-1, max-image-preview:large, max-video-preview:-1\" \/>\n<link rel=\"canonical\" href=\"https:\/\/gymfactory.eu\/fr\/produit\/ventilateur-v5\/\" \/>\n<meta property=\"og:locale\" content=\"fr_FR\" \/>\n<meta property=\"og:type\" content=\"article\" \/>\n<meta property=\"og:title\" content=\"Ventilateur V5 | \u00c9quipement de Salle de Sport Commerciale Haute Performance\" \/>\n<meta property=\"og:description\" content=\"Le Ventilateur V5 est un \u00e9quipement de sport professionnel (commercial gym equipment) haute performance offrant un flux d&#039;air puissant, une vitesse r\u00e9glable et des fonctions de s\u00e9curit\u00e9 pour rafra\u00eechir les grands espaces d&#039;entra\u00eenement.\" \/>\n<meta property=\"og:url\" content=\"https:\/\/gymfactory.eu\/fr\/produit\/ventilateur-v5\/\" \/>\n<meta property=\"og:site_name\" content=\"Gym Factory\" \/>\n<meta property=\"og:image\" content=\"https:\/\/gymfactory.eu\/wp-content\/uploads\/2025\/04\/V5-Gym-Fan.webp\" \/>\n\t<meta property=\"og:image:width\" content=\"1500\" \/>\n\t<meta property=\"og:image:height\" content=\"1500\" \/>\n\t<meta property=\"og:image:type\" content=\"image\/webp\" \/>\n<meta name=\"twitter:card\" content=\"summary_large_image\" \/>\n<meta name=\"twitter:label1\" content=\"Dur\u00e9e de lecture estim\u00e9e\" \/>\n\t<meta name=\"twitter:data1\" content=\"1 minute\" \/>\n<script type=\"application\/ld+json\" class=\"yoast-schema-graph\">{\"@context\":\"https:\/\/schema.org\",\"@graph\":[{\"@type\":\"WebPage\",\"@id\":\"https:\/\/gymfactory.eu\/fr\/produit\/ventilateur-v5\/\",\"url\":\"https:\/\/gymfactory.eu\/fr\/produit\/ventilateur-v5\/\",\"name\":\"Ventilateur V5 | \u00c9quipement de Salle de Sport Commerciale Haute Performance\",\"isPartOf\":{\"@id\":\"https:\/\/gymfactory.eu\/fr\/#website\"},\"primaryImageOfPage\":{\"@id\":\"https:\/\/gymfactory.eu\/fr\/produit\/ventilateur-v5\/#primaryimage\"},\"image\":{\"@id\":\"https:\/\/gymfactory.eu\/fr\/produit\/ventilateur-v5\/#primaryimage\"},\"thumbnailUrl\":\"https:\/\/gymfactory.eu\/wp-content\/uploads\/2025\/04\/V5-Gym-Fan.webp\",\"datePublished\":\"2025-04-29T12:38:53+00:00\",\"description\":\"Le Ventilateur V5 est un \u00e9quipement de sport professionnel (commercial gym equipment) haute performance offrant un flux d'air puissant, une vitesse r\u00e9glable et des fonctions de s\u00e9curit\u00e9 pour rafra\u00eechir les grands espaces d'entra\u00eenement.\",\"breadcrumb\":{\"@id\":\"https:\/\/gymfactory.eu\/fr\/produit\/ventilateur-v5\/#breadcrumb\"},\"inLanguage\":\"fr-FR\",\"potentialAction\":[{\"@type\":\"ReadAction\",\"target\":[\"https:\/\/gymfactory.eu\/fr\/produit\/ventilateur-v5\/\"]}]},{\"@type\":\"ImageObject\",\"inLanguage\":\"fr-FR\",\"@id\":\"https:\/\/gymfactory.eu\/fr\/produit\/ventilateur-v5\/#primaryimage\",\"url\":\"https:\/\/gymfactory.eu\/wp-content\/uploads\/2025\/04\/V5-Gym-Fan.webp\",\"contentUrl\":\"https:\/\/gymfactory.eu\/wp-content\/uploads\/2025\/04\/V5-Gym-Fan.webp\",\"width\":1500,\"height\":1500,\"caption\":\"V5 Fan commercial gym equipment featuring a high-performance aluminum blade system enclosed in a sturdy metal cage, mounted on a wheeled base with a control panel.\"},{\"@type\":\"BreadcrumbList\",\"@id\":\"https:\/\/gymfactory.eu\/fr\/produit\/ventilateur-v5\/#breadcrumb\",\"itemListElement\":[{\"@type\":\"ListItem\",\"position\":1,\"name\":\"Home\",\"item\":\"https:\/\/gymfactory.eu\/fr\/\"},{\"@type\":\"ListItem\",\"position\":2,\"name\":\"Catalogue\",\"item\":\"https:\/\/gymfactory.eu\/catalogue\/\"},{\"@type\":\"ListItem\",\"position\":3,\"name\":\"Ventilateur V5\"}]},{\"@type\":\"WebSite\",\"@id\":\"https:\/\/gymfactory.eu\/fr\/#website\",\"url\":\"https:\/\/gymfactory.eu\/fr\/\",\"name\":\"Gym Factory\",\"description\":\"\",\"publisher\":{\"@id\":\"https:\/\/gymfactory.eu\/fr\/#organization\"},\"potentialAction\":[{\"@type\":\"SearchAction\",\"target\":{\"@type\":\"EntryPoint\",\"urlTemplate\":\"https:\/\/gymfactory.eu\/fr\/?s={search_term_string}\"},\"query-input\":{\"@type\":\"PropertyValueSpecification\",\"valueRequired\":true,\"valueName\":\"search_term_string\"}}],\"inLanguage\":\"fr-FR\"},{\"@type\":\"Organization\",\"@id\":\"https:\/\/gymfactory.eu\/fr\/#organization\",\"name\":\"Gym Factory\",\"url\":\"https:\/\/gymfactory.eu\/fr\/\",\"logo\":{\"@type\":\"ImageObject\",\"inLanguage\":\"fr-FR\",\"@id\":\"https:\/\/gymfactory.eu\/fr\/#\/schema\/logo\/image\/\",\"url\":\"https:\/\/gymfactory.eu\/wp-content\/uploads\/2024\/11\/Component-1.svg\",\"contentUrl\":\"https:\/\/gymfactory.eu\/wp-content\/uploads\/2024\/11\/Component-1.svg\",\"width\":54,\"height\":44,\"caption\":\"Gym Factory\"},\"image\":{\"@id\":\"https:\/\/gymfactory.eu\/fr\/#\/schema\/logo\/image\/\"}}]}<\/script>\n<!-- \/ Yoast SEO plugin. -->","yoast_head_json":{"title":"Ventilateur V5 | \u00c9quipement de Salle de Sport Commerciale Haute Performance","description":"Le Ventilateur V5 est un \u00e9quipement de sport professionnel (commercial gym equipment) haute performance offrant un flux d'air puissant, une vitesse r\u00e9glable et des fonctions de s\u00e9curit\u00e9 pour rafra\u00eechir les grands espaces d'entra\u00eenement.","robots":{"index":"index","follow":"follow","max-snippet":"max-snippet:-1","max-image-preview":"max-image-preview:large","max-video-preview":"max-video-preview:-1"},"canonical":"https:\/\/gymfactory.eu\/fr\/produit\/ventilateur-v5\/","og_locale":"fr_FR","og_type":"article","og_title":"Ventilateur V5 | \u00c9quipement de Salle de Sport Commerciale Haute Performance","og_description":"Le Ventilateur V5 est un \u00e9quipement de sport professionnel (commercial gym equipment) haute performance offrant un flux d'air puissant, une vitesse r\u00e9glable et des fonctions de s\u00e9curit\u00e9 pour rafra\u00eechir les grands espaces d'entra\u00eenement.","og_url":"https:\/\/gymfactory.eu\/fr\/produit\/ventilateur-v5\/","og_site_name":"Gym Factory","og_image":[{"width":1500,"height":1500,"url":"https:\/\/gymfactory.eu\/wp-content\/uploads\/2025\/04\/V5-Gym-Fan.webp","type":"image\/webp"}],"twitter_card":"summary_large_image","twitter_misc":{"Dur\u00e9e de lecture estim\u00e9e":"1 minute"},"schema":{"@context":"https:\/\/schema.org","@graph":[{"@type":"WebPage","@id":"https:\/\/gymfactory.eu\/fr\/produit\/ventilateur-v5\/","url":"https:\/\/gymfactory.eu\/fr\/produit\/ventilateur-v5\/","name":"Ventilateur V5 | \u00c9quipement de Salle de Sport Commerciale Haute Performance","isPartOf":{"@id":"https:\/\/gymfactory.eu\/fr\/#website"},"primaryImageOfPage":{"@id":"https:\/\/gymfactory.eu\/fr\/produit\/ventilateur-v5\/#primaryimage"},"image":{"@id":"https:\/\/gymfactory.eu\/fr\/produit\/ventilateur-v5\/#primaryimage"},"thumbnailUrl":"https:\/\/gymfactory.eu\/wp-content\/uploads\/2025\/04\/V5-Gym-Fan.webp","datePublished":"2025-04-29T12:38:53+00:00","description":"Le Ventilateur V5 est un \u00e9quipement de sport professionnel (commercial gym equipment) haute performance offrant un flux d'air puissant, une vitesse r\u00e9glable et des fonctions de s\u00e9curit\u00e9 pour rafra\u00eechir les grands espaces d'entra\u00eenement.","breadcrumb":{"@id":"https:\/\/gymfactory.eu\/fr\/produit\/ventilateur-v5\/#breadcrumb"},"inLanguage":"fr-FR","potentialAction":[{"@type":"ReadAction","target":["https:\/\/gymfactory.eu\/fr\/produit\/ventilateur-v5\/"]}]},{"@type":"ImageObject","inLanguage":"fr-FR","@id":"https:\/\/gymfactory.eu\/fr\/produit\/ventilateur-v5\/#primaryimage","url":"https:\/\/gymfactory.eu\/wp-content\/uploads\/2025\/04\/V5-Gym-Fan.webp","contentUrl":"https:\/\/gymfactory.eu\/wp-content\/uploads\/2025\/04\/V5-Gym-Fan.webp","width":1500,"height":1500,"caption":"V5 Fan commercial gym equipment featuring a high-performance aluminum blade system enclosed in a sturdy metal cage, mounted on a wheeled base with a control panel."},{"@type":"BreadcrumbList","@id":"https:\/\/gymfactory.eu\/fr\/produit\/ventilateur-v5\/#breadcrumb","itemListElement":[{"@type":"ListItem","position":1,"name":"Home","item":"https:\/\/gymfactory.eu\/fr\/"},{"@type":"ListItem","position":2,"name":"Catalogue","item":"https:\/\/gymfactory.eu\/catalogue\/"},{"@type":"ListItem","position":3,"name":"Ventilateur V5"}]},{"@type":"WebSite","@id":"https:\/\/gymfactory.eu\/fr\/#website","url":"https:\/\/gymfactory.eu\/fr\/","name":"Gym Factory","description":"","publisher":{"@id":"https:\/\/gymfactory.eu\/fr\/#organization"},"potentialAction":[{"@type":"SearchAction","target":{"@type":"EntryPoint","urlTemplate":"https:\/\/gymfactory.eu\/fr\/?s={search_term_string}"},"query-input":{"@type":"PropertyValueSpecification","valueRequired":true,"valueName":"search_term_string"}}],"inLanguage":"fr-FR"},{"@type":"Organization","@id":"https:\/\/gymfactory.eu\/fr\/#organization","name":"Gym Factory","url":"https:\/\/gymfactory.eu\/fr\/","logo":{"@type":"ImageObject","inLanguage":"fr-FR","@id":"https:\/\/gymfactory.eu\/fr\/#\/schema\/logo\/image\/","url":"https:\/\/gymfactory.eu\/wp-content\/uploads\/2024\/11\/Component-1.svg","contentUrl":"https:\/\/gymfactory.eu\/wp-content\/uploads\/2024\/11\/Component-1.svg","width":54,"height":44,"caption":"Gym Factory"},"image":{"@id":"https:\/\/gymfactory.eu\/fr\/#\/schema\/logo\/image\/"}}]}},"_links":{"self":[{"href":"https:\/\/gymfactory.eu\/fr\/wp-json\/wp\/v2\/product\/30238","targetHints":{"allow":["GET"]}}],"collection":[{"href":"https:\/\/gymfactory.eu\/fr\/wp-json\/wp\/v2\/product"}],"about":[{"href":"https:\/\/gymfactory.eu\/fr\/wp-json\/wp\/v2\/types\/product"}],"wp:featuredmedia":[{"embeddable":true,"href":"https:\/\/gymfactory.eu\/fr\/wp-json\/wp\/v2\/media\/30239"}],"wp:attachment":[{"href":"https:\/\/gymfactory.eu\/fr\/wp-json\/wp\/v2\/media?parent=30238"}],"wp:term":[{"taxonomy":"product_brand","embeddable":true,"href":"https:\/\/gymfactory.eu\/fr\/wp-json\/wp\/v2\/product_brand?post=30238"},{"taxonomy":"product_cat","embeddable":true,"href":"https:\/\/gymfactory.eu\/fr\/wp-json\/wp\/v2\/product_cat?post=30238"},{"taxonomy":"product_tag","embeddable":true,"href":"https:\/\/gymfactory.eu\/fr\/wp-json\/wp\/v2\/product_tag?post=30238"}],"curies":[{"name":"wp","href":"https:\/\/api.w.org\/{rel}","templated":true}]}}