{"id":30220,"date":"2025-04-29T11:01:30","date_gmt":"2025-04-29T08:01:30","guid":{"rendered":"https:\/\/gymfactory.eu\/product\/rack-b2x\/"},"modified":"2025-04-29T11:01:30","modified_gmt":"2025-04-29T08:01:30","slug":"rack-b2x","status":"publish","type":"product","link":"https:\/\/gymfactory.eu\/fr\/produit\/rack-b2x\/","title":{"rendered":"Rack B2X"},"content":{"rendered":"<p>Le Rack B2X est un rack pour barre de musculation robuste, con\u00e7u pour supporter une vari\u00e9t\u00e9 d&rsquo;exercices de renforcement musculaire. Fabriqu\u00e9 en acier durable, il est adapt\u00e9 \u00e0 une utilisation r\u00e9guli\u00e8re dans les salles de sport \u00e0 domicile (home gym) et professionnelles. <\/p>\n<p>Le rack comprend deux supports de barre (J-cups) qui peuvent \u00eatre mont\u00e9s \u00e0 plusieurs hauteurs gr\u00e2ce \u00e0 un syst\u00e8me de r\u00e9glage vertical. Cela permet aux utilisateurs de positionner la barre en fonction des diff\u00e9rents besoins d&rsquo;exercice tels que les squats, les d\u00e9velopp\u00e9s au-dessus de la t\u00eate (overhead presses) ou les tirages partiels (rack pulls). <\/p>\n<p>Le Rack B2X offre une installation fiable et r\u00e9glable pour un entra\u00eenement de force s\u00fbr et efficace avec des poids libres.<\/p>\n<p>Pour une utilisation optimale de ce rack, envisagez d&rsquo;ajouter une barre de musculation compatible telle que la <a href=\"https:\/\/gymfactory.eu\/product\/z03g1-olympic-barbell\/\">Barre Olympique Z03G1<\/a> ou la <a href=\"https:\/\/gymfactory.eu\/product\/z03g-olympic-barbell\/\">Barre Olympique Z03G<\/a>.<\/p>\n\n    <div class=\"xs_social_share_widget xs_share_url after_content \t\tmain_content  wslu-style-1 wslu-share-box-shaped wslu-fill-colored wslu-none wslu-share-horizontal wslu-theme-font-no wslu-main_content\">\n\n\t\t\n        <ul>\n\t\t\t        <\/ul>\n    <\/div> \n","protected":false},"excerpt":{"rendered":"<p>Le Rack B2X est un rack pour barre de musculation robuste, con\u00e7u pour supporter une vari\u00e9t\u00e9 d&rsquo;exercices de renforcement musculaire. Fabriqu\u00e9 en acier durable, il est adapt\u00e9 \u00e0 une utilisation r\u00e9guli\u00e8re dans les salles de sport \u00e0 domicile (home gym) et professionnelles. Le rack comprend deux supports de barre (J-cups) qui peuvent \u00eatre mont\u00e9s \u00e0 [&hellip;]<\/p>\n","protected":false},"featured_media":30221,"template":"","meta":{"_acf_changed":false},"product_brand":[56],"product_cat":[833],"product_tag":[857],"class_list":{"0":"post-30220","1":"product","2":"type-product","3":"status-publish","4":"has-post-thumbnail","6":"product_brand-gym-factory","7":"product_cat-racks-de-musculation","8":"product_tag-couleur-metal-uniquement","10":"first","11":"onbackorder","12":"taxable","13":"shipping-taxable","14":"purchasable","15":"product-type-variable","16":"has-default-attributes"},"acf":[],"yoast_head":"<!-- This site is optimized with the Yoast SEO plugin v25.2 - https:\/\/yoast.com\/wordpress\/plugins\/seo\/ -->\n<title>Rack B2X \u2013 \u00c9quipement de Musculation Premium pour le Renforcement Musculaire<\/title>\n<meta name=\"description\" content=\"D\u00e9couvrez le Rack B2X \u2013 un \u00e9quipement de musculation durable con\u00e7u pour les exercices de renforcement musculaire (strength-training exercises) et les entra\u00eenements complets. Parfait pour la maison et les salles pro.\" \/>\n<meta name=\"robots\" content=\"index, follow, max-snippet:-1, max-image-preview:large, max-video-preview:-1\" \/>\n<link rel=\"canonical\" href=\"https:\/\/gymfactory.eu\/fr\/produit\/rack-b2x\/\" \/>\n<meta property=\"og:locale\" content=\"fr_FR\" \/>\n<meta property=\"og:type\" content=\"article\" \/>\n<meta property=\"og:title\" content=\"Rack B2X \u2013 \u00c9quipement de Musculation Premium pour le Renforcement Musculaire\" \/>\n<meta property=\"og:description\" content=\"D\u00e9couvrez le Rack B2X \u2013 un \u00e9quipement de musculation durable con\u00e7u pour les exercices de renforcement musculaire (strength-training exercises) et les entra\u00eenements complets. Parfait pour la maison et les salles pro.\" \/>\n<meta property=\"og:url\" content=\"https:\/\/gymfactory.eu\/fr\/produit\/rack-b2x\/\" \/>\n<meta property=\"og:site_name\" content=\"Gym Factory\" \/>\n<meta property=\"og:image\" content=\"https:\/\/gymfactory.eu\/wp-content\/uploads\/2025\/04\/B2X-Rack.webp\" \/>\n\t<meta property=\"og:image:width\" content=\"1500\" \/>\n\t<meta property=\"og:image:height\" content=\"1500\" \/>\n\t<meta property=\"og:image:type\" content=\"image\/webp\" \/>\n<meta name=\"twitter:card\" content=\"summary_large_image\" \/>\n<meta name=\"twitter:label1\" content=\"Dur\u00e9e de lecture estim\u00e9e\" \/>\n\t<meta name=\"twitter:data1\" content=\"1 minute\" \/>\n<script type=\"application\/ld+json\" class=\"yoast-schema-graph\">{\"@context\":\"https:\/\/schema.org\",\"@graph\":[{\"@type\":\"WebPage\",\"@id\":\"https:\/\/gymfactory.eu\/fr\/produit\/rack-b2x\/\",\"url\":\"https:\/\/gymfactory.eu\/fr\/produit\/rack-b2x\/\",\"name\":\"Rack B2X \u2013 \u00c9quipement de Musculation Premium pour le Renforcement Musculaire\",\"isPartOf\":{\"@id\":\"https:\/\/gymfactory.eu\/fr\/#website\"},\"primaryImageOfPage\":{\"@id\":\"https:\/\/gymfactory.eu\/fr\/produit\/rack-b2x\/#primaryimage\"},\"image\":{\"@id\":\"https:\/\/gymfactory.eu\/fr\/produit\/rack-b2x\/#primaryimage\"},\"thumbnailUrl\":\"https:\/\/gymfactory.eu\/wp-content\/uploads\/2025\/04\/B2X-Rack.webp\",\"datePublished\":\"2025-04-29T08:01:30+00:00\",\"description\":\"D\u00e9couvrez le Rack B2X \u2013 un \u00e9quipement de musculation durable con\u00e7u pour les exercices de renforcement musculaire (strength-training exercises) et les entra\u00eenements complets. Parfait pour la maison et les salles pro.\",\"breadcrumb\":{\"@id\":\"https:\/\/gymfactory.eu\/fr\/produit\/rack-b2x\/#breadcrumb\"},\"inLanguage\":\"fr-FR\",\"potentialAction\":[{\"@type\":\"ReadAction\",\"target\":[\"https:\/\/gymfactory.eu\/fr\/produit\/rack-b2x\/\"]}]},{\"@type\":\"ImageObject\",\"inLanguage\":\"fr-FR\",\"@id\":\"https:\/\/gymfactory.eu\/fr\/produit\/rack-b2x\/#primaryimage\",\"url\":\"https:\/\/gymfactory.eu\/wp-content\/uploads\/2025\/04\/B2X-Rack.webp\",\"contentUrl\":\"https:\/\/gymfactory.eu\/wp-content\/uploads\/2025\/04\/B2X-Rack.webp\",\"width\":1500,\"height\":1500,\"caption\":\"Sturdy B2X Rack gym equipment designed for strength-training exercises, featuring a rectangular steel frame with adjustable barbell holders for full-body workouts.\"},{\"@type\":\"BreadcrumbList\",\"@id\":\"https:\/\/gymfactory.eu\/fr\/produit\/rack-b2x\/#breadcrumb\",\"itemListElement\":[{\"@type\":\"ListItem\",\"position\":1,\"name\":\"Home\",\"item\":\"https:\/\/gymfactory.eu\/fr\/page-principale\/\"},{\"@type\":\"ListItem\",\"position\":2,\"name\":\"Catalogue\",\"item\":\"https:\/\/gymfactory.eu\/fr\/catalogue-2\/\"},{\"@type\":\"ListItem\",\"position\":3,\"name\":\"Rack B2X\"}]},{\"@type\":\"WebSite\",\"@id\":\"https:\/\/gymfactory.eu\/fr\/#website\",\"url\":\"https:\/\/gymfactory.eu\/fr\/\",\"name\":\"Gym Factory\",\"description\":\"\",\"publisher\":{\"@id\":\"https:\/\/gymfactory.eu\/fr\/#organization\"},\"potentialAction\":[{\"@type\":\"SearchAction\",\"target\":{\"@type\":\"EntryPoint\",\"urlTemplate\":\"https:\/\/gymfactory.eu\/fr\/?s={search_term_string}\"},\"query-input\":{\"@type\":\"PropertyValueSpecification\",\"valueRequired\":true,\"valueName\":\"search_term_string\"}}],\"inLanguage\":\"fr-FR\"},{\"@type\":\"Organization\",\"@id\":\"https:\/\/gymfactory.eu\/fr\/#organization\",\"name\":\"Gym Factory\",\"url\":\"https:\/\/gymfactory.eu\/fr\/\",\"logo\":{\"@type\":\"ImageObject\",\"inLanguage\":\"fr-FR\",\"@id\":\"https:\/\/gymfactory.eu\/fr\/#\/schema\/logo\/image\/\",\"url\":\"https:\/\/gymfactory.eu\/wp-content\/uploads\/2024\/11\/Component-1.svg\",\"contentUrl\":\"https:\/\/gymfactory.eu\/wp-content\/uploads\/2024\/11\/Component-1.svg\",\"width\":54,\"height\":44,\"caption\":\"Gym Factory\"},\"image\":{\"@id\":\"https:\/\/gymfactory.eu\/fr\/#\/schema\/logo\/image\/\"}}]}<\/script>\n<!-- \/ Yoast SEO plugin. -->","yoast_head_json":{"title":"Rack B2X \u2013 \u00c9quipement de Musculation Premium pour le Renforcement Musculaire","description":"D\u00e9couvrez le Rack B2X \u2013 un \u00e9quipement de musculation durable con\u00e7u pour les exercices de renforcement musculaire (strength-training exercises) et les entra\u00eenements complets. Parfait pour la maison et les salles pro.","robots":{"index":"index","follow":"follow","max-snippet":"max-snippet:-1","max-image-preview":"max-image-preview:large","max-video-preview":"max-video-preview:-1"},"canonical":"https:\/\/gymfactory.eu\/fr\/produit\/rack-b2x\/","og_locale":"fr_FR","og_type":"article","og_title":"Rack B2X \u2013 \u00c9quipement de Musculation Premium pour le Renforcement Musculaire","og_description":"D\u00e9couvrez le Rack B2X \u2013 un \u00e9quipement de musculation durable con\u00e7u pour les exercices de renforcement musculaire (strength-training exercises) et les entra\u00eenements complets. Parfait pour la maison et les salles pro.","og_url":"https:\/\/gymfactory.eu\/fr\/produit\/rack-b2x\/","og_site_name":"Gym Factory","og_image":[{"width":1500,"height":1500,"url":"https:\/\/gymfactory.eu\/wp-content\/uploads\/2025\/04\/B2X-Rack.webp","type":"image\/webp"}],"twitter_card":"summary_large_image","twitter_misc":{"Dur\u00e9e de lecture estim\u00e9e":"1 minute"},"schema":{"@context":"https:\/\/schema.org","@graph":[{"@type":"WebPage","@id":"https:\/\/gymfactory.eu\/fr\/produit\/rack-b2x\/","url":"https:\/\/gymfactory.eu\/fr\/produit\/rack-b2x\/","name":"Rack B2X \u2013 \u00c9quipement de Musculation Premium pour le Renforcement Musculaire","isPartOf":{"@id":"https:\/\/gymfactory.eu\/fr\/#website"},"primaryImageOfPage":{"@id":"https:\/\/gymfactory.eu\/fr\/produit\/rack-b2x\/#primaryimage"},"image":{"@id":"https:\/\/gymfactory.eu\/fr\/produit\/rack-b2x\/#primaryimage"},"thumbnailUrl":"https:\/\/gymfactory.eu\/wp-content\/uploads\/2025\/04\/B2X-Rack.webp","datePublished":"2025-04-29T08:01:30+00:00","description":"D\u00e9couvrez le Rack B2X \u2013 un \u00e9quipement de musculation durable con\u00e7u pour les exercices de renforcement musculaire (strength-training exercises) et les entra\u00eenements complets. Parfait pour la maison et les salles pro.","breadcrumb":{"@id":"https:\/\/gymfactory.eu\/fr\/produit\/rack-b2x\/#breadcrumb"},"inLanguage":"fr-FR","potentialAction":[{"@type":"ReadAction","target":["https:\/\/gymfactory.eu\/fr\/produit\/rack-b2x\/"]}]},{"@type":"ImageObject","inLanguage":"fr-FR","@id":"https:\/\/gymfactory.eu\/fr\/produit\/rack-b2x\/#primaryimage","url":"https:\/\/gymfactory.eu\/wp-content\/uploads\/2025\/04\/B2X-Rack.webp","contentUrl":"https:\/\/gymfactory.eu\/wp-content\/uploads\/2025\/04\/B2X-Rack.webp","width":1500,"height":1500,"caption":"Sturdy B2X Rack gym equipment designed for strength-training exercises, featuring a rectangular steel frame with adjustable barbell holders for full-body workouts."},{"@type":"BreadcrumbList","@id":"https:\/\/gymfactory.eu\/fr\/produit\/rack-b2x\/#breadcrumb","itemListElement":[{"@type":"ListItem","position":1,"name":"Home","item":"https:\/\/gymfactory.eu\/fr\/page-principale\/"},{"@type":"ListItem","position":2,"name":"Catalogue","item":"https:\/\/gymfactory.eu\/fr\/catalogue-2\/"},{"@type":"ListItem","position":3,"name":"Rack B2X"}]},{"@type":"WebSite","@id":"https:\/\/gymfactory.eu\/fr\/#website","url":"https:\/\/gymfactory.eu\/fr\/","name":"Gym Factory","description":"","publisher":{"@id":"https:\/\/gymfactory.eu\/fr\/#organization"},"potentialAction":[{"@type":"SearchAction","target":{"@type":"EntryPoint","urlTemplate":"https:\/\/gymfactory.eu\/fr\/?s={search_term_string}"},"query-input":{"@type":"PropertyValueSpecification","valueRequired":true,"valueName":"search_term_string"}}],"inLanguage":"fr-FR"},{"@type":"Organization","@id":"https:\/\/gymfactory.eu\/fr\/#organization","name":"Gym Factory","url":"https:\/\/gymfactory.eu\/fr\/","logo":{"@type":"ImageObject","inLanguage":"fr-FR","@id":"https:\/\/gymfactory.eu\/fr\/#\/schema\/logo\/image\/","url":"https:\/\/gymfactory.eu\/wp-content\/uploads\/2024\/11\/Component-1.svg","contentUrl":"https:\/\/gymfactory.eu\/wp-content\/uploads\/2024\/11\/Component-1.svg","width":54,"height":44,"caption":"Gym Factory"},"image":{"@id":"https:\/\/gymfactory.eu\/fr\/#\/schema\/logo\/image\/"}}]}},"_links":{"self":[{"href":"https:\/\/gymfactory.eu\/fr\/wp-json\/wp\/v2\/product\/30220","targetHints":{"allow":["GET"]}}],"collection":[{"href":"https:\/\/gymfactory.eu\/fr\/wp-json\/wp\/v2\/product"}],"about":[{"href":"https:\/\/gymfactory.eu\/fr\/wp-json\/wp\/v2\/types\/product"}],"wp:featuredmedia":[{"embeddable":true,"href":"https:\/\/gymfactory.eu\/fr\/wp-json\/wp\/v2\/media\/30221"}],"wp:attachment":[{"href":"https:\/\/gymfactory.eu\/fr\/wp-json\/wp\/v2\/media?parent=30220"}],"wp:term":[{"taxonomy":"product_brand","embeddable":true,"href":"https:\/\/gymfactory.eu\/fr\/wp-json\/wp\/v2\/product_brand?post=30220"},{"taxonomy":"product_cat","embeddable":true,"href":"https:\/\/gymfactory.eu\/fr\/wp-json\/wp\/v2\/product_cat?post=30220"},{"taxonomy":"product_tag","embeddable":true,"href":"https:\/\/gymfactory.eu\/fr\/wp-json\/wp\/v2\/product_tag?post=30220"}],"curies":[{"name":"wp","href":"https:\/\/api.w.org\/{rel}","templated":true}]}}