{"id":30211,"date":"2025-04-25T17:13:45","date_gmt":"2025-04-25T14:13:45","guid":{"rendered":"https:\/\/gymfactory.eu\/product\/machine-a-hip-thrust-z16xxx\/"},"modified":"2025-04-25T17:13:45","modified_gmt":"2025-04-25T14:13:45","slug":"machine-a-hip-thrust-z16xxx","status":"publish","type":"product","link":"https:\/\/gymfactory.eu\/fr\/produit\/machine-a-hip-thrust-z16xxx\/","title":{"rendered":"Machine \u00e0 Hip Thrust Z16XXX"},"content":{"rendered":"<p>La Machine \u00e0 Hip Thrust Z16XXX (Hip Thrust Machine) est un appareil de sport con\u00e7u pour des exercices de renforcement musculaire ax\u00e9s sur les fessiers, s\u00fbrs et efficaces. Adapt\u00e9e aux installations \u00e0 domicile ou commerciales, elle permet des mouvements de hip thrust contr\u00f4l\u00e9s avec une r\u00e9sistance constante et un soutien du corps. <\/p>\n<p>Cet \u00e9quipement de musculation (equipment for weight training) cible principalement les fessiers, avec une implication secondaire des ischio-jambiers. Pendant l&rsquo;exercice, l&rsquo;utilisateur pousse les hanches vers le haut depuis une position assise, en effectuant une extension des hanches tout en gardant les \u00e9paules appuy\u00e9es sur le dossier. Le mouvement met l&rsquo;accent sur une forte contraction des fessiers en haut de chaque r\u00e9p\u00e9tition (rep).  <\/p>\n<p>Le dossier s&rsquo;ajuste pour s&rsquo;adapter \u00e0 la position du haut du corps de l&rsquo;utilisateur, et l&rsquo;angle de la plateforme pour les pieds peut \u00eatre modifi\u00e9 pour un meilleur confort et un meilleur effet de levier. Le rouleau de pouss\u00e9e rembourr\u00e9 se verrouille dans diff\u00e9rentes positions, ce qui facilite l&rsquo;entr\u00e9e dans la machine et permet un ajustement ad\u00e9quat en fonction de la morphologie et des pr\u00e9f\u00e9rences. <\/p>\n<p>Le mod\u00e8le Z16XXX est un choix solide pour l&rsquo;entra\u00eenement cibl\u00e9 des fessiers \u2014 con\u00e7u pour la stabilit\u00e9, la r\u00e9p\u00e9tabilit\u00e9 et la facilit\u00e9 d&rsquo;utilisation.<\/p>\n\n    <div class=\"xs_social_share_widget xs_share_url after_content \t\tmain_content  wslu-style-1 wslu-share-box-shaped wslu-fill-colored wslu-none wslu-share-horizontal wslu-theme-font-no wslu-main_content\">\n\n\t\t\n        <ul>\n\t\t\t        <\/ul>\n    <\/div> \n","protected":false},"excerpt":{"rendered":"<p>La Machine \u00e0 Hip Thrust Z16XXX (Hip Thrust Machine) est un appareil de sport con\u00e7u pour des exercices de renforcement musculaire ax\u00e9s sur les fessiers, s\u00fbrs et efficaces. Adapt\u00e9e aux installations \u00e0 domicile ou commerciales, elle permet des mouvements de hip thrust contr\u00f4l\u00e9s avec une r\u00e9sistance constante et un soutien du corps. Cet \u00e9quipement de [&hellip;]<\/p>\n","protected":false},"featured_media":20036,"template":"","meta":{"_acf_changed":false},"product_brand":[56],"product_cat":[832],"product_tag":[],"class_list":{"0":"post-30211","1":"product","2":"type-product","3":"status-publish","4":"has-post-thumbnail","6":"product_brand-gym-factory","7":"product_cat-machines-a-charge-par-plaques","9":"first","10":"onbackorder","11":"taxable","12":"shipping-taxable","13":"purchasable","14":"product-type-variable","15":"has-default-attributes"},"acf":[],"yoast_head":"<!-- This site is optimized with the Yoast SEO plugin v25.2 - https:\/\/yoast.com\/wordpress\/plugins\/seo\/ -->\n<title>Machine \u00e0 Hip Thrust Z16XXX | \u00c9quipement de sport pour fessiers<\/title>\n<meta name=\"description\" content=\"Cibler la puissance des fessiers ? La Machine \u00e0 Hip Thrust Z16XXX (Hip Thrust Machine) est un \u00e9quipement de musculation con\u00e7u pour un entra\u00eenement contr\u00f4l\u00e9 et efficace dans toute salle de sport.\" \/>\n<meta name=\"robots\" content=\"index, follow, max-snippet:-1, max-image-preview:large, max-video-preview:-1\" \/>\n<link rel=\"canonical\" href=\"https:\/\/gymfactory.eu\/fr\/produit\/machine-a-hip-thrust-z16xxx\/\" \/>\n<meta property=\"og:locale\" content=\"fr_FR\" \/>\n<meta property=\"og:type\" content=\"article\" \/>\n<meta property=\"og:title\" content=\"Machine \u00e0 Hip Thrust Z16XXX | \u00c9quipement de sport pour fessiers\" \/>\n<meta property=\"og:description\" content=\"Cibler la puissance des fessiers ? La Machine \u00e0 Hip Thrust Z16XXX (Hip Thrust Machine) est un \u00e9quipement de musculation con\u00e7u pour un entra\u00eenement contr\u00f4l\u00e9 et efficace dans toute salle de sport.\" \/>\n<meta property=\"og:url\" content=\"https:\/\/gymfactory.eu\/fr\/produit\/machine-a-hip-thrust-z16xxx\/\" \/>\n<meta property=\"og:site_name\" content=\"Gym Factory\" \/>\n<meta property=\"og:image\" content=\"https:\/\/gymfactory.eu\/wp-content\/uploads\/2025\/04\/Z16XXX-Hip-Thrust-Machine-Black-Pad-Model-1.webp\" \/>\n\t<meta property=\"og:image:width\" content=\"1500\" \/>\n\t<meta property=\"og:image:height\" content=\"1500\" \/>\n\t<meta property=\"og:image:type\" content=\"image\/webp\" \/>\n<meta name=\"twitter:card\" content=\"summary_large_image\" \/>\n<meta name=\"twitter:label1\" content=\"Dur\u00e9e de lecture estim\u00e9e\" \/>\n\t<meta name=\"twitter:data1\" content=\"1 minute\" \/>\n<script type=\"application\/ld+json\" class=\"yoast-schema-graph\">{\"@context\":\"https:\/\/schema.org\",\"@graph\":[{\"@type\":\"WebPage\",\"@id\":\"https:\/\/gymfactory.eu\/fr\/produit\/machine-a-hip-thrust-z16xxx\/\",\"url\":\"https:\/\/gymfactory.eu\/fr\/produit\/machine-a-hip-thrust-z16xxx\/\",\"name\":\"Machine \u00e0 Hip Thrust Z16XXX | \u00c9quipement de sport pour fessiers\",\"isPartOf\":{\"@id\":\"https:\/\/gymfactory.eu\/fr\/#website\"},\"primaryImageOfPage\":{\"@id\":\"https:\/\/gymfactory.eu\/fr\/produit\/machine-a-hip-thrust-z16xxx\/#primaryimage\"},\"image\":{\"@id\":\"https:\/\/gymfactory.eu\/fr\/produit\/machine-a-hip-thrust-z16xxx\/#primaryimage\"},\"thumbnailUrl\":\"https:\/\/gymfactory.eu\/wp-content\/uploads\/2025\/04\/Z16XXX-Hip-Thrust-Machine-Black-Pad-Model-1.webp\",\"datePublished\":\"2025-04-25T14:13:45+00:00\",\"description\":\"Cibler la puissance des fessiers ? La Machine \u00e0 Hip Thrust Z16XXX (Hip Thrust Machine) est un \u00e9quipement de musculation con\u00e7u pour un entra\u00eenement contr\u00f4l\u00e9 et efficace dans toute salle de sport.\",\"breadcrumb\":{\"@id\":\"https:\/\/gymfactory.eu\/fr\/produit\/machine-a-hip-thrust-z16xxx\/#breadcrumb\"},\"inLanguage\":\"fr-FR\",\"potentialAction\":[{\"@type\":\"ReadAction\",\"target\":[\"https:\/\/gymfactory.eu\/fr\/produit\/machine-a-hip-thrust-z16xxx\/\"]}]},{\"@type\":\"ImageObject\",\"inLanguage\":\"fr-FR\",\"@id\":\"https:\/\/gymfactory.eu\/fr\/produit\/machine-a-hip-thrust-z16xxx\/#primaryimage\",\"url\":\"https:\/\/gymfactory.eu\/wp-content\/uploads\/2025\/04\/Z16XXX-Hip-Thrust-Machine-Black-Pad-Model-1.webp\",\"contentUrl\":\"https:\/\/gymfactory.eu\/wp-content\/uploads\/2025\/04\/Z16XXX-Hip-Thrust-Machine-Black-Pad-Model-1.webp\",\"width\":1500,\"height\":1500,\"caption\":\"Machine de musculation \u00e0 Hip Thrust Z16XXX (Hip Thrust Workout Machine) avec sellerie noire et plateforme de pied inclin\u00e9e, offrant un design ergonomique et un \u00e9quipement de musculation de premier choix (equipment for weight training) ciblant les fessiers et les hanches.\"},{\"@type\":\"BreadcrumbList\",\"@id\":\"https:\/\/gymfactory.eu\/fr\/produit\/machine-a-hip-thrust-z16xxx\/#breadcrumb\",\"itemListElement\":[{\"@type\":\"ListItem\",\"position\":1,\"name\":\"Home\",\"item\":\"https:\/\/gymfactory.eu\/fr\/page-principale\/\"},{\"@type\":\"ListItem\",\"position\":2,\"name\":\"Catalogue\",\"item\":\"https:\/\/gymfactory.eu\/fr\/catalogue-2\/\"},{\"@type\":\"ListItem\",\"position\":3,\"name\":\"Machine \u00e0 Hip Thrust Z16XXX\"}]},{\"@type\":\"WebSite\",\"@id\":\"https:\/\/gymfactory.eu\/fr\/#website\",\"url\":\"https:\/\/gymfactory.eu\/fr\/\",\"name\":\"Gym Factory\",\"description\":\"\",\"publisher\":{\"@id\":\"https:\/\/gymfactory.eu\/fr\/#organization\"},\"potentialAction\":[{\"@type\":\"SearchAction\",\"target\":{\"@type\":\"EntryPoint\",\"urlTemplate\":\"https:\/\/gymfactory.eu\/fr\/?s={search_term_string}\"},\"query-input\":{\"@type\":\"PropertyValueSpecification\",\"valueRequired\":true,\"valueName\":\"search_term_string\"}}],\"inLanguage\":\"fr-FR\"},{\"@type\":\"Organization\",\"@id\":\"https:\/\/gymfactory.eu\/fr\/#organization\",\"name\":\"Gym Factory\",\"url\":\"https:\/\/gymfactory.eu\/fr\/\",\"logo\":{\"@type\":\"ImageObject\",\"inLanguage\":\"fr-FR\",\"@id\":\"https:\/\/gymfactory.eu\/fr\/#\/schema\/logo\/image\/\",\"url\":\"https:\/\/gymfactory.eu\/wp-content\/uploads\/2024\/11\/Component-1.svg\",\"contentUrl\":\"https:\/\/gymfactory.eu\/wp-content\/uploads\/2024\/11\/Component-1.svg\",\"width\":54,\"height\":44,\"caption\":\"Gym Factory\"},\"image\":{\"@id\":\"https:\/\/gymfactory.eu\/fr\/#\/schema\/logo\/image\/\"}}]}<\/script>\n<!-- \/ Yoast SEO plugin. -->","yoast_head_json":{"title":"Machine \u00e0 Hip Thrust Z16XXX | \u00c9quipement de sport pour fessiers","description":"Cibler la puissance des fessiers ? La Machine \u00e0 Hip Thrust Z16XXX (Hip Thrust Machine) est un \u00e9quipement de musculation con\u00e7u pour un entra\u00eenement contr\u00f4l\u00e9 et efficace dans toute salle de sport.","robots":{"index":"index","follow":"follow","max-snippet":"max-snippet:-1","max-image-preview":"max-image-preview:large","max-video-preview":"max-video-preview:-1"},"canonical":"https:\/\/gymfactory.eu\/fr\/produit\/machine-a-hip-thrust-z16xxx\/","og_locale":"fr_FR","og_type":"article","og_title":"Machine \u00e0 Hip Thrust Z16XXX | \u00c9quipement de sport pour fessiers","og_description":"Cibler la puissance des fessiers ? La Machine \u00e0 Hip Thrust Z16XXX (Hip Thrust Machine) est un \u00e9quipement de musculation con\u00e7u pour un entra\u00eenement contr\u00f4l\u00e9 et efficace dans toute salle de sport.","og_url":"https:\/\/gymfactory.eu\/fr\/produit\/machine-a-hip-thrust-z16xxx\/","og_site_name":"Gym Factory","og_image":[{"width":1500,"height":1500,"url":"https:\/\/gymfactory.eu\/wp-content\/uploads\/2025\/04\/Z16XXX-Hip-Thrust-Machine-Black-Pad-Model-1.webp","type":"image\/webp"}],"twitter_card":"summary_large_image","twitter_misc":{"Dur\u00e9e de lecture estim\u00e9e":"1 minute"},"schema":{"@context":"https:\/\/schema.org","@graph":[{"@type":"WebPage","@id":"https:\/\/gymfactory.eu\/fr\/produit\/machine-a-hip-thrust-z16xxx\/","url":"https:\/\/gymfactory.eu\/fr\/produit\/machine-a-hip-thrust-z16xxx\/","name":"Machine \u00e0 Hip Thrust Z16XXX | \u00c9quipement de sport pour fessiers","isPartOf":{"@id":"https:\/\/gymfactory.eu\/fr\/#website"},"primaryImageOfPage":{"@id":"https:\/\/gymfactory.eu\/fr\/produit\/machine-a-hip-thrust-z16xxx\/#primaryimage"},"image":{"@id":"https:\/\/gymfactory.eu\/fr\/produit\/machine-a-hip-thrust-z16xxx\/#primaryimage"},"thumbnailUrl":"https:\/\/gymfactory.eu\/wp-content\/uploads\/2025\/04\/Z16XXX-Hip-Thrust-Machine-Black-Pad-Model-1.webp","datePublished":"2025-04-25T14:13:45+00:00","description":"Cibler la puissance des fessiers ? La Machine \u00e0 Hip Thrust Z16XXX (Hip Thrust Machine) est un \u00e9quipement de musculation con\u00e7u pour un entra\u00eenement contr\u00f4l\u00e9 et efficace dans toute salle de sport.","breadcrumb":{"@id":"https:\/\/gymfactory.eu\/fr\/produit\/machine-a-hip-thrust-z16xxx\/#breadcrumb"},"inLanguage":"fr-FR","potentialAction":[{"@type":"ReadAction","target":["https:\/\/gymfactory.eu\/fr\/produit\/machine-a-hip-thrust-z16xxx\/"]}]},{"@type":"ImageObject","inLanguage":"fr-FR","@id":"https:\/\/gymfactory.eu\/fr\/produit\/machine-a-hip-thrust-z16xxx\/#primaryimage","url":"https:\/\/gymfactory.eu\/wp-content\/uploads\/2025\/04\/Z16XXX-Hip-Thrust-Machine-Black-Pad-Model-1.webp","contentUrl":"https:\/\/gymfactory.eu\/wp-content\/uploads\/2025\/04\/Z16XXX-Hip-Thrust-Machine-Black-Pad-Model-1.webp","width":1500,"height":1500,"caption":"Machine de musculation \u00e0 Hip Thrust Z16XXX (Hip Thrust Workout Machine) avec sellerie noire et plateforme de pied inclin\u00e9e, offrant un design ergonomique et un \u00e9quipement de musculation de premier choix (equipment for weight training) ciblant les fessiers et les hanches."},{"@type":"BreadcrumbList","@id":"https:\/\/gymfactory.eu\/fr\/produit\/machine-a-hip-thrust-z16xxx\/#breadcrumb","itemListElement":[{"@type":"ListItem","position":1,"name":"Home","item":"https:\/\/gymfactory.eu\/fr\/page-principale\/"},{"@type":"ListItem","position":2,"name":"Catalogue","item":"https:\/\/gymfactory.eu\/fr\/catalogue-2\/"},{"@type":"ListItem","position":3,"name":"Machine \u00e0 Hip Thrust Z16XXX"}]},{"@type":"WebSite","@id":"https:\/\/gymfactory.eu\/fr\/#website","url":"https:\/\/gymfactory.eu\/fr\/","name":"Gym Factory","description":"","publisher":{"@id":"https:\/\/gymfactory.eu\/fr\/#organization"},"potentialAction":[{"@type":"SearchAction","target":{"@type":"EntryPoint","urlTemplate":"https:\/\/gymfactory.eu\/fr\/?s={search_term_string}"},"query-input":{"@type":"PropertyValueSpecification","valueRequired":true,"valueName":"search_term_string"}}],"inLanguage":"fr-FR"},{"@type":"Organization","@id":"https:\/\/gymfactory.eu\/fr\/#organization","name":"Gym Factory","url":"https:\/\/gymfactory.eu\/fr\/","logo":{"@type":"ImageObject","inLanguage":"fr-FR","@id":"https:\/\/gymfactory.eu\/fr\/#\/schema\/logo\/image\/","url":"https:\/\/gymfactory.eu\/wp-content\/uploads\/2024\/11\/Component-1.svg","contentUrl":"https:\/\/gymfactory.eu\/wp-content\/uploads\/2024\/11\/Component-1.svg","width":54,"height":44,"caption":"Gym Factory"},"image":{"@id":"https:\/\/gymfactory.eu\/fr\/#\/schema\/logo\/image\/"}}]}},"_links":{"self":[{"href":"https:\/\/gymfactory.eu\/fr\/wp-json\/wp\/v2\/product\/30211","targetHints":{"allow":["GET"]}}],"collection":[{"href":"https:\/\/gymfactory.eu\/fr\/wp-json\/wp\/v2\/product"}],"about":[{"href":"https:\/\/gymfactory.eu\/fr\/wp-json\/wp\/v2\/types\/product"}],"wp:featuredmedia":[{"embeddable":true,"href":"https:\/\/gymfactory.eu\/fr\/wp-json\/wp\/v2\/media\/20036"}],"wp:attachment":[{"href":"https:\/\/gymfactory.eu\/fr\/wp-json\/wp\/v2\/media?parent=30211"}],"wp:term":[{"taxonomy":"product_brand","embeddable":true,"href":"https:\/\/gymfactory.eu\/fr\/wp-json\/wp\/v2\/product_brand?post=30211"},{"taxonomy":"product_cat","embeddable":true,"href":"https:\/\/gymfactory.eu\/fr\/wp-json\/wp\/v2\/product_cat?post=30211"},{"taxonomy":"product_tag","embeddable":true,"href":"https:\/\/gymfactory.eu\/fr\/wp-json\/wp\/v2\/product_tag?post=30211"}],"curies":[{"name":"wp","href":"https:\/\/api.w.org\/{rel}","templated":true}]}}