{"id":30121,"date":"2025-04-25T16:48:51","date_gmt":"2025-04-25T13:48:51","guid":{"rendered":"https:\/\/gymfactory.eu\/product\/rack-pour-halteres-z09x2\/"},"modified":"2025-04-25T16:48:51","modified_gmt":"2025-04-25T13:48:51","slug":"rack-pour-halteres-z09x2","status":"publish","type":"product","link":"https:\/\/gymfactory.eu\/fr\/produit\/rack-pour-halteres-z09x2\/","title":{"rendered":"Rack pour Halt\u00e8res Z09x2"},"content":{"rendered":"<p>Le Rack pour Halt\u00e8res Z09X2 (Dumbbell Rack) est con\u00e7u pour ranger les halt\u00e8res de mani\u00e8re organis\u00e9e et accessible. Sa structure en acier offre une grande stabilit\u00e9 pour un usage quotidien, aussi bien dans les salles de sport \u00e0 domicile (home gym) que commerciales. <\/p>\n<p>Ce rack permet de garder la zone d&rsquo;entra\u00eenement propre et efficace en regroupant plusieurs paires d&rsquo;halt\u00e8res au m\u00eame endroit.<\/p>\n\n    <div class=\"xs_social_share_widget xs_share_url after_content \t\tmain_content  wslu-style-1 wslu-share-box-shaped wslu-fill-colored wslu-none wslu-share-horizontal wslu-theme-font-no wslu-main_content\">\n\n\t\t\n        <ul>\n\t\t\t        <\/ul>\n    <\/div> \n","protected":false},"excerpt":{"rendered":"<p>Le Rack pour Halt\u00e8res Z09X2 (Dumbbell Rack) est con\u00e7u pour ranger les halt\u00e8res de mani\u00e8re organis\u00e9e et accessible. Sa structure en acier offre une grande stabilit\u00e9 pour un usage quotidien, aussi bien dans les salles de sport \u00e0 domicile (home gym) que commerciales. Ce rack permet de garder la zone d&rsquo;entra\u00eenement propre et efficace en [&hellip;]<\/p>\n","protected":false},"featured_media":30127,"template":"","meta":{"_acf_changed":false},"product_brand":[56],"product_cat":[824],"product_tag":[857],"class_list":{"0":"post-30121","1":"product","2":"type-product","3":"status-publish","4":"has-post-thumbnail","6":"product_brand-gym-factory","7":"product_cat-barres-et-disques","8":"product_tag-couleur-metal-uniquement","10":"first","11":"onbackorder","12":"taxable","13":"shipping-taxable","14":"purchasable","15":"product-type-variable","16":"has-default-attributes"},"acf":[],"yoast_head":"<!-- This site is optimized with the Yoast SEO plugin v25.2 - https:\/\/yoast.com\/wordpress\/plugins\/seo\/ -->\n<title>Rack pour Halt\u00e8res Z09X2 (Dumbbell Rack) \u2013 Structure en Acier<\/title>\n<meta name=\"description\" content=\"Le Rack pour Halt\u00e8res Z09X2 (Dumbbell Rack) est con\u00e7u avec une structure en acier de haute qualit\u00e9, offrant durabilit\u00e9, stabilit\u00e9 et un rangement organis\u00e9 pour toute salle de sport.\" \/>\n<meta name=\"robots\" content=\"index, follow, max-snippet:-1, max-image-preview:large, max-video-preview:-1\" \/>\n<link rel=\"canonical\" href=\"https:\/\/gymfactory.eu\/fr\/produit\/rack-pour-halteres-z09x2\/\" \/>\n<meta property=\"og:locale\" content=\"fr_FR\" \/>\n<meta property=\"og:type\" content=\"article\" \/>\n<meta property=\"og:title\" content=\"Rack pour Halt\u00e8res Z09X2 (Dumbbell Rack) \u2013 Structure en Acier\" \/>\n<meta property=\"og:description\" content=\"Le Rack pour Halt\u00e8res Z09X2 (Dumbbell Rack) est con\u00e7u avec une structure en acier de haute qualit\u00e9, offrant durabilit\u00e9, stabilit\u00e9 et un rangement organis\u00e9 pour toute salle de sport.\" \/>\n<meta property=\"og:url\" content=\"https:\/\/gymfactory.eu\/fr\/produit\/rack-pour-halteres-z09x2\/\" \/>\n<meta property=\"og:site_name\" content=\"Gym Factory\" \/>\n<meta property=\"og:image\" content=\"https:\/\/gymfactory.eu\/wp-content\/uploads\/2025\/04\/Z09x2-Dumbbell-Rack-Close-Up-View-1.webp\" \/>\n\t<meta property=\"og:image:width\" content=\"1500\" \/>\n\t<meta property=\"og:image:height\" content=\"1500\" \/>\n\t<meta property=\"og:image:type\" content=\"image\/webp\" \/>\n<meta name=\"twitter:card\" content=\"summary_large_image\" \/>\n<script type=\"application\/ld+json\" class=\"yoast-schema-graph\">{\"@context\":\"https:\/\/schema.org\",\"@graph\":[{\"@type\":\"WebPage\",\"@id\":\"https:\/\/gymfactory.eu\/fr\/produit\/rack-pour-halteres-z09x2\/\",\"url\":\"https:\/\/gymfactory.eu\/fr\/produit\/rack-pour-halteres-z09x2\/\",\"name\":\"Rack pour Halt\u00e8res Z09X2 (Dumbbell Rack) \u2013 Structure en Acier\",\"isPartOf\":{\"@id\":\"https:\/\/gymfactory.eu\/fr\/#website\"},\"primaryImageOfPage\":{\"@id\":\"https:\/\/gymfactory.eu\/fr\/produit\/rack-pour-halteres-z09x2\/#primaryimage\"},\"image\":{\"@id\":\"https:\/\/gymfactory.eu\/fr\/produit\/rack-pour-halteres-z09x2\/#primaryimage\"},\"thumbnailUrl\":\"https:\/\/gymfactory.eu\/wp-content\/uploads\/2025\/04\/Z09x2-Dumbbell-Rack-Close-Up-View-1.webp\",\"datePublished\":\"2025-04-25T13:48:51+00:00\",\"description\":\"Le Rack pour Halt\u00e8res Z09X2 (Dumbbell Rack) est con\u00e7u avec une structure en acier de haute qualit\u00e9, offrant durabilit\u00e9, stabilit\u00e9 et un rangement organis\u00e9 pour toute salle de sport.\",\"breadcrumb\":{\"@id\":\"https:\/\/gymfactory.eu\/fr\/produit\/rack-pour-halteres-z09x2\/#breadcrumb\"},\"inLanguage\":\"fr-FR\",\"potentialAction\":[{\"@type\":\"ReadAction\",\"target\":[\"https:\/\/gymfactory.eu\/fr\/produit\/rack-pour-halteres-z09x2\/\"]}]},{\"@type\":\"ImageObject\",\"inLanguage\":\"fr-FR\",\"@id\":\"https:\/\/gymfactory.eu\/fr\/produit\/rack-pour-halteres-z09x2\/#primaryimage\",\"url\":\"https:\/\/gymfactory.eu\/wp-content\/uploads\/2025\/04\/Z09x2-Dumbbell-Rack-Close-Up-View-1.webp\",\"contentUrl\":\"https:\/\/gymfactory.eu\/wp-content\/uploads\/2025\/04\/Z09x2-Dumbbell-Rack-Close-Up-View-1.webp\",\"width\":1500,\"height\":1500,\"caption\":\"Angled side view of the Z09X2 Dumbbell Rack featuring a high quality steel structure with two-tier shelves for organized weight storage.\"},{\"@type\":\"BreadcrumbList\",\"@id\":\"https:\/\/gymfactory.eu\/fr\/produit\/rack-pour-halteres-z09x2\/#breadcrumb\",\"itemListElement\":[{\"@type\":\"ListItem\",\"position\":1,\"name\":\"Home\",\"item\":\"https:\/\/gymfactory.eu\/fr\/page-principale\/\"},{\"@type\":\"ListItem\",\"position\":2,\"name\":\"Catalogue\",\"item\":\"https:\/\/gymfactory.eu\/fr\/catalogue-2\/\"},{\"@type\":\"ListItem\",\"position\":3,\"name\":\"Rack pour Halt\u00e8res Z09x2\"}]},{\"@type\":\"WebSite\",\"@id\":\"https:\/\/gymfactory.eu\/fr\/#website\",\"url\":\"https:\/\/gymfactory.eu\/fr\/\",\"name\":\"Gym Factory\",\"description\":\"\",\"publisher\":{\"@id\":\"https:\/\/gymfactory.eu\/fr\/#organization\"},\"potentialAction\":[{\"@type\":\"SearchAction\",\"target\":{\"@type\":\"EntryPoint\",\"urlTemplate\":\"https:\/\/gymfactory.eu\/fr\/?s={search_term_string}\"},\"query-input\":{\"@type\":\"PropertyValueSpecification\",\"valueRequired\":true,\"valueName\":\"search_term_string\"}}],\"inLanguage\":\"fr-FR\"},{\"@type\":\"Organization\",\"@id\":\"https:\/\/gymfactory.eu\/fr\/#organization\",\"name\":\"Gym Factory\",\"url\":\"https:\/\/gymfactory.eu\/fr\/\",\"logo\":{\"@type\":\"ImageObject\",\"inLanguage\":\"fr-FR\",\"@id\":\"https:\/\/gymfactory.eu\/fr\/#\/schema\/logo\/image\/\",\"url\":\"https:\/\/gymfactory.eu\/wp-content\/uploads\/2024\/11\/Component-1.svg\",\"contentUrl\":\"https:\/\/gymfactory.eu\/wp-content\/uploads\/2024\/11\/Component-1.svg\",\"width\":54,\"height\":44,\"caption\":\"Gym Factory\"},\"image\":{\"@id\":\"https:\/\/gymfactory.eu\/fr\/#\/schema\/logo\/image\/\"}}]}<\/script>\n<!-- \/ Yoast SEO plugin. -->","yoast_head_json":{"title":"Rack pour Halt\u00e8res Z09X2 (Dumbbell Rack) \u2013 Structure en Acier","description":"Le Rack pour Halt\u00e8res Z09X2 (Dumbbell Rack) est con\u00e7u avec une structure en acier de haute qualit\u00e9, offrant durabilit\u00e9, stabilit\u00e9 et un rangement organis\u00e9 pour toute salle de sport.","robots":{"index":"index","follow":"follow","max-snippet":"max-snippet:-1","max-image-preview":"max-image-preview:large","max-video-preview":"max-video-preview:-1"},"canonical":"https:\/\/gymfactory.eu\/fr\/produit\/rack-pour-halteres-z09x2\/","og_locale":"fr_FR","og_type":"article","og_title":"Rack pour Halt\u00e8res Z09X2 (Dumbbell Rack) \u2013 Structure en Acier","og_description":"Le Rack pour Halt\u00e8res Z09X2 (Dumbbell Rack) est con\u00e7u avec une structure en acier de haute qualit\u00e9, offrant durabilit\u00e9, stabilit\u00e9 et un rangement organis\u00e9 pour toute salle de sport.","og_url":"https:\/\/gymfactory.eu\/fr\/produit\/rack-pour-halteres-z09x2\/","og_site_name":"Gym Factory","og_image":[{"width":1500,"height":1500,"url":"https:\/\/gymfactory.eu\/wp-content\/uploads\/2025\/04\/Z09x2-Dumbbell-Rack-Close-Up-View-1.webp","type":"image\/webp"}],"twitter_card":"summary_large_image","schema":{"@context":"https:\/\/schema.org","@graph":[{"@type":"WebPage","@id":"https:\/\/gymfactory.eu\/fr\/produit\/rack-pour-halteres-z09x2\/","url":"https:\/\/gymfactory.eu\/fr\/produit\/rack-pour-halteres-z09x2\/","name":"Rack pour Halt\u00e8res Z09X2 (Dumbbell Rack) \u2013 Structure en Acier","isPartOf":{"@id":"https:\/\/gymfactory.eu\/fr\/#website"},"primaryImageOfPage":{"@id":"https:\/\/gymfactory.eu\/fr\/produit\/rack-pour-halteres-z09x2\/#primaryimage"},"image":{"@id":"https:\/\/gymfactory.eu\/fr\/produit\/rack-pour-halteres-z09x2\/#primaryimage"},"thumbnailUrl":"https:\/\/gymfactory.eu\/wp-content\/uploads\/2025\/04\/Z09x2-Dumbbell-Rack-Close-Up-View-1.webp","datePublished":"2025-04-25T13:48:51+00:00","description":"Le Rack pour Halt\u00e8res Z09X2 (Dumbbell Rack) est con\u00e7u avec une structure en acier de haute qualit\u00e9, offrant durabilit\u00e9, stabilit\u00e9 et un rangement organis\u00e9 pour toute salle de sport.","breadcrumb":{"@id":"https:\/\/gymfactory.eu\/fr\/produit\/rack-pour-halteres-z09x2\/#breadcrumb"},"inLanguage":"fr-FR","potentialAction":[{"@type":"ReadAction","target":["https:\/\/gymfactory.eu\/fr\/produit\/rack-pour-halteres-z09x2\/"]}]},{"@type":"ImageObject","inLanguage":"fr-FR","@id":"https:\/\/gymfactory.eu\/fr\/produit\/rack-pour-halteres-z09x2\/#primaryimage","url":"https:\/\/gymfactory.eu\/wp-content\/uploads\/2025\/04\/Z09x2-Dumbbell-Rack-Close-Up-View-1.webp","contentUrl":"https:\/\/gymfactory.eu\/wp-content\/uploads\/2025\/04\/Z09x2-Dumbbell-Rack-Close-Up-View-1.webp","width":1500,"height":1500,"caption":"Angled side view of the Z09X2 Dumbbell Rack featuring a high quality steel structure with two-tier shelves for organized weight storage."},{"@type":"BreadcrumbList","@id":"https:\/\/gymfactory.eu\/fr\/produit\/rack-pour-halteres-z09x2\/#breadcrumb","itemListElement":[{"@type":"ListItem","position":1,"name":"Home","item":"https:\/\/gymfactory.eu\/fr\/page-principale\/"},{"@type":"ListItem","position":2,"name":"Catalogue","item":"https:\/\/gymfactory.eu\/fr\/catalogue-2\/"},{"@type":"ListItem","position":3,"name":"Rack pour Halt\u00e8res Z09x2"}]},{"@type":"WebSite","@id":"https:\/\/gymfactory.eu\/fr\/#website","url":"https:\/\/gymfactory.eu\/fr\/","name":"Gym Factory","description":"","publisher":{"@id":"https:\/\/gymfactory.eu\/fr\/#organization"},"potentialAction":[{"@type":"SearchAction","target":{"@type":"EntryPoint","urlTemplate":"https:\/\/gymfactory.eu\/fr\/?s={search_term_string}"},"query-input":{"@type":"PropertyValueSpecification","valueRequired":true,"valueName":"search_term_string"}}],"inLanguage":"fr-FR"},{"@type":"Organization","@id":"https:\/\/gymfactory.eu\/fr\/#organization","name":"Gym Factory","url":"https:\/\/gymfactory.eu\/fr\/","logo":{"@type":"ImageObject","inLanguage":"fr-FR","@id":"https:\/\/gymfactory.eu\/fr\/#\/schema\/logo\/image\/","url":"https:\/\/gymfactory.eu\/wp-content\/uploads\/2024\/11\/Component-1.svg","contentUrl":"https:\/\/gymfactory.eu\/wp-content\/uploads\/2024\/11\/Component-1.svg","width":54,"height":44,"caption":"Gym Factory"},"image":{"@id":"https:\/\/gymfactory.eu\/fr\/#\/schema\/logo\/image\/"}}]}},"_links":{"self":[{"href":"https:\/\/gymfactory.eu\/fr\/wp-json\/wp\/v2\/product\/30121","targetHints":{"allow":["GET"]}}],"collection":[{"href":"https:\/\/gymfactory.eu\/fr\/wp-json\/wp\/v2\/product"}],"about":[{"href":"https:\/\/gymfactory.eu\/fr\/wp-json\/wp\/v2\/types\/product"}],"wp:featuredmedia":[{"embeddable":true,"href":"https:\/\/gymfactory.eu\/fr\/wp-json\/wp\/v2\/media\/30127"}],"wp:attachment":[{"href":"https:\/\/gymfactory.eu\/fr\/wp-json\/wp\/v2\/media?parent=30121"}],"wp:term":[{"taxonomy":"product_brand","embeddable":true,"href":"https:\/\/gymfactory.eu\/fr\/wp-json\/wp\/v2\/product_brand?post=30121"},{"taxonomy":"product_cat","embeddable":true,"href":"https:\/\/gymfactory.eu\/fr\/wp-json\/wp\/v2\/product_cat?post=30121"},{"taxonomy":"product_tag","embeddable":true,"href":"https:\/\/gymfactory.eu\/fr\/wp-json\/wp\/v2\/product_tag?post=30121"}],"curies":[{"name":"wp","href":"https:\/\/api.w.org\/{rel}","templated":true}]}}