{"id":30117,"date":"2025-04-25T16:32:09","date_gmt":"2025-04-25T13:32:09","guid":{"rendered":"https:\/\/gymfactory.eu\/product\/station-a-dips-z14\/"},"modified":"2025-04-25T16:32:09","modified_gmt":"2025-04-25T13:32:09","slug":"station-a-dips-z14","status":"publish","type":"product","link":"https:\/\/gymfactory.eu\/fr\/produit\/station-a-dips-z14\/","title":{"rendered":"Station \u00e0 Dips Z14"},"content":{"rendered":"<p>La Station \u00e0 Dips Z14 (Dip Station) est un \u00e9quipement de musculation con\u00e7u pour les r\u00e9pulsions sur barres parall\u00e8les (dips) qui sollicitent principalement les pectoraux et les triceps, avec une implication secondaire des delto\u00efdes ant\u00e9rieurs. Elle offre une plateforme stable pour des exercices au poids du corps (bodyweight exercises) contr\u00f4l\u00e9s, ax\u00e9s sur le d\u00e9veloppement de la force du haut du corps. <\/p>\n<p>Adapt\u00e9e aux espaces de fitness \u00e0 domicile ou aux salles de sport, la Station \u00e0 Dips Z14 s&rsquo;int\u00e8gre parfaitement dans un programme d&rsquo;entra\u00eenement incluant des mouvements fonctionnels et au poids du corps.<\/p>\n\n    <div class=\"xs_social_share_widget xs_share_url after_content \t\tmain_content  wslu-style-1 wslu-share-box-shaped wslu-fill-colored wslu-none wslu-share-horizontal wslu-theme-font-no wslu-main_content\">\n\n\t\t\n        <ul>\n\t\t\t        <\/ul>\n    <\/div> \n","protected":false},"excerpt":{"rendered":"<p>La Station \u00e0 Dips Z14 (Dip Station) est un \u00e9quipement de musculation con\u00e7u pour les r\u00e9pulsions sur barres parall\u00e8les (dips) qui sollicitent principalement les pectoraux et les triceps, avec une implication secondaire des delto\u00efdes ant\u00e9rieurs. Elle offre une plateforme stable pour des exercices au poids du corps (bodyweight exercises) contr\u00f4l\u00e9s, ax\u00e9s sur le d\u00e9veloppement de [&hellip;]<\/p>\n","protected":false},"featured_media":30118,"template":"","meta":{"_acf_changed":false},"product_brand":[56],"product_cat":[830],"product_tag":[857],"class_list":{"0":"post-30117","1":"product","2":"type-product","3":"status-publish","4":"has-post-thumbnail","6":"product_brand-gym-factory","7":"product_cat-autres-equipements-de-salle-de-sport","8":"product_tag-couleur-metal-uniquement","10":"first","11":"onbackorder","12":"taxable","13":"shipping-taxable","14":"purchasable","15":"product-type-variable","16":"has-default-attributes"},"acf":[],"yoast_head":"<!-- This site is optimized with the Yoast SEO plugin v25.2 - https:\/\/yoast.com\/wordpress\/plugins\/seo\/ -->\n<title>Station \u00e0 Dips Z14 (Dip Station) | \u00c9quipement de Musculation<\/title>\n<meta name=\"description\" content=\"Cette Station \u00e0 Dips Z14 (Dip Station) est un \u00e9quipement de musculation pour le haut du corps. Parfaite pour les dipstriceps et pectoraux, les relev\u00e9s de jambes et le L-sit.\" \/>\n<meta name=\"robots\" content=\"index, follow, max-snippet:-1, max-image-preview:large, max-video-preview:-1\" \/>\n<link rel=\"canonical\" href=\"https:\/\/gymfactory.eu\/fr\/produit\/station-a-dips-z14\/\" \/>\n<meta property=\"og:locale\" content=\"fr_FR\" \/>\n<meta property=\"og:type\" content=\"article\" \/>\n<meta property=\"og:title\" content=\"Station \u00e0 Dips Z14 (Dip Station) | \u00c9quipement de Musculation\" \/>\n<meta property=\"og:description\" content=\"Cette Station \u00e0 Dips Z14 (Dip Station) est un \u00e9quipement de musculation pour le haut du corps. Parfaite pour les dipstriceps et pectoraux, les relev\u00e9s de jambes et le L-sit.\" \/>\n<meta property=\"og:url\" content=\"https:\/\/gymfactory.eu\/fr\/produit\/station-a-dips-z14\/\" \/>\n<meta property=\"og:site_name\" content=\"Gym Factory\" \/>\n<meta property=\"og:image\" content=\"https:\/\/gymfactory.eu\/wp-content\/uploads\/2025\/04\/Z14-Dip-Station.webp\" \/>\n\t<meta property=\"og:image:width\" content=\"1500\" \/>\n\t<meta property=\"og:image:height\" content=\"1500\" \/>\n\t<meta property=\"og:image:type\" content=\"image\/webp\" \/>\n<meta name=\"twitter:card\" content=\"summary_large_image\" \/>\n<meta name=\"twitter:label1\" content=\"Dur\u00e9e de lecture estim\u00e9e\" \/>\n\t<meta name=\"twitter:data1\" content=\"1 minute\" \/>\n<script type=\"application\/ld+json\" class=\"yoast-schema-graph\">{\"@context\":\"https:\/\/schema.org\",\"@graph\":[{\"@type\":\"WebPage\",\"@id\":\"https:\/\/gymfactory.eu\/fr\/produit\/station-a-dips-z14\/\",\"url\":\"https:\/\/gymfactory.eu\/fr\/produit\/station-a-dips-z14\/\",\"name\":\"Station \u00e0 Dips Z14 (Dip Station) | \u00c9quipement de Musculation\",\"isPartOf\":{\"@id\":\"https:\/\/gymfactory.eu\/fr\/#website\"},\"primaryImageOfPage\":{\"@id\":\"https:\/\/gymfactory.eu\/fr\/produit\/station-a-dips-z14\/#primaryimage\"},\"image\":{\"@id\":\"https:\/\/gymfactory.eu\/fr\/produit\/station-a-dips-z14\/#primaryimage\"},\"thumbnailUrl\":\"https:\/\/gymfactory.eu\/wp-content\/uploads\/2025\/04\/Z14-Dip-Station.webp\",\"datePublished\":\"2025-04-25T13:32:09+00:00\",\"description\":\"Cette Station \u00e0 Dips Z14 (Dip Station) est un \u00e9quipement de musculation pour le haut du corps. Parfaite pour les dipstriceps et pectoraux, les relev\u00e9s de jambes et le L-sit.\",\"breadcrumb\":{\"@id\":\"https:\/\/gymfactory.eu\/fr\/produit\/station-a-dips-z14\/#breadcrumb\"},\"inLanguage\":\"fr-FR\",\"potentialAction\":[{\"@type\":\"ReadAction\",\"target\":[\"https:\/\/gymfactory.eu\/fr\/produit\/station-a-dips-z14\/\"]}]},{\"@type\":\"ImageObject\",\"inLanguage\":\"fr-FR\",\"@id\":\"https:\/\/gymfactory.eu\/fr\/produit\/station-a-dips-z14\/#primaryimage\",\"url\":\"https:\/\/gymfactory.eu\/wp-content\/uploads\/2025\/04\/Z14-Dip-Station.webp\",\"contentUrl\":\"https:\/\/gymfactory.eu\/wp-content\/uploads\/2025\/04\/Z14-Dip-Station.webp\",\"width\":1500,\"height\":1500,\"caption\":\"The Z14 Dip Station is durable strength training exercise equipment designed for bodyweight workouts, ideal for building upper body and core strength.\"},{\"@type\":\"BreadcrumbList\",\"@id\":\"https:\/\/gymfactory.eu\/fr\/produit\/station-a-dips-z14\/#breadcrumb\",\"itemListElement\":[{\"@type\":\"ListItem\",\"position\":1,\"name\":\"Home\",\"item\":\"https:\/\/gymfactory.eu\/fr\/\"},{\"@type\":\"ListItem\",\"position\":2,\"name\":\"Catalogue\",\"item\":\"https:\/\/gymfactory.eu\/catalogue\/\"},{\"@type\":\"ListItem\",\"position\":3,\"name\":\"Station \u00e0 Dips Z14\"}]},{\"@type\":\"WebSite\",\"@id\":\"https:\/\/gymfactory.eu\/fr\/#website\",\"url\":\"https:\/\/gymfactory.eu\/fr\/\",\"name\":\"Gym Factory\",\"description\":\"\",\"publisher\":{\"@id\":\"https:\/\/gymfactory.eu\/fr\/#organization\"},\"potentialAction\":[{\"@type\":\"SearchAction\",\"target\":{\"@type\":\"EntryPoint\",\"urlTemplate\":\"https:\/\/gymfactory.eu\/fr\/?s={search_term_string}\"},\"query-input\":{\"@type\":\"PropertyValueSpecification\",\"valueRequired\":true,\"valueName\":\"search_term_string\"}}],\"inLanguage\":\"fr-FR\"},{\"@type\":\"Organization\",\"@id\":\"https:\/\/gymfactory.eu\/fr\/#organization\",\"name\":\"Gym Factory\",\"url\":\"https:\/\/gymfactory.eu\/fr\/\",\"logo\":{\"@type\":\"ImageObject\",\"inLanguage\":\"fr-FR\",\"@id\":\"https:\/\/gymfactory.eu\/fr\/#\/schema\/logo\/image\/\",\"url\":\"https:\/\/gymfactory.eu\/wp-content\/uploads\/2024\/11\/Component-1.svg\",\"contentUrl\":\"https:\/\/gymfactory.eu\/wp-content\/uploads\/2024\/11\/Component-1.svg\",\"width\":54,\"height\":44,\"caption\":\"Gym Factory\"},\"image\":{\"@id\":\"https:\/\/gymfactory.eu\/fr\/#\/schema\/logo\/image\/\"}}]}<\/script>\n<!-- \/ Yoast SEO plugin. -->","yoast_head_json":{"title":"Station \u00e0 Dips Z14 (Dip Station) | \u00c9quipement de Musculation","description":"Cette Station \u00e0 Dips Z14 (Dip Station) est un \u00e9quipement de musculation pour le haut du corps. Parfaite pour les dipstriceps et pectoraux, les relev\u00e9s de jambes et le L-sit.","robots":{"index":"index","follow":"follow","max-snippet":"max-snippet:-1","max-image-preview":"max-image-preview:large","max-video-preview":"max-video-preview:-1"},"canonical":"https:\/\/gymfactory.eu\/fr\/produit\/station-a-dips-z14\/","og_locale":"fr_FR","og_type":"article","og_title":"Station \u00e0 Dips Z14 (Dip Station) | \u00c9quipement de Musculation","og_description":"Cette Station \u00e0 Dips Z14 (Dip Station) est un \u00e9quipement de musculation pour le haut du corps. Parfaite pour les dipstriceps et pectoraux, les relev\u00e9s de jambes et le L-sit.","og_url":"https:\/\/gymfactory.eu\/fr\/produit\/station-a-dips-z14\/","og_site_name":"Gym Factory","og_image":[{"width":1500,"height":1500,"url":"https:\/\/gymfactory.eu\/wp-content\/uploads\/2025\/04\/Z14-Dip-Station.webp","type":"image\/webp"}],"twitter_card":"summary_large_image","twitter_misc":{"Dur\u00e9e de lecture estim\u00e9e":"1 minute"},"schema":{"@context":"https:\/\/schema.org","@graph":[{"@type":"WebPage","@id":"https:\/\/gymfactory.eu\/fr\/produit\/station-a-dips-z14\/","url":"https:\/\/gymfactory.eu\/fr\/produit\/station-a-dips-z14\/","name":"Station \u00e0 Dips Z14 (Dip Station) | \u00c9quipement de Musculation","isPartOf":{"@id":"https:\/\/gymfactory.eu\/fr\/#website"},"primaryImageOfPage":{"@id":"https:\/\/gymfactory.eu\/fr\/produit\/station-a-dips-z14\/#primaryimage"},"image":{"@id":"https:\/\/gymfactory.eu\/fr\/produit\/station-a-dips-z14\/#primaryimage"},"thumbnailUrl":"https:\/\/gymfactory.eu\/wp-content\/uploads\/2025\/04\/Z14-Dip-Station.webp","datePublished":"2025-04-25T13:32:09+00:00","description":"Cette Station \u00e0 Dips Z14 (Dip Station) est un \u00e9quipement de musculation pour le haut du corps. Parfaite pour les dipstriceps et pectoraux, les relev\u00e9s de jambes et le L-sit.","breadcrumb":{"@id":"https:\/\/gymfactory.eu\/fr\/produit\/station-a-dips-z14\/#breadcrumb"},"inLanguage":"fr-FR","potentialAction":[{"@type":"ReadAction","target":["https:\/\/gymfactory.eu\/fr\/produit\/station-a-dips-z14\/"]}]},{"@type":"ImageObject","inLanguage":"fr-FR","@id":"https:\/\/gymfactory.eu\/fr\/produit\/station-a-dips-z14\/#primaryimage","url":"https:\/\/gymfactory.eu\/wp-content\/uploads\/2025\/04\/Z14-Dip-Station.webp","contentUrl":"https:\/\/gymfactory.eu\/wp-content\/uploads\/2025\/04\/Z14-Dip-Station.webp","width":1500,"height":1500,"caption":"The Z14 Dip Station is durable strength training exercise equipment designed for bodyweight workouts, ideal for building upper body and core strength."},{"@type":"BreadcrumbList","@id":"https:\/\/gymfactory.eu\/fr\/produit\/station-a-dips-z14\/#breadcrumb","itemListElement":[{"@type":"ListItem","position":1,"name":"Home","item":"https:\/\/gymfactory.eu\/fr\/"},{"@type":"ListItem","position":2,"name":"Catalogue","item":"https:\/\/gymfactory.eu\/catalogue\/"},{"@type":"ListItem","position":3,"name":"Station \u00e0 Dips Z14"}]},{"@type":"WebSite","@id":"https:\/\/gymfactory.eu\/fr\/#website","url":"https:\/\/gymfactory.eu\/fr\/","name":"Gym Factory","description":"","publisher":{"@id":"https:\/\/gymfactory.eu\/fr\/#organization"},"potentialAction":[{"@type":"SearchAction","target":{"@type":"EntryPoint","urlTemplate":"https:\/\/gymfactory.eu\/fr\/?s={search_term_string}"},"query-input":{"@type":"PropertyValueSpecification","valueRequired":true,"valueName":"search_term_string"}}],"inLanguage":"fr-FR"},{"@type":"Organization","@id":"https:\/\/gymfactory.eu\/fr\/#organization","name":"Gym Factory","url":"https:\/\/gymfactory.eu\/fr\/","logo":{"@type":"ImageObject","inLanguage":"fr-FR","@id":"https:\/\/gymfactory.eu\/fr\/#\/schema\/logo\/image\/","url":"https:\/\/gymfactory.eu\/wp-content\/uploads\/2024\/11\/Component-1.svg","contentUrl":"https:\/\/gymfactory.eu\/wp-content\/uploads\/2024\/11\/Component-1.svg","width":54,"height":44,"caption":"Gym Factory"},"image":{"@id":"https:\/\/gymfactory.eu\/fr\/#\/schema\/logo\/image\/"}}]}},"_links":{"self":[{"href":"https:\/\/gymfactory.eu\/fr\/wp-json\/wp\/v2\/product\/30117","targetHints":{"allow":["GET"]}}],"collection":[{"href":"https:\/\/gymfactory.eu\/fr\/wp-json\/wp\/v2\/product"}],"about":[{"href":"https:\/\/gymfactory.eu\/fr\/wp-json\/wp\/v2\/types\/product"}],"wp:featuredmedia":[{"embeddable":true,"href":"https:\/\/gymfactory.eu\/fr\/wp-json\/wp\/v2\/media\/30118"}],"wp:attachment":[{"href":"https:\/\/gymfactory.eu\/fr\/wp-json\/wp\/v2\/media?parent=30117"}],"wp:term":[{"taxonomy":"product_brand","embeddable":true,"href":"https:\/\/gymfactory.eu\/fr\/wp-json\/wp\/v2\/product_brand?post=30117"},{"taxonomy":"product_cat","embeddable":true,"href":"https:\/\/gymfactory.eu\/fr\/wp-json\/wp\/v2\/product_cat?post=30117"},{"taxonomy":"product_tag","embeddable":true,"href":"https:\/\/gymfactory.eu\/fr\/wp-json\/wp\/v2\/product_tag?post=30117"}],"curies":[{"name":"wp","href":"https:\/\/api.w.org\/{rel}","templated":true}]}}