{"id":30108,"date":"2025-04-25T12:46:17","date_gmt":"2025-04-25T09:46:17","guid":{"rendered":"https:\/\/gymfactory.eu\/product\/barre-de-traction-z12\/"},"modified":"2025-04-25T12:46:17","modified_gmt":"2025-04-25T09:46:17","slug":"barre-de-traction-z12","status":"publish","type":"product","link":"https:\/\/gymfactory.eu\/fr\/produit\/barre-de-traction-z12\/","title":{"rendered":"Barre de Traction Z12"},"content":{"rendered":"<p>La Barre de Traction Z12 (Pull-Up Bar) est une unit\u00e9 \u00e0 fixation murale con\u00e7ue pour les exercices de renforcement musculaire qui d\u00e9veloppent la force du haut du corps. Adapt\u00e9e aux tractions en pronation (pull-ups), en supination (chin-ups) et \u00e0 d&rsquo;autres mouvements au poids du corps, elle offre une installation stable et simple pour l&rsquo;entra\u00eenement quotidien. <\/p>\n<p>Sa fixation murale garantit une utilisation fiable dans divers environnements. La Barre de Traction Z12 s&rsquo;int\u00e8gre parfaitement \u00e0 une installation de sport et constitue un choix pratique pour ceux qui cherchent \u00e0 \u00e9quiper une salle de sport \u00e0 domicile (home gym) ou commerciale avec un \u00e9quipement essentiel pour l&rsquo;entra\u00eenement du haut du corps.<\/p>\n\n    <div class=\"xs_social_share_widget xs_share_url after_content \t\tmain_content  wslu-style-1 wslu-share-box-shaped wslu-fill-colored wslu-none wslu-share-horizontal wslu-theme-font-no wslu-main_content\">\n\n\t\t\n        <ul>\n\t\t\t        <\/ul>\n    <\/div> \n","protected":false},"excerpt":{"rendered":"<p>La Barre de Traction Z12 (Pull-Up Bar) est une unit\u00e9 \u00e0 fixation murale con\u00e7ue pour les exercices de renforcement musculaire qui d\u00e9veloppent la force du haut du corps. Adapt\u00e9e aux tractions en pronation (pull-ups), en supination (chin-ups) et \u00e0 d&rsquo;autres mouvements au poids du corps, elle offre une installation stable et simple pour l&rsquo;entra\u00eenement quotidien. [&hellip;]<\/p>\n","protected":false},"featured_media":30109,"template":"","meta":{"_acf_changed":false},"product_brand":[56],"product_cat":[830],"product_tag":[857],"class_list":{"0":"post-30108","1":"product","2":"type-product","3":"status-publish","4":"has-post-thumbnail","6":"product_brand-gym-factory","7":"product_cat-autres-equipements-de-salle-de-sport","8":"product_tag-couleur-metal-uniquement","10":"first","11":"onbackorder","12":"taxable","13":"shipping-taxable","14":"purchasable","15":"product-type-variable","16":"has-default-attributes"},"acf":[],"yoast_head":"<!-- This site is optimized with the Yoast SEO plugin v25.2 - https:\/\/yoast.com\/wordpress\/plugins\/seo\/ -->\n<title>Barre de Traction Z12 (Pull-Up Bar) | \u00c9quipement de Sport pour Domicile et Salle<\/title>\n<meta name=\"description\" content=\"La Barre de Traction Z12 (Pull-Up Bar) est un excellent \u00e9quipement de musculation \u00e0 domicile et commercial, id\u00e9al pour le haut du corps et les tractions.\" \/>\n<meta name=\"robots\" content=\"index, follow, max-snippet:-1, max-image-preview:large, max-video-preview:-1\" \/>\n<link rel=\"canonical\" href=\"https:\/\/gymfactory.eu\/fr\/produit\/barre-de-traction-z12\/\" \/>\n<meta property=\"og:locale\" content=\"fr_FR\" \/>\n<meta property=\"og:type\" content=\"article\" \/>\n<meta property=\"og:title\" content=\"Barre de Traction Z12 (Pull-Up Bar) | \u00c9quipement de Sport pour Domicile et Salle\" \/>\n<meta property=\"og:description\" content=\"La Barre de Traction Z12 (Pull-Up Bar) est un excellent \u00e9quipement de musculation \u00e0 domicile et commercial, id\u00e9al pour le haut du corps et les tractions.\" \/>\n<meta property=\"og:url\" content=\"https:\/\/gymfactory.eu\/fr\/produit\/barre-de-traction-z12\/\" \/>\n<meta property=\"og:site_name\" content=\"Gym Factory\" \/>\n<meta property=\"og:image\" content=\"https:\/\/gymfactory.eu\/wp-content\/uploads\/2025\/04\/Z12-Pull-Up-Bar.webp\" \/>\n\t<meta property=\"og:image:width\" content=\"1500\" \/>\n\t<meta property=\"og:image:height\" content=\"1500\" \/>\n\t<meta property=\"og:image:type\" content=\"image\/webp\" \/>\n<meta name=\"twitter:card\" content=\"summary_large_image\" \/>\n<meta name=\"twitter:label1\" content=\"Dur\u00e9e de lecture estim\u00e9e\" \/>\n\t<meta name=\"twitter:data1\" content=\"1 minute\" \/>\n<script type=\"application\/ld+json\" class=\"yoast-schema-graph\">{\"@context\":\"https:\/\/schema.org\",\"@graph\":[{\"@type\":\"WebPage\",\"@id\":\"https:\/\/gymfactory.eu\/fr\/produit\/barre-de-traction-z12\/\",\"url\":\"https:\/\/gymfactory.eu\/fr\/produit\/barre-de-traction-z12\/\",\"name\":\"Barre de Traction Z12 (Pull-Up Bar) | \u00c9quipement de Sport pour Domicile et Salle\",\"isPartOf\":{\"@id\":\"https:\/\/gymfactory.eu\/fr\/#website\"},\"primaryImageOfPage\":{\"@id\":\"https:\/\/gymfactory.eu\/fr\/produit\/barre-de-traction-z12\/#primaryimage\"},\"image\":{\"@id\":\"https:\/\/gymfactory.eu\/fr\/produit\/barre-de-traction-z12\/#primaryimage\"},\"thumbnailUrl\":\"https:\/\/gymfactory.eu\/wp-content\/uploads\/2025\/04\/Z12-Pull-Up-Bar.webp\",\"datePublished\":\"2025-04-25T09:46:17+00:00\",\"description\":\"La Barre de Traction Z12 (Pull-Up Bar) est un excellent \u00e9quipement de musculation \u00e0 domicile et commercial, id\u00e9al pour le haut du corps et les tractions.\",\"breadcrumb\":{\"@id\":\"https:\/\/gymfactory.eu\/fr\/produit\/barre-de-traction-z12\/#breadcrumb\"},\"inLanguage\":\"fr-FR\",\"potentialAction\":[{\"@type\":\"ReadAction\",\"target\":[\"https:\/\/gymfactory.eu\/fr\/produit\/barre-de-traction-z12\/\"]}]},{\"@type\":\"ImageObject\",\"inLanguage\":\"fr-FR\",\"@id\":\"https:\/\/gymfactory.eu\/fr\/produit\/barre-de-traction-z12\/#primaryimage\",\"url\":\"https:\/\/gymfactory.eu\/wp-content\/uploads\/2025\/04\/Z12-Pull-Up-Bar.webp\",\"contentUrl\":\"https:\/\/gymfactory.eu\/wp-content\/uploads\/2025\/04\/Z12-Pull-Up-Bar.webp\",\"width\":1500,\"height\":1500,\"caption\":\"The Z12 Pull-Up Bar is durable gym equipment designed for upper body strength training, offering a secure wall-mounted setup for pull-ups and bodyweight exercises.\"},{\"@type\":\"BreadcrumbList\",\"@id\":\"https:\/\/gymfactory.eu\/fr\/produit\/barre-de-traction-z12\/#breadcrumb\",\"itemListElement\":[{\"@type\":\"ListItem\",\"position\":1,\"name\":\"Home\",\"item\":\"https:\/\/gymfactory.eu\/fr\/\"},{\"@type\":\"ListItem\",\"position\":2,\"name\":\"Catalogue\",\"item\":\"https:\/\/gymfactory.eu\/catalogue\/\"},{\"@type\":\"ListItem\",\"position\":3,\"name\":\"Barre de Traction Z12\"}]},{\"@type\":\"WebSite\",\"@id\":\"https:\/\/gymfactory.eu\/fr\/#website\",\"url\":\"https:\/\/gymfactory.eu\/fr\/\",\"name\":\"Gym Factory\",\"description\":\"\",\"publisher\":{\"@id\":\"https:\/\/gymfactory.eu\/fr\/#organization\"},\"potentialAction\":[{\"@type\":\"SearchAction\",\"target\":{\"@type\":\"EntryPoint\",\"urlTemplate\":\"https:\/\/gymfactory.eu\/fr\/?s={search_term_string}\"},\"query-input\":{\"@type\":\"PropertyValueSpecification\",\"valueRequired\":true,\"valueName\":\"search_term_string\"}}],\"inLanguage\":\"fr-FR\"},{\"@type\":\"Organization\",\"@id\":\"https:\/\/gymfactory.eu\/fr\/#organization\",\"name\":\"Gym Factory\",\"url\":\"https:\/\/gymfactory.eu\/fr\/\",\"logo\":{\"@type\":\"ImageObject\",\"inLanguage\":\"fr-FR\",\"@id\":\"https:\/\/gymfactory.eu\/fr\/#\/schema\/logo\/image\/\",\"url\":\"https:\/\/gymfactory.eu\/wp-content\/uploads\/2024\/11\/Component-1.svg\",\"contentUrl\":\"https:\/\/gymfactory.eu\/wp-content\/uploads\/2024\/11\/Component-1.svg\",\"width\":54,\"height\":44,\"caption\":\"Gym Factory\"},\"image\":{\"@id\":\"https:\/\/gymfactory.eu\/fr\/#\/schema\/logo\/image\/\"}}]}<\/script>\n<!-- \/ Yoast SEO plugin. -->","yoast_head_json":{"title":"Barre de Traction Z12 (Pull-Up Bar) | \u00c9quipement de Sport pour Domicile et Salle","description":"La Barre de Traction Z12 (Pull-Up Bar) est un excellent \u00e9quipement de musculation \u00e0 domicile et commercial, id\u00e9al pour le haut du corps et les tractions.","robots":{"index":"index","follow":"follow","max-snippet":"max-snippet:-1","max-image-preview":"max-image-preview:large","max-video-preview":"max-video-preview:-1"},"canonical":"https:\/\/gymfactory.eu\/fr\/produit\/barre-de-traction-z12\/","og_locale":"fr_FR","og_type":"article","og_title":"Barre de Traction Z12 (Pull-Up Bar) | \u00c9quipement de Sport pour Domicile et Salle","og_description":"La Barre de Traction Z12 (Pull-Up Bar) est un excellent \u00e9quipement de musculation \u00e0 domicile et commercial, id\u00e9al pour le haut du corps et les tractions.","og_url":"https:\/\/gymfactory.eu\/fr\/produit\/barre-de-traction-z12\/","og_site_name":"Gym Factory","og_image":[{"width":1500,"height":1500,"url":"https:\/\/gymfactory.eu\/wp-content\/uploads\/2025\/04\/Z12-Pull-Up-Bar.webp","type":"image\/webp"}],"twitter_card":"summary_large_image","twitter_misc":{"Dur\u00e9e de lecture estim\u00e9e":"1 minute"},"schema":{"@context":"https:\/\/schema.org","@graph":[{"@type":"WebPage","@id":"https:\/\/gymfactory.eu\/fr\/produit\/barre-de-traction-z12\/","url":"https:\/\/gymfactory.eu\/fr\/produit\/barre-de-traction-z12\/","name":"Barre de Traction Z12 (Pull-Up Bar) | \u00c9quipement de Sport pour Domicile et Salle","isPartOf":{"@id":"https:\/\/gymfactory.eu\/fr\/#website"},"primaryImageOfPage":{"@id":"https:\/\/gymfactory.eu\/fr\/produit\/barre-de-traction-z12\/#primaryimage"},"image":{"@id":"https:\/\/gymfactory.eu\/fr\/produit\/barre-de-traction-z12\/#primaryimage"},"thumbnailUrl":"https:\/\/gymfactory.eu\/wp-content\/uploads\/2025\/04\/Z12-Pull-Up-Bar.webp","datePublished":"2025-04-25T09:46:17+00:00","description":"La Barre de Traction Z12 (Pull-Up Bar) est un excellent \u00e9quipement de musculation \u00e0 domicile et commercial, id\u00e9al pour le haut du corps et les tractions.","breadcrumb":{"@id":"https:\/\/gymfactory.eu\/fr\/produit\/barre-de-traction-z12\/#breadcrumb"},"inLanguage":"fr-FR","potentialAction":[{"@type":"ReadAction","target":["https:\/\/gymfactory.eu\/fr\/produit\/barre-de-traction-z12\/"]}]},{"@type":"ImageObject","inLanguage":"fr-FR","@id":"https:\/\/gymfactory.eu\/fr\/produit\/barre-de-traction-z12\/#primaryimage","url":"https:\/\/gymfactory.eu\/wp-content\/uploads\/2025\/04\/Z12-Pull-Up-Bar.webp","contentUrl":"https:\/\/gymfactory.eu\/wp-content\/uploads\/2025\/04\/Z12-Pull-Up-Bar.webp","width":1500,"height":1500,"caption":"The Z12 Pull-Up Bar is durable gym equipment designed for upper body strength training, offering a secure wall-mounted setup for pull-ups and bodyweight exercises."},{"@type":"BreadcrumbList","@id":"https:\/\/gymfactory.eu\/fr\/produit\/barre-de-traction-z12\/#breadcrumb","itemListElement":[{"@type":"ListItem","position":1,"name":"Home","item":"https:\/\/gymfactory.eu\/fr\/"},{"@type":"ListItem","position":2,"name":"Catalogue","item":"https:\/\/gymfactory.eu\/catalogue\/"},{"@type":"ListItem","position":3,"name":"Barre de Traction Z12"}]},{"@type":"WebSite","@id":"https:\/\/gymfactory.eu\/fr\/#website","url":"https:\/\/gymfactory.eu\/fr\/","name":"Gym Factory","description":"","publisher":{"@id":"https:\/\/gymfactory.eu\/fr\/#organization"},"potentialAction":[{"@type":"SearchAction","target":{"@type":"EntryPoint","urlTemplate":"https:\/\/gymfactory.eu\/fr\/?s={search_term_string}"},"query-input":{"@type":"PropertyValueSpecification","valueRequired":true,"valueName":"search_term_string"}}],"inLanguage":"fr-FR"},{"@type":"Organization","@id":"https:\/\/gymfactory.eu\/fr\/#organization","name":"Gym Factory","url":"https:\/\/gymfactory.eu\/fr\/","logo":{"@type":"ImageObject","inLanguage":"fr-FR","@id":"https:\/\/gymfactory.eu\/fr\/#\/schema\/logo\/image\/","url":"https:\/\/gymfactory.eu\/wp-content\/uploads\/2024\/11\/Component-1.svg","contentUrl":"https:\/\/gymfactory.eu\/wp-content\/uploads\/2024\/11\/Component-1.svg","width":54,"height":44,"caption":"Gym Factory"},"image":{"@id":"https:\/\/gymfactory.eu\/fr\/#\/schema\/logo\/image\/"}}]}},"_links":{"self":[{"href":"https:\/\/gymfactory.eu\/fr\/wp-json\/wp\/v2\/product\/30108","targetHints":{"allow":["GET"]}}],"collection":[{"href":"https:\/\/gymfactory.eu\/fr\/wp-json\/wp\/v2\/product"}],"about":[{"href":"https:\/\/gymfactory.eu\/fr\/wp-json\/wp\/v2\/types\/product"}],"wp:featuredmedia":[{"embeddable":true,"href":"https:\/\/gymfactory.eu\/fr\/wp-json\/wp\/v2\/media\/30109"}],"wp:attachment":[{"href":"https:\/\/gymfactory.eu\/fr\/wp-json\/wp\/v2\/media?parent=30108"}],"wp:term":[{"taxonomy":"product_brand","embeddable":true,"href":"https:\/\/gymfactory.eu\/fr\/wp-json\/wp\/v2\/product_brand?post=30108"},{"taxonomy":"product_cat","embeddable":true,"href":"https:\/\/gymfactory.eu\/fr\/wp-json\/wp\/v2\/product_cat?post=30108"},{"taxonomy":"product_tag","embeddable":true,"href":"https:\/\/gymfactory.eu\/fr\/wp-json\/wp\/v2\/product_tag?post=30108"}],"curies":[{"name":"wp","href":"https:\/\/api.w.org\/{rel}","templated":true}]}}