{"id":30105,"date":"2025-04-25T12:10:03","date_gmt":"2025-04-25T09:10:03","guid":{"rendered":"https:\/\/gymfactory.eu\/product\/traineau-de-puissance-z07x\/"},"modified":"2025-04-25T12:10:03","modified_gmt":"2025-04-25T09:10:03","slug":"traineau-de-puissance-z07x","status":"publish","type":"product","link":"https:\/\/gymfactory.eu\/fr\/produit\/traineau-de-puissance-z07x\/","title":{"rendered":"Tra\u00eeneau de Puissance Z07x"},"content":{"rendered":"<p>Le Tra\u00eeneau de Puissance Z07x (Power Sled) est un \u00e9quipement de musculation con\u00e7u pour les exercices de tirage ciblant le bas du corps, la sangle abdominale (core) et la cha\u00eene post\u00e9rieure. Il dispose d&rsquo;un point d&rsquo;attache pour une corde ou une bande de r\u00e9sistance, permettant des tirages de tra\u00eeneau (sled drags) et d&rsquo;autres exercices de mouvements dynamiques. <\/p>\n<p>Des disques de poids peuvent \u00eatre charg\u00e9s sur le poteau central pour augmenter la r\u00e9sistance, rendant le tra\u00eeneau id\u00e9al pour d\u00e9velopper la force, l&rsquo;acc\u00e9l\u00e9ration et l&rsquo;endurance. Con\u00e7u pour la durabilit\u00e9 et des performances constantes, le Tra\u00eeneau de Puissance Z07x s&rsquo;int\u00e8gre parfaitement dans toute installation de sport \u00e0 domicile ou commerciale.<\/p>\n\n    <div class=\"xs_social_share_widget xs_share_url after_content \t\tmain_content  wslu-style-1 wslu-share-box-shaped wslu-fill-colored wslu-none wslu-share-horizontal wslu-theme-font-no wslu-main_content\">\n\n\t\t\n        <ul>\n\t\t\t        <\/ul>\n    <\/div> \n","protected":false},"excerpt":{"rendered":"<p>Le Tra\u00eeneau de Puissance Z07x (Power Sled) est un \u00e9quipement de musculation con\u00e7u pour les exercices de tirage ciblant le bas du corps, la sangle abdominale (core) et la cha\u00eene post\u00e9rieure. Il dispose d&rsquo;un point d&rsquo;attache pour une corde ou une bande de r\u00e9sistance, permettant des tirages de tra\u00eeneau (sled drags) et d&rsquo;autres exercices de [&hellip;]<\/p>\n","protected":false},"featured_media":30106,"template":"","meta":{"_acf_changed":false},"product_brand":[56],"product_cat":[830],"product_tag":[],"class_list":{"0":"post-30105","1":"product","2":"type-product","3":"status-publish","4":"has-post-thumbnail","6":"product_brand-gym-factory","7":"product_cat-autres-equipements-de-salle-de-sport","9":"first","10":"onbackorder","11":"taxable","12":"shipping-taxable","13":"purchasable","14":"product-type-variable","15":"has-default-attributes"},"acf":[],"yoast_head":"<!-- This site is optimized with the Yoast SEO plugin v25.2 - https:\/\/yoast.com\/wordpress\/plugins\/seo\/ -->\n<title>Tra\u00eeneau de Puissance Z07 (Power Sled) | \u00c9quipement de Musculation<\/title>\n<meta name=\"description\" content=\"Le Tra\u00eeneau de Puissance Z07 (Power Sled) est un \u00e9quipement de musculation con\u00e7u pour les entra\u00eenements de pouss\u00e9e, de tirage et de r\u00e9sistance, parfait pour le conditionnement physique dans toute salle de sport.\" \/>\n<meta name=\"robots\" content=\"index, follow, max-snippet:-1, max-image-preview:large, max-video-preview:-1\" \/>\n<link rel=\"canonical\" href=\"https:\/\/gymfactory.eu\/fr\/produit\/traineau-de-puissance-z07x\/\" \/>\n<meta property=\"og:locale\" content=\"fr_FR\" \/>\n<meta property=\"og:type\" content=\"article\" \/>\n<meta property=\"og:title\" content=\"Tra\u00eeneau de Puissance Z07 (Power Sled) | \u00c9quipement de Musculation\" \/>\n<meta property=\"og:description\" content=\"Le Tra\u00eeneau de Puissance Z07 (Power Sled) est un \u00e9quipement de musculation con\u00e7u pour les entra\u00eenements de pouss\u00e9e, de tirage et de r\u00e9sistance, parfait pour le conditionnement physique dans toute salle de sport.\" \/>\n<meta property=\"og:url\" content=\"https:\/\/gymfactory.eu\/fr\/produit\/traineau-de-puissance-z07x\/\" \/>\n<meta property=\"og:site_name\" content=\"Gym Factory\" \/>\n<meta property=\"og:image\" content=\"https:\/\/gymfactory.eu\/wp-content\/uploads\/2025\/04\/Z07x-Power-Sled-1.webp\" \/>\n\t<meta property=\"og:image:width\" content=\"1500\" \/>\n\t<meta property=\"og:image:height\" content=\"1500\" \/>\n\t<meta property=\"og:image:type\" content=\"image\/webp\" \/>\n<meta name=\"twitter:card\" content=\"summary_large_image\" \/>\n<meta name=\"twitter:label1\" content=\"Dur\u00e9e de lecture estim\u00e9e\" \/>\n\t<meta name=\"twitter:data1\" content=\"1 minute\" \/>\n<script type=\"application\/ld+json\" class=\"yoast-schema-graph\">{\"@context\":\"https:\/\/schema.org\",\"@graph\":[{\"@type\":\"WebPage\",\"@id\":\"https:\/\/gymfactory.eu\/fr\/produit\/traineau-de-puissance-z07x\/\",\"url\":\"https:\/\/gymfactory.eu\/fr\/produit\/traineau-de-puissance-z07x\/\",\"name\":\"Tra\u00eeneau de Puissance Z07 (Power Sled) | \u00c9quipement de Musculation\",\"isPartOf\":{\"@id\":\"https:\/\/gymfactory.eu\/fr\/#website\"},\"primaryImageOfPage\":{\"@id\":\"https:\/\/gymfactory.eu\/fr\/produit\/traineau-de-puissance-z07x\/#primaryimage\"},\"image\":{\"@id\":\"https:\/\/gymfactory.eu\/fr\/produit\/traineau-de-puissance-z07x\/#primaryimage\"},\"thumbnailUrl\":\"https:\/\/gymfactory.eu\/wp-content\/uploads\/2025\/04\/Z07x-Power-Sled-1.webp\",\"datePublished\":\"2025-04-25T09:10:03+00:00\",\"description\":\"Le Tra\u00eeneau de Puissance Z07 (Power Sled) est un \u00e9quipement de musculation con\u00e7u pour les entra\u00eenements de pouss\u00e9e, de tirage et de r\u00e9sistance, parfait pour le conditionnement physique dans toute salle de sport.\",\"breadcrumb\":{\"@id\":\"https:\/\/gymfactory.eu\/fr\/produit\/traineau-de-puissance-z07x\/#breadcrumb\"},\"inLanguage\":\"fr-FR\",\"potentialAction\":[{\"@type\":\"ReadAction\",\"target\":[\"https:\/\/gymfactory.eu\/fr\/produit\/traineau-de-puissance-z07x\/\"]}]},{\"@type\":\"ImageObject\",\"inLanguage\":\"fr-FR\",\"@id\":\"https:\/\/gymfactory.eu\/fr\/produit\/traineau-de-puissance-z07x\/#primaryimage\",\"url\":\"https:\/\/gymfactory.eu\/wp-content\/uploads\/2025\/04\/Z07x-Power-Sled-1.webp\",\"contentUrl\":\"https:\/\/gymfactory.eu\/wp-content\/uploads\/2025\/04\/Z07x-Power-Sled-1.webp\",\"width\":1500,\"height\":1500,\"caption\":\"The Z07x Power Sled is heavy-duty strength training exercise equipment designed for resistance-based pushes, pulls, and conditioning workouts.\"},{\"@type\":\"BreadcrumbList\",\"@id\":\"https:\/\/gymfactory.eu\/fr\/produit\/traineau-de-puissance-z07x\/#breadcrumb\",\"itemListElement\":[{\"@type\":\"ListItem\",\"position\":1,\"name\":\"Home\",\"item\":\"https:\/\/gymfactory.eu\/fr\/\"},{\"@type\":\"ListItem\",\"position\":2,\"name\":\"Catalogue\",\"item\":\"https:\/\/gymfactory.eu\/catalogue\/\"},{\"@type\":\"ListItem\",\"position\":3,\"name\":\"Tra\u00eeneau de Puissance Z07x\"}]},{\"@type\":\"WebSite\",\"@id\":\"https:\/\/gymfactory.eu\/fr\/#website\",\"url\":\"https:\/\/gymfactory.eu\/fr\/\",\"name\":\"Gym Factory\",\"description\":\"\",\"publisher\":{\"@id\":\"https:\/\/gymfactory.eu\/fr\/#organization\"},\"potentialAction\":[{\"@type\":\"SearchAction\",\"target\":{\"@type\":\"EntryPoint\",\"urlTemplate\":\"https:\/\/gymfactory.eu\/fr\/?s={search_term_string}\"},\"query-input\":{\"@type\":\"PropertyValueSpecification\",\"valueRequired\":true,\"valueName\":\"search_term_string\"}}],\"inLanguage\":\"fr-FR\"},{\"@type\":\"Organization\",\"@id\":\"https:\/\/gymfactory.eu\/fr\/#organization\",\"name\":\"Gym Factory\",\"url\":\"https:\/\/gymfactory.eu\/fr\/\",\"logo\":{\"@type\":\"ImageObject\",\"inLanguage\":\"fr-FR\",\"@id\":\"https:\/\/gymfactory.eu\/fr\/#\/schema\/logo\/image\/\",\"url\":\"https:\/\/gymfactory.eu\/wp-content\/uploads\/2024\/11\/Component-1.svg\",\"contentUrl\":\"https:\/\/gymfactory.eu\/wp-content\/uploads\/2024\/11\/Component-1.svg\",\"width\":54,\"height\":44,\"caption\":\"Gym Factory\"},\"image\":{\"@id\":\"https:\/\/gymfactory.eu\/fr\/#\/schema\/logo\/image\/\"}}]}<\/script>\n<!-- \/ Yoast SEO plugin. -->","yoast_head_json":{"title":"Tra\u00eeneau de Puissance Z07 (Power Sled) | \u00c9quipement de Musculation","description":"Le Tra\u00eeneau de Puissance Z07 (Power Sled) est un \u00e9quipement de musculation con\u00e7u pour les entra\u00eenements de pouss\u00e9e, de tirage et de r\u00e9sistance, parfait pour le conditionnement physique dans toute salle de sport.","robots":{"index":"index","follow":"follow","max-snippet":"max-snippet:-1","max-image-preview":"max-image-preview:large","max-video-preview":"max-video-preview:-1"},"canonical":"https:\/\/gymfactory.eu\/fr\/produit\/traineau-de-puissance-z07x\/","og_locale":"fr_FR","og_type":"article","og_title":"Tra\u00eeneau de Puissance Z07 (Power Sled) | \u00c9quipement de Musculation","og_description":"Le Tra\u00eeneau de Puissance Z07 (Power Sled) est un \u00e9quipement de musculation con\u00e7u pour les entra\u00eenements de pouss\u00e9e, de tirage et de r\u00e9sistance, parfait pour le conditionnement physique dans toute salle de sport.","og_url":"https:\/\/gymfactory.eu\/fr\/produit\/traineau-de-puissance-z07x\/","og_site_name":"Gym Factory","og_image":[{"width":1500,"height":1500,"url":"https:\/\/gymfactory.eu\/wp-content\/uploads\/2025\/04\/Z07x-Power-Sled-1.webp","type":"image\/webp"}],"twitter_card":"summary_large_image","twitter_misc":{"Dur\u00e9e de lecture estim\u00e9e":"1 minute"},"schema":{"@context":"https:\/\/schema.org","@graph":[{"@type":"WebPage","@id":"https:\/\/gymfactory.eu\/fr\/produit\/traineau-de-puissance-z07x\/","url":"https:\/\/gymfactory.eu\/fr\/produit\/traineau-de-puissance-z07x\/","name":"Tra\u00eeneau de Puissance Z07 (Power Sled) | \u00c9quipement de Musculation","isPartOf":{"@id":"https:\/\/gymfactory.eu\/fr\/#website"},"primaryImageOfPage":{"@id":"https:\/\/gymfactory.eu\/fr\/produit\/traineau-de-puissance-z07x\/#primaryimage"},"image":{"@id":"https:\/\/gymfactory.eu\/fr\/produit\/traineau-de-puissance-z07x\/#primaryimage"},"thumbnailUrl":"https:\/\/gymfactory.eu\/wp-content\/uploads\/2025\/04\/Z07x-Power-Sled-1.webp","datePublished":"2025-04-25T09:10:03+00:00","description":"Le Tra\u00eeneau de Puissance Z07 (Power Sled) est un \u00e9quipement de musculation con\u00e7u pour les entra\u00eenements de pouss\u00e9e, de tirage et de r\u00e9sistance, parfait pour le conditionnement physique dans toute salle de sport.","breadcrumb":{"@id":"https:\/\/gymfactory.eu\/fr\/produit\/traineau-de-puissance-z07x\/#breadcrumb"},"inLanguage":"fr-FR","potentialAction":[{"@type":"ReadAction","target":["https:\/\/gymfactory.eu\/fr\/produit\/traineau-de-puissance-z07x\/"]}]},{"@type":"ImageObject","inLanguage":"fr-FR","@id":"https:\/\/gymfactory.eu\/fr\/produit\/traineau-de-puissance-z07x\/#primaryimage","url":"https:\/\/gymfactory.eu\/wp-content\/uploads\/2025\/04\/Z07x-Power-Sled-1.webp","contentUrl":"https:\/\/gymfactory.eu\/wp-content\/uploads\/2025\/04\/Z07x-Power-Sled-1.webp","width":1500,"height":1500,"caption":"The Z07x Power Sled is heavy-duty strength training exercise equipment designed for resistance-based pushes, pulls, and conditioning workouts."},{"@type":"BreadcrumbList","@id":"https:\/\/gymfactory.eu\/fr\/produit\/traineau-de-puissance-z07x\/#breadcrumb","itemListElement":[{"@type":"ListItem","position":1,"name":"Home","item":"https:\/\/gymfactory.eu\/fr\/"},{"@type":"ListItem","position":2,"name":"Catalogue","item":"https:\/\/gymfactory.eu\/catalogue\/"},{"@type":"ListItem","position":3,"name":"Tra\u00eeneau de Puissance Z07x"}]},{"@type":"WebSite","@id":"https:\/\/gymfactory.eu\/fr\/#website","url":"https:\/\/gymfactory.eu\/fr\/","name":"Gym Factory","description":"","publisher":{"@id":"https:\/\/gymfactory.eu\/fr\/#organization"},"potentialAction":[{"@type":"SearchAction","target":{"@type":"EntryPoint","urlTemplate":"https:\/\/gymfactory.eu\/fr\/?s={search_term_string}"},"query-input":{"@type":"PropertyValueSpecification","valueRequired":true,"valueName":"search_term_string"}}],"inLanguage":"fr-FR"},{"@type":"Organization","@id":"https:\/\/gymfactory.eu\/fr\/#organization","name":"Gym Factory","url":"https:\/\/gymfactory.eu\/fr\/","logo":{"@type":"ImageObject","inLanguage":"fr-FR","@id":"https:\/\/gymfactory.eu\/fr\/#\/schema\/logo\/image\/","url":"https:\/\/gymfactory.eu\/wp-content\/uploads\/2024\/11\/Component-1.svg","contentUrl":"https:\/\/gymfactory.eu\/wp-content\/uploads\/2024\/11\/Component-1.svg","width":54,"height":44,"caption":"Gym Factory"},"image":{"@id":"https:\/\/gymfactory.eu\/fr\/#\/schema\/logo\/image\/"}}]}},"_links":{"self":[{"href":"https:\/\/gymfactory.eu\/fr\/wp-json\/wp\/v2\/product\/30105","targetHints":{"allow":["GET"]}}],"collection":[{"href":"https:\/\/gymfactory.eu\/fr\/wp-json\/wp\/v2\/product"}],"about":[{"href":"https:\/\/gymfactory.eu\/fr\/wp-json\/wp\/v2\/types\/product"}],"wp:featuredmedia":[{"embeddable":true,"href":"https:\/\/gymfactory.eu\/fr\/wp-json\/wp\/v2\/media\/30106"}],"wp:attachment":[{"href":"https:\/\/gymfactory.eu\/fr\/wp-json\/wp\/v2\/media?parent=30105"}],"wp:term":[{"taxonomy":"product_brand","embeddable":true,"href":"https:\/\/gymfactory.eu\/fr\/wp-json\/wp\/v2\/product_brand?post=30105"},{"taxonomy":"product_cat","embeddable":true,"href":"https:\/\/gymfactory.eu\/fr\/wp-json\/wp\/v2\/product_cat?post=30105"},{"taxonomy":"product_tag","embeddable":true,"href":"https:\/\/gymfactory.eu\/fr\/wp-json\/wp\/v2\/product_tag?post=30105"}],"curies":[{"name":"wp","href":"https:\/\/api.w.org\/{rel}","templated":true}]}}