{"id":30103,"date":"2025-04-25T11:58:18","date_gmt":"2025-04-25T08:58:18","guid":{"rendered":"https:\/\/gymfactory.eu\/product\/barre-log-z06\/"},"modified":"2025-04-25T11:58:18","modified_gmt":"2025-04-25T08:58:18","slug":"barre-log-z06","status":"publish","type":"product","link":"https:\/\/gymfactory.eu\/fr\/produit\/barre-log-z06\/","title":{"rendered":"Barre Log Z06"},"content":{"rendered":"<p>La Barre Log Z06 (Log Bar) est con\u00e7ue pour des exercices de renforcement musculaire exigeants, aussi bien pour des installations de sport \u00e0 domicile (home gym) que commerciales. Inspir\u00e9e des \u00e9quipements de type strongman, elle permet de r\u00e9aliser des d\u00e9velopp\u00e9s au-dessus de la t\u00eate (overhead presses), des \u00e9paul\u00e9s (cleans) et d&rsquo;autres mouvements bas\u00e9s sur la puissance. Les manchons standards permettent de charger des disques de poids suppl\u00e9mentaires.  <\/p>\n<p>La barre comprend plusieurs espacements de poign\u00e9es, permettant aux utilisateurs de choisir entre des prises plus ou moins larges selon l&rsquo;exercice ou leurs pr\u00e9f\u00e9rences. Cela ajoute de la variation sans changer l&rsquo;orientation de la prise. <\/p>\n<p>Solide, stable et ax\u00e9e sur la performance, la Barre Log Z06 est un outil pratique pour l&rsquo;entra\u00eenement aux presses lourdes (heavy pressing).<\/p>\n\n    <div class=\"xs_social_share_widget xs_share_url after_content \t\tmain_content  wslu-style-1 wslu-share-box-shaped wslu-fill-colored wslu-none wslu-share-horizontal wslu-theme-font-no wslu-main_content\">\n\n\t\t\n        <ul>\n\t\t\t        <\/ul>\n    <\/div> \n","protected":false},"excerpt":{"rendered":"<p>La Barre Log Z06 (Log Bar) est con\u00e7ue pour des exercices de renforcement musculaire exigeants, aussi bien pour des installations de sport \u00e0 domicile (home gym) que commerciales. Inspir\u00e9e des \u00e9quipements de type strongman, elle permet de r\u00e9aliser des d\u00e9velopp\u00e9s au-dessus de la t\u00eate (overhead presses), des \u00e9paul\u00e9s (cleans) et d&rsquo;autres mouvements bas\u00e9s sur la [&hellip;]<\/p>\n","protected":false},"featured_media":30104,"template":"","meta":{"_acf_changed":false},"product_brand":[56],"product_cat":[830],"product_tag":[857],"class_list":{"0":"post-30103","1":"product","2":"type-product","3":"status-publish","4":"has-post-thumbnail","6":"product_brand-gym-factory","7":"product_cat-autres-equipements-de-salle-de-sport","8":"product_tag-couleur-metal-uniquement","10":"first","11":"onbackorder","12":"taxable","13":"shipping-taxable","14":"purchasable","15":"product-type-simple"},"acf":[],"yoast_head":"<!-- This site is optimized with the Yoast SEO plugin v25.2 - https:\/\/yoast.com\/wordpress\/plugins\/seo\/ -->\n<title>Barre Log Z06 (Log Bar) | \u00c9quipement de Musculation pour le Renforcement<\/title>\n<meta name=\"description\" content=\"La Barre Log Z06 est un \u00e9quipement de sport con\u00e7u pour les exercices de renforcement musculaire, offrant une prise s\u00fbre et une construction en acier solide pour la puissance et la performance.\" \/>\n<meta name=\"robots\" content=\"index, follow, max-snippet:-1, max-image-preview:large, max-video-preview:-1\" \/>\n<link rel=\"canonical\" href=\"https:\/\/gymfactory.eu\/fr\/produit\/barre-log-z06\/\" \/>\n<meta property=\"og:locale\" content=\"fr_FR\" \/>\n<meta property=\"og:type\" content=\"article\" \/>\n<meta property=\"og:title\" content=\"Barre Log Z06 (Log Bar) | \u00c9quipement de Musculation pour le Renforcement\" \/>\n<meta property=\"og:description\" content=\"La Barre Log Z06 est un \u00e9quipement de sport con\u00e7u pour les exercices de renforcement musculaire, offrant une prise s\u00fbre et une construction en acier solide pour la puissance et la performance.\" \/>\n<meta property=\"og:url\" content=\"https:\/\/gymfactory.eu\/fr\/produit\/barre-log-z06\/\" \/>\n<meta property=\"og:site_name\" content=\"Gym Factory\" \/>\n<meta property=\"og:image\" content=\"https:\/\/gymfactory.eu\/wp-content\/uploads\/2025\/04\/Z06-Log-Bar.webp\" \/>\n\t<meta property=\"og:image:width\" content=\"1500\" \/>\n\t<meta property=\"og:image:height\" content=\"1500\" \/>\n\t<meta property=\"og:image:type\" content=\"image\/webp\" \/>\n<meta name=\"twitter:card\" content=\"summary_large_image\" \/>\n<meta name=\"twitter:label1\" content=\"Dur\u00e9e de lecture estim\u00e9e\" \/>\n\t<meta name=\"twitter:data1\" content=\"1 minute\" \/>\n<script type=\"application\/ld+json\" class=\"yoast-schema-graph\">{\"@context\":\"https:\/\/schema.org\",\"@graph\":[{\"@type\":\"WebPage\",\"@id\":\"https:\/\/gymfactory.eu\/fr\/produit\/barre-log-z06\/\",\"url\":\"https:\/\/gymfactory.eu\/fr\/produit\/barre-log-z06\/\",\"name\":\"Barre Log Z06 (Log Bar) | \u00c9quipement de Musculation pour le Renforcement\",\"isPartOf\":{\"@id\":\"https:\/\/gymfactory.eu\/fr\/#website\"},\"primaryImageOfPage\":{\"@id\":\"https:\/\/gymfactory.eu\/fr\/produit\/barre-log-z06\/#primaryimage\"},\"image\":{\"@id\":\"https:\/\/gymfactory.eu\/fr\/produit\/barre-log-z06\/#primaryimage\"},\"thumbnailUrl\":\"https:\/\/gymfactory.eu\/wp-content\/uploads\/2025\/04\/Z06-Log-Bar.webp\",\"datePublished\":\"2025-04-25T08:58:18+00:00\",\"description\":\"La Barre Log Z06 est un \u00e9quipement de sport con\u00e7u pour les exercices de renforcement musculaire, offrant une prise s\u00fbre et une construction en acier solide pour la puissance et la performance.\",\"breadcrumb\":{\"@id\":\"https:\/\/gymfactory.eu\/fr\/produit\/barre-log-z06\/#breadcrumb\"},\"inLanguage\":\"fr-FR\",\"potentialAction\":[{\"@type\":\"ReadAction\",\"target\":[\"https:\/\/gymfactory.eu\/fr\/produit\/barre-log-z06\/\"]}]},{\"@type\":\"ImageObject\",\"inLanguage\":\"fr-FR\",\"@id\":\"https:\/\/gymfactory.eu\/fr\/produit\/barre-log-z06\/#primaryimage\",\"url\":\"https:\/\/gymfactory.eu\/wp-content\/uploads\/2025\/04\/Z06-Log-Bar.webp\",\"contentUrl\":\"https:\/\/gymfactory.eu\/wp-content\/uploads\/2025\/04\/Z06-Log-Bar.webp\",\"width\":1500,\"height\":1500,\"caption\":\"The Z06 Log Bar is heavy-duty gym equipment designed for strength-training exercises, featuring neutral grips to improve powerlifting and functional performance.\"},{\"@type\":\"BreadcrumbList\",\"@id\":\"https:\/\/gymfactory.eu\/fr\/produit\/barre-log-z06\/#breadcrumb\",\"itemListElement\":[{\"@type\":\"ListItem\",\"position\":1,\"name\":\"Home\",\"item\":\"https:\/\/gymfactory.eu\/fr\/\"},{\"@type\":\"ListItem\",\"position\":2,\"name\":\"Catalogue\",\"item\":\"https:\/\/gymfactory.eu\/catalogue\/\"},{\"@type\":\"ListItem\",\"position\":3,\"name\":\"Barre Log Z06\"}]},{\"@type\":\"WebSite\",\"@id\":\"https:\/\/gymfactory.eu\/fr\/#website\",\"url\":\"https:\/\/gymfactory.eu\/fr\/\",\"name\":\"Gym Factory\",\"description\":\"\",\"publisher\":{\"@id\":\"https:\/\/gymfactory.eu\/fr\/#organization\"},\"potentialAction\":[{\"@type\":\"SearchAction\",\"target\":{\"@type\":\"EntryPoint\",\"urlTemplate\":\"https:\/\/gymfactory.eu\/fr\/?s={search_term_string}\"},\"query-input\":{\"@type\":\"PropertyValueSpecification\",\"valueRequired\":true,\"valueName\":\"search_term_string\"}}],\"inLanguage\":\"fr-FR\"},{\"@type\":\"Organization\",\"@id\":\"https:\/\/gymfactory.eu\/fr\/#organization\",\"name\":\"Gym Factory\",\"url\":\"https:\/\/gymfactory.eu\/fr\/\",\"logo\":{\"@type\":\"ImageObject\",\"inLanguage\":\"fr-FR\",\"@id\":\"https:\/\/gymfactory.eu\/fr\/#\/schema\/logo\/image\/\",\"url\":\"https:\/\/gymfactory.eu\/wp-content\/uploads\/2024\/11\/Component-1.svg\",\"contentUrl\":\"https:\/\/gymfactory.eu\/wp-content\/uploads\/2024\/11\/Component-1.svg\",\"width\":54,\"height\":44,\"caption\":\"Gym Factory\"},\"image\":{\"@id\":\"https:\/\/gymfactory.eu\/fr\/#\/schema\/logo\/image\/\"}}]}<\/script>\n<!-- \/ Yoast SEO plugin. -->","yoast_head_json":{"title":"Barre Log Z06 (Log Bar) | \u00c9quipement de Musculation pour le Renforcement","description":"La Barre Log Z06 est un \u00e9quipement de sport con\u00e7u pour les exercices de renforcement musculaire, offrant une prise s\u00fbre et une construction en acier solide pour la puissance et la performance.","robots":{"index":"index","follow":"follow","max-snippet":"max-snippet:-1","max-image-preview":"max-image-preview:large","max-video-preview":"max-video-preview:-1"},"canonical":"https:\/\/gymfactory.eu\/fr\/produit\/barre-log-z06\/","og_locale":"fr_FR","og_type":"article","og_title":"Barre Log Z06 (Log Bar) | \u00c9quipement de Musculation pour le Renforcement","og_description":"La Barre Log Z06 est un \u00e9quipement de sport con\u00e7u pour les exercices de renforcement musculaire, offrant une prise s\u00fbre et une construction en acier solide pour la puissance et la performance.","og_url":"https:\/\/gymfactory.eu\/fr\/produit\/barre-log-z06\/","og_site_name":"Gym Factory","og_image":[{"width":1500,"height":1500,"url":"https:\/\/gymfactory.eu\/wp-content\/uploads\/2025\/04\/Z06-Log-Bar.webp","type":"image\/webp"}],"twitter_card":"summary_large_image","twitter_misc":{"Dur\u00e9e de lecture estim\u00e9e":"1 minute"},"schema":{"@context":"https:\/\/schema.org","@graph":[{"@type":"WebPage","@id":"https:\/\/gymfactory.eu\/fr\/produit\/barre-log-z06\/","url":"https:\/\/gymfactory.eu\/fr\/produit\/barre-log-z06\/","name":"Barre Log Z06 (Log Bar) | \u00c9quipement de Musculation pour le Renforcement","isPartOf":{"@id":"https:\/\/gymfactory.eu\/fr\/#website"},"primaryImageOfPage":{"@id":"https:\/\/gymfactory.eu\/fr\/produit\/barre-log-z06\/#primaryimage"},"image":{"@id":"https:\/\/gymfactory.eu\/fr\/produit\/barre-log-z06\/#primaryimage"},"thumbnailUrl":"https:\/\/gymfactory.eu\/wp-content\/uploads\/2025\/04\/Z06-Log-Bar.webp","datePublished":"2025-04-25T08:58:18+00:00","description":"La Barre Log Z06 est un \u00e9quipement de sport con\u00e7u pour les exercices de renforcement musculaire, offrant une prise s\u00fbre et une construction en acier solide pour la puissance et la performance.","breadcrumb":{"@id":"https:\/\/gymfactory.eu\/fr\/produit\/barre-log-z06\/#breadcrumb"},"inLanguage":"fr-FR","potentialAction":[{"@type":"ReadAction","target":["https:\/\/gymfactory.eu\/fr\/produit\/barre-log-z06\/"]}]},{"@type":"ImageObject","inLanguage":"fr-FR","@id":"https:\/\/gymfactory.eu\/fr\/produit\/barre-log-z06\/#primaryimage","url":"https:\/\/gymfactory.eu\/wp-content\/uploads\/2025\/04\/Z06-Log-Bar.webp","contentUrl":"https:\/\/gymfactory.eu\/wp-content\/uploads\/2025\/04\/Z06-Log-Bar.webp","width":1500,"height":1500,"caption":"The Z06 Log Bar is heavy-duty gym equipment designed for strength-training exercises, featuring neutral grips to improve powerlifting and functional performance."},{"@type":"BreadcrumbList","@id":"https:\/\/gymfactory.eu\/fr\/produit\/barre-log-z06\/#breadcrumb","itemListElement":[{"@type":"ListItem","position":1,"name":"Home","item":"https:\/\/gymfactory.eu\/fr\/"},{"@type":"ListItem","position":2,"name":"Catalogue","item":"https:\/\/gymfactory.eu\/catalogue\/"},{"@type":"ListItem","position":3,"name":"Barre Log Z06"}]},{"@type":"WebSite","@id":"https:\/\/gymfactory.eu\/fr\/#website","url":"https:\/\/gymfactory.eu\/fr\/","name":"Gym Factory","description":"","publisher":{"@id":"https:\/\/gymfactory.eu\/fr\/#organization"},"potentialAction":[{"@type":"SearchAction","target":{"@type":"EntryPoint","urlTemplate":"https:\/\/gymfactory.eu\/fr\/?s={search_term_string}"},"query-input":{"@type":"PropertyValueSpecification","valueRequired":true,"valueName":"search_term_string"}}],"inLanguage":"fr-FR"},{"@type":"Organization","@id":"https:\/\/gymfactory.eu\/fr\/#organization","name":"Gym Factory","url":"https:\/\/gymfactory.eu\/fr\/","logo":{"@type":"ImageObject","inLanguage":"fr-FR","@id":"https:\/\/gymfactory.eu\/fr\/#\/schema\/logo\/image\/","url":"https:\/\/gymfactory.eu\/wp-content\/uploads\/2024\/11\/Component-1.svg","contentUrl":"https:\/\/gymfactory.eu\/wp-content\/uploads\/2024\/11\/Component-1.svg","width":54,"height":44,"caption":"Gym Factory"},"image":{"@id":"https:\/\/gymfactory.eu\/fr\/#\/schema\/logo\/image\/"}}]}},"_links":{"self":[{"href":"https:\/\/gymfactory.eu\/fr\/wp-json\/wp\/v2\/product\/30103","targetHints":{"allow":["GET"]}}],"collection":[{"href":"https:\/\/gymfactory.eu\/fr\/wp-json\/wp\/v2\/product"}],"about":[{"href":"https:\/\/gymfactory.eu\/fr\/wp-json\/wp\/v2\/types\/product"}],"wp:featuredmedia":[{"embeddable":true,"href":"https:\/\/gymfactory.eu\/fr\/wp-json\/wp\/v2\/media\/30104"}],"wp:attachment":[{"href":"https:\/\/gymfactory.eu\/fr\/wp-json\/wp\/v2\/media?parent=30103"}],"wp:term":[{"taxonomy":"product_brand","embeddable":true,"href":"https:\/\/gymfactory.eu\/fr\/wp-json\/wp\/v2\/product_brand?post=30103"},{"taxonomy":"product_cat","embeddable":true,"href":"https:\/\/gymfactory.eu\/fr\/wp-json\/wp\/v2\/product_cat?post=30103"},{"taxonomy":"product_tag","embeddable":true,"href":"https:\/\/gymfactory.eu\/fr\/wp-json\/wp\/v2\/product_tag?post=30103"}],"curies":[{"name":"wp","href":"https:\/\/api.w.org\/{rel}","templated":true}]}}