{"id":30101,"date":"2025-04-25T11:42:24","date_gmt":"2025-04-25T08:42:24","guid":{"rendered":"https:\/\/gymfactory.eu\/product\/support-pour-sac-de-frappe-et-trx-z01\/"},"modified":"2025-04-25T11:42:24","modified_gmt":"2025-04-25T08:42:24","slug":"support-pour-sac-de-frappe-et-trx-z01","status":"publish","type":"product","link":"https:\/\/gymfactory.eu\/fr\/produit\/support-pour-sac-de-frappe-et-trx-z01\/","title":{"rendered":"Support pour Sac de Frappe et TRX Z01"},"content":{"rendered":"<section class=\"text-token-text-primary w-full focus:outline-none [--shadow-height:45px] has-data-writing-block:pointer-events-none has-data-writing-block:-mt-(--shadow-height) has-data-writing-block:pt-(--shadow-height) [&amp;:has([data-writing-block])&gt;*]:pointer-events-auto scroll-mt-(--header-height)\" dir=\"auto\" data-turn-id=\"808fc2f7-e6eb-4bd2-bed1-920644968ff1\" data-testid=\"conversation-turn-1\" data-scroll-anchor=\"false\" data-turn=\"user\"><\/section>\n<section class=\"text-token-text-primary w-full focus:outline-none [--shadow-height:45px] has-data-writing-block:pointer-events-none has-data-writing-block:-mt-(--shadow-height) has-data-writing-block:pt-(--shadow-height) [&amp;:has([data-writing-block])&gt;*]:pointer-events-auto scroll-mt-[calc(var(--header-height)+min(200px,max(70px,20svh)))]\" dir=\"auto\" data-turn-id=\"request-WEB:c0aef222-471b-4589-9e97-48c91ce2095a-0\" data-testid=\"conversation-turn-2\" data-scroll-anchor=\"true\" data-turn=\"assistant\">\n<div class=\"text-base my-auto mx-auto pb-10 [--thread-content-margin:var(--thread-content-margin-xs,calc(var(--spacing)*4))] @w-sm\/main:[--thread-content-margin:var(--thread-content-margin-sm,calc(var(--spacing)*6))] @w-lg\/main:[--thread-content-margin:var(--thread-content-margin-lg,calc(var(--spacing)*16))] px-(--thread-content-margin)\">\n<div class=\"[--thread-content-max-width:40rem] @w-lg\/main:[--thread-content-max-width:48rem] mx-auto max-w-(--thread-content-max-width) flex-1 group\/turn-messages focus-visible:outline-hidden relative flex w-full min-w-0 flex-col agent-turn\">\n<div class=\"flex max-w-full flex-col gap-4 grow\">\n<div class=\"min-h-8 text-message relative flex w-full flex-col items-end gap-2 text-start break-words whitespace-normal outline-none keyboard-focused:focus-ring [.text-message+&amp;]:mt-1\" dir=\"auto\" tabindex=\"0\" data-message-author-role=\"assistant\" data-message-id=\"6218a3e5-ad2e-42a4-b5a0-b9262d7266dd\" data-message-model-slug=\"gpt-5-3\" data-turn-start-message=\"true\">\n<div class=\"flex w-full flex-col gap-1 empty:hidden\">\n<div class=\"markdown prose dark:prose-invert w-full wrap-break-word dark markdown-new-styling\">\n<p data-start=\"0\" data-end=\"54\"><strong data-start=\"0\" data-end=\"54\">Support pour Sac de Frappe et TRX Z01 \u2013 Fixation Murale en Acier<\/strong><\/p>\n<p data-start=\"56\" data-end=\"338\">Le Support pour Sac de Frappe Z01 (Boxing Bag Holder) est une solution murale durable, con\u00e7ue pour suspendre en toute s\u00e9curit\u00e9 les sacs de frappe et les poires d&rsquo;entra\u00eenement (punch bags) dans les environnements de sport \u00e0 domicile et professionnels. Fabriqu\u00e9 en acier de haute qualit\u00e9, il offre un point de fixation stable et fiable pour les s\u00e9ances d&rsquo;entra\u00eenement intenses. <\/p>\n<p data-start=\"340\" data-end=\"631\">Con\u00e7u dans un esprit de polyvalence, ce support dispose de multiples points de fixation, vous permettant d&rsquo;attacher diff\u00e9rents types de sacs et d&rsquo;adapter votre installation \u00e0 vos besoins d&rsquo;entra\u00eenement. C&rsquo;est un choix id\u00e9al pour quiconque recherche un moyen s\u00fbr et pratique de suspendre un sac de frappe sans compromettre la stabilit\u00e9. <\/p>\n<p data-start=\"633\" data-end=\"938\">Sa conception pliante intelligente permet au support de se replier lorsqu&rsquo;il n&rsquo;est pas utilis\u00e9, vous aidant ainsi \u00e0 gagner un espace pr\u00e9cieux et \u00e0 garder votre zone d&rsquo;entra\u00eenement propre et organis\u00e9e. En plus des sacs de frappe, le support Z01 peut \u00e9galement \u00eatre utilis\u00e9 pour fixer des sangles de suspension TRX, ce qui en fait un ajout multifonctionnel \u00e0 votre \u00e9quipement de fitness. <\/p>\n<p data-start=\"940\" data-end=\"1093\" data-is-last-node=\"\" data-is-only-node=\"\">Que vous vous entra\u00eeniez \u00e0 domicile ou que vous \u00e9quipiez une salle de sport professionnelle, le Support pour Sac de Frappe Z01 offre solidit\u00e9, flexibilit\u00e9 et gain de place.<\/p>\n<\/div>\n<\/div>\n<\/div>\n<\/div>\n<\/div>\n<\/div>\n<\/section>\n\n    <div class=\"xs_social_share_widget xs_share_url after_content \t\tmain_content  wslu-style-1 wslu-share-box-shaped wslu-fill-colored wslu-none wslu-share-horizontal wslu-theme-font-no wslu-main_content\">\n\n\t\t\n        <ul>\n\t\t\t        <\/ul>\n    <\/div> \n","protected":false},"excerpt":{"rendered":"<p>Support pour Sac de Frappe et TRX Z01 \u2013 Fixation Murale en Acier Le Support pour Sac de Frappe Z01 (Boxing Bag Holder) est une solution murale durable, con\u00e7ue pour suspendre en toute s\u00e9curit\u00e9 les sacs de frappe et les poires d&rsquo;entra\u00eenement (punch bags) dans les environnements de sport \u00e0 domicile et professionnels. Fabriqu\u00e9 en [&hellip;]<\/p>\n","protected":false},"featured_media":29655,"template":"","meta":{"_acf_changed":false},"product_brand":[56],"product_cat":[830],"product_tag":[857],"class_list":{"0":"post-30101","1":"product","2":"type-product","3":"status-publish","4":"has-post-thumbnail","6":"product_brand-gym-factory","7":"product_cat-autres-equipements-de-salle-de-sport","8":"product_tag-couleur-metal-uniquement","10":"first","11":"onbackorder","12":"taxable","13":"shipping-taxable","14":"purchasable","15":"product-type-simple"},"acf":[],"yoast_head":"<!-- This site is optimized with the Yoast SEO plugin v25.2 - https:\/\/yoast.com\/wordpress\/plugins\/seo\/ -->\n<title>Support pour Sac de Frappe Z01 | \u00c9quipement de Sport pour la Boxe<\/title>\n<meta name=\"description\" content=\"Le Support pour Sac de Frappe Z01 (Boxing Bag Holder) est un \u00e9quipement de musculation dot\u00e9 d&#039;un cadre en acier de haute qualit\u00e9, offrant durabilit\u00e9 et stabilit\u00e9 pour l&#039;entra\u00eenement \u00e0 la boxe \u00e0 domicile ou en salle.\" \/>\n<meta name=\"robots\" content=\"index, follow, max-snippet:-1, max-image-preview:large, max-video-preview:-1\" \/>\n<link rel=\"canonical\" href=\"https:\/\/gymfactory.eu\/fr\/produit\/support-pour-sac-de-frappe-et-trx-z01\/\" \/>\n<meta property=\"og:locale\" content=\"fr_FR\" \/>\n<meta property=\"og:type\" content=\"article\" \/>\n<meta property=\"og:title\" content=\"Support pour Sac de Frappe Z01 | \u00c9quipement de Sport pour la Boxe\" \/>\n<meta property=\"og:description\" content=\"Le Support pour Sac de Frappe Z01 (Boxing Bag Holder) est un \u00e9quipement de musculation dot\u00e9 d&#039;un cadre en acier de haute qualit\u00e9, offrant durabilit\u00e9 et stabilit\u00e9 pour l&#039;entra\u00eenement \u00e0 la boxe \u00e0 domicile ou en salle.\" \/>\n<meta property=\"og:url\" content=\"https:\/\/gymfactory.eu\/fr\/produit\/support-pour-sac-de-frappe-et-trx-z01\/\" \/>\n<meta property=\"og:site_name\" content=\"Gym Factory\" \/>\n<meta property=\"og:image\" content=\"https:\/\/gymfactory.eu\/wp-content\/uploads\/2025\/04\/Z01-Boxing-Bag-Holder-1.webp\" \/>\n\t<meta property=\"og:image:width\" content=\"1500\" \/>\n\t<meta property=\"og:image:height\" content=\"1500\" \/>\n\t<meta property=\"og:image:type\" content=\"image\/webp\" \/>\n<meta name=\"twitter:card\" content=\"summary_large_image\" \/>\n<meta name=\"twitter:label1\" content=\"Dur\u00e9e de lecture estim\u00e9e\" \/>\n\t<meta name=\"twitter:data1\" content=\"1 minute\" \/>\n<script type=\"application\/ld+json\" class=\"yoast-schema-graph\">{\"@context\":\"https:\/\/schema.org\",\"@graph\":[{\"@type\":\"WebPage\",\"@id\":\"https:\/\/gymfactory.eu\/fr\/produit\/support-pour-sac-de-frappe-et-trx-z01\/\",\"url\":\"https:\/\/gymfactory.eu\/fr\/produit\/support-pour-sac-de-frappe-et-trx-z01\/\",\"name\":\"Support pour Sac de Frappe Z01 | \u00c9quipement de Sport pour la Boxe\",\"isPartOf\":{\"@id\":\"https:\/\/gymfactory.eu\/fr\/#website\"},\"primaryImageOfPage\":{\"@id\":\"https:\/\/gymfactory.eu\/fr\/produit\/support-pour-sac-de-frappe-et-trx-z01\/#primaryimage\"},\"image\":{\"@id\":\"https:\/\/gymfactory.eu\/fr\/produit\/support-pour-sac-de-frappe-et-trx-z01\/#primaryimage\"},\"thumbnailUrl\":\"https:\/\/gymfactory.eu\/wp-content\/uploads\/2025\/04\/Z01-Boxing-Bag-Holder-1.webp\",\"datePublished\":\"2025-04-25T08:42:24+00:00\",\"description\":\"Le Support pour Sac de Frappe Z01 (Boxing Bag Holder) est un \u00e9quipement de musculation dot\u00e9 d'un cadre en acier de haute qualit\u00e9, offrant durabilit\u00e9 et stabilit\u00e9 pour l'entra\u00eenement \u00e0 la boxe \u00e0 domicile ou en salle.\",\"breadcrumb\":{\"@id\":\"https:\/\/gymfactory.eu\/fr\/produit\/support-pour-sac-de-frappe-et-trx-z01\/#breadcrumb\"},\"inLanguage\":\"fr-FR\",\"potentialAction\":[{\"@type\":\"ReadAction\",\"target\":[\"https:\/\/gymfactory.eu\/fr\/produit\/support-pour-sac-de-frappe-et-trx-z01\/\"]}]},{\"@type\":\"ImageObject\",\"inLanguage\":\"fr-FR\",\"@id\":\"https:\/\/gymfactory.eu\/fr\/produit\/support-pour-sac-de-frappe-et-trx-z01\/#primaryimage\",\"url\":\"https:\/\/gymfactory.eu\/wp-content\/uploads\/2025\/04\/Z01-Boxing-Bag-Holder-1.webp\",\"contentUrl\":\"https:\/\/gymfactory.eu\/wp-content\/uploads\/2025\/04\/Z01-Boxing-Bag-Holder-1.webp\",\"width\":1500,\"height\":1500,\"caption\":\"Support pour Sac de Frappe Z01 fabriqu\u00e9 en acier robuste, un \u00e9quipement de musculation fiable con\u00e7u pour soutenir en toute s\u00e9curit\u00e9 les sacs de frappe (boxing bags) suspendus dans les environnements d'entra\u00eenement.\"},{\"@type\":\"BreadcrumbList\",\"@id\":\"https:\/\/gymfactory.eu\/fr\/produit\/support-pour-sac-de-frappe-et-trx-z01\/#breadcrumb\",\"itemListElement\":[{\"@type\":\"ListItem\",\"position\":1,\"name\":\"Home\",\"item\":\"https:\/\/gymfactory.eu\/fr\/\"},{\"@type\":\"ListItem\",\"position\":2,\"name\":\"Catalogue\",\"item\":\"https:\/\/gymfactory.eu\/catalogue\/\"},{\"@type\":\"ListItem\",\"position\":3,\"name\":\"Support pour Sac de Frappe et TRX Z01\"}]},{\"@type\":\"WebSite\",\"@id\":\"https:\/\/gymfactory.eu\/fr\/#website\",\"url\":\"https:\/\/gymfactory.eu\/fr\/\",\"name\":\"Gym Factory\",\"description\":\"\",\"publisher\":{\"@id\":\"https:\/\/gymfactory.eu\/fr\/#organization\"},\"potentialAction\":[{\"@type\":\"SearchAction\",\"target\":{\"@type\":\"EntryPoint\",\"urlTemplate\":\"https:\/\/gymfactory.eu\/fr\/?s={search_term_string}\"},\"query-input\":{\"@type\":\"PropertyValueSpecification\",\"valueRequired\":true,\"valueName\":\"search_term_string\"}}],\"inLanguage\":\"fr-FR\"},{\"@type\":\"Organization\",\"@id\":\"https:\/\/gymfactory.eu\/fr\/#organization\",\"name\":\"Gym Factory\",\"url\":\"https:\/\/gymfactory.eu\/fr\/\",\"logo\":{\"@type\":\"ImageObject\",\"inLanguage\":\"fr-FR\",\"@id\":\"https:\/\/gymfactory.eu\/fr\/#\/schema\/logo\/image\/\",\"url\":\"https:\/\/gymfactory.eu\/wp-content\/uploads\/2024\/11\/Component-1.svg\",\"contentUrl\":\"https:\/\/gymfactory.eu\/wp-content\/uploads\/2024\/11\/Component-1.svg\",\"width\":54,\"height\":44,\"caption\":\"Gym Factory\"},\"image\":{\"@id\":\"https:\/\/gymfactory.eu\/fr\/#\/schema\/logo\/image\/\"}}]}<\/script>\n<!-- \/ Yoast SEO plugin. -->","yoast_head_json":{"title":"Support pour Sac de Frappe Z01 | \u00c9quipement de Sport pour la Boxe","description":"Le Support pour Sac de Frappe Z01 (Boxing Bag Holder) est un \u00e9quipement de musculation dot\u00e9 d'un cadre en acier de haute qualit\u00e9, offrant durabilit\u00e9 et stabilit\u00e9 pour l'entra\u00eenement \u00e0 la boxe \u00e0 domicile ou en salle.","robots":{"index":"index","follow":"follow","max-snippet":"max-snippet:-1","max-image-preview":"max-image-preview:large","max-video-preview":"max-video-preview:-1"},"canonical":"https:\/\/gymfactory.eu\/fr\/produit\/support-pour-sac-de-frappe-et-trx-z01\/","og_locale":"fr_FR","og_type":"article","og_title":"Support pour Sac de Frappe Z01 | \u00c9quipement de Sport pour la Boxe","og_description":"Le Support pour Sac de Frappe Z01 (Boxing Bag Holder) est un \u00e9quipement de musculation dot\u00e9 d'un cadre en acier de haute qualit\u00e9, offrant durabilit\u00e9 et stabilit\u00e9 pour l'entra\u00eenement \u00e0 la boxe \u00e0 domicile ou en salle.","og_url":"https:\/\/gymfactory.eu\/fr\/produit\/support-pour-sac-de-frappe-et-trx-z01\/","og_site_name":"Gym Factory","og_image":[{"width":1500,"height":1500,"url":"https:\/\/gymfactory.eu\/wp-content\/uploads\/2025\/04\/Z01-Boxing-Bag-Holder-1.webp","type":"image\/webp"}],"twitter_card":"summary_large_image","twitter_misc":{"Dur\u00e9e de lecture estim\u00e9e":"1 minute"},"schema":{"@context":"https:\/\/schema.org","@graph":[{"@type":"WebPage","@id":"https:\/\/gymfactory.eu\/fr\/produit\/support-pour-sac-de-frappe-et-trx-z01\/","url":"https:\/\/gymfactory.eu\/fr\/produit\/support-pour-sac-de-frappe-et-trx-z01\/","name":"Support pour Sac de Frappe Z01 | \u00c9quipement de Sport pour la Boxe","isPartOf":{"@id":"https:\/\/gymfactory.eu\/fr\/#website"},"primaryImageOfPage":{"@id":"https:\/\/gymfactory.eu\/fr\/produit\/support-pour-sac-de-frappe-et-trx-z01\/#primaryimage"},"image":{"@id":"https:\/\/gymfactory.eu\/fr\/produit\/support-pour-sac-de-frappe-et-trx-z01\/#primaryimage"},"thumbnailUrl":"https:\/\/gymfactory.eu\/wp-content\/uploads\/2025\/04\/Z01-Boxing-Bag-Holder-1.webp","datePublished":"2025-04-25T08:42:24+00:00","description":"Le Support pour Sac de Frappe Z01 (Boxing Bag Holder) est un \u00e9quipement de musculation dot\u00e9 d'un cadre en acier de haute qualit\u00e9, offrant durabilit\u00e9 et stabilit\u00e9 pour l'entra\u00eenement \u00e0 la boxe \u00e0 domicile ou en salle.","breadcrumb":{"@id":"https:\/\/gymfactory.eu\/fr\/produit\/support-pour-sac-de-frappe-et-trx-z01\/#breadcrumb"},"inLanguage":"fr-FR","potentialAction":[{"@type":"ReadAction","target":["https:\/\/gymfactory.eu\/fr\/produit\/support-pour-sac-de-frappe-et-trx-z01\/"]}]},{"@type":"ImageObject","inLanguage":"fr-FR","@id":"https:\/\/gymfactory.eu\/fr\/produit\/support-pour-sac-de-frappe-et-trx-z01\/#primaryimage","url":"https:\/\/gymfactory.eu\/wp-content\/uploads\/2025\/04\/Z01-Boxing-Bag-Holder-1.webp","contentUrl":"https:\/\/gymfactory.eu\/wp-content\/uploads\/2025\/04\/Z01-Boxing-Bag-Holder-1.webp","width":1500,"height":1500,"caption":"Support pour Sac de Frappe Z01 fabriqu\u00e9 en acier robuste, un \u00e9quipement de musculation fiable con\u00e7u pour soutenir en toute s\u00e9curit\u00e9 les sacs de frappe (boxing bags) suspendus dans les environnements d'entra\u00eenement."},{"@type":"BreadcrumbList","@id":"https:\/\/gymfactory.eu\/fr\/produit\/support-pour-sac-de-frappe-et-trx-z01\/#breadcrumb","itemListElement":[{"@type":"ListItem","position":1,"name":"Home","item":"https:\/\/gymfactory.eu\/fr\/"},{"@type":"ListItem","position":2,"name":"Catalogue","item":"https:\/\/gymfactory.eu\/catalogue\/"},{"@type":"ListItem","position":3,"name":"Support pour Sac de Frappe et TRX Z01"}]},{"@type":"WebSite","@id":"https:\/\/gymfactory.eu\/fr\/#website","url":"https:\/\/gymfactory.eu\/fr\/","name":"Gym Factory","description":"","publisher":{"@id":"https:\/\/gymfactory.eu\/fr\/#organization"},"potentialAction":[{"@type":"SearchAction","target":{"@type":"EntryPoint","urlTemplate":"https:\/\/gymfactory.eu\/fr\/?s={search_term_string}"},"query-input":{"@type":"PropertyValueSpecification","valueRequired":true,"valueName":"search_term_string"}}],"inLanguage":"fr-FR"},{"@type":"Organization","@id":"https:\/\/gymfactory.eu\/fr\/#organization","name":"Gym Factory","url":"https:\/\/gymfactory.eu\/fr\/","logo":{"@type":"ImageObject","inLanguage":"fr-FR","@id":"https:\/\/gymfactory.eu\/fr\/#\/schema\/logo\/image\/","url":"https:\/\/gymfactory.eu\/wp-content\/uploads\/2024\/11\/Component-1.svg","contentUrl":"https:\/\/gymfactory.eu\/wp-content\/uploads\/2024\/11\/Component-1.svg","width":54,"height":44,"caption":"Gym Factory"},"image":{"@id":"https:\/\/gymfactory.eu\/fr\/#\/schema\/logo\/image\/"}}]}},"_links":{"self":[{"href":"https:\/\/gymfactory.eu\/fr\/wp-json\/wp\/v2\/product\/30101","targetHints":{"allow":["GET"]}}],"collection":[{"href":"https:\/\/gymfactory.eu\/fr\/wp-json\/wp\/v2\/product"}],"about":[{"href":"https:\/\/gymfactory.eu\/fr\/wp-json\/wp\/v2\/types\/product"}],"wp:featuredmedia":[{"embeddable":true,"href":"https:\/\/gymfactory.eu\/fr\/wp-json\/wp\/v2\/media\/29655"}],"wp:attachment":[{"href":"https:\/\/gymfactory.eu\/fr\/wp-json\/wp\/v2\/media?parent=30101"}],"wp:term":[{"taxonomy":"product_brand","embeddable":true,"href":"https:\/\/gymfactory.eu\/fr\/wp-json\/wp\/v2\/product_brand?post=30101"},{"taxonomy":"product_cat","embeddable":true,"href":"https:\/\/gymfactory.eu\/fr\/wp-json\/wp\/v2\/product_cat?post=30101"},{"taxonomy":"product_tag","embeddable":true,"href":"https:\/\/gymfactory.eu\/fr\/wp-json\/wp\/v2\/product_tag?post=30101"}],"curies":[{"name":"wp","href":"https:\/\/api.w.org\/{rel}","templated":true}]}}