{"id":30099,"date":"2025-04-25T11:06:19","date_gmt":"2025-04-25T08:06:19","guid":{"rendered":"https:\/\/gymfactory.eu\/product\/ventilateur-de-plafond-v5x\/"},"modified":"2025-04-25T11:06:19","modified_gmt":"2025-04-25T08:06:19","slug":"ventilateur-de-plafond-v5x","status":"publish","type":"product","link":"https:\/\/gymfactory.eu\/fr\/produit\/ventilateur-de-plafond-v5x\/","title":{"rendered":"Ventilateur de Plafond V5X"},"content":{"rendered":"<p>Le Ventilateur de Plafond V5X est un \u00e9quipement de sport commercial haute performance, con\u00e7u pour am\u00e9liorer la circulation de l&rsquo;air (airflow) et le confort dans les centres de fitness et les espaces d&rsquo;entra\u00eenement. La vitesse du ventilateur est r\u00e9glable, ce qui permet de l&rsquo;adapter facilement \u00e0 la taille de la pi\u00e8ce, aux besoins de circulation d&rsquo;air ou aux pr\u00e9f\u00e9rences de l&rsquo;utilisateur. <\/p>\n<p>Con\u00e7u pour un fonctionnement fiable dans des environnements actifs, le Ventilateur de Plafond V5X aide \u00e0 maintenir une atmosph\u00e8re confortable tout au long de la journ\u00e9e d&rsquo;entra\u00eenement.<\/p>\n\n    <div class=\"xs_social_share_widget xs_share_url after_content \t\tmain_content  wslu-style-1 wslu-share-box-shaped wslu-fill-colored wslu-none wslu-share-horizontal wslu-theme-font-no wslu-main_content\">\n\n\t\t\n        <ul>\n\t\t\t        <\/ul>\n    <\/div> \n","protected":false},"excerpt":{"rendered":"<p>Le Ventilateur de Plafond V5X est un \u00e9quipement de sport commercial haute performance, con\u00e7u pour am\u00e9liorer la circulation de l&rsquo;air (airflow) et le confort dans les centres de fitness et les espaces d&rsquo;entra\u00eenement. La vitesse du ventilateur est r\u00e9glable, ce qui permet de l&rsquo;adapter facilement \u00e0 la taille de la pi\u00e8ce, aux besoins de circulation [&hellip;]<\/p>\n","protected":false},"featured_media":30100,"template":"","meta":{"_acf_changed":false},"product_brand":[56],"product_cat":[830],"product_tag":[857],"class_list":{"0":"post-30099","1":"product","2":"type-product","3":"status-publish","4":"has-post-thumbnail","6":"product_brand-gym-factory","7":"product_cat-autres-equipements-de-salle-de-sport","8":"product_tag-couleur-metal-uniquement","10":"first","11":"onbackorder","12":"taxable","13":"shipping-taxable","14":"purchasable","15":"product-type-simple"},"acf":[],"yoast_head":"<!-- This site is optimized with the Yoast SEO plugin v25.2 - https:\/\/yoast.com\/wordpress\/plugins\/seo\/ -->\n<title>Ventilateur de Plafond V5X | \u00c9quipement de Salle de Sport Commerciale pour la Ventilation<\/title>\n<meta name=\"description\" content=\"Le Ventilateur de Plafond V5X est un \u00e9quipement de sport professionnel qui am\u00e9liore la circulation de l&#039;air et assure un confort optimal pendant les s\u00e9ances intenses.\" \/>\n<meta name=\"robots\" content=\"index, follow, max-snippet:-1, max-image-preview:large, max-video-preview:-1\" \/>\n<link rel=\"canonical\" href=\"https:\/\/gymfactory.eu\/fr\/produit\/ventilateur-de-plafond-v5x\/\" \/>\n<meta property=\"og:locale\" content=\"fr_FR\" \/>\n<meta property=\"og:type\" content=\"article\" \/>\n<meta property=\"og:title\" content=\"Ventilateur de Plafond V5X | \u00c9quipement de Salle de Sport Commerciale pour la Ventilation\" \/>\n<meta property=\"og:description\" content=\"Le Ventilateur de Plafond V5X est un \u00e9quipement de sport professionnel qui am\u00e9liore la circulation de l&#039;air et assure un confort optimal pendant les s\u00e9ances intenses.\" \/>\n<meta property=\"og:url\" content=\"https:\/\/gymfactory.eu\/fr\/produit\/ventilateur-de-plafond-v5x\/\" \/>\n<meta property=\"og:site_name\" content=\"Gym Factory\" \/>\n<meta property=\"og:image\" content=\"https:\/\/gymfactory.eu\/wp-content\/uploads\/2025\/04\/V5X-Ceiling-Fan.webp\" \/>\n\t<meta property=\"og:image:width\" content=\"1500\" \/>\n\t<meta property=\"og:image:height\" content=\"1500\" \/>\n\t<meta property=\"og:image:type\" content=\"image\/webp\" \/>\n<meta name=\"twitter:card\" content=\"summary_large_image\" \/>\n<script type=\"application\/ld+json\" class=\"yoast-schema-graph\">{\"@context\":\"https:\/\/schema.org\",\"@graph\":[{\"@type\":\"WebPage\",\"@id\":\"https:\/\/gymfactory.eu\/fr\/produit\/ventilateur-de-plafond-v5x\/\",\"url\":\"https:\/\/gymfactory.eu\/fr\/produit\/ventilateur-de-plafond-v5x\/\",\"name\":\"Ventilateur de Plafond V5X | \u00c9quipement de Salle de Sport Commerciale pour la Ventilation\",\"isPartOf\":{\"@id\":\"https:\/\/gymfactory.eu\/fr\/#website\"},\"primaryImageOfPage\":{\"@id\":\"https:\/\/gymfactory.eu\/fr\/produit\/ventilateur-de-plafond-v5x\/#primaryimage\"},\"image\":{\"@id\":\"https:\/\/gymfactory.eu\/fr\/produit\/ventilateur-de-plafond-v5x\/#primaryimage\"},\"thumbnailUrl\":\"https:\/\/gymfactory.eu\/wp-content\/uploads\/2025\/04\/V5X-Ceiling-Fan.webp\",\"datePublished\":\"2025-04-25T08:06:19+00:00\",\"description\":\"Le Ventilateur de Plafond V5X est un \u00e9quipement de sport professionnel qui am\u00e9liore la circulation de l'air et assure un confort optimal pendant les s\u00e9ances intenses.\",\"breadcrumb\":{\"@id\":\"https:\/\/gymfactory.eu\/fr\/produit\/ventilateur-de-plafond-v5x\/#breadcrumb\"},\"inLanguage\":\"fr-FR\",\"potentialAction\":[{\"@type\":\"ReadAction\",\"target\":[\"https:\/\/gymfactory.eu\/fr\/produit\/ventilateur-de-plafond-v5x\/\"]}]},{\"@type\":\"ImageObject\",\"inLanguage\":\"fr-FR\",\"@id\":\"https:\/\/gymfactory.eu\/fr\/produit\/ventilateur-de-plafond-v5x\/#primaryimage\",\"url\":\"https:\/\/gymfactory.eu\/wp-content\/uploads\/2025\/04\/V5X-Ceiling-Fan.webp\",\"contentUrl\":\"https:\/\/gymfactory.eu\/wp-content\/uploads\/2025\/04\/V5X-Ceiling-Fan.webp\",\"width\":1500,\"height\":1500,\"caption\":\"The V5X Ceiling Fan is powerful commercial gym equipment designed to enhance airflow and maintain optimal training conditions in large workout spaces.\"},{\"@type\":\"BreadcrumbList\",\"@id\":\"https:\/\/gymfactory.eu\/fr\/produit\/ventilateur-de-plafond-v5x\/#breadcrumb\",\"itemListElement\":[{\"@type\":\"ListItem\",\"position\":1,\"name\":\"Home\",\"item\":\"https:\/\/gymfactory.eu\/fr\/\"},{\"@type\":\"ListItem\",\"position\":2,\"name\":\"Catalogue\",\"item\":\"https:\/\/gymfactory.eu\/catalogue\/\"},{\"@type\":\"ListItem\",\"position\":3,\"name\":\"Ventilateur de Plafond V5X\"}]},{\"@type\":\"WebSite\",\"@id\":\"https:\/\/gymfactory.eu\/fr\/#website\",\"url\":\"https:\/\/gymfactory.eu\/fr\/\",\"name\":\"Gym Factory\",\"description\":\"\",\"publisher\":{\"@id\":\"https:\/\/gymfactory.eu\/fr\/#organization\"},\"potentialAction\":[{\"@type\":\"SearchAction\",\"target\":{\"@type\":\"EntryPoint\",\"urlTemplate\":\"https:\/\/gymfactory.eu\/fr\/?s={search_term_string}\"},\"query-input\":{\"@type\":\"PropertyValueSpecification\",\"valueRequired\":true,\"valueName\":\"search_term_string\"}}],\"inLanguage\":\"fr-FR\"},{\"@type\":\"Organization\",\"@id\":\"https:\/\/gymfactory.eu\/fr\/#organization\",\"name\":\"Gym Factory\",\"url\":\"https:\/\/gymfactory.eu\/fr\/\",\"logo\":{\"@type\":\"ImageObject\",\"inLanguage\":\"fr-FR\",\"@id\":\"https:\/\/gymfactory.eu\/fr\/#\/schema\/logo\/image\/\",\"url\":\"https:\/\/gymfactory.eu\/wp-content\/uploads\/2024\/11\/Component-1.svg\",\"contentUrl\":\"https:\/\/gymfactory.eu\/wp-content\/uploads\/2024\/11\/Component-1.svg\",\"width\":54,\"height\":44,\"caption\":\"Gym Factory\"},\"image\":{\"@id\":\"https:\/\/gymfactory.eu\/fr\/#\/schema\/logo\/image\/\"}}]}<\/script>\n<!-- \/ Yoast SEO plugin. -->","yoast_head_json":{"title":"Ventilateur de Plafond V5X | \u00c9quipement de Salle de Sport Commerciale pour la Ventilation","description":"Le Ventilateur de Plafond V5X est un \u00e9quipement de sport professionnel qui am\u00e9liore la circulation de l'air et assure un confort optimal pendant les s\u00e9ances intenses.","robots":{"index":"index","follow":"follow","max-snippet":"max-snippet:-1","max-image-preview":"max-image-preview:large","max-video-preview":"max-video-preview:-1"},"canonical":"https:\/\/gymfactory.eu\/fr\/produit\/ventilateur-de-plafond-v5x\/","og_locale":"fr_FR","og_type":"article","og_title":"Ventilateur de Plafond V5X | \u00c9quipement de Salle de Sport Commerciale pour la Ventilation","og_description":"Le Ventilateur de Plafond V5X est un \u00e9quipement de sport professionnel qui am\u00e9liore la circulation de l'air et assure un confort optimal pendant les s\u00e9ances intenses.","og_url":"https:\/\/gymfactory.eu\/fr\/produit\/ventilateur-de-plafond-v5x\/","og_site_name":"Gym Factory","og_image":[{"width":1500,"height":1500,"url":"https:\/\/gymfactory.eu\/wp-content\/uploads\/2025\/04\/V5X-Ceiling-Fan.webp","type":"image\/webp"}],"twitter_card":"summary_large_image","schema":{"@context":"https:\/\/schema.org","@graph":[{"@type":"WebPage","@id":"https:\/\/gymfactory.eu\/fr\/produit\/ventilateur-de-plafond-v5x\/","url":"https:\/\/gymfactory.eu\/fr\/produit\/ventilateur-de-plafond-v5x\/","name":"Ventilateur de Plafond V5X | \u00c9quipement de Salle de Sport Commerciale pour la Ventilation","isPartOf":{"@id":"https:\/\/gymfactory.eu\/fr\/#website"},"primaryImageOfPage":{"@id":"https:\/\/gymfactory.eu\/fr\/produit\/ventilateur-de-plafond-v5x\/#primaryimage"},"image":{"@id":"https:\/\/gymfactory.eu\/fr\/produit\/ventilateur-de-plafond-v5x\/#primaryimage"},"thumbnailUrl":"https:\/\/gymfactory.eu\/wp-content\/uploads\/2025\/04\/V5X-Ceiling-Fan.webp","datePublished":"2025-04-25T08:06:19+00:00","description":"Le Ventilateur de Plafond V5X est un \u00e9quipement de sport professionnel qui am\u00e9liore la circulation de l'air et assure un confort optimal pendant les s\u00e9ances intenses.","breadcrumb":{"@id":"https:\/\/gymfactory.eu\/fr\/produit\/ventilateur-de-plafond-v5x\/#breadcrumb"},"inLanguage":"fr-FR","potentialAction":[{"@type":"ReadAction","target":["https:\/\/gymfactory.eu\/fr\/produit\/ventilateur-de-plafond-v5x\/"]}]},{"@type":"ImageObject","inLanguage":"fr-FR","@id":"https:\/\/gymfactory.eu\/fr\/produit\/ventilateur-de-plafond-v5x\/#primaryimage","url":"https:\/\/gymfactory.eu\/wp-content\/uploads\/2025\/04\/V5X-Ceiling-Fan.webp","contentUrl":"https:\/\/gymfactory.eu\/wp-content\/uploads\/2025\/04\/V5X-Ceiling-Fan.webp","width":1500,"height":1500,"caption":"The V5X Ceiling Fan is powerful commercial gym equipment designed to enhance airflow and maintain optimal training conditions in large workout spaces."},{"@type":"BreadcrumbList","@id":"https:\/\/gymfactory.eu\/fr\/produit\/ventilateur-de-plafond-v5x\/#breadcrumb","itemListElement":[{"@type":"ListItem","position":1,"name":"Home","item":"https:\/\/gymfactory.eu\/fr\/"},{"@type":"ListItem","position":2,"name":"Catalogue","item":"https:\/\/gymfactory.eu\/catalogue\/"},{"@type":"ListItem","position":3,"name":"Ventilateur de Plafond V5X"}]},{"@type":"WebSite","@id":"https:\/\/gymfactory.eu\/fr\/#website","url":"https:\/\/gymfactory.eu\/fr\/","name":"Gym Factory","description":"","publisher":{"@id":"https:\/\/gymfactory.eu\/fr\/#organization"},"potentialAction":[{"@type":"SearchAction","target":{"@type":"EntryPoint","urlTemplate":"https:\/\/gymfactory.eu\/fr\/?s={search_term_string}"},"query-input":{"@type":"PropertyValueSpecification","valueRequired":true,"valueName":"search_term_string"}}],"inLanguage":"fr-FR"},{"@type":"Organization","@id":"https:\/\/gymfactory.eu\/fr\/#organization","name":"Gym Factory","url":"https:\/\/gymfactory.eu\/fr\/","logo":{"@type":"ImageObject","inLanguage":"fr-FR","@id":"https:\/\/gymfactory.eu\/fr\/#\/schema\/logo\/image\/","url":"https:\/\/gymfactory.eu\/wp-content\/uploads\/2024\/11\/Component-1.svg","contentUrl":"https:\/\/gymfactory.eu\/wp-content\/uploads\/2024\/11\/Component-1.svg","width":54,"height":44,"caption":"Gym Factory"},"image":{"@id":"https:\/\/gymfactory.eu\/fr\/#\/schema\/logo\/image\/"}}]}},"_links":{"self":[{"href":"https:\/\/gymfactory.eu\/fr\/wp-json\/wp\/v2\/product\/30099","targetHints":{"allow":["GET"]}}],"collection":[{"href":"https:\/\/gymfactory.eu\/fr\/wp-json\/wp\/v2\/product"}],"about":[{"href":"https:\/\/gymfactory.eu\/fr\/wp-json\/wp\/v2\/types\/product"}],"wp:featuredmedia":[{"embeddable":true,"href":"https:\/\/gymfactory.eu\/fr\/wp-json\/wp\/v2\/media\/30100"}],"wp:attachment":[{"href":"https:\/\/gymfactory.eu\/fr\/wp-json\/wp\/v2\/media?parent=30099"}],"wp:term":[{"taxonomy":"product_brand","embeddable":true,"href":"https:\/\/gymfactory.eu\/fr\/wp-json\/wp\/v2\/product_brand?post=30099"},{"taxonomy":"product_cat","embeddable":true,"href":"https:\/\/gymfactory.eu\/fr\/wp-json\/wp\/v2\/product_cat?post=30099"},{"taxonomy":"product_tag","embeddable":true,"href":"https:\/\/gymfactory.eu\/fr\/wp-json\/wp\/v2\/product_tag?post=30099"}],"curies":[{"name":"wp","href":"https:\/\/api.w.org\/{rel}","templated":true}]}}