{"id":30064,"date":"2025-04-24T17:39:23","date_gmt":"2025-04-24T14:39:23","guid":{"rendered":"https:\/\/gymfactory.eu\/product\/support-de-squat-bulgare-s2\/"},"modified":"2025-04-24T17:39:23","modified_gmt":"2025-04-24T14:39:23","slug":"support-de-squat-bulgare-s2","status":"publish","type":"product","link":"https:\/\/gymfactory.eu\/fr\/produit\/support-de-squat-bulgare-s2\/","title":{"rendered":"Support de Squat Bulgare S2"},"content":{"rendered":"<p>Le Support de Squat Bulgare S2 est un \u00e9quipement de musculation compact, con\u00e7u pour le Bulgarian split squat \u2014 un exercice de jambe unilat\u00e9ral qui d\u00e9veloppe la force, l&rsquo;\u00e9quilibre et le contr\u00f4le. Adapt\u00e9 aux installations de sport \u00e0 domicile et commerciales, il offre un support stable et r\u00e9glable pour le pied arri\u00e8re. <\/p>\n<p>Le coussin cylindrique rembourr\u00e9 (sellerie) est r\u00e9glable en hauteur, permettant aux utilisateurs de trouver la position du pied la plus confortable et la plus efficace. Cela favorise une ex\u00e9cution correcte et un bon alignement articulaire tout au long du mouvement. <\/p>\n<p>Durable et peu encombrant, le support de squat bulgare est un outil sp\u00e9cialis\u00e9 pour le d\u00e9veloppement du bas du corps.<\/p>\n\n    <div class=\"xs_social_share_widget xs_share_url after_content \t\tmain_content  wslu-style-1 wslu-share-box-shaped wslu-fill-colored wslu-none wslu-share-horizontal wslu-theme-font-no wslu-main_content\">\n\n\t\t\n        <ul>\n\t\t\t        <\/ul>\n    <\/div> \n","protected":false},"excerpt":{"rendered":"<p>Le Support de Squat Bulgare S2 est un \u00e9quipement de musculation compact, con\u00e7u pour le Bulgarian split squat \u2014 un exercice de jambe unilat\u00e9ral qui d\u00e9veloppe la force, l&rsquo;\u00e9quilibre et le contr\u00f4le. Adapt\u00e9 aux installations de sport \u00e0 domicile et commerciales, il offre un support stable et r\u00e9glable pour le pied arri\u00e8re. Le coussin cylindrique [&hellip;]<\/p>\n","protected":false},"featured_media":30065,"template":"","meta":{"_acf_changed":false},"product_brand":[56],"product_cat":[830],"product_tag":[],"class_list":{"0":"post-30064","1":"product","2":"type-product","3":"status-publish","4":"has-post-thumbnail","6":"product_brand-gym-factory","7":"product_cat-autres-equipements-de-salle-de-sport","9":"first","10":"onbackorder","11":"taxable","12":"shipping-taxable","13":"purchasable","14":"product-type-variable"},"acf":[],"yoast_head":"<!-- This site is optimized with the Yoast SEO plugin v25.2 - https:\/\/yoast.com\/wordpress\/plugins\/seo\/ -->\n<title>Support de Squat Bulgare S2 | \u00c9quipement pour l&#039;Entra\u00eenement des Jambes<\/title>\n<meta name=\"description\" content=\"Le support de squat bulgare S2 (Single Leg Squat Stand) est con\u00e7u pour des exercices de renforcement musculaire cibl\u00e9s. Id\u00e9al pour am\u00e9liorer l&#039;\u00e9quilibre et la stabilit\u00e9 lors des s\u00e9ances unilat\u00e9rales.\" \/>\n<meta name=\"robots\" content=\"index, follow, max-snippet:-1, max-image-preview:large, max-video-preview:-1\" \/>\n<link rel=\"canonical\" href=\"https:\/\/gymfactory.eu\/fr\/produit\/support-de-squat-bulgare-s2\/\" \/>\n<meta property=\"og:locale\" content=\"fr_FR\" \/>\n<meta property=\"og:type\" content=\"article\" \/>\n<meta property=\"og:title\" content=\"Support de Squat Bulgare S2 | \u00c9quipement pour l&#039;Entra\u00eenement des Jambes\" \/>\n<meta property=\"og:description\" content=\"Le support de squat bulgare S2 (Single Leg Squat Stand) est con\u00e7u pour des exercices de renforcement musculaire cibl\u00e9s. Id\u00e9al pour am\u00e9liorer l&#039;\u00e9quilibre et la stabilit\u00e9 lors des s\u00e9ances unilat\u00e9rales.\" \/>\n<meta property=\"og:url\" content=\"https:\/\/gymfactory.eu\/fr\/produit\/support-de-squat-bulgare-s2\/\" \/>\n<meta property=\"og:site_name\" content=\"Gym Factory\" \/>\n<meta property=\"og:image\" content=\"https:\/\/gymfactory.eu\/wp-content\/uploads\/2025\/04\/S2-Single-Leg-Squat-Stand.webp\" \/>\n\t<meta property=\"og:image:width\" content=\"1500\" \/>\n\t<meta property=\"og:image:height\" content=\"1500\" \/>\n\t<meta property=\"og:image:type\" content=\"image\/webp\" \/>\n<meta name=\"twitter:card\" content=\"summary_large_image\" \/>\n<meta name=\"twitter:label1\" content=\"Dur\u00e9e de lecture estim\u00e9e\" \/>\n\t<meta name=\"twitter:data1\" content=\"1 minute\" \/>\n<script type=\"application\/ld+json\" class=\"yoast-schema-graph\">{\"@context\":\"https:\/\/schema.org\",\"@graph\":[{\"@type\":\"WebPage\",\"@id\":\"https:\/\/gymfactory.eu\/fr\/produit\/support-de-squat-bulgare-s2\/\",\"url\":\"https:\/\/gymfactory.eu\/fr\/produit\/support-de-squat-bulgare-s2\/\",\"name\":\"Support de Squat Bulgare S2 | \u00c9quipement pour l'Entra\u00eenement des Jambes\",\"isPartOf\":{\"@id\":\"https:\/\/gymfactory.eu\/fr\/#website\"},\"primaryImageOfPage\":{\"@id\":\"https:\/\/gymfactory.eu\/fr\/produit\/support-de-squat-bulgare-s2\/#primaryimage\"},\"image\":{\"@id\":\"https:\/\/gymfactory.eu\/fr\/produit\/support-de-squat-bulgare-s2\/#primaryimage\"},\"thumbnailUrl\":\"https:\/\/gymfactory.eu\/wp-content\/uploads\/2025\/04\/S2-Single-Leg-Squat-Stand.webp\",\"datePublished\":\"2025-04-24T14:39:23+00:00\",\"description\":\"Le support de squat bulgare S2 (Single Leg Squat Stand) est con\u00e7u pour des exercices de renforcement musculaire cibl\u00e9s. Id\u00e9al pour am\u00e9liorer l'\u00e9quilibre et la stabilit\u00e9 lors des s\u00e9ances unilat\u00e9rales.\",\"breadcrumb\":{\"@id\":\"https:\/\/gymfactory.eu\/fr\/produit\/support-de-squat-bulgare-s2\/#breadcrumb\"},\"inLanguage\":\"fr-FR\",\"potentialAction\":[{\"@type\":\"ReadAction\",\"target\":[\"https:\/\/gymfactory.eu\/fr\/produit\/support-de-squat-bulgare-s2\/\"]}]},{\"@type\":\"ImageObject\",\"inLanguage\":\"fr-FR\",\"@id\":\"https:\/\/gymfactory.eu\/fr\/produit\/support-de-squat-bulgare-s2\/#primaryimage\",\"url\":\"https:\/\/gymfactory.eu\/wp-content\/uploads\/2025\/04\/S2-Single-Leg-Squat-Stand.webp\",\"contentUrl\":\"https:\/\/gymfactory.eu\/wp-content\/uploads\/2025\/04\/S2-Single-Leg-Squat-Stand.webp\",\"width\":1500,\"height\":1500,\"caption\":\"The S2 Single Leg Squat Stand is compact gym equipment designed to support balance and control during single-leg strength-training exercises.\"},{\"@type\":\"BreadcrumbList\",\"@id\":\"https:\/\/gymfactory.eu\/fr\/produit\/support-de-squat-bulgare-s2\/#breadcrumb\",\"itemListElement\":[{\"@type\":\"ListItem\",\"position\":1,\"name\":\"Home\",\"item\":\"https:\/\/gymfactory.eu\/fr\/\"},{\"@type\":\"ListItem\",\"position\":2,\"name\":\"Catalogue\",\"item\":\"https:\/\/gymfactory.eu\/catalogue\/\"},{\"@type\":\"ListItem\",\"position\":3,\"name\":\"Support de Squat Bulgare S2\"}]},{\"@type\":\"WebSite\",\"@id\":\"https:\/\/gymfactory.eu\/fr\/#website\",\"url\":\"https:\/\/gymfactory.eu\/fr\/\",\"name\":\"Gym Factory\",\"description\":\"\",\"publisher\":{\"@id\":\"https:\/\/gymfactory.eu\/fr\/#organization\"},\"potentialAction\":[{\"@type\":\"SearchAction\",\"target\":{\"@type\":\"EntryPoint\",\"urlTemplate\":\"https:\/\/gymfactory.eu\/fr\/?s={search_term_string}\"},\"query-input\":{\"@type\":\"PropertyValueSpecification\",\"valueRequired\":true,\"valueName\":\"search_term_string\"}}],\"inLanguage\":\"fr-FR\"},{\"@type\":\"Organization\",\"@id\":\"https:\/\/gymfactory.eu\/fr\/#organization\",\"name\":\"Gym Factory\",\"url\":\"https:\/\/gymfactory.eu\/fr\/\",\"logo\":{\"@type\":\"ImageObject\",\"inLanguage\":\"fr-FR\",\"@id\":\"https:\/\/gymfactory.eu\/fr\/#\/schema\/logo\/image\/\",\"url\":\"https:\/\/gymfactory.eu\/wp-content\/uploads\/2024\/11\/Component-1.svg\",\"contentUrl\":\"https:\/\/gymfactory.eu\/wp-content\/uploads\/2024\/11\/Component-1.svg\",\"width\":54,\"height\":44,\"caption\":\"Gym Factory\"},\"image\":{\"@id\":\"https:\/\/gymfactory.eu\/fr\/#\/schema\/logo\/image\/\"}}]}<\/script>\n<!-- \/ Yoast SEO plugin. -->","yoast_head_json":{"title":"Support de Squat Bulgare S2 | \u00c9quipement pour l'Entra\u00eenement des Jambes","description":"Le support de squat bulgare S2 (Single Leg Squat Stand) est con\u00e7u pour des exercices de renforcement musculaire cibl\u00e9s. Id\u00e9al pour am\u00e9liorer l'\u00e9quilibre et la stabilit\u00e9 lors des s\u00e9ances unilat\u00e9rales.","robots":{"index":"index","follow":"follow","max-snippet":"max-snippet:-1","max-image-preview":"max-image-preview:large","max-video-preview":"max-video-preview:-1"},"canonical":"https:\/\/gymfactory.eu\/fr\/produit\/support-de-squat-bulgare-s2\/","og_locale":"fr_FR","og_type":"article","og_title":"Support de Squat Bulgare S2 | \u00c9quipement pour l'Entra\u00eenement des Jambes","og_description":"Le support de squat bulgare S2 (Single Leg Squat Stand) est con\u00e7u pour des exercices de renforcement musculaire cibl\u00e9s. Id\u00e9al pour am\u00e9liorer l'\u00e9quilibre et la stabilit\u00e9 lors des s\u00e9ances unilat\u00e9rales.","og_url":"https:\/\/gymfactory.eu\/fr\/produit\/support-de-squat-bulgare-s2\/","og_site_name":"Gym Factory","og_image":[{"width":1500,"height":1500,"url":"https:\/\/gymfactory.eu\/wp-content\/uploads\/2025\/04\/S2-Single-Leg-Squat-Stand.webp","type":"image\/webp"}],"twitter_card":"summary_large_image","twitter_misc":{"Dur\u00e9e de lecture estim\u00e9e":"1 minute"},"schema":{"@context":"https:\/\/schema.org","@graph":[{"@type":"WebPage","@id":"https:\/\/gymfactory.eu\/fr\/produit\/support-de-squat-bulgare-s2\/","url":"https:\/\/gymfactory.eu\/fr\/produit\/support-de-squat-bulgare-s2\/","name":"Support de Squat Bulgare S2 | \u00c9quipement pour l'Entra\u00eenement des Jambes","isPartOf":{"@id":"https:\/\/gymfactory.eu\/fr\/#website"},"primaryImageOfPage":{"@id":"https:\/\/gymfactory.eu\/fr\/produit\/support-de-squat-bulgare-s2\/#primaryimage"},"image":{"@id":"https:\/\/gymfactory.eu\/fr\/produit\/support-de-squat-bulgare-s2\/#primaryimage"},"thumbnailUrl":"https:\/\/gymfactory.eu\/wp-content\/uploads\/2025\/04\/S2-Single-Leg-Squat-Stand.webp","datePublished":"2025-04-24T14:39:23+00:00","description":"Le support de squat bulgare S2 (Single Leg Squat Stand) est con\u00e7u pour des exercices de renforcement musculaire cibl\u00e9s. Id\u00e9al pour am\u00e9liorer l'\u00e9quilibre et la stabilit\u00e9 lors des s\u00e9ances unilat\u00e9rales.","breadcrumb":{"@id":"https:\/\/gymfactory.eu\/fr\/produit\/support-de-squat-bulgare-s2\/#breadcrumb"},"inLanguage":"fr-FR","potentialAction":[{"@type":"ReadAction","target":["https:\/\/gymfactory.eu\/fr\/produit\/support-de-squat-bulgare-s2\/"]}]},{"@type":"ImageObject","inLanguage":"fr-FR","@id":"https:\/\/gymfactory.eu\/fr\/produit\/support-de-squat-bulgare-s2\/#primaryimage","url":"https:\/\/gymfactory.eu\/wp-content\/uploads\/2025\/04\/S2-Single-Leg-Squat-Stand.webp","contentUrl":"https:\/\/gymfactory.eu\/wp-content\/uploads\/2025\/04\/S2-Single-Leg-Squat-Stand.webp","width":1500,"height":1500,"caption":"The S2 Single Leg Squat Stand is compact gym equipment designed to support balance and control during single-leg strength-training exercises."},{"@type":"BreadcrumbList","@id":"https:\/\/gymfactory.eu\/fr\/produit\/support-de-squat-bulgare-s2\/#breadcrumb","itemListElement":[{"@type":"ListItem","position":1,"name":"Home","item":"https:\/\/gymfactory.eu\/fr\/"},{"@type":"ListItem","position":2,"name":"Catalogue","item":"https:\/\/gymfactory.eu\/catalogue\/"},{"@type":"ListItem","position":3,"name":"Support de Squat Bulgare S2"}]},{"@type":"WebSite","@id":"https:\/\/gymfactory.eu\/fr\/#website","url":"https:\/\/gymfactory.eu\/fr\/","name":"Gym Factory","description":"","publisher":{"@id":"https:\/\/gymfactory.eu\/fr\/#organization"},"potentialAction":[{"@type":"SearchAction","target":{"@type":"EntryPoint","urlTemplate":"https:\/\/gymfactory.eu\/fr\/?s={search_term_string}"},"query-input":{"@type":"PropertyValueSpecification","valueRequired":true,"valueName":"search_term_string"}}],"inLanguage":"fr-FR"},{"@type":"Organization","@id":"https:\/\/gymfactory.eu\/fr\/#organization","name":"Gym Factory","url":"https:\/\/gymfactory.eu\/fr\/","logo":{"@type":"ImageObject","inLanguage":"fr-FR","@id":"https:\/\/gymfactory.eu\/fr\/#\/schema\/logo\/image\/","url":"https:\/\/gymfactory.eu\/wp-content\/uploads\/2024\/11\/Component-1.svg","contentUrl":"https:\/\/gymfactory.eu\/wp-content\/uploads\/2024\/11\/Component-1.svg","width":54,"height":44,"caption":"Gym Factory"},"image":{"@id":"https:\/\/gymfactory.eu\/fr\/#\/schema\/logo\/image\/"}}]}},"_links":{"self":[{"href":"https:\/\/gymfactory.eu\/fr\/wp-json\/wp\/v2\/product\/30064","targetHints":{"allow":["GET"]}}],"collection":[{"href":"https:\/\/gymfactory.eu\/fr\/wp-json\/wp\/v2\/product"}],"about":[{"href":"https:\/\/gymfactory.eu\/fr\/wp-json\/wp\/v2\/types\/product"}],"wp:featuredmedia":[{"embeddable":true,"href":"https:\/\/gymfactory.eu\/fr\/wp-json\/wp\/v2\/media\/30065"}],"wp:attachment":[{"href":"https:\/\/gymfactory.eu\/fr\/wp-json\/wp\/v2\/media?parent=30064"}],"wp:term":[{"taxonomy":"product_brand","embeddable":true,"href":"https:\/\/gymfactory.eu\/fr\/wp-json\/wp\/v2\/product_brand?post=30064"},{"taxonomy":"product_cat","embeddable":true,"href":"https:\/\/gymfactory.eu\/fr\/wp-json\/wp\/v2\/product_cat?post=30064"},{"taxonomy":"product_tag","embeddable":true,"href":"https:\/\/gymfactory.eu\/fr\/wp-json\/wp\/v2\/product_tag?post=30064"}],"curies":[{"name":"wp","href":"https:\/\/api.w.org\/{rel}","templated":true}]}}