{"id":30053,"date":"2025-04-24T16:27:43","date_gmt":"2025-04-24T13:27:43","guid":{"rendered":"https:\/\/gymfactory.eu\/product\/rack-de-musculation-n1\/"},"modified":"2025-04-24T16:27:43","modified_gmt":"2025-04-24T13:27:43","slug":"rack-de-musculation-n1","status":"publish","type":"product","link":"https:\/\/gymfactory.eu\/fr\/produit\/rack-de-musculation-n1\/","title":{"rendered":"Rack de Musculation N1"},"content":{"rendered":"<p>Le Rack de Musculation N1 est un rack d\u00e9di\u00e9, con\u00e7u pour les exercices de d\u00e9velopp\u00e9 \u00e9paules assis (shoulder press). Adapt\u00e9 aux salles de sport \u00e0 domicile et commerciales, il constitue un \u00e9quipement fiable pour le renforcement musculaire, ax\u00e9 sur un entra\u00eenement du haut du corps s\u00fbr et stable. <\/p>\n<p>Le rack comprend plusieurs positions de crochets pour la barre afin de permettre diff\u00e9rentes hauteurs de pouss\u00e9e selon les pr\u00e9f\u00e9rences de l&rsquo;utilisateur. Le si\u00e8ge int\u00e9gr\u00e9 dispose d&rsquo;un r\u00e9glage de hauteur ajustable pour aider chaque utilisateur \u00e0 trouver la position de pouss\u00e9e correcte. Une plateforme arri\u00e8re est int\u00e9gr\u00e9e au cadre, permettant \u00e0 un pareur (spotter) de se tenir en toute s\u00e9curit\u00e9 tout en aidant pendant le lev\u00e9.  <\/p>\n<p>Pour compl\u00e9ter votre installation, envisagez d&rsquo;ajouter une barre compatible telle que la <a href=\"https:\/\/gymfactory.eu\/product\/z03g1-olympic-barbell\/\" target=\"_blank\" rel=\"noopener\">Barre Olympique Z03G1<\/a> ou la <a href=\"https:\/\/gymfactory.eu\/product\/z03g-olympic-barbell\/\" target=\"_blank\" rel=\"noopener\">Barre Olympique Z03G<\/a>.<\/p>\n\n    <div class=\"xs_social_share_widget xs_share_url after_content \t\tmain_content  wslu-style-1 wslu-share-box-shaped wslu-fill-colored wslu-none wslu-share-horizontal wslu-theme-font-no wslu-main_content\">\n\n\t\t\n        <ul>\n\t\t\t        <\/ul>\n    <\/div> \n","protected":false},"excerpt":{"rendered":"<p>Le Rack de Musculation N1 est un rack d\u00e9di\u00e9, con\u00e7u pour les exercices de d\u00e9velopp\u00e9 \u00e9paules assis (shoulder press). Adapt\u00e9 aux salles de sport \u00e0 domicile et commerciales, il constitue un \u00e9quipement fiable pour le renforcement musculaire, ax\u00e9 sur un entra\u00eenement du haut du corps s\u00fbr et stable. Le rack comprend plusieurs positions de crochets [&hellip;]<\/p>\n","protected":false},"featured_media":30054,"template":"","meta":{"_acf_changed":false},"product_brand":[56],"product_cat":[833],"product_tag":[],"class_list":{"0":"post-30053","1":"product","2":"type-product","3":"status-publish","4":"has-post-thumbnail","6":"product_brand-gym-factory","7":"product_cat-racks-de-musculation","9":"first","10":"onbackorder","11":"taxable","12":"shipping-taxable","13":"purchasable","14":"product-type-variable","15":"has-default-attributes"},"acf":[],"yoast_head":"<!-- This site is optimized with the Yoast SEO plugin v25.2 - https:\/\/yoast.com\/wordpress\/plugins\/seo\/ -->\n<title>Rack de Musculation N1 | \u00c9quipement pour la Force des \u00c9paules<\/title>\n<meta name=\"description\" content=\"Ce rack de musculation est un ajout solide \u00e0 toute installation de sport, offrant stabilit\u00e9 et soutien pour l&#039;halt\u00e9rophilie. Con\u00e7u pour supporter des charges lourdes, il garantit une utilisation s\u00fbre.\" \/>\n<meta name=\"robots\" content=\"index, follow, max-snippet:-1, max-image-preview:large, max-video-preview:-1\" \/>\n<link rel=\"canonical\" href=\"https:\/\/gymfactory.eu\/fr\/produit\/rack-de-musculation-n1\/\" \/>\n<meta property=\"og:locale\" content=\"fr_FR\" \/>\n<meta property=\"og:type\" content=\"article\" \/>\n<meta property=\"og:title\" content=\"Rack de Musculation N1 | \u00c9quipement pour la Force des \u00c9paules\" \/>\n<meta property=\"og:description\" content=\"Ce rack de musculation est un ajout solide \u00e0 toute installation de sport, offrant stabilit\u00e9 et soutien pour l&#039;halt\u00e9rophilie. Con\u00e7u pour supporter des charges lourdes, il garantit une utilisation s\u00fbre.\" \/>\n<meta property=\"og:url\" content=\"https:\/\/gymfactory.eu\/fr\/produit\/rack-de-musculation-n1\/\" \/>\n<meta property=\"og:site_name\" content=\"Gym Factory\" \/>\n<meta property=\"og:image\" content=\"https:\/\/gymfactory.eu\/wp-content\/uploads\/2025\/04\/N1-Workout-Rack-for-Shoulder.webp\" \/>\n\t<meta property=\"og:image:width\" content=\"1500\" \/>\n\t<meta property=\"og:image:height\" content=\"1500\" \/>\n\t<meta property=\"og:image:type\" content=\"image\/webp\" \/>\n<meta name=\"twitter:card\" content=\"summary_large_image\" \/>\n<meta name=\"twitter:label1\" content=\"Dur\u00e9e de lecture estim\u00e9e\" \/>\n\t<meta name=\"twitter:data1\" content=\"1 minute\" \/>\n<script type=\"application\/ld+json\" class=\"yoast-schema-graph\">{\"@context\":\"https:\/\/schema.org\",\"@graph\":[{\"@type\":\"WebPage\",\"@id\":\"https:\/\/gymfactory.eu\/fr\/produit\/rack-de-musculation-n1\/\",\"url\":\"https:\/\/gymfactory.eu\/fr\/produit\/rack-de-musculation-n1\/\",\"name\":\"Rack de Musculation N1 | \u00c9quipement pour la Force des \u00c9paules\",\"isPartOf\":{\"@id\":\"https:\/\/gymfactory.eu\/fr\/#website\"},\"primaryImageOfPage\":{\"@id\":\"https:\/\/gymfactory.eu\/fr\/produit\/rack-de-musculation-n1\/#primaryimage\"},\"image\":{\"@id\":\"https:\/\/gymfactory.eu\/fr\/produit\/rack-de-musculation-n1\/#primaryimage\"},\"thumbnailUrl\":\"https:\/\/gymfactory.eu\/wp-content\/uploads\/2025\/04\/N1-Workout-Rack-for-Shoulder.webp\",\"datePublished\":\"2025-04-24T13:27:43+00:00\",\"description\":\"Ce rack de musculation est un ajout solide \u00e0 toute installation de sport, offrant stabilit\u00e9 et soutien pour l'halt\u00e9rophilie. Con\u00e7u pour supporter des charges lourdes, il garantit une utilisation s\u00fbre.\",\"breadcrumb\":{\"@id\":\"https:\/\/gymfactory.eu\/fr\/produit\/rack-de-musculation-n1\/#breadcrumb\"},\"inLanguage\":\"fr-FR\",\"potentialAction\":[{\"@type\":\"ReadAction\",\"target\":[\"https:\/\/gymfactory.eu\/fr\/produit\/rack-de-musculation-n1\/\"]}]},{\"@type\":\"ImageObject\",\"inLanguage\":\"fr-FR\",\"@id\":\"https:\/\/gymfactory.eu\/fr\/produit\/rack-de-musculation-n1\/#primaryimage\",\"url\":\"https:\/\/gymfactory.eu\/wp-content\/uploads\/2025\/04\/N1-Workout-Rack-for-Shoulder.webp\",\"contentUrl\":\"https:\/\/gymfactory.eu\/wp-content\/uploads\/2025\/04\/N1-Workout-Rack-for-Shoulder.webp\",\"width\":1500,\"height\":1500,\"caption\":\"The N1 Workout Rack for Shoulder is durable equipment for strength training, designed to support shoulder presses and upper body workouts with maximum stability.\"},{\"@type\":\"BreadcrumbList\",\"@id\":\"https:\/\/gymfactory.eu\/fr\/produit\/rack-de-musculation-n1\/#breadcrumb\",\"itemListElement\":[{\"@type\":\"ListItem\",\"position\":1,\"name\":\"Home\",\"item\":\"https:\/\/gymfactory.eu\/fr\/page-principale\/\"},{\"@type\":\"ListItem\",\"position\":2,\"name\":\"Catalogue\",\"item\":\"https:\/\/gymfactory.eu\/fr\/catalogue-2\/\"},{\"@type\":\"ListItem\",\"position\":3,\"name\":\"Rack de Musculation N1\"}]},{\"@type\":\"WebSite\",\"@id\":\"https:\/\/gymfactory.eu\/fr\/#website\",\"url\":\"https:\/\/gymfactory.eu\/fr\/\",\"name\":\"Gym Factory\",\"description\":\"\",\"publisher\":{\"@id\":\"https:\/\/gymfactory.eu\/fr\/#organization\"},\"potentialAction\":[{\"@type\":\"SearchAction\",\"target\":{\"@type\":\"EntryPoint\",\"urlTemplate\":\"https:\/\/gymfactory.eu\/fr\/?s={search_term_string}\"},\"query-input\":{\"@type\":\"PropertyValueSpecification\",\"valueRequired\":true,\"valueName\":\"search_term_string\"}}],\"inLanguage\":\"fr-FR\"},{\"@type\":\"Organization\",\"@id\":\"https:\/\/gymfactory.eu\/fr\/#organization\",\"name\":\"Gym Factory\",\"url\":\"https:\/\/gymfactory.eu\/fr\/\",\"logo\":{\"@type\":\"ImageObject\",\"inLanguage\":\"fr-FR\",\"@id\":\"https:\/\/gymfactory.eu\/fr\/#\/schema\/logo\/image\/\",\"url\":\"https:\/\/gymfactory.eu\/wp-content\/uploads\/2024\/11\/Component-1.svg\",\"contentUrl\":\"https:\/\/gymfactory.eu\/wp-content\/uploads\/2024\/11\/Component-1.svg\",\"width\":54,\"height\":44,\"caption\":\"Gym Factory\"},\"image\":{\"@id\":\"https:\/\/gymfactory.eu\/fr\/#\/schema\/logo\/image\/\"}}]}<\/script>\n<!-- \/ Yoast SEO plugin. -->","yoast_head_json":{"title":"Rack de Musculation N1 | \u00c9quipement pour la Force des \u00c9paules","description":"Ce rack de musculation est un ajout solide \u00e0 toute installation de sport, offrant stabilit\u00e9 et soutien pour l'halt\u00e9rophilie. Con\u00e7u pour supporter des charges lourdes, il garantit une utilisation s\u00fbre.","robots":{"index":"index","follow":"follow","max-snippet":"max-snippet:-1","max-image-preview":"max-image-preview:large","max-video-preview":"max-video-preview:-1"},"canonical":"https:\/\/gymfactory.eu\/fr\/produit\/rack-de-musculation-n1\/","og_locale":"fr_FR","og_type":"article","og_title":"Rack de Musculation N1 | \u00c9quipement pour la Force des \u00c9paules","og_description":"Ce rack de musculation est un ajout solide \u00e0 toute installation de sport, offrant stabilit\u00e9 et soutien pour l'halt\u00e9rophilie. Con\u00e7u pour supporter des charges lourdes, il garantit une utilisation s\u00fbre.","og_url":"https:\/\/gymfactory.eu\/fr\/produit\/rack-de-musculation-n1\/","og_site_name":"Gym Factory","og_image":[{"width":1500,"height":1500,"url":"https:\/\/gymfactory.eu\/wp-content\/uploads\/2025\/04\/N1-Workout-Rack-for-Shoulder.webp","type":"image\/webp"}],"twitter_card":"summary_large_image","twitter_misc":{"Dur\u00e9e de lecture estim\u00e9e":"1 minute"},"schema":{"@context":"https:\/\/schema.org","@graph":[{"@type":"WebPage","@id":"https:\/\/gymfactory.eu\/fr\/produit\/rack-de-musculation-n1\/","url":"https:\/\/gymfactory.eu\/fr\/produit\/rack-de-musculation-n1\/","name":"Rack de Musculation N1 | \u00c9quipement pour la Force des \u00c9paules","isPartOf":{"@id":"https:\/\/gymfactory.eu\/fr\/#website"},"primaryImageOfPage":{"@id":"https:\/\/gymfactory.eu\/fr\/produit\/rack-de-musculation-n1\/#primaryimage"},"image":{"@id":"https:\/\/gymfactory.eu\/fr\/produit\/rack-de-musculation-n1\/#primaryimage"},"thumbnailUrl":"https:\/\/gymfactory.eu\/wp-content\/uploads\/2025\/04\/N1-Workout-Rack-for-Shoulder.webp","datePublished":"2025-04-24T13:27:43+00:00","description":"Ce rack de musculation est un ajout solide \u00e0 toute installation de sport, offrant stabilit\u00e9 et soutien pour l'halt\u00e9rophilie. Con\u00e7u pour supporter des charges lourdes, il garantit une utilisation s\u00fbre.","breadcrumb":{"@id":"https:\/\/gymfactory.eu\/fr\/produit\/rack-de-musculation-n1\/#breadcrumb"},"inLanguage":"fr-FR","potentialAction":[{"@type":"ReadAction","target":["https:\/\/gymfactory.eu\/fr\/produit\/rack-de-musculation-n1\/"]}]},{"@type":"ImageObject","inLanguage":"fr-FR","@id":"https:\/\/gymfactory.eu\/fr\/produit\/rack-de-musculation-n1\/#primaryimage","url":"https:\/\/gymfactory.eu\/wp-content\/uploads\/2025\/04\/N1-Workout-Rack-for-Shoulder.webp","contentUrl":"https:\/\/gymfactory.eu\/wp-content\/uploads\/2025\/04\/N1-Workout-Rack-for-Shoulder.webp","width":1500,"height":1500,"caption":"The N1 Workout Rack for Shoulder is durable equipment for strength training, designed to support shoulder presses and upper body workouts with maximum stability."},{"@type":"BreadcrumbList","@id":"https:\/\/gymfactory.eu\/fr\/produit\/rack-de-musculation-n1\/#breadcrumb","itemListElement":[{"@type":"ListItem","position":1,"name":"Home","item":"https:\/\/gymfactory.eu\/fr\/page-principale\/"},{"@type":"ListItem","position":2,"name":"Catalogue","item":"https:\/\/gymfactory.eu\/fr\/catalogue-2\/"},{"@type":"ListItem","position":3,"name":"Rack de Musculation N1"}]},{"@type":"WebSite","@id":"https:\/\/gymfactory.eu\/fr\/#website","url":"https:\/\/gymfactory.eu\/fr\/","name":"Gym Factory","description":"","publisher":{"@id":"https:\/\/gymfactory.eu\/fr\/#organization"},"potentialAction":[{"@type":"SearchAction","target":{"@type":"EntryPoint","urlTemplate":"https:\/\/gymfactory.eu\/fr\/?s={search_term_string}"},"query-input":{"@type":"PropertyValueSpecification","valueRequired":true,"valueName":"search_term_string"}}],"inLanguage":"fr-FR"},{"@type":"Organization","@id":"https:\/\/gymfactory.eu\/fr\/#organization","name":"Gym Factory","url":"https:\/\/gymfactory.eu\/fr\/","logo":{"@type":"ImageObject","inLanguage":"fr-FR","@id":"https:\/\/gymfactory.eu\/fr\/#\/schema\/logo\/image\/","url":"https:\/\/gymfactory.eu\/wp-content\/uploads\/2024\/11\/Component-1.svg","contentUrl":"https:\/\/gymfactory.eu\/wp-content\/uploads\/2024\/11\/Component-1.svg","width":54,"height":44,"caption":"Gym Factory"},"image":{"@id":"https:\/\/gymfactory.eu\/fr\/#\/schema\/logo\/image\/"}}]}},"_links":{"self":[{"href":"https:\/\/gymfactory.eu\/fr\/wp-json\/wp\/v2\/product\/30053","targetHints":{"allow":["GET"]}}],"collection":[{"href":"https:\/\/gymfactory.eu\/fr\/wp-json\/wp\/v2\/product"}],"about":[{"href":"https:\/\/gymfactory.eu\/fr\/wp-json\/wp\/v2\/types\/product"}],"wp:featuredmedia":[{"embeddable":true,"href":"https:\/\/gymfactory.eu\/fr\/wp-json\/wp\/v2\/media\/30054"}],"wp:attachment":[{"href":"https:\/\/gymfactory.eu\/fr\/wp-json\/wp\/v2\/media?parent=30053"}],"wp:term":[{"taxonomy":"product_brand","embeddable":true,"href":"https:\/\/gymfactory.eu\/fr\/wp-json\/wp\/v2\/product_brand?post=30053"},{"taxonomy":"product_cat","embeddable":true,"href":"https:\/\/gymfactory.eu\/fr\/wp-json\/wp\/v2\/product_cat?post=30053"},{"taxonomy":"product_tag","embeddable":true,"href":"https:\/\/gymfactory.eu\/fr\/wp-json\/wp\/v2\/product_tag?post=30053"}],"curies":[{"name":"wp","href":"https:\/\/api.w.org\/{rel}","templated":true}]}}