{"id":30020,"date":"2025-04-23T18:21:24","date_gmt":"2025-04-23T15:21:24","guid":{"rendered":"https:\/\/gymfactory.eu\/product\/barres-de-traction-et-dips-k2\/"},"modified":"2025-04-23T18:21:24","modified_gmt":"2025-04-23T15:21:24","slug":"barres-de-traction-et-dips-k2","status":"publish","type":"product","link":"https:\/\/gymfactory.eu\/fr\/produit\/barres-de-traction-et-dips-k2\/","title":{"rendered":"Barres de traction et dips K2"},"content":{"rendered":"<p>Les Pull Up &amp; Dip Bars K2 (barres de traction et dips) sont un \u00e9quipement d&rsquo;exercice pratique pour les salles de sport \u00e0 domicile ou commerciales, con\u00e7ues pour un entra\u00eenement du haut du corps peu encombrant et une vari\u00e9t\u00e9 de routines de fitness et de renforcement musculaire.<\/p>\n<p>Le syst\u00e8me comprend deux crochets de fixation murale qui permettent \u00e0 l&rsquo;unit\u00e9 principale d&rsquo;\u00eatre solidement attach\u00e9e dans l&rsquo;une des deux orientations. Un c\u00f4t\u00e9 est utilis\u00e9 pour les dips et les relev\u00e9s de jambes, avec un dossier rembourr\u00e9 (sellerie) et des supports pour les coudes ; l&rsquo;autre c\u00f4t\u00e9, une fois retourn\u00e9, fonctionne comme une barre de traction pour les exercices de tirage vertical. <\/p>\n<p>Compactes et faciles \u00e0 repositionner, les pull up &amp; dip bars offrent une solution d&rsquo;entra\u00eenement polyvalente pour ceux qui cherchent \u00e0 d\u00e9velopper la force du haut du corps dans un espace limit\u00e9.<\/p>\n\n    <div class=\"xs_social_share_widget xs_share_url after_content \t\tmain_content  wslu-style-1 wslu-share-box-shaped wslu-fill-colored wslu-none wslu-share-horizontal wslu-theme-font-no wslu-main_content\">\n\n\t\t\n        <ul>\n\t\t\t        <\/ul>\n    <\/div> \n","protected":false},"excerpt":{"rendered":"<p>Les Pull Up &amp; Dip Bars K2 (barres de traction et dips) sont un \u00e9quipement d&rsquo;exercice pratique pour les salles de sport \u00e0 domicile ou commerciales, con\u00e7ues pour un entra\u00eenement du haut du corps peu encombrant et une vari\u00e9t\u00e9 de routines de fitness et de renforcement musculaire. Le syst\u00e8me comprend deux crochets de fixation murale [&hellip;]<\/p>\n","protected":false},"featured_media":30021,"template":"","meta":{"_acf_changed":false},"product_brand":[56],"product_cat":[830],"product_tag":[],"class_list":{"0":"post-30020","1":"product","2":"type-product","3":"status-publish","4":"has-post-thumbnail","6":"product_brand-gym-factory","7":"product_cat-autres-equipements-de-salle-de-sport","9":"first","10":"onbackorder","11":"taxable","12":"shipping-taxable","13":"purchasable","14":"product-type-variable","15":"has-default-attributes"},"acf":[],"yoast_head":"<!-- This site is optimized with the Yoast SEO plugin v25.2 - https:\/\/yoast.com\/wordpress\/plugins\/seo\/ -->\n<title>Pull Up et Dip Bars K2 pour le Fitness et le Renforcement Musculaire<\/title>\n<meta name=\"description\" content=\"Les barres de traction et dips K2 (Pull Up and Dip Bars) sont parfaites pour le fitness et les entra\u00eenements de renforcement musculaire \u00e0 domicile ou en salle, offrant des exercices polyvalents pour votre routine.\" \/>\n<meta name=\"robots\" content=\"index, follow, max-snippet:-1, max-image-preview:large, max-video-preview:-1\" \/>\n<link rel=\"canonical\" href=\"https:\/\/gymfactory.eu\/fr\/produit\/barres-de-traction-et-dips-k2\/\" \/>\n<meta property=\"og:locale\" content=\"fr_FR\" \/>\n<meta property=\"og:type\" content=\"article\" \/>\n<meta property=\"og:title\" content=\"Pull Up et Dip Bars K2 pour le Fitness et le Renforcement Musculaire\" \/>\n<meta property=\"og:description\" content=\"Les barres de traction et dips K2 (Pull Up and Dip Bars) sont parfaites pour le fitness et les entra\u00eenements de renforcement musculaire \u00e0 domicile ou en salle, offrant des exercices polyvalents pour votre routine.\" \/>\n<meta property=\"og:url\" content=\"https:\/\/gymfactory.eu\/fr\/produit\/barres-de-traction-et-dips-k2\/\" \/>\n<meta property=\"og:site_name\" content=\"Gym Factory\" \/>\n<meta property=\"og:image\" content=\"https:\/\/gymfactory.eu\/wp-content\/uploads\/2025\/04\/K2-Pull-Up-and-Dip-Bars-Side-Image-1-1.webp\" \/>\n\t<meta property=\"og:image:width\" content=\"450\" \/>\n\t<meta property=\"og:image:height\" content=\"450\" \/>\n\t<meta property=\"og:image:type\" content=\"image\/webp\" \/>\n<meta name=\"twitter:card\" content=\"summary_large_image\" \/>\n<meta name=\"twitter:label1\" content=\"Dur\u00e9e de lecture estim\u00e9e\" \/>\n\t<meta name=\"twitter:data1\" content=\"1 minute\" \/>\n<script type=\"application\/ld+json\" class=\"yoast-schema-graph\">{\"@context\":\"https:\/\/schema.org\",\"@graph\":[{\"@type\":\"WebPage\",\"@id\":\"https:\/\/gymfactory.eu\/fr\/produit\/barres-de-traction-et-dips-k2\/\",\"url\":\"https:\/\/gymfactory.eu\/fr\/produit\/barres-de-traction-et-dips-k2\/\",\"name\":\"Pull Up et Dip Bars K2 pour le Fitness et le Renforcement Musculaire\",\"isPartOf\":{\"@id\":\"https:\/\/gymfactory.eu\/fr\/#website\"},\"primaryImageOfPage\":{\"@id\":\"https:\/\/gymfactory.eu\/fr\/produit\/barres-de-traction-et-dips-k2\/#primaryimage\"},\"image\":{\"@id\":\"https:\/\/gymfactory.eu\/fr\/produit\/barres-de-traction-et-dips-k2\/#primaryimage\"},\"thumbnailUrl\":\"https:\/\/gymfactory.eu\/wp-content\/uploads\/2025\/04\/K2-Pull-Up-and-Dip-Bars-Side-Image-1-1.webp\",\"datePublished\":\"2025-04-23T15:21:24+00:00\",\"description\":\"Les barres de traction et dips K2 (Pull Up and Dip Bars) sont parfaites pour le fitness et les entra\u00eenements de renforcement musculaire \u00e0 domicile ou en salle, offrant des exercices polyvalents pour votre routine.\",\"breadcrumb\":{\"@id\":\"https:\/\/gymfactory.eu\/fr\/produit\/barres-de-traction-et-dips-k2\/#breadcrumb\"},\"inLanguage\":\"fr-FR\",\"potentialAction\":[{\"@type\":\"ReadAction\",\"target\":[\"https:\/\/gymfactory.eu\/fr\/produit\/barres-de-traction-et-dips-k2\/\"]}]},{\"@type\":\"ImageObject\",\"inLanguage\":\"fr-FR\",\"@id\":\"https:\/\/gymfactory.eu\/fr\/produit\/barres-de-traction-et-dips-k2\/#primaryimage\",\"url\":\"https:\/\/gymfactory.eu\/wp-content\/uploads\/2025\/04\/K2-Pull-Up-and-Dip-Bars-Side-Image-1-1.webp\",\"contentUrl\":\"https:\/\/gymfactory.eu\/wp-content\/uploads\/2025\/04\/K2-Pull-Up-and-Dip-Bars-Side-Image-1-1.webp\",\"width\":450,\"height\":450,\"caption\":\"K2 Pull Up and Dip Bars designed as multifunctional gym equipment for effective fitness and strength workout routines, featuring padded supports and multiple grip positions.\"},{\"@type\":\"BreadcrumbList\",\"@id\":\"https:\/\/gymfactory.eu\/fr\/produit\/barres-de-traction-et-dips-k2\/#breadcrumb\",\"itemListElement\":[{\"@type\":\"ListItem\",\"position\":1,\"name\":\"Home\",\"item\":\"https:\/\/gymfactory.eu\/fr\/\"},{\"@type\":\"ListItem\",\"position\":2,\"name\":\"Catalogue\",\"item\":\"https:\/\/gymfactory.eu\/catalogue\/\"},{\"@type\":\"ListItem\",\"position\":3,\"name\":\"Barres de traction et dips K2\"}]},{\"@type\":\"WebSite\",\"@id\":\"https:\/\/gymfactory.eu\/fr\/#website\",\"url\":\"https:\/\/gymfactory.eu\/fr\/\",\"name\":\"Gym Factory\",\"description\":\"\",\"publisher\":{\"@id\":\"https:\/\/gymfactory.eu\/fr\/#organization\"},\"potentialAction\":[{\"@type\":\"SearchAction\",\"target\":{\"@type\":\"EntryPoint\",\"urlTemplate\":\"https:\/\/gymfactory.eu\/fr\/?s={search_term_string}\"},\"query-input\":{\"@type\":\"PropertyValueSpecification\",\"valueRequired\":true,\"valueName\":\"search_term_string\"}}],\"inLanguage\":\"fr-FR\"},{\"@type\":\"Organization\",\"@id\":\"https:\/\/gymfactory.eu\/fr\/#organization\",\"name\":\"Gym Factory\",\"url\":\"https:\/\/gymfactory.eu\/fr\/\",\"logo\":{\"@type\":\"ImageObject\",\"inLanguage\":\"fr-FR\",\"@id\":\"https:\/\/gymfactory.eu\/fr\/#\/schema\/logo\/image\/\",\"url\":\"https:\/\/gymfactory.eu\/wp-content\/uploads\/2024\/11\/Component-1.svg\",\"contentUrl\":\"https:\/\/gymfactory.eu\/wp-content\/uploads\/2024\/11\/Component-1.svg\",\"width\":54,\"height\":44,\"caption\":\"Gym Factory\"},\"image\":{\"@id\":\"https:\/\/gymfactory.eu\/fr\/#\/schema\/logo\/image\/\"}}]}<\/script>\n<!-- \/ Yoast SEO plugin. -->","yoast_head_json":{"title":"Pull Up et Dip Bars K2 pour le Fitness et le Renforcement Musculaire","description":"Les barres de traction et dips K2 (Pull Up and Dip Bars) sont parfaites pour le fitness et les entra\u00eenements de renforcement musculaire \u00e0 domicile ou en salle, offrant des exercices polyvalents pour votre routine.","robots":{"index":"index","follow":"follow","max-snippet":"max-snippet:-1","max-image-preview":"max-image-preview:large","max-video-preview":"max-video-preview:-1"},"canonical":"https:\/\/gymfactory.eu\/fr\/produit\/barres-de-traction-et-dips-k2\/","og_locale":"fr_FR","og_type":"article","og_title":"Pull Up et Dip Bars K2 pour le Fitness et le Renforcement Musculaire","og_description":"Les barres de traction et dips K2 (Pull Up and Dip Bars) sont parfaites pour le fitness et les entra\u00eenements de renforcement musculaire \u00e0 domicile ou en salle, offrant des exercices polyvalents pour votre routine.","og_url":"https:\/\/gymfactory.eu\/fr\/produit\/barres-de-traction-et-dips-k2\/","og_site_name":"Gym Factory","og_image":[{"width":450,"height":450,"url":"https:\/\/gymfactory.eu\/wp-content\/uploads\/2025\/04\/K2-Pull-Up-and-Dip-Bars-Side-Image-1-1.webp","type":"image\/webp"}],"twitter_card":"summary_large_image","twitter_misc":{"Dur\u00e9e de lecture estim\u00e9e":"1 minute"},"schema":{"@context":"https:\/\/schema.org","@graph":[{"@type":"WebPage","@id":"https:\/\/gymfactory.eu\/fr\/produit\/barres-de-traction-et-dips-k2\/","url":"https:\/\/gymfactory.eu\/fr\/produit\/barres-de-traction-et-dips-k2\/","name":"Pull Up et Dip Bars K2 pour le Fitness et le Renforcement Musculaire","isPartOf":{"@id":"https:\/\/gymfactory.eu\/fr\/#website"},"primaryImageOfPage":{"@id":"https:\/\/gymfactory.eu\/fr\/produit\/barres-de-traction-et-dips-k2\/#primaryimage"},"image":{"@id":"https:\/\/gymfactory.eu\/fr\/produit\/barres-de-traction-et-dips-k2\/#primaryimage"},"thumbnailUrl":"https:\/\/gymfactory.eu\/wp-content\/uploads\/2025\/04\/K2-Pull-Up-and-Dip-Bars-Side-Image-1-1.webp","datePublished":"2025-04-23T15:21:24+00:00","description":"Les barres de traction et dips K2 (Pull Up and Dip Bars) sont parfaites pour le fitness et les entra\u00eenements de renforcement musculaire \u00e0 domicile ou en salle, offrant des exercices polyvalents pour votre routine.","breadcrumb":{"@id":"https:\/\/gymfactory.eu\/fr\/produit\/barres-de-traction-et-dips-k2\/#breadcrumb"},"inLanguage":"fr-FR","potentialAction":[{"@type":"ReadAction","target":["https:\/\/gymfactory.eu\/fr\/produit\/barres-de-traction-et-dips-k2\/"]}]},{"@type":"ImageObject","inLanguage":"fr-FR","@id":"https:\/\/gymfactory.eu\/fr\/produit\/barres-de-traction-et-dips-k2\/#primaryimage","url":"https:\/\/gymfactory.eu\/wp-content\/uploads\/2025\/04\/K2-Pull-Up-and-Dip-Bars-Side-Image-1-1.webp","contentUrl":"https:\/\/gymfactory.eu\/wp-content\/uploads\/2025\/04\/K2-Pull-Up-and-Dip-Bars-Side-Image-1-1.webp","width":450,"height":450,"caption":"K2 Pull Up and Dip Bars designed as multifunctional gym equipment for effective fitness and strength workout routines, featuring padded supports and multiple grip positions."},{"@type":"BreadcrumbList","@id":"https:\/\/gymfactory.eu\/fr\/produit\/barres-de-traction-et-dips-k2\/#breadcrumb","itemListElement":[{"@type":"ListItem","position":1,"name":"Home","item":"https:\/\/gymfactory.eu\/fr\/"},{"@type":"ListItem","position":2,"name":"Catalogue","item":"https:\/\/gymfactory.eu\/catalogue\/"},{"@type":"ListItem","position":3,"name":"Barres de traction et dips K2"}]},{"@type":"WebSite","@id":"https:\/\/gymfactory.eu\/fr\/#website","url":"https:\/\/gymfactory.eu\/fr\/","name":"Gym Factory","description":"","publisher":{"@id":"https:\/\/gymfactory.eu\/fr\/#organization"},"potentialAction":[{"@type":"SearchAction","target":{"@type":"EntryPoint","urlTemplate":"https:\/\/gymfactory.eu\/fr\/?s={search_term_string}"},"query-input":{"@type":"PropertyValueSpecification","valueRequired":true,"valueName":"search_term_string"}}],"inLanguage":"fr-FR"},{"@type":"Organization","@id":"https:\/\/gymfactory.eu\/fr\/#organization","name":"Gym Factory","url":"https:\/\/gymfactory.eu\/fr\/","logo":{"@type":"ImageObject","inLanguage":"fr-FR","@id":"https:\/\/gymfactory.eu\/fr\/#\/schema\/logo\/image\/","url":"https:\/\/gymfactory.eu\/wp-content\/uploads\/2024\/11\/Component-1.svg","contentUrl":"https:\/\/gymfactory.eu\/wp-content\/uploads\/2024\/11\/Component-1.svg","width":54,"height":44,"caption":"Gym Factory"},"image":{"@id":"https:\/\/gymfactory.eu\/fr\/#\/schema\/logo\/image\/"}}]}},"_links":{"self":[{"href":"https:\/\/gymfactory.eu\/fr\/wp-json\/wp\/v2\/product\/30020","targetHints":{"allow":["GET"]}}],"collection":[{"href":"https:\/\/gymfactory.eu\/fr\/wp-json\/wp\/v2\/product"}],"about":[{"href":"https:\/\/gymfactory.eu\/fr\/wp-json\/wp\/v2\/types\/product"}],"wp:featuredmedia":[{"embeddable":true,"href":"https:\/\/gymfactory.eu\/fr\/wp-json\/wp\/v2\/media\/30021"}],"wp:attachment":[{"href":"https:\/\/gymfactory.eu\/fr\/wp-json\/wp\/v2\/media?parent=30020"}],"wp:term":[{"taxonomy":"product_brand","embeddable":true,"href":"https:\/\/gymfactory.eu\/fr\/wp-json\/wp\/v2\/product_brand?post=30020"},{"taxonomy":"product_cat","embeddable":true,"href":"https:\/\/gymfactory.eu\/fr\/wp-json\/wp\/v2\/product_cat?post=30020"},{"taxonomy":"product_tag","embeddable":true,"href":"https:\/\/gymfactory.eu\/fr\/wp-json\/wp\/v2\/product_tag?post=30020"}],"curies":[{"name":"wp","href":"https:\/\/api.w.org\/{rel}","templated":true}]}}