{"id":30017,"date":"2025-04-23T18:05:57","date_gmt":"2025-04-23T15:05:57","guid":{"rendered":"https:\/\/gymfactory.eu\/product\/barres-paralleles-k1\/"},"modified":"2025-04-23T18:05:57","modified_gmt":"2025-04-23T15:05:57","slug":"barres-paralleles-k1","status":"publish","type":"product","link":"https:\/\/gymfactory.eu\/fr\/produit\/barres-paralleles-k1\/","title":{"rendered":"Barres Parall\u00e8les K1"},"content":{"rendered":"<p>Les Barres Parall\u00e8les K1 sont un \u00e9quipement d&rsquo;exercice polyvalent pour les salles de sport \u00e0 domicile ou commerciales, con\u00e7ues pour prendre en charge une gamme de routines de fitness et de renforcement musculaire ax\u00e9es sur l&rsquo;entra\u00eenement du haut du corps.<\/p>\n<p>Utilis\u00e9e en combinaison avec un espalier (stall bars), l&rsquo;installation K1 permet des exercices tels que les tractions, les dipset les relev\u00e9s de jambes. Elle comprend un dossier rembourr\u00e9 (sellerie) et des supports pour les coudes, ainsi que des poign\u00e9es lat\u00e9rales pour la stabilit\u00e9 de la prise lors de mouvements ax\u00e9s sur la sangle abdominale (core) comme les \u00e9l\u00e9vations de jambes. <\/p>\n<p>Durables et peu encombrantes, les barres parall\u00e8les aident les utilisateurs \u00e0 progresser vers leurs objectifs de condition physique gr\u00e2ce \u00e0 des exercices contr\u00f4l\u00e9s au poids du corps.<\/p>\n\n    <div class=\"xs_social_share_widget xs_share_url after_content \t\tmain_content  wslu-style-1 wslu-share-box-shaped wslu-fill-colored wslu-none wslu-share-horizontal wslu-theme-font-no wslu-main_content\">\n\n\t\t\n        <ul>\n\t\t\t        <\/ul>\n    <\/div> \n","protected":false},"excerpt":{"rendered":"<p>Les Barres Parall\u00e8les K1 sont un \u00e9quipement d&rsquo;exercice polyvalent pour les salles de sport \u00e0 domicile ou commerciales, con\u00e7ues pour prendre en charge une gamme de routines de fitness et de renforcement musculaire ax\u00e9es sur l&rsquo;entra\u00eenement du haut du corps. Utilis\u00e9e en combinaison avec un espalier (stall bars), l&rsquo;installation K1 permet des exercices tels que [&hellip;]<\/p>\n","protected":false},"featured_media":30018,"template":"","meta":{"_acf_changed":false},"product_brand":[56],"product_cat":[830],"product_tag":[],"class_list":{"0":"post-30017","1":"product","2":"type-product","3":"status-publish","4":"has-post-thumbnail","6":"product_brand-gym-factory","7":"product_cat-autres-equipements-de-salle-de-sport","9":"first","10":"onbackorder","11":"taxable","12":"shipping-taxable","13":"purchasable","14":"product-type-variable","15":"has-default-attributes"},"acf":[],"yoast_head":"<!-- This site is optimized with the Yoast SEO plugin v25.2 - https:\/\/yoast.com\/wordpress\/plugins\/seo\/ -->\n<title>Barres Parall\u00e8les K1 pour le Fitness et le Renforcement Musculaire<\/title>\n<meta name=\"description\" content=\"Les barres parall\u00e8les K1 sont essentielles pour le fitness et les entra\u00eenements de renforcement musculaire. Elles offrent stabilit\u00e9 et polyvalence pour am\u00e9liorer la force du haut du corps et l&#039;\u00e9quilibre.\" \/>\n<meta name=\"robots\" content=\"index, follow, max-snippet:-1, max-image-preview:large, max-video-preview:-1\" \/>\n<link rel=\"canonical\" href=\"https:\/\/gymfactory.eu\/fr\/produit\/barres-paralleles-k1\/\" \/>\n<meta property=\"og:locale\" content=\"fr_FR\" \/>\n<meta property=\"og:type\" content=\"article\" \/>\n<meta property=\"og:title\" content=\"Barres Parall\u00e8les K1 pour le Fitness et le Renforcement Musculaire\" \/>\n<meta property=\"og:description\" content=\"Les barres parall\u00e8les K1 sont essentielles pour le fitness et les entra\u00eenements de renforcement musculaire. Elles offrent stabilit\u00e9 et polyvalence pour am\u00e9liorer la force du haut du corps et l&#039;\u00e9quilibre.\" \/>\n<meta property=\"og:url\" content=\"https:\/\/gymfactory.eu\/fr\/produit\/barres-paralleles-k1\/\" \/>\n<meta property=\"og:site_name\" content=\"Gym Factory\" \/>\n<meta property=\"og:image\" content=\"https:\/\/gymfactory.eu\/wp-content\/uploads\/2025\/04\/K1-Parallel-Bars.webp\" \/>\n\t<meta property=\"og:image:width\" content=\"1500\" \/>\n\t<meta property=\"og:image:height\" content=\"1500\" \/>\n\t<meta property=\"og:image:type\" content=\"image\/webp\" \/>\n<meta name=\"twitter:card\" content=\"summary_large_image\" \/>\n<meta name=\"twitter:label1\" content=\"Dur\u00e9e de lecture estim\u00e9e\" \/>\n\t<meta name=\"twitter:data1\" content=\"1 minute\" \/>\n<script type=\"application\/ld+json\" class=\"yoast-schema-graph\">{\"@context\":\"https:\/\/schema.org\",\"@graph\":[{\"@type\":\"WebPage\",\"@id\":\"https:\/\/gymfactory.eu\/fr\/produit\/barres-paralleles-k1\/\",\"url\":\"https:\/\/gymfactory.eu\/fr\/produit\/barres-paralleles-k1\/\",\"name\":\"Barres Parall\u00e8les K1 pour le Fitness et le Renforcement Musculaire\",\"isPartOf\":{\"@id\":\"https:\/\/gymfactory.eu\/fr\/#website\"},\"primaryImageOfPage\":{\"@id\":\"https:\/\/gymfactory.eu\/fr\/produit\/barres-paralleles-k1\/#primaryimage\"},\"image\":{\"@id\":\"https:\/\/gymfactory.eu\/fr\/produit\/barres-paralleles-k1\/#primaryimage\"},\"thumbnailUrl\":\"https:\/\/gymfactory.eu\/wp-content\/uploads\/2025\/04\/K1-Parallel-Bars.webp\",\"datePublished\":\"2025-04-23T15:05:57+00:00\",\"description\":\"Les barres parall\u00e8les K1 sont essentielles pour le fitness et les entra\u00eenements de renforcement musculaire. Elles offrent stabilit\u00e9 et polyvalence pour am\u00e9liorer la force du haut du corps et l'\u00e9quilibre.\",\"breadcrumb\":{\"@id\":\"https:\/\/gymfactory.eu\/fr\/produit\/barres-paralleles-k1\/#breadcrumb\"},\"inLanguage\":\"fr-FR\",\"potentialAction\":[{\"@type\":\"ReadAction\",\"target\":[\"https:\/\/gymfactory.eu\/fr\/produit\/barres-paralleles-k1\/\"]}]},{\"@type\":\"ImageObject\",\"inLanguage\":\"fr-FR\",\"@id\":\"https:\/\/gymfactory.eu\/fr\/produit\/barres-paralleles-k1\/#primaryimage\",\"url\":\"https:\/\/gymfactory.eu\/wp-content\/uploads\/2025\/04\/K1-Parallel-Bars.webp\",\"contentUrl\":\"https:\/\/gymfactory.eu\/wp-content\/uploads\/2025\/04\/K1-Parallel-Bars.webp\",\"width\":1500,\"height\":1500,\"caption\":\"The K1 Parallel Bars are versatile gym equipment designed for upper body control and core stability, ideal for fitness and strength workout routines.\"},{\"@type\":\"BreadcrumbList\",\"@id\":\"https:\/\/gymfactory.eu\/fr\/produit\/barres-paralleles-k1\/#breadcrumb\",\"itemListElement\":[{\"@type\":\"ListItem\",\"position\":1,\"name\":\"Home\",\"item\":\"https:\/\/gymfactory.eu\/fr\/\"},{\"@type\":\"ListItem\",\"position\":2,\"name\":\"Catalogue\",\"item\":\"https:\/\/gymfactory.eu\/catalogue\/\"},{\"@type\":\"ListItem\",\"position\":3,\"name\":\"Barres Parall\u00e8les K1\"}]},{\"@type\":\"WebSite\",\"@id\":\"https:\/\/gymfactory.eu\/fr\/#website\",\"url\":\"https:\/\/gymfactory.eu\/fr\/\",\"name\":\"Gym Factory\",\"description\":\"\",\"publisher\":{\"@id\":\"https:\/\/gymfactory.eu\/fr\/#organization\"},\"potentialAction\":[{\"@type\":\"SearchAction\",\"target\":{\"@type\":\"EntryPoint\",\"urlTemplate\":\"https:\/\/gymfactory.eu\/fr\/?s={search_term_string}\"},\"query-input\":{\"@type\":\"PropertyValueSpecification\",\"valueRequired\":true,\"valueName\":\"search_term_string\"}}],\"inLanguage\":\"fr-FR\"},{\"@type\":\"Organization\",\"@id\":\"https:\/\/gymfactory.eu\/fr\/#organization\",\"name\":\"Gym Factory\",\"url\":\"https:\/\/gymfactory.eu\/fr\/\",\"logo\":{\"@type\":\"ImageObject\",\"inLanguage\":\"fr-FR\",\"@id\":\"https:\/\/gymfactory.eu\/fr\/#\/schema\/logo\/image\/\",\"url\":\"https:\/\/gymfactory.eu\/wp-content\/uploads\/2024\/11\/Component-1.svg\",\"contentUrl\":\"https:\/\/gymfactory.eu\/wp-content\/uploads\/2024\/11\/Component-1.svg\",\"width\":54,\"height\":44,\"caption\":\"Gym Factory\"},\"image\":{\"@id\":\"https:\/\/gymfactory.eu\/fr\/#\/schema\/logo\/image\/\"}}]}<\/script>\n<!-- \/ Yoast SEO plugin. -->","yoast_head_json":{"title":"Barres Parall\u00e8les K1 pour le Fitness et le Renforcement Musculaire","description":"Les barres parall\u00e8les K1 sont essentielles pour le fitness et les entra\u00eenements de renforcement musculaire. Elles offrent stabilit\u00e9 et polyvalence pour am\u00e9liorer la force du haut du corps et l'\u00e9quilibre.","robots":{"index":"index","follow":"follow","max-snippet":"max-snippet:-1","max-image-preview":"max-image-preview:large","max-video-preview":"max-video-preview:-1"},"canonical":"https:\/\/gymfactory.eu\/fr\/produit\/barres-paralleles-k1\/","og_locale":"fr_FR","og_type":"article","og_title":"Barres Parall\u00e8les K1 pour le Fitness et le Renforcement Musculaire","og_description":"Les barres parall\u00e8les K1 sont essentielles pour le fitness et les entra\u00eenements de renforcement musculaire. Elles offrent stabilit\u00e9 et polyvalence pour am\u00e9liorer la force du haut du corps et l'\u00e9quilibre.","og_url":"https:\/\/gymfactory.eu\/fr\/produit\/barres-paralleles-k1\/","og_site_name":"Gym Factory","og_image":[{"width":1500,"height":1500,"url":"https:\/\/gymfactory.eu\/wp-content\/uploads\/2025\/04\/K1-Parallel-Bars.webp","type":"image\/webp"}],"twitter_card":"summary_large_image","twitter_misc":{"Dur\u00e9e de lecture estim\u00e9e":"1 minute"},"schema":{"@context":"https:\/\/schema.org","@graph":[{"@type":"WebPage","@id":"https:\/\/gymfactory.eu\/fr\/produit\/barres-paralleles-k1\/","url":"https:\/\/gymfactory.eu\/fr\/produit\/barres-paralleles-k1\/","name":"Barres Parall\u00e8les K1 pour le Fitness et le Renforcement Musculaire","isPartOf":{"@id":"https:\/\/gymfactory.eu\/fr\/#website"},"primaryImageOfPage":{"@id":"https:\/\/gymfactory.eu\/fr\/produit\/barres-paralleles-k1\/#primaryimage"},"image":{"@id":"https:\/\/gymfactory.eu\/fr\/produit\/barres-paralleles-k1\/#primaryimage"},"thumbnailUrl":"https:\/\/gymfactory.eu\/wp-content\/uploads\/2025\/04\/K1-Parallel-Bars.webp","datePublished":"2025-04-23T15:05:57+00:00","description":"Les barres parall\u00e8les K1 sont essentielles pour le fitness et les entra\u00eenements de renforcement musculaire. Elles offrent stabilit\u00e9 et polyvalence pour am\u00e9liorer la force du haut du corps et l'\u00e9quilibre.","breadcrumb":{"@id":"https:\/\/gymfactory.eu\/fr\/produit\/barres-paralleles-k1\/#breadcrumb"},"inLanguage":"fr-FR","potentialAction":[{"@type":"ReadAction","target":["https:\/\/gymfactory.eu\/fr\/produit\/barres-paralleles-k1\/"]}]},{"@type":"ImageObject","inLanguage":"fr-FR","@id":"https:\/\/gymfactory.eu\/fr\/produit\/barres-paralleles-k1\/#primaryimage","url":"https:\/\/gymfactory.eu\/wp-content\/uploads\/2025\/04\/K1-Parallel-Bars.webp","contentUrl":"https:\/\/gymfactory.eu\/wp-content\/uploads\/2025\/04\/K1-Parallel-Bars.webp","width":1500,"height":1500,"caption":"The K1 Parallel Bars are versatile gym equipment designed for upper body control and core stability, ideal for fitness and strength workout routines."},{"@type":"BreadcrumbList","@id":"https:\/\/gymfactory.eu\/fr\/produit\/barres-paralleles-k1\/#breadcrumb","itemListElement":[{"@type":"ListItem","position":1,"name":"Home","item":"https:\/\/gymfactory.eu\/fr\/"},{"@type":"ListItem","position":2,"name":"Catalogue","item":"https:\/\/gymfactory.eu\/catalogue\/"},{"@type":"ListItem","position":3,"name":"Barres Parall\u00e8les K1"}]},{"@type":"WebSite","@id":"https:\/\/gymfactory.eu\/fr\/#website","url":"https:\/\/gymfactory.eu\/fr\/","name":"Gym Factory","description":"","publisher":{"@id":"https:\/\/gymfactory.eu\/fr\/#organization"},"potentialAction":[{"@type":"SearchAction","target":{"@type":"EntryPoint","urlTemplate":"https:\/\/gymfactory.eu\/fr\/?s={search_term_string}"},"query-input":{"@type":"PropertyValueSpecification","valueRequired":true,"valueName":"search_term_string"}}],"inLanguage":"fr-FR"},{"@type":"Organization","@id":"https:\/\/gymfactory.eu\/fr\/#organization","name":"Gym Factory","url":"https:\/\/gymfactory.eu\/fr\/","logo":{"@type":"ImageObject","inLanguage":"fr-FR","@id":"https:\/\/gymfactory.eu\/fr\/#\/schema\/logo\/image\/","url":"https:\/\/gymfactory.eu\/wp-content\/uploads\/2024\/11\/Component-1.svg","contentUrl":"https:\/\/gymfactory.eu\/wp-content\/uploads\/2024\/11\/Component-1.svg","width":54,"height":44,"caption":"Gym Factory"},"image":{"@id":"https:\/\/gymfactory.eu\/fr\/#\/schema\/logo\/image\/"}}]}},"_links":{"self":[{"href":"https:\/\/gymfactory.eu\/fr\/wp-json\/wp\/v2\/product\/30017","targetHints":{"allow":["GET"]}}],"collection":[{"href":"https:\/\/gymfactory.eu\/fr\/wp-json\/wp\/v2\/product"}],"about":[{"href":"https:\/\/gymfactory.eu\/fr\/wp-json\/wp\/v2\/types\/product"}],"wp:featuredmedia":[{"embeddable":true,"href":"https:\/\/gymfactory.eu\/fr\/wp-json\/wp\/v2\/media\/30018"}],"wp:attachment":[{"href":"https:\/\/gymfactory.eu\/fr\/wp-json\/wp\/v2\/media?parent=30017"}],"wp:term":[{"taxonomy":"product_brand","embeddable":true,"href":"https:\/\/gymfactory.eu\/fr\/wp-json\/wp\/v2\/product_brand?post=30017"},{"taxonomy":"product_cat","embeddable":true,"href":"https:\/\/gymfactory.eu\/fr\/wp-json\/wp\/v2\/product_cat?post=30017"},{"taxonomy":"product_tag","embeddable":true,"href":"https:\/\/gymfactory.eu\/fr\/wp-json\/wp\/v2\/product_tag?post=30017"}],"curies":[{"name":"wp","href":"https:\/\/api.w.org\/{rel}","templated":true}]}}