{"id":30013,"date":"2025-04-23T17:47:33","date_gmt":"2025-04-23T14:47:33","guid":{"rendered":"https:\/\/gymfactory.eu\/product\/plateforme-dhalterophilie-b10\/"},"modified":"2025-04-23T17:47:33","modified_gmt":"2025-04-23T14:47:33","slug":"plateforme-dhalterophilie-b10","status":"publish","type":"product","link":"https:\/\/gymfactory.eu\/fr\/produit\/plateforme-dhalterophilie-b10\/","title":{"rendered":"Plateforme d&rsquo;Halt\u00e9rophilie B10"},"content":{"rendered":"<p>La Plateforme d&rsquo;Halt\u00e9rophilie B10 est une plateforme de levage sur\u00e9lev\u00e9e et stable, con\u00e7ue pour le travail contr\u00f4l\u00e9 \u00e0 la barre de musculation dans toute installation d&rsquo;halt\u00e9rophilie \u00e0 domicile ou commerciale. Con\u00e7ue comme un \u00e9quipement fiable pour le renforcement musculaire, elle constitue une base id\u00e9ale pour divers mouvements de tirage et de flexion de hanche (hinge). <\/p>\n<p>La plateforme comprend plusieurs supports de barre mont\u00e9s bas, vous permettant de commencer vos lev\u00e9s en dessous de la hauteur des genoux. Sa surface sur\u00e9lev\u00e9e et robuste permet de descendre la barre plus bas tout en maintenant l&rsquo;\u00e9quilibre et le positionnement. Elle est particuli\u00e8rement utile pour des exercices tels que le rowing \u00e0 la barre, le soulev\u00e9 de terre roumain et le soulev\u00e9 de terre classique.  <\/p>\n<p>La Plateforme d&rsquo;Halt\u00e9rophilie B10 est une solution pratique pour ajouter un travail de tirage cibl\u00e9 et du contr\u00f4le \u00e0 votre espace d&rsquo;entra\u00eenement en poids libres.<\/p>\n<p>Pour une utilisation optimale de ce rack, envisagez d&rsquo;ajouter une barre de musculation compatible telle que la <a href=\"https:\/\/gymfactory.eu\/product\/z03g1-olympic-barbell\/\">Barre Olympique Z03G1<\/a> ou la <a href=\"https:\/\/gymfactory.eu\/product\/z03g-olympic-barbell\/\">Barre Olympique Z03G<\/a>.<\/p>\n\n    <div class=\"xs_social_share_widget xs_share_url after_content \t\tmain_content  wslu-style-1 wslu-share-box-shaped wslu-fill-colored wslu-none wslu-share-horizontal wslu-theme-font-no wslu-main_content\">\n\n\t\t\n        <ul>\n\t\t\t        <\/ul>\n    <\/div> \n","protected":false},"excerpt":{"rendered":"<p>La Plateforme d&rsquo;Halt\u00e9rophilie B10 est une plateforme de levage sur\u00e9lev\u00e9e et stable, con\u00e7ue pour le travail contr\u00f4l\u00e9 \u00e0 la barre de musculation dans toute installation d&rsquo;halt\u00e9rophilie \u00e0 domicile ou commerciale. Con\u00e7ue comme un \u00e9quipement fiable pour le renforcement musculaire, elle constitue une base id\u00e9ale pour divers mouvements de tirage et de flexion de hanche (hinge). [&hellip;]<\/p>\n","protected":false},"featured_media":30014,"template":"","meta":{"_acf_changed":false},"product_brand":[56],"product_cat":[833],"product_tag":[857],"class_list":{"0":"post-30013","1":"product","2":"type-product","3":"status-publish","4":"has-post-thumbnail","6":"product_brand-gym-factory","7":"product_cat-racks-de-musculation","8":"product_tag-couleur-metal-uniquement","10":"first","11":"onbackorder","12":"taxable","13":"shipping-taxable","14":"purchasable","15":"product-type-variable","16":"has-default-attributes"},"acf":[],"yoast_head":"<!-- This site is optimized with the Yoast SEO plugin v25.2 - https:\/\/yoast.com\/wordpress\/plugins\/seo\/ -->\n<title>Plateforme d&#039;Halt\u00e9rophilie B10 - \u00c9quipement Essentiel pour la Force<\/title>\n<meta name=\"description\" content=\"La Plateforme d&#039;Halt\u00e9rophilie B10 (lifting platform) est l&#039;\u00e9quipement de musculation parfait pour le renforcement musculaire afin de soutenir vos objectifs et booster vos performances.\" \/>\n<meta name=\"robots\" content=\"index, follow, max-snippet:-1, max-image-preview:large, max-video-preview:-1\" \/>\n<link rel=\"canonical\" href=\"https:\/\/gymfactory.eu\/fr\/produit\/plateforme-dhalterophilie-b10\/\" \/>\n<meta property=\"og:locale\" content=\"fr_FR\" \/>\n<meta property=\"og:type\" content=\"article\" \/>\n<meta property=\"og:title\" content=\"Plateforme d&#039;Halt\u00e9rophilie B10 - \u00c9quipement Essentiel pour la Force\" \/>\n<meta property=\"og:description\" content=\"La Plateforme d&#039;Halt\u00e9rophilie B10 (lifting platform) est l&#039;\u00e9quipement de musculation parfait pour le renforcement musculaire afin de soutenir vos objectifs et booster vos performances.\" \/>\n<meta property=\"og:url\" content=\"https:\/\/gymfactory.eu\/fr\/produit\/plateforme-dhalterophilie-b10\/\" \/>\n<meta property=\"og:site_name\" content=\"Gym Factory\" \/>\n<meta property=\"og:image\" content=\"https:\/\/gymfactory.eu\/wp-content\/uploads\/2025\/04\/B10-Lifting-Platform-1-1.webp\" \/>\n\t<meta property=\"og:image:width\" content=\"1500\" \/>\n\t<meta property=\"og:image:height\" content=\"1500\" \/>\n\t<meta property=\"og:image:type\" content=\"image\/webp\" \/>\n<meta name=\"twitter:card\" content=\"summary_large_image\" \/>\n<meta name=\"twitter:label1\" content=\"Dur\u00e9e de lecture estim\u00e9e\" \/>\n\t<meta name=\"twitter:data1\" content=\"1 minute\" \/>\n<script type=\"application\/ld+json\" class=\"yoast-schema-graph\">{\"@context\":\"https:\/\/schema.org\",\"@graph\":[{\"@type\":\"WebPage\",\"@id\":\"https:\/\/gymfactory.eu\/fr\/produit\/plateforme-dhalterophilie-b10\/\",\"url\":\"https:\/\/gymfactory.eu\/fr\/produit\/plateforme-dhalterophilie-b10\/\",\"name\":\"Plateforme d'Halt\u00e9rophilie B10 - \u00c9quipement Essentiel pour la Force\",\"isPartOf\":{\"@id\":\"https:\/\/gymfactory.eu\/fr\/#website\"},\"primaryImageOfPage\":{\"@id\":\"https:\/\/gymfactory.eu\/fr\/produit\/plateforme-dhalterophilie-b10\/#primaryimage\"},\"image\":{\"@id\":\"https:\/\/gymfactory.eu\/fr\/produit\/plateforme-dhalterophilie-b10\/#primaryimage\"},\"thumbnailUrl\":\"https:\/\/gymfactory.eu\/wp-content\/uploads\/2025\/04\/B10-Lifting-Platform-1-1.webp\",\"datePublished\":\"2025-04-23T14:47:33+00:00\",\"description\":\"La Plateforme d'Halt\u00e9rophilie B10 (lifting platform) est l'\u00e9quipement de musculation parfait pour le renforcement musculaire afin de soutenir vos objectifs et booster vos performances.\",\"breadcrumb\":{\"@id\":\"https:\/\/gymfactory.eu\/fr\/produit\/plateforme-dhalterophilie-b10\/#breadcrumb\"},\"inLanguage\":\"fr-FR\",\"potentialAction\":[{\"@type\":\"ReadAction\",\"target\":[\"https:\/\/gymfactory.eu\/fr\/produit\/plateforme-dhalterophilie-b10\/\"]}]},{\"@type\":\"ImageObject\",\"inLanguage\":\"fr-FR\",\"@id\":\"https:\/\/gymfactory.eu\/fr\/produit\/plateforme-dhalterophilie-b10\/#primaryimage\",\"url\":\"https:\/\/gymfactory.eu\/wp-content\/uploads\/2025\/04\/B10-Lifting-Platform-1-1.webp\",\"contentUrl\":\"https:\/\/gymfactory.eu\/wp-content\/uploads\/2025\/04\/B10-Lifting-Platform-1-1.webp\",\"width\":1500,\"height\":1500,\"caption\":\"The B10 Lifting Platform is a durable piece of gym equipment for strength training, featuring a solid lifting surface and integrated barbell holders for intense weightlifting sessions.\"},{\"@type\":\"BreadcrumbList\",\"@id\":\"https:\/\/gymfactory.eu\/fr\/produit\/plateforme-dhalterophilie-b10\/#breadcrumb\",\"itemListElement\":[{\"@type\":\"ListItem\",\"position\":1,\"name\":\"Home\",\"item\":\"https:\/\/gymfactory.eu\/fr\/page-principale\/\"},{\"@type\":\"ListItem\",\"position\":2,\"name\":\"Catalogue\",\"item\":\"https:\/\/gymfactory.eu\/fr\/catalogue-2\/\"},{\"@type\":\"ListItem\",\"position\":3,\"name\":\"Plateforme d&#8217;Halt\u00e9rophilie B10\"}]},{\"@type\":\"WebSite\",\"@id\":\"https:\/\/gymfactory.eu\/fr\/#website\",\"url\":\"https:\/\/gymfactory.eu\/fr\/\",\"name\":\"Gym Factory\",\"description\":\"\",\"publisher\":{\"@id\":\"https:\/\/gymfactory.eu\/fr\/#organization\"},\"potentialAction\":[{\"@type\":\"SearchAction\",\"target\":{\"@type\":\"EntryPoint\",\"urlTemplate\":\"https:\/\/gymfactory.eu\/fr\/?s={search_term_string}\"},\"query-input\":{\"@type\":\"PropertyValueSpecification\",\"valueRequired\":true,\"valueName\":\"search_term_string\"}}],\"inLanguage\":\"fr-FR\"},{\"@type\":\"Organization\",\"@id\":\"https:\/\/gymfactory.eu\/fr\/#organization\",\"name\":\"Gym Factory\",\"url\":\"https:\/\/gymfactory.eu\/fr\/\",\"logo\":{\"@type\":\"ImageObject\",\"inLanguage\":\"fr-FR\",\"@id\":\"https:\/\/gymfactory.eu\/fr\/#\/schema\/logo\/image\/\",\"url\":\"https:\/\/gymfactory.eu\/wp-content\/uploads\/2024\/11\/Component-1.svg\",\"contentUrl\":\"https:\/\/gymfactory.eu\/wp-content\/uploads\/2024\/11\/Component-1.svg\",\"width\":54,\"height\":44,\"caption\":\"Gym Factory\"},\"image\":{\"@id\":\"https:\/\/gymfactory.eu\/fr\/#\/schema\/logo\/image\/\"}}]}<\/script>\n<!-- \/ Yoast SEO plugin. -->","yoast_head_json":{"title":"Plateforme d'Halt\u00e9rophilie B10 - \u00c9quipement Essentiel pour la Force","description":"La Plateforme d'Halt\u00e9rophilie B10 (lifting platform) est l'\u00e9quipement de musculation parfait pour le renforcement musculaire afin de soutenir vos objectifs et booster vos performances.","robots":{"index":"index","follow":"follow","max-snippet":"max-snippet:-1","max-image-preview":"max-image-preview:large","max-video-preview":"max-video-preview:-1"},"canonical":"https:\/\/gymfactory.eu\/fr\/produit\/plateforme-dhalterophilie-b10\/","og_locale":"fr_FR","og_type":"article","og_title":"Plateforme d'Halt\u00e9rophilie B10 - \u00c9quipement Essentiel pour la Force","og_description":"La Plateforme d'Halt\u00e9rophilie B10 (lifting platform) est l'\u00e9quipement de musculation parfait pour le renforcement musculaire afin de soutenir vos objectifs et booster vos performances.","og_url":"https:\/\/gymfactory.eu\/fr\/produit\/plateforme-dhalterophilie-b10\/","og_site_name":"Gym Factory","og_image":[{"width":1500,"height":1500,"url":"https:\/\/gymfactory.eu\/wp-content\/uploads\/2025\/04\/B10-Lifting-Platform-1-1.webp","type":"image\/webp"}],"twitter_card":"summary_large_image","twitter_misc":{"Dur\u00e9e de lecture estim\u00e9e":"1 minute"},"schema":{"@context":"https:\/\/schema.org","@graph":[{"@type":"WebPage","@id":"https:\/\/gymfactory.eu\/fr\/produit\/plateforme-dhalterophilie-b10\/","url":"https:\/\/gymfactory.eu\/fr\/produit\/plateforme-dhalterophilie-b10\/","name":"Plateforme d'Halt\u00e9rophilie B10 - \u00c9quipement Essentiel pour la Force","isPartOf":{"@id":"https:\/\/gymfactory.eu\/fr\/#website"},"primaryImageOfPage":{"@id":"https:\/\/gymfactory.eu\/fr\/produit\/plateforme-dhalterophilie-b10\/#primaryimage"},"image":{"@id":"https:\/\/gymfactory.eu\/fr\/produit\/plateforme-dhalterophilie-b10\/#primaryimage"},"thumbnailUrl":"https:\/\/gymfactory.eu\/wp-content\/uploads\/2025\/04\/B10-Lifting-Platform-1-1.webp","datePublished":"2025-04-23T14:47:33+00:00","description":"La Plateforme d'Halt\u00e9rophilie B10 (lifting platform) est l'\u00e9quipement de musculation parfait pour le renforcement musculaire afin de soutenir vos objectifs et booster vos performances.","breadcrumb":{"@id":"https:\/\/gymfactory.eu\/fr\/produit\/plateforme-dhalterophilie-b10\/#breadcrumb"},"inLanguage":"fr-FR","potentialAction":[{"@type":"ReadAction","target":["https:\/\/gymfactory.eu\/fr\/produit\/plateforme-dhalterophilie-b10\/"]}]},{"@type":"ImageObject","inLanguage":"fr-FR","@id":"https:\/\/gymfactory.eu\/fr\/produit\/plateforme-dhalterophilie-b10\/#primaryimage","url":"https:\/\/gymfactory.eu\/wp-content\/uploads\/2025\/04\/B10-Lifting-Platform-1-1.webp","contentUrl":"https:\/\/gymfactory.eu\/wp-content\/uploads\/2025\/04\/B10-Lifting-Platform-1-1.webp","width":1500,"height":1500,"caption":"The B10 Lifting Platform is a durable piece of gym equipment for strength training, featuring a solid lifting surface and integrated barbell holders for intense weightlifting sessions."},{"@type":"BreadcrumbList","@id":"https:\/\/gymfactory.eu\/fr\/produit\/plateforme-dhalterophilie-b10\/#breadcrumb","itemListElement":[{"@type":"ListItem","position":1,"name":"Home","item":"https:\/\/gymfactory.eu\/fr\/page-principale\/"},{"@type":"ListItem","position":2,"name":"Catalogue","item":"https:\/\/gymfactory.eu\/fr\/catalogue-2\/"},{"@type":"ListItem","position":3,"name":"Plateforme d&#8217;Halt\u00e9rophilie B10"}]},{"@type":"WebSite","@id":"https:\/\/gymfactory.eu\/fr\/#website","url":"https:\/\/gymfactory.eu\/fr\/","name":"Gym Factory","description":"","publisher":{"@id":"https:\/\/gymfactory.eu\/fr\/#organization"},"potentialAction":[{"@type":"SearchAction","target":{"@type":"EntryPoint","urlTemplate":"https:\/\/gymfactory.eu\/fr\/?s={search_term_string}"},"query-input":{"@type":"PropertyValueSpecification","valueRequired":true,"valueName":"search_term_string"}}],"inLanguage":"fr-FR"},{"@type":"Organization","@id":"https:\/\/gymfactory.eu\/fr\/#organization","name":"Gym Factory","url":"https:\/\/gymfactory.eu\/fr\/","logo":{"@type":"ImageObject","inLanguage":"fr-FR","@id":"https:\/\/gymfactory.eu\/fr\/#\/schema\/logo\/image\/","url":"https:\/\/gymfactory.eu\/wp-content\/uploads\/2024\/11\/Component-1.svg","contentUrl":"https:\/\/gymfactory.eu\/wp-content\/uploads\/2024\/11\/Component-1.svg","width":54,"height":44,"caption":"Gym Factory"},"image":{"@id":"https:\/\/gymfactory.eu\/fr\/#\/schema\/logo\/image\/"}}]}},"_links":{"self":[{"href":"https:\/\/gymfactory.eu\/fr\/wp-json\/wp\/v2\/product\/30013","targetHints":{"allow":["GET"]}}],"collection":[{"href":"https:\/\/gymfactory.eu\/fr\/wp-json\/wp\/v2\/product"}],"about":[{"href":"https:\/\/gymfactory.eu\/fr\/wp-json\/wp\/v2\/types\/product"}],"wp:featuredmedia":[{"embeddable":true,"href":"https:\/\/gymfactory.eu\/fr\/wp-json\/wp\/v2\/media\/30014"}],"wp:attachment":[{"href":"https:\/\/gymfactory.eu\/fr\/wp-json\/wp\/v2\/media?parent=30013"}],"wp:term":[{"taxonomy":"product_brand","embeddable":true,"href":"https:\/\/gymfactory.eu\/fr\/wp-json\/wp\/v2\/product_brand?post=30013"},{"taxonomy":"product_cat","embeddable":true,"href":"https:\/\/gymfactory.eu\/fr\/wp-json\/wp\/v2\/product_cat?post=30013"},{"taxonomy":"product_tag","embeddable":true,"href":"https:\/\/gymfactory.eu\/fr\/wp-json\/wp\/v2\/product_tag?post=30013"}],"curies":[{"name":"wp","href":"https:\/\/api.w.org\/{rel}","templated":true}]}}