{"id":30008,"date":"2025-04-23T12:50:56","date_gmt":"2025-04-23T09:50:56","guid":{"rendered":"https:\/\/gymfactory.eu\/product\/le-support-pour-developpe-aux-halteres-a1x2\/"},"modified":"2025-04-23T12:50:56","modified_gmt":"2025-04-23T09:50:56","slug":"le-support-pour-developpe-aux-halteres-a1x2","status":"publish","type":"product","link":"https:\/\/gymfactory.eu\/fr\/produit\/le-support-pour-developpe-aux-halteres-a1x2\/","title":{"rendered":"Le support pour d\u00e9velopp\u00e9 aux halt\u00e8res A1x2"},"content":{"rendered":"<p>Le support pour d\u00e9velopp\u00e9 aux halt\u00e8res A1x2 (Dumbbells Press Rack) est un \u00e9quipement d\u00e9di\u00e9 con\u00e7u pour assister et rendre plus s\u00fbr et plus stable le d\u00e9velopp\u00e9 couch\u00e9 plat avec halt\u00e8res pour la force des pectoraux. Cet \u00e9quipement de musculation aide les pratiquants \u00e0 se positionner correctement lorsqu&rsquo;ils travaillent avec des halt\u00e8res lourds. <\/p>\n<p>La hauteur des supports d&rsquo;halt\u00e8res peut \u00eatre ajust\u00e9e pour s&rsquo;adapter \u00e0 la longueur des bras de l&rsquo;utilisateur, ce qui permet d&rsquo;atteindre plus facilement les halt\u00e8res depuis une position de pouss\u00e9e naturelle. Chaque support est mont\u00e9 sur une articulation flexible qui bascule vers l&rsquo;avant pour rapprocher l&rsquo;halt\u00e8re lors de la mise en place. Une fois le poids soulev\u00e9, le support retourne automatiquement \u00e0 sa position initiale, r\u00e9duisant ainsi la tension inutile sur les \u00e9paules.  <\/p>\n<p>Ce rack est particuli\u00e8rement utile pour les pratiquants s&rsquo;entra\u00eenant seuls, car il am\u00e9liore \u00e0 la fois la s\u00e9curit\u00e9 et le confort lors des d\u00e9velopp\u00e9s lourds aux halt\u00e8res.<\/p>\n\n    <div class=\"xs_social_share_widget xs_share_url after_content \t\tmain_content  wslu-style-1 wslu-share-box-shaped wslu-fill-colored wslu-none wslu-share-horizontal wslu-theme-font-no wslu-main_content\">\n\n\t\t\n        <ul>\n\t\t\t        <\/ul>\n    <\/div> \n","protected":false},"excerpt":{"rendered":"<p>Le support pour d\u00e9velopp\u00e9 aux halt\u00e8res A1x2 (Dumbbells Press Rack) est un \u00e9quipement d\u00e9di\u00e9 con\u00e7u pour assister et rendre plus s\u00fbr et plus stable le d\u00e9velopp\u00e9 couch\u00e9 plat avec halt\u00e8res pour la force des pectoraux. Cet \u00e9quipement de musculation aide les pratiquants \u00e0 se positionner correctement lorsqu&rsquo;ils travaillent avec des halt\u00e8res lourds. La hauteur des [&hellip;]<\/p>\n","protected":false},"featured_media":30009,"template":"","meta":{"_acf_changed":false},"product_brand":[56],"product_cat":[836],"product_tag":[],"class_list":{"0":"post-30008","1":"product","2":"type-product","3":"status-publish","4":"has-post-thumbnail","6":"product_brand-gym-factory","7":"product_cat-bancs-de-musculation","9":"first","10":"onbackorder","11":"taxable","12":"shipping-taxable","13":"purchasable","14":"product-type-variable","15":"has-default-attributes"},"acf":[],"yoast_head":"<!-- This site is optimized with the Yoast SEO plugin v25.2 - https:\/\/yoast.com\/wordpress\/plugins\/seo\/ -->\n<title>\u00c9quipement de Musculation A1x2 Dumbbells Flat Bench Press (Banc Couch\u00e9 pour Halt\u00e8res) par Gym Factory<\/title>\n<meta name=\"description\" content=\"Le rack pour d\u00e9velopp\u00e9 couch\u00e9 avec halt\u00e8res (Dumbbells flat bench press) est un excellent \u00e9quipement de sport pour des entra\u00eenements polyvalents des pectoraux et du haut du corps. R\u00e9glable, robuste, supporte jusqu&#039;\u00e0 500 kg.\" \/>\n<meta name=\"robots\" content=\"index, follow, max-snippet:-1, max-image-preview:large, max-video-preview:-1\" \/>\n<link rel=\"canonical\" href=\"https:\/\/gymfactory.eu\/fr\/produit\/le-support-pour-developpe-aux-halteres-a1x2\/\" \/>\n<meta property=\"og:locale\" content=\"fr_FR\" \/>\n<meta property=\"og:type\" content=\"article\" \/>\n<meta property=\"og:title\" content=\"\u00c9quipement de Musculation A1x2 Dumbbells Flat Bench Press (Banc Couch\u00e9 pour Halt\u00e8res) par Gym Factory\" \/>\n<meta property=\"og:description\" content=\"Le rack pour d\u00e9velopp\u00e9 couch\u00e9 avec halt\u00e8res (Dumbbells flat bench press) est un excellent \u00e9quipement de sport pour des entra\u00eenements polyvalents des pectoraux et du haut du corps. R\u00e9glable, robuste, supporte jusqu&#039;\u00e0 500 kg.\" \/>\n<meta property=\"og:url\" content=\"https:\/\/gymfactory.eu\/fr\/produit\/le-support-pour-developpe-aux-halteres-a1x2\/\" \/>\n<meta property=\"og:site_name\" content=\"Gym Factory\" \/>\n<meta property=\"og:image\" content=\"https:\/\/gymfactory.eu\/wp-content\/uploads\/2025\/04\/A1X2-Dumbbells-Bench-Press.webp\" \/>\n\t<meta property=\"og:image:width\" content=\"1500\" \/>\n\t<meta property=\"og:image:height\" content=\"1500\" \/>\n\t<meta property=\"og:image:type\" content=\"image\/webp\" \/>\n<meta name=\"twitter:card\" content=\"summary_large_image\" \/>\n<meta name=\"twitter:label1\" content=\"Dur\u00e9e de lecture estim\u00e9e\" \/>\n\t<meta name=\"twitter:data1\" content=\"1 minute\" \/>\n<script type=\"application\/ld+json\" class=\"yoast-schema-graph\">{\"@context\":\"https:\/\/schema.org\",\"@graph\":[{\"@type\":\"WebPage\",\"@id\":\"https:\/\/gymfactory.eu\/fr\/produit\/le-support-pour-developpe-aux-halteres-a1x2\/\",\"url\":\"https:\/\/gymfactory.eu\/fr\/produit\/le-support-pour-developpe-aux-halteres-a1x2\/\",\"name\":\"\u00c9quipement de Musculation A1x2 Dumbbells Flat Bench Press (Banc Couch\u00e9 pour Halt\u00e8res) par Gym Factory\",\"isPartOf\":{\"@id\":\"https:\/\/gymfactory.eu\/fr\/#website\"},\"primaryImageOfPage\":{\"@id\":\"https:\/\/gymfactory.eu\/fr\/produit\/le-support-pour-developpe-aux-halteres-a1x2\/#primaryimage\"},\"image\":{\"@id\":\"https:\/\/gymfactory.eu\/fr\/produit\/le-support-pour-developpe-aux-halteres-a1x2\/#primaryimage\"},\"thumbnailUrl\":\"https:\/\/gymfactory.eu\/wp-content\/uploads\/2025\/04\/A1X2-Dumbbells-Bench-Press.webp\",\"datePublished\":\"2025-04-23T09:50:56+00:00\",\"description\":\"Le rack pour d\u00e9velopp\u00e9 couch\u00e9 avec halt\u00e8res (Dumbbells flat bench press) est un excellent \u00e9quipement de sport pour des entra\u00eenements polyvalents des pectoraux et du haut du corps. R\u00e9glable, robuste, supporte jusqu'\u00e0 500 kg.\",\"breadcrumb\":{\"@id\":\"https:\/\/gymfactory.eu\/fr\/produit\/le-support-pour-developpe-aux-halteres-a1x2\/#breadcrumb\"},\"inLanguage\":\"fr-FR\",\"potentialAction\":[{\"@type\":\"ReadAction\",\"target\":[\"https:\/\/gymfactory.eu\/fr\/produit\/le-support-pour-developpe-aux-halteres-a1x2\/\"]}]},{\"@type\":\"ImageObject\",\"inLanguage\":\"fr-FR\",\"@id\":\"https:\/\/gymfactory.eu\/fr\/produit\/le-support-pour-developpe-aux-halteres-a1x2\/#primaryimage\",\"url\":\"https:\/\/gymfactory.eu\/wp-content\/uploads\/2025\/04\/A1X2-Dumbbells-Bench-Press.webp\",\"contentUrl\":\"https:\/\/gymfactory.eu\/wp-content\/uploads\/2025\/04\/A1X2-Dumbbells-Bench-Press.webp\",\"width\":1500,\"height\":1500,\"caption\":\"Commercial-grade dumbbell flat bench press rack designed for gym equipment setups, featuring a padded flat bench and sturdy steel supports for effective strength-training exercises.\"},{\"@type\":\"BreadcrumbList\",\"@id\":\"https:\/\/gymfactory.eu\/fr\/produit\/le-support-pour-developpe-aux-halteres-a1x2\/#breadcrumb\",\"itemListElement\":[{\"@type\":\"ListItem\",\"position\":1,\"name\":\"Home\",\"item\":\"https:\/\/gymfactory.eu\/fr\/\"},{\"@type\":\"ListItem\",\"position\":2,\"name\":\"Catalogue\",\"item\":\"https:\/\/gymfactory.eu\/catalogue\/\"},{\"@type\":\"ListItem\",\"position\":3,\"name\":\"Le support pour d\u00e9velopp\u00e9 aux halt\u00e8res A1x2\"}]},{\"@type\":\"WebSite\",\"@id\":\"https:\/\/gymfactory.eu\/fr\/#website\",\"url\":\"https:\/\/gymfactory.eu\/fr\/\",\"name\":\"Gym Factory\",\"description\":\"\",\"publisher\":{\"@id\":\"https:\/\/gymfactory.eu\/fr\/#organization\"},\"potentialAction\":[{\"@type\":\"SearchAction\",\"target\":{\"@type\":\"EntryPoint\",\"urlTemplate\":\"https:\/\/gymfactory.eu\/fr\/?s={search_term_string}\"},\"query-input\":{\"@type\":\"PropertyValueSpecification\",\"valueRequired\":true,\"valueName\":\"search_term_string\"}}],\"inLanguage\":\"fr-FR\"},{\"@type\":\"Organization\",\"@id\":\"https:\/\/gymfactory.eu\/fr\/#organization\",\"name\":\"Gym Factory\",\"url\":\"https:\/\/gymfactory.eu\/fr\/\",\"logo\":{\"@type\":\"ImageObject\",\"inLanguage\":\"fr-FR\",\"@id\":\"https:\/\/gymfactory.eu\/fr\/#\/schema\/logo\/image\/\",\"url\":\"https:\/\/gymfactory.eu\/wp-content\/uploads\/2024\/11\/Component-1.svg\",\"contentUrl\":\"https:\/\/gymfactory.eu\/wp-content\/uploads\/2024\/11\/Component-1.svg\",\"width\":54,\"height\":44,\"caption\":\"Gym Factory\"},\"image\":{\"@id\":\"https:\/\/gymfactory.eu\/fr\/#\/schema\/logo\/image\/\"}}]}<\/script>\n<!-- \/ Yoast SEO plugin. -->","yoast_head_json":{"title":"\u00c9quipement de Musculation A1x2 Dumbbells Flat Bench Press (Banc Couch\u00e9 pour Halt\u00e8res) par Gym Factory","description":"Le rack pour d\u00e9velopp\u00e9 couch\u00e9 avec halt\u00e8res (Dumbbells flat bench press) est un excellent \u00e9quipement de sport pour des entra\u00eenements polyvalents des pectoraux et du haut du corps. R\u00e9glable, robuste, supporte jusqu'\u00e0 500 kg.","robots":{"index":"index","follow":"follow","max-snippet":"max-snippet:-1","max-image-preview":"max-image-preview:large","max-video-preview":"max-video-preview:-1"},"canonical":"https:\/\/gymfactory.eu\/fr\/produit\/le-support-pour-developpe-aux-halteres-a1x2\/","og_locale":"fr_FR","og_type":"article","og_title":"\u00c9quipement de Musculation A1x2 Dumbbells Flat Bench Press (Banc Couch\u00e9 pour Halt\u00e8res) par Gym Factory","og_description":"Le rack pour d\u00e9velopp\u00e9 couch\u00e9 avec halt\u00e8res (Dumbbells flat bench press) est un excellent \u00e9quipement de sport pour des entra\u00eenements polyvalents des pectoraux et du haut du corps. R\u00e9glable, robuste, supporte jusqu'\u00e0 500 kg.","og_url":"https:\/\/gymfactory.eu\/fr\/produit\/le-support-pour-developpe-aux-halteres-a1x2\/","og_site_name":"Gym Factory","og_image":[{"width":1500,"height":1500,"url":"https:\/\/gymfactory.eu\/wp-content\/uploads\/2025\/04\/A1X2-Dumbbells-Bench-Press.webp","type":"image\/webp"}],"twitter_card":"summary_large_image","twitter_misc":{"Dur\u00e9e de lecture estim\u00e9e":"1 minute"},"schema":{"@context":"https:\/\/schema.org","@graph":[{"@type":"WebPage","@id":"https:\/\/gymfactory.eu\/fr\/produit\/le-support-pour-developpe-aux-halteres-a1x2\/","url":"https:\/\/gymfactory.eu\/fr\/produit\/le-support-pour-developpe-aux-halteres-a1x2\/","name":"\u00c9quipement de Musculation A1x2 Dumbbells Flat Bench Press (Banc Couch\u00e9 pour Halt\u00e8res) par Gym Factory","isPartOf":{"@id":"https:\/\/gymfactory.eu\/fr\/#website"},"primaryImageOfPage":{"@id":"https:\/\/gymfactory.eu\/fr\/produit\/le-support-pour-developpe-aux-halteres-a1x2\/#primaryimage"},"image":{"@id":"https:\/\/gymfactory.eu\/fr\/produit\/le-support-pour-developpe-aux-halteres-a1x2\/#primaryimage"},"thumbnailUrl":"https:\/\/gymfactory.eu\/wp-content\/uploads\/2025\/04\/A1X2-Dumbbells-Bench-Press.webp","datePublished":"2025-04-23T09:50:56+00:00","description":"Le rack pour d\u00e9velopp\u00e9 couch\u00e9 avec halt\u00e8res (Dumbbells flat bench press) est un excellent \u00e9quipement de sport pour des entra\u00eenements polyvalents des pectoraux et du haut du corps. R\u00e9glable, robuste, supporte jusqu'\u00e0 500 kg.","breadcrumb":{"@id":"https:\/\/gymfactory.eu\/fr\/produit\/le-support-pour-developpe-aux-halteres-a1x2\/#breadcrumb"},"inLanguage":"fr-FR","potentialAction":[{"@type":"ReadAction","target":["https:\/\/gymfactory.eu\/fr\/produit\/le-support-pour-developpe-aux-halteres-a1x2\/"]}]},{"@type":"ImageObject","inLanguage":"fr-FR","@id":"https:\/\/gymfactory.eu\/fr\/produit\/le-support-pour-developpe-aux-halteres-a1x2\/#primaryimage","url":"https:\/\/gymfactory.eu\/wp-content\/uploads\/2025\/04\/A1X2-Dumbbells-Bench-Press.webp","contentUrl":"https:\/\/gymfactory.eu\/wp-content\/uploads\/2025\/04\/A1X2-Dumbbells-Bench-Press.webp","width":1500,"height":1500,"caption":"Commercial-grade dumbbell flat bench press rack designed for gym equipment setups, featuring a padded flat bench and sturdy steel supports for effective strength-training exercises."},{"@type":"BreadcrumbList","@id":"https:\/\/gymfactory.eu\/fr\/produit\/le-support-pour-developpe-aux-halteres-a1x2\/#breadcrumb","itemListElement":[{"@type":"ListItem","position":1,"name":"Home","item":"https:\/\/gymfactory.eu\/fr\/"},{"@type":"ListItem","position":2,"name":"Catalogue","item":"https:\/\/gymfactory.eu\/catalogue\/"},{"@type":"ListItem","position":3,"name":"Le support pour d\u00e9velopp\u00e9 aux halt\u00e8res A1x2"}]},{"@type":"WebSite","@id":"https:\/\/gymfactory.eu\/fr\/#website","url":"https:\/\/gymfactory.eu\/fr\/","name":"Gym Factory","description":"","publisher":{"@id":"https:\/\/gymfactory.eu\/fr\/#organization"},"potentialAction":[{"@type":"SearchAction","target":{"@type":"EntryPoint","urlTemplate":"https:\/\/gymfactory.eu\/fr\/?s={search_term_string}"},"query-input":{"@type":"PropertyValueSpecification","valueRequired":true,"valueName":"search_term_string"}}],"inLanguage":"fr-FR"},{"@type":"Organization","@id":"https:\/\/gymfactory.eu\/fr\/#organization","name":"Gym Factory","url":"https:\/\/gymfactory.eu\/fr\/","logo":{"@type":"ImageObject","inLanguage":"fr-FR","@id":"https:\/\/gymfactory.eu\/fr\/#\/schema\/logo\/image\/","url":"https:\/\/gymfactory.eu\/wp-content\/uploads\/2024\/11\/Component-1.svg","contentUrl":"https:\/\/gymfactory.eu\/wp-content\/uploads\/2024\/11\/Component-1.svg","width":54,"height":44,"caption":"Gym Factory"},"image":{"@id":"https:\/\/gymfactory.eu\/fr\/#\/schema\/logo\/image\/"}}]}},"_links":{"self":[{"href":"https:\/\/gymfactory.eu\/fr\/wp-json\/wp\/v2\/product\/30008","targetHints":{"allow":["GET"]}}],"collection":[{"href":"https:\/\/gymfactory.eu\/fr\/wp-json\/wp\/v2\/product"}],"about":[{"href":"https:\/\/gymfactory.eu\/fr\/wp-json\/wp\/v2\/types\/product"}],"wp:featuredmedia":[{"embeddable":true,"href":"https:\/\/gymfactory.eu\/fr\/wp-json\/wp\/v2\/media\/30009"}],"wp:attachment":[{"href":"https:\/\/gymfactory.eu\/fr\/wp-json\/wp\/v2\/media?parent=30008"}],"wp:term":[{"taxonomy":"product_brand","embeddable":true,"href":"https:\/\/gymfactory.eu\/fr\/wp-json\/wp\/v2\/product_brand?post=30008"},{"taxonomy":"product_cat","embeddable":true,"href":"https:\/\/gymfactory.eu\/fr\/wp-json\/wp\/v2\/product_cat?post=30008"},{"taxonomy":"product_tag","embeddable":true,"href":"https:\/\/gymfactory.eu\/fr\/wp-json\/wp\/v2\/product_tag?post=30008"}],"curies":[{"name":"wp","href":"https:\/\/api.w.org\/{rel}","templated":true}]}}