{"id":30001,"date":"2025-04-10T19:58:45","date_gmt":"2025-04-10T16:58:45","guid":{"rendered":"https:\/\/gymfactory.eu\/product\/gants-de-musculation-tg22\/"},"modified":"2025-04-10T19:58:45","modified_gmt":"2025-04-10T16:58:45","slug":"gants-de-musculation-tg22","status":"publish","type":"product","link":"https:\/\/gymfactory.eu\/fr\/produit\/gants-de-musculation-tg22\/","title":{"rendered":"Gants de Musculation TG22"},"content":{"rendered":"<p>Les Gants de Musculation TG-22 sont un \u00e9quipement de sport con\u00e7u pour am\u00e9liorer l&rsquo;adh\u00e9rence et r\u00e9duire la fatigue des mains lors des exercices de renforcement musculaire et de l&rsquo;entra\u00eenement au poids du corps. Ils sont dot\u00e9s de paumes rembourr\u00e9es et de zones antid\u00e9rapantes pour un meilleur contr\u00f4le lors de l&rsquo;utilisation de barres de musculation, d&rsquo;halt\u00e8res, de kettlebells ou de barres de traction. <\/p>\n<p>Fabriqu\u00e9s \u00e0 partir de mat\u00e9riaux respirants, ces gants offrent un grand confort lors des s\u00e9ances prolong\u00e9es. Leur conception sans doigts (mitaines) permet un mouvement naturel et une bonne ventilation. Adapt\u00e9s \u00e0 divers environnements d&rsquo;entra\u00eenement, les gants TG-22 aident \u00e0 maintenir la concentration et la r\u00e9gularit\u00e9 lors des lev\u00e9s.<\/p>\n\n    <div class=\"xs_social_share_widget xs_share_url after_content \t\tmain_content  wslu-style-1 wslu-share-box-shaped wslu-fill-colored wslu-none wslu-share-horizontal wslu-theme-font-no wslu-main_content\">\n\n\t\t\n        <ul>\n\t\t\t        <\/ul>\n    <\/div> \n","protected":false},"excerpt":{"rendered":"<p>Les Gants de Musculation TG-22 sont un \u00e9quipement de sport con\u00e7u pour am\u00e9liorer l&rsquo;adh\u00e9rence et r\u00e9duire la fatigue des mains lors des exercices de renforcement musculaire et de l&rsquo;entra\u00eenement au poids du corps. Ils sont dot\u00e9s de paumes rembourr\u00e9es et de zones antid\u00e9rapantes pour un meilleur contr\u00f4le lors de l&rsquo;utilisation de barres de musculation, d&rsquo;halt\u00e8res, [&hellip;]<\/p>\n","protected":false},"featured_media":30002,"template":"","meta":{"_acf_changed":false},"product_brand":[56],"product_cat":[826],"product_tag":[977],"class_list":{"0":"post-30001","1":"product","2":"type-product","3":"status-publish","4":"has-post-thumbnail","6":"product_brand-gym-factory","7":"product_cat-accessoires-de-musculation","8":"product_tag-couleur-sans-couleurs","10":"first","11":"instock","12":"taxable","13":"shipping-taxable","14":"purchasable","15":"product-type-variable"},"acf":[],"yoast_head":"<!-- This site is optimized with the Yoast SEO plugin v25.2 - https:\/\/yoast.com\/wordpress\/plugins\/seo\/ -->\n<title>Gants de Musculation TG-22 \u2013 \u00c9quipement de Sport pour l&#039;Entra\u00eenement<\/title>\n<meta name=\"description\" content=\"Obtenez une meilleure adh\u00e9rence et prot\u00e9gez vos mains avec les Gants de Musculation TG-22. Un \u00e9quipement de musculation essentiel pour les exercices de renforcement musculaire.\" \/>\n<meta name=\"robots\" content=\"index, follow, max-snippet:-1, max-image-preview:large, max-video-preview:-1\" \/>\n<link rel=\"canonical\" href=\"https:\/\/gymfactory.eu\/fr\/produit\/gants-de-musculation-tg22\/\" \/>\n<meta property=\"og:locale\" content=\"fr_FR\" \/>\n<meta property=\"og:type\" content=\"article\" \/>\n<meta property=\"og:title\" content=\"Gants de Musculation TG-22 \u2013 \u00c9quipement de Sport pour l&#039;Entra\u00eenement\" \/>\n<meta property=\"og:description\" content=\"Obtenez une meilleure adh\u00e9rence et prot\u00e9gez vos mains avec les Gants de Musculation TG-22. Un \u00e9quipement de musculation essentiel pour les exercices de renforcement musculaire.\" \/>\n<meta property=\"og:url\" content=\"https:\/\/gymfactory.eu\/fr\/produit\/gants-de-musculation-tg22\/\" \/>\n<meta property=\"og:site_name\" content=\"Gym Factory\" \/>\n<meta property=\"og:image\" content=\"https:\/\/gymfactory.eu\/wp-content\/uploads\/2025\/04\/TG-22-Weight-Lifting-Fitness-Gloves-1.webp\" \/>\n\t<meta property=\"og:image:width\" content=\"1181\" \/>\n\t<meta property=\"og:image:height\" content=\"1181\" \/>\n\t<meta property=\"og:image:type\" content=\"image\/webp\" \/>\n<meta name=\"twitter:card\" content=\"summary_large_image\" \/>\n<meta name=\"twitter:label1\" content=\"Dur\u00e9e de lecture estim\u00e9e\" \/>\n\t<meta name=\"twitter:data1\" content=\"1 minute\" \/>\n<script type=\"application\/ld+json\" class=\"yoast-schema-graph\">{\"@context\":\"https:\/\/schema.org\",\"@graph\":[{\"@type\":\"WebPage\",\"@id\":\"https:\/\/gymfactory.eu\/fr\/produit\/gants-de-musculation-tg22\/\",\"url\":\"https:\/\/gymfactory.eu\/fr\/produit\/gants-de-musculation-tg22\/\",\"name\":\"Gants de Musculation TG-22 \u2013 \u00c9quipement de Sport pour l'Entra\u00eenement\",\"isPartOf\":{\"@id\":\"https:\/\/gymfactory.eu\/fr\/#website\"},\"primaryImageOfPage\":{\"@id\":\"https:\/\/gymfactory.eu\/fr\/produit\/gants-de-musculation-tg22\/#primaryimage\"},\"image\":{\"@id\":\"https:\/\/gymfactory.eu\/fr\/produit\/gants-de-musculation-tg22\/#primaryimage\"},\"thumbnailUrl\":\"https:\/\/gymfactory.eu\/wp-content\/uploads\/2025\/04\/TG-22-Weight-Lifting-Fitness-Gloves-1.webp\",\"datePublished\":\"2025-04-10T16:58:45+00:00\",\"description\":\"Obtenez une meilleure adh\u00e9rence et prot\u00e9gez vos mains avec les Gants de Musculation TG-22. Un \u00e9quipement de musculation essentiel pour les exercices de renforcement musculaire.\",\"breadcrumb\":{\"@id\":\"https:\/\/gymfactory.eu\/fr\/produit\/gants-de-musculation-tg22\/#breadcrumb\"},\"inLanguage\":\"fr-FR\",\"potentialAction\":[{\"@type\":\"ReadAction\",\"target\":[\"https:\/\/gymfactory.eu\/fr\/produit\/gants-de-musculation-tg22\/\"]}]},{\"@type\":\"ImageObject\",\"inLanguage\":\"fr-FR\",\"@id\":\"https:\/\/gymfactory.eu\/fr\/produit\/gants-de-musculation-tg22\/#primaryimage\",\"url\":\"https:\/\/gymfactory.eu\/wp-content\/uploads\/2025\/04\/TG-22-Weight-Lifting-Fitness-Gloves-1.webp\",\"contentUrl\":\"https:\/\/gymfactory.eu\/wp-content\/uploads\/2025\/04\/TG-22-Weight-Lifting-Fitness-Gloves-1.webp\",\"width\":1181,\"height\":1181,\"caption\":\"TG-22 Weight Lifting Fitness Gloves in black and red, featuring padded palms and fingerless design for better grip during gym workouts and strength-training exercises.\"},{\"@type\":\"BreadcrumbList\",\"@id\":\"https:\/\/gymfactory.eu\/fr\/produit\/gants-de-musculation-tg22\/#breadcrumb\",\"itemListElement\":[{\"@type\":\"ListItem\",\"position\":1,\"name\":\"Home\",\"item\":\"https:\/\/gymfactory.eu\/fr\/page-principale\/\"},{\"@type\":\"ListItem\",\"position\":2,\"name\":\"Catalogue\",\"item\":\"https:\/\/gymfactory.eu\/fr\/catalogue-2\/\"},{\"@type\":\"ListItem\",\"position\":3,\"name\":\"Gants de Musculation TG22\"}]},{\"@type\":\"WebSite\",\"@id\":\"https:\/\/gymfactory.eu\/fr\/#website\",\"url\":\"https:\/\/gymfactory.eu\/fr\/\",\"name\":\"Gym Factory\",\"description\":\"\",\"publisher\":{\"@id\":\"https:\/\/gymfactory.eu\/fr\/#organization\"},\"potentialAction\":[{\"@type\":\"SearchAction\",\"target\":{\"@type\":\"EntryPoint\",\"urlTemplate\":\"https:\/\/gymfactory.eu\/fr\/?s={search_term_string}\"},\"query-input\":{\"@type\":\"PropertyValueSpecification\",\"valueRequired\":true,\"valueName\":\"search_term_string\"}}],\"inLanguage\":\"fr-FR\"},{\"@type\":\"Organization\",\"@id\":\"https:\/\/gymfactory.eu\/fr\/#organization\",\"name\":\"Gym Factory\",\"url\":\"https:\/\/gymfactory.eu\/fr\/\",\"logo\":{\"@type\":\"ImageObject\",\"inLanguage\":\"fr-FR\",\"@id\":\"https:\/\/gymfactory.eu\/fr\/#\/schema\/logo\/image\/\",\"url\":\"https:\/\/gymfactory.eu\/wp-content\/uploads\/2024\/11\/Component-1.svg\",\"contentUrl\":\"https:\/\/gymfactory.eu\/wp-content\/uploads\/2024\/11\/Component-1.svg\",\"width\":54,\"height\":44,\"caption\":\"Gym Factory\"},\"image\":{\"@id\":\"https:\/\/gymfactory.eu\/fr\/#\/schema\/logo\/image\/\"}}]}<\/script>\n<!-- \/ Yoast SEO plugin. -->","yoast_head_json":{"title":"Gants de Musculation TG-22 \u2013 \u00c9quipement de Sport pour l'Entra\u00eenement","description":"Obtenez une meilleure adh\u00e9rence et prot\u00e9gez vos mains avec les Gants de Musculation TG-22. Un \u00e9quipement de musculation essentiel pour les exercices de renforcement musculaire.","robots":{"index":"index","follow":"follow","max-snippet":"max-snippet:-1","max-image-preview":"max-image-preview:large","max-video-preview":"max-video-preview:-1"},"canonical":"https:\/\/gymfactory.eu\/fr\/produit\/gants-de-musculation-tg22\/","og_locale":"fr_FR","og_type":"article","og_title":"Gants de Musculation TG-22 \u2013 \u00c9quipement de Sport pour l'Entra\u00eenement","og_description":"Obtenez une meilleure adh\u00e9rence et prot\u00e9gez vos mains avec les Gants de Musculation TG-22. Un \u00e9quipement de musculation essentiel pour les exercices de renforcement musculaire.","og_url":"https:\/\/gymfactory.eu\/fr\/produit\/gants-de-musculation-tg22\/","og_site_name":"Gym Factory","og_image":[{"width":1181,"height":1181,"url":"https:\/\/gymfactory.eu\/wp-content\/uploads\/2025\/04\/TG-22-Weight-Lifting-Fitness-Gloves-1.webp","type":"image\/webp"}],"twitter_card":"summary_large_image","twitter_misc":{"Dur\u00e9e de lecture estim\u00e9e":"1 minute"},"schema":{"@context":"https:\/\/schema.org","@graph":[{"@type":"WebPage","@id":"https:\/\/gymfactory.eu\/fr\/produit\/gants-de-musculation-tg22\/","url":"https:\/\/gymfactory.eu\/fr\/produit\/gants-de-musculation-tg22\/","name":"Gants de Musculation TG-22 \u2013 \u00c9quipement de Sport pour l'Entra\u00eenement","isPartOf":{"@id":"https:\/\/gymfactory.eu\/fr\/#website"},"primaryImageOfPage":{"@id":"https:\/\/gymfactory.eu\/fr\/produit\/gants-de-musculation-tg22\/#primaryimage"},"image":{"@id":"https:\/\/gymfactory.eu\/fr\/produit\/gants-de-musculation-tg22\/#primaryimage"},"thumbnailUrl":"https:\/\/gymfactory.eu\/wp-content\/uploads\/2025\/04\/TG-22-Weight-Lifting-Fitness-Gloves-1.webp","datePublished":"2025-04-10T16:58:45+00:00","description":"Obtenez une meilleure adh\u00e9rence et prot\u00e9gez vos mains avec les Gants de Musculation TG-22. Un \u00e9quipement de musculation essentiel pour les exercices de renforcement musculaire.","breadcrumb":{"@id":"https:\/\/gymfactory.eu\/fr\/produit\/gants-de-musculation-tg22\/#breadcrumb"},"inLanguage":"fr-FR","potentialAction":[{"@type":"ReadAction","target":["https:\/\/gymfactory.eu\/fr\/produit\/gants-de-musculation-tg22\/"]}]},{"@type":"ImageObject","inLanguage":"fr-FR","@id":"https:\/\/gymfactory.eu\/fr\/produit\/gants-de-musculation-tg22\/#primaryimage","url":"https:\/\/gymfactory.eu\/wp-content\/uploads\/2025\/04\/TG-22-Weight-Lifting-Fitness-Gloves-1.webp","contentUrl":"https:\/\/gymfactory.eu\/wp-content\/uploads\/2025\/04\/TG-22-Weight-Lifting-Fitness-Gloves-1.webp","width":1181,"height":1181,"caption":"TG-22 Weight Lifting Fitness Gloves in black and red, featuring padded palms and fingerless design for better grip during gym workouts and strength-training exercises."},{"@type":"BreadcrumbList","@id":"https:\/\/gymfactory.eu\/fr\/produit\/gants-de-musculation-tg22\/#breadcrumb","itemListElement":[{"@type":"ListItem","position":1,"name":"Home","item":"https:\/\/gymfactory.eu\/fr\/page-principale\/"},{"@type":"ListItem","position":2,"name":"Catalogue","item":"https:\/\/gymfactory.eu\/fr\/catalogue-2\/"},{"@type":"ListItem","position":3,"name":"Gants de Musculation TG22"}]},{"@type":"WebSite","@id":"https:\/\/gymfactory.eu\/fr\/#website","url":"https:\/\/gymfactory.eu\/fr\/","name":"Gym Factory","description":"","publisher":{"@id":"https:\/\/gymfactory.eu\/fr\/#organization"},"potentialAction":[{"@type":"SearchAction","target":{"@type":"EntryPoint","urlTemplate":"https:\/\/gymfactory.eu\/fr\/?s={search_term_string}"},"query-input":{"@type":"PropertyValueSpecification","valueRequired":true,"valueName":"search_term_string"}}],"inLanguage":"fr-FR"},{"@type":"Organization","@id":"https:\/\/gymfactory.eu\/fr\/#organization","name":"Gym Factory","url":"https:\/\/gymfactory.eu\/fr\/","logo":{"@type":"ImageObject","inLanguage":"fr-FR","@id":"https:\/\/gymfactory.eu\/fr\/#\/schema\/logo\/image\/","url":"https:\/\/gymfactory.eu\/wp-content\/uploads\/2024\/11\/Component-1.svg","contentUrl":"https:\/\/gymfactory.eu\/wp-content\/uploads\/2024\/11\/Component-1.svg","width":54,"height":44,"caption":"Gym Factory"},"image":{"@id":"https:\/\/gymfactory.eu\/fr\/#\/schema\/logo\/image\/"}}]}},"_links":{"self":[{"href":"https:\/\/gymfactory.eu\/fr\/wp-json\/wp\/v2\/product\/30001","targetHints":{"allow":["GET"]}}],"collection":[{"href":"https:\/\/gymfactory.eu\/fr\/wp-json\/wp\/v2\/product"}],"about":[{"href":"https:\/\/gymfactory.eu\/fr\/wp-json\/wp\/v2\/types\/product"}],"wp:featuredmedia":[{"embeddable":true,"href":"https:\/\/gymfactory.eu\/fr\/wp-json\/wp\/v2\/media\/30002"}],"wp:attachment":[{"href":"https:\/\/gymfactory.eu\/fr\/wp-json\/wp\/v2\/media?parent=30001"}],"wp:term":[{"taxonomy":"product_brand","embeddable":true,"href":"https:\/\/gymfactory.eu\/fr\/wp-json\/wp\/v2\/product_brand?post=30001"},{"taxonomy":"product_cat","embeddable":true,"href":"https:\/\/gymfactory.eu\/fr\/wp-json\/wp\/v2\/product_cat?post=30001"},{"taxonomy":"product_tag","embeddable":true,"href":"https:\/\/gymfactory.eu\/fr\/wp-json\/wp\/v2\/product_tag?post=30001"}],"curies":[{"name":"wp","href":"https:\/\/api.w.org\/{rel}","templated":true}]}}