{"id":29997,"date":"2025-04-10T19:47:19","date_gmt":"2025-04-10T16:47:19","guid":{"rendered":"https:\/\/gymfactory.eu\/product\/tapis-dexercice-tg13\/"},"modified":"2025-04-10T19:47:19","modified_gmt":"2025-04-10T16:47:19","slug":"tapis-dexercice-tg13","status":"publish","type":"product","link":"https:\/\/gymfactory.eu\/fr\/produit\/tapis-dexercice-tg13\/","title":{"rendered":"Tapis d&rsquo;Exercice TG13"},"content":{"rendered":"<p>Le Tapis d&rsquo;Exercice TG-13 offre une surface stable et amortissante pour les entra\u00eenements au sol. Il est adapt\u00e9 pour les \u00e9tirements, le travail de la sangle abdominale, l&rsquo;entra\u00eenement au poids du corps, ainsi que les exercices de mobilit\u00e9 ou de r\u00e9cup\u00e9ration. <\/p>\n<p>La texture antid\u00e9rapante et l&rsquo;\u00e9paisseur mod\u00e9r\u00e9e offrent confort et maintien lors des exercices de renforcement musculaire. Facile \u00e0 nettoyer et rapide \u00e0 enrouler, le TG-13 est un ajout pratique \u00e0 toute installation d&rsquo;\u00e9quipement de musculation, qu&rsquo;il soit utilis\u00e9 \u00e0 domicile ou dans un espace d&rsquo;entra\u00eenement partag\u00e9.<\/p>\n\n    <div class=\"xs_social_share_widget xs_share_url after_content \t\tmain_content  wslu-style-1 wslu-share-box-shaped wslu-fill-colored wslu-none wslu-share-horizontal wslu-theme-font-no wslu-main_content\">\n\n\t\t\n        <ul>\n\t\t\t        <\/ul>\n    <\/div> \n","protected":false},"excerpt":{"rendered":"<p>Le Tapis d&rsquo;Exercice TG-13 offre une surface stable et amortissante pour les entra\u00eenements au sol. Il est adapt\u00e9 pour les \u00e9tirements, le travail de la sangle abdominale, l&rsquo;entra\u00eenement au poids du corps, ainsi que les exercices de mobilit\u00e9 ou de r\u00e9cup\u00e9ration. La texture antid\u00e9rapante et l&rsquo;\u00e9paisseur mod\u00e9r\u00e9e offrent confort et maintien lors des exercices de [&hellip;]<\/p>\n","protected":false},"featured_media":29998,"template":"","meta":{"_acf_changed":false},"product_brand":[56],"product_cat":[826],"product_tag":[977],"class_list":{"0":"post-29997","1":"product","2":"type-product","3":"status-publish","4":"has-post-thumbnail","6":"product_brand-gym-factory","7":"product_cat-accessoires-de-musculation","8":"product_tag-couleur-sans-couleurs","10":"first","11":"instock","12":"taxable","13":"shipping-taxable","14":"purchasable","15":"product-type-variable","16":"has-default-attributes"},"acf":[],"yoast_head":"<!-- This site is optimized with the Yoast SEO plugin v25.2 - https:\/\/yoast.com\/wordpress\/plugins\/seo\/ -->\n<title>Tapis d&#039;Exercice TG-13 \u2013 \u00c9quipement de Sport pour l&#039;Entra\u00eenement au Poids du Corps<\/title>\n<meta name=\"description\" content=\"B\u00e9n\u00e9ficiez d&#039;un soutien optimal \u00e0 chaque s\u00e9ance avec le Tapis d&#039;Exercice TG-13. \u00c9quipement de musculation durable pour les exercices de renforcement musculaire, les \u00e9tirements et l&#039;entra\u00eenement au poids du corps.\" \/>\n<meta name=\"robots\" content=\"index, follow, max-snippet:-1, max-image-preview:large, max-video-preview:-1\" \/>\n<link rel=\"canonical\" href=\"https:\/\/gymfactory.eu\/fr\/produit\/tapis-dexercice-tg13\/\" \/>\n<meta property=\"og:locale\" content=\"fr_FR\" \/>\n<meta property=\"og:type\" content=\"article\" \/>\n<meta property=\"og:title\" content=\"Tapis d&#039;Exercice TG-13 \u2013 \u00c9quipement de Sport pour l&#039;Entra\u00eenement au Poids du Corps\" \/>\n<meta property=\"og:description\" content=\"B\u00e9n\u00e9ficiez d&#039;un soutien optimal \u00e0 chaque s\u00e9ance avec le Tapis d&#039;Exercice TG-13. \u00c9quipement de musculation durable pour les exercices de renforcement musculaire, les \u00e9tirements et l&#039;entra\u00eenement au poids du corps.\" \/>\n<meta property=\"og:url\" content=\"https:\/\/gymfactory.eu\/fr\/produit\/tapis-dexercice-tg13\/\" \/>\n<meta property=\"og:site_name\" content=\"Gym Factory\" \/>\n<meta property=\"og:image\" content=\"https:\/\/gymfactory.eu\/wp-content\/uploads\/2025\/04\/TG-13-Exercise-Mat-1.webp\" \/>\n\t<meta property=\"og:image:width\" content=\"1181\" \/>\n\t<meta property=\"og:image:height\" content=\"1181\" \/>\n\t<meta property=\"og:image:type\" content=\"image\/webp\" \/>\n<meta name=\"twitter:card\" content=\"summary_large_image\" \/>\n<script type=\"application\/ld+json\" class=\"yoast-schema-graph\">{\"@context\":\"https:\/\/schema.org\",\"@graph\":[{\"@type\":\"WebPage\",\"@id\":\"https:\/\/gymfactory.eu\/fr\/produit\/tapis-dexercice-tg13\/\",\"url\":\"https:\/\/gymfactory.eu\/fr\/produit\/tapis-dexercice-tg13\/\",\"name\":\"Tapis d'Exercice TG-13 \u2013 \u00c9quipement de Sport pour l'Entra\u00eenement au Poids du Corps\",\"isPartOf\":{\"@id\":\"https:\/\/gymfactory.eu\/fr\/#website\"},\"primaryImageOfPage\":{\"@id\":\"https:\/\/gymfactory.eu\/fr\/produit\/tapis-dexercice-tg13\/#primaryimage\"},\"image\":{\"@id\":\"https:\/\/gymfactory.eu\/fr\/produit\/tapis-dexercice-tg13\/#primaryimage\"},\"thumbnailUrl\":\"https:\/\/gymfactory.eu\/wp-content\/uploads\/2025\/04\/TG-13-Exercise-Mat-1.webp\",\"datePublished\":\"2025-04-10T16:47:19+00:00\",\"description\":\"B\u00e9n\u00e9ficiez d'un soutien optimal \u00e0 chaque s\u00e9ance avec le Tapis d'Exercice TG-13. \u00c9quipement de musculation durable pour les exercices de renforcement musculaire, les \u00e9tirements et l'entra\u00eenement au poids du corps.\",\"breadcrumb\":{\"@id\":\"https:\/\/gymfactory.eu\/fr\/produit\/tapis-dexercice-tg13\/#breadcrumb\"},\"inLanguage\":\"fr-FR\",\"potentialAction\":[{\"@type\":\"ReadAction\",\"target\":[\"https:\/\/gymfactory.eu\/fr\/produit\/tapis-dexercice-tg13\/\"]}]},{\"@type\":\"ImageObject\",\"inLanguage\":\"fr-FR\",\"@id\":\"https:\/\/gymfactory.eu\/fr\/produit\/tapis-dexercice-tg13\/#primaryimage\",\"url\":\"https:\/\/gymfactory.eu\/wp-content\/uploads\/2025\/04\/TG-13-Exercise-Mat-1.webp\",\"contentUrl\":\"https:\/\/gymfactory.eu\/wp-content\/uploads\/2025\/04\/TG-13-Exercise-Mat-1.webp\",\"width\":1181,\"height\":1181,\"caption\":\"TG-13 Exercise Mat in light grey with eyelets and logo, designed for strength exercises, stretching, and bodyweight training on a stable cushioned surface.\"},{\"@type\":\"BreadcrumbList\",\"@id\":\"https:\/\/gymfactory.eu\/fr\/produit\/tapis-dexercice-tg13\/#breadcrumb\",\"itemListElement\":[{\"@type\":\"ListItem\",\"position\":1,\"name\":\"Home\",\"item\":\"https:\/\/gymfactory.eu\/fr\/page-principale\/\"},{\"@type\":\"ListItem\",\"position\":2,\"name\":\"Catalogue\",\"item\":\"https:\/\/gymfactory.eu\/fr\/catalogue-2\/\"},{\"@type\":\"ListItem\",\"position\":3,\"name\":\"Tapis d&#8217;Exercice TG13\"}]},{\"@type\":\"WebSite\",\"@id\":\"https:\/\/gymfactory.eu\/fr\/#website\",\"url\":\"https:\/\/gymfactory.eu\/fr\/\",\"name\":\"Gym Factory\",\"description\":\"\",\"publisher\":{\"@id\":\"https:\/\/gymfactory.eu\/fr\/#organization\"},\"potentialAction\":[{\"@type\":\"SearchAction\",\"target\":{\"@type\":\"EntryPoint\",\"urlTemplate\":\"https:\/\/gymfactory.eu\/fr\/?s={search_term_string}\"},\"query-input\":{\"@type\":\"PropertyValueSpecification\",\"valueRequired\":true,\"valueName\":\"search_term_string\"}}],\"inLanguage\":\"fr-FR\"},{\"@type\":\"Organization\",\"@id\":\"https:\/\/gymfactory.eu\/fr\/#organization\",\"name\":\"Gym Factory\",\"url\":\"https:\/\/gymfactory.eu\/fr\/\",\"logo\":{\"@type\":\"ImageObject\",\"inLanguage\":\"fr-FR\",\"@id\":\"https:\/\/gymfactory.eu\/fr\/#\/schema\/logo\/image\/\",\"url\":\"https:\/\/gymfactory.eu\/wp-content\/uploads\/2024\/11\/Component-1.svg\",\"contentUrl\":\"https:\/\/gymfactory.eu\/wp-content\/uploads\/2024\/11\/Component-1.svg\",\"width\":54,\"height\":44,\"caption\":\"Gym Factory\"},\"image\":{\"@id\":\"https:\/\/gymfactory.eu\/fr\/#\/schema\/logo\/image\/\"}}]}<\/script>\n<!-- \/ Yoast SEO plugin. -->","yoast_head_json":{"title":"Tapis d'Exercice TG-13 \u2013 \u00c9quipement de Sport pour l'Entra\u00eenement au Poids du Corps","description":"B\u00e9n\u00e9ficiez d'un soutien optimal \u00e0 chaque s\u00e9ance avec le Tapis d'Exercice TG-13. \u00c9quipement de musculation durable pour les exercices de renforcement musculaire, les \u00e9tirements et l'entra\u00eenement au poids du corps.","robots":{"index":"index","follow":"follow","max-snippet":"max-snippet:-1","max-image-preview":"max-image-preview:large","max-video-preview":"max-video-preview:-1"},"canonical":"https:\/\/gymfactory.eu\/fr\/produit\/tapis-dexercice-tg13\/","og_locale":"fr_FR","og_type":"article","og_title":"Tapis d'Exercice TG-13 \u2013 \u00c9quipement de Sport pour l'Entra\u00eenement au Poids du Corps","og_description":"B\u00e9n\u00e9ficiez d'un soutien optimal \u00e0 chaque s\u00e9ance avec le Tapis d'Exercice TG-13. \u00c9quipement de musculation durable pour les exercices de renforcement musculaire, les \u00e9tirements et l'entra\u00eenement au poids du corps.","og_url":"https:\/\/gymfactory.eu\/fr\/produit\/tapis-dexercice-tg13\/","og_site_name":"Gym Factory","og_image":[{"width":1181,"height":1181,"url":"https:\/\/gymfactory.eu\/wp-content\/uploads\/2025\/04\/TG-13-Exercise-Mat-1.webp","type":"image\/webp"}],"twitter_card":"summary_large_image","schema":{"@context":"https:\/\/schema.org","@graph":[{"@type":"WebPage","@id":"https:\/\/gymfactory.eu\/fr\/produit\/tapis-dexercice-tg13\/","url":"https:\/\/gymfactory.eu\/fr\/produit\/tapis-dexercice-tg13\/","name":"Tapis d'Exercice TG-13 \u2013 \u00c9quipement de Sport pour l'Entra\u00eenement au Poids du Corps","isPartOf":{"@id":"https:\/\/gymfactory.eu\/fr\/#website"},"primaryImageOfPage":{"@id":"https:\/\/gymfactory.eu\/fr\/produit\/tapis-dexercice-tg13\/#primaryimage"},"image":{"@id":"https:\/\/gymfactory.eu\/fr\/produit\/tapis-dexercice-tg13\/#primaryimage"},"thumbnailUrl":"https:\/\/gymfactory.eu\/wp-content\/uploads\/2025\/04\/TG-13-Exercise-Mat-1.webp","datePublished":"2025-04-10T16:47:19+00:00","description":"B\u00e9n\u00e9ficiez d'un soutien optimal \u00e0 chaque s\u00e9ance avec le Tapis d'Exercice TG-13. \u00c9quipement de musculation durable pour les exercices de renforcement musculaire, les \u00e9tirements et l'entra\u00eenement au poids du corps.","breadcrumb":{"@id":"https:\/\/gymfactory.eu\/fr\/produit\/tapis-dexercice-tg13\/#breadcrumb"},"inLanguage":"fr-FR","potentialAction":[{"@type":"ReadAction","target":["https:\/\/gymfactory.eu\/fr\/produit\/tapis-dexercice-tg13\/"]}]},{"@type":"ImageObject","inLanguage":"fr-FR","@id":"https:\/\/gymfactory.eu\/fr\/produit\/tapis-dexercice-tg13\/#primaryimage","url":"https:\/\/gymfactory.eu\/wp-content\/uploads\/2025\/04\/TG-13-Exercise-Mat-1.webp","contentUrl":"https:\/\/gymfactory.eu\/wp-content\/uploads\/2025\/04\/TG-13-Exercise-Mat-1.webp","width":1181,"height":1181,"caption":"TG-13 Exercise Mat in light grey with eyelets and logo, designed for strength exercises, stretching, and bodyweight training on a stable cushioned surface."},{"@type":"BreadcrumbList","@id":"https:\/\/gymfactory.eu\/fr\/produit\/tapis-dexercice-tg13\/#breadcrumb","itemListElement":[{"@type":"ListItem","position":1,"name":"Home","item":"https:\/\/gymfactory.eu\/fr\/page-principale\/"},{"@type":"ListItem","position":2,"name":"Catalogue","item":"https:\/\/gymfactory.eu\/fr\/catalogue-2\/"},{"@type":"ListItem","position":3,"name":"Tapis d&#8217;Exercice TG13"}]},{"@type":"WebSite","@id":"https:\/\/gymfactory.eu\/fr\/#website","url":"https:\/\/gymfactory.eu\/fr\/","name":"Gym Factory","description":"","publisher":{"@id":"https:\/\/gymfactory.eu\/fr\/#organization"},"potentialAction":[{"@type":"SearchAction","target":{"@type":"EntryPoint","urlTemplate":"https:\/\/gymfactory.eu\/fr\/?s={search_term_string}"},"query-input":{"@type":"PropertyValueSpecification","valueRequired":true,"valueName":"search_term_string"}}],"inLanguage":"fr-FR"},{"@type":"Organization","@id":"https:\/\/gymfactory.eu\/fr\/#organization","name":"Gym Factory","url":"https:\/\/gymfactory.eu\/fr\/","logo":{"@type":"ImageObject","inLanguage":"fr-FR","@id":"https:\/\/gymfactory.eu\/fr\/#\/schema\/logo\/image\/","url":"https:\/\/gymfactory.eu\/wp-content\/uploads\/2024\/11\/Component-1.svg","contentUrl":"https:\/\/gymfactory.eu\/wp-content\/uploads\/2024\/11\/Component-1.svg","width":54,"height":44,"caption":"Gym Factory"},"image":{"@id":"https:\/\/gymfactory.eu\/fr\/#\/schema\/logo\/image\/"}}]}},"_links":{"self":[{"href":"https:\/\/gymfactory.eu\/fr\/wp-json\/wp\/v2\/product\/29997","targetHints":{"allow":["GET"]}}],"collection":[{"href":"https:\/\/gymfactory.eu\/fr\/wp-json\/wp\/v2\/product"}],"about":[{"href":"https:\/\/gymfactory.eu\/fr\/wp-json\/wp\/v2\/types\/product"}],"wp:featuredmedia":[{"embeddable":true,"href":"https:\/\/gymfactory.eu\/fr\/wp-json\/wp\/v2\/media\/29998"}],"wp:attachment":[{"href":"https:\/\/gymfactory.eu\/fr\/wp-json\/wp\/v2\/media?parent=29997"}],"wp:term":[{"taxonomy":"product_brand","embeddable":true,"href":"https:\/\/gymfactory.eu\/fr\/wp-json\/wp\/v2\/product_brand?post=29997"},{"taxonomy":"product_cat","embeddable":true,"href":"https:\/\/gymfactory.eu\/fr\/wp-json\/wp\/v2\/product_cat?post=29997"},{"taxonomy":"product_tag","embeddable":true,"href":"https:\/\/gymfactory.eu\/fr\/wp-json\/wp\/v2\/product_tag?post=29997"}],"curies":[{"name":"wp","href":"https:\/\/api.w.org\/{rel}","templated":true}]}}