{"id":29993,"date":"2025-04-10T19:17:17","date_gmt":"2025-04-10T16:17:17","guid":{"rendered":"https:\/\/gymfactory.eu\/product\/rouleau-de-massage-tg12x\/"},"modified":"2025-04-10T19:17:17","modified_gmt":"2025-04-10T16:17:17","slug":"rouleau-de-massage-tg12x","status":"publish","type":"product","link":"https:\/\/gymfactory.eu\/fr\/produit\/rouleau-de-massage-tg12x\/","title":{"rendered":"Rouleau de Massage TG12X"},"content":{"rendered":"<p>Le Rouleau de Massage TG-12X est un outil pour le travail de mobilit\u00e9, la r\u00e9cup\u00e9ration musculaire et l&rsquo;entra\u00eenement de la souplesse. Sa conception ferme offre une pression constante pour l&rsquo;auto-massage, ce qui le rend utile pour rel\u00e2cher les tensions et r\u00e9duire les courbatures post-entra\u00eenement. <\/p>\n<p>Adapt\u00e9 avant ou apr\u00e8s les exercices de renforcement musculaire ou les s\u00e9ances au poids du corps, il aide \u00e0 pr\u00e9parer les muscles et favorise la r\u00e9cup\u00e9ration. L\u00e9ger et facile \u00e0 utiliser, le TG-12X s&rsquo;int\u00e8gre \u00e0 tout ensemble d&rsquo;\u00e9quipement de musculation \u00e0 domicile, en salle de sport ou en voyage.<\/p>\n\n    <div class=\"xs_social_share_widget xs_share_url after_content \t\tmain_content  wslu-style-1 wslu-share-box-shaped wslu-fill-colored wslu-none wslu-share-horizontal wslu-theme-font-no wslu-main_content\">\n\n\t\t\n        <ul>\n\t\t\t        <\/ul>\n    <\/div> \n","protected":false},"excerpt":{"rendered":"<p>Le Rouleau de Massage TG-12X est un outil pour le travail de mobilit\u00e9, la r\u00e9cup\u00e9ration musculaire et l&rsquo;entra\u00eenement de la souplesse. Sa conception ferme offre une pression constante pour l&rsquo;auto-massage, ce qui le rend utile pour rel\u00e2cher les tensions et r\u00e9duire les courbatures post-entra\u00eenement. Adapt\u00e9 avant ou apr\u00e8s les exercices de renforcement musculaire ou les [&hellip;]<\/p>\n","protected":false},"featured_media":29994,"template":"","meta":{"_acf_changed":false},"product_brand":[56],"product_cat":[826],"product_tag":[977],"class_list":{"0":"post-29993","1":"product","2":"type-product","3":"status-publish","4":"has-post-thumbnail","6":"product_brand-gym-factory","7":"product_cat-accessoires-de-musculation","8":"product_tag-couleur-sans-couleurs","10":"first","11":"instock","12":"taxable","13":"shipping-taxable","14":"purchasable","15":"product-type-simple"},"acf":[],"yoast_head":"<!-- This site is optimized with the Yoast SEO plugin v25.2 - https:\/\/yoast.com\/wordpress\/plugins\/seo\/ -->\n<title>Rouleau de Massage TG-12X \u2013 \u00c9quipement de Sport pour la R\u00e9cup\u00e9ration et la Mobilit\u00e9<\/title>\n<meta name=\"description\" content=\"Le Rouleau de Massage TG-12X am\u00e9liore la souplesse et r\u00e9duit les courbatures. Cet \u00e9quipement de musculation est id\u00e9al pour la r\u00e9cup\u00e9ration apr\u00e8s le renforcement musculaire et l&#039;entra\u00eenement au poids du corps.\" \/>\n<meta name=\"robots\" content=\"index, follow, max-snippet:-1, max-image-preview:large, max-video-preview:-1\" \/>\n<link rel=\"canonical\" href=\"https:\/\/gymfactory.eu\/fr\/produit\/rouleau-de-massage-tg12x\/\" \/>\n<meta property=\"og:locale\" content=\"fr_FR\" \/>\n<meta property=\"og:type\" content=\"article\" \/>\n<meta property=\"og:title\" content=\"Rouleau de Massage TG-12X \u2013 \u00c9quipement de Sport pour la R\u00e9cup\u00e9ration et la Mobilit\u00e9\" \/>\n<meta property=\"og:description\" content=\"Le Rouleau de Massage TG-12X am\u00e9liore la souplesse et r\u00e9duit les courbatures. Cet \u00e9quipement de musculation est id\u00e9al pour la r\u00e9cup\u00e9ration apr\u00e8s le renforcement musculaire et l&#039;entra\u00eenement au poids du corps.\" \/>\n<meta property=\"og:url\" content=\"https:\/\/gymfactory.eu\/fr\/produit\/rouleau-de-massage-tg12x\/\" \/>\n<meta property=\"og:site_name\" content=\"Gym Factory\" \/>\n<meta property=\"og:image\" content=\"https:\/\/gymfactory.eu\/wp-content\/uploads\/2025\/04\/TG-12X-Foam-Roller-1.webp\" \/>\n\t<meta property=\"og:image:width\" content=\"1181\" \/>\n\t<meta property=\"og:image:height\" content=\"1181\" \/>\n\t<meta property=\"og:image:type\" content=\"image\/webp\" \/>\n<meta name=\"twitter:card\" content=\"summary_large_image\" \/>\n<meta name=\"twitter:label1\" content=\"Dur\u00e9e de lecture estim\u00e9e\" \/>\n\t<meta name=\"twitter:data1\" content=\"1 minute\" \/>\n<script type=\"application\/ld+json\" class=\"yoast-schema-graph\">{\"@context\":\"https:\/\/schema.org\",\"@graph\":[{\"@type\":\"WebPage\",\"@id\":\"https:\/\/gymfactory.eu\/fr\/produit\/rouleau-de-massage-tg12x\/\",\"url\":\"https:\/\/gymfactory.eu\/fr\/produit\/rouleau-de-massage-tg12x\/\",\"name\":\"Rouleau de Massage TG-12X \u2013 \u00c9quipement de Sport pour la R\u00e9cup\u00e9ration et la Mobilit\u00e9\",\"isPartOf\":{\"@id\":\"https:\/\/gymfactory.eu\/fr\/#website\"},\"primaryImageOfPage\":{\"@id\":\"https:\/\/gymfactory.eu\/fr\/produit\/rouleau-de-massage-tg12x\/#primaryimage\"},\"image\":{\"@id\":\"https:\/\/gymfactory.eu\/fr\/produit\/rouleau-de-massage-tg12x\/#primaryimage\"},\"thumbnailUrl\":\"https:\/\/gymfactory.eu\/wp-content\/uploads\/2025\/04\/TG-12X-Foam-Roller-1.webp\",\"datePublished\":\"2025-04-10T16:17:17+00:00\",\"description\":\"Le Rouleau de Massage TG-12X am\u00e9liore la souplesse et r\u00e9duit les courbatures. Cet \u00e9quipement de musculation est id\u00e9al pour la r\u00e9cup\u00e9ration apr\u00e8s le renforcement musculaire et l'entra\u00eenement au poids du corps.\",\"breadcrumb\":{\"@id\":\"https:\/\/gymfactory.eu\/fr\/produit\/rouleau-de-massage-tg12x\/#breadcrumb\"},\"inLanguage\":\"fr-FR\",\"potentialAction\":[{\"@type\":\"ReadAction\",\"target\":[\"https:\/\/gymfactory.eu\/fr\/produit\/rouleau-de-massage-tg12x\/\"]}]},{\"@type\":\"ImageObject\",\"inLanguage\":\"fr-FR\",\"@id\":\"https:\/\/gymfactory.eu\/fr\/produit\/rouleau-de-massage-tg12x\/#primaryimage\",\"url\":\"https:\/\/gymfactory.eu\/wp-content\/uploads\/2025\/04\/TG-12X-Foam-Roller-1.webp\",\"contentUrl\":\"https:\/\/gymfactory.eu\/wp-content\/uploads\/2025\/04\/TG-12X-Foam-Roller-1.webp\",\"width\":1181,\"height\":1181,\"caption\":\"Black TG-12X Foam Roller with a smooth textured surface, used for muscle recovery, mobility, and post-workout relief in strength and bodyweight training.\"},{\"@type\":\"BreadcrumbList\",\"@id\":\"https:\/\/gymfactory.eu\/fr\/produit\/rouleau-de-massage-tg12x\/#breadcrumb\",\"itemListElement\":[{\"@type\":\"ListItem\",\"position\":1,\"name\":\"Home\",\"item\":\"https:\/\/gymfactory.eu\/fr\/page-principale\/\"},{\"@type\":\"ListItem\",\"position\":2,\"name\":\"Catalogue\",\"item\":\"https:\/\/gymfactory.eu\/fr\/catalogue-2\/\"},{\"@type\":\"ListItem\",\"position\":3,\"name\":\"Rouleau de Massage TG12X\"}]},{\"@type\":\"WebSite\",\"@id\":\"https:\/\/gymfactory.eu\/fr\/#website\",\"url\":\"https:\/\/gymfactory.eu\/fr\/\",\"name\":\"Gym Factory\",\"description\":\"\",\"publisher\":{\"@id\":\"https:\/\/gymfactory.eu\/fr\/#organization\"},\"potentialAction\":[{\"@type\":\"SearchAction\",\"target\":{\"@type\":\"EntryPoint\",\"urlTemplate\":\"https:\/\/gymfactory.eu\/fr\/?s={search_term_string}\"},\"query-input\":{\"@type\":\"PropertyValueSpecification\",\"valueRequired\":true,\"valueName\":\"search_term_string\"}}],\"inLanguage\":\"fr-FR\"},{\"@type\":\"Organization\",\"@id\":\"https:\/\/gymfactory.eu\/fr\/#organization\",\"name\":\"Gym Factory\",\"url\":\"https:\/\/gymfactory.eu\/fr\/\",\"logo\":{\"@type\":\"ImageObject\",\"inLanguage\":\"fr-FR\",\"@id\":\"https:\/\/gymfactory.eu\/fr\/#\/schema\/logo\/image\/\",\"url\":\"https:\/\/gymfactory.eu\/wp-content\/uploads\/2024\/11\/Component-1.svg\",\"contentUrl\":\"https:\/\/gymfactory.eu\/wp-content\/uploads\/2024\/11\/Component-1.svg\",\"width\":54,\"height\":44,\"caption\":\"Gym Factory\"},\"image\":{\"@id\":\"https:\/\/gymfactory.eu\/fr\/#\/schema\/logo\/image\/\"}}]}<\/script>\n<!-- \/ Yoast SEO plugin. -->","yoast_head_json":{"title":"Rouleau de Massage TG-12X \u2013 \u00c9quipement de Sport pour la R\u00e9cup\u00e9ration et la Mobilit\u00e9","description":"Le Rouleau de Massage TG-12X am\u00e9liore la souplesse et r\u00e9duit les courbatures. Cet \u00e9quipement de musculation est id\u00e9al pour la r\u00e9cup\u00e9ration apr\u00e8s le renforcement musculaire et l'entra\u00eenement au poids du corps.","robots":{"index":"index","follow":"follow","max-snippet":"max-snippet:-1","max-image-preview":"max-image-preview:large","max-video-preview":"max-video-preview:-1"},"canonical":"https:\/\/gymfactory.eu\/fr\/produit\/rouleau-de-massage-tg12x\/","og_locale":"fr_FR","og_type":"article","og_title":"Rouleau de Massage TG-12X \u2013 \u00c9quipement de Sport pour la R\u00e9cup\u00e9ration et la Mobilit\u00e9","og_description":"Le Rouleau de Massage TG-12X am\u00e9liore la souplesse et r\u00e9duit les courbatures. Cet \u00e9quipement de musculation est id\u00e9al pour la r\u00e9cup\u00e9ration apr\u00e8s le renforcement musculaire et l'entra\u00eenement au poids du corps.","og_url":"https:\/\/gymfactory.eu\/fr\/produit\/rouleau-de-massage-tg12x\/","og_site_name":"Gym Factory","og_image":[{"width":1181,"height":1181,"url":"https:\/\/gymfactory.eu\/wp-content\/uploads\/2025\/04\/TG-12X-Foam-Roller-1.webp","type":"image\/webp"}],"twitter_card":"summary_large_image","twitter_misc":{"Dur\u00e9e de lecture estim\u00e9e":"1 minute"},"schema":{"@context":"https:\/\/schema.org","@graph":[{"@type":"WebPage","@id":"https:\/\/gymfactory.eu\/fr\/produit\/rouleau-de-massage-tg12x\/","url":"https:\/\/gymfactory.eu\/fr\/produit\/rouleau-de-massage-tg12x\/","name":"Rouleau de Massage TG-12X \u2013 \u00c9quipement de Sport pour la R\u00e9cup\u00e9ration et la Mobilit\u00e9","isPartOf":{"@id":"https:\/\/gymfactory.eu\/fr\/#website"},"primaryImageOfPage":{"@id":"https:\/\/gymfactory.eu\/fr\/produit\/rouleau-de-massage-tg12x\/#primaryimage"},"image":{"@id":"https:\/\/gymfactory.eu\/fr\/produit\/rouleau-de-massage-tg12x\/#primaryimage"},"thumbnailUrl":"https:\/\/gymfactory.eu\/wp-content\/uploads\/2025\/04\/TG-12X-Foam-Roller-1.webp","datePublished":"2025-04-10T16:17:17+00:00","description":"Le Rouleau de Massage TG-12X am\u00e9liore la souplesse et r\u00e9duit les courbatures. Cet \u00e9quipement de musculation est id\u00e9al pour la r\u00e9cup\u00e9ration apr\u00e8s le renforcement musculaire et l'entra\u00eenement au poids du corps.","breadcrumb":{"@id":"https:\/\/gymfactory.eu\/fr\/produit\/rouleau-de-massage-tg12x\/#breadcrumb"},"inLanguage":"fr-FR","potentialAction":[{"@type":"ReadAction","target":["https:\/\/gymfactory.eu\/fr\/produit\/rouleau-de-massage-tg12x\/"]}]},{"@type":"ImageObject","inLanguage":"fr-FR","@id":"https:\/\/gymfactory.eu\/fr\/produit\/rouleau-de-massage-tg12x\/#primaryimage","url":"https:\/\/gymfactory.eu\/wp-content\/uploads\/2025\/04\/TG-12X-Foam-Roller-1.webp","contentUrl":"https:\/\/gymfactory.eu\/wp-content\/uploads\/2025\/04\/TG-12X-Foam-Roller-1.webp","width":1181,"height":1181,"caption":"Black TG-12X Foam Roller with a smooth textured surface, used for muscle recovery, mobility, and post-workout relief in strength and bodyweight training."},{"@type":"BreadcrumbList","@id":"https:\/\/gymfactory.eu\/fr\/produit\/rouleau-de-massage-tg12x\/#breadcrumb","itemListElement":[{"@type":"ListItem","position":1,"name":"Home","item":"https:\/\/gymfactory.eu\/fr\/page-principale\/"},{"@type":"ListItem","position":2,"name":"Catalogue","item":"https:\/\/gymfactory.eu\/fr\/catalogue-2\/"},{"@type":"ListItem","position":3,"name":"Rouleau de Massage TG12X"}]},{"@type":"WebSite","@id":"https:\/\/gymfactory.eu\/fr\/#website","url":"https:\/\/gymfactory.eu\/fr\/","name":"Gym Factory","description":"","publisher":{"@id":"https:\/\/gymfactory.eu\/fr\/#organization"},"potentialAction":[{"@type":"SearchAction","target":{"@type":"EntryPoint","urlTemplate":"https:\/\/gymfactory.eu\/fr\/?s={search_term_string}"},"query-input":{"@type":"PropertyValueSpecification","valueRequired":true,"valueName":"search_term_string"}}],"inLanguage":"fr-FR"},{"@type":"Organization","@id":"https:\/\/gymfactory.eu\/fr\/#organization","name":"Gym Factory","url":"https:\/\/gymfactory.eu\/fr\/","logo":{"@type":"ImageObject","inLanguage":"fr-FR","@id":"https:\/\/gymfactory.eu\/fr\/#\/schema\/logo\/image\/","url":"https:\/\/gymfactory.eu\/wp-content\/uploads\/2024\/11\/Component-1.svg","contentUrl":"https:\/\/gymfactory.eu\/wp-content\/uploads\/2024\/11\/Component-1.svg","width":54,"height":44,"caption":"Gym Factory"},"image":{"@id":"https:\/\/gymfactory.eu\/fr\/#\/schema\/logo\/image\/"}}]}},"_links":{"self":[{"href":"https:\/\/gymfactory.eu\/fr\/wp-json\/wp\/v2\/product\/29993","targetHints":{"allow":["GET"]}}],"collection":[{"href":"https:\/\/gymfactory.eu\/fr\/wp-json\/wp\/v2\/product"}],"about":[{"href":"https:\/\/gymfactory.eu\/fr\/wp-json\/wp\/v2\/types\/product"}],"wp:featuredmedia":[{"embeddable":true,"href":"https:\/\/gymfactory.eu\/fr\/wp-json\/wp\/v2\/media\/29994"}],"wp:attachment":[{"href":"https:\/\/gymfactory.eu\/fr\/wp-json\/wp\/v2\/media?parent=29993"}],"wp:term":[{"taxonomy":"product_brand","embeddable":true,"href":"https:\/\/gymfactory.eu\/fr\/wp-json\/wp\/v2\/product_brand?post=29993"},{"taxonomy":"product_cat","embeddable":true,"href":"https:\/\/gymfactory.eu\/fr\/wp-json\/wp\/v2\/product_cat?post=29993"},{"taxonomy":"product_tag","embeddable":true,"href":"https:\/\/gymfactory.eu\/fr\/wp-json\/wp\/v2\/product_tag?post=29993"}],"curies":[{"name":"wp","href":"https:\/\/api.w.org\/{rel}","templated":true}]}}