{"id":29987,"date":"2025-04-10T18:02:45","date_gmt":"2025-04-10T15:02:45","guid":{"rendered":"https:\/\/gymfactory.eu\/product\/battle-rope-tg11titre\/"},"modified":"2025-04-10T18:02:45","modified_gmt":"2025-04-10T15:02:45","slug":"battle-rope-tg11titre","status":"publish","type":"product","link":"https:\/\/gymfactory.eu\/fr\/produit\/battle-rope-tg11titre\/","title":{"rendered":"Battle Rope TG11Titre"},"content":{"rendered":"<p>La Battle Rope TG-11 (corde ondulatoire) est un \u00e9quipement d&rsquo;entra\u00eenement con\u00e7u pour le conditionnement physique complet du corps (full-body). Elle est adapt\u00e9e aux exercices de renforcement musculaire tels que les claquements de corde (slams), les ondulations (waves), les tirages (pulls) et les intervalles chronom\u00e9tr\u00e9s, contribuant au d\u00e9veloppement de la puissance, de l&rsquo;endurance et de la coordination. <\/p>\n<p>Fabriqu\u00e9e \u00e0 partir d&rsquo;un mat\u00e9riau ultra-r\u00e9sistant et anti-effilochement, dot\u00e9e de poign\u00e9es antid\u00e9rapantes, cette corde de combat est con\u00e7ue pour une utilisation r\u00e9guli\u00e8re en int\u00e9rieur comme en ext\u00e9rieur. Elle cible la sangle abdominale (core), les \u00e9paules, les bras et les jambes, et s&rsquo;int\u00e8gre parfaitement aux espaces d&rsquo;entra\u00eenement fonctionnel o\u00f9 l&rsquo;intensit\u00e9 et la simplicit\u00e9 sont primordiales.<\/p>\n\n    <div class=\"xs_social_share_widget xs_share_url after_content \t\tmain_content  wslu-style-1 wslu-share-box-shaped wslu-fill-colored wslu-none wslu-share-horizontal wslu-theme-font-no wslu-main_content\">\n\n\t\t\n        <ul>\n\t\t\t        <\/ul>\n    <\/div> \n","protected":false},"excerpt":{"rendered":"<p>La Battle Rope TG-11 (corde ondulatoire) est un \u00e9quipement d&rsquo;entra\u00eenement con\u00e7u pour le conditionnement physique complet du corps (full-body). Elle est adapt\u00e9e aux exercices de renforcement musculaire tels que les claquements de corde (slams), les ondulations (waves), les tirages (pulls) et les intervalles chronom\u00e9tr\u00e9s, contribuant au d\u00e9veloppement de la puissance, de l&rsquo;endurance et de la [&hellip;]<\/p>\n","protected":false},"featured_media":29988,"template":"","meta":{"_acf_changed":false},"product_brand":[56],"product_cat":[826],"product_tag":[977],"class_list":{"0":"post-29987","1":"product","2":"type-product","3":"status-publish","4":"has-post-thumbnail","6":"product_brand-gym-factory","7":"product_cat-accessoires-de-musculation","8":"product_tag-couleur-sans-couleurs","10":"first","11":"instock","12":"taxable","13":"shipping-taxable","14":"purchasable","15":"product-type-variable"},"acf":[],"yoast_head":"<!-- This site is optimized with the Yoast SEO plugin v25.2 - https:\/\/yoast.com\/wordpress\/plugins\/seo\/ -->\n<title>Battle Rope TG-11 (Corde Ondulatoire) \u2013 \u00c9quipement de Force et de Conditionnement<\/title>\n<meta name=\"description\" content=\"Boostez votre endurance et votre puissance avec la Battle Rope TG-11. \u00c9quipement de musculation durable pour les exercices de renforcement musculaire full-body et le conditionnement physique.\" \/>\n<meta name=\"robots\" content=\"index, follow, max-snippet:-1, max-image-preview:large, max-video-preview:-1\" \/>\n<link rel=\"canonical\" href=\"https:\/\/gymfactory.eu\/fr\/produit\/battle-rope-tg11titre\/\" \/>\n<meta property=\"og:locale\" content=\"fr_FR\" \/>\n<meta property=\"og:type\" content=\"article\" \/>\n<meta property=\"og:title\" content=\"Battle Rope TG-11 (Corde Ondulatoire) \u2013 \u00c9quipement de Force et de Conditionnement\" \/>\n<meta property=\"og:description\" content=\"Boostez votre endurance et votre puissance avec la Battle Rope TG-11. \u00c9quipement de musculation durable pour les exercices de renforcement musculaire full-body et le conditionnement physique.\" \/>\n<meta property=\"og:url\" content=\"https:\/\/gymfactory.eu\/fr\/produit\/battle-rope-tg11titre\/\" \/>\n<meta property=\"og:site_name\" content=\"Gym Factory\" \/>\n<meta property=\"og:image\" content=\"https:\/\/gymfactory.eu\/wp-content\/uploads\/2025\/04\/TG-11-Battle-Rope-1.webp\" \/>\n\t<meta property=\"og:image:width\" content=\"1181\" \/>\n\t<meta property=\"og:image:height\" content=\"1181\" \/>\n\t<meta property=\"og:image:type\" content=\"image\/webp\" \/>\n<meta name=\"twitter:card\" content=\"summary_large_image\" \/>\n<meta name=\"twitter:label1\" content=\"Dur\u00e9e de lecture estim\u00e9e\" \/>\n\t<meta name=\"twitter:data1\" content=\"1 minute\" \/>\n<script type=\"application\/ld+json\" class=\"yoast-schema-graph\">{\"@context\":\"https:\/\/schema.org\",\"@graph\":[{\"@type\":\"WebPage\",\"@id\":\"https:\/\/gymfactory.eu\/fr\/produit\/battle-rope-tg11titre\/\",\"url\":\"https:\/\/gymfactory.eu\/fr\/produit\/battle-rope-tg11titre\/\",\"name\":\"Battle Rope TG-11 (Corde Ondulatoire) \u2013 \u00c9quipement de Force et de Conditionnement\",\"isPartOf\":{\"@id\":\"https:\/\/gymfactory.eu\/fr\/#website\"},\"primaryImageOfPage\":{\"@id\":\"https:\/\/gymfactory.eu\/fr\/produit\/battle-rope-tg11titre\/#primaryimage\"},\"image\":{\"@id\":\"https:\/\/gymfactory.eu\/fr\/produit\/battle-rope-tg11titre\/#primaryimage\"},\"thumbnailUrl\":\"https:\/\/gymfactory.eu\/wp-content\/uploads\/2025\/04\/TG-11-Battle-Rope-1.webp\",\"datePublished\":\"2025-04-10T15:02:45+00:00\",\"description\":\"Boostez votre endurance et votre puissance avec la Battle Rope TG-11. \u00c9quipement de musculation durable pour les exercices de renforcement musculaire full-body et le conditionnement physique.\",\"breadcrumb\":{\"@id\":\"https:\/\/gymfactory.eu\/fr\/produit\/battle-rope-tg11titre\/#breadcrumb\"},\"inLanguage\":\"fr-FR\",\"potentialAction\":[{\"@type\":\"ReadAction\",\"target\":[\"https:\/\/gymfactory.eu\/fr\/produit\/battle-rope-tg11titre\/\"]}]},{\"@type\":\"ImageObject\",\"inLanguage\":\"fr-FR\",\"@id\":\"https:\/\/gymfactory.eu\/fr\/produit\/battle-rope-tg11titre\/#primaryimage\",\"url\":\"https:\/\/gymfactory.eu\/wp-content\/uploads\/2025\/04\/TG-11-Battle-Rope-1.webp\",\"contentUrl\":\"https:\/\/gymfactory.eu\/wp-content\/uploads\/2025\/04\/TG-11-Battle-Rope-1.webp\",\"width\":1181,\"height\":1181,\"caption\":\"TG-11 Battle Rope coiled with red handles, designed for full-body strength-training exercises, bodyweight training, and high-intensity gym workouts.\"},{\"@type\":\"BreadcrumbList\",\"@id\":\"https:\/\/gymfactory.eu\/fr\/produit\/battle-rope-tg11titre\/#breadcrumb\",\"itemListElement\":[{\"@type\":\"ListItem\",\"position\":1,\"name\":\"Home\",\"item\":\"https:\/\/gymfactory.eu\/fr\/page-principale\/\"},{\"@type\":\"ListItem\",\"position\":2,\"name\":\"Catalogue\",\"item\":\"https:\/\/gymfactory.eu\/fr\/catalogue-2\/\"},{\"@type\":\"ListItem\",\"position\":3,\"name\":\"Battle Rope TG11Titre\"}]},{\"@type\":\"WebSite\",\"@id\":\"https:\/\/gymfactory.eu\/fr\/#website\",\"url\":\"https:\/\/gymfactory.eu\/fr\/\",\"name\":\"Gym Factory\",\"description\":\"\",\"publisher\":{\"@id\":\"https:\/\/gymfactory.eu\/fr\/#organization\"},\"potentialAction\":[{\"@type\":\"SearchAction\",\"target\":{\"@type\":\"EntryPoint\",\"urlTemplate\":\"https:\/\/gymfactory.eu\/fr\/?s={search_term_string}\"},\"query-input\":{\"@type\":\"PropertyValueSpecification\",\"valueRequired\":true,\"valueName\":\"search_term_string\"}}],\"inLanguage\":\"fr-FR\"},{\"@type\":\"Organization\",\"@id\":\"https:\/\/gymfactory.eu\/fr\/#organization\",\"name\":\"Gym Factory\",\"url\":\"https:\/\/gymfactory.eu\/fr\/\",\"logo\":{\"@type\":\"ImageObject\",\"inLanguage\":\"fr-FR\",\"@id\":\"https:\/\/gymfactory.eu\/fr\/#\/schema\/logo\/image\/\",\"url\":\"https:\/\/gymfactory.eu\/wp-content\/uploads\/2024\/11\/Component-1.svg\",\"contentUrl\":\"https:\/\/gymfactory.eu\/wp-content\/uploads\/2024\/11\/Component-1.svg\",\"width\":54,\"height\":44,\"caption\":\"Gym Factory\"},\"image\":{\"@id\":\"https:\/\/gymfactory.eu\/fr\/#\/schema\/logo\/image\/\"}}]}<\/script>\n<!-- \/ Yoast SEO plugin. -->","yoast_head_json":{"title":"Battle Rope TG-11 (Corde Ondulatoire) \u2013 \u00c9quipement de Force et de Conditionnement","description":"Boostez votre endurance et votre puissance avec la Battle Rope TG-11. \u00c9quipement de musculation durable pour les exercices de renforcement musculaire full-body et le conditionnement physique.","robots":{"index":"index","follow":"follow","max-snippet":"max-snippet:-1","max-image-preview":"max-image-preview:large","max-video-preview":"max-video-preview:-1"},"canonical":"https:\/\/gymfactory.eu\/fr\/produit\/battle-rope-tg11titre\/","og_locale":"fr_FR","og_type":"article","og_title":"Battle Rope TG-11 (Corde Ondulatoire) \u2013 \u00c9quipement de Force et de Conditionnement","og_description":"Boostez votre endurance et votre puissance avec la Battle Rope TG-11. \u00c9quipement de musculation durable pour les exercices de renforcement musculaire full-body et le conditionnement physique.","og_url":"https:\/\/gymfactory.eu\/fr\/produit\/battle-rope-tg11titre\/","og_site_name":"Gym Factory","og_image":[{"width":1181,"height":1181,"url":"https:\/\/gymfactory.eu\/wp-content\/uploads\/2025\/04\/TG-11-Battle-Rope-1.webp","type":"image\/webp"}],"twitter_card":"summary_large_image","twitter_misc":{"Dur\u00e9e de lecture estim\u00e9e":"1 minute"},"schema":{"@context":"https:\/\/schema.org","@graph":[{"@type":"WebPage","@id":"https:\/\/gymfactory.eu\/fr\/produit\/battle-rope-tg11titre\/","url":"https:\/\/gymfactory.eu\/fr\/produit\/battle-rope-tg11titre\/","name":"Battle Rope TG-11 (Corde Ondulatoire) \u2013 \u00c9quipement de Force et de Conditionnement","isPartOf":{"@id":"https:\/\/gymfactory.eu\/fr\/#website"},"primaryImageOfPage":{"@id":"https:\/\/gymfactory.eu\/fr\/produit\/battle-rope-tg11titre\/#primaryimage"},"image":{"@id":"https:\/\/gymfactory.eu\/fr\/produit\/battle-rope-tg11titre\/#primaryimage"},"thumbnailUrl":"https:\/\/gymfactory.eu\/wp-content\/uploads\/2025\/04\/TG-11-Battle-Rope-1.webp","datePublished":"2025-04-10T15:02:45+00:00","description":"Boostez votre endurance et votre puissance avec la Battle Rope TG-11. \u00c9quipement de musculation durable pour les exercices de renforcement musculaire full-body et le conditionnement physique.","breadcrumb":{"@id":"https:\/\/gymfactory.eu\/fr\/produit\/battle-rope-tg11titre\/#breadcrumb"},"inLanguage":"fr-FR","potentialAction":[{"@type":"ReadAction","target":["https:\/\/gymfactory.eu\/fr\/produit\/battle-rope-tg11titre\/"]}]},{"@type":"ImageObject","inLanguage":"fr-FR","@id":"https:\/\/gymfactory.eu\/fr\/produit\/battle-rope-tg11titre\/#primaryimage","url":"https:\/\/gymfactory.eu\/wp-content\/uploads\/2025\/04\/TG-11-Battle-Rope-1.webp","contentUrl":"https:\/\/gymfactory.eu\/wp-content\/uploads\/2025\/04\/TG-11-Battle-Rope-1.webp","width":1181,"height":1181,"caption":"TG-11 Battle Rope coiled with red handles, designed for full-body strength-training exercises, bodyweight training, and high-intensity gym workouts."},{"@type":"BreadcrumbList","@id":"https:\/\/gymfactory.eu\/fr\/produit\/battle-rope-tg11titre\/#breadcrumb","itemListElement":[{"@type":"ListItem","position":1,"name":"Home","item":"https:\/\/gymfactory.eu\/fr\/page-principale\/"},{"@type":"ListItem","position":2,"name":"Catalogue","item":"https:\/\/gymfactory.eu\/fr\/catalogue-2\/"},{"@type":"ListItem","position":3,"name":"Battle Rope TG11Titre"}]},{"@type":"WebSite","@id":"https:\/\/gymfactory.eu\/fr\/#website","url":"https:\/\/gymfactory.eu\/fr\/","name":"Gym Factory","description":"","publisher":{"@id":"https:\/\/gymfactory.eu\/fr\/#organization"},"potentialAction":[{"@type":"SearchAction","target":{"@type":"EntryPoint","urlTemplate":"https:\/\/gymfactory.eu\/fr\/?s={search_term_string}"},"query-input":{"@type":"PropertyValueSpecification","valueRequired":true,"valueName":"search_term_string"}}],"inLanguage":"fr-FR"},{"@type":"Organization","@id":"https:\/\/gymfactory.eu\/fr\/#organization","name":"Gym Factory","url":"https:\/\/gymfactory.eu\/fr\/","logo":{"@type":"ImageObject","inLanguage":"fr-FR","@id":"https:\/\/gymfactory.eu\/fr\/#\/schema\/logo\/image\/","url":"https:\/\/gymfactory.eu\/wp-content\/uploads\/2024\/11\/Component-1.svg","contentUrl":"https:\/\/gymfactory.eu\/wp-content\/uploads\/2024\/11\/Component-1.svg","width":54,"height":44,"caption":"Gym Factory"},"image":{"@id":"https:\/\/gymfactory.eu\/fr\/#\/schema\/logo\/image\/"}}]}},"_links":{"self":[{"href":"https:\/\/gymfactory.eu\/fr\/wp-json\/wp\/v2\/product\/29987","targetHints":{"allow":["GET"]}}],"collection":[{"href":"https:\/\/gymfactory.eu\/fr\/wp-json\/wp\/v2\/product"}],"about":[{"href":"https:\/\/gymfactory.eu\/fr\/wp-json\/wp\/v2\/types\/product"}],"wp:featuredmedia":[{"embeddable":true,"href":"https:\/\/gymfactory.eu\/fr\/wp-json\/wp\/v2\/media\/29988"}],"wp:attachment":[{"href":"https:\/\/gymfactory.eu\/fr\/wp-json\/wp\/v2\/media?parent=29987"}],"wp:term":[{"taxonomy":"product_brand","embeddable":true,"href":"https:\/\/gymfactory.eu\/fr\/wp-json\/wp\/v2\/product_brand?post=29987"},{"taxonomy":"product_cat","embeddable":true,"href":"https:\/\/gymfactory.eu\/fr\/wp-json\/wp\/v2\/product_cat?post=29987"},{"taxonomy":"product_tag","embeddable":true,"href":"https:\/\/gymfactory.eu\/fr\/wp-json\/wp\/v2\/product_tag?post=29987"}],"curies":[{"name":"wp","href":"https:\/\/api.w.org\/{rel}","templated":true}]}}