{"id":29985,"date":"2025-04-09T21:43:14","date_gmt":"2025-04-09T18:43:14","guid":{"rendered":"https:\/\/gymfactory.eu\/product\/sac-de-frappe-tg10\/"},"modified":"2025-04-09T21:43:14","modified_gmt":"2025-04-09T18:43:14","slug":"sac-de-frappe-tg10","status":"publish","type":"product","link":"https:\/\/gymfactory.eu\/fr\/produit\/sac-de-frappe-tg10\/","title":{"rendered":"Sac de Frappe TG10"},"content":{"rendered":"<p>Le Sac de Frappe TG-10 (Punching Ball) est con\u00e7u pour la boxe, le kickboxing et d&rsquo;autres entra\u00eenements bas\u00e9s sur la frappe. Il permet des entra\u00eenements complets du corps (full-body) qui am\u00e9liorent la coordination, la force et l&rsquo;endurance gr\u00e2ce \u00e0 des impacts r\u00e9p\u00e9t\u00e9s. <\/p>\n<p>Fabriqu\u00e9 \u00e0 partir de mat\u00e9riaux durables avec des coutures renforc\u00e9es, le sac est con\u00e7u pour r\u00e9sister aux coups de poing, aux coups de pied et aux s\u00e9ances \u00e0 haute intensit\u00e9. Adapt\u00e9 aux exercices de renforcement musculaire et aux intervalles cardio, il trouve sa place aussi bien dans les salles de sport \u00e0 domicile (home gyms) que dans les espaces d&rsquo;entra\u00eenement professionnels, en tant qu&rsquo;\u00e9quipement de musculation pratique pour les s\u00e9ances ax\u00e9es sur la frappe.<\/p>\n\n    <div class=\"xs_social_share_widget xs_share_url after_content \t\tmain_content  wslu-style-1 wslu-share-box-shaped wslu-fill-colored wslu-none wslu-share-horizontal wslu-theme-font-no wslu-main_content\">\n\n\t\t\n        <ul>\n\t\t\t        <\/ul>\n    <\/div> \n","protected":false},"excerpt":{"rendered":"<p>Le Sac de Frappe TG-10 (Punching Ball) est con\u00e7u pour la boxe, le kickboxing et d&rsquo;autres entra\u00eenements bas\u00e9s sur la frappe. Il permet des entra\u00eenements complets du corps (full-body) qui am\u00e9liorent la coordination, la force et l&rsquo;endurance gr\u00e2ce \u00e0 des impacts r\u00e9p\u00e9t\u00e9s. Fabriqu\u00e9 \u00e0 partir de mat\u00e9riaux durables avec des coutures renforc\u00e9es, le sac est [&hellip;]<\/p>\n","protected":false},"featured_media":29986,"template":"","meta":{"_acf_changed":false},"product_brand":[56],"product_cat":[826],"product_tag":[977],"class_list":{"0":"post-29985","1":"product","2":"type-product","3":"status-publish","4":"has-post-thumbnail","6":"product_brand-gym-factory","7":"product_cat-accessoires-de-musculation","8":"product_tag-couleur-sans-couleurs","10":"first","11":"instock","12":"taxable","13":"shipping-taxable","14":"purchasable","15":"product-type-simple"},"acf":[],"yoast_head":"<!-- This site is optimized with the Yoast SEO plugin v25.2 - https:\/\/yoast.com\/wordpress\/plugins\/seo\/ -->\n<title>Sac de Frappe TG-10 \u2013 \u00c9quipement de Boxe pour la Force et le Conditionnement<\/title>\n<meta name=\"description\" content=\"Entra\u00eenez-vous avec puissance et pr\u00e9cision gr\u00e2ce au Sac de Frappe TG-10. \u00c9quipement de sport durable con\u00e7u pour l&#039;entra\u00eenement au poids du corps, la boxe et la force.\" \/>\n<meta name=\"robots\" content=\"index, follow, max-snippet:-1, max-image-preview:large, max-video-preview:-1\" \/>\n<link rel=\"canonical\" href=\"https:\/\/gymfactory.eu\/fr\/produit\/sac-de-frappe-tg10\/\" \/>\n<meta property=\"og:locale\" content=\"fr_FR\" \/>\n<meta property=\"og:type\" content=\"article\" \/>\n<meta property=\"og:title\" content=\"Sac de Frappe TG-10 \u2013 \u00c9quipement de Boxe pour la Force et le Conditionnement\" \/>\n<meta property=\"og:description\" content=\"Entra\u00eenez-vous avec puissance et pr\u00e9cision gr\u00e2ce au Sac de Frappe TG-10. \u00c9quipement de sport durable con\u00e7u pour l&#039;entra\u00eenement au poids du corps, la boxe et la force.\" \/>\n<meta property=\"og:url\" content=\"https:\/\/gymfactory.eu\/fr\/produit\/sac-de-frappe-tg10\/\" \/>\n<meta property=\"og:site_name\" content=\"Gym Factory\" \/>\n<meta property=\"og:image\" content=\"https:\/\/gymfactory.eu\/wp-content\/uploads\/2025\/04\/TG-10-Boxing-Bag-1.webp\" \/>\n\t<meta property=\"og:image:width\" content=\"1181\" \/>\n\t<meta property=\"og:image:height\" content=\"1181\" \/>\n\t<meta property=\"og:image:type\" content=\"image\/webp\" \/>\n<meta name=\"twitter:card\" content=\"summary_large_image\" \/>\n<meta name=\"twitter:label1\" content=\"Dur\u00e9e de lecture estim\u00e9e\" \/>\n\t<meta name=\"twitter:data1\" content=\"1 minute\" \/>\n<script type=\"application\/ld+json\" class=\"yoast-schema-graph\">{\"@context\":\"https:\/\/schema.org\",\"@graph\":[{\"@type\":\"WebPage\",\"@id\":\"https:\/\/gymfactory.eu\/fr\/produit\/sac-de-frappe-tg10\/\",\"url\":\"https:\/\/gymfactory.eu\/fr\/produit\/sac-de-frappe-tg10\/\",\"name\":\"Sac de Frappe TG-10 \u2013 \u00c9quipement de Boxe pour la Force et le Conditionnement\",\"isPartOf\":{\"@id\":\"https:\/\/gymfactory.eu\/fr\/#website\"},\"primaryImageOfPage\":{\"@id\":\"https:\/\/gymfactory.eu\/fr\/produit\/sac-de-frappe-tg10\/#primaryimage\"},\"image\":{\"@id\":\"https:\/\/gymfactory.eu\/fr\/produit\/sac-de-frappe-tg10\/#primaryimage\"},\"thumbnailUrl\":\"https:\/\/gymfactory.eu\/wp-content\/uploads\/2025\/04\/TG-10-Boxing-Bag-1.webp\",\"datePublished\":\"2025-04-09T18:43:14+00:00\",\"description\":\"Entra\u00eenez-vous avec puissance et pr\u00e9cision gr\u00e2ce au Sac de Frappe TG-10. \u00c9quipement de sport durable con\u00e7u pour l'entra\u00eenement au poids du corps, la boxe et la force.\",\"breadcrumb\":{\"@id\":\"https:\/\/gymfactory.eu\/fr\/produit\/sac-de-frappe-tg10\/#breadcrumb\"},\"inLanguage\":\"fr-FR\",\"potentialAction\":[{\"@type\":\"ReadAction\",\"target\":[\"https:\/\/gymfactory.eu\/fr\/produit\/sac-de-frappe-tg10\/\"]}]},{\"@type\":\"ImageObject\",\"inLanguage\":\"fr-FR\",\"@id\":\"https:\/\/gymfactory.eu\/fr\/produit\/sac-de-frappe-tg10\/#primaryimage\",\"url\":\"https:\/\/gymfactory.eu\/wp-content\/uploads\/2025\/04\/TG-10-Boxing-Bag-1.webp\",\"contentUrl\":\"https:\/\/gymfactory.eu\/wp-content\/uploads\/2025\/04\/TG-10-Boxing-Bag-1.webp\",\"width\":1181,\"height\":1181,\"caption\":\"Black TG-10 Boxing Bag with hanging straps, designed for combat training, strength workouts, and full-body conditioning using gym equipment.\"},{\"@type\":\"BreadcrumbList\",\"@id\":\"https:\/\/gymfactory.eu\/fr\/produit\/sac-de-frappe-tg10\/#breadcrumb\",\"itemListElement\":[{\"@type\":\"ListItem\",\"position\":1,\"name\":\"Home\",\"item\":\"https:\/\/gymfactory.eu\/fr\/page-principale\/\"},{\"@type\":\"ListItem\",\"position\":2,\"name\":\"Catalogue\",\"item\":\"https:\/\/gymfactory.eu\/fr\/catalogue-2\/\"},{\"@type\":\"ListItem\",\"position\":3,\"name\":\"Sac de Frappe TG10\"}]},{\"@type\":\"WebSite\",\"@id\":\"https:\/\/gymfactory.eu\/fr\/#website\",\"url\":\"https:\/\/gymfactory.eu\/fr\/\",\"name\":\"Gym Factory\",\"description\":\"\",\"publisher\":{\"@id\":\"https:\/\/gymfactory.eu\/fr\/#organization\"},\"potentialAction\":[{\"@type\":\"SearchAction\",\"target\":{\"@type\":\"EntryPoint\",\"urlTemplate\":\"https:\/\/gymfactory.eu\/fr\/?s={search_term_string}\"},\"query-input\":{\"@type\":\"PropertyValueSpecification\",\"valueRequired\":true,\"valueName\":\"search_term_string\"}}],\"inLanguage\":\"fr-FR\"},{\"@type\":\"Organization\",\"@id\":\"https:\/\/gymfactory.eu\/fr\/#organization\",\"name\":\"Gym Factory\",\"url\":\"https:\/\/gymfactory.eu\/fr\/\",\"logo\":{\"@type\":\"ImageObject\",\"inLanguage\":\"fr-FR\",\"@id\":\"https:\/\/gymfactory.eu\/fr\/#\/schema\/logo\/image\/\",\"url\":\"https:\/\/gymfactory.eu\/wp-content\/uploads\/2024\/11\/Component-1.svg\",\"contentUrl\":\"https:\/\/gymfactory.eu\/wp-content\/uploads\/2024\/11\/Component-1.svg\",\"width\":54,\"height\":44,\"caption\":\"Gym Factory\"},\"image\":{\"@id\":\"https:\/\/gymfactory.eu\/fr\/#\/schema\/logo\/image\/\"}}]}<\/script>\n<!-- \/ Yoast SEO plugin. -->","yoast_head_json":{"title":"Sac de Frappe TG-10 \u2013 \u00c9quipement de Boxe pour la Force et le Conditionnement","description":"Entra\u00eenez-vous avec puissance et pr\u00e9cision gr\u00e2ce au Sac de Frappe TG-10. \u00c9quipement de sport durable con\u00e7u pour l'entra\u00eenement au poids du corps, la boxe et la force.","robots":{"index":"index","follow":"follow","max-snippet":"max-snippet:-1","max-image-preview":"max-image-preview:large","max-video-preview":"max-video-preview:-1"},"canonical":"https:\/\/gymfactory.eu\/fr\/produit\/sac-de-frappe-tg10\/","og_locale":"fr_FR","og_type":"article","og_title":"Sac de Frappe TG-10 \u2013 \u00c9quipement de Boxe pour la Force et le Conditionnement","og_description":"Entra\u00eenez-vous avec puissance et pr\u00e9cision gr\u00e2ce au Sac de Frappe TG-10. \u00c9quipement de sport durable con\u00e7u pour l'entra\u00eenement au poids du corps, la boxe et la force.","og_url":"https:\/\/gymfactory.eu\/fr\/produit\/sac-de-frappe-tg10\/","og_site_name":"Gym Factory","og_image":[{"width":1181,"height":1181,"url":"https:\/\/gymfactory.eu\/wp-content\/uploads\/2025\/04\/TG-10-Boxing-Bag-1.webp","type":"image\/webp"}],"twitter_card":"summary_large_image","twitter_misc":{"Dur\u00e9e de lecture estim\u00e9e":"1 minute"},"schema":{"@context":"https:\/\/schema.org","@graph":[{"@type":"WebPage","@id":"https:\/\/gymfactory.eu\/fr\/produit\/sac-de-frappe-tg10\/","url":"https:\/\/gymfactory.eu\/fr\/produit\/sac-de-frappe-tg10\/","name":"Sac de Frappe TG-10 \u2013 \u00c9quipement de Boxe pour la Force et le Conditionnement","isPartOf":{"@id":"https:\/\/gymfactory.eu\/fr\/#website"},"primaryImageOfPage":{"@id":"https:\/\/gymfactory.eu\/fr\/produit\/sac-de-frappe-tg10\/#primaryimage"},"image":{"@id":"https:\/\/gymfactory.eu\/fr\/produit\/sac-de-frappe-tg10\/#primaryimage"},"thumbnailUrl":"https:\/\/gymfactory.eu\/wp-content\/uploads\/2025\/04\/TG-10-Boxing-Bag-1.webp","datePublished":"2025-04-09T18:43:14+00:00","description":"Entra\u00eenez-vous avec puissance et pr\u00e9cision gr\u00e2ce au Sac de Frappe TG-10. \u00c9quipement de sport durable con\u00e7u pour l'entra\u00eenement au poids du corps, la boxe et la force.","breadcrumb":{"@id":"https:\/\/gymfactory.eu\/fr\/produit\/sac-de-frappe-tg10\/#breadcrumb"},"inLanguage":"fr-FR","potentialAction":[{"@type":"ReadAction","target":["https:\/\/gymfactory.eu\/fr\/produit\/sac-de-frappe-tg10\/"]}]},{"@type":"ImageObject","inLanguage":"fr-FR","@id":"https:\/\/gymfactory.eu\/fr\/produit\/sac-de-frappe-tg10\/#primaryimage","url":"https:\/\/gymfactory.eu\/wp-content\/uploads\/2025\/04\/TG-10-Boxing-Bag-1.webp","contentUrl":"https:\/\/gymfactory.eu\/wp-content\/uploads\/2025\/04\/TG-10-Boxing-Bag-1.webp","width":1181,"height":1181,"caption":"Black TG-10 Boxing Bag with hanging straps, designed for combat training, strength workouts, and full-body conditioning using gym equipment."},{"@type":"BreadcrumbList","@id":"https:\/\/gymfactory.eu\/fr\/produit\/sac-de-frappe-tg10\/#breadcrumb","itemListElement":[{"@type":"ListItem","position":1,"name":"Home","item":"https:\/\/gymfactory.eu\/fr\/page-principale\/"},{"@type":"ListItem","position":2,"name":"Catalogue","item":"https:\/\/gymfactory.eu\/fr\/catalogue-2\/"},{"@type":"ListItem","position":3,"name":"Sac de Frappe TG10"}]},{"@type":"WebSite","@id":"https:\/\/gymfactory.eu\/fr\/#website","url":"https:\/\/gymfactory.eu\/fr\/","name":"Gym Factory","description":"","publisher":{"@id":"https:\/\/gymfactory.eu\/fr\/#organization"},"potentialAction":[{"@type":"SearchAction","target":{"@type":"EntryPoint","urlTemplate":"https:\/\/gymfactory.eu\/fr\/?s={search_term_string}"},"query-input":{"@type":"PropertyValueSpecification","valueRequired":true,"valueName":"search_term_string"}}],"inLanguage":"fr-FR"},{"@type":"Organization","@id":"https:\/\/gymfactory.eu\/fr\/#organization","name":"Gym Factory","url":"https:\/\/gymfactory.eu\/fr\/","logo":{"@type":"ImageObject","inLanguage":"fr-FR","@id":"https:\/\/gymfactory.eu\/fr\/#\/schema\/logo\/image\/","url":"https:\/\/gymfactory.eu\/wp-content\/uploads\/2024\/11\/Component-1.svg","contentUrl":"https:\/\/gymfactory.eu\/wp-content\/uploads\/2024\/11\/Component-1.svg","width":54,"height":44,"caption":"Gym Factory"},"image":{"@id":"https:\/\/gymfactory.eu\/fr\/#\/schema\/logo\/image\/"}}]}},"_links":{"self":[{"href":"https:\/\/gymfactory.eu\/fr\/wp-json\/wp\/v2\/product\/29985","targetHints":{"allow":["GET"]}}],"collection":[{"href":"https:\/\/gymfactory.eu\/fr\/wp-json\/wp\/v2\/product"}],"about":[{"href":"https:\/\/gymfactory.eu\/fr\/wp-json\/wp\/v2\/types\/product"}],"wp:featuredmedia":[{"embeddable":true,"href":"https:\/\/gymfactory.eu\/fr\/wp-json\/wp\/v2\/media\/29986"}],"wp:attachment":[{"href":"https:\/\/gymfactory.eu\/fr\/wp-json\/wp\/v2\/media?parent=29985"}],"wp:term":[{"taxonomy":"product_brand","embeddable":true,"href":"https:\/\/gymfactory.eu\/fr\/wp-json\/wp\/v2\/product_brand?post=29985"},{"taxonomy":"product_cat","embeddable":true,"href":"https:\/\/gymfactory.eu\/fr\/wp-json\/wp\/v2\/product_cat?post=29985"},{"taxonomy":"product_tag","embeddable":true,"href":"https:\/\/gymfactory.eu\/fr\/wp-json\/wp\/v2\/product_tag?post=29985"}],"curies":[{"name":"wp","href":"https:\/\/api.w.org\/{rel}","templated":true}]}}