{"id":29978,"date":"2025-04-09T17:00:11","date_gmt":"2025-04-09T14:00:11","guid":{"rendered":"https:\/\/gymfactory.eu\/product\/wall-balls-tg9\/"},"modified":"2025-04-09T17:00:11","modified_gmt":"2025-04-09T14:00:11","slug":"wall-balls-tg9","status":"publish","type":"product","link":"https:\/\/gymfactory.eu\/fr\/produit\/wall-balls-tg9\/","title":{"rendered":"Wall Balls TG9"},"content":{"rendered":"<p>Les Wall Balls TG-9 (ballons muraux) sont des outils d&rsquo;entra\u00eenement utilis\u00e9s pour d\u00e9velopper la force, la vitesse et l&rsquo;endurance gr\u00e2ce \u00e0 des mouvements dynamiques impliquant l&rsquo;ensemble du corps. Adapt\u00e9s pour \u00eatre lanc\u00e9s, rattrap\u00e9s, utilis\u00e9s lors de squats ou projet\u00e9s au sol, ils ajoutent de la vari\u00e9t\u00e9 \u00e0 l&rsquo;entra\u00eenement au poids du corps et aux exercices de renforcement musculaire. <\/p>\n<p>Chaque m\u00e9decine-ball mural poss\u00e8de une enveloppe ext\u00e9rieure souple et adh\u00e9rente pour un meilleur contr\u00f4le lors des s\u00e9ries \u00e0 nombre \u00e9lev\u00e9 de r\u00e9p\u00e9titions (reps). Disponibles en plusieurs options de poids, ils s&rsquo;adaptent \u00e0 un large \u00e9ventail de niveaux de condition physique et d&rsquo;objectifs d&rsquo;entra\u00eenement. <\/p>\n<p>Con\u00e7us pour le fitness fonctionnel, le HIIT et le circuit training, les Wall Balls TG-9 constituent un \u00e9quipement de musculation pratique pour les installations \u00e0 domicile ou en studio professionnel.<\/p>\n\n    <div class=\"xs_social_share_widget xs_share_url after_content \t\tmain_content  wslu-style-1 wslu-share-box-shaped wslu-fill-colored wslu-none wslu-share-horizontal wslu-theme-font-no wslu-main_content\">\n\n\t\t\n        <ul>\n\t\t\t        <\/ul>\n    <\/div> \n","protected":false},"excerpt":{"rendered":"<p>Les Wall Balls TG-9 (ballons muraux) sont des outils d&rsquo;entra\u00eenement utilis\u00e9s pour d\u00e9velopper la force, la vitesse et l&rsquo;endurance gr\u00e2ce \u00e0 des mouvements dynamiques impliquant l&rsquo;ensemble du corps. Adapt\u00e9s pour \u00eatre lanc\u00e9s, rattrap\u00e9s, utilis\u00e9s lors de squats ou projet\u00e9s au sol, ils ajoutent de la vari\u00e9t\u00e9 \u00e0 l&rsquo;entra\u00eenement au poids du corps et aux exercices [&hellip;]<\/p>\n","protected":false},"featured_media":29979,"template":"","meta":{"_acf_changed":false},"product_brand":[56],"product_cat":[826],"product_tag":[977],"class_list":{"0":"post-29978","1":"product","2":"type-product","3":"status-publish","4":"has-post-thumbnail","6":"product_brand-gym-factory","7":"product_cat-accessoires-de-musculation","8":"product_tag-couleur-sans-couleurs","10":"first","11":"instock","12":"taxable","13":"shipping-taxable","14":"purchasable","15":"product-type-variable","16":"has-default-attributes"},"acf":[],"yoast_head":"<!-- This site is optimized with the Yoast SEO plugin v25.2 - https:\/\/yoast.com\/wordpress\/plugins\/seo\/ -->\n<title>TG-9 \u2013 Ballons Muraux pour l&#039;Entra\u00eenement Fonctionnel<\/title>\n<meta name=\"description\" content=\"Entra\u00eenez votre puissance avec les Wall Balls TG-9. Un \u00e9quipement de musculation polyvalent (ballon mural lest\u00e9) pour le conditionnement physique et la force.\" \/>\n<meta name=\"robots\" content=\"index, follow, max-snippet:-1, max-image-preview:large, max-video-preview:-1\" \/>\n<link rel=\"canonical\" href=\"https:\/\/gymfactory.eu\/fr\/produit\/wall-balls-tg9\/\" \/>\n<meta property=\"og:locale\" content=\"fr_FR\" \/>\n<meta property=\"og:type\" content=\"article\" \/>\n<meta property=\"og:title\" content=\"TG-9 \u2013 Ballons Muraux pour l&#039;Entra\u00eenement Fonctionnel\" \/>\n<meta property=\"og:description\" content=\"Entra\u00eenez votre puissance avec les Wall Balls TG-9. Un \u00e9quipement de musculation polyvalent (ballon mural lest\u00e9) pour le conditionnement physique et la force.\" \/>\n<meta property=\"og:url\" content=\"https:\/\/gymfactory.eu\/fr\/produit\/wall-balls-tg9\/\" \/>\n<meta property=\"og:site_name\" content=\"Gym Factory\" \/>\n<meta property=\"og:image\" content=\"https:\/\/gymfactory.eu\/wp-content\/uploads\/2025\/04\/TG-9-Wall-Balls-1.webp\" \/>\n\t<meta property=\"og:image:width\" content=\"1500\" \/>\n\t<meta property=\"og:image:height\" content=\"1500\" \/>\n\t<meta property=\"og:image:type\" content=\"image\/webp\" \/>\n<meta name=\"twitter:card\" content=\"summary_large_image\" \/>\n<meta name=\"twitter:label1\" content=\"Dur\u00e9e de lecture estim\u00e9e\" \/>\n\t<meta name=\"twitter:data1\" content=\"1 minute\" \/>\n<script type=\"application\/ld+json\" class=\"yoast-schema-graph\">{\"@context\":\"https:\/\/schema.org\",\"@graph\":[{\"@type\":\"WebPage\",\"@id\":\"https:\/\/gymfactory.eu\/fr\/produit\/wall-balls-tg9\/\",\"url\":\"https:\/\/gymfactory.eu\/fr\/produit\/wall-balls-tg9\/\",\"name\":\"TG-9 \u2013 Ballons Muraux pour l'Entra\u00eenement Fonctionnel\",\"isPartOf\":{\"@id\":\"https:\/\/gymfactory.eu\/fr\/#website\"},\"primaryImageOfPage\":{\"@id\":\"https:\/\/gymfactory.eu\/fr\/produit\/wall-balls-tg9\/#primaryimage\"},\"image\":{\"@id\":\"https:\/\/gymfactory.eu\/fr\/produit\/wall-balls-tg9\/#primaryimage\"},\"thumbnailUrl\":\"https:\/\/gymfactory.eu\/wp-content\/uploads\/2025\/04\/TG-9-Wall-Balls-1.webp\",\"datePublished\":\"2025-04-09T14:00:11+00:00\",\"description\":\"Entra\u00eenez votre puissance avec les Wall Balls TG-9. Un \u00e9quipement de musculation polyvalent (ballon mural lest\u00e9) pour le conditionnement physique et la force.\",\"breadcrumb\":{\"@id\":\"https:\/\/gymfactory.eu\/fr\/produit\/wall-balls-tg9\/#breadcrumb\"},\"inLanguage\":\"fr-FR\",\"potentialAction\":[{\"@type\":\"ReadAction\",\"target\":[\"https:\/\/gymfactory.eu\/fr\/produit\/wall-balls-tg9\/\"]}]},{\"@type\":\"ImageObject\",\"inLanguage\":\"fr-FR\",\"@id\":\"https:\/\/gymfactory.eu\/fr\/produit\/wall-balls-tg9\/#primaryimage\",\"url\":\"https:\/\/gymfactory.eu\/wp-content\/uploads\/2025\/04\/TG-9-Wall-Balls-1.webp\",\"contentUrl\":\"https:\/\/gymfactory.eu\/wp-content\/uploads\/2025\/04\/TG-9-Wall-Balls-1.webp\",\"width\":1500,\"height\":1500,\"caption\":\"Set of TG-9 Wall Balls in different weights, black with graphic design, used for functional, bodyweight training, and strength-conditioning workouts.\"},{\"@type\":\"BreadcrumbList\",\"@id\":\"https:\/\/gymfactory.eu\/fr\/produit\/wall-balls-tg9\/#breadcrumb\",\"itemListElement\":[{\"@type\":\"ListItem\",\"position\":1,\"name\":\"Home\",\"item\":\"https:\/\/gymfactory.eu\/fr\/page-principale\/\"},{\"@type\":\"ListItem\",\"position\":2,\"name\":\"Catalogue\",\"item\":\"https:\/\/gymfactory.eu\/fr\/catalogue-2\/\"},{\"@type\":\"ListItem\",\"position\":3,\"name\":\"Wall Balls TG9\"}]},{\"@type\":\"WebSite\",\"@id\":\"https:\/\/gymfactory.eu\/fr\/#website\",\"url\":\"https:\/\/gymfactory.eu\/fr\/\",\"name\":\"Gym Factory\",\"description\":\"\",\"publisher\":{\"@id\":\"https:\/\/gymfactory.eu\/fr\/#organization\"},\"potentialAction\":[{\"@type\":\"SearchAction\",\"target\":{\"@type\":\"EntryPoint\",\"urlTemplate\":\"https:\/\/gymfactory.eu\/fr\/?s={search_term_string}\"},\"query-input\":{\"@type\":\"PropertyValueSpecification\",\"valueRequired\":true,\"valueName\":\"search_term_string\"}}],\"inLanguage\":\"fr-FR\"},{\"@type\":\"Organization\",\"@id\":\"https:\/\/gymfactory.eu\/fr\/#organization\",\"name\":\"Gym Factory\",\"url\":\"https:\/\/gymfactory.eu\/fr\/\",\"logo\":{\"@type\":\"ImageObject\",\"inLanguage\":\"fr-FR\",\"@id\":\"https:\/\/gymfactory.eu\/fr\/#\/schema\/logo\/image\/\",\"url\":\"https:\/\/gymfactory.eu\/wp-content\/uploads\/2024\/11\/Component-1.svg\",\"contentUrl\":\"https:\/\/gymfactory.eu\/wp-content\/uploads\/2024\/11\/Component-1.svg\",\"width\":54,\"height\":44,\"caption\":\"Gym Factory\"},\"image\":{\"@id\":\"https:\/\/gymfactory.eu\/fr\/#\/schema\/logo\/image\/\"}}]}<\/script>\n<!-- \/ Yoast SEO plugin. -->","yoast_head_json":{"title":"TG-9 \u2013 Ballons Muraux pour l'Entra\u00eenement Fonctionnel","description":"Entra\u00eenez votre puissance avec les Wall Balls TG-9. Un \u00e9quipement de musculation polyvalent (ballon mural lest\u00e9) pour le conditionnement physique et la force.","robots":{"index":"index","follow":"follow","max-snippet":"max-snippet:-1","max-image-preview":"max-image-preview:large","max-video-preview":"max-video-preview:-1"},"canonical":"https:\/\/gymfactory.eu\/fr\/produit\/wall-balls-tg9\/","og_locale":"fr_FR","og_type":"article","og_title":"TG-9 \u2013 Ballons Muraux pour l'Entra\u00eenement Fonctionnel","og_description":"Entra\u00eenez votre puissance avec les Wall Balls TG-9. Un \u00e9quipement de musculation polyvalent (ballon mural lest\u00e9) pour le conditionnement physique et la force.","og_url":"https:\/\/gymfactory.eu\/fr\/produit\/wall-balls-tg9\/","og_site_name":"Gym Factory","og_image":[{"width":1500,"height":1500,"url":"https:\/\/gymfactory.eu\/wp-content\/uploads\/2025\/04\/TG-9-Wall-Balls-1.webp","type":"image\/webp"}],"twitter_card":"summary_large_image","twitter_misc":{"Dur\u00e9e de lecture estim\u00e9e":"1 minute"},"schema":{"@context":"https:\/\/schema.org","@graph":[{"@type":"WebPage","@id":"https:\/\/gymfactory.eu\/fr\/produit\/wall-balls-tg9\/","url":"https:\/\/gymfactory.eu\/fr\/produit\/wall-balls-tg9\/","name":"TG-9 \u2013 Ballons Muraux pour l'Entra\u00eenement Fonctionnel","isPartOf":{"@id":"https:\/\/gymfactory.eu\/fr\/#website"},"primaryImageOfPage":{"@id":"https:\/\/gymfactory.eu\/fr\/produit\/wall-balls-tg9\/#primaryimage"},"image":{"@id":"https:\/\/gymfactory.eu\/fr\/produit\/wall-balls-tg9\/#primaryimage"},"thumbnailUrl":"https:\/\/gymfactory.eu\/wp-content\/uploads\/2025\/04\/TG-9-Wall-Balls-1.webp","datePublished":"2025-04-09T14:00:11+00:00","description":"Entra\u00eenez votre puissance avec les Wall Balls TG-9. Un \u00e9quipement de musculation polyvalent (ballon mural lest\u00e9) pour le conditionnement physique et la force.","breadcrumb":{"@id":"https:\/\/gymfactory.eu\/fr\/produit\/wall-balls-tg9\/#breadcrumb"},"inLanguage":"fr-FR","potentialAction":[{"@type":"ReadAction","target":["https:\/\/gymfactory.eu\/fr\/produit\/wall-balls-tg9\/"]}]},{"@type":"ImageObject","inLanguage":"fr-FR","@id":"https:\/\/gymfactory.eu\/fr\/produit\/wall-balls-tg9\/#primaryimage","url":"https:\/\/gymfactory.eu\/wp-content\/uploads\/2025\/04\/TG-9-Wall-Balls-1.webp","contentUrl":"https:\/\/gymfactory.eu\/wp-content\/uploads\/2025\/04\/TG-9-Wall-Balls-1.webp","width":1500,"height":1500,"caption":"Set of TG-9 Wall Balls in different weights, black with graphic design, used for functional, bodyweight training, and strength-conditioning workouts."},{"@type":"BreadcrumbList","@id":"https:\/\/gymfactory.eu\/fr\/produit\/wall-balls-tg9\/#breadcrumb","itemListElement":[{"@type":"ListItem","position":1,"name":"Home","item":"https:\/\/gymfactory.eu\/fr\/page-principale\/"},{"@type":"ListItem","position":2,"name":"Catalogue","item":"https:\/\/gymfactory.eu\/fr\/catalogue-2\/"},{"@type":"ListItem","position":3,"name":"Wall Balls TG9"}]},{"@type":"WebSite","@id":"https:\/\/gymfactory.eu\/fr\/#website","url":"https:\/\/gymfactory.eu\/fr\/","name":"Gym Factory","description":"","publisher":{"@id":"https:\/\/gymfactory.eu\/fr\/#organization"},"potentialAction":[{"@type":"SearchAction","target":{"@type":"EntryPoint","urlTemplate":"https:\/\/gymfactory.eu\/fr\/?s={search_term_string}"},"query-input":{"@type":"PropertyValueSpecification","valueRequired":true,"valueName":"search_term_string"}}],"inLanguage":"fr-FR"},{"@type":"Organization","@id":"https:\/\/gymfactory.eu\/fr\/#organization","name":"Gym Factory","url":"https:\/\/gymfactory.eu\/fr\/","logo":{"@type":"ImageObject","inLanguage":"fr-FR","@id":"https:\/\/gymfactory.eu\/fr\/#\/schema\/logo\/image\/","url":"https:\/\/gymfactory.eu\/wp-content\/uploads\/2024\/11\/Component-1.svg","contentUrl":"https:\/\/gymfactory.eu\/wp-content\/uploads\/2024\/11\/Component-1.svg","width":54,"height":44,"caption":"Gym Factory"},"image":{"@id":"https:\/\/gymfactory.eu\/fr\/#\/schema\/logo\/image\/"}}]}},"_links":{"self":[{"href":"https:\/\/gymfactory.eu\/fr\/wp-json\/wp\/v2\/product\/29978","targetHints":{"allow":["GET"]}}],"collection":[{"href":"https:\/\/gymfactory.eu\/fr\/wp-json\/wp\/v2\/product"}],"about":[{"href":"https:\/\/gymfactory.eu\/fr\/wp-json\/wp\/v2\/types\/product"}],"wp:featuredmedia":[{"embeddable":true,"href":"https:\/\/gymfactory.eu\/fr\/wp-json\/wp\/v2\/media\/29979"}],"wp:attachment":[{"href":"https:\/\/gymfactory.eu\/fr\/wp-json\/wp\/v2\/media?parent=29978"}],"wp:term":[{"taxonomy":"product_brand","embeddable":true,"href":"https:\/\/gymfactory.eu\/fr\/wp-json\/wp\/v2\/product_brand?post=29978"},{"taxonomy":"product_cat","embeddable":true,"href":"https:\/\/gymfactory.eu\/fr\/wp-json\/wp\/v2\/product_cat?post=29978"},{"taxonomy":"product_tag","embeddable":true,"href":"https:\/\/gymfactory.eu\/fr\/wp-json\/wp\/v2\/product_tag?post=29978"}],"curies":[{"name":"wp","href":"https:\/\/api.w.org\/{rel}","templated":true}]}}