{"id":29970,"date":"2025-04-09T15:58:29","date_gmt":"2025-04-09T12:58:29","guid":{"rendered":"https:\/\/gymfactory.eu\/product\/bande-de-poignet-tg7\/"},"modified":"2025-04-09T15:58:29","modified_gmt":"2025-04-09T12:58:29","slug":"bande-de-poignet-tg7","status":"publish","type":"product","link":"https:\/\/gymfactory.eu\/fr\/produit\/bande-de-poignet-tg7\/","title":{"rendered":"Bande de poignet TG7"},"content":{"rendered":"<p>La bande de poignet TG-7 offre un soutien du poignet lors des lev\u00e9s lourds, des exercices de renforcement musculaire \u00e0 nombre \u00e9lev\u00e9 de r\u00e9p\u00e9titions (reps) et de l&rsquo;entra\u00eenement au poids du corps. Adapt\u00e9e \u00e0 des mouvements tels que le d\u00e9velopp\u00e9 couch\u00e9, l&rsquo;\u00e9quilibre sur les mains et les exercices avec kettlebell, elle aide \u00e0 r\u00e9duire la tension et \u00e0 am\u00e9liorer la stabilit\u00e9 articulaire. <\/p>\n<p>Fabriqu\u00e9e en \u00e9lastique durable avec une solide fermeture Velcro, elle offre un maintien s\u00fbr et facile \u00e0 ajuster. La TG-7 est un ajout pratique \u00e0 tout \u00e9quipement de musculation, favorisant l&rsquo;alignement des poignets et le contr\u00f4le sous charge.<\/p>\n\n    <div class=\"xs_social_share_widget xs_share_url after_content \t\tmain_content  wslu-style-1 wslu-share-box-shaped wslu-fill-colored wslu-none wslu-share-horizontal wslu-theme-font-no wslu-main_content\">\n\n\t\t\n        <ul>\n\t\t\t        <\/ul>\n    <\/div> \n","protected":false},"excerpt":{"rendered":"<p>La bande de poignet TG-7 offre un soutien du poignet lors des lev\u00e9s lourds, des exercices de renforcement musculaire \u00e0 nombre \u00e9lev\u00e9 de r\u00e9p\u00e9titions (reps) et de l&rsquo;entra\u00eenement au poids du corps. Adapt\u00e9e \u00e0 des mouvements tels que le d\u00e9velopp\u00e9 couch\u00e9, l&rsquo;\u00e9quilibre sur les mains et les exercices avec kettlebell, elle aide \u00e0 r\u00e9duire la [&hellip;]<\/p>\n","protected":false},"featured_media":29971,"template":"","meta":{"_acf_changed":false},"product_brand":[56],"product_cat":[826],"product_tag":[977],"class_list":{"0":"post-29970","1":"product","2":"type-product","3":"status-publish","4":"has-post-thumbnail","6":"product_brand-gym-factory","7":"product_cat-accessoires-de-musculation","8":"product_tag-couleur-sans-couleurs","10":"first","11":"instock","12":"taxable","13":"shipping-taxable","14":"purchasable","15":"product-type-variable","16":"has-default-attributes"},"acf":[],"yoast_head":"<!-- This site is optimized with the Yoast SEO plugin v25.2 - https:\/\/yoast.com\/wordpress\/plugins\/seo\/ -->\n<title>Bande de poignet TG-7 \u2013 \u00c9quipement de sport pour des lev\u00e9s plus forts et plus s\u00fbrs<\/title>\n<meta name=\"description\" content=\"Prot\u00e9gez vos poignets avec la bande de poignet TG-7. \u00c9quipement de musculation durable con\u00e7u pour soutenir les exercices de renforcement musculaire et l&#039;entra\u00eenement au poids du corps.\" \/>\n<meta name=\"robots\" content=\"index, follow, max-snippet:-1, max-image-preview:large, max-video-preview:-1\" \/>\n<link rel=\"canonical\" href=\"https:\/\/gymfactory.eu\/fr\/produit\/bande-de-poignet-tg7\/\" \/>\n<meta property=\"og:locale\" content=\"fr_FR\" \/>\n<meta property=\"og:type\" content=\"article\" \/>\n<meta property=\"og:title\" content=\"Bande de poignet TG-7 \u2013 \u00c9quipement de sport pour des lev\u00e9s plus forts et plus s\u00fbrs\" \/>\n<meta property=\"og:description\" content=\"Prot\u00e9gez vos poignets avec la bande de poignet TG-7. \u00c9quipement de musculation durable con\u00e7u pour soutenir les exercices de renforcement musculaire et l&#039;entra\u00eenement au poids du corps.\" \/>\n<meta property=\"og:url\" content=\"https:\/\/gymfactory.eu\/fr\/produit\/bande-de-poignet-tg7\/\" \/>\n<meta property=\"og:site_name\" content=\"Gym Factory\" \/>\n<meta property=\"og:image\" content=\"https:\/\/gymfactory.eu\/wp-content\/uploads\/2025\/04\/TG-7-Wrist-Wrap-1.webp\" \/>\n\t<meta property=\"og:image:width\" content=\"1500\" \/>\n\t<meta property=\"og:image:height\" content=\"1500\" \/>\n\t<meta property=\"og:image:type\" content=\"image\/webp\" \/>\n<meta name=\"twitter:card\" content=\"summary_large_image\" \/>\n<meta name=\"twitter:label1\" content=\"Dur\u00e9e de lecture estim\u00e9e\" \/>\n\t<meta name=\"twitter:data1\" content=\"1 minute\" \/>\n<script type=\"application\/ld+json\" class=\"yoast-schema-graph\">{\"@context\":\"https:\/\/schema.org\",\"@graph\":[{\"@type\":\"WebPage\",\"@id\":\"https:\/\/gymfactory.eu\/fr\/produit\/bande-de-poignet-tg7\/\",\"url\":\"https:\/\/gymfactory.eu\/fr\/produit\/bande-de-poignet-tg7\/\",\"name\":\"Bande de poignet TG-7 \u2013 \u00c9quipement de sport pour des lev\u00e9s plus forts et plus s\u00fbrs\",\"isPartOf\":{\"@id\":\"https:\/\/gymfactory.eu\/fr\/#website\"},\"primaryImageOfPage\":{\"@id\":\"https:\/\/gymfactory.eu\/fr\/produit\/bande-de-poignet-tg7\/#primaryimage\"},\"image\":{\"@id\":\"https:\/\/gymfactory.eu\/fr\/produit\/bande-de-poignet-tg7\/#primaryimage\"},\"thumbnailUrl\":\"https:\/\/gymfactory.eu\/wp-content\/uploads\/2025\/04\/TG-7-Wrist-Wrap-1.webp\",\"datePublished\":\"2025-04-09T12:58:29+00:00\",\"description\":\"Prot\u00e9gez vos poignets avec la bande de poignet TG-7. \u00c9quipement de musculation durable con\u00e7u pour soutenir les exercices de renforcement musculaire et l'entra\u00eenement au poids du corps.\",\"breadcrumb\":{\"@id\":\"https:\/\/gymfactory.eu\/fr\/produit\/bande-de-poignet-tg7\/#breadcrumb\"},\"inLanguage\":\"fr-FR\",\"potentialAction\":[{\"@type\":\"ReadAction\",\"target\":[\"https:\/\/gymfactory.eu\/fr\/produit\/bande-de-poignet-tg7\/\"]}]},{\"@type\":\"ImageObject\",\"inLanguage\":\"fr-FR\",\"@id\":\"https:\/\/gymfactory.eu\/fr\/produit\/bande-de-poignet-tg7\/#primaryimage\",\"url\":\"https:\/\/gymfactory.eu\/wp-content\/uploads\/2025\/04\/TG-7-Wrist-Wrap-1.webp\",\"contentUrl\":\"https:\/\/gymfactory.eu\/wp-content\/uploads\/2025\/04\/TG-7-Wrist-Wrap-1.webp\",\"width\":1500,\"height\":1500,\"caption\":\"TG-7 Wrist Wrap in black with red stripes, shown rolled and unrolled, used for wrist support during strength-training exercises and bodyweight training.\"},{\"@type\":\"BreadcrumbList\",\"@id\":\"https:\/\/gymfactory.eu\/fr\/produit\/bande-de-poignet-tg7\/#breadcrumb\",\"itemListElement\":[{\"@type\":\"ListItem\",\"position\":1,\"name\":\"Home\",\"item\":\"https:\/\/gymfactory.eu\/fr\/\"},{\"@type\":\"ListItem\",\"position\":2,\"name\":\"Catalogue\",\"item\":\"https:\/\/gymfactory.eu\/catalogue\/\"},{\"@type\":\"ListItem\",\"position\":3,\"name\":\"Bande de poignet TG7\"}]},{\"@type\":\"WebSite\",\"@id\":\"https:\/\/gymfactory.eu\/fr\/#website\",\"url\":\"https:\/\/gymfactory.eu\/fr\/\",\"name\":\"Gym Factory\",\"description\":\"\",\"publisher\":{\"@id\":\"https:\/\/gymfactory.eu\/fr\/#organization\"},\"potentialAction\":[{\"@type\":\"SearchAction\",\"target\":{\"@type\":\"EntryPoint\",\"urlTemplate\":\"https:\/\/gymfactory.eu\/fr\/?s={search_term_string}\"},\"query-input\":{\"@type\":\"PropertyValueSpecification\",\"valueRequired\":true,\"valueName\":\"search_term_string\"}}],\"inLanguage\":\"fr-FR\"},{\"@type\":\"Organization\",\"@id\":\"https:\/\/gymfactory.eu\/fr\/#organization\",\"name\":\"Gym Factory\",\"url\":\"https:\/\/gymfactory.eu\/fr\/\",\"logo\":{\"@type\":\"ImageObject\",\"inLanguage\":\"fr-FR\",\"@id\":\"https:\/\/gymfactory.eu\/fr\/#\/schema\/logo\/image\/\",\"url\":\"https:\/\/gymfactory.eu\/wp-content\/uploads\/2024\/11\/Component-1.svg\",\"contentUrl\":\"https:\/\/gymfactory.eu\/wp-content\/uploads\/2024\/11\/Component-1.svg\",\"width\":54,\"height\":44,\"caption\":\"Gym Factory\"},\"image\":{\"@id\":\"https:\/\/gymfactory.eu\/fr\/#\/schema\/logo\/image\/\"}}]}<\/script>\n<!-- \/ Yoast SEO plugin. -->","yoast_head_json":{"title":"Bande de poignet TG-7 \u2013 \u00c9quipement de sport pour des lev\u00e9s plus forts et plus s\u00fbrs","description":"Prot\u00e9gez vos poignets avec la bande de poignet TG-7. \u00c9quipement de musculation durable con\u00e7u pour soutenir les exercices de renforcement musculaire et l'entra\u00eenement au poids du corps.","robots":{"index":"index","follow":"follow","max-snippet":"max-snippet:-1","max-image-preview":"max-image-preview:large","max-video-preview":"max-video-preview:-1"},"canonical":"https:\/\/gymfactory.eu\/fr\/produit\/bande-de-poignet-tg7\/","og_locale":"fr_FR","og_type":"article","og_title":"Bande de poignet TG-7 \u2013 \u00c9quipement de sport pour des lev\u00e9s plus forts et plus s\u00fbrs","og_description":"Prot\u00e9gez vos poignets avec la bande de poignet TG-7. \u00c9quipement de musculation durable con\u00e7u pour soutenir les exercices de renforcement musculaire et l'entra\u00eenement au poids du corps.","og_url":"https:\/\/gymfactory.eu\/fr\/produit\/bande-de-poignet-tg7\/","og_site_name":"Gym Factory","og_image":[{"width":1500,"height":1500,"url":"https:\/\/gymfactory.eu\/wp-content\/uploads\/2025\/04\/TG-7-Wrist-Wrap-1.webp","type":"image\/webp"}],"twitter_card":"summary_large_image","twitter_misc":{"Dur\u00e9e de lecture estim\u00e9e":"1 minute"},"schema":{"@context":"https:\/\/schema.org","@graph":[{"@type":"WebPage","@id":"https:\/\/gymfactory.eu\/fr\/produit\/bande-de-poignet-tg7\/","url":"https:\/\/gymfactory.eu\/fr\/produit\/bande-de-poignet-tg7\/","name":"Bande de poignet TG-7 \u2013 \u00c9quipement de sport pour des lev\u00e9s plus forts et plus s\u00fbrs","isPartOf":{"@id":"https:\/\/gymfactory.eu\/fr\/#website"},"primaryImageOfPage":{"@id":"https:\/\/gymfactory.eu\/fr\/produit\/bande-de-poignet-tg7\/#primaryimage"},"image":{"@id":"https:\/\/gymfactory.eu\/fr\/produit\/bande-de-poignet-tg7\/#primaryimage"},"thumbnailUrl":"https:\/\/gymfactory.eu\/wp-content\/uploads\/2025\/04\/TG-7-Wrist-Wrap-1.webp","datePublished":"2025-04-09T12:58:29+00:00","description":"Prot\u00e9gez vos poignets avec la bande de poignet TG-7. \u00c9quipement de musculation durable con\u00e7u pour soutenir les exercices de renforcement musculaire et l'entra\u00eenement au poids du corps.","breadcrumb":{"@id":"https:\/\/gymfactory.eu\/fr\/produit\/bande-de-poignet-tg7\/#breadcrumb"},"inLanguage":"fr-FR","potentialAction":[{"@type":"ReadAction","target":["https:\/\/gymfactory.eu\/fr\/produit\/bande-de-poignet-tg7\/"]}]},{"@type":"ImageObject","inLanguage":"fr-FR","@id":"https:\/\/gymfactory.eu\/fr\/produit\/bande-de-poignet-tg7\/#primaryimage","url":"https:\/\/gymfactory.eu\/wp-content\/uploads\/2025\/04\/TG-7-Wrist-Wrap-1.webp","contentUrl":"https:\/\/gymfactory.eu\/wp-content\/uploads\/2025\/04\/TG-7-Wrist-Wrap-1.webp","width":1500,"height":1500,"caption":"TG-7 Wrist Wrap in black with red stripes, shown rolled and unrolled, used for wrist support during strength-training exercises and bodyweight training."},{"@type":"BreadcrumbList","@id":"https:\/\/gymfactory.eu\/fr\/produit\/bande-de-poignet-tg7\/#breadcrumb","itemListElement":[{"@type":"ListItem","position":1,"name":"Home","item":"https:\/\/gymfactory.eu\/fr\/"},{"@type":"ListItem","position":2,"name":"Catalogue","item":"https:\/\/gymfactory.eu\/catalogue\/"},{"@type":"ListItem","position":3,"name":"Bande de poignet TG7"}]},{"@type":"WebSite","@id":"https:\/\/gymfactory.eu\/fr\/#website","url":"https:\/\/gymfactory.eu\/fr\/","name":"Gym Factory","description":"","publisher":{"@id":"https:\/\/gymfactory.eu\/fr\/#organization"},"potentialAction":[{"@type":"SearchAction","target":{"@type":"EntryPoint","urlTemplate":"https:\/\/gymfactory.eu\/fr\/?s={search_term_string}"},"query-input":{"@type":"PropertyValueSpecification","valueRequired":true,"valueName":"search_term_string"}}],"inLanguage":"fr-FR"},{"@type":"Organization","@id":"https:\/\/gymfactory.eu\/fr\/#organization","name":"Gym Factory","url":"https:\/\/gymfactory.eu\/fr\/","logo":{"@type":"ImageObject","inLanguage":"fr-FR","@id":"https:\/\/gymfactory.eu\/fr\/#\/schema\/logo\/image\/","url":"https:\/\/gymfactory.eu\/wp-content\/uploads\/2024\/11\/Component-1.svg","contentUrl":"https:\/\/gymfactory.eu\/wp-content\/uploads\/2024\/11\/Component-1.svg","width":54,"height":44,"caption":"Gym Factory"},"image":{"@id":"https:\/\/gymfactory.eu\/fr\/#\/schema\/logo\/image\/"}}]}},"_links":{"self":[{"href":"https:\/\/gymfactory.eu\/fr\/wp-json\/wp\/v2\/product\/29970","targetHints":{"allow":["GET"]}}],"collection":[{"href":"https:\/\/gymfactory.eu\/fr\/wp-json\/wp\/v2\/product"}],"about":[{"href":"https:\/\/gymfactory.eu\/fr\/wp-json\/wp\/v2\/types\/product"}],"wp:featuredmedia":[{"embeddable":true,"href":"https:\/\/gymfactory.eu\/fr\/wp-json\/wp\/v2\/media\/29971"}],"wp:attachment":[{"href":"https:\/\/gymfactory.eu\/fr\/wp-json\/wp\/v2\/media?parent=29970"}],"wp:term":[{"taxonomy":"product_brand","embeddable":true,"href":"https:\/\/gymfactory.eu\/fr\/wp-json\/wp\/v2\/product_brand?post=29970"},{"taxonomy":"product_cat","embeddable":true,"href":"https:\/\/gymfactory.eu\/fr\/wp-json\/wp\/v2\/product_cat?post=29970"},{"taxonomy":"product_tag","embeddable":true,"href":"https:\/\/gymfactory.eu\/fr\/wp-json\/wp\/v2\/product_tag?post=29970"}],"curies":[{"name":"wp","href":"https:\/\/api.w.org\/{rel}","templated":true}]}}