{"id":29968,"date":"2025-04-09T15:45:33","date_gmt":"2025-04-09T12:45:33","guid":{"rendered":"https:\/\/gymfactory.eu\/product\/ballon-dequilibre-tg6\/"},"modified":"2025-04-09T15:45:33","modified_gmt":"2025-04-09T12:45:33","slug":"ballon-dequilibre-tg6","status":"publish","type":"product","link":"https:\/\/gymfactory.eu\/fr\/produit\/ballon-dequilibre-tg6\/","title":{"rendered":"Ballon d&rsquo;\u00e9quilibre TG6"},"content":{"rendered":"<p>Le ballon d&rsquo;\u00e9quilibre TG-6 est con\u00e7u pour ajouter de l&rsquo;instabilit\u00e9 \u00e0 l&rsquo;entra\u00eenement, aidant \u00e0 activer les muscles stabilisateurs profonds qui soutiennent la sangle abdominale, la colonne vert\u00e9brale et la posture. Il convient \u00e0 des exercices tels que les pompes, les squats, le gainage et les mouvements ax\u00e9s sur la sangle abdominale. <\/p>\n<p>Ce ballon d&rsquo;\u00e9quilibre favorise la coordination, l&rsquo;engagement musculaire et un meilleur contr\u00f4le lors de l&rsquo;entra\u00eenement au poids du corps ou des exercices de renforcement musculaire. Compact et durable, il s&rsquo;int\u00e8gre aux installations \u00e0 domicile ou en studio et fait office d&rsquo;\u00e9quipement de sport pratique pour le fitness en g\u00e9n\u00e9ral, la r\u00e9\u00e9ducation ou l&rsquo;entra\u00eenement athl\u00e9tique.<\/p>\n\n    <div class=\"xs_social_share_widget xs_share_url after_content \t\tmain_content  wslu-style-1 wslu-share-box-shaped wslu-fill-colored wslu-none wslu-share-horizontal wslu-theme-font-no wslu-main_content\">\n\n\t\t\n        <ul>\n\t\t\t        <\/ul>\n    <\/div> \n","protected":false},"excerpt":{"rendered":"<p>Le ballon d&rsquo;\u00e9quilibre TG-6 est con\u00e7u pour ajouter de l&rsquo;instabilit\u00e9 \u00e0 l&rsquo;entra\u00eenement, aidant \u00e0 activer les muscles stabilisateurs profonds qui soutiennent la sangle abdominale, la colonne vert\u00e9brale et la posture. Il convient \u00e0 des exercices tels que les pompes, les squats, le gainage et les mouvements ax\u00e9s sur la sangle abdominale. Ce ballon d&rsquo;\u00e9quilibre favorise [&hellip;]<\/p>\n","protected":false},"featured_media":29969,"template":"","meta":{"_acf_changed":false},"product_brand":[56],"product_cat":[826],"product_tag":[977],"class_list":{"0":"post-29968","1":"product","2":"type-product","3":"status-publish","4":"has-post-thumbnail","6":"product_brand-gym-factory","7":"product_cat-accessoires-de-musculation","8":"product_tag-couleur-sans-couleurs","10":"first","11":"instock","12":"taxable","13":"shipping-taxable","14":"purchasable","15":"product-type-simple"},"acf":[],"yoast_head":"<!-- This site is optimized with the Yoast SEO plugin v25.2 - https:\/\/yoast.com\/wordpress\/plugins\/seo\/ -->\n<title>Ballon d&#039;\u00e9quilibre TG-6 \u2013 \u00c9quipement de sport pour l&#039;entra\u00eenement de l&#039;\u00e9quilibre<\/title>\n<meta name=\"description\" content=\"Mettez \u00e0 l&#039;\u00e9preuve votre sangle abdominale et votre stabilit\u00e9 avec le ballon d&#039;\u00e9quilibre TG-6. Un \u00e9quipement de musculation essentiel pour l&#039;entra\u00eenement au poids du corps, la coordination et les s\u00e9ances ax\u00e9es sur la force.\" \/>\n<meta name=\"robots\" content=\"index, follow, max-snippet:-1, max-image-preview:large, max-video-preview:-1\" \/>\n<link rel=\"canonical\" href=\"https:\/\/gymfactory.eu\/fr\/produit\/ballon-dequilibre-tg6\/\" \/>\n<meta property=\"og:locale\" content=\"fr_FR\" \/>\n<meta property=\"og:type\" content=\"article\" \/>\n<meta property=\"og:title\" content=\"Ballon d&#039;\u00e9quilibre TG-6 \u2013 \u00c9quipement de sport pour l&#039;entra\u00eenement de l&#039;\u00e9quilibre\" \/>\n<meta property=\"og:description\" content=\"Mettez \u00e0 l&#039;\u00e9preuve votre sangle abdominale et votre stabilit\u00e9 avec le ballon d&#039;\u00e9quilibre TG-6. Un \u00e9quipement de musculation essentiel pour l&#039;entra\u00eenement au poids du corps, la coordination et les s\u00e9ances ax\u00e9es sur la force.\" \/>\n<meta property=\"og:url\" content=\"https:\/\/gymfactory.eu\/fr\/produit\/ballon-dequilibre-tg6\/\" \/>\n<meta property=\"og:site_name\" content=\"Gym Factory\" \/>\n<meta property=\"og:image\" content=\"https:\/\/gymfactory.eu\/wp-content\/uploads\/2025\/04\/TG\u20136-Balance-Ball.webp\" \/>\n\t<meta property=\"og:image:width\" content=\"1500\" \/>\n\t<meta property=\"og:image:height\" content=\"1500\" \/>\n\t<meta property=\"og:image:type\" content=\"image\/webp\" \/>\n<meta name=\"twitter:card\" content=\"summary_large_image\" \/>\n<meta name=\"twitter:label1\" content=\"Dur\u00e9e de lecture estim\u00e9e\" \/>\n\t<meta name=\"twitter:data1\" content=\"1 minute\" \/>\n<script type=\"application\/ld+json\" class=\"yoast-schema-graph\">{\"@context\":\"https:\/\/schema.org\",\"@graph\":[{\"@type\":\"WebPage\",\"@id\":\"https:\/\/gymfactory.eu\/fr\/produit\/ballon-dequilibre-tg6\/\",\"url\":\"https:\/\/gymfactory.eu\/fr\/produit\/ballon-dequilibre-tg6\/\",\"name\":\"Ballon d'\u00e9quilibre TG-6 \u2013 \u00c9quipement de sport pour l'entra\u00eenement de l'\u00e9quilibre\",\"isPartOf\":{\"@id\":\"https:\/\/gymfactory.eu\/fr\/#website\"},\"primaryImageOfPage\":{\"@id\":\"https:\/\/gymfactory.eu\/fr\/produit\/ballon-dequilibre-tg6\/#primaryimage\"},\"image\":{\"@id\":\"https:\/\/gymfactory.eu\/fr\/produit\/ballon-dequilibre-tg6\/#primaryimage\"},\"thumbnailUrl\":\"https:\/\/gymfactory.eu\/wp-content\/uploads\/2025\/04\/TG\u20136-Balance-Ball.webp\",\"datePublished\":\"2025-04-09T12:45:33+00:00\",\"description\":\"Mettez \u00e0 l'\u00e9preuve votre sangle abdominale et votre stabilit\u00e9 avec le ballon d'\u00e9quilibre TG-6. Un \u00e9quipement de musculation essentiel pour l'entra\u00eenement au poids du corps, la coordination et les s\u00e9ances ax\u00e9es sur la force.\",\"breadcrumb\":{\"@id\":\"https:\/\/gymfactory.eu\/fr\/produit\/ballon-dequilibre-tg6\/#breadcrumb\"},\"inLanguage\":\"fr-FR\",\"potentialAction\":[{\"@type\":\"ReadAction\",\"target\":[\"https:\/\/gymfactory.eu\/fr\/produit\/ballon-dequilibre-tg6\/\"]}]},{\"@type\":\"ImageObject\",\"inLanguage\":\"fr-FR\",\"@id\":\"https:\/\/gymfactory.eu\/fr\/produit\/ballon-dequilibre-tg6\/#primaryimage\",\"url\":\"https:\/\/gymfactory.eu\/wp-content\/uploads\/2025\/04\/TG\u20136-Balance-Ball.webp\",\"contentUrl\":\"https:\/\/gymfactory.eu\/wp-content\/uploads\/2025\/04\/TG\u20136-Balance-Ball.webp\",\"width\":1500,\"height\":1500,\"caption\":\"TG\u20136 Balance Ball in black, shown top and bottom, designed for core, stability, and strength-training exercises as part of functional gym equipment.\"},{\"@type\":\"BreadcrumbList\",\"@id\":\"https:\/\/gymfactory.eu\/fr\/produit\/ballon-dequilibre-tg6\/#breadcrumb\",\"itemListElement\":[{\"@type\":\"ListItem\",\"position\":1,\"name\":\"Home\",\"item\":\"https:\/\/gymfactory.eu\/fr\/page-principale\/\"},{\"@type\":\"ListItem\",\"position\":2,\"name\":\"Catalogue\",\"item\":\"https:\/\/gymfactory.eu\/fr\/catalogue-2\/\"},{\"@type\":\"ListItem\",\"position\":3,\"name\":\"Ballon d&#8217;\u00e9quilibre TG6\"}]},{\"@type\":\"WebSite\",\"@id\":\"https:\/\/gymfactory.eu\/fr\/#website\",\"url\":\"https:\/\/gymfactory.eu\/fr\/\",\"name\":\"Gym Factory\",\"description\":\"\",\"publisher\":{\"@id\":\"https:\/\/gymfactory.eu\/fr\/#organization\"},\"potentialAction\":[{\"@type\":\"SearchAction\",\"target\":{\"@type\":\"EntryPoint\",\"urlTemplate\":\"https:\/\/gymfactory.eu\/fr\/?s={search_term_string}\"},\"query-input\":{\"@type\":\"PropertyValueSpecification\",\"valueRequired\":true,\"valueName\":\"search_term_string\"}}],\"inLanguage\":\"fr-FR\"},{\"@type\":\"Organization\",\"@id\":\"https:\/\/gymfactory.eu\/fr\/#organization\",\"name\":\"Gym Factory\",\"url\":\"https:\/\/gymfactory.eu\/fr\/\",\"logo\":{\"@type\":\"ImageObject\",\"inLanguage\":\"fr-FR\",\"@id\":\"https:\/\/gymfactory.eu\/fr\/#\/schema\/logo\/image\/\",\"url\":\"https:\/\/gymfactory.eu\/wp-content\/uploads\/2024\/11\/Component-1.svg\",\"contentUrl\":\"https:\/\/gymfactory.eu\/wp-content\/uploads\/2024\/11\/Component-1.svg\",\"width\":54,\"height\":44,\"caption\":\"Gym Factory\"},\"image\":{\"@id\":\"https:\/\/gymfactory.eu\/fr\/#\/schema\/logo\/image\/\"}}]}<\/script>\n<!-- \/ Yoast SEO plugin. -->","yoast_head_json":{"title":"Ballon d'\u00e9quilibre TG-6 \u2013 \u00c9quipement de sport pour l'entra\u00eenement de l'\u00e9quilibre","description":"Mettez \u00e0 l'\u00e9preuve votre sangle abdominale et votre stabilit\u00e9 avec le ballon d'\u00e9quilibre TG-6. Un \u00e9quipement de musculation essentiel pour l'entra\u00eenement au poids du corps, la coordination et les s\u00e9ances ax\u00e9es sur la force.","robots":{"index":"index","follow":"follow","max-snippet":"max-snippet:-1","max-image-preview":"max-image-preview:large","max-video-preview":"max-video-preview:-1"},"canonical":"https:\/\/gymfactory.eu\/fr\/produit\/ballon-dequilibre-tg6\/","og_locale":"fr_FR","og_type":"article","og_title":"Ballon d'\u00e9quilibre TG-6 \u2013 \u00c9quipement de sport pour l'entra\u00eenement de l'\u00e9quilibre","og_description":"Mettez \u00e0 l'\u00e9preuve votre sangle abdominale et votre stabilit\u00e9 avec le ballon d'\u00e9quilibre TG-6. Un \u00e9quipement de musculation essentiel pour l'entra\u00eenement au poids du corps, la coordination et les s\u00e9ances ax\u00e9es sur la force.","og_url":"https:\/\/gymfactory.eu\/fr\/produit\/ballon-dequilibre-tg6\/","og_site_name":"Gym Factory","og_image":[{"width":1500,"height":1500,"url":"https:\/\/gymfactory.eu\/wp-content\/uploads\/2025\/04\/TG\u20136-Balance-Ball.webp","type":"image\/webp"}],"twitter_card":"summary_large_image","twitter_misc":{"Dur\u00e9e de lecture estim\u00e9e":"1 minute"},"schema":{"@context":"https:\/\/schema.org","@graph":[{"@type":"WebPage","@id":"https:\/\/gymfactory.eu\/fr\/produit\/ballon-dequilibre-tg6\/","url":"https:\/\/gymfactory.eu\/fr\/produit\/ballon-dequilibre-tg6\/","name":"Ballon d'\u00e9quilibre TG-6 \u2013 \u00c9quipement de sport pour l'entra\u00eenement de l'\u00e9quilibre","isPartOf":{"@id":"https:\/\/gymfactory.eu\/fr\/#website"},"primaryImageOfPage":{"@id":"https:\/\/gymfactory.eu\/fr\/produit\/ballon-dequilibre-tg6\/#primaryimage"},"image":{"@id":"https:\/\/gymfactory.eu\/fr\/produit\/ballon-dequilibre-tg6\/#primaryimage"},"thumbnailUrl":"https:\/\/gymfactory.eu\/wp-content\/uploads\/2025\/04\/TG\u20136-Balance-Ball.webp","datePublished":"2025-04-09T12:45:33+00:00","description":"Mettez \u00e0 l'\u00e9preuve votre sangle abdominale et votre stabilit\u00e9 avec le ballon d'\u00e9quilibre TG-6. Un \u00e9quipement de musculation essentiel pour l'entra\u00eenement au poids du corps, la coordination et les s\u00e9ances ax\u00e9es sur la force.","breadcrumb":{"@id":"https:\/\/gymfactory.eu\/fr\/produit\/ballon-dequilibre-tg6\/#breadcrumb"},"inLanguage":"fr-FR","potentialAction":[{"@type":"ReadAction","target":["https:\/\/gymfactory.eu\/fr\/produit\/ballon-dequilibre-tg6\/"]}]},{"@type":"ImageObject","inLanguage":"fr-FR","@id":"https:\/\/gymfactory.eu\/fr\/produit\/ballon-dequilibre-tg6\/#primaryimage","url":"https:\/\/gymfactory.eu\/wp-content\/uploads\/2025\/04\/TG\u20136-Balance-Ball.webp","contentUrl":"https:\/\/gymfactory.eu\/wp-content\/uploads\/2025\/04\/TG\u20136-Balance-Ball.webp","width":1500,"height":1500,"caption":"TG\u20136 Balance Ball in black, shown top and bottom, designed for core, stability, and strength-training exercises as part of functional gym equipment."},{"@type":"BreadcrumbList","@id":"https:\/\/gymfactory.eu\/fr\/produit\/ballon-dequilibre-tg6\/#breadcrumb","itemListElement":[{"@type":"ListItem","position":1,"name":"Home","item":"https:\/\/gymfactory.eu\/fr\/page-principale\/"},{"@type":"ListItem","position":2,"name":"Catalogue","item":"https:\/\/gymfactory.eu\/fr\/catalogue-2\/"},{"@type":"ListItem","position":3,"name":"Ballon d&#8217;\u00e9quilibre TG6"}]},{"@type":"WebSite","@id":"https:\/\/gymfactory.eu\/fr\/#website","url":"https:\/\/gymfactory.eu\/fr\/","name":"Gym Factory","description":"","publisher":{"@id":"https:\/\/gymfactory.eu\/fr\/#organization"},"potentialAction":[{"@type":"SearchAction","target":{"@type":"EntryPoint","urlTemplate":"https:\/\/gymfactory.eu\/fr\/?s={search_term_string}"},"query-input":{"@type":"PropertyValueSpecification","valueRequired":true,"valueName":"search_term_string"}}],"inLanguage":"fr-FR"},{"@type":"Organization","@id":"https:\/\/gymfactory.eu\/fr\/#organization","name":"Gym Factory","url":"https:\/\/gymfactory.eu\/fr\/","logo":{"@type":"ImageObject","inLanguage":"fr-FR","@id":"https:\/\/gymfactory.eu\/fr\/#\/schema\/logo\/image\/","url":"https:\/\/gymfactory.eu\/wp-content\/uploads\/2024\/11\/Component-1.svg","contentUrl":"https:\/\/gymfactory.eu\/wp-content\/uploads\/2024\/11\/Component-1.svg","width":54,"height":44,"caption":"Gym Factory"},"image":{"@id":"https:\/\/gymfactory.eu\/fr\/#\/schema\/logo\/image\/"}}]}},"_links":{"self":[{"href":"https:\/\/gymfactory.eu\/fr\/wp-json\/wp\/v2\/product\/29968","targetHints":{"allow":["GET"]}}],"collection":[{"href":"https:\/\/gymfactory.eu\/fr\/wp-json\/wp\/v2\/product"}],"about":[{"href":"https:\/\/gymfactory.eu\/fr\/wp-json\/wp\/v2\/types\/product"}],"wp:featuredmedia":[{"embeddable":true,"href":"https:\/\/gymfactory.eu\/fr\/wp-json\/wp\/v2\/media\/29969"}],"wp:attachment":[{"href":"https:\/\/gymfactory.eu\/fr\/wp-json\/wp\/v2\/media?parent=29968"}],"wp:term":[{"taxonomy":"product_brand","embeddable":true,"href":"https:\/\/gymfactory.eu\/fr\/wp-json\/wp\/v2\/product_brand?post=29968"},{"taxonomy":"product_cat","embeddable":true,"href":"https:\/\/gymfactory.eu\/fr\/wp-json\/wp\/v2\/product_cat?post=29968"},{"taxonomy":"product_tag","embeddable":true,"href":"https:\/\/gymfactory.eu\/fr\/wp-json\/wp\/v2\/product_tag?post=29968"}],"curies":[{"name":"wp","href":"https:\/\/api.w.org\/{rel}","templated":true}]}}