{"id":29960,"date":"2025-04-09T12:00:22","date_gmt":"2025-04-09T09:00:22","guid":{"rendered":"https:\/\/gymfactory.eu\/product\/sac-leste-tg5\/"},"modified":"2025-04-09T12:00:22","modified_gmt":"2025-04-09T09:00:22","slug":"sac-leste-tg5","status":"publish","type":"product","link":"https:\/\/gymfactory.eu\/fr\/produit\/sac-leste-tg5\/","title":{"rendered":"Sac lest\u00e9 TG5"},"content":{"rendered":"<p>Le sac lest\u00e9 TG-5 est un outil robuste et polyvalent pour les exercices dynamiques de renforcement musculaire, l&rsquo;entra\u00eenement au poids du corps et le conditionnement physique. Disponible dans des poids allant de 5 kg \u00e0 20 kg, il est con\u00e7u pour r\u00e9sister aux impacts (slams), aux lancers et \u00e0 une utilisation \u00e0 haute intensit\u00e9 dans divers environnements d&rsquo;entra\u00eenement. <\/p>\n<p>Ce sac lest\u00e9 favorise le d\u00e9veloppement de la force de pr\u00e9hension, de l&rsquo;endurance de la sangle abdominale (core) et de la coordination des mouvements. Il peut \u00eatre utilis\u00e9 comme alternative aux medicine balls, aux halt\u00e8res ou aux barres de musculation, et convient parfaitement \u00e0 l&rsquo;entra\u00eenement fonctionnel, au travail d&rsquo;\u00e9quilibre et aux exercices de puissance explosive. Couramment utilis\u00e9 dans des sports comme le rugby, le football et le MMA, il est \u00e9galement efficace pour des applications de pr\u00e9paration physique sp\u00e9cifique.  <\/p>\n<p>Qu&rsquo;il soit utilis\u00e9 en int\u00e9rieur ou en ext\u00e9rieur, le TG-5 est un \u00e9quipement de musculation fiable pour ajouter de la vari\u00e9t\u00e9 et de la difficult\u00e9 aux entra\u00eenements complets du corps (full-body).<\/p>\n\n    <div class=\"xs_social_share_widget xs_share_url after_content \t\tmain_content  wslu-style-1 wslu-share-box-shaped wslu-fill-colored wslu-none wslu-share-horizontal wslu-theme-font-no wslu-main_content\">\n\n\t\t\n        <ul>\n\t\t\t        <\/ul>\n    <\/div> \n","protected":false},"excerpt":{"rendered":"<p>Le sac lest\u00e9 TG-5 est un outil robuste et polyvalent pour les exercices dynamiques de renforcement musculaire, l&rsquo;entra\u00eenement au poids du corps et le conditionnement physique. Disponible dans des poids allant de 5 kg \u00e0 20 kg, il est con\u00e7u pour r\u00e9sister aux impacts (slams), aux lancers et \u00e0 une utilisation \u00e0 haute intensit\u00e9 dans [&hellip;]<\/p>\n","protected":false},"featured_media":29961,"template":"","meta":{"_acf_changed":false},"product_brand":[56],"product_cat":[826],"product_tag":[977],"class_list":{"0":"post-29960","1":"product","2":"type-product","3":"status-publish","4":"has-post-thumbnail","6":"product_brand-gym-factory","7":"product_cat-accessoires-de-musculation","8":"product_tag-couleur-sans-couleurs","10":"first","11":"instock","12":"taxable","13":"shipping-taxable","14":"purchasable","15":"product-type-variable","16":"has-default-attributes"},"acf":[],"yoast_head":"<!-- This site is optimized with the Yoast SEO plugin v25.2 - https:\/\/yoast.com\/wordpress\/plugins\/seo\/ -->\n<title>Sac lest\u00e9 TG-5 \u2013 \u00c9quipement de sport polyvalent pour la force<\/title>\n<meta name=\"description\" content=\"D\u00e9veloppez votre force, votre coordination et votre endurance avec le sac lest\u00e9 TG-5. L&#039;\u00e9quipement de musculation de choix pour l&#039;entra\u00eenement au poids du corps et les exercices de renforcement musculaire.\" \/>\n<meta name=\"robots\" content=\"index, follow, max-snippet:-1, max-image-preview:large, max-video-preview:-1\" \/>\n<link rel=\"canonical\" href=\"https:\/\/gymfactory.eu\/fr\/produit\/sac-leste-tg5\/\" \/>\n<meta property=\"og:locale\" content=\"fr_FR\" \/>\n<meta property=\"og:type\" content=\"article\" \/>\n<meta property=\"og:title\" content=\"Sac lest\u00e9 TG-5 \u2013 \u00c9quipement de sport polyvalent pour la force\" \/>\n<meta property=\"og:description\" content=\"D\u00e9veloppez votre force, votre coordination et votre endurance avec le sac lest\u00e9 TG-5. L&#039;\u00e9quipement de musculation de choix pour l&#039;entra\u00eenement au poids du corps et les exercices de renforcement musculaire.\" \/>\n<meta property=\"og:url\" content=\"https:\/\/gymfactory.eu\/fr\/produit\/sac-leste-tg5\/\" \/>\n<meta property=\"og:site_name\" content=\"Gym Factory\" \/>\n<meta property=\"og:image\" content=\"https:\/\/gymfactory.eu\/wp-content\/uploads\/2025\/04\/TG\u20135-Weighted-Bag-1.webp\" \/>\n\t<meta property=\"og:image:width\" content=\"1500\" \/>\n\t<meta property=\"og:image:height\" content=\"1500\" \/>\n\t<meta property=\"og:image:type\" content=\"image\/webp\" \/>\n<meta name=\"twitter:card\" content=\"summary_large_image\" \/>\n<meta name=\"twitter:label1\" content=\"Dur\u00e9e de lecture estim\u00e9e\" \/>\n\t<meta name=\"twitter:data1\" content=\"1 minute\" \/>\n<script type=\"application\/ld+json\" class=\"yoast-schema-graph\">{\"@context\":\"https:\/\/schema.org\",\"@graph\":[{\"@type\":\"WebPage\",\"@id\":\"https:\/\/gymfactory.eu\/fr\/produit\/sac-leste-tg5\/\",\"url\":\"https:\/\/gymfactory.eu\/fr\/produit\/sac-leste-tg5\/\",\"name\":\"Sac lest\u00e9 TG-5 \u2013 \u00c9quipement de sport polyvalent pour la force\",\"isPartOf\":{\"@id\":\"https:\/\/gymfactory.eu\/fr\/#website\"},\"primaryImageOfPage\":{\"@id\":\"https:\/\/gymfactory.eu\/fr\/produit\/sac-leste-tg5\/#primaryimage\"},\"image\":{\"@id\":\"https:\/\/gymfactory.eu\/fr\/produit\/sac-leste-tg5\/#primaryimage\"},\"thumbnailUrl\":\"https:\/\/gymfactory.eu\/wp-content\/uploads\/2025\/04\/TG\u20135-Weighted-Bag-1.webp\",\"datePublished\":\"2025-04-09T09:00:22+00:00\",\"description\":\"D\u00e9veloppez votre force, votre coordination et votre endurance avec le sac lest\u00e9 TG-5. L'\u00e9quipement de musculation de choix pour l'entra\u00eenement au poids du corps et les exercices de renforcement musculaire.\",\"breadcrumb\":{\"@id\":\"https:\/\/gymfactory.eu\/fr\/produit\/sac-leste-tg5\/#breadcrumb\"},\"inLanguage\":\"fr-FR\",\"potentialAction\":[{\"@type\":\"ReadAction\",\"target\":[\"https:\/\/gymfactory.eu\/fr\/produit\/sac-leste-tg5\/\"]}]},{\"@type\":\"ImageObject\",\"inLanguage\":\"fr-FR\",\"@id\":\"https:\/\/gymfactory.eu\/fr\/produit\/sac-leste-tg5\/#primaryimage\",\"url\":\"https:\/\/gymfactory.eu\/wp-content\/uploads\/2025\/04\/TG\u20135-Weighted-Bag-1.webp\",\"contentUrl\":\"https:\/\/gymfactory.eu\/wp-content\/uploads\/2025\/04\/TG\u20135-Weighted-Bag-1.webp\",\"width\":1500,\"height\":1500,\"caption\":\"Set of TG\u20135 Weighted Bags in multiple weights (5\u201320 kg), designed for strength-training exercises, bodyweight training, and functional fitness workouts.\"},{\"@type\":\"BreadcrumbList\",\"@id\":\"https:\/\/gymfactory.eu\/fr\/produit\/sac-leste-tg5\/#breadcrumb\",\"itemListElement\":[{\"@type\":\"ListItem\",\"position\":1,\"name\":\"Home\",\"item\":\"https:\/\/gymfactory.eu\/fr\/page-principale\/\"},{\"@type\":\"ListItem\",\"position\":2,\"name\":\"Catalogue\",\"item\":\"https:\/\/gymfactory.eu\/fr\/catalogue-2\/\"},{\"@type\":\"ListItem\",\"position\":3,\"name\":\"Sac lest\u00e9 TG5\"}]},{\"@type\":\"WebSite\",\"@id\":\"https:\/\/gymfactory.eu\/fr\/#website\",\"url\":\"https:\/\/gymfactory.eu\/fr\/\",\"name\":\"Gym Factory\",\"description\":\"\",\"publisher\":{\"@id\":\"https:\/\/gymfactory.eu\/fr\/#organization\"},\"potentialAction\":[{\"@type\":\"SearchAction\",\"target\":{\"@type\":\"EntryPoint\",\"urlTemplate\":\"https:\/\/gymfactory.eu\/fr\/?s={search_term_string}\"},\"query-input\":{\"@type\":\"PropertyValueSpecification\",\"valueRequired\":true,\"valueName\":\"search_term_string\"}}],\"inLanguage\":\"fr-FR\"},{\"@type\":\"Organization\",\"@id\":\"https:\/\/gymfactory.eu\/fr\/#organization\",\"name\":\"Gym Factory\",\"url\":\"https:\/\/gymfactory.eu\/fr\/\",\"logo\":{\"@type\":\"ImageObject\",\"inLanguage\":\"fr-FR\",\"@id\":\"https:\/\/gymfactory.eu\/fr\/#\/schema\/logo\/image\/\",\"url\":\"https:\/\/gymfactory.eu\/wp-content\/uploads\/2024\/11\/Component-1.svg\",\"contentUrl\":\"https:\/\/gymfactory.eu\/wp-content\/uploads\/2024\/11\/Component-1.svg\",\"width\":54,\"height\":44,\"caption\":\"Gym Factory\"},\"image\":{\"@id\":\"https:\/\/gymfactory.eu\/fr\/#\/schema\/logo\/image\/\"}}]}<\/script>\n<!-- \/ Yoast SEO plugin. -->","yoast_head_json":{"title":"Sac lest\u00e9 TG-5 \u2013 \u00c9quipement de sport polyvalent pour la force","description":"D\u00e9veloppez votre force, votre coordination et votre endurance avec le sac lest\u00e9 TG-5. L'\u00e9quipement de musculation de choix pour l'entra\u00eenement au poids du corps et les exercices de renforcement musculaire.","robots":{"index":"index","follow":"follow","max-snippet":"max-snippet:-1","max-image-preview":"max-image-preview:large","max-video-preview":"max-video-preview:-1"},"canonical":"https:\/\/gymfactory.eu\/fr\/produit\/sac-leste-tg5\/","og_locale":"fr_FR","og_type":"article","og_title":"Sac lest\u00e9 TG-5 \u2013 \u00c9quipement de sport polyvalent pour la force","og_description":"D\u00e9veloppez votre force, votre coordination et votre endurance avec le sac lest\u00e9 TG-5. L'\u00e9quipement de musculation de choix pour l'entra\u00eenement au poids du corps et les exercices de renforcement musculaire.","og_url":"https:\/\/gymfactory.eu\/fr\/produit\/sac-leste-tg5\/","og_site_name":"Gym Factory","og_image":[{"width":1500,"height":1500,"url":"https:\/\/gymfactory.eu\/wp-content\/uploads\/2025\/04\/TG\u20135-Weighted-Bag-1.webp","type":"image\/webp"}],"twitter_card":"summary_large_image","twitter_misc":{"Dur\u00e9e de lecture estim\u00e9e":"1 minute"},"schema":{"@context":"https:\/\/schema.org","@graph":[{"@type":"WebPage","@id":"https:\/\/gymfactory.eu\/fr\/produit\/sac-leste-tg5\/","url":"https:\/\/gymfactory.eu\/fr\/produit\/sac-leste-tg5\/","name":"Sac lest\u00e9 TG-5 \u2013 \u00c9quipement de sport polyvalent pour la force","isPartOf":{"@id":"https:\/\/gymfactory.eu\/fr\/#website"},"primaryImageOfPage":{"@id":"https:\/\/gymfactory.eu\/fr\/produit\/sac-leste-tg5\/#primaryimage"},"image":{"@id":"https:\/\/gymfactory.eu\/fr\/produit\/sac-leste-tg5\/#primaryimage"},"thumbnailUrl":"https:\/\/gymfactory.eu\/wp-content\/uploads\/2025\/04\/TG\u20135-Weighted-Bag-1.webp","datePublished":"2025-04-09T09:00:22+00:00","description":"D\u00e9veloppez votre force, votre coordination et votre endurance avec le sac lest\u00e9 TG-5. L'\u00e9quipement de musculation de choix pour l'entra\u00eenement au poids du corps et les exercices de renforcement musculaire.","breadcrumb":{"@id":"https:\/\/gymfactory.eu\/fr\/produit\/sac-leste-tg5\/#breadcrumb"},"inLanguage":"fr-FR","potentialAction":[{"@type":"ReadAction","target":["https:\/\/gymfactory.eu\/fr\/produit\/sac-leste-tg5\/"]}]},{"@type":"ImageObject","inLanguage":"fr-FR","@id":"https:\/\/gymfactory.eu\/fr\/produit\/sac-leste-tg5\/#primaryimage","url":"https:\/\/gymfactory.eu\/wp-content\/uploads\/2025\/04\/TG\u20135-Weighted-Bag-1.webp","contentUrl":"https:\/\/gymfactory.eu\/wp-content\/uploads\/2025\/04\/TG\u20135-Weighted-Bag-1.webp","width":1500,"height":1500,"caption":"Set of TG\u20135 Weighted Bags in multiple weights (5\u201320 kg), designed for strength-training exercises, bodyweight training, and functional fitness workouts."},{"@type":"BreadcrumbList","@id":"https:\/\/gymfactory.eu\/fr\/produit\/sac-leste-tg5\/#breadcrumb","itemListElement":[{"@type":"ListItem","position":1,"name":"Home","item":"https:\/\/gymfactory.eu\/fr\/page-principale\/"},{"@type":"ListItem","position":2,"name":"Catalogue","item":"https:\/\/gymfactory.eu\/fr\/catalogue-2\/"},{"@type":"ListItem","position":3,"name":"Sac lest\u00e9 TG5"}]},{"@type":"WebSite","@id":"https:\/\/gymfactory.eu\/fr\/#website","url":"https:\/\/gymfactory.eu\/fr\/","name":"Gym Factory","description":"","publisher":{"@id":"https:\/\/gymfactory.eu\/fr\/#organization"},"potentialAction":[{"@type":"SearchAction","target":{"@type":"EntryPoint","urlTemplate":"https:\/\/gymfactory.eu\/fr\/?s={search_term_string}"},"query-input":{"@type":"PropertyValueSpecification","valueRequired":true,"valueName":"search_term_string"}}],"inLanguage":"fr-FR"},{"@type":"Organization","@id":"https:\/\/gymfactory.eu\/fr\/#organization","name":"Gym Factory","url":"https:\/\/gymfactory.eu\/fr\/","logo":{"@type":"ImageObject","inLanguage":"fr-FR","@id":"https:\/\/gymfactory.eu\/fr\/#\/schema\/logo\/image\/","url":"https:\/\/gymfactory.eu\/wp-content\/uploads\/2024\/11\/Component-1.svg","contentUrl":"https:\/\/gymfactory.eu\/wp-content\/uploads\/2024\/11\/Component-1.svg","width":54,"height":44,"caption":"Gym Factory"},"image":{"@id":"https:\/\/gymfactory.eu\/fr\/#\/schema\/logo\/image\/"}}]}},"_links":{"self":[{"href":"https:\/\/gymfactory.eu\/fr\/wp-json\/wp\/v2\/product\/29960","targetHints":{"allow":["GET"]}}],"collection":[{"href":"https:\/\/gymfactory.eu\/fr\/wp-json\/wp\/v2\/product"}],"about":[{"href":"https:\/\/gymfactory.eu\/fr\/wp-json\/wp\/v2\/types\/product"}],"wp:featuredmedia":[{"embeddable":true,"href":"https:\/\/gymfactory.eu\/fr\/wp-json\/wp\/v2\/media\/29961"}],"wp:attachment":[{"href":"https:\/\/gymfactory.eu\/fr\/wp-json\/wp\/v2\/media?parent=29960"}],"wp:term":[{"taxonomy":"product_brand","embeddable":true,"href":"https:\/\/gymfactory.eu\/fr\/wp-json\/wp\/v2\/product_brand?post=29960"},{"taxonomy":"product_cat","embeddable":true,"href":"https:\/\/gymfactory.eu\/fr\/wp-json\/wp\/v2\/product_cat?post=29960"},{"taxonomy":"product_tag","embeddable":true,"href":"https:\/\/gymfactory.eu\/fr\/wp-json\/wp\/v2\/product_tag?post=29960"}],"curies":[{"name":"wp","href":"https:\/\/api.w.org\/{rel}","templated":true}]}}