{"id":29958,"date":"2025-04-09T11:04:54","date_gmt":"2025-04-09T08:04:54","guid":{"rendered":"https:\/\/gymfactory.eu\/product\/ballon-de-gym-tg%e2%80%913\/"},"modified":"2025-04-09T11:04:54","modified_gmt":"2025-04-09T08:04:54","slug":"ballon-de-gym-tg%e2%80%913","status":"publish","type":"product","link":"https:\/\/gymfactory.eu\/fr\/produit\/ballon-de-gym-tg%e2%80%913\/","title":{"rendered":"Ballon de Gym TG\u20113"},"content":{"rendered":"<p>Le ballon de gym TG\u20113 est con\u00e7u pour am\u00e9liorer la force du tronc, l\u2019\u00e9quilibre et le contr\u00f4le corporel lors des exercices au poids du corps et de renforcement musculaire. Fabriqu\u00e9 en mat\u00e9riau anti-explosion durable, il offre un support stable pour des mouvements tels que planches, ponts, squats contre le mur et \u00e9tirements. <\/p>\n<p>Ce ballon de gym aide \u00e0 activer les muscles profonds, \u00e0 am\u00e9liorer la stabilit\u00e9 et \u00e0 soutenir les mouvements contr\u00f4l\u00e9s sur toute l\u2019amplitude. Adapt\u00e9 \u00e0 un usage domestique ou en salle, le TG\u20113 Gym Ball est l\u00e9ger, facile \u00e0 gonfler et s\u2019int\u00e8gre parfaitement dans diff\u00e9rents dispositifs d\u2019entra\u00eenement.<\/p>\n\n    <div class=\"xs_social_share_widget xs_share_url after_content \t\tmain_content  wslu-style-1 wslu-share-box-shaped wslu-fill-colored wslu-none wslu-share-horizontal wslu-theme-font-no wslu-main_content\">\n\n\t\t\n        <ul>\n\t\t\t        <\/ul>\n    <\/div> \n","protected":false},"excerpt":{"rendered":"<p>Le ballon de gym TG\u20113 est con\u00e7u pour am\u00e9liorer la force du tronc, l\u2019\u00e9quilibre et le contr\u00f4le corporel lors des exercices au poids du corps et de renforcement musculaire. Fabriqu\u00e9 en mat\u00e9riau anti-explosion durable, il offre un support stable pour des mouvements tels que planches, ponts, squats contre le mur et \u00e9tirements. Ce ballon de [&hellip;]<\/p>\n","protected":false},"featured_media":29959,"template":"","meta":{"_acf_changed":false},"product_brand":[56],"product_cat":[826],"product_tag":[977],"class_list":{"0":"post-29958","1":"product","2":"type-product","3":"status-publish","4":"has-post-thumbnail","6":"product_brand-gym-factory","7":"product_cat-accessoires-de-musculation","8":"product_tag-couleur-sans-couleurs","10":"first","11":"instock","12":"taxable","13":"shipping-taxable","14":"purchasable","15":"product-type-simple"},"acf":[],"yoast_head":"<!-- This site is optimized with the Yoast SEO plugin v25.2 - https:\/\/yoast.com\/wordpress\/plugins\/seo\/ -->\n<title>TG-3 Gym Ball \u2013 Gym Equipment for Strength and Balance<\/title>\n<meta name=\"description\" content=\"Ballon de Gym TG\u20113 \u2013 Renforcement du Tronc, \u00c9quilibre et Entra\u00eenement au Poids du Corps\" \/>\n<meta name=\"robots\" content=\"index, follow, max-snippet:-1, max-image-preview:large, max-video-preview:-1\" \/>\n<link rel=\"canonical\" href=\"https:\/\/gymfactory.eu\/fr\/produit\/ballon-de-gym-tg%e2%80%913\/\" \/>\n<meta property=\"og:locale\" content=\"fr_FR\" \/>\n<meta property=\"og:type\" content=\"article\" \/>\n<meta property=\"og:title\" content=\"TG-3 Gym Ball \u2013 Gym Equipment for Strength and Balance\" \/>\n<meta property=\"og:description\" content=\"Ballon de Gym TG\u20113 \u2013 Renforcement du Tronc, \u00c9quilibre et Entra\u00eenement au Poids du Corps\" \/>\n<meta property=\"og:url\" content=\"https:\/\/gymfactory.eu\/fr\/produit\/ballon-de-gym-tg%e2%80%913\/\" \/>\n<meta property=\"og:site_name\" content=\"Gym Factory\" \/>\n<meta property=\"og:image\" content=\"https:\/\/gymfactory.eu\/wp-content\/uploads\/2025\/04\/TG\u20133-Gym-Ball.webp\" \/>\n\t<meta property=\"og:image:width\" content=\"1183\" \/>\n\t<meta property=\"og:image:height\" content=\"1182\" \/>\n\t<meta property=\"og:image:type\" content=\"image\/webp\" \/>\n<meta name=\"twitter:card\" content=\"summary_large_image\" \/>\n<meta name=\"twitter:label1\" content=\"Dur\u00e9e de lecture estim\u00e9e\" \/>\n\t<meta name=\"twitter:data1\" content=\"1 minute\" \/>\n<script type=\"application\/ld+json\" class=\"yoast-schema-graph\">{\"@context\":\"https:\/\/schema.org\",\"@graph\":[{\"@type\":\"WebPage\",\"@id\":\"https:\/\/gymfactory.eu\/fr\/produit\/ballon-de-gym-tg%e2%80%913\/\",\"url\":\"https:\/\/gymfactory.eu\/fr\/produit\/ballon-de-gym-tg%e2%80%913\/\",\"name\":\"TG-3 Gym Ball \u2013 Gym Equipment for Strength and Balance\",\"isPartOf\":{\"@id\":\"https:\/\/gymfactory.eu\/fr\/#website\"},\"primaryImageOfPage\":{\"@id\":\"https:\/\/gymfactory.eu\/fr\/produit\/ballon-de-gym-tg%e2%80%913\/#primaryimage\"},\"image\":{\"@id\":\"https:\/\/gymfactory.eu\/fr\/produit\/ballon-de-gym-tg%e2%80%913\/#primaryimage\"},\"thumbnailUrl\":\"https:\/\/gymfactory.eu\/wp-content\/uploads\/2025\/04\/TG\u20133-Gym-Ball.webp\",\"datePublished\":\"2025-04-09T08:04:54+00:00\",\"description\":\"Ballon de Gym TG\u20113 \u2013 Renforcement du Tronc, \u00c9quilibre et Entra\u00eenement au Poids du Corps\",\"breadcrumb\":{\"@id\":\"https:\/\/gymfactory.eu\/fr\/produit\/ballon-de-gym-tg%e2%80%913\/#breadcrumb\"},\"inLanguage\":\"fr-FR\",\"potentialAction\":[{\"@type\":\"ReadAction\",\"target\":[\"https:\/\/gymfactory.eu\/fr\/produit\/ballon-de-gym-tg%e2%80%913\/\"]}]},{\"@type\":\"ImageObject\",\"inLanguage\":\"fr-FR\",\"@id\":\"https:\/\/gymfactory.eu\/fr\/produit\/ballon-de-gym-tg%e2%80%913\/#primaryimage\",\"url\":\"https:\/\/gymfactory.eu\/wp-content\/uploads\/2025\/04\/TG\u20133-Gym-Ball.webp\",\"contentUrl\":\"https:\/\/gymfactory.eu\/wp-content\/uploads\/2025\/04\/TG\u20133-Gym-Ball.webp\",\"width\":1183,\"height\":1182,\"caption\":\"Black TG-3 Gym Ball made from durable anti-burst material, used for core training, balance, and bodyweight training in home or gym settings.\"},{\"@type\":\"BreadcrumbList\",\"@id\":\"https:\/\/gymfactory.eu\/fr\/produit\/ballon-de-gym-tg%e2%80%913\/#breadcrumb\",\"itemListElement\":[{\"@type\":\"ListItem\",\"position\":1,\"name\":\"Home\",\"item\":\"https:\/\/gymfactory.eu\/fr\/\"},{\"@type\":\"ListItem\",\"position\":2,\"name\":\"Catalogue\",\"item\":\"https:\/\/gymfactory.eu\/catalogue\/\"},{\"@type\":\"ListItem\",\"position\":3,\"name\":\"Ballon de Gym TG\u20113\"}]},{\"@type\":\"WebSite\",\"@id\":\"https:\/\/gymfactory.eu\/fr\/#website\",\"url\":\"https:\/\/gymfactory.eu\/fr\/\",\"name\":\"Gym Factory\",\"description\":\"\",\"publisher\":{\"@id\":\"https:\/\/gymfactory.eu\/fr\/#organization\"},\"potentialAction\":[{\"@type\":\"SearchAction\",\"target\":{\"@type\":\"EntryPoint\",\"urlTemplate\":\"https:\/\/gymfactory.eu\/fr\/?s={search_term_string}\"},\"query-input\":{\"@type\":\"PropertyValueSpecification\",\"valueRequired\":true,\"valueName\":\"search_term_string\"}}],\"inLanguage\":\"fr-FR\"},{\"@type\":\"Organization\",\"@id\":\"https:\/\/gymfactory.eu\/fr\/#organization\",\"name\":\"Gym Factory\",\"url\":\"https:\/\/gymfactory.eu\/fr\/\",\"logo\":{\"@type\":\"ImageObject\",\"inLanguage\":\"fr-FR\",\"@id\":\"https:\/\/gymfactory.eu\/fr\/#\/schema\/logo\/image\/\",\"url\":\"https:\/\/gymfactory.eu\/wp-content\/uploads\/2024\/11\/Component-1.svg\",\"contentUrl\":\"https:\/\/gymfactory.eu\/wp-content\/uploads\/2024\/11\/Component-1.svg\",\"width\":54,\"height\":44,\"caption\":\"Gym Factory\"},\"image\":{\"@id\":\"https:\/\/gymfactory.eu\/fr\/#\/schema\/logo\/image\/\"}}]}<\/script>\n<!-- \/ Yoast SEO plugin. -->","yoast_head_json":{"title":"TG-3 Gym Ball \u2013 Gym Equipment for Strength and Balance","description":"Ballon de Gym TG\u20113 \u2013 Renforcement du Tronc, \u00c9quilibre et Entra\u00eenement au Poids du Corps","robots":{"index":"index","follow":"follow","max-snippet":"max-snippet:-1","max-image-preview":"max-image-preview:large","max-video-preview":"max-video-preview:-1"},"canonical":"https:\/\/gymfactory.eu\/fr\/produit\/ballon-de-gym-tg%e2%80%913\/","og_locale":"fr_FR","og_type":"article","og_title":"TG-3 Gym Ball \u2013 Gym Equipment for Strength and Balance","og_description":"Ballon de Gym TG\u20113 \u2013 Renforcement du Tronc, \u00c9quilibre et Entra\u00eenement au Poids du Corps","og_url":"https:\/\/gymfactory.eu\/fr\/produit\/ballon-de-gym-tg%e2%80%913\/","og_site_name":"Gym Factory","og_image":[{"width":1183,"height":1182,"url":"https:\/\/gymfactory.eu\/wp-content\/uploads\/2025\/04\/TG\u20133-Gym-Ball.webp","type":"image\/webp"}],"twitter_card":"summary_large_image","twitter_misc":{"Dur\u00e9e de lecture estim\u00e9e":"1 minute"},"schema":{"@context":"https:\/\/schema.org","@graph":[{"@type":"WebPage","@id":"https:\/\/gymfactory.eu\/fr\/produit\/ballon-de-gym-tg%e2%80%913\/","url":"https:\/\/gymfactory.eu\/fr\/produit\/ballon-de-gym-tg%e2%80%913\/","name":"TG-3 Gym Ball \u2013 Gym Equipment for Strength and Balance","isPartOf":{"@id":"https:\/\/gymfactory.eu\/fr\/#website"},"primaryImageOfPage":{"@id":"https:\/\/gymfactory.eu\/fr\/produit\/ballon-de-gym-tg%e2%80%913\/#primaryimage"},"image":{"@id":"https:\/\/gymfactory.eu\/fr\/produit\/ballon-de-gym-tg%e2%80%913\/#primaryimage"},"thumbnailUrl":"https:\/\/gymfactory.eu\/wp-content\/uploads\/2025\/04\/TG\u20133-Gym-Ball.webp","datePublished":"2025-04-09T08:04:54+00:00","description":"Ballon de Gym TG\u20113 \u2013 Renforcement du Tronc, \u00c9quilibre et Entra\u00eenement au Poids du Corps","breadcrumb":{"@id":"https:\/\/gymfactory.eu\/fr\/produit\/ballon-de-gym-tg%e2%80%913\/#breadcrumb"},"inLanguage":"fr-FR","potentialAction":[{"@type":"ReadAction","target":["https:\/\/gymfactory.eu\/fr\/produit\/ballon-de-gym-tg%e2%80%913\/"]}]},{"@type":"ImageObject","inLanguage":"fr-FR","@id":"https:\/\/gymfactory.eu\/fr\/produit\/ballon-de-gym-tg%e2%80%913\/#primaryimage","url":"https:\/\/gymfactory.eu\/wp-content\/uploads\/2025\/04\/TG\u20133-Gym-Ball.webp","contentUrl":"https:\/\/gymfactory.eu\/wp-content\/uploads\/2025\/04\/TG\u20133-Gym-Ball.webp","width":1183,"height":1182,"caption":"Black TG-3 Gym Ball made from durable anti-burst material, used for core training, balance, and bodyweight training in home or gym settings."},{"@type":"BreadcrumbList","@id":"https:\/\/gymfactory.eu\/fr\/produit\/ballon-de-gym-tg%e2%80%913\/#breadcrumb","itemListElement":[{"@type":"ListItem","position":1,"name":"Home","item":"https:\/\/gymfactory.eu\/fr\/"},{"@type":"ListItem","position":2,"name":"Catalogue","item":"https:\/\/gymfactory.eu\/catalogue\/"},{"@type":"ListItem","position":3,"name":"Ballon de Gym TG\u20113"}]},{"@type":"WebSite","@id":"https:\/\/gymfactory.eu\/fr\/#website","url":"https:\/\/gymfactory.eu\/fr\/","name":"Gym Factory","description":"","publisher":{"@id":"https:\/\/gymfactory.eu\/fr\/#organization"},"potentialAction":[{"@type":"SearchAction","target":{"@type":"EntryPoint","urlTemplate":"https:\/\/gymfactory.eu\/fr\/?s={search_term_string}"},"query-input":{"@type":"PropertyValueSpecification","valueRequired":true,"valueName":"search_term_string"}}],"inLanguage":"fr-FR"},{"@type":"Organization","@id":"https:\/\/gymfactory.eu\/fr\/#organization","name":"Gym Factory","url":"https:\/\/gymfactory.eu\/fr\/","logo":{"@type":"ImageObject","inLanguage":"fr-FR","@id":"https:\/\/gymfactory.eu\/fr\/#\/schema\/logo\/image\/","url":"https:\/\/gymfactory.eu\/wp-content\/uploads\/2024\/11\/Component-1.svg","contentUrl":"https:\/\/gymfactory.eu\/wp-content\/uploads\/2024\/11\/Component-1.svg","width":54,"height":44,"caption":"Gym Factory"},"image":{"@id":"https:\/\/gymfactory.eu\/fr\/#\/schema\/logo\/image\/"}}]}},"_links":{"self":[{"href":"https:\/\/gymfactory.eu\/fr\/wp-json\/wp\/v2\/product\/29958","targetHints":{"allow":["GET"]}}],"collection":[{"href":"https:\/\/gymfactory.eu\/fr\/wp-json\/wp\/v2\/product"}],"about":[{"href":"https:\/\/gymfactory.eu\/fr\/wp-json\/wp\/v2\/types\/product"}],"wp:featuredmedia":[{"embeddable":true,"href":"https:\/\/gymfactory.eu\/fr\/wp-json\/wp\/v2\/media\/29959"}],"wp:attachment":[{"href":"https:\/\/gymfactory.eu\/fr\/wp-json\/wp\/v2\/media?parent=29958"}],"wp:term":[{"taxonomy":"product_brand","embeddable":true,"href":"https:\/\/gymfactory.eu\/fr\/wp-json\/wp\/v2\/product_brand?post=29958"},{"taxonomy":"product_cat","embeddable":true,"href":"https:\/\/gymfactory.eu\/fr\/wp-json\/wp\/v2\/product_cat?post=29958"},{"taxonomy":"product_tag","embeddable":true,"href":"https:\/\/gymfactory.eu\/fr\/wp-json\/wp\/v2\/product_tag?post=29958"}],"curies":[{"name":"wp","href":"https:\/\/api.w.org\/{rel}","templated":true}]}}