{"id":29953,"date":"2025-04-09T10:06:20","date_gmt":"2025-04-09T07:06:20","guid":{"rendered":"https:\/\/gymfactory.eu\/product\/ceinture-de-squat-a-sangle-tg%e2%80%912xx\/"},"modified":"2025-04-09T10:06:20","modified_gmt":"2025-04-09T07:06:20","slug":"ceinture-de-squat-a-sangle-tg%e2%80%912xx","status":"publish","type":"product","link":"https:\/\/gymfactory.eu\/fr\/produit\/ceinture-de-squat-a-sangle-tg%e2%80%912xx\/","title":{"rendered":"Ceinture de Squat \u00e0 Sangle TG\u20112XX"},"content":{"rendered":"<p>La ceinture de squat \u00e0 sangle TG\u20112XX est un \u00e9quipement de gym con\u00e7u pour soutenir les exercices de renforcement du bas du corps sans charger le dos. Cette ceinture convient aux squats avec sangle, tra\u00een\u00e9es de tra\u00eeneau, marches lest\u00e9es et entra\u00eenements au poids du corps avec r\u00e9sistance additionnelle. <\/p>\n<p>Elle dispose de coutures renforc\u00e9es, d\u2019un large rembourrage et d\u2019anneaux robustes pour l\u2019attachement de poids ou de c\u00e2bles. La TG\u20112XX cible les quadriceps, ischio-jambiers et fessiers tout en r\u00e9duisant la pression sur la colonne vert\u00e9brale, en faisant un outil pratique pour un d\u00e9veloppement s\u00e9curis\u00e9 et cibl\u00e9 du bas du corps, que ce soit \u00e0 domicile ou en salle de sport professionnelle.<\/p>\n\n    <div class=\"xs_social_share_widget xs_share_url after_content \t\tmain_content  wslu-style-1 wslu-share-box-shaped wslu-fill-colored wslu-none wslu-share-horizontal wslu-theme-font-no wslu-main_content\">\n\n\t\t\n        <ul>\n\t\t\t        <\/ul>\n    <\/div> \n","protected":false},"excerpt":{"rendered":"<p>La ceinture de squat \u00e0 sangle TG\u20112XX est un \u00e9quipement de gym con\u00e7u pour soutenir les exercices de renforcement du bas du corps sans charger le dos. Cette ceinture convient aux squats avec sangle, tra\u00een\u00e9es de tra\u00eeneau, marches lest\u00e9es et entra\u00eenements au poids du corps avec r\u00e9sistance additionnelle. Elle dispose de coutures renforc\u00e9es, d\u2019un large [&hellip;]<\/p>\n","protected":false},"featured_media":29954,"template":"","meta":{"_acf_changed":false},"product_brand":[56],"product_cat":[826],"product_tag":[977],"class_list":{"0":"post-29953","1":"product","2":"type-product","3":"status-publish","4":"has-post-thumbnail","6":"product_brand-gym-factory","7":"product_cat-accessoires-de-musculation","8":"product_tag-couleur-sans-couleurs","10":"first","11":"instock","12":"taxable","13":"shipping-taxable","14":"purchasable","15":"product-type-simple"},"acf":[],"yoast_head":"<!-- This site is optimized with the Yoast SEO plugin v25.2 - https:\/\/yoast.com\/wordpress\/plugins\/seo\/ -->\n<title>TG-2XX Belt Squat Belt \u2013 Gym Equipment for Strength Training<\/title>\n<meta name=\"description\" content=\"Entra\u00eenez-vous plus intelligemment avec la ceinture de squat \u00e0 sangle TG\u20112XX. Un \u00e9quipement de gym solide et soutenant pour les exercices de renforcement du bas du corps et l\u2019entra\u00eenement au poids du corps en toute s\u00e9curit\u00e9.\" \/>\n<meta name=\"robots\" content=\"index, follow, max-snippet:-1, max-image-preview:large, max-video-preview:-1\" \/>\n<link rel=\"canonical\" href=\"https:\/\/gymfactory.eu\/fr\/produit\/ceinture-de-squat-a-sangle-tg%e2%80%912xx\/\" \/>\n<meta property=\"og:locale\" content=\"fr_FR\" \/>\n<meta property=\"og:type\" content=\"article\" \/>\n<meta property=\"og:title\" content=\"TG-2XX Belt Squat Belt \u2013 Gym Equipment for Strength Training\" \/>\n<meta property=\"og:description\" content=\"Entra\u00eenez-vous plus intelligemment avec la ceinture de squat \u00e0 sangle TG\u20112XX. Un \u00e9quipement de gym solide et soutenant pour les exercices de renforcement du bas du corps et l\u2019entra\u00eenement au poids du corps en toute s\u00e9curit\u00e9.\" \/>\n<meta property=\"og:url\" content=\"https:\/\/gymfactory.eu\/fr\/produit\/ceinture-de-squat-a-sangle-tg%e2%80%912xx\/\" \/>\n<meta property=\"og:site_name\" content=\"Gym Factory\" \/>\n<meta property=\"og:image\" content=\"https:\/\/gymfactory.eu\/wp-content\/uploads\/2025\/04\/TG-2XX-Belt-Squat-Belt-Side-View.webp\" \/>\n\t<meta property=\"og:image:width\" content=\"600\" \/>\n\t<meta property=\"og:image:height\" content=\"600\" \/>\n\t<meta property=\"og:image:type\" content=\"image\/webp\" \/>\n<meta name=\"twitter:card\" content=\"summary_large_image\" \/>\n<meta name=\"twitter:label1\" content=\"Dur\u00e9e de lecture estim\u00e9e\" \/>\n\t<meta name=\"twitter:data1\" content=\"1 minute\" \/>\n<script type=\"application\/ld+json\" class=\"yoast-schema-graph\">{\"@context\":\"https:\/\/schema.org\",\"@graph\":[{\"@type\":\"WebPage\",\"@id\":\"https:\/\/gymfactory.eu\/fr\/produit\/ceinture-de-squat-a-sangle-tg%e2%80%912xx\/\",\"url\":\"https:\/\/gymfactory.eu\/fr\/produit\/ceinture-de-squat-a-sangle-tg%e2%80%912xx\/\",\"name\":\"TG-2XX Belt Squat Belt \u2013 Gym Equipment for Strength Training\",\"isPartOf\":{\"@id\":\"https:\/\/gymfactory.eu\/fr\/#website\"},\"primaryImageOfPage\":{\"@id\":\"https:\/\/gymfactory.eu\/fr\/produit\/ceinture-de-squat-a-sangle-tg%e2%80%912xx\/#primaryimage\"},\"image\":{\"@id\":\"https:\/\/gymfactory.eu\/fr\/produit\/ceinture-de-squat-a-sangle-tg%e2%80%912xx\/#primaryimage\"},\"thumbnailUrl\":\"https:\/\/gymfactory.eu\/wp-content\/uploads\/2025\/04\/TG-2XX-Belt-Squat-Belt-Side-View.webp\",\"datePublished\":\"2025-04-09T07:06:20+00:00\",\"description\":\"Entra\u00eenez-vous plus intelligemment avec la ceinture de squat \u00e0 sangle TG\u20112XX. Un \u00e9quipement de gym solide et soutenant pour les exercices de renforcement du bas du corps et l\u2019entra\u00eenement au poids du corps en toute s\u00e9curit\u00e9.\",\"breadcrumb\":{\"@id\":\"https:\/\/gymfactory.eu\/fr\/produit\/ceinture-de-squat-a-sangle-tg%e2%80%912xx\/#breadcrumb\"},\"inLanguage\":\"fr-FR\",\"potentialAction\":[{\"@type\":\"ReadAction\",\"target\":[\"https:\/\/gymfactory.eu\/fr\/produit\/ceinture-de-squat-a-sangle-tg%e2%80%912xx\/\"]}]},{\"@type\":\"ImageObject\",\"inLanguage\":\"fr-FR\",\"@id\":\"https:\/\/gymfactory.eu\/fr\/produit\/ceinture-de-squat-a-sangle-tg%e2%80%912xx\/#primaryimage\",\"url\":\"https:\/\/gymfactory.eu\/wp-content\/uploads\/2025\/04\/TG-2XX-Belt-Squat-Belt-Side-View.webp\",\"contentUrl\":\"https:\/\/gymfactory.eu\/wp-content\/uploads\/2025\/04\/TG-2XX-Belt-Squat-Belt-Side-View.webp\",\"width\":600,\"height\":600,\"caption\":\"Side profile of the TG-2XX Belt Squat Belt, showing durable construction and adjustable support for strength-training exercises and bodyweight movements.\"},{\"@type\":\"BreadcrumbList\",\"@id\":\"https:\/\/gymfactory.eu\/fr\/produit\/ceinture-de-squat-a-sangle-tg%e2%80%912xx\/#breadcrumb\",\"itemListElement\":[{\"@type\":\"ListItem\",\"position\":1,\"name\":\"Home\",\"item\":\"https:\/\/gymfactory.eu\/fr\/page-principale\/\"},{\"@type\":\"ListItem\",\"position\":2,\"name\":\"Catalogue\",\"item\":\"https:\/\/gymfactory.eu\/fr\/catalogue-2\/\"},{\"@type\":\"ListItem\",\"position\":3,\"name\":\"Ceinture de Squat \u00e0 Sangle TG\u20112XX\"}]},{\"@type\":\"WebSite\",\"@id\":\"https:\/\/gymfactory.eu\/fr\/#website\",\"url\":\"https:\/\/gymfactory.eu\/fr\/\",\"name\":\"Gym Factory\",\"description\":\"\",\"publisher\":{\"@id\":\"https:\/\/gymfactory.eu\/fr\/#organization\"},\"potentialAction\":[{\"@type\":\"SearchAction\",\"target\":{\"@type\":\"EntryPoint\",\"urlTemplate\":\"https:\/\/gymfactory.eu\/fr\/?s={search_term_string}\"},\"query-input\":{\"@type\":\"PropertyValueSpecification\",\"valueRequired\":true,\"valueName\":\"search_term_string\"}}],\"inLanguage\":\"fr-FR\"},{\"@type\":\"Organization\",\"@id\":\"https:\/\/gymfactory.eu\/fr\/#organization\",\"name\":\"Gym Factory\",\"url\":\"https:\/\/gymfactory.eu\/fr\/\",\"logo\":{\"@type\":\"ImageObject\",\"inLanguage\":\"fr-FR\",\"@id\":\"https:\/\/gymfactory.eu\/fr\/#\/schema\/logo\/image\/\",\"url\":\"https:\/\/gymfactory.eu\/wp-content\/uploads\/2024\/11\/Component-1.svg\",\"contentUrl\":\"https:\/\/gymfactory.eu\/wp-content\/uploads\/2024\/11\/Component-1.svg\",\"width\":54,\"height\":44,\"caption\":\"Gym Factory\"},\"image\":{\"@id\":\"https:\/\/gymfactory.eu\/fr\/#\/schema\/logo\/image\/\"}}]}<\/script>\n<!-- \/ Yoast SEO plugin. -->","yoast_head_json":{"title":"TG-2XX Belt Squat Belt \u2013 Gym Equipment for Strength Training","description":"Entra\u00eenez-vous plus intelligemment avec la ceinture de squat \u00e0 sangle TG\u20112XX. Un \u00e9quipement de gym solide et soutenant pour les exercices de renforcement du bas du corps et l\u2019entra\u00eenement au poids du corps en toute s\u00e9curit\u00e9.","robots":{"index":"index","follow":"follow","max-snippet":"max-snippet:-1","max-image-preview":"max-image-preview:large","max-video-preview":"max-video-preview:-1"},"canonical":"https:\/\/gymfactory.eu\/fr\/produit\/ceinture-de-squat-a-sangle-tg%e2%80%912xx\/","og_locale":"fr_FR","og_type":"article","og_title":"TG-2XX Belt Squat Belt \u2013 Gym Equipment for Strength Training","og_description":"Entra\u00eenez-vous plus intelligemment avec la ceinture de squat \u00e0 sangle TG\u20112XX. Un \u00e9quipement de gym solide et soutenant pour les exercices de renforcement du bas du corps et l\u2019entra\u00eenement au poids du corps en toute s\u00e9curit\u00e9.","og_url":"https:\/\/gymfactory.eu\/fr\/produit\/ceinture-de-squat-a-sangle-tg%e2%80%912xx\/","og_site_name":"Gym Factory","og_image":[{"width":600,"height":600,"url":"https:\/\/gymfactory.eu\/wp-content\/uploads\/2025\/04\/TG-2XX-Belt-Squat-Belt-Side-View.webp","type":"image\/webp"}],"twitter_card":"summary_large_image","twitter_misc":{"Dur\u00e9e de lecture estim\u00e9e":"1 minute"},"schema":{"@context":"https:\/\/schema.org","@graph":[{"@type":"WebPage","@id":"https:\/\/gymfactory.eu\/fr\/produit\/ceinture-de-squat-a-sangle-tg%e2%80%912xx\/","url":"https:\/\/gymfactory.eu\/fr\/produit\/ceinture-de-squat-a-sangle-tg%e2%80%912xx\/","name":"TG-2XX Belt Squat Belt \u2013 Gym Equipment for Strength Training","isPartOf":{"@id":"https:\/\/gymfactory.eu\/fr\/#website"},"primaryImageOfPage":{"@id":"https:\/\/gymfactory.eu\/fr\/produit\/ceinture-de-squat-a-sangle-tg%e2%80%912xx\/#primaryimage"},"image":{"@id":"https:\/\/gymfactory.eu\/fr\/produit\/ceinture-de-squat-a-sangle-tg%e2%80%912xx\/#primaryimage"},"thumbnailUrl":"https:\/\/gymfactory.eu\/wp-content\/uploads\/2025\/04\/TG-2XX-Belt-Squat-Belt-Side-View.webp","datePublished":"2025-04-09T07:06:20+00:00","description":"Entra\u00eenez-vous plus intelligemment avec la ceinture de squat \u00e0 sangle TG\u20112XX. Un \u00e9quipement de gym solide et soutenant pour les exercices de renforcement du bas du corps et l\u2019entra\u00eenement au poids du corps en toute s\u00e9curit\u00e9.","breadcrumb":{"@id":"https:\/\/gymfactory.eu\/fr\/produit\/ceinture-de-squat-a-sangle-tg%e2%80%912xx\/#breadcrumb"},"inLanguage":"fr-FR","potentialAction":[{"@type":"ReadAction","target":["https:\/\/gymfactory.eu\/fr\/produit\/ceinture-de-squat-a-sangle-tg%e2%80%912xx\/"]}]},{"@type":"ImageObject","inLanguage":"fr-FR","@id":"https:\/\/gymfactory.eu\/fr\/produit\/ceinture-de-squat-a-sangle-tg%e2%80%912xx\/#primaryimage","url":"https:\/\/gymfactory.eu\/wp-content\/uploads\/2025\/04\/TG-2XX-Belt-Squat-Belt-Side-View.webp","contentUrl":"https:\/\/gymfactory.eu\/wp-content\/uploads\/2025\/04\/TG-2XX-Belt-Squat-Belt-Side-View.webp","width":600,"height":600,"caption":"Side profile of the TG-2XX Belt Squat Belt, showing durable construction and adjustable support for strength-training exercises and bodyweight movements."},{"@type":"BreadcrumbList","@id":"https:\/\/gymfactory.eu\/fr\/produit\/ceinture-de-squat-a-sangle-tg%e2%80%912xx\/#breadcrumb","itemListElement":[{"@type":"ListItem","position":1,"name":"Home","item":"https:\/\/gymfactory.eu\/fr\/page-principale\/"},{"@type":"ListItem","position":2,"name":"Catalogue","item":"https:\/\/gymfactory.eu\/fr\/catalogue-2\/"},{"@type":"ListItem","position":3,"name":"Ceinture de Squat \u00e0 Sangle TG\u20112XX"}]},{"@type":"WebSite","@id":"https:\/\/gymfactory.eu\/fr\/#website","url":"https:\/\/gymfactory.eu\/fr\/","name":"Gym Factory","description":"","publisher":{"@id":"https:\/\/gymfactory.eu\/fr\/#organization"},"potentialAction":[{"@type":"SearchAction","target":{"@type":"EntryPoint","urlTemplate":"https:\/\/gymfactory.eu\/fr\/?s={search_term_string}"},"query-input":{"@type":"PropertyValueSpecification","valueRequired":true,"valueName":"search_term_string"}}],"inLanguage":"fr-FR"},{"@type":"Organization","@id":"https:\/\/gymfactory.eu\/fr\/#organization","name":"Gym Factory","url":"https:\/\/gymfactory.eu\/fr\/","logo":{"@type":"ImageObject","inLanguage":"fr-FR","@id":"https:\/\/gymfactory.eu\/fr\/#\/schema\/logo\/image\/","url":"https:\/\/gymfactory.eu\/wp-content\/uploads\/2024\/11\/Component-1.svg","contentUrl":"https:\/\/gymfactory.eu\/wp-content\/uploads\/2024\/11\/Component-1.svg","width":54,"height":44,"caption":"Gym Factory"},"image":{"@id":"https:\/\/gymfactory.eu\/fr\/#\/schema\/logo\/image\/"}}]}},"_links":{"self":[{"href":"https:\/\/gymfactory.eu\/fr\/wp-json\/wp\/v2\/product\/29953","targetHints":{"allow":["GET"]}}],"collection":[{"href":"https:\/\/gymfactory.eu\/fr\/wp-json\/wp\/v2\/product"}],"about":[{"href":"https:\/\/gymfactory.eu\/fr\/wp-json\/wp\/v2\/types\/product"}],"wp:featuredmedia":[{"embeddable":true,"href":"https:\/\/gymfactory.eu\/fr\/wp-json\/wp\/v2\/media\/29954"}],"wp:attachment":[{"href":"https:\/\/gymfactory.eu\/fr\/wp-json\/wp\/v2\/media?parent=29953"}],"wp:term":[{"taxonomy":"product_brand","embeddable":true,"href":"https:\/\/gymfactory.eu\/fr\/wp-json\/wp\/v2\/product_brand?post=29953"},{"taxonomy":"product_cat","embeddable":true,"href":"https:\/\/gymfactory.eu\/fr\/wp-json\/wp\/v2\/product_cat?post=29953"},{"taxonomy":"product_tag","embeddable":true,"href":"https:\/\/gymfactory.eu\/fr\/wp-json\/wp\/v2\/product_tag?post=29953"}],"curies":[{"name":"wp","href":"https:\/\/api.w.org\/{rel}","templated":true}]}}