{"id":29951,"date":"2025-04-09T09:35:07","date_gmt":"2025-04-09T06:35:07","guid":{"rendered":"https:\/\/gymfactory.eu\/product\/ceinture-de-dips-tg%e2%80%912x-avec-chaine\/"},"modified":"2025-04-09T09:35:07","modified_gmt":"2025-04-09T06:35:07","slug":"ceinture-de-dips-tg%e2%80%912x-avec-chaine","status":"publish","type":"product","link":"https:\/\/gymfactory.eu\/fr\/produit\/ceinture-de-dips-tg%e2%80%912x-avec-chaine\/","title":{"rendered":"Ceinture de Dips TG\u20112X avec Cha\u00eene"},"content":{"rendered":"<p>La ceinture de dips TG\u20112X avec cha\u00eene est un \u00e9quipement de gym con\u00e7u pour ajouter une charge externe aux exercices au poids du corps et de renforcement musculaire. Adapt\u00e9e aux dips, tractions et squats lest\u00e9s, cette ceinture permet la surcharge progressive gr\u00e2ce \u00e0 des poids suppl\u00e9mentaires. <\/p>\n<p>Elle dispose d\u2019une large sangle de soutien et d\u2019une cha\u00eene m\u00e9tallique robuste pour une fixation s\u00e9curis\u00e9e et un chargement \u00e9quilibr\u00e9. La ceinture de dips TG\u20112X avec cha\u00eene est un outil pratique pour d\u00e9velopper la force et augmenter l\u2019intensit\u00e9 lors de mouvements contr\u00f4l\u00e9s sur toute l\u2019amplitude.<\/p>\n\n    <div class=\"xs_social_share_widget xs_share_url after_content \t\tmain_content  wslu-style-1 wslu-share-box-shaped wslu-fill-colored wslu-none wslu-share-horizontal wslu-theme-font-no wslu-main_content\">\n\n\t\t\n        <ul>\n\t\t\t        <\/ul>\n    <\/div> \n","protected":false},"excerpt":{"rendered":"<p>La ceinture de dips TG\u20112X avec cha\u00eene est un \u00e9quipement de gym con\u00e7u pour ajouter une charge externe aux exercices au poids du corps et de renforcement musculaire. Adapt\u00e9e aux dips, tractions et squats lest\u00e9s, cette ceinture permet la surcharge progressive gr\u00e2ce \u00e0 des poids suppl\u00e9mentaires. Elle dispose d\u2019une large sangle de soutien et d\u2019une [&hellip;]<\/p>\n","protected":false},"featured_media":29952,"template":"","meta":{"_acf_changed":false},"product_brand":[56],"product_cat":[826],"product_tag":[977],"class_list":{"0":"post-29951","1":"product","2":"type-product","3":"status-publish","4":"has-post-thumbnail","6":"product_brand-gym-factory","7":"product_cat-accessoires-de-musculation","8":"product_tag-couleur-sans-couleurs","10":"first","11":"instock","12":"taxable","13":"shipping-taxable","14":"purchasable","15":"product-type-simple"},"acf":[],"yoast_head":"<!-- This site is optimized with the Yoast SEO plugin v25.2 - https:\/\/yoast.com\/wordpress\/plugins\/seo\/ -->\n<title>TG-2X Dip Belt With Chain \u2013 Gym Equipment for Strength Training<\/title>\n<meta name=\"description\" content=\"Optimisez vos exercices de renforcement musculaire avec la ceinture de dips TG\u20112X avec cha\u00eene. \u00c9quipement de gym durable et indispensable pour l\u2019entra\u00eenement au poids du corps.\" \/>\n<meta name=\"robots\" content=\"index, follow, max-snippet:-1, max-image-preview:large, max-video-preview:-1\" \/>\n<link rel=\"canonical\" href=\"https:\/\/gymfactory.eu\/fr\/produit\/ceinture-de-dips-tg%e2%80%912x-avec-chaine\/\" \/>\n<meta property=\"og:locale\" content=\"fr_FR\" \/>\n<meta property=\"og:type\" content=\"article\" \/>\n<meta property=\"og:title\" content=\"TG-2X Dip Belt With Chain \u2013 Gym Equipment for Strength Training\" \/>\n<meta property=\"og:description\" content=\"Optimisez vos exercices de renforcement musculaire avec la ceinture de dips TG\u20112X avec cha\u00eene. \u00c9quipement de gym durable et indispensable pour l\u2019entra\u00eenement au poids du corps.\" \/>\n<meta property=\"og:url\" content=\"https:\/\/gymfactory.eu\/fr\/produit\/ceinture-de-dips-tg%e2%80%912x-avec-chaine\/\" \/>\n<meta property=\"og:site_name\" content=\"Gym Factory\" \/>\n<meta property=\"og:image\" content=\"https:\/\/gymfactory.eu\/wp-content\/uploads\/2025\/04\/TG-2-Dip-Belt-With-Chain-1.webp\" \/>\n\t<meta property=\"og:image:width\" content=\"1181\" \/>\n\t<meta property=\"og:image:height\" content=\"1181\" \/>\n\t<meta property=\"og:image:type\" content=\"image\/webp\" \/>\n<meta name=\"twitter:card\" content=\"summary_large_image\" \/>\n<meta name=\"twitter:label1\" content=\"Dur\u00e9e de lecture estim\u00e9e\" \/>\n\t<meta name=\"twitter:data1\" content=\"1 minute\" \/>\n<script type=\"application\/ld+json\" class=\"yoast-schema-graph\">{\"@context\":\"https:\/\/schema.org\",\"@graph\":[{\"@type\":\"WebPage\",\"@id\":\"https:\/\/gymfactory.eu\/fr\/produit\/ceinture-de-dips-tg%e2%80%912x-avec-chaine\/\",\"url\":\"https:\/\/gymfactory.eu\/fr\/produit\/ceinture-de-dips-tg%e2%80%912x-avec-chaine\/\",\"name\":\"TG-2X Dip Belt With Chain \u2013 Gym Equipment for Strength Training\",\"isPartOf\":{\"@id\":\"https:\/\/gymfactory.eu\/fr\/#website\"},\"primaryImageOfPage\":{\"@id\":\"https:\/\/gymfactory.eu\/fr\/produit\/ceinture-de-dips-tg%e2%80%912x-avec-chaine\/#primaryimage\"},\"image\":{\"@id\":\"https:\/\/gymfactory.eu\/fr\/produit\/ceinture-de-dips-tg%e2%80%912x-avec-chaine\/#primaryimage\"},\"thumbnailUrl\":\"https:\/\/gymfactory.eu\/wp-content\/uploads\/2025\/04\/TG-2-Dip-Belt-With-Chain-1.webp\",\"datePublished\":\"2025-04-09T06:35:07+00:00\",\"description\":\"Optimisez vos exercices de renforcement musculaire avec la ceinture de dips TG\u20112X avec cha\u00eene. \u00c9quipement de gym durable et indispensable pour l\u2019entra\u00eenement au poids du corps.\",\"breadcrumb\":{\"@id\":\"https:\/\/gymfactory.eu\/fr\/produit\/ceinture-de-dips-tg%e2%80%912x-avec-chaine\/#breadcrumb\"},\"inLanguage\":\"fr-FR\",\"potentialAction\":[{\"@type\":\"ReadAction\",\"target\":[\"https:\/\/gymfactory.eu\/fr\/produit\/ceinture-de-dips-tg%e2%80%912x-avec-chaine\/\"]}]},{\"@type\":\"ImageObject\",\"inLanguage\":\"fr-FR\",\"@id\":\"https:\/\/gymfactory.eu\/fr\/produit\/ceinture-de-dips-tg%e2%80%912x-avec-chaine\/#primaryimage\",\"url\":\"https:\/\/gymfactory.eu\/wp-content\/uploads\/2025\/04\/TG-2-Dip-Belt-With-Chain-1.webp\",\"contentUrl\":\"https:\/\/gymfactory.eu\/wp-content\/uploads\/2025\/04\/TG-2-Dip-Belt-With-Chain-1.webp\",\"width\":1181,\"height\":1181,\"caption\":\"Black TG-2X Dip Belt with metal chain, designed for strength-training exercises and bodyweight workouts using added resistance, essential gym equipment for advanced training.\"},{\"@type\":\"BreadcrumbList\",\"@id\":\"https:\/\/gymfactory.eu\/fr\/produit\/ceinture-de-dips-tg%e2%80%912x-avec-chaine\/#breadcrumb\",\"itemListElement\":[{\"@type\":\"ListItem\",\"position\":1,\"name\":\"Home\",\"item\":\"https:\/\/gymfactory.eu\/fr\/page-principale\/\"},{\"@type\":\"ListItem\",\"position\":2,\"name\":\"Catalogue\",\"item\":\"https:\/\/gymfactory.eu\/fr\/catalogue-2\/\"},{\"@type\":\"ListItem\",\"position\":3,\"name\":\"Ceinture de Dips TG\u20112X avec Cha\u00eene\"}]},{\"@type\":\"WebSite\",\"@id\":\"https:\/\/gymfactory.eu\/fr\/#website\",\"url\":\"https:\/\/gymfactory.eu\/fr\/\",\"name\":\"Gym Factory\",\"description\":\"\",\"publisher\":{\"@id\":\"https:\/\/gymfactory.eu\/fr\/#organization\"},\"potentialAction\":[{\"@type\":\"SearchAction\",\"target\":{\"@type\":\"EntryPoint\",\"urlTemplate\":\"https:\/\/gymfactory.eu\/fr\/?s={search_term_string}\"},\"query-input\":{\"@type\":\"PropertyValueSpecification\",\"valueRequired\":true,\"valueName\":\"search_term_string\"}}],\"inLanguage\":\"fr-FR\"},{\"@type\":\"Organization\",\"@id\":\"https:\/\/gymfactory.eu\/fr\/#organization\",\"name\":\"Gym Factory\",\"url\":\"https:\/\/gymfactory.eu\/fr\/\",\"logo\":{\"@type\":\"ImageObject\",\"inLanguage\":\"fr-FR\",\"@id\":\"https:\/\/gymfactory.eu\/fr\/#\/schema\/logo\/image\/\",\"url\":\"https:\/\/gymfactory.eu\/wp-content\/uploads\/2024\/11\/Component-1.svg\",\"contentUrl\":\"https:\/\/gymfactory.eu\/wp-content\/uploads\/2024\/11\/Component-1.svg\",\"width\":54,\"height\":44,\"caption\":\"Gym Factory\"},\"image\":{\"@id\":\"https:\/\/gymfactory.eu\/fr\/#\/schema\/logo\/image\/\"}}]}<\/script>\n<!-- \/ Yoast SEO plugin. -->","yoast_head_json":{"title":"TG-2X Dip Belt With Chain \u2013 Gym Equipment for Strength Training","description":"Optimisez vos exercices de renforcement musculaire avec la ceinture de dips TG\u20112X avec cha\u00eene. \u00c9quipement de gym durable et indispensable pour l\u2019entra\u00eenement au poids du corps.","robots":{"index":"index","follow":"follow","max-snippet":"max-snippet:-1","max-image-preview":"max-image-preview:large","max-video-preview":"max-video-preview:-1"},"canonical":"https:\/\/gymfactory.eu\/fr\/produit\/ceinture-de-dips-tg%e2%80%912x-avec-chaine\/","og_locale":"fr_FR","og_type":"article","og_title":"TG-2X Dip Belt With Chain \u2013 Gym Equipment for Strength Training","og_description":"Optimisez vos exercices de renforcement musculaire avec la ceinture de dips TG\u20112X avec cha\u00eene. \u00c9quipement de gym durable et indispensable pour l\u2019entra\u00eenement au poids du corps.","og_url":"https:\/\/gymfactory.eu\/fr\/produit\/ceinture-de-dips-tg%e2%80%912x-avec-chaine\/","og_site_name":"Gym Factory","og_image":[{"width":1181,"height":1181,"url":"https:\/\/gymfactory.eu\/wp-content\/uploads\/2025\/04\/TG-2-Dip-Belt-With-Chain-1.webp","type":"image\/webp"}],"twitter_card":"summary_large_image","twitter_misc":{"Dur\u00e9e de lecture estim\u00e9e":"1 minute"},"schema":{"@context":"https:\/\/schema.org","@graph":[{"@type":"WebPage","@id":"https:\/\/gymfactory.eu\/fr\/produit\/ceinture-de-dips-tg%e2%80%912x-avec-chaine\/","url":"https:\/\/gymfactory.eu\/fr\/produit\/ceinture-de-dips-tg%e2%80%912x-avec-chaine\/","name":"TG-2X Dip Belt With Chain \u2013 Gym Equipment for Strength Training","isPartOf":{"@id":"https:\/\/gymfactory.eu\/fr\/#website"},"primaryImageOfPage":{"@id":"https:\/\/gymfactory.eu\/fr\/produit\/ceinture-de-dips-tg%e2%80%912x-avec-chaine\/#primaryimage"},"image":{"@id":"https:\/\/gymfactory.eu\/fr\/produit\/ceinture-de-dips-tg%e2%80%912x-avec-chaine\/#primaryimage"},"thumbnailUrl":"https:\/\/gymfactory.eu\/wp-content\/uploads\/2025\/04\/TG-2-Dip-Belt-With-Chain-1.webp","datePublished":"2025-04-09T06:35:07+00:00","description":"Optimisez vos exercices de renforcement musculaire avec la ceinture de dips TG\u20112X avec cha\u00eene. \u00c9quipement de gym durable et indispensable pour l\u2019entra\u00eenement au poids du corps.","breadcrumb":{"@id":"https:\/\/gymfactory.eu\/fr\/produit\/ceinture-de-dips-tg%e2%80%912x-avec-chaine\/#breadcrumb"},"inLanguage":"fr-FR","potentialAction":[{"@type":"ReadAction","target":["https:\/\/gymfactory.eu\/fr\/produit\/ceinture-de-dips-tg%e2%80%912x-avec-chaine\/"]}]},{"@type":"ImageObject","inLanguage":"fr-FR","@id":"https:\/\/gymfactory.eu\/fr\/produit\/ceinture-de-dips-tg%e2%80%912x-avec-chaine\/#primaryimage","url":"https:\/\/gymfactory.eu\/wp-content\/uploads\/2025\/04\/TG-2-Dip-Belt-With-Chain-1.webp","contentUrl":"https:\/\/gymfactory.eu\/wp-content\/uploads\/2025\/04\/TG-2-Dip-Belt-With-Chain-1.webp","width":1181,"height":1181,"caption":"Black TG-2X Dip Belt with metal chain, designed for strength-training exercises and bodyweight workouts using added resistance, essential gym equipment for advanced training."},{"@type":"BreadcrumbList","@id":"https:\/\/gymfactory.eu\/fr\/produit\/ceinture-de-dips-tg%e2%80%912x-avec-chaine\/#breadcrumb","itemListElement":[{"@type":"ListItem","position":1,"name":"Home","item":"https:\/\/gymfactory.eu\/fr\/page-principale\/"},{"@type":"ListItem","position":2,"name":"Catalogue","item":"https:\/\/gymfactory.eu\/fr\/catalogue-2\/"},{"@type":"ListItem","position":3,"name":"Ceinture de Dips TG\u20112X avec Cha\u00eene"}]},{"@type":"WebSite","@id":"https:\/\/gymfactory.eu\/fr\/#website","url":"https:\/\/gymfactory.eu\/fr\/","name":"Gym Factory","description":"","publisher":{"@id":"https:\/\/gymfactory.eu\/fr\/#organization"},"potentialAction":[{"@type":"SearchAction","target":{"@type":"EntryPoint","urlTemplate":"https:\/\/gymfactory.eu\/fr\/?s={search_term_string}"},"query-input":{"@type":"PropertyValueSpecification","valueRequired":true,"valueName":"search_term_string"}}],"inLanguage":"fr-FR"},{"@type":"Organization","@id":"https:\/\/gymfactory.eu\/fr\/#organization","name":"Gym Factory","url":"https:\/\/gymfactory.eu\/fr\/","logo":{"@type":"ImageObject","inLanguage":"fr-FR","@id":"https:\/\/gymfactory.eu\/fr\/#\/schema\/logo\/image\/","url":"https:\/\/gymfactory.eu\/wp-content\/uploads\/2024\/11\/Component-1.svg","contentUrl":"https:\/\/gymfactory.eu\/wp-content\/uploads\/2024\/11\/Component-1.svg","width":54,"height":44,"caption":"Gym Factory"},"image":{"@id":"https:\/\/gymfactory.eu\/fr\/#\/schema\/logo\/image\/"}}]}},"_links":{"self":[{"href":"https:\/\/gymfactory.eu\/fr\/wp-json\/wp\/v2\/product\/29951","targetHints":{"allow":["GET"]}}],"collection":[{"href":"https:\/\/gymfactory.eu\/fr\/wp-json\/wp\/v2\/product"}],"about":[{"href":"https:\/\/gymfactory.eu\/fr\/wp-json\/wp\/v2\/types\/product"}],"wp:featuredmedia":[{"embeddable":true,"href":"https:\/\/gymfactory.eu\/fr\/wp-json\/wp\/v2\/media\/29952"}],"wp:attachment":[{"href":"https:\/\/gymfactory.eu\/fr\/wp-json\/wp\/v2\/media?parent=29951"}],"wp:term":[{"taxonomy":"product_brand","embeddable":true,"href":"https:\/\/gymfactory.eu\/fr\/wp-json\/wp\/v2\/product_brand?post=29951"},{"taxonomy":"product_cat","embeddable":true,"href":"https:\/\/gymfactory.eu\/fr\/wp-json\/wp\/v2\/product_cat?post=29951"},{"taxonomy":"product_tag","embeddable":true,"href":"https:\/\/gymfactory.eu\/fr\/wp-json\/wp\/v2\/product_tag?post=29951"}],"curies":[{"name":"wp","href":"https:\/\/api.w.org\/{rel}","templated":true}]}}