{"id":29945,"date":"2025-04-08T15:23:41","date_gmt":"2025-04-08T12:23:41","guid":{"rendered":"https:\/\/gymfactory.eu\/product\/ceinture-de-musculation-tg%e2%80%912\/"},"modified":"2025-04-08T15:23:41","modified_gmt":"2025-04-08T12:23:41","slug":"ceinture-de-musculation-tg%e2%80%912","status":"publish","type":"product","link":"https:\/\/gymfactory.eu\/fr\/produit\/ceinture-de-musculation-tg%e2%80%912\/","title":{"rendered":"Ceinture de Musculation TG\u20112"},"content":{"rendered":"<p>La ceinture de musculation TG\u20112 est un \u00e9quipement de gym con\u00e7u pour soutenir le bas du dos et la sangle abdominale lors des exercices de renforcement musculaire. Elle aide \u00e0 maintenir la stabilit\u00e9 pendant les mouvements de levage, les squats ou les exercices avec barre, r\u00e9duisant la tension et favorisant une meilleure posture. <\/p>\n<p>La ceinture pr\u00e9sente une forme ergonomique et un syst\u00e8me de fermeture ajustable pour un maintien s\u00e9curis\u00e9. Adapt\u00e9e aussi bien aux charges lourdes qu\u2019aux entra\u00eenements au poids du corps n\u00e9cessitant un soutien suppl\u00e9mentaire, la ceinture TG\u20112 est un outil pratique pour un entra\u00eenement contr\u00f4l\u00e9 et efficace.<\/p>\n\n    <div class=\"xs_social_share_widget xs_share_url after_content \t\tmain_content  wslu-style-1 wslu-share-box-shaped wslu-fill-colored wslu-none wslu-share-horizontal wslu-theme-font-no wslu-main_content\">\n\n\t\t\n        <ul>\n\t\t\t        <\/ul>\n    <\/div> \n","protected":false},"excerpt":{"rendered":"<p>La ceinture de musculation TG\u20112 est un \u00e9quipement de gym con\u00e7u pour soutenir le bas du dos et la sangle abdominale lors des exercices de renforcement musculaire. Elle aide \u00e0 maintenir la stabilit\u00e9 pendant les mouvements de levage, les squats ou les exercices avec barre, r\u00e9duisant la tension et favorisant une meilleure posture. La ceinture [&hellip;]<\/p>\n","protected":false},"featured_media":29946,"template":"","meta":{"_acf_changed":false},"product_brand":[56],"product_cat":[826],"product_tag":[977],"class_list":{"0":"post-29945","1":"product","2":"type-product","3":"status-publish","4":"has-post-thumbnail","6":"product_brand-gym-factory","7":"product_cat-accessoires-de-musculation","8":"product_tag-couleur-sans-couleurs","10":"first","11":"instock","12":"taxable","13":"shipping-taxable","14":"purchasable","15":"product-type-variable","16":"has-default-attributes"},"acf":[],"yoast_head":"<!-- This site is optimized with the Yoast SEO plugin v25.2 - https:\/\/yoast.com\/wordpress\/plugins\/seo\/ -->\n<title>Ceinture de Musculation TG\u20112 \u2013 \u00c9quipement de Gym pour Renforcement Musculaire<\/title>\n<meta name=\"description\" content=\"La ceinture TG\u20112 est un \u00e9quipement indispensable pour les entra\u00eenements au poids du corps et les exercices de musculation n\u00e9cessitant stabilit\u00e9 et soutien du tronc.\" \/>\n<meta name=\"robots\" content=\"index, follow, max-snippet:-1, max-image-preview:large, max-video-preview:-1\" \/>\n<link rel=\"canonical\" href=\"https:\/\/gymfactory.eu\/fr\/produit\/ceinture-de-musculation-tg%e2%80%912\/\" \/>\n<meta property=\"og:locale\" content=\"fr_FR\" \/>\n<meta property=\"og:type\" content=\"article\" \/>\n<meta property=\"og:title\" content=\"Ceinture de Musculation TG\u20112 \u2013 \u00c9quipement de Gym pour Renforcement Musculaire\" \/>\n<meta property=\"og:description\" content=\"La ceinture TG\u20112 est un \u00e9quipement indispensable pour les entra\u00eenements au poids du corps et les exercices de musculation n\u00e9cessitant stabilit\u00e9 et soutien du tronc.\" \/>\n<meta property=\"og:url\" content=\"https:\/\/gymfactory.eu\/fr\/produit\/ceinture-de-musculation-tg%e2%80%912\/\" \/>\n<meta property=\"og:site_name\" content=\"Gym Factory\" \/>\n<meta property=\"og:image\" content=\"https:\/\/gymfactory.eu\/wp-content\/uploads\/2025\/04\/TG-2-Weightlifting-belt-1.webp\" \/>\n\t<meta property=\"og:image:width\" content=\"1181\" \/>\n\t<meta property=\"og:image:height\" content=\"1181\" \/>\n\t<meta property=\"og:image:type\" content=\"image\/webp\" \/>\n<meta name=\"twitter:card\" content=\"summary_large_image\" \/>\n<meta name=\"twitter:label1\" content=\"Dur\u00e9e de lecture estim\u00e9e\" \/>\n\t<meta name=\"twitter:data1\" content=\"1 minute\" \/>\n<script type=\"application\/ld+json\" class=\"yoast-schema-graph\">{\"@context\":\"https:\/\/schema.org\",\"@graph\":[{\"@type\":\"WebPage\",\"@id\":\"https:\/\/gymfactory.eu\/fr\/produit\/ceinture-de-musculation-tg%e2%80%912\/\",\"url\":\"https:\/\/gymfactory.eu\/fr\/produit\/ceinture-de-musculation-tg%e2%80%912\/\",\"name\":\"Ceinture de Musculation TG\u20112 \u2013 \u00c9quipement de Gym pour Renforcement Musculaire\",\"isPartOf\":{\"@id\":\"https:\/\/gymfactory.eu\/fr\/#website\"},\"primaryImageOfPage\":{\"@id\":\"https:\/\/gymfactory.eu\/fr\/produit\/ceinture-de-musculation-tg%e2%80%912\/#primaryimage\"},\"image\":{\"@id\":\"https:\/\/gymfactory.eu\/fr\/produit\/ceinture-de-musculation-tg%e2%80%912\/#primaryimage\"},\"thumbnailUrl\":\"https:\/\/gymfactory.eu\/wp-content\/uploads\/2025\/04\/TG-2-Weightlifting-belt-1.webp\",\"datePublished\":\"2025-04-08T12:23:41+00:00\",\"description\":\"La ceinture TG\u20112 est un \u00e9quipement indispensable pour les entra\u00eenements au poids du corps et les exercices de musculation n\u00e9cessitant stabilit\u00e9 et soutien du tronc.\",\"breadcrumb\":{\"@id\":\"https:\/\/gymfactory.eu\/fr\/produit\/ceinture-de-musculation-tg%e2%80%912\/#breadcrumb\"},\"inLanguage\":\"fr-FR\",\"potentialAction\":[{\"@type\":\"ReadAction\",\"target\":[\"https:\/\/gymfactory.eu\/fr\/produit\/ceinture-de-musculation-tg%e2%80%912\/\"]}]},{\"@type\":\"ImageObject\",\"inLanguage\":\"fr-FR\",\"@id\":\"https:\/\/gymfactory.eu\/fr\/produit\/ceinture-de-musculation-tg%e2%80%912\/#primaryimage\",\"url\":\"https:\/\/gymfactory.eu\/wp-content\/uploads\/2025\/04\/TG-2-Weightlifting-belt-1.webp\",\"contentUrl\":\"https:\/\/gymfactory.eu\/wp-content\/uploads\/2025\/04\/TG-2-Weightlifting-belt-1.webp\",\"width\":1181,\"height\":1181,\"caption\":\"Black TG-2 Weightlifting Belt with ergonomic design and secure fastening, ideal gym equipment for strength-training exercises and bodyweight training support.\"},{\"@type\":\"BreadcrumbList\",\"@id\":\"https:\/\/gymfactory.eu\/fr\/produit\/ceinture-de-musculation-tg%e2%80%912\/#breadcrumb\",\"itemListElement\":[{\"@type\":\"ListItem\",\"position\":1,\"name\":\"Home\",\"item\":\"https:\/\/gymfactory.eu\/fr\/page-principale\/\"},{\"@type\":\"ListItem\",\"position\":2,\"name\":\"Catalogue\",\"item\":\"https:\/\/gymfactory.eu\/fr\/catalogue-2\/\"},{\"@type\":\"ListItem\",\"position\":3,\"name\":\"Ceinture de Musculation TG\u20112\"}]},{\"@type\":\"WebSite\",\"@id\":\"https:\/\/gymfactory.eu\/fr\/#website\",\"url\":\"https:\/\/gymfactory.eu\/fr\/\",\"name\":\"Gym Factory\",\"description\":\"\",\"publisher\":{\"@id\":\"https:\/\/gymfactory.eu\/fr\/#organization\"},\"potentialAction\":[{\"@type\":\"SearchAction\",\"target\":{\"@type\":\"EntryPoint\",\"urlTemplate\":\"https:\/\/gymfactory.eu\/fr\/?s={search_term_string}\"},\"query-input\":{\"@type\":\"PropertyValueSpecification\",\"valueRequired\":true,\"valueName\":\"search_term_string\"}}],\"inLanguage\":\"fr-FR\"},{\"@type\":\"Organization\",\"@id\":\"https:\/\/gymfactory.eu\/fr\/#organization\",\"name\":\"Gym Factory\",\"url\":\"https:\/\/gymfactory.eu\/fr\/\",\"logo\":{\"@type\":\"ImageObject\",\"inLanguage\":\"fr-FR\",\"@id\":\"https:\/\/gymfactory.eu\/fr\/#\/schema\/logo\/image\/\",\"url\":\"https:\/\/gymfactory.eu\/wp-content\/uploads\/2024\/11\/Component-1.svg\",\"contentUrl\":\"https:\/\/gymfactory.eu\/wp-content\/uploads\/2024\/11\/Component-1.svg\",\"width\":54,\"height\":44,\"caption\":\"Gym Factory\"},\"image\":{\"@id\":\"https:\/\/gymfactory.eu\/fr\/#\/schema\/logo\/image\/\"}}]}<\/script>\n<!-- \/ Yoast SEO plugin. -->","yoast_head_json":{"title":"Ceinture de Musculation TG\u20112 \u2013 \u00c9quipement de Gym pour Renforcement Musculaire","description":"La ceinture TG\u20112 est un \u00e9quipement indispensable pour les entra\u00eenements au poids du corps et les exercices de musculation n\u00e9cessitant stabilit\u00e9 et soutien du tronc.","robots":{"index":"index","follow":"follow","max-snippet":"max-snippet:-1","max-image-preview":"max-image-preview:large","max-video-preview":"max-video-preview:-1"},"canonical":"https:\/\/gymfactory.eu\/fr\/produit\/ceinture-de-musculation-tg%e2%80%912\/","og_locale":"fr_FR","og_type":"article","og_title":"Ceinture de Musculation TG\u20112 \u2013 \u00c9quipement de Gym pour Renforcement Musculaire","og_description":"La ceinture TG\u20112 est un \u00e9quipement indispensable pour les entra\u00eenements au poids du corps et les exercices de musculation n\u00e9cessitant stabilit\u00e9 et soutien du tronc.","og_url":"https:\/\/gymfactory.eu\/fr\/produit\/ceinture-de-musculation-tg%e2%80%912\/","og_site_name":"Gym Factory","og_image":[{"width":1181,"height":1181,"url":"https:\/\/gymfactory.eu\/wp-content\/uploads\/2025\/04\/TG-2-Weightlifting-belt-1.webp","type":"image\/webp"}],"twitter_card":"summary_large_image","twitter_misc":{"Dur\u00e9e de lecture estim\u00e9e":"1 minute"},"schema":{"@context":"https:\/\/schema.org","@graph":[{"@type":"WebPage","@id":"https:\/\/gymfactory.eu\/fr\/produit\/ceinture-de-musculation-tg%e2%80%912\/","url":"https:\/\/gymfactory.eu\/fr\/produit\/ceinture-de-musculation-tg%e2%80%912\/","name":"Ceinture de Musculation TG\u20112 \u2013 \u00c9quipement de Gym pour Renforcement Musculaire","isPartOf":{"@id":"https:\/\/gymfactory.eu\/fr\/#website"},"primaryImageOfPage":{"@id":"https:\/\/gymfactory.eu\/fr\/produit\/ceinture-de-musculation-tg%e2%80%912\/#primaryimage"},"image":{"@id":"https:\/\/gymfactory.eu\/fr\/produit\/ceinture-de-musculation-tg%e2%80%912\/#primaryimage"},"thumbnailUrl":"https:\/\/gymfactory.eu\/wp-content\/uploads\/2025\/04\/TG-2-Weightlifting-belt-1.webp","datePublished":"2025-04-08T12:23:41+00:00","description":"La ceinture TG\u20112 est un \u00e9quipement indispensable pour les entra\u00eenements au poids du corps et les exercices de musculation n\u00e9cessitant stabilit\u00e9 et soutien du tronc.","breadcrumb":{"@id":"https:\/\/gymfactory.eu\/fr\/produit\/ceinture-de-musculation-tg%e2%80%912\/#breadcrumb"},"inLanguage":"fr-FR","potentialAction":[{"@type":"ReadAction","target":["https:\/\/gymfactory.eu\/fr\/produit\/ceinture-de-musculation-tg%e2%80%912\/"]}]},{"@type":"ImageObject","inLanguage":"fr-FR","@id":"https:\/\/gymfactory.eu\/fr\/produit\/ceinture-de-musculation-tg%e2%80%912\/#primaryimage","url":"https:\/\/gymfactory.eu\/wp-content\/uploads\/2025\/04\/TG-2-Weightlifting-belt-1.webp","contentUrl":"https:\/\/gymfactory.eu\/wp-content\/uploads\/2025\/04\/TG-2-Weightlifting-belt-1.webp","width":1181,"height":1181,"caption":"Black TG-2 Weightlifting Belt with ergonomic design and secure fastening, ideal gym equipment for strength-training exercises and bodyweight training support."},{"@type":"BreadcrumbList","@id":"https:\/\/gymfactory.eu\/fr\/produit\/ceinture-de-musculation-tg%e2%80%912\/#breadcrumb","itemListElement":[{"@type":"ListItem","position":1,"name":"Home","item":"https:\/\/gymfactory.eu\/fr\/page-principale\/"},{"@type":"ListItem","position":2,"name":"Catalogue","item":"https:\/\/gymfactory.eu\/fr\/catalogue-2\/"},{"@type":"ListItem","position":3,"name":"Ceinture de Musculation TG\u20112"}]},{"@type":"WebSite","@id":"https:\/\/gymfactory.eu\/fr\/#website","url":"https:\/\/gymfactory.eu\/fr\/","name":"Gym Factory","description":"","publisher":{"@id":"https:\/\/gymfactory.eu\/fr\/#organization"},"potentialAction":[{"@type":"SearchAction","target":{"@type":"EntryPoint","urlTemplate":"https:\/\/gymfactory.eu\/fr\/?s={search_term_string}"},"query-input":{"@type":"PropertyValueSpecification","valueRequired":true,"valueName":"search_term_string"}}],"inLanguage":"fr-FR"},{"@type":"Organization","@id":"https:\/\/gymfactory.eu\/fr\/#organization","name":"Gym Factory","url":"https:\/\/gymfactory.eu\/fr\/","logo":{"@type":"ImageObject","inLanguage":"fr-FR","@id":"https:\/\/gymfactory.eu\/fr\/#\/schema\/logo\/image\/","url":"https:\/\/gymfactory.eu\/wp-content\/uploads\/2024\/11\/Component-1.svg","contentUrl":"https:\/\/gymfactory.eu\/wp-content\/uploads\/2024\/11\/Component-1.svg","width":54,"height":44,"caption":"Gym Factory"},"image":{"@id":"https:\/\/gymfactory.eu\/fr\/#\/schema\/logo\/image\/"}}]}},"_links":{"self":[{"href":"https:\/\/gymfactory.eu\/fr\/wp-json\/wp\/v2\/product\/29945","targetHints":{"allow":["GET"]}}],"collection":[{"href":"https:\/\/gymfactory.eu\/fr\/wp-json\/wp\/v2\/product"}],"about":[{"href":"https:\/\/gymfactory.eu\/fr\/wp-json\/wp\/v2\/types\/product"}],"wp:featuredmedia":[{"embeddable":true,"href":"https:\/\/gymfactory.eu\/fr\/wp-json\/wp\/v2\/media\/29946"}],"wp:attachment":[{"href":"https:\/\/gymfactory.eu\/fr\/wp-json\/wp\/v2\/media?parent=29945"}],"wp:term":[{"taxonomy":"product_brand","embeddable":true,"href":"https:\/\/gymfactory.eu\/fr\/wp-json\/wp\/v2\/product_brand?post=29945"},{"taxonomy":"product_cat","embeddable":true,"href":"https:\/\/gymfactory.eu\/fr\/wp-json\/wp\/v2\/product_cat?post=29945"},{"taxonomy":"product_tag","embeddable":true,"href":"https:\/\/gymfactory.eu\/fr\/wp-json\/wp\/v2\/product_tag?post=29945"}],"curies":[{"name":"wp","href":"https:\/\/api.w.org\/{rel}","templated":true}]}}